{"id":10565,"date":"2023-12-07T13:38:40","date_gmt":"2023-12-07T16:38:40","guid":{"rendered":"https:\/\/actbr.com.br\/?post_type=product&#038;p=10565"},"modified":"2023-12-08T10:43:46","modified_gmt":"2023-12-08T13:43:46","slug":"bomba-de-palhetas-de-deslocamento-fixo-45vq-60a-1c22r","status":"publish","type":"product","link":"https:\/\/actbr.com.br\/en\/produto\/bomba-de-palhetas-de-deslocamento-fixo-45vq-60a-1c22r\/","title":{"rendered":"Bomba de Palhetas de Deslocamento Fixo 45VQ-60A-1C22R"},"content":{"rendered":"<p><strong>Bomba de Palhetas de Deslocamento Fixo 45VQ-60A-1C22R<\/strong><\/p>\n<p>As Bombas de Palhetas de Deslocamento Fixo ACT padr\u00e3o VQ combinam pot\u00eancia, alta efici\u00eancia e facilidade de manuten\u00e7\u00e3o.<\/p>\n<p>As bombas de palhetas hidr\u00e1ulicas s\u00e3o amplamente utilizadas em equipamentos pesados, m\u00e1quinas de minera\u00e7\u00e3o, m\u00e1quinas de borracha e pl\u00e1stico, m\u00e1quinas de sapatos, m\u00e1quinas metal\u00fargicas, m\u00e1quinas de corte de metal e outros tipos de sistemas hidr\u00e1ulicos.<\/p>\n<p>Nosso projeto conta com mecanismo de auto compensa\u00e7\u00e3o de desgastes e folgas das palhetas, proporcionando ao sistema \u00f3tima efici\u00eancia volum\u00e9trica durante a vida \u00fatil (estabilidade volum\u00e9trica).<\/p>\n<p><strong>Caracter\u00edsticas:<\/strong><\/p>\n<p>Bomba da s\u00e9rie: 45VQ;<br \/>\nVaz\u00e3o em gal\u00f5es por minuto a 1200 rpm e 100 psi: 60 (gal\u00f5es por minuto);<br \/>\nDeslocamento volum\u00e9trico em cc\/revolu\u00e7\u00e3o: 193,4 (cc\/revolu\u00e7\u00e3o);<br \/>\nRota\u00e7\u00e3o M\u00e1xima = 2200 rpm;<br \/>\nPress\u00e3o M\u00e1xima = 175 bar &#8211; 2500 psi;<br \/>\nPeso: 34,1 kg;<br \/>\nFlange = SAE C;<br \/>\nEixo = 31,75;<br \/>\nSuc\u00e7\u00e3o = FLANGE SAE;<br \/>\nPress\u00e3o = FLANGE SAE;<\/p>\n<p>Alta efici\u00eancia volum\u00e9trica;<br \/>\nAltas velocidades de opera\u00e7\u00e3o;<br \/>\nPlacas flex\u00edveis de lat\u00e3o com press\u00e3o balanceada;<br \/>\nVers\u00e1til e Compacto;<br \/>\nTolerante a contaminantes;<\/p>\n","protected":false},"excerpt":{"rendered":"<p>As Bombas de Palhetas de Deslocamento Fixo ACT padr\u00e3o VQ combinam pot\u00eancia, alta efici\u00eancia e facilidade de manuten\u00e7\u00e3o.<\/p>\n<p>As bombas de palhetas hidr\u00e1ulicas s\u00e3o amplamente utilizadas em equipamentos pesados, m\u00e1quinas de minera\u00e7\u00e3o, m\u00e1quinas de borracha e pl\u00e1stico, m\u00e1quinas de sapatos, m\u00e1quinas metal\u00fargicas, m\u00e1quinas de corte de metal e outros tipos de sistemas hidr\u00e1ulicos.<\/p>\n<p>Nosso projeto conta com mecanismo de auto compensa\u00e7\u00e3o de desgastes e folgas das palhetas, proporcionando ao sistema \u00f3tima efici\u00eancia volum\u00e9trica durante a vida \u00fatil (estabilidade volum\u00e9trica).<\/p>\n","protected":false},"featured_media":10556,"template":"","meta":[],"product_brand":[],"product_cat":[119,28],"product_tag":[],"class_list":{"0":"post-10565","1":"product","2":"type-product","3":"status-publish","4":"has-post-thumbnail","6":"product_cat-bombas-de-palhetas","7":"product_cat-bombas-hidraulicas","9":"first","10":"instock","11":"shipping-taxable","12":"product-type-simple"},"yoast_head":"<!-- This site is optimized with the Yoast SEO plugin v27.5 - https:\/\/yoast.com\/product\/yoast-seo-wordpress\/ -->\n<title>Bomba de Palhetas de Deslocamento Fixo 45VQ-60A-1C22R - ACT Sistemas Hidr\u00e1ulicos<\/title>\n<meta name=\"robots\" content=\"index, follow, max-snippet:-1, max-image-preview:large, max-video-preview:-1\" \/>\n<link rel=\"canonical\" href=\"https:\/\/actbr.com.br\/en\/produto\/bomba-de-palhetas-de-deslocamento-fixo-45vq-60a-1c22r\/\" \/>\n<meta property=\"og:locale\" content=\"en_US\" \/>\n<meta property=\"og:type\" content=\"article\" \/>\n<meta property=\"og:title\" content=\"Bomba de Palhetas de Deslocamento Fixo 45VQ-60A-1C22R - ACT Sistemas Hidr\u00e1ulicos\" \/>\n<meta property=\"og:description\" content=\"As Bombas de Palhetas de Deslocamento Fixo ACT padr\u00e3o VQ combinam pot\u00eancia, alta efici\u00eancia e facilidade de manuten\u00e7\u00e3o.  As bombas de palhetas hidr\u00e1ulicas s\u00e3o amplamente utilizadas em equipamentos pesados, m\u00e1quinas de minera\u00e7\u00e3o, m\u00e1quinas de borracha e pl\u00e1stico, m\u00e1quinas de sapatos, m\u00e1quinas metal\u00fargicas, m\u00e1quinas de corte de metal e outros tipos de sistemas hidr\u00e1ulicos.  Nosso projeto conta com mecanismo de auto compensa\u00e7\u00e3o de desgastes e folgas das palhetas, proporcionando ao sistema \u00f3tima efici\u00eancia volum\u00e9trica durante a vida \u00fatil (estabilidade volum\u00e9trica).\" \/>\n<meta property=\"og:url\" content=\"https:\/\/actbr.com.br\/en\/produto\/bomba-de-palhetas-de-deslocamento-fixo-45vq-60a-1c22r\/\" \/>\n<meta property=\"og:site_name\" content=\"ACT Sistemas Hidr\u00e1ulicos\" \/>\n<meta property=\"article:modified_time\" content=\"2023-12-08T13:43:46+00:00\" \/>\n<meta property=\"og:image\" content=\"https:\/\/actbr.com.br\/wp-content\/uploads\/2023\/12\/35vq-bomba-de-palhetas-fixa-padrao-vickers.jpg\" \/>\n\t<meta property=\"og:image:width\" content=\"1920\" \/>\n\t<meta property=\"og:image:height\" content=\"1281\" \/>\n\t<meta property=\"og:image:type\" content=\"image\/jpeg\" \/>\n<meta name=\"twitter:card\" content=\"summary_large_image\" \/>\n<meta name=\"twitter:label1\" content=\"Est. reading time\" \/>\n\t<meta name=\"twitter:data1\" content=\"1 minute\" \/>\n<script type=\"application\/ld+json\" class=\"yoast-schema-graph\">{\"@context\":\"https:\\\/\\\/schema.org\",\"@graph\":[{\"@type\":\"WebPage\",\"@id\":\"https:\\\/\\\/actbr.com.br\\\/en\\\/produto\\\/bomba-de-palhetas-de-deslocamento-fixo-45vq-60a-1c22r\\\/\",\"url\":\"https:\\\/\\\/actbr.com.br\\\/en\\\/produto\\\/bomba-de-palhetas-de-deslocamento-fixo-45vq-60a-1c22r\\\/\",\"name\":\"Bomba de Palhetas de Deslocamento Fixo 45VQ-60A-1C22R - ACT Sistemas Hidr\u00e1ulicos\",\"isPartOf\":{\"@id\":\"https:\\\/\\\/actbr.com.br\\\/en\\\/#website\"},\"primaryImageOfPage\":{\"@id\":\"https:\\\/\\\/actbr.com.br\\\/en\\\/produto\\\/bomba-de-palhetas-de-deslocamento-fixo-45vq-60a-1c22r\\\/#primaryimage\"},\"image\":{\"@id\":\"https:\\\/\\\/actbr.com.br\\\/en\\\/produto\\\/bomba-de-palhetas-de-deslocamento-fixo-45vq-60a-1c22r\\\/#primaryimage\"},\"thumbnailUrl\":\"https:\\\/\\\/actbr.com.br\\\/wp-content\\\/uploads\\\/2023\\\/12\\\/35vq-bomba-de-palhetas-fixa-padrao-vickers.jpg\",\"datePublished\":\"2023-12-07T16:38:40+00:00\",\"dateModified\":\"2023-12-08T13:43:46+00:00\",\"breadcrumb\":{\"@id\":\"https:\\\/\\\/actbr.com.br\\\/en\\\/produto\\\/bomba-de-palhetas-de-deslocamento-fixo-45vq-60a-1c22r\\\/#breadcrumb\"},\"inLanguage\":\"en-US\",\"potentialAction\":[{\"@type\":\"ReadAction\",\"target\":[\"https:\\\/\\\/actbr.com.br\\\/en\\\/produto\\\/bomba-de-palhetas-de-deslocamento-fixo-45vq-60a-1c22r\\\/\"]}]},{\"@type\":\"ImageObject\",\"inLanguage\":\"en-US\",\"@id\":\"https:\\\/\\\/actbr.com.br\\\/en\\\/produto\\\/bomba-de-palhetas-de-deslocamento-fixo-45vq-60a-1c22r\\\/#primaryimage\",\"url\":\"https:\\\/\\\/actbr.com.br\\\/wp-content\\\/uploads\\\/2023\\\/12\\\/35vq-bomba-de-palhetas-fixa-padrao-vickers.jpg\",\"contentUrl\":\"https:\\\/\\\/actbr.com.br\\\/wp-content\\\/uploads\\\/2023\\\/12\\\/35vq-bomba-de-palhetas-fixa-padrao-vickers.jpg\",\"width\":1920,\"height\":1281},{\"@type\":\"BreadcrumbList\",\"@id\":\"https:\\\/\\\/actbr.com.br\\\/en\\\/produto\\\/bomba-de-palhetas-de-deslocamento-fixo-45vq-60a-1c22r\\\/#breadcrumb\",\"itemListElement\":[{\"@type\":\"ListItem\",\"position\":1,\"name\":\"In\u00edcio\",\"item\":\"https:\\\/\\\/actbr.com.br\\\/en\\\/\"},{\"@type\":\"ListItem\",\"position\":2,\"name\":\"Produtos\",\"item\":\"https:\\\/\\\/actbr.com.br\\\/produtos-act\\\/\"},{\"@type\":\"ListItem\",\"position\":3,\"name\":\"Bombas Hidr\u00e1ulicas\",\"item\":\"https:\\\/\\\/actbr.com.br\\\/en\\\/categoria-produto\\\/bombas-hidraulicas\\\/\"},{\"@type\":\"ListItem\",\"position\":4,\"name\":\"Bomba de Palhetas de Deslocamento Fixo 45VQ-60A-1C22R\"}]},{\"@type\":\"WebSite\",\"@id\":\"https:\\\/\\\/actbr.com.br\\\/en\\\/#website\",\"url\":\"https:\\\/\\\/actbr.com.br\\\/en\\\/\",\"name\":\"ACT Sistemas Hidr\u00e1ulicos\",\"description\":\"Fabrica\u00e7\u00e3o e manuten\u00e7\u00e3o de componentes \u00f3leo hidr\u00e1ulicos\",\"publisher\":{\"@id\":\"https:\\\/\\\/actbr.com.br\\\/en\\\/#organization\"},\"potentialAction\":[{\"@type\":\"SearchAction\",\"target\":{\"@type\":\"EntryPoint\",\"urlTemplate\":\"https:\\\/\\\/actbr.com.br\\\/en\\\/?s={search_term_string}\"},\"query-input\":{\"@type\":\"PropertyValueSpecification\",\"valueRequired\":true,\"valueName\":\"search_term_string\"}}],\"inLanguage\":\"en-US\"},{\"@type\":\"Organization\",\"@id\":\"https:\\\/\\\/actbr.com.br\\\/en\\\/#organization\",\"name\":\"ACT Sistemas Hidr\u00e1ulicos\",\"url\":\"https:\\\/\\\/actbr.com.br\\\/en\\\/\",\"logo\":{\"@type\":\"ImageObject\",\"inLanguage\":\"en-US\",\"@id\":\"https:\\\/\\\/actbr.com.br\\\/en\\\/#\\\/schema\\\/logo\\\/image\\\/\",\"url\":\"https:\\\/\\\/actbr.com.br\\\/wp-content\\\/uploads\\\/2025\\\/02\\\/cropped-ACT_NEGATIVO-marca-dagua.png\",\"contentUrl\":\"https:\\\/\\\/actbr.com.br\\\/wp-content\\\/uploads\\\/2025\\\/02\\\/cropped-ACT_NEGATIVO-marca-dagua.png\",\"width\":240,\"height\":146,\"caption\":\"ACT Sistemas Hidr\u00e1ulicos\"},\"image\":{\"@id\":\"https:\\\/\\\/actbr.com.br\\\/en\\\/#\\\/schema\\\/logo\\\/image\\\/\"}}]}<\/script>\n<!-- \/ Yoast SEO plugin. -->","yoast_head_json":{"title":"Bomba de Palhetas de Deslocamento Fixo 45VQ-60A-1C22R - ACT Sistemas Hidr\u00e1ulicos","robots":{"index":"index","follow":"follow","max-snippet":"max-snippet:-1","max-image-preview":"max-image-preview:large","max-video-preview":"max-video-preview:-1"},"canonical":"https:\/\/actbr.com.br\/en\/produto\/bomba-de-palhetas-de-deslocamento-fixo-45vq-60a-1c22r\/","og_locale":"en_US","og_type":"article","og_title":"Bomba de Palhetas de Deslocamento Fixo 45VQ-60A-1C22R - ACT Sistemas Hidr\u00e1ulicos","og_description":"As Bombas de Palhetas de Deslocamento Fixo ACT padr\u00e3o VQ combinam pot\u00eancia, alta efici\u00eancia e facilidade de manuten\u00e7\u00e3o.  As bombas de palhetas hidr\u00e1ulicas s\u00e3o amplamente utilizadas em equipamentos pesados, m\u00e1quinas de minera\u00e7\u00e3o, m\u00e1quinas de borracha e pl\u00e1stico, m\u00e1quinas de sapatos, m\u00e1quinas metal\u00fargicas, m\u00e1quinas de corte de metal e outros tipos de sistemas hidr\u00e1ulicos.  Nosso projeto conta com mecanismo de auto compensa\u00e7\u00e3o de desgastes e folgas das palhetas, proporcionando ao sistema \u00f3tima efici\u00eancia volum\u00e9trica durante a vida \u00fatil (estabilidade volum\u00e9trica).","og_url":"https:\/\/actbr.com.br\/en\/produto\/bomba-de-palhetas-de-deslocamento-fixo-45vq-60a-1c22r\/","og_site_name":"ACT Sistemas Hidr\u00e1ulicos","article_modified_time":"2023-12-08T13:43:46+00:00","og_image":[{"width":1920,"height":1281,"url":"https:\/\/actbr.com.br\/wp-content\/uploads\/2023\/12\/35vq-bomba-de-palhetas-fixa-padrao-vickers.jpg","type":"image\/jpeg"}],"twitter_card":"summary_large_image","twitter_misc":{"Est. reading time":"1 minute"},"schema":{"@context":"https:\/\/schema.org","@graph":[{"@type":"WebPage","@id":"https:\/\/actbr.com.br\/en\/produto\/bomba-de-palhetas-de-deslocamento-fixo-45vq-60a-1c22r\/","url":"https:\/\/actbr.com.br\/en\/produto\/bomba-de-palhetas-de-deslocamento-fixo-45vq-60a-1c22r\/","name":"Bomba de Palhetas de Deslocamento Fixo 45VQ-60A-1C22R - ACT Sistemas Hidr\u00e1ulicos","isPartOf":{"@id":"https:\/\/actbr.com.br\/en\/#website"},"primaryImageOfPage":{"@id":"https:\/\/actbr.com.br\/en\/produto\/bomba-de-palhetas-de-deslocamento-fixo-45vq-60a-1c22r\/#primaryimage"},"image":{"@id":"https:\/\/actbr.com.br\/en\/produto\/bomba-de-palhetas-de-deslocamento-fixo-45vq-60a-1c22r\/#primaryimage"},"thumbnailUrl":"https:\/\/actbr.com.br\/wp-content\/uploads\/2023\/12\/35vq-bomba-de-palhetas-fixa-padrao-vickers.jpg","datePublished":"2023-12-07T16:38:40+00:00","dateModified":"2023-12-08T13:43:46+00:00","breadcrumb":{"@id":"https:\/\/actbr.com.br\/en\/produto\/bomba-de-palhetas-de-deslocamento-fixo-45vq-60a-1c22r\/#breadcrumb"},"inLanguage":"en-US","potentialAction":[{"@type":"ReadAction","target":["https:\/\/actbr.com.br\/en\/produto\/bomba-de-palhetas-de-deslocamento-fixo-45vq-60a-1c22r\/"]}]},{"@type":"ImageObject","inLanguage":"en-US","@id":"https:\/\/actbr.com.br\/en\/produto\/bomba-de-palhetas-de-deslocamento-fixo-45vq-60a-1c22r\/#primaryimage","url":"https:\/\/actbr.com.br\/wp-content\/uploads\/2023\/12\/35vq-bomba-de-palhetas-fixa-padrao-vickers.jpg","contentUrl":"https:\/\/actbr.com.br\/wp-content\/uploads\/2023\/12\/35vq-bomba-de-palhetas-fixa-padrao-vickers.jpg","width":1920,"height":1281},{"@type":"BreadcrumbList","@id":"https:\/\/actbr.com.br\/en\/produto\/bomba-de-palhetas-de-deslocamento-fixo-45vq-60a-1c22r\/#breadcrumb","itemListElement":[{"@type":"ListItem","position":1,"name":"In\u00edcio","item":"https:\/\/actbr.com.br\/en\/"},{"@type":"ListItem","position":2,"name":"Produtos","item":"https:\/\/actbr.com.br\/produtos-act\/"},{"@type":"ListItem","position":3,"name":"Bombas Hidr\u00e1ulicas","item":"https:\/\/actbr.com.br\/en\/categoria-produto\/bombas-hidraulicas\/"},{"@type":"ListItem","position":4,"name":"Bomba de Palhetas de Deslocamento Fixo 45VQ-60A-1C22R"}]},{"@type":"WebSite","@id":"https:\/\/actbr.com.br\/en\/#website","url":"https:\/\/actbr.com.br\/en\/","name":"ACT Sistemas Hidr\u00e1ulicos","description":"Fabrica\u00e7\u00e3o e manuten\u00e7\u00e3o de componentes \u00f3leo hidr\u00e1ulicos","publisher":{"@id":"https:\/\/actbr.com.br\/en\/#organization"},"potentialAction":[{"@type":"SearchAction","target":{"@type":"EntryPoint","urlTemplate":"https:\/\/actbr.com.br\/en\/?s={search_term_string}"},"query-input":{"@type":"PropertyValueSpecification","valueRequired":true,"valueName":"search_term_string"}}],"inLanguage":"en-US"},{"@type":"Organization","@id":"https:\/\/actbr.com.br\/en\/#organization","name":"ACT Sistemas Hidr\u00e1ulicos","url":"https:\/\/actbr.com.br\/en\/","logo":{"@type":"ImageObject","inLanguage":"en-US","@id":"https:\/\/actbr.com.br\/en\/#\/schema\/logo\/image\/","url":"https:\/\/actbr.com.br\/wp-content\/uploads\/2025\/02\/cropped-ACT_NEGATIVO-marca-dagua.png","contentUrl":"https:\/\/actbr.com.br\/wp-content\/uploads\/2025\/02\/cropped-ACT_NEGATIVO-marca-dagua.png","width":240,"height":146,"caption":"ACT Sistemas Hidr\u00e1ulicos"},"image":{"@id":"https:\/\/actbr.com.br\/en\/#\/schema\/logo\/image\/"}}]}},"_links":{"self":[{"href":"https:\/\/actbr.com.br\/en\/wp-json\/wp\/v2\/product\/10565","targetHints":{"allow":["GET"]}}],"collection":[{"href":"https:\/\/actbr.com.br\/en\/wp-json\/wp\/v2\/product"}],"about":[{"href":"https:\/\/actbr.com.br\/en\/wp-json\/wp\/v2\/types\/product"}],"wp:featuredmedia":[{"embeddable":true,"href":"https:\/\/actbr.com.br\/en\/wp-json\/wp\/v2\/media\/10556"}],"wp:attachment":[{"href":"https:\/\/actbr.com.br\/en\/wp-json\/wp\/v2\/media?parent=10565"}],"wp:term":[{"taxonomy":"product_brand","embeddable":true,"href":"https:\/\/actbr.com.br\/en\/wp-json\/wp\/v2\/product_brand?post=10565"},{"taxonomy":"product_cat","embeddable":true,"href":"https:\/\/actbr.com.br\/en\/wp-json\/wp\/v2\/product_cat?post=10565"},{"taxonomy":"product_tag","embeddable":true,"href":"https:\/\/actbr.com.br\/en\/wp-json\/wp\/v2\/product_tag?post=10565"}],"curies":[{"name":"wp","href":"https:\/\/api.w.org\/{rel}","templated":true}]}}