{"id":10694,"date":"2023-12-11T16:20:59","date_gmt":"2023-12-11T19:20:59","guid":{"rendered":"https:\/\/actbr.com.br\/?post_type=product&#038;p=10694"},"modified":"2023-12-11T16:39:33","modified_gmt":"2023-12-11T19:39:33","slug":"bomba-de-pistoes-radiais-atos-pfr-203","status":"publish","type":"product","link":"https:\/\/actbr.com.br\/en\/produto\/bomba-de-pistoes-radiais-atos-pfr-203\/","title":{"rendered":"Bomba de Pist\u00f5es Radiais ATOS \u2013 PFR-203"},"content":{"rendered":"<p><strong>Bomba de Pist\u00f5es Radiais ATOS \u2013 PFR-203<\/strong><\/p>\n<p>A Bomba de Pist\u00f5es Radiais ATOS s\u00e9rie PFR \u00e9 espec\u00edfica para altas press\u00f5es e apresenta longa vida operativa em aplica\u00e7\u00f5es pesadas.<\/p>\n<p>S\u00e3o bombas de pist\u00f5es radiais com deslocamento fixo que apresentam o melhor custo benef\u00edcio do mercado, durabilidade e confiabilidade para o sistema hidr\u00e1ulico.<\/p>\n<p>As bombas PFR s\u00e3o bombas de pist\u00e3o radial de deslocamento fixo com constru\u00e7\u00e3o de acionamento positivo de pist\u00f5es (sem mola de retorno) para alto desempenho e baixo n\u00edvel de ru\u00eddo.<\/p>\n<p>Eles est\u00e3o dispon\u00edveis em tr\u00eas tamanhos diferentes de corpo e configura\u00e7\u00f5es simples, m\u00faltiplas ou com eixo passante.<\/p>\n<p><strong>Caracter\u00edsticas:<\/strong><\/p>\n<p>Deslocamento m\u00e1ximo at\u00e9 3,5 cm\u00b3\/rev<br \/>\nFlange: Vide Catalogo<br \/>\nPiloto: \u00d850mm e8 ;<br \/>\nEixo cil\u00edndrico: \u00d817 J6<br \/>\nPress\u00e3o: 3\/8\u201d BSP<br \/>\nSuc\u00e7\u00e3o: SAE 1\u201d 3000 PSI<br \/>\nRota\u00e7\u00e3o M\u00e1xima: 1800 rpm;<br \/>\nPress\u00e3o M\u00e1xima: 500 bar \u2013 7200 psi;<br \/>\nPeso: 12 Kg<br \/>\nAlta efici\u00eancia;<br \/>\nBaixo n\u00edvel de ru\u00eddo;<br \/>\nAmplas faixas de aplica\u00e7\u00e3o;<br \/>\nVida longa;<br \/>\nDesign compacto;<br \/>\nBom comportamento de suc\u00e7\u00e3o;<br \/>\nBoa rela\u00e7\u00e3o peso-pot\u00eancia;<br \/>\nTempos curtos para opera\u00e7\u00e3o;<\/p>\n","protected":false},"excerpt":{"rendered":"<p>A Bomba de Pist\u00f5es Radiais ATOS s\u00e9rie PFR \u00e9 espec\u00edfica para altas press\u00f5es e apresenta longa vida operativa em aplica\u00e7\u00f5es pesadas.<\/p>\n<p>S\u00e3o bombas de pist\u00f5es radiais com deslocamento fixo que apresentam o melhor custo benef\u00edcio do mercado, durabilidade e confiabilidade para o sistema hidr\u00e1ulico.<\/p>\n<p>As bombas PFR s\u00e3o bombas de pist\u00e3o radial de deslocamento fixo com constru\u00e7\u00e3o de acionamento positivo de pist\u00f5es (sem mola de retorno) para alto desempenho e baixo n\u00edvel de ru\u00eddo.<\/p>\n<p>Eles est\u00e3o dispon\u00edveis em tr\u00eas tamanhos diferentes de corpo e configura\u00e7\u00f5es simples, m\u00faltiplas ou com eixo passante.<\/p>\n<p style=\"text-align: center;\"><a class=\"fasc-button fasc-size-medium fasc-type-flat fasc-rounded-medium\" style=\"background-color: #003668; color: #ffffff;\" target=\"_blank\" href=\"https:\/\/actbr.com.br\/wp-content\/uploads\/2020\/09\/A045-pfr-atos-bomba-de-pistoes.pdf\" rel=\"noopener\">Cat\u00e1logo<\/a><\/p>\n","protected":false},"featured_media":10691,"template":"","meta":[],"product_brand":[],"product_cat":[42,28],"product_tag":[],"class_list":{"0":"post-10694","1":"product","2":"type-product","3":"status-publish","4":"has-post-thumbnail","6":"product_cat-bomba-de-pistoes","7":"product_cat-bombas-hidraulicas","9":"first","10":"instock","11":"shipping-taxable","12":"product-type-simple"},"yoast_head":"<!-- This site is optimized with the Yoast SEO plugin v27.2 - https:\/\/yoast.com\/product\/yoast-seo-wordpress\/ -->\n<title>Bomba de Pist\u00f5es Radiais ATOS \u2013 PFR-203 - ACT Sistemas Hidr\u00e1ulicos<\/title>\n<meta name=\"robots\" content=\"index, follow, max-snippet:-1, max-image-preview:large, max-video-preview:-1\" \/>\n<link rel=\"canonical\" href=\"https:\/\/actbr.com.br\/en\/produto\/bomba-de-pistoes-radiais-atos-pfr-203\/\" \/>\n<meta property=\"og:locale\" content=\"en_US\" \/>\n<meta property=\"og:type\" content=\"article\" \/>\n<meta property=\"og:title\" content=\"Bomba de Pist\u00f5es Radiais ATOS \u2013 PFR-203 - ACT Sistemas Hidr\u00e1ulicos\" \/>\n<meta property=\"og:description\" content=\"A Bomba de Pist\u00f5es Radiais ATOS s\u00e9rie PFR \u00e9 espec\u00edfica para altas press\u00f5es e apresenta longa vida operativa em aplica\u00e7\u00f5es pesadas.  S\u00e3o bombas de pist\u00f5es radiais com deslocamento fixo que apresentam o melhor custo benef\u00edcio do mercado, durabilidade e confiabilidade para o sistema hidr\u00e1ulico.  As bombas PFR s\u00e3o bombas de pist\u00e3o radial de deslocamento fixo com constru\u00e7\u00e3o de acionamento positivo de pist\u00f5es (sem mola de retorno) para alto desempenho e baixo n\u00edvel de ru\u00eddo.  Eles est\u00e3o dispon\u00edveis em tr\u00eas tamanhos diferentes de corpo e configura\u00e7\u00f5es simples, m\u00faltiplas ou com eixo passante. Cat\u00e1logo\" \/>\n<meta property=\"og:url\" content=\"https:\/\/actbr.com.br\/en\/produto\/bomba-de-pistoes-radiais-atos-pfr-203\/\" \/>\n<meta property=\"og:site_name\" content=\"ACT Sistemas Hidr\u00e1ulicos\" \/>\n<meta property=\"article:modified_time\" content=\"2023-12-11T19:39:33+00:00\" \/>\n<meta property=\"og:image\" content=\"https:\/\/actbr.com.br\/wp-content\/uploads\/2023\/12\/Bomba-de-pistoes-radias-atos-pfr-202.jpg\" \/>\n\t<meta property=\"og:image:width\" content=\"800\" \/>\n\t<meta property=\"og:image:height\" content=\"600\" \/>\n\t<meta property=\"og:image:type\" content=\"image\/jpeg\" \/>\n<meta name=\"twitter:card\" content=\"summary_large_image\" \/>\n<meta name=\"twitter:label1\" content=\"Est. reading time\" \/>\n\t<meta name=\"twitter:data1\" content=\"1 minute\" \/>\n<script type=\"application\/ld+json\" class=\"yoast-schema-graph\">{\"@context\":\"https:\/\/schema.org\",\"@graph\":[{\"@type\":\"WebPage\",\"@id\":\"https:\/\/actbr.com.br\/en\/produto\/bomba-de-pistoes-radiais-atos-pfr-203\/\",\"url\":\"https:\/\/actbr.com.br\/en\/produto\/bomba-de-pistoes-radiais-atos-pfr-203\/\",\"name\":\"Bomba de Pist\u00f5es Radiais ATOS \u2013 PFR-203 - ACT Sistemas Hidr\u00e1ulicos\",\"isPartOf\":{\"@id\":\"https:\/\/actbr.com.br\/en\/#website\"},\"primaryImageOfPage\":{\"@id\":\"https:\/\/actbr.com.br\/en\/produto\/bomba-de-pistoes-radiais-atos-pfr-203\/#primaryimage\"},\"image\":{\"@id\":\"https:\/\/actbr.com.br\/en\/produto\/bomba-de-pistoes-radiais-atos-pfr-203\/#primaryimage\"},\"thumbnailUrl\":\"https:\/\/actbr.com.br\/wp-content\/uploads\/2023\/12\/Bomba-de-pistoes-radias-atos-pfr-202.jpg\",\"datePublished\":\"2023-12-11T19:20:59+00:00\",\"dateModified\":\"2023-12-11T19:39:33+00:00\",\"breadcrumb\":{\"@id\":\"https:\/\/actbr.com.br\/en\/produto\/bomba-de-pistoes-radiais-atos-pfr-203\/#breadcrumb\"},\"inLanguage\":\"en-US\",\"potentialAction\":[{\"@type\":\"ReadAction\",\"target\":[\"https:\/\/actbr.com.br\/en\/produto\/bomba-de-pistoes-radiais-atos-pfr-203\/\"]}]},{\"@type\":\"ImageObject\",\"inLanguage\":\"en-US\",\"@id\":\"https:\/\/actbr.com.br\/en\/produto\/bomba-de-pistoes-radiais-atos-pfr-203\/#primaryimage\",\"url\":\"https:\/\/actbr.com.br\/wp-content\/uploads\/2023\/12\/Bomba-de-pistoes-radias-atos-pfr-202.jpg\",\"contentUrl\":\"https:\/\/actbr.com.br\/wp-content\/uploads\/2023\/12\/Bomba-de-pistoes-radias-atos-pfr-202.jpg\",\"width\":800,\"height\":600},{\"@type\":\"BreadcrumbList\",\"@id\":\"https:\/\/actbr.com.br\/en\/produto\/bomba-de-pistoes-radiais-atos-pfr-203\/#breadcrumb\",\"itemListElement\":[{\"@type\":\"ListItem\",\"position\":1,\"name\":\"In\u00edcio\",\"item\":\"https:\/\/actbr.com.br\/en\/\"},{\"@type\":\"ListItem\",\"position\":2,\"name\":\"Produtos\",\"item\":\"https:\/\/actbr.com.br\/produtos-act\/\"},{\"@type\":\"ListItem\",\"position\":3,\"name\":\"Bombas Hidr\u00e1ulicas\",\"item\":\"https:\/\/actbr.com.br\/en\/categoria-produto\/bombas-hidraulicas\/\"},{\"@type\":\"ListItem\",\"position\":4,\"name\":\"Bomba de Pist\u00f5es Radiais ATOS \u2013 PFR-203\"}]},{\"@type\":\"WebSite\",\"@id\":\"https:\/\/actbr.com.br\/en\/#website\",\"url\":\"https:\/\/actbr.com.br\/en\/\",\"name\":\"ACT Sistemas Hidr\u00e1ulicos\",\"description\":\"Fabrica\u00e7\u00e3o e manuten\u00e7\u00e3o de componentes \u00f3leo hidr\u00e1ulicos\",\"publisher\":{\"@id\":\"https:\/\/actbr.com.br\/en\/#organization\"},\"potentialAction\":[{\"@type\":\"SearchAction\",\"target\":{\"@type\":\"EntryPoint\",\"urlTemplate\":\"https:\/\/actbr.com.br\/en\/?s={search_term_string}\"},\"query-input\":{\"@type\":\"PropertyValueSpecification\",\"valueRequired\":true,\"valueName\":\"search_term_string\"}}],\"inLanguage\":\"en-US\"},{\"@type\":\"Organization\",\"@id\":\"https:\/\/actbr.com.br\/en\/#organization\",\"name\":\"ACT Sistemas Hidr\u00e1ulicos\",\"url\":\"https:\/\/actbr.com.br\/en\/\",\"logo\":{\"@type\":\"ImageObject\",\"inLanguage\":\"en-US\",\"@id\":\"https:\/\/actbr.com.br\/en\/#\/schema\/logo\/image\/\",\"url\":\"https:\/\/actbr.com.br\/wp-content\/uploads\/2025\/02\/cropped-ACT_NEGATIVO-marca-dagua.png\",\"contentUrl\":\"https:\/\/actbr.com.br\/wp-content\/uploads\/2025\/02\/cropped-ACT_NEGATIVO-marca-dagua.png\",\"width\":240,\"height\":146,\"caption\":\"ACT Sistemas Hidr\u00e1ulicos\"},\"image\":{\"@id\":\"https:\/\/actbr.com.br\/en\/#\/schema\/logo\/image\/\"}}]}<\/script>\n<!-- \/ Yoast SEO plugin. -->","yoast_head_json":{"title":"Bomba de Pist\u00f5es Radiais ATOS \u2013 PFR-203 - ACT Sistemas Hidr\u00e1ulicos","robots":{"index":"index","follow":"follow","max-snippet":"max-snippet:-1","max-image-preview":"max-image-preview:large","max-video-preview":"max-video-preview:-1"},"canonical":"https:\/\/actbr.com.br\/en\/produto\/bomba-de-pistoes-radiais-atos-pfr-203\/","og_locale":"en_US","og_type":"article","og_title":"Bomba de Pist\u00f5es Radiais ATOS \u2013 PFR-203 - ACT Sistemas Hidr\u00e1ulicos","og_description":"A Bomba de Pist\u00f5es Radiais ATOS s\u00e9rie PFR \u00e9 espec\u00edfica para altas press\u00f5es e apresenta longa vida operativa em aplica\u00e7\u00f5es pesadas.  S\u00e3o bombas de pist\u00f5es radiais com deslocamento fixo que apresentam o melhor custo benef\u00edcio do mercado, durabilidade e confiabilidade para o sistema hidr\u00e1ulico.  As bombas PFR s\u00e3o bombas de pist\u00e3o radial de deslocamento fixo com constru\u00e7\u00e3o de acionamento positivo de pist\u00f5es (sem mola de retorno) para alto desempenho e baixo n\u00edvel de ru\u00eddo.  Eles est\u00e3o dispon\u00edveis em tr\u00eas tamanhos diferentes de corpo e configura\u00e7\u00f5es simples, m\u00faltiplas ou com eixo passante. Cat\u00e1logo","og_url":"https:\/\/actbr.com.br\/en\/produto\/bomba-de-pistoes-radiais-atos-pfr-203\/","og_site_name":"ACT Sistemas Hidr\u00e1ulicos","article_modified_time":"2023-12-11T19:39:33+00:00","og_image":[{"width":800,"height":600,"url":"https:\/\/actbr.com.br\/wp-content\/uploads\/2023\/12\/Bomba-de-pistoes-radias-atos-pfr-202.jpg","type":"image\/jpeg"}],"twitter_card":"summary_large_image","twitter_misc":{"Est. reading time":"1 minute"},"schema":{"@context":"https:\/\/schema.org","@graph":[{"@type":"WebPage","@id":"https:\/\/actbr.com.br\/en\/produto\/bomba-de-pistoes-radiais-atos-pfr-203\/","url":"https:\/\/actbr.com.br\/en\/produto\/bomba-de-pistoes-radiais-atos-pfr-203\/","name":"Bomba de Pist\u00f5es Radiais ATOS \u2013 PFR-203 - ACT Sistemas Hidr\u00e1ulicos","isPartOf":{"@id":"https:\/\/actbr.com.br\/en\/#website"},"primaryImageOfPage":{"@id":"https:\/\/actbr.com.br\/en\/produto\/bomba-de-pistoes-radiais-atos-pfr-203\/#primaryimage"},"image":{"@id":"https:\/\/actbr.com.br\/en\/produto\/bomba-de-pistoes-radiais-atos-pfr-203\/#primaryimage"},"thumbnailUrl":"https:\/\/actbr.com.br\/wp-content\/uploads\/2023\/12\/Bomba-de-pistoes-radias-atos-pfr-202.jpg","datePublished":"2023-12-11T19:20:59+00:00","dateModified":"2023-12-11T19:39:33+00:00","breadcrumb":{"@id":"https:\/\/actbr.com.br\/en\/produto\/bomba-de-pistoes-radiais-atos-pfr-203\/#breadcrumb"},"inLanguage":"en-US","potentialAction":[{"@type":"ReadAction","target":["https:\/\/actbr.com.br\/en\/produto\/bomba-de-pistoes-radiais-atos-pfr-203\/"]}]},{"@type":"ImageObject","inLanguage":"en-US","@id":"https:\/\/actbr.com.br\/en\/produto\/bomba-de-pistoes-radiais-atos-pfr-203\/#primaryimage","url":"https:\/\/actbr.com.br\/wp-content\/uploads\/2023\/12\/Bomba-de-pistoes-radias-atos-pfr-202.jpg","contentUrl":"https:\/\/actbr.com.br\/wp-content\/uploads\/2023\/12\/Bomba-de-pistoes-radias-atos-pfr-202.jpg","width":800,"height":600},{"@type":"BreadcrumbList","@id":"https:\/\/actbr.com.br\/en\/produto\/bomba-de-pistoes-radiais-atos-pfr-203\/#breadcrumb","itemListElement":[{"@type":"ListItem","position":1,"name":"In\u00edcio","item":"https:\/\/actbr.com.br\/en\/"},{"@type":"ListItem","position":2,"name":"Produtos","item":"https:\/\/actbr.com.br\/produtos-act\/"},{"@type":"ListItem","position":3,"name":"Bombas Hidr\u00e1ulicas","item":"https:\/\/actbr.com.br\/en\/categoria-produto\/bombas-hidraulicas\/"},{"@type":"ListItem","position":4,"name":"Bomba de Pist\u00f5es Radiais ATOS \u2013 PFR-203"}]},{"@type":"WebSite","@id":"https:\/\/actbr.com.br\/en\/#website","url":"https:\/\/actbr.com.br\/en\/","name":"ACT Sistemas Hidr\u00e1ulicos","description":"Fabrica\u00e7\u00e3o e manuten\u00e7\u00e3o de componentes \u00f3leo hidr\u00e1ulicos","publisher":{"@id":"https:\/\/actbr.com.br\/en\/#organization"},"potentialAction":[{"@type":"SearchAction","target":{"@type":"EntryPoint","urlTemplate":"https:\/\/actbr.com.br\/en\/?s={search_term_string}"},"query-input":{"@type":"PropertyValueSpecification","valueRequired":true,"valueName":"search_term_string"}}],"inLanguage":"en-US"},{"@type":"Organization","@id":"https:\/\/actbr.com.br\/en\/#organization","name":"ACT Sistemas Hidr\u00e1ulicos","url":"https:\/\/actbr.com.br\/en\/","logo":{"@type":"ImageObject","inLanguage":"en-US","@id":"https:\/\/actbr.com.br\/en\/#\/schema\/logo\/image\/","url":"https:\/\/actbr.com.br\/wp-content\/uploads\/2025\/02\/cropped-ACT_NEGATIVO-marca-dagua.png","contentUrl":"https:\/\/actbr.com.br\/wp-content\/uploads\/2025\/02\/cropped-ACT_NEGATIVO-marca-dagua.png","width":240,"height":146,"caption":"ACT Sistemas Hidr\u00e1ulicos"},"image":{"@id":"https:\/\/actbr.com.br\/en\/#\/schema\/logo\/image\/"}}]}},"_links":{"self":[{"href":"https:\/\/actbr.com.br\/en\/wp-json\/wp\/v2\/product\/10694","targetHints":{"allow":["GET"]}}],"collection":[{"href":"https:\/\/actbr.com.br\/en\/wp-json\/wp\/v2\/product"}],"about":[{"href":"https:\/\/actbr.com.br\/en\/wp-json\/wp\/v2\/types\/product"}],"wp:featuredmedia":[{"embeddable":true,"href":"https:\/\/actbr.com.br\/en\/wp-json\/wp\/v2\/media\/10691"}],"wp:attachment":[{"href":"https:\/\/actbr.com.br\/en\/wp-json\/wp\/v2\/media?parent=10694"}],"wp:term":[{"taxonomy":"product_brand","embeddable":true,"href":"https:\/\/actbr.com.br\/en\/wp-json\/wp\/v2\/product_brand?post=10694"},{"taxonomy":"product_cat","embeddable":true,"href":"https:\/\/actbr.com.br\/en\/wp-json\/wp\/v2\/product_cat?post=10694"},{"taxonomy":"product_tag","embeddable":true,"href":"https:\/\/actbr.com.br\/en\/wp-json\/wp\/v2\/product_tag?post=10694"}],"curies":[{"name":"wp","href":"https:\/\/api.w.org\/{rel}","templated":true}]}}