{"id":10801,"date":"2023-12-14T09:02:08","date_gmt":"2023-12-14T12:02:08","guid":{"rendered":"https:\/\/actbr.com.br\/?post_type=product&#038;p=10801"},"modified":"2023-12-14T10:31:19","modified_gmt":"2023-12-14T13:31:19","slug":"valvula-isoladora-de-manometro-ft292-14","status":"publish","type":"product","link":"https:\/\/actbr.com.br\/en\/produto\/valvula-isoladora-de-manometro-ft292-14\/","title":{"rendered":"V\u00e1lvula Isoladora de Man\u00f4metro FT292-14"},"content":{"rendered":"<p><strong>V\u00e1lvula Isoladora de Man\u00f4metro FT292-14<\/strong><\/p>\n<p>A V\u00e1lvula Isoladora de Man\u00f4metro FT292-14 proporciona vida \u00fatil longa com cont\u00ednua precis\u00e3o de indica\u00e7\u00e3o dos man\u00f4metros.<br \/>\nNo tempo restante os man\u00f4metros devem ser aliviados para proteg\u00ea-los contra eventuais picos de press\u00e3o provenientes do sistema.<br \/>\nA v\u00e1lvula isoladora de man\u00f4metros TOGNELLA cumpre esta exig\u00eancia. Prensados em a\u00e7o de alta resist\u00eancia e protegidos por tratamento preciso e sujeitos a testes rigorosos, garantem confiabilidade e longa vida \u00fatil.<\/p>\n<p><strong>Caracter\u00edsticas:<\/strong><\/p>\n<p>Corpo: 11 S Mn Pb 30 \u2013 UNI EN 10087 (Resistente a altas press\u00f5es);<br \/>\nAgulha: 35 S Mn Pb 23 \u2013 UNI EN 10087 \u2013 Polida;<br \/>\nVeda\u00e7\u00f5es: Borracha nitr\u00edlica;<br \/>\nTratamento contra oxida\u00e7\u00e3o (Amplamente indicado para ambientes externos);<br \/>\nAnel: PTFE;<br \/>\nManopla (Volante): Nylon 66;<br \/>\nVers\u00e3o em a\u00e7o Inox dispon\u00edvel;<br \/>\nConex\u00e3o: F\u00eamea 1\/4\u2033 BSP;<br \/>\nTemperatura de trabalho: \u2013 20\u00baC a + 100\u00baC.<\/p>\n","protected":false},"excerpt":{"rendered":"<p>A V\u00e1lvula Isoladora de Man\u00f4metro FT292-14 proporciona vida \u00fatil longa com cont\u00ednua precis\u00e3o de indica\u00e7\u00e3o dos man\u00f4metros.<br \/>\nNo tempo restante os man\u00f4metros devem ser aliviados para proteg\u00ea-los contra eventuais picos de press\u00e3o provenientes do sistema.<br \/>\nA v\u00e1lvula isoladora de man\u00f4metros TOGNELLA cumpre esta exig\u00eancia. Prensados em a\u00e7o de alta resist\u00eancia e protegidos por tratamento preciso e sujeitos a testes rigorosos, garantem confiabilidade e longa vida \u00fatil.<\/p>\n<p style=\"text-align: center;\"><a class=\"fasc-button fasc-size-medium fasc-type-flat fasc-rounded-medium\" style=\"background-color: #003668; color: #ffffff;\" target=\"_blank\" href=\"https:\/\/actbr.com.br\/wp-content\/uploads\/2023\/12\/Esclusori-per-manometro-a-3-vie-con-azionamento-a-pulsante-FT-292-1.pdf\" rel=\"noopener\">Cat\u00e1logo<\/a>&nbsp;<a class=\"fasc-button fasc-size-medium fasc-type-flat fasc-rounded-medium\" style=\"background-color: #003668; color: #ffffff;\" target=\"_blank\" rel=\"noopener\" href=\"https:\/\/www.tognella.it\/sites\/default\/files\/prodotti\/disegno_3d\/FT292.zip\">Desenho<\/a><\/p>\n","protected":false},"featured_media":10802,"template":"","meta":[],"product_brand":[],"product_cat":[150],"product_tag":[],"class_list":{"0":"post-10801","1":"product","2":"type-product","3":"status-publish","4":"has-post-thumbnail","6":"product_cat-isoladora-de-manometro","8":"first","9":"instock","10":"shipping-taxable","11":"product-type-simple"},"yoast_head":"<!-- This site is optimized with the Yoast SEO plugin v27.5 - https:\/\/yoast.com\/product\/yoast-seo-wordpress\/ -->\n<title>V\u00e1lvula Isoladora de Man\u00f4metro FT292-14 - ACT Sistemas Hidr\u00e1ulicos<\/title>\n<meta name=\"robots\" content=\"index, follow, max-snippet:-1, max-image-preview:large, max-video-preview:-1\" \/>\n<link rel=\"canonical\" href=\"https:\/\/actbr.com.br\/en\/produto\/valvula-isoladora-de-manometro-ft292-14\/\" \/>\n<meta property=\"og:locale\" content=\"en_US\" \/>\n<meta property=\"og:type\" content=\"article\" \/>\n<meta property=\"og:title\" content=\"V\u00e1lvula Isoladora de Man\u00f4metro FT292-14 - ACT Sistemas Hidr\u00e1ulicos\" \/>\n<meta property=\"og:description\" content=\"A V\u00e1lvula Isoladora de Man\u00f4metro FT292-14 proporciona vida \u00fatil longa com cont\u00ednua precis\u00e3o de indica\u00e7\u00e3o dos man\u00f4metros. No tempo restante os man\u00f4metros devem ser aliviados para proteg\u00ea-los contra eventuais picos de press\u00e3o provenientes do sistema. A v\u00e1lvula isoladora de man\u00f4metros TOGNELLA cumpre esta exig\u00eancia. Prensados em a\u00e7o de alta resist\u00eancia e protegidos por tratamento preciso e sujeitos a testes rigorosos, garantem confiabilidade e longa vida \u00fatil. Cat\u00e1logo&nbsp;Desenho\" \/>\n<meta property=\"og:url\" content=\"https:\/\/actbr.com.br\/en\/produto\/valvula-isoladora-de-manometro-ft292-14\/\" \/>\n<meta property=\"og:site_name\" content=\"ACT Sistemas Hidr\u00e1ulicos\" \/>\n<meta property=\"article:modified_time\" content=\"2023-12-14T13:31:19+00:00\" \/>\n<meta property=\"og:image\" content=\"https:\/\/actbr.com.br\/wp-content\/uploads\/2023\/12\/Design-sem-nome-9-1.jpg\" \/>\n\t<meta property=\"og:image:width\" content=\"1080\" \/>\n\t<meta property=\"og:image:height\" content=\"1080\" \/>\n\t<meta property=\"og:image:type\" content=\"image\/jpeg\" \/>\n<meta name=\"twitter:card\" content=\"summary_large_image\" \/>\n<meta name=\"twitter:label1\" content=\"Est. reading time\" \/>\n\t<meta name=\"twitter:data1\" content=\"1 minute\" \/>\n<script type=\"application\/ld+json\" class=\"yoast-schema-graph\">{\"@context\":\"https:\\\/\\\/schema.org\",\"@graph\":[{\"@type\":\"WebPage\",\"@id\":\"https:\\\/\\\/actbr.com.br\\\/en\\\/produto\\\/valvula-isoladora-de-manometro-ft292-14\\\/\",\"url\":\"https:\\\/\\\/actbr.com.br\\\/en\\\/produto\\\/valvula-isoladora-de-manometro-ft292-14\\\/\",\"name\":\"V\u00e1lvula Isoladora de Man\u00f4metro FT292-14 - ACT Sistemas Hidr\u00e1ulicos\",\"isPartOf\":{\"@id\":\"https:\\\/\\\/actbr.com.br\\\/en\\\/#website\"},\"primaryImageOfPage\":{\"@id\":\"https:\\\/\\\/actbr.com.br\\\/en\\\/produto\\\/valvula-isoladora-de-manometro-ft292-14\\\/#primaryimage\"},\"image\":{\"@id\":\"https:\\\/\\\/actbr.com.br\\\/en\\\/produto\\\/valvula-isoladora-de-manometro-ft292-14\\\/#primaryimage\"},\"thumbnailUrl\":\"https:\\\/\\\/actbr.com.br\\\/wp-content\\\/uploads\\\/2023\\\/12\\\/Design-sem-nome-9-1.jpg\",\"datePublished\":\"2023-12-14T12:02:08+00:00\",\"dateModified\":\"2023-12-14T13:31:19+00:00\",\"breadcrumb\":{\"@id\":\"https:\\\/\\\/actbr.com.br\\\/en\\\/produto\\\/valvula-isoladora-de-manometro-ft292-14\\\/#breadcrumb\"},\"inLanguage\":\"en-US\",\"potentialAction\":[{\"@type\":\"ReadAction\",\"target\":[\"https:\\\/\\\/actbr.com.br\\\/en\\\/produto\\\/valvula-isoladora-de-manometro-ft292-14\\\/\"]}]},{\"@type\":\"ImageObject\",\"inLanguage\":\"en-US\",\"@id\":\"https:\\\/\\\/actbr.com.br\\\/en\\\/produto\\\/valvula-isoladora-de-manometro-ft292-14\\\/#primaryimage\",\"url\":\"https:\\\/\\\/actbr.com.br\\\/wp-content\\\/uploads\\\/2023\\\/12\\\/Design-sem-nome-9-1.jpg\",\"contentUrl\":\"https:\\\/\\\/actbr.com.br\\\/wp-content\\\/uploads\\\/2023\\\/12\\\/Design-sem-nome-9-1.jpg\",\"width\":1080,\"height\":1080},{\"@type\":\"BreadcrumbList\",\"@id\":\"https:\\\/\\\/actbr.com.br\\\/en\\\/produto\\\/valvula-isoladora-de-manometro-ft292-14\\\/#breadcrumb\",\"itemListElement\":[{\"@type\":\"ListItem\",\"position\":1,\"name\":\"In\u00edcio\",\"item\":\"https:\\\/\\\/actbr.com.br\\\/en\\\/\"},{\"@type\":\"ListItem\",\"position\":2,\"name\":\"Produtos\",\"item\":\"https:\\\/\\\/actbr.com.br\\\/produtos-act\\\/\"},{\"@type\":\"ListItem\",\"position\":3,\"name\":\"Acess\u00f3rios\",\"item\":\"https:\\\/\\\/actbr.com.br\\\/en\\\/categoria-produto\\\/acessorios\\\/\"},{\"@type\":\"ListItem\",\"position\":4,\"name\":\"Isoladora de Man\u00f4metro\",\"item\":\"https:\\\/\\\/actbr.com.br\\\/en\\\/categoria-produto\\\/acessorios\\\/isoladora-de-manometro\\\/\"},{\"@type\":\"ListItem\",\"position\":5,\"name\":\"V\u00e1lvula Isoladora de Man\u00f4metro FT292-14\"}]},{\"@type\":\"WebSite\",\"@id\":\"https:\\\/\\\/actbr.com.br\\\/en\\\/#website\",\"url\":\"https:\\\/\\\/actbr.com.br\\\/en\\\/\",\"name\":\"ACT Sistemas Hidr\u00e1ulicos\",\"description\":\"Fabrica\u00e7\u00e3o e manuten\u00e7\u00e3o de componentes \u00f3leo hidr\u00e1ulicos\",\"publisher\":{\"@id\":\"https:\\\/\\\/actbr.com.br\\\/en\\\/#organization\"},\"potentialAction\":[{\"@type\":\"SearchAction\",\"target\":{\"@type\":\"EntryPoint\",\"urlTemplate\":\"https:\\\/\\\/actbr.com.br\\\/en\\\/?s={search_term_string}\"},\"query-input\":{\"@type\":\"PropertyValueSpecification\",\"valueRequired\":true,\"valueName\":\"search_term_string\"}}],\"inLanguage\":\"en-US\"},{\"@type\":\"Organization\",\"@id\":\"https:\\\/\\\/actbr.com.br\\\/en\\\/#organization\",\"name\":\"ACT Sistemas Hidr\u00e1ulicos\",\"url\":\"https:\\\/\\\/actbr.com.br\\\/en\\\/\",\"logo\":{\"@type\":\"ImageObject\",\"inLanguage\":\"en-US\",\"@id\":\"https:\\\/\\\/actbr.com.br\\\/en\\\/#\\\/schema\\\/logo\\\/image\\\/\",\"url\":\"https:\\\/\\\/actbr.com.br\\\/wp-content\\\/uploads\\\/2025\\\/02\\\/cropped-ACT_NEGATIVO-marca-dagua.png\",\"contentUrl\":\"https:\\\/\\\/actbr.com.br\\\/wp-content\\\/uploads\\\/2025\\\/02\\\/cropped-ACT_NEGATIVO-marca-dagua.png\",\"width\":240,\"height\":146,\"caption\":\"ACT Sistemas Hidr\u00e1ulicos\"},\"image\":{\"@id\":\"https:\\\/\\\/actbr.com.br\\\/en\\\/#\\\/schema\\\/logo\\\/image\\\/\"}}]}<\/script>\n<!-- \/ Yoast SEO plugin. -->","yoast_head_json":{"title":"V\u00e1lvula Isoladora de Man\u00f4metro FT292-14 - ACT Sistemas Hidr\u00e1ulicos","robots":{"index":"index","follow":"follow","max-snippet":"max-snippet:-1","max-image-preview":"max-image-preview:large","max-video-preview":"max-video-preview:-1"},"canonical":"https:\/\/actbr.com.br\/en\/produto\/valvula-isoladora-de-manometro-ft292-14\/","og_locale":"en_US","og_type":"article","og_title":"V\u00e1lvula Isoladora de Man\u00f4metro FT292-14 - ACT Sistemas Hidr\u00e1ulicos","og_description":"A V\u00e1lvula Isoladora de Man\u00f4metro FT292-14 proporciona vida \u00fatil longa com cont\u00ednua precis\u00e3o de indica\u00e7\u00e3o dos man\u00f4metros. No tempo restante os man\u00f4metros devem ser aliviados para proteg\u00ea-los contra eventuais picos de press\u00e3o provenientes do sistema. A v\u00e1lvula isoladora de man\u00f4metros TOGNELLA cumpre esta exig\u00eancia. Prensados em a\u00e7o de alta resist\u00eancia e protegidos por tratamento preciso e sujeitos a testes rigorosos, garantem confiabilidade e longa vida \u00fatil. Cat\u00e1logo&nbsp;Desenho","og_url":"https:\/\/actbr.com.br\/en\/produto\/valvula-isoladora-de-manometro-ft292-14\/","og_site_name":"ACT Sistemas Hidr\u00e1ulicos","article_modified_time":"2023-12-14T13:31:19+00:00","og_image":[{"width":1080,"height":1080,"url":"https:\/\/actbr.com.br\/wp-content\/uploads\/2023\/12\/Design-sem-nome-9-1.jpg","type":"image\/jpeg"}],"twitter_card":"summary_large_image","twitter_misc":{"Est. reading time":"1 minute"},"schema":{"@context":"https:\/\/schema.org","@graph":[{"@type":"WebPage","@id":"https:\/\/actbr.com.br\/en\/produto\/valvula-isoladora-de-manometro-ft292-14\/","url":"https:\/\/actbr.com.br\/en\/produto\/valvula-isoladora-de-manometro-ft292-14\/","name":"V\u00e1lvula Isoladora de Man\u00f4metro FT292-14 - ACT Sistemas Hidr\u00e1ulicos","isPartOf":{"@id":"https:\/\/actbr.com.br\/en\/#website"},"primaryImageOfPage":{"@id":"https:\/\/actbr.com.br\/en\/produto\/valvula-isoladora-de-manometro-ft292-14\/#primaryimage"},"image":{"@id":"https:\/\/actbr.com.br\/en\/produto\/valvula-isoladora-de-manometro-ft292-14\/#primaryimage"},"thumbnailUrl":"https:\/\/actbr.com.br\/wp-content\/uploads\/2023\/12\/Design-sem-nome-9-1.jpg","datePublished":"2023-12-14T12:02:08+00:00","dateModified":"2023-12-14T13:31:19+00:00","breadcrumb":{"@id":"https:\/\/actbr.com.br\/en\/produto\/valvula-isoladora-de-manometro-ft292-14\/#breadcrumb"},"inLanguage":"en-US","potentialAction":[{"@type":"ReadAction","target":["https:\/\/actbr.com.br\/en\/produto\/valvula-isoladora-de-manometro-ft292-14\/"]}]},{"@type":"ImageObject","inLanguage":"en-US","@id":"https:\/\/actbr.com.br\/en\/produto\/valvula-isoladora-de-manometro-ft292-14\/#primaryimage","url":"https:\/\/actbr.com.br\/wp-content\/uploads\/2023\/12\/Design-sem-nome-9-1.jpg","contentUrl":"https:\/\/actbr.com.br\/wp-content\/uploads\/2023\/12\/Design-sem-nome-9-1.jpg","width":1080,"height":1080},{"@type":"BreadcrumbList","@id":"https:\/\/actbr.com.br\/en\/produto\/valvula-isoladora-de-manometro-ft292-14\/#breadcrumb","itemListElement":[{"@type":"ListItem","position":1,"name":"In\u00edcio","item":"https:\/\/actbr.com.br\/en\/"},{"@type":"ListItem","position":2,"name":"Produtos","item":"https:\/\/actbr.com.br\/produtos-act\/"},{"@type":"ListItem","position":3,"name":"Acess\u00f3rios","item":"https:\/\/actbr.com.br\/en\/categoria-produto\/acessorios\/"},{"@type":"ListItem","position":4,"name":"Isoladora de Man\u00f4metro","item":"https:\/\/actbr.com.br\/en\/categoria-produto\/acessorios\/isoladora-de-manometro\/"},{"@type":"ListItem","position":5,"name":"V\u00e1lvula Isoladora de Man\u00f4metro FT292-14"}]},{"@type":"WebSite","@id":"https:\/\/actbr.com.br\/en\/#website","url":"https:\/\/actbr.com.br\/en\/","name":"ACT Sistemas Hidr\u00e1ulicos","description":"Fabrica\u00e7\u00e3o e manuten\u00e7\u00e3o de componentes \u00f3leo hidr\u00e1ulicos","publisher":{"@id":"https:\/\/actbr.com.br\/en\/#organization"},"potentialAction":[{"@type":"SearchAction","target":{"@type":"EntryPoint","urlTemplate":"https:\/\/actbr.com.br\/en\/?s={search_term_string}"},"query-input":{"@type":"PropertyValueSpecification","valueRequired":true,"valueName":"search_term_string"}}],"inLanguage":"en-US"},{"@type":"Organization","@id":"https:\/\/actbr.com.br\/en\/#organization","name":"ACT Sistemas Hidr\u00e1ulicos","url":"https:\/\/actbr.com.br\/en\/","logo":{"@type":"ImageObject","inLanguage":"en-US","@id":"https:\/\/actbr.com.br\/en\/#\/schema\/logo\/image\/","url":"https:\/\/actbr.com.br\/wp-content\/uploads\/2025\/02\/cropped-ACT_NEGATIVO-marca-dagua.png","contentUrl":"https:\/\/actbr.com.br\/wp-content\/uploads\/2025\/02\/cropped-ACT_NEGATIVO-marca-dagua.png","width":240,"height":146,"caption":"ACT Sistemas Hidr\u00e1ulicos"},"image":{"@id":"https:\/\/actbr.com.br\/en\/#\/schema\/logo\/image\/"}}]}},"_links":{"self":[{"href":"https:\/\/actbr.com.br\/en\/wp-json\/wp\/v2\/product\/10801","targetHints":{"allow":["GET"]}}],"collection":[{"href":"https:\/\/actbr.com.br\/en\/wp-json\/wp\/v2\/product"}],"about":[{"href":"https:\/\/actbr.com.br\/en\/wp-json\/wp\/v2\/types\/product"}],"wp:featuredmedia":[{"embeddable":true,"href":"https:\/\/actbr.com.br\/en\/wp-json\/wp\/v2\/media\/10802"}],"wp:attachment":[{"href":"https:\/\/actbr.com.br\/en\/wp-json\/wp\/v2\/media?parent=10801"}],"wp:term":[{"taxonomy":"product_brand","embeddable":true,"href":"https:\/\/actbr.com.br\/en\/wp-json\/wp\/v2\/product_brand?post=10801"},{"taxonomy":"product_cat","embeddable":true,"href":"https:\/\/actbr.com.br\/en\/wp-json\/wp\/v2\/product_cat?post=10801"},{"taxonomy":"product_tag","embeddable":true,"href":"https:\/\/actbr.com.br\/en\/wp-json\/wp\/v2\/product_tag?post=10801"}],"curies":[{"name":"wp","href":"https:\/\/api.w.org\/{rel}","templated":true}]}}