{"id":10831,"date":"2023-12-14T13:46:22","date_gmt":"2023-12-14T16:46:22","guid":{"rendered":"https:\/\/actbr.com.br\/?post_type=product&#038;p=10831"},"modified":"2023-12-14T15:40:23","modified_gmt":"2023-12-14T18:40:23","slug":"valvula-reguladora-de-vazao-em-linha-com-retencao-ft-257-2-112","status":"publish","type":"product","link":"https:\/\/actbr.com.br\/en\/produto\/valvula-reguladora-de-vazao-em-linha-com-retencao-ft-257-2-112\/","title":{"rendered":"V\u00e1lvula Reguladora de Vaz\u00e3o em Linha sem Reten\u00e7\u00e3o &#8211; FT 257\/2-112 (Tognella)"},"content":{"rendered":"<p><strong>V\u00e1lvula Reguladora de Vaz\u00e3o em Linha com Reten\u00e7\u00e3o &#8211; FT 257\/2-112<\/strong><\/p>\n<p>As v\u00e1lvulas FT 257\/2 t\u00eam a fun\u00e7\u00e3o de regular o fluxo em ambos os sentidos da v\u00e1lvula n\u00e3o permitindo um fluxo livre na dire\u00e7\u00e3o oposta.<\/p>\n<p>Apreciadas pelas suas caracter\u00edsticas est\u00e9ticas, que satisfazem positivamente os mais diversos padr\u00f5es construtivos dos equipamentos onde est\u00e3o instalados, as v\u00e1lvulas FT 257\/2 tamb\u00e9m se apresentam como uma solu\u00e7\u00e3o confi\u00e1vel para as mais exigentes aplica\u00e7\u00f5es (tecnicamente e funcionalmente).<\/p>\n<p>O fluxo volum\u00e9trico depende da diferen\u00e7a de press\u00e3o e da viscosidade do flu\u00eddo as quais a v\u00e1lvula est\u00e1 operando (n\u00e3o compensada). A v\u00e1lvula estranguladora de vaz\u00e3o em linha (FT 257\/2) permite um ajuste e fechamento sens\u00edvel de vaz\u00e3o, mediante ao projeto especial de fechamento (redu\u00e7\u00e3o de vaz\u00e3o).<\/p>\n<p><strong>Caracter\u00edsticas:<\/strong><\/p>\n<p>Veda\u00e7\u00e3o met\u00e1lica eficiente;<br \/>\nLinearidade do fluxo na abertura;<br \/>\nControle preciso para uma ampla faixa de vaz\u00e3o;<br \/>\nImpossibilidade da agulha sair do seu assento mesmo na velocidade M\u00e1x (Abertura total);<br \/>\nF\u00e1cil instala\u00e7\u00e3o;<br \/>\nMontagem r\u00e1pida em painel (as porcas (G) s\u00e3o fornecidas a parte);<br \/>\nV\u00e1lvula de reten\u00e7\u00e3o com mola de abertura de 0,5 bar.<br \/>\nV\u00e1lvulas de controle de fluxo dispon\u00edveis nos tamanhos 1\/8&#8243; \u00e0 2&#8243; BSPP;<br \/>\nPress\u00e3o M\u00e1xima de aplica\u00e7\u00e3o: 400 Bar \/ 320 Bar;<br \/>\nMontagem em linha ou painel;<br \/>\nFabricadas em a\u00e7o carbono<br \/>\nConex\u00f5es: F &#8211; F F\u00eamea \u2013 F\u00eamea<br \/>\nPeso: 5,8 kg;<br \/>\nFlu\u00eddos recomendados: \u00d3leo mineral e \u00e9ster fosfato;<br \/>\nRange de temperatura: de -20 a + 80\u00b0C;<br \/>\nViscosidade recomendada: 2.8 a 500 mm2\/s;<br \/>\nPosi\u00e7\u00e3o de instala\u00e7\u00e3o: Opcional a aplica\u00e7\u00e3o do cliente.<br \/>\nClasse de contamina\u00e7\u00e3o recomendada: Class 9. NAS 1638 ou 20\/18\/15, ISO 4406;<br \/>\nConex\u00f5es de entrada (roscada): 1.1\/2&#8243; BSP (F\u00eamea);<br \/>\nVaz\u00e3o m\u00e1xima: 600 litros por minuto;<br \/>\nVeda\u00e7\u00f5es: NBR;<\/p>\n<p><strong>Vantagens:<\/strong><\/p>\n<p>Montagem em tubula\u00e7\u00f5es com espa\u00e7o reduzido;<br \/>\nSeguran\u00e7a de aplica\u00e7\u00e3o;<br \/>\nPerfeita adapta\u00e7\u00e3o;<br \/>\nPosi\u00e7\u00e3o flex\u00edvel de instala\u00e7\u00e3o.<\/p>\n","protected":false},"excerpt":{"rendered":"<p>As v\u00e1lvulas FT 257\/2 t\u00eam a fun\u00e7\u00e3o de regular o fluxo em ambos os sentidos da v\u00e1lvula n\u00e3o permitindo um fluxo livre na dire\u00e7\u00e3o oposta.<\/p>\n<p>Apreciadas pelas suas caracter\u00edsticas est\u00e9ticas, que satisfazem positivamente os mais diversos padr\u00f5es construtivos dos equipamentos onde est\u00e3o instalados, as v\u00e1lvulas FT 257\/2 tamb\u00e9m se apresentam como uma solu\u00e7\u00e3o confi\u00e1vel para as mais exigentes aplica\u00e7\u00f5es (tecnicamente e funcionalmente).<\/p>\n<p>O fluxo volum\u00e9trico depende da diferen\u00e7a de press\u00e3o e da viscosidade do flu\u00eddo as quais a v\u00e1lvula est\u00e1 operando (n\u00e3o compensada). A v\u00e1lvula estranguladora de vaz\u00e3o em linha (FT 257\/2) permite um ajuste e fechamento sens\u00edvel de vaz\u00e3o, mediante ao projeto especial de fechamento (redu\u00e7\u00e3o de vaz\u00e3o).<\/p>\n<p style=\"text-align: center;\"><a class=\"fasc-button fasc-size-medium fasc-type-flat fasc-rounded-medium\" style=\"background-color: #003668; color: #ffffff;\" target=\"_blank\" rel=\"noopener\" href=\"https:\/\/actbr.com.br\/wp-content\/uploads\/2023\/12\/In-line-double-acting-flow-control-valves-FT-257_2.pdf\">Cat\u00e1logo<\/a>&nbsp;&nbsp;<a class=\"fasc-button fasc-size-medium fasc-type-flat fasc-rounded-medium\" style=\"background-color: #003668; color: #ffffff;\" target=\"_blank\" rel=\"noopener\" href=\"https:\/\/www.tognella.it\/sites\/default\/files\/prodotti\/disegno_3d\/FT257-2.zip\">Desenho 3D<\/a><\/p>\n","protected":false},"featured_media":10833,"template":"","meta":[],"product_brand":[],"product_cat":[50],"product_tag":[],"class_list":{"0":"post-10831","1":"product","2":"type-product","3":"status-publish","4":"has-post-thumbnail","6":"product_cat-valvulas-em-linha","8":"first","9":"instock","10":"shipping-taxable","11":"product-type-simple"},"yoast_head":"<!-- This site is optimized with the Yoast SEO plugin v27.2 - https:\/\/yoast.com\/product\/yoast-seo-wordpress\/ -->\n<title>V\u00e1lvula Reguladora de Vaz\u00e3o em Linha sem Reten\u00e7\u00e3o - FT 257\/2-112 (Tognella) - ACT Sistemas Hidr\u00e1ulicos<\/title>\n<meta name=\"robots\" content=\"index, follow, max-snippet:-1, max-image-preview:large, max-video-preview:-1\" \/>\n<link rel=\"canonical\" href=\"https:\/\/actbr.com.br\/en\/produto\/valvula-reguladora-de-vazao-em-linha-com-retencao-ft-257-2-112\/\" \/>\n<meta property=\"og:locale\" content=\"en_US\" \/>\n<meta property=\"og:type\" content=\"article\" \/>\n<meta property=\"og:title\" content=\"V\u00e1lvula Reguladora de Vaz\u00e3o em Linha sem Reten\u00e7\u00e3o - FT 257\/2-112 (Tognella) - ACT Sistemas Hidr\u00e1ulicos\" \/>\n<meta property=\"og:description\" content=\"As v\u00e1lvulas FT 257\/2 t\u00eam a fun\u00e7\u00e3o de regular o fluxo em ambos os sentidos da v\u00e1lvula n\u00e3o permitindo um fluxo livre na dire\u00e7\u00e3o oposta.  Apreciadas pelas suas caracter\u00edsticas est\u00e9ticas, que satisfazem positivamente os mais diversos padr\u00f5es construtivos dos equipamentos onde est\u00e3o instalados, as v\u00e1lvulas FT 257\/2 tamb\u00e9m se apresentam como uma solu\u00e7\u00e3o confi\u00e1vel para as mais exigentes aplica\u00e7\u00f5es (tecnicamente e funcionalmente).  O fluxo volum\u00e9trico depende da diferen\u00e7a de press\u00e3o e da viscosidade do flu\u00eddo as quais a v\u00e1lvula est\u00e1 operando (n\u00e3o compensada). A v\u00e1lvula estranguladora de vaz\u00e3o em linha (FT 257\/2) permite um ajuste e fechamento sens\u00edvel de vaz\u00e3o, mediante ao projeto especial de fechamento (redu\u00e7\u00e3o de vaz\u00e3o). Cat\u00e1logo&nbsp;&nbsp;Desenho 3D\" \/>\n<meta property=\"og:url\" content=\"https:\/\/actbr.com.br\/en\/produto\/valvula-reguladora-de-vazao-em-linha-com-retencao-ft-257-2-112\/\" \/>\n<meta property=\"og:site_name\" content=\"ACT Sistemas Hidr\u00e1ulicos\" \/>\n<meta property=\"article:modified_time\" content=\"2023-12-14T18:40:23+00:00\" \/>\n<meta property=\"og:image\" content=\"https:\/\/actbr.com.br\/wp-content\/uploads\/2023\/12\/Tognella_FT-257_2-12.png\" \/>\n\t<meta property=\"og:image:width\" content=\"800\" \/>\n\t<meta property=\"og:image:height\" content=\"532\" \/>\n\t<meta property=\"og:image:type\" content=\"image\/png\" \/>\n<meta name=\"twitter:card\" content=\"summary_large_image\" \/>\n<meta name=\"twitter:label1\" content=\"Est. reading time\" \/>\n\t<meta name=\"twitter:data1\" content=\"2 minutes\" \/>\n<script type=\"application\/ld+json\" class=\"yoast-schema-graph\">{\"@context\":\"https:\/\/schema.org\",\"@graph\":[{\"@type\":\"WebPage\",\"@id\":\"https:\/\/actbr.com.br\/en\/produto\/valvula-reguladora-de-vazao-em-linha-com-retencao-ft-257-2-112\/\",\"url\":\"https:\/\/actbr.com.br\/en\/produto\/valvula-reguladora-de-vazao-em-linha-com-retencao-ft-257-2-112\/\",\"name\":\"V\u00e1lvula Reguladora de Vaz\u00e3o em Linha sem Reten\u00e7\u00e3o - FT 257\/2-112 (Tognella) - ACT Sistemas Hidr\u00e1ulicos\",\"isPartOf\":{\"@id\":\"https:\/\/actbr.com.br\/en\/#website\"},\"primaryImageOfPage\":{\"@id\":\"https:\/\/actbr.com.br\/en\/produto\/valvula-reguladora-de-vazao-em-linha-com-retencao-ft-257-2-112\/#primaryimage\"},\"image\":{\"@id\":\"https:\/\/actbr.com.br\/en\/produto\/valvula-reguladora-de-vazao-em-linha-com-retencao-ft-257-2-112\/#primaryimage\"},\"thumbnailUrl\":\"https:\/\/actbr.com.br\/wp-content\/uploads\/2023\/12\/Tognella_FT-257_2-12.png\",\"datePublished\":\"2023-12-14T16:46:22+00:00\",\"dateModified\":\"2023-12-14T18:40:23+00:00\",\"breadcrumb\":{\"@id\":\"https:\/\/actbr.com.br\/en\/produto\/valvula-reguladora-de-vazao-em-linha-com-retencao-ft-257-2-112\/#breadcrumb\"},\"inLanguage\":\"en-US\",\"potentialAction\":[{\"@type\":\"ReadAction\",\"target\":[\"https:\/\/actbr.com.br\/en\/produto\/valvula-reguladora-de-vazao-em-linha-com-retencao-ft-257-2-112\/\"]}]},{\"@type\":\"ImageObject\",\"inLanguage\":\"en-US\",\"@id\":\"https:\/\/actbr.com.br\/en\/produto\/valvula-reguladora-de-vazao-em-linha-com-retencao-ft-257-2-112\/#primaryimage\",\"url\":\"https:\/\/actbr.com.br\/wp-content\/uploads\/2023\/12\/Tognella_FT-257_2-12.png\",\"contentUrl\":\"https:\/\/actbr.com.br\/wp-content\/uploads\/2023\/12\/Tognella_FT-257_2-12.png\",\"width\":800,\"height\":532},{\"@type\":\"BreadcrumbList\",\"@id\":\"https:\/\/actbr.com.br\/en\/produto\/valvula-reguladora-de-vazao-em-linha-com-retencao-ft-257-2-112\/#breadcrumb\",\"itemListElement\":[{\"@type\":\"ListItem\",\"position\":1,\"name\":\"In\u00edcio\",\"item\":\"https:\/\/actbr.com.br\/en\/\"},{\"@type\":\"ListItem\",\"position\":2,\"name\":\"Produtos\",\"item\":\"https:\/\/actbr.com.br\/produtos-act\/\"},{\"@type\":\"ListItem\",\"position\":3,\"name\":\"V\u00e1lvulas em Linha\",\"item\":\"https:\/\/actbr.com.br\/en\/categoria-produto\/valvulas-em-linha\/\"},{\"@type\":\"ListItem\",\"position\":4,\"name\":\"V\u00e1lvula Reguladora de Vaz\u00e3o em Linha sem Reten\u00e7\u00e3o &#8211; FT 257\/2-112 (Tognella)\"}]},{\"@type\":\"WebSite\",\"@id\":\"https:\/\/actbr.com.br\/en\/#website\",\"url\":\"https:\/\/actbr.com.br\/en\/\",\"name\":\"ACT Sistemas Hidr\u00e1ulicos\",\"description\":\"Fabrica\u00e7\u00e3o e manuten\u00e7\u00e3o de componentes \u00f3leo hidr\u00e1ulicos\",\"publisher\":{\"@id\":\"https:\/\/actbr.com.br\/en\/#organization\"},\"potentialAction\":[{\"@type\":\"SearchAction\",\"target\":{\"@type\":\"EntryPoint\",\"urlTemplate\":\"https:\/\/actbr.com.br\/en\/?s={search_term_string}\"},\"query-input\":{\"@type\":\"PropertyValueSpecification\",\"valueRequired\":true,\"valueName\":\"search_term_string\"}}],\"inLanguage\":\"en-US\"},{\"@type\":\"Organization\",\"@id\":\"https:\/\/actbr.com.br\/en\/#organization\",\"name\":\"ACT Sistemas Hidr\u00e1ulicos\",\"url\":\"https:\/\/actbr.com.br\/en\/\",\"logo\":{\"@type\":\"ImageObject\",\"inLanguage\":\"en-US\",\"@id\":\"https:\/\/actbr.com.br\/en\/#\/schema\/logo\/image\/\",\"url\":\"https:\/\/actbr.com.br\/wp-content\/uploads\/2025\/02\/cropped-ACT_NEGATIVO-marca-dagua.png\",\"contentUrl\":\"https:\/\/actbr.com.br\/wp-content\/uploads\/2025\/02\/cropped-ACT_NEGATIVO-marca-dagua.png\",\"width\":240,\"height\":146,\"caption\":\"ACT Sistemas Hidr\u00e1ulicos\"},\"image\":{\"@id\":\"https:\/\/actbr.com.br\/en\/#\/schema\/logo\/image\/\"}}]}<\/script>\n<!-- \/ Yoast SEO plugin. -->","yoast_head_json":{"title":"V\u00e1lvula Reguladora de Vaz\u00e3o em Linha sem Reten\u00e7\u00e3o - FT 257\/2-112 (Tognella) - ACT Sistemas Hidr\u00e1ulicos","robots":{"index":"index","follow":"follow","max-snippet":"max-snippet:-1","max-image-preview":"max-image-preview:large","max-video-preview":"max-video-preview:-1"},"canonical":"https:\/\/actbr.com.br\/en\/produto\/valvula-reguladora-de-vazao-em-linha-com-retencao-ft-257-2-112\/","og_locale":"en_US","og_type":"article","og_title":"V\u00e1lvula Reguladora de Vaz\u00e3o em Linha sem Reten\u00e7\u00e3o - FT 257\/2-112 (Tognella) - ACT Sistemas Hidr\u00e1ulicos","og_description":"As v\u00e1lvulas FT 257\/2 t\u00eam a fun\u00e7\u00e3o de regular o fluxo em ambos os sentidos da v\u00e1lvula n\u00e3o permitindo um fluxo livre na dire\u00e7\u00e3o oposta.  Apreciadas pelas suas caracter\u00edsticas est\u00e9ticas, que satisfazem positivamente os mais diversos padr\u00f5es construtivos dos equipamentos onde est\u00e3o instalados, as v\u00e1lvulas FT 257\/2 tamb\u00e9m se apresentam como uma solu\u00e7\u00e3o confi\u00e1vel para as mais exigentes aplica\u00e7\u00f5es (tecnicamente e funcionalmente).  O fluxo volum\u00e9trico depende da diferen\u00e7a de press\u00e3o e da viscosidade do flu\u00eddo as quais a v\u00e1lvula est\u00e1 operando (n\u00e3o compensada). A v\u00e1lvula estranguladora de vaz\u00e3o em linha (FT 257\/2) permite um ajuste e fechamento sens\u00edvel de vaz\u00e3o, mediante ao projeto especial de fechamento (redu\u00e7\u00e3o de vaz\u00e3o). Cat\u00e1logo&nbsp;&nbsp;Desenho 3D","og_url":"https:\/\/actbr.com.br\/en\/produto\/valvula-reguladora-de-vazao-em-linha-com-retencao-ft-257-2-112\/","og_site_name":"ACT Sistemas Hidr\u00e1ulicos","article_modified_time":"2023-12-14T18:40:23+00:00","og_image":[{"width":800,"height":532,"url":"https:\/\/actbr.com.br\/wp-content\/uploads\/2023\/12\/Tognella_FT-257_2-12.png","type":"image\/png"}],"twitter_card":"summary_large_image","twitter_misc":{"Est. reading time":"2 minutes"},"schema":{"@context":"https:\/\/schema.org","@graph":[{"@type":"WebPage","@id":"https:\/\/actbr.com.br\/en\/produto\/valvula-reguladora-de-vazao-em-linha-com-retencao-ft-257-2-112\/","url":"https:\/\/actbr.com.br\/en\/produto\/valvula-reguladora-de-vazao-em-linha-com-retencao-ft-257-2-112\/","name":"V\u00e1lvula Reguladora de Vaz\u00e3o em Linha sem Reten\u00e7\u00e3o - FT 257\/2-112 (Tognella) - ACT Sistemas Hidr\u00e1ulicos","isPartOf":{"@id":"https:\/\/actbr.com.br\/en\/#website"},"primaryImageOfPage":{"@id":"https:\/\/actbr.com.br\/en\/produto\/valvula-reguladora-de-vazao-em-linha-com-retencao-ft-257-2-112\/#primaryimage"},"image":{"@id":"https:\/\/actbr.com.br\/en\/produto\/valvula-reguladora-de-vazao-em-linha-com-retencao-ft-257-2-112\/#primaryimage"},"thumbnailUrl":"https:\/\/actbr.com.br\/wp-content\/uploads\/2023\/12\/Tognella_FT-257_2-12.png","datePublished":"2023-12-14T16:46:22+00:00","dateModified":"2023-12-14T18:40:23+00:00","breadcrumb":{"@id":"https:\/\/actbr.com.br\/en\/produto\/valvula-reguladora-de-vazao-em-linha-com-retencao-ft-257-2-112\/#breadcrumb"},"inLanguage":"en-US","potentialAction":[{"@type":"ReadAction","target":["https:\/\/actbr.com.br\/en\/produto\/valvula-reguladora-de-vazao-em-linha-com-retencao-ft-257-2-112\/"]}]},{"@type":"ImageObject","inLanguage":"en-US","@id":"https:\/\/actbr.com.br\/en\/produto\/valvula-reguladora-de-vazao-em-linha-com-retencao-ft-257-2-112\/#primaryimage","url":"https:\/\/actbr.com.br\/wp-content\/uploads\/2023\/12\/Tognella_FT-257_2-12.png","contentUrl":"https:\/\/actbr.com.br\/wp-content\/uploads\/2023\/12\/Tognella_FT-257_2-12.png","width":800,"height":532},{"@type":"BreadcrumbList","@id":"https:\/\/actbr.com.br\/en\/produto\/valvula-reguladora-de-vazao-em-linha-com-retencao-ft-257-2-112\/#breadcrumb","itemListElement":[{"@type":"ListItem","position":1,"name":"In\u00edcio","item":"https:\/\/actbr.com.br\/en\/"},{"@type":"ListItem","position":2,"name":"Produtos","item":"https:\/\/actbr.com.br\/produtos-act\/"},{"@type":"ListItem","position":3,"name":"V\u00e1lvulas em Linha","item":"https:\/\/actbr.com.br\/en\/categoria-produto\/valvulas-em-linha\/"},{"@type":"ListItem","position":4,"name":"V\u00e1lvula Reguladora de Vaz\u00e3o em Linha sem Reten\u00e7\u00e3o &#8211; FT 257\/2-112 (Tognella)"}]},{"@type":"WebSite","@id":"https:\/\/actbr.com.br\/en\/#website","url":"https:\/\/actbr.com.br\/en\/","name":"ACT Sistemas Hidr\u00e1ulicos","description":"Fabrica\u00e7\u00e3o e manuten\u00e7\u00e3o de componentes \u00f3leo hidr\u00e1ulicos","publisher":{"@id":"https:\/\/actbr.com.br\/en\/#organization"},"potentialAction":[{"@type":"SearchAction","target":{"@type":"EntryPoint","urlTemplate":"https:\/\/actbr.com.br\/en\/?s={search_term_string}"},"query-input":{"@type":"PropertyValueSpecification","valueRequired":true,"valueName":"search_term_string"}}],"inLanguage":"en-US"},{"@type":"Organization","@id":"https:\/\/actbr.com.br\/en\/#organization","name":"ACT Sistemas Hidr\u00e1ulicos","url":"https:\/\/actbr.com.br\/en\/","logo":{"@type":"ImageObject","inLanguage":"en-US","@id":"https:\/\/actbr.com.br\/en\/#\/schema\/logo\/image\/","url":"https:\/\/actbr.com.br\/wp-content\/uploads\/2025\/02\/cropped-ACT_NEGATIVO-marca-dagua.png","contentUrl":"https:\/\/actbr.com.br\/wp-content\/uploads\/2025\/02\/cropped-ACT_NEGATIVO-marca-dagua.png","width":240,"height":146,"caption":"ACT Sistemas Hidr\u00e1ulicos"},"image":{"@id":"https:\/\/actbr.com.br\/en\/#\/schema\/logo\/image\/"}}]}},"_links":{"self":[{"href":"https:\/\/actbr.com.br\/en\/wp-json\/wp\/v2\/product\/10831","targetHints":{"allow":["GET"]}}],"collection":[{"href":"https:\/\/actbr.com.br\/en\/wp-json\/wp\/v2\/product"}],"about":[{"href":"https:\/\/actbr.com.br\/en\/wp-json\/wp\/v2\/types\/product"}],"wp:featuredmedia":[{"embeddable":true,"href":"https:\/\/actbr.com.br\/en\/wp-json\/wp\/v2\/media\/10833"}],"wp:attachment":[{"href":"https:\/\/actbr.com.br\/en\/wp-json\/wp\/v2\/media?parent=10831"}],"wp:term":[{"taxonomy":"product_brand","embeddable":true,"href":"https:\/\/actbr.com.br\/en\/wp-json\/wp\/v2\/product_brand?post=10831"},{"taxonomy":"product_cat","embeddable":true,"href":"https:\/\/actbr.com.br\/en\/wp-json\/wp\/v2\/product_cat?post=10831"},{"taxonomy":"product_tag","embeddable":true,"href":"https:\/\/actbr.com.br\/en\/wp-json\/wp\/v2\/product_tag?post=10831"}],"curies":[{"name":"wp","href":"https:\/\/api.w.org\/{rel}","templated":true}]}}