{"id":10963,"date":"2023-12-19T11:44:20","date_gmt":"2023-12-19T14:44:20","guid":{"rendered":"https:\/\/actbr.com.br\/?post_type=product&#038;p=10963"},"modified":"2023-12-19T11:44:40","modified_gmt":"2023-12-19T14:44:40","slug":"coxim-de-amortecimento-para-motores-eletricos-mdl-225m","status":"publish","type":"product","link":"https:\/\/actbr.com.br\/en\/produto\/coxim-de-amortecimento-para-motores-eletricos-mdl-225m\/","title":{"rendered":"Coxim de amortecimento para motores el\u00e9tricos &#8211; MDL 225M"},"content":{"rendered":"<p><strong>Coxim de amortecimento para motores el\u00e9tricos &#8211; MDL 225M<\/strong><\/p>\n<p>Os coxins de amortecimento reduzem o n\u00edvel de ru\u00eddo e amortecem as vibra\u00e7\u00f5es em montagens de grupos motobomba (motor + bomba).<\/p>\n<p>Nossos coxins de amortecimento se apresentam como uma eficaz solu\u00e7\u00e3o para se proporcionar a estabilidade e o aumento da vida \u00fatil dos componentes em sistemas hidr\u00e1ulicos.<\/p>\n<p>O ru\u00eddo transmitido pela estrutura \u00e9 efetivamente amortecido pela combina\u00e7\u00e3o de metal e borracha natural.<\/p>\n<p>Al\u00e9m disso, as hastes de amortecimento refor\u00e7am a estrutura adjacente, tais como costuras ou folhas de refor\u00e7o soldadas, o que tem um efeito positivo na segrega\u00e7\u00e3o do ru\u00eddo transmitido pela estrutura.<\/p>\n<p><strong>Caracter\u00edsticas:<\/strong><\/p>\n<p>Elaborados para motores el\u00e9tricos da forma construtiva IM B35 e aeroportos padr\u00e3o VDMA 24 561;<br \/>\nReduz os n\u00edveis de ru\u00eddo e vibra\u00e7\u00e3o;<br \/>\nBorracha natural com boas propriedades de amortecimento (NBR) vulcanizada com pastilhas de a\u00e7o;<br \/>\nNenhuma conex\u00e3o met\u00e1lica entre a almofada e a subestrutura;<br \/>\nDispon\u00edvel os motores IEC at\u00e9 o tamanho 315S (DSM);<br \/>\nDispon\u00edvel para todos os suportes;<br \/>\nTamb\u00e9m dispon\u00edvel para motores el\u00e9tricos em conformidade com a norma NEMA;<br \/>\nComprimentos e vers\u00f5es especiais sob consulta;<br \/>\nTodas as almofadas de amortecimento s\u00e3o adequadas para combina\u00e7\u00f5es normais de motor \/ bomba.<\/p>\n","protected":false},"excerpt":{"rendered":"<p>Os coxins de amortecimento reduzem o n\u00edvel de ru\u00eddo e amortecem as vibra\u00e7\u00f5es em montagens de grupos motobomba (motor + bomba).<\/p>\n<p>Nossos coxins de amortecimento se apresentam como uma eficaz solu\u00e7\u00e3o para se proporcionar a estabilidade e o aumento da vida \u00fatil dos componentes em sistemas hidr\u00e1ulicos.<\/p>\n<p>O ru\u00eddo transmitido pela estrutura \u00e9 efetivamente amortecido pela combina\u00e7\u00e3o de metal e borracha natural.<\/p>\n<p>Al\u00e9m disso, as hastes de amortecimento refor\u00e7am a estrutura adjacente, tais como costuras ou folhas de refor\u00e7o soldadas, o que tem um efeito positivo na segrega\u00e7\u00e3o do ru\u00eddo transmitido pela estrutura.<\/p>\n<p style=\"text-align: center;\"><a class=\"fasc-button fasc-size-medium fasc-type-flat fasc-rounded-medium\" style=\"background-color: #003668; color: #ffffff;\" target=\"_blank\" rel=\"noopener\" href=\"https:\/\/actbr.com.br\/wp-content\/uploads\/2023\/12\/mdl-coxim-para-motorbomba.pdf\">Cat\u00e1logo<\/a><\/p>\n","protected":false},"featured_media":10947,"template":"","meta":[],"product_brand":[],"product_cat":[114],"product_tag":[],"class_list":{"0":"post-10963","1":"product","2":"type-product","3":"status-publish","4":"has-post-thumbnail","6":"product_cat-coxim-para-motores","8":"first","9":"instock","10":"shipping-taxable","11":"product-type-simple"},"yoast_head":"<!-- This site is optimized with the Yoast SEO plugin v27.5 - https:\/\/yoast.com\/product\/yoast-seo-wordpress\/ -->\n<title>Coxim de amortecimento para motores el\u00e9tricos - MDL 225M - ACT Sistemas Hidr\u00e1ulicos<\/title>\n<meta name=\"robots\" content=\"index, follow, max-snippet:-1, max-image-preview:large, max-video-preview:-1\" \/>\n<link rel=\"canonical\" href=\"https:\/\/actbr.com.br\/en\/produto\/coxim-de-amortecimento-para-motores-eletricos-mdl-225m\/\" \/>\n<meta property=\"og:locale\" content=\"en_US\" \/>\n<meta property=\"og:type\" content=\"article\" \/>\n<meta property=\"og:title\" content=\"Coxim de amortecimento para motores el\u00e9tricos - MDL 225M - ACT Sistemas Hidr\u00e1ulicos\" \/>\n<meta property=\"og:description\" content=\"Os coxins de amortecimento reduzem o n\u00edvel de ru\u00eddo e amortecem as vibra\u00e7\u00f5es em montagens de grupos motobomba (motor + bomba).  Nossos coxins de amortecimento se apresentam como uma eficaz solu\u00e7\u00e3o para se proporcionar a estabilidade e o aumento da vida \u00fatil dos componentes em sistemas hidr\u00e1ulicos.  O ru\u00eddo transmitido pela estrutura \u00e9 efetivamente amortecido pela combina\u00e7\u00e3o de metal e borracha natural.  Al\u00e9m disso, as hastes de amortecimento refor\u00e7am a estrutura adjacente, tais como costuras ou folhas de refor\u00e7o soldadas, o que tem um efeito positivo na segrega\u00e7\u00e3o do ru\u00eddo transmitido pela estrutura. Cat\u00e1logo\" \/>\n<meta property=\"og:url\" content=\"https:\/\/actbr.com.br\/en\/produto\/coxim-de-amortecimento-para-motores-eletricos-mdl-225m\/\" \/>\n<meta property=\"og:site_name\" content=\"ACT Sistemas Hidr\u00e1ulicos\" \/>\n<meta property=\"article:modified_time\" content=\"2023-12-19T14:44:40+00:00\" \/>\n<meta property=\"og:image\" content=\"https:\/\/actbr.com.br\/wp-content\/uploads\/2023\/12\/raja-lovejoy-coxim-160m-mdl160m.jpg-2.jpg\" \/>\n\t<meta property=\"og:image:width\" content=\"1000\" \/>\n\t<meta property=\"og:image:height\" content=\"1000\" \/>\n\t<meta property=\"og:image:type\" content=\"image\/jpeg\" \/>\n<meta name=\"twitter:card\" content=\"summary_large_image\" \/>\n<meta name=\"twitter:label1\" content=\"Est. reading time\" \/>\n\t<meta name=\"twitter:data1\" content=\"2 minutes\" \/>\n<script type=\"application\/ld+json\" class=\"yoast-schema-graph\">{\"@context\":\"https:\\\/\\\/schema.org\",\"@graph\":[{\"@type\":\"WebPage\",\"@id\":\"https:\\\/\\\/actbr.com.br\\\/en\\\/produto\\\/coxim-de-amortecimento-para-motores-eletricos-mdl-225m\\\/\",\"url\":\"https:\\\/\\\/actbr.com.br\\\/en\\\/produto\\\/coxim-de-amortecimento-para-motores-eletricos-mdl-225m\\\/\",\"name\":\"Coxim de amortecimento para motores el\u00e9tricos - MDL 225M - ACT Sistemas Hidr\u00e1ulicos\",\"isPartOf\":{\"@id\":\"https:\\\/\\\/actbr.com.br\\\/en\\\/#website\"},\"primaryImageOfPage\":{\"@id\":\"https:\\\/\\\/actbr.com.br\\\/en\\\/produto\\\/coxim-de-amortecimento-para-motores-eletricos-mdl-225m\\\/#primaryimage\"},\"image\":{\"@id\":\"https:\\\/\\\/actbr.com.br\\\/en\\\/produto\\\/coxim-de-amortecimento-para-motores-eletricos-mdl-225m\\\/#primaryimage\"},\"thumbnailUrl\":\"https:\\\/\\\/actbr.com.br\\\/wp-content\\\/uploads\\\/2023\\\/12\\\/raja-lovejoy-coxim-160m-mdl160m.jpg-2.jpg\",\"datePublished\":\"2023-12-19T14:44:20+00:00\",\"dateModified\":\"2023-12-19T14:44:40+00:00\",\"breadcrumb\":{\"@id\":\"https:\\\/\\\/actbr.com.br\\\/en\\\/produto\\\/coxim-de-amortecimento-para-motores-eletricos-mdl-225m\\\/#breadcrumb\"},\"inLanguage\":\"en-US\",\"potentialAction\":[{\"@type\":\"ReadAction\",\"target\":[\"https:\\\/\\\/actbr.com.br\\\/en\\\/produto\\\/coxim-de-amortecimento-para-motores-eletricos-mdl-225m\\\/\"]}]},{\"@type\":\"ImageObject\",\"inLanguage\":\"en-US\",\"@id\":\"https:\\\/\\\/actbr.com.br\\\/en\\\/produto\\\/coxim-de-amortecimento-para-motores-eletricos-mdl-225m\\\/#primaryimage\",\"url\":\"https:\\\/\\\/actbr.com.br\\\/wp-content\\\/uploads\\\/2023\\\/12\\\/raja-lovejoy-coxim-160m-mdl160m.jpg-2.jpg\",\"contentUrl\":\"https:\\\/\\\/actbr.com.br\\\/wp-content\\\/uploads\\\/2023\\\/12\\\/raja-lovejoy-coxim-160m-mdl160m.jpg-2.jpg\",\"width\":1000,\"height\":1000},{\"@type\":\"BreadcrumbList\",\"@id\":\"https:\\\/\\\/actbr.com.br\\\/en\\\/produto\\\/coxim-de-amortecimento-para-motores-eletricos-mdl-225m\\\/#breadcrumb\",\"itemListElement\":[{\"@type\":\"ListItem\",\"position\":1,\"name\":\"In\u00edcio\",\"item\":\"https:\\\/\\\/actbr.com.br\\\/en\\\/\"},{\"@type\":\"ListItem\",\"position\":2,\"name\":\"Produtos\",\"item\":\"https:\\\/\\\/actbr.com.br\\\/produtos-act\\\/\"},{\"@type\":\"ListItem\",\"position\":3,\"name\":\"Acess\u00f3rios\",\"item\":\"https:\\\/\\\/actbr.com.br\\\/en\\\/categoria-produto\\\/acessorios\\\/\"},{\"@type\":\"ListItem\",\"position\":4,\"name\":\"Coxim para Motores\",\"item\":\"https:\\\/\\\/actbr.com.br\\\/en\\\/categoria-produto\\\/acessorios\\\/coxim-para-motores\\\/\"},{\"@type\":\"ListItem\",\"position\":5,\"name\":\"Coxim de amortecimento para motores el\u00e9tricos &#8211; MDL 225M\"}]},{\"@type\":\"WebSite\",\"@id\":\"https:\\\/\\\/actbr.com.br\\\/en\\\/#website\",\"url\":\"https:\\\/\\\/actbr.com.br\\\/en\\\/\",\"name\":\"ACT Sistemas Hidr\u00e1ulicos\",\"description\":\"Fabrica\u00e7\u00e3o e manuten\u00e7\u00e3o de componentes \u00f3leo hidr\u00e1ulicos\",\"publisher\":{\"@id\":\"https:\\\/\\\/actbr.com.br\\\/en\\\/#organization\"},\"potentialAction\":[{\"@type\":\"SearchAction\",\"target\":{\"@type\":\"EntryPoint\",\"urlTemplate\":\"https:\\\/\\\/actbr.com.br\\\/en\\\/?s={search_term_string}\"},\"query-input\":{\"@type\":\"PropertyValueSpecification\",\"valueRequired\":true,\"valueName\":\"search_term_string\"}}],\"inLanguage\":\"en-US\"},{\"@type\":\"Organization\",\"@id\":\"https:\\\/\\\/actbr.com.br\\\/en\\\/#organization\",\"name\":\"ACT Sistemas Hidr\u00e1ulicos\",\"url\":\"https:\\\/\\\/actbr.com.br\\\/en\\\/\",\"logo\":{\"@type\":\"ImageObject\",\"inLanguage\":\"en-US\",\"@id\":\"https:\\\/\\\/actbr.com.br\\\/en\\\/#\\\/schema\\\/logo\\\/image\\\/\",\"url\":\"https:\\\/\\\/actbr.com.br\\\/wp-content\\\/uploads\\\/2025\\\/02\\\/cropped-ACT_NEGATIVO-marca-dagua.png\",\"contentUrl\":\"https:\\\/\\\/actbr.com.br\\\/wp-content\\\/uploads\\\/2025\\\/02\\\/cropped-ACT_NEGATIVO-marca-dagua.png\",\"width\":240,\"height\":146,\"caption\":\"ACT Sistemas Hidr\u00e1ulicos\"},\"image\":{\"@id\":\"https:\\\/\\\/actbr.com.br\\\/en\\\/#\\\/schema\\\/logo\\\/image\\\/\"}}]}<\/script>\n<!-- \/ Yoast SEO plugin. -->","yoast_head_json":{"title":"Coxim de amortecimento para motores el\u00e9tricos - MDL 225M - ACT Sistemas Hidr\u00e1ulicos","robots":{"index":"index","follow":"follow","max-snippet":"max-snippet:-1","max-image-preview":"max-image-preview:large","max-video-preview":"max-video-preview:-1"},"canonical":"https:\/\/actbr.com.br\/en\/produto\/coxim-de-amortecimento-para-motores-eletricos-mdl-225m\/","og_locale":"en_US","og_type":"article","og_title":"Coxim de amortecimento para motores el\u00e9tricos - MDL 225M - ACT Sistemas Hidr\u00e1ulicos","og_description":"Os coxins de amortecimento reduzem o n\u00edvel de ru\u00eddo e amortecem as vibra\u00e7\u00f5es em montagens de grupos motobomba (motor + bomba).  Nossos coxins de amortecimento se apresentam como uma eficaz solu\u00e7\u00e3o para se proporcionar a estabilidade e o aumento da vida \u00fatil dos componentes em sistemas hidr\u00e1ulicos.  O ru\u00eddo transmitido pela estrutura \u00e9 efetivamente amortecido pela combina\u00e7\u00e3o de metal e borracha natural.  Al\u00e9m disso, as hastes de amortecimento refor\u00e7am a estrutura adjacente, tais como costuras ou folhas de refor\u00e7o soldadas, o que tem um efeito positivo na segrega\u00e7\u00e3o do ru\u00eddo transmitido pela estrutura. Cat\u00e1logo","og_url":"https:\/\/actbr.com.br\/en\/produto\/coxim-de-amortecimento-para-motores-eletricos-mdl-225m\/","og_site_name":"ACT Sistemas Hidr\u00e1ulicos","article_modified_time":"2023-12-19T14:44:40+00:00","og_image":[{"width":1000,"height":1000,"url":"https:\/\/actbr.com.br\/wp-content\/uploads\/2023\/12\/raja-lovejoy-coxim-160m-mdl160m.jpg-2.jpg","type":"image\/jpeg"}],"twitter_card":"summary_large_image","twitter_misc":{"Est. reading time":"2 minutes"},"schema":{"@context":"https:\/\/schema.org","@graph":[{"@type":"WebPage","@id":"https:\/\/actbr.com.br\/en\/produto\/coxim-de-amortecimento-para-motores-eletricos-mdl-225m\/","url":"https:\/\/actbr.com.br\/en\/produto\/coxim-de-amortecimento-para-motores-eletricos-mdl-225m\/","name":"Coxim de amortecimento para motores el\u00e9tricos - MDL 225M - ACT Sistemas Hidr\u00e1ulicos","isPartOf":{"@id":"https:\/\/actbr.com.br\/en\/#website"},"primaryImageOfPage":{"@id":"https:\/\/actbr.com.br\/en\/produto\/coxim-de-amortecimento-para-motores-eletricos-mdl-225m\/#primaryimage"},"image":{"@id":"https:\/\/actbr.com.br\/en\/produto\/coxim-de-amortecimento-para-motores-eletricos-mdl-225m\/#primaryimage"},"thumbnailUrl":"https:\/\/actbr.com.br\/wp-content\/uploads\/2023\/12\/raja-lovejoy-coxim-160m-mdl160m.jpg-2.jpg","datePublished":"2023-12-19T14:44:20+00:00","dateModified":"2023-12-19T14:44:40+00:00","breadcrumb":{"@id":"https:\/\/actbr.com.br\/en\/produto\/coxim-de-amortecimento-para-motores-eletricos-mdl-225m\/#breadcrumb"},"inLanguage":"en-US","potentialAction":[{"@type":"ReadAction","target":["https:\/\/actbr.com.br\/en\/produto\/coxim-de-amortecimento-para-motores-eletricos-mdl-225m\/"]}]},{"@type":"ImageObject","inLanguage":"en-US","@id":"https:\/\/actbr.com.br\/en\/produto\/coxim-de-amortecimento-para-motores-eletricos-mdl-225m\/#primaryimage","url":"https:\/\/actbr.com.br\/wp-content\/uploads\/2023\/12\/raja-lovejoy-coxim-160m-mdl160m.jpg-2.jpg","contentUrl":"https:\/\/actbr.com.br\/wp-content\/uploads\/2023\/12\/raja-lovejoy-coxim-160m-mdl160m.jpg-2.jpg","width":1000,"height":1000},{"@type":"BreadcrumbList","@id":"https:\/\/actbr.com.br\/en\/produto\/coxim-de-amortecimento-para-motores-eletricos-mdl-225m\/#breadcrumb","itemListElement":[{"@type":"ListItem","position":1,"name":"In\u00edcio","item":"https:\/\/actbr.com.br\/en\/"},{"@type":"ListItem","position":2,"name":"Produtos","item":"https:\/\/actbr.com.br\/produtos-act\/"},{"@type":"ListItem","position":3,"name":"Acess\u00f3rios","item":"https:\/\/actbr.com.br\/en\/categoria-produto\/acessorios\/"},{"@type":"ListItem","position":4,"name":"Coxim para Motores","item":"https:\/\/actbr.com.br\/en\/categoria-produto\/acessorios\/coxim-para-motores\/"},{"@type":"ListItem","position":5,"name":"Coxim de amortecimento para motores el\u00e9tricos &#8211; MDL 225M"}]},{"@type":"WebSite","@id":"https:\/\/actbr.com.br\/en\/#website","url":"https:\/\/actbr.com.br\/en\/","name":"ACT Sistemas Hidr\u00e1ulicos","description":"Fabrica\u00e7\u00e3o e manuten\u00e7\u00e3o de componentes \u00f3leo hidr\u00e1ulicos","publisher":{"@id":"https:\/\/actbr.com.br\/en\/#organization"},"potentialAction":[{"@type":"SearchAction","target":{"@type":"EntryPoint","urlTemplate":"https:\/\/actbr.com.br\/en\/?s={search_term_string}"},"query-input":{"@type":"PropertyValueSpecification","valueRequired":true,"valueName":"search_term_string"}}],"inLanguage":"en-US"},{"@type":"Organization","@id":"https:\/\/actbr.com.br\/en\/#organization","name":"ACT Sistemas Hidr\u00e1ulicos","url":"https:\/\/actbr.com.br\/en\/","logo":{"@type":"ImageObject","inLanguage":"en-US","@id":"https:\/\/actbr.com.br\/en\/#\/schema\/logo\/image\/","url":"https:\/\/actbr.com.br\/wp-content\/uploads\/2025\/02\/cropped-ACT_NEGATIVO-marca-dagua.png","contentUrl":"https:\/\/actbr.com.br\/wp-content\/uploads\/2025\/02\/cropped-ACT_NEGATIVO-marca-dagua.png","width":240,"height":146,"caption":"ACT Sistemas Hidr\u00e1ulicos"},"image":{"@id":"https:\/\/actbr.com.br\/en\/#\/schema\/logo\/image\/"}}]}},"_links":{"self":[{"href":"https:\/\/actbr.com.br\/en\/wp-json\/wp\/v2\/product\/10963","targetHints":{"allow":["GET"]}}],"collection":[{"href":"https:\/\/actbr.com.br\/en\/wp-json\/wp\/v2\/product"}],"about":[{"href":"https:\/\/actbr.com.br\/en\/wp-json\/wp\/v2\/types\/product"}],"wp:featuredmedia":[{"embeddable":true,"href":"https:\/\/actbr.com.br\/en\/wp-json\/wp\/v2\/media\/10947"}],"wp:attachment":[{"href":"https:\/\/actbr.com.br\/en\/wp-json\/wp\/v2\/media?parent=10963"}],"wp:term":[{"taxonomy":"product_brand","embeddable":true,"href":"https:\/\/actbr.com.br\/en\/wp-json\/wp\/v2\/product_brand?post=10963"},{"taxonomy":"product_cat","embeddable":true,"href":"https:\/\/actbr.com.br\/en\/wp-json\/wp\/v2\/product_cat?post=10963"},{"taxonomy":"product_tag","embeddable":true,"href":"https:\/\/actbr.com.br\/en\/wp-json\/wp\/v2\/product_tag?post=10963"}],"curies":[{"name":"wp","href":"https:\/\/api.w.org\/{rel}","templated":true}]}}