{"id":11063,"date":"2023-12-29T10:01:39","date_gmt":"2023-12-29T13:01:39","guid":{"rendered":"https:\/\/actbr.com.br\/?post_type=product&#038;p=11063"},"modified":"2023-12-29T10:03:50","modified_gmt":"2023-12-29T13:03:50","slug":"bomba-de-palhetas-de-deslocamento-fixo-atos-pfe-41045-1dt","status":"publish","type":"product","link":"https:\/\/actbr.com.br\/en\/produto\/bomba-de-palhetas-de-deslocamento-fixo-atos-pfe-41045-1dt\/","title":{"rendered":"Bomba de Palhetas de Deslocamento Fixo Atos &#8211; PFE-41045\/1DT"},"content":{"rendered":"<p><strong>Bomba de Palhetas de Deslocamento Fixo Atos &#8211; PFE-41045\/1DT<\/strong><\/p>\n<p>As Bombas de Palhetas de Deslocamento Fixo Atos padr\u00e3o PFE combinam pot\u00eancia, alta efici\u00eancia e facilidade de manuten\u00e7\u00e3o.<\/p>\n<p>As bombas de palhetas hidr\u00e1ulicas s\u00e3o amplamente utilizadas em equipamentos pesados, m\u00e1quinas de minera\u00e7\u00e3o, m\u00e1quinas de borracha e pl\u00e1stico, m\u00e1quinas de sapatos, m\u00e1quinas metal\u00fargicas, m\u00e1quinas de corte de metal e outros tipos de sistemas hidr\u00e1ulicos.<\/p>\n<p>Nosso projeto conta com mecanismo de auto compensa\u00e7\u00e3o de desgastes e folgas das palhetas, proporcionando ao sistema \u00f3tima efici\u00eancia volum\u00e9trica durante a vida \u00fatil (estabilidade volum\u00e9trica).<\/p>\n<p><strong>Caracter\u00edsticas:<\/strong><\/p>\n<p>Bomba da s\u00e9rie: PFE-41;<br \/>\nDeslocamento volum\u00e9trico em cc\/revolu\u00e7\u00e3o: 45 (cc\/revolu\u00e7\u00e3o);<br \/>\nRota\u00e7\u00e3o M\u00e1xima = 2500 rpm;<br \/>\nPress\u00e3o M\u00e1xima = 210 bar &#8211; 3000 psi;<br \/>\nPeso: 14 kg;<br \/>\nFlange = SAE B;<br \/>\nEixo = \u00d822,22 mm;<br \/>\nSuc\u00e7\u00e3o = SAE 1.1\/2\u201d;<br \/>\nPress\u00e3o = SAE 1\u201d;<\/p>\n<p>Alta efici\u00eancia volum\u00e9trica;<br \/>\nAltas velocidades de opera\u00e7\u00e3o;<br \/>\nPlacas flex\u00edveis de lat\u00e3o com press\u00e3o balanceada;<br \/>\nVers\u00e1til e Compacto;<br \/>\nTolerante a contaminantes;<\/p>\n","protected":false},"excerpt":{"rendered":"<p>Bomba de Palhetas de Deslocamento Fixo Atos &#8211; PFE-41045\/1DT As Bombas de Palhetas de Deslocamento Fixo Atos padr\u00e3o PFE combinam pot\u00eancia, alta efici\u00eancia e facilidade de manuten\u00e7\u00e3o. As bombas de palhetas hidr\u00e1ulicas s\u00e3o amplamente utilizadas em equipamentos pesados, m\u00e1quinas de minera\u00e7\u00e3o, m\u00e1quinas de borracha e pl\u00e1stico, m\u00e1quinas de sapatos, m\u00e1quinas metal\u00fargicas, m\u00e1quinas de corte de &hellip; <\/p>\n<p class=\"link-more\"><a href=\"https:\/\/actbr.com.br\/en\/produto\/bomba-de-palhetas-de-deslocamento-fixo-atos-pfe-41045-1dt\/\" class=\"more-link\">Read more<span class=\"screen-reader-text\"> &#8220;Bomba de Palhetas de Deslocamento Fixo Atos &#8211; PFE-41045\/1DT&#8221;<\/span><\/a><\/p>\n","protected":false},"featured_media":11061,"template":"","meta":[],"product_brand":[],"product_cat":[119],"product_tag":[],"class_list":{"0":"post-11063","1":"product","2":"type-product","3":"status-publish","4":"has-post-thumbnail","6":"product_cat-bombas-de-palhetas","8":"first","9":"instock","10":"shipping-taxable","11":"product-type-simple"},"yoast_head":"<!-- This site is optimized with the Yoast SEO plugin v27.2 - https:\/\/yoast.com\/product\/yoast-seo-wordpress\/ -->\n<title>Bomba de Palhetas de Deslocamento Fixo Atos - PFE-41045\/1DT - ACT Sistemas Hidr\u00e1ulicos<\/title>\n<meta name=\"robots\" content=\"index, follow, max-snippet:-1, max-image-preview:large, max-video-preview:-1\" \/>\n<link rel=\"canonical\" href=\"https:\/\/actbr.com.br\/en\/produto\/bomba-de-palhetas-de-deslocamento-fixo-atos-pfe-41045-1dt\/\" \/>\n<meta property=\"og:locale\" content=\"en_US\" \/>\n<meta property=\"og:type\" content=\"article\" \/>\n<meta property=\"og:title\" content=\"Bomba de Palhetas de Deslocamento Fixo Atos - PFE-41045\/1DT - ACT Sistemas Hidr\u00e1ulicos\" \/>\n<meta property=\"og:description\" content=\"Bomba de Palhetas de Deslocamento Fixo Atos &#8211; PFE-41045\/1DT As Bombas de Palhetas de Deslocamento Fixo Atos padr\u00e3o PFE combinam pot\u00eancia, alta efici\u00eancia e facilidade de manuten\u00e7\u00e3o. As bombas de palhetas hidr\u00e1ulicas s\u00e3o amplamente utilizadas em equipamentos pesados, m\u00e1quinas de minera\u00e7\u00e3o, m\u00e1quinas de borracha e pl\u00e1stico, m\u00e1quinas de sapatos, m\u00e1quinas metal\u00fargicas, m\u00e1quinas de corte de &hellip; Read more &quot;Bomba de Palhetas de Deslocamento Fixo Atos &#8211; PFE-41045\/1DT&quot;\" \/>\n<meta property=\"og:url\" content=\"https:\/\/actbr.com.br\/en\/produto\/bomba-de-palhetas-de-deslocamento-fixo-atos-pfe-41045-1dt\/\" \/>\n<meta property=\"og:site_name\" content=\"ACT Sistemas Hidr\u00e1ulicos\" \/>\n<meta property=\"article:modified_time\" content=\"2023-12-29T13:03:50+00:00\" \/>\n<meta property=\"og:image\" content=\"https:\/\/actbr.com.br\/wp-content\/uploads\/2023\/12\/bomba-de-palhetas-pfe-31-41-51-32-42-52-act-atos-1.jpg\" \/>\n\t<meta property=\"og:image:width\" content=\"1566\" \/>\n\t<meta property=\"og:image:height\" content=\"1458\" \/>\n\t<meta property=\"og:image:type\" content=\"image\/jpeg\" \/>\n<meta name=\"twitter:card\" content=\"summary_large_image\" \/>\n<meta name=\"twitter:label1\" content=\"Est. reading time\" \/>\n\t<meta name=\"twitter:data1\" content=\"1 minute\" \/>\n<script type=\"application\/ld+json\" class=\"yoast-schema-graph\">{\"@context\":\"https:\/\/schema.org\",\"@graph\":[{\"@type\":\"WebPage\",\"@id\":\"https:\/\/actbr.com.br\/en\/produto\/bomba-de-palhetas-de-deslocamento-fixo-atos-pfe-41045-1dt\/\",\"url\":\"https:\/\/actbr.com.br\/en\/produto\/bomba-de-palhetas-de-deslocamento-fixo-atos-pfe-41045-1dt\/\",\"name\":\"Bomba de Palhetas de Deslocamento Fixo Atos - PFE-41045\/1DT - ACT Sistemas Hidr\u00e1ulicos\",\"isPartOf\":{\"@id\":\"https:\/\/actbr.com.br\/en\/#website\"},\"primaryImageOfPage\":{\"@id\":\"https:\/\/actbr.com.br\/en\/produto\/bomba-de-palhetas-de-deslocamento-fixo-atos-pfe-41045-1dt\/#primaryimage\"},\"image\":{\"@id\":\"https:\/\/actbr.com.br\/en\/produto\/bomba-de-palhetas-de-deslocamento-fixo-atos-pfe-41045-1dt\/#primaryimage\"},\"thumbnailUrl\":\"https:\/\/actbr.com.br\/wp-content\/uploads\/2023\/12\/bomba-de-palhetas-pfe-31-41-51-32-42-52-act-atos-1.jpg\",\"datePublished\":\"2023-12-29T13:01:39+00:00\",\"dateModified\":\"2023-12-29T13:03:50+00:00\",\"breadcrumb\":{\"@id\":\"https:\/\/actbr.com.br\/en\/produto\/bomba-de-palhetas-de-deslocamento-fixo-atos-pfe-41045-1dt\/#breadcrumb\"},\"inLanguage\":\"en-US\",\"potentialAction\":[{\"@type\":\"ReadAction\",\"target\":[\"https:\/\/actbr.com.br\/en\/produto\/bomba-de-palhetas-de-deslocamento-fixo-atos-pfe-41045-1dt\/\"]}]},{\"@type\":\"ImageObject\",\"inLanguage\":\"en-US\",\"@id\":\"https:\/\/actbr.com.br\/en\/produto\/bomba-de-palhetas-de-deslocamento-fixo-atos-pfe-41045-1dt\/#primaryimage\",\"url\":\"https:\/\/actbr.com.br\/wp-content\/uploads\/2023\/12\/bomba-de-palhetas-pfe-31-41-51-32-42-52-act-atos-1.jpg\",\"contentUrl\":\"https:\/\/actbr.com.br\/wp-content\/uploads\/2023\/12\/bomba-de-palhetas-pfe-31-41-51-32-42-52-act-atos-1.jpg\",\"width\":1566,\"height\":1458},{\"@type\":\"BreadcrumbList\",\"@id\":\"https:\/\/actbr.com.br\/en\/produto\/bomba-de-palhetas-de-deslocamento-fixo-atos-pfe-41045-1dt\/#breadcrumb\",\"itemListElement\":[{\"@type\":\"ListItem\",\"position\":1,\"name\":\"In\u00edcio\",\"item\":\"https:\/\/actbr.com.br\/en\/\"},{\"@type\":\"ListItem\",\"position\":2,\"name\":\"Produtos\",\"item\":\"https:\/\/actbr.com.br\/produtos-act\/\"},{\"@type\":\"ListItem\",\"position\":3,\"name\":\"Bombas Hidr\u00e1ulicas\",\"item\":\"https:\/\/actbr.com.br\/en\/categoria-produto\/bombas-hidraulicas\/\"},{\"@type\":\"ListItem\",\"position\":4,\"name\":\"Bombas de Palhetas\",\"item\":\"https:\/\/actbr.com.br\/en\/categoria-produto\/bombas-hidraulicas\/bombas-de-palhetas\/\"},{\"@type\":\"ListItem\",\"position\":5,\"name\":\"Bomba de Palhetas de Deslocamento Fixo Atos &#8211; PFE-41045\/1DT\"}]},{\"@type\":\"WebSite\",\"@id\":\"https:\/\/actbr.com.br\/en\/#website\",\"url\":\"https:\/\/actbr.com.br\/en\/\",\"name\":\"ACT Sistemas Hidr\u00e1ulicos\",\"description\":\"Fabrica\u00e7\u00e3o e manuten\u00e7\u00e3o de componentes \u00f3leo hidr\u00e1ulicos\",\"publisher\":{\"@id\":\"https:\/\/actbr.com.br\/en\/#organization\"},\"potentialAction\":[{\"@type\":\"SearchAction\",\"target\":{\"@type\":\"EntryPoint\",\"urlTemplate\":\"https:\/\/actbr.com.br\/en\/?s={search_term_string}\"},\"query-input\":{\"@type\":\"PropertyValueSpecification\",\"valueRequired\":true,\"valueName\":\"search_term_string\"}}],\"inLanguage\":\"en-US\"},{\"@type\":\"Organization\",\"@id\":\"https:\/\/actbr.com.br\/en\/#organization\",\"name\":\"ACT Sistemas Hidr\u00e1ulicos\",\"url\":\"https:\/\/actbr.com.br\/en\/\",\"logo\":{\"@type\":\"ImageObject\",\"inLanguage\":\"en-US\",\"@id\":\"https:\/\/actbr.com.br\/en\/#\/schema\/logo\/image\/\",\"url\":\"https:\/\/actbr.com.br\/wp-content\/uploads\/2025\/02\/cropped-ACT_NEGATIVO-marca-dagua.png\",\"contentUrl\":\"https:\/\/actbr.com.br\/wp-content\/uploads\/2025\/02\/cropped-ACT_NEGATIVO-marca-dagua.png\",\"width\":240,\"height\":146,\"caption\":\"ACT Sistemas Hidr\u00e1ulicos\"},\"image\":{\"@id\":\"https:\/\/actbr.com.br\/en\/#\/schema\/logo\/image\/\"}}]}<\/script>\n<!-- \/ Yoast SEO plugin. -->","yoast_head_json":{"title":"Bomba de Palhetas de Deslocamento Fixo Atos - PFE-41045\/1DT - ACT Sistemas Hidr\u00e1ulicos","robots":{"index":"index","follow":"follow","max-snippet":"max-snippet:-1","max-image-preview":"max-image-preview:large","max-video-preview":"max-video-preview:-1"},"canonical":"https:\/\/actbr.com.br\/en\/produto\/bomba-de-palhetas-de-deslocamento-fixo-atos-pfe-41045-1dt\/","og_locale":"en_US","og_type":"article","og_title":"Bomba de Palhetas de Deslocamento Fixo Atos - PFE-41045\/1DT - ACT Sistemas Hidr\u00e1ulicos","og_description":"Bomba de Palhetas de Deslocamento Fixo Atos &#8211; PFE-41045\/1DT As Bombas de Palhetas de Deslocamento Fixo Atos padr\u00e3o PFE combinam pot\u00eancia, alta efici\u00eancia e facilidade de manuten\u00e7\u00e3o. As bombas de palhetas hidr\u00e1ulicas s\u00e3o amplamente utilizadas em equipamentos pesados, m\u00e1quinas de minera\u00e7\u00e3o, m\u00e1quinas de borracha e pl\u00e1stico, m\u00e1quinas de sapatos, m\u00e1quinas metal\u00fargicas, m\u00e1quinas de corte de &hellip; Read more \"Bomba de Palhetas de Deslocamento Fixo Atos &#8211; PFE-41045\/1DT\"","og_url":"https:\/\/actbr.com.br\/en\/produto\/bomba-de-palhetas-de-deslocamento-fixo-atos-pfe-41045-1dt\/","og_site_name":"ACT Sistemas Hidr\u00e1ulicos","article_modified_time":"2023-12-29T13:03:50+00:00","og_image":[{"width":1566,"height":1458,"url":"https:\/\/actbr.com.br\/wp-content\/uploads\/2023\/12\/bomba-de-palhetas-pfe-31-41-51-32-42-52-act-atos-1.jpg","type":"image\/jpeg"}],"twitter_card":"summary_large_image","twitter_misc":{"Est. reading time":"1 minute"},"schema":{"@context":"https:\/\/schema.org","@graph":[{"@type":"WebPage","@id":"https:\/\/actbr.com.br\/en\/produto\/bomba-de-palhetas-de-deslocamento-fixo-atos-pfe-41045-1dt\/","url":"https:\/\/actbr.com.br\/en\/produto\/bomba-de-palhetas-de-deslocamento-fixo-atos-pfe-41045-1dt\/","name":"Bomba de Palhetas de Deslocamento Fixo Atos - PFE-41045\/1DT - ACT Sistemas Hidr\u00e1ulicos","isPartOf":{"@id":"https:\/\/actbr.com.br\/en\/#website"},"primaryImageOfPage":{"@id":"https:\/\/actbr.com.br\/en\/produto\/bomba-de-palhetas-de-deslocamento-fixo-atos-pfe-41045-1dt\/#primaryimage"},"image":{"@id":"https:\/\/actbr.com.br\/en\/produto\/bomba-de-palhetas-de-deslocamento-fixo-atos-pfe-41045-1dt\/#primaryimage"},"thumbnailUrl":"https:\/\/actbr.com.br\/wp-content\/uploads\/2023\/12\/bomba-de-palhetas-pfe-31-41-51-32-42-52-act-atos-1.jpg","datePublished":"2023-12-29T13:01:39+00:00","dateModified":"2023-12-29T13:03:50+00:00","breadcrumb":{"@id":"https:\/\/actbr.com.br\/en\/produto\/bomba-de-palhetas-de-deslocamento-fixo-atos-pfe-41045-1dt\/#breadcrumb"},"inLanguage":"en-US","potentialAction":[{"@type":"ReadAction","target":["https:\/\/actbr.com.br\/en\/produto\/bomba-de-palhetas-de-deslocamento-fixo-atos-pfe-41045-1dt\/"]}]},{"@type":"ImageObject","inLanguage":"en-US","@id":"https:\/\/actbr.com.br\/en\/produto\/bomba-de-palhetas-de-deslocamento-fixo-atos-pfe-41045-1dt\/#primaryimage","url":"https:\/\/actbr.com.br\/wp-content\/uploads\/2023\/12\/bomba-de-palhetas-pfe-31-41-51-32-42-52-act-atos-1.jpg","contentUrl":"https:\/\/actbr.com.br\/wp-content\/uploads\/2023\/12\/bomba-de-palhetas-pfe-31-41-51-32-42-52-act-atos-1.jpg","width":1566,"height":1458},{"@type":"BreadcrumbList","@id":"https:\/\/actbr.com.br\/en\/produto\/bomba-de-palhetas-de-deslocamento-fixo-atos-pfe-41045-1dt\/#breadcrumb","itemListElement":[{"@type":"ListItem","position":1,"name":"In\u00edcio","item":"https:\/\/actbr.com.br\/en\/"},{"@type":"ListItem","position":2,"name":"Produtos","item":"https:\/\/actbr.com.br\/produtos-act\/"},{"@type":"ListItem","position":3,"name":"Bombas Hidr\u00e1ulicas","item":"https:\/\/actbr.com.br\/en\/categoria-produto\/bombas-hidraulicas\/"},{"@type":"ListItem","position":4,"name":"Bombas de Palhetas","item":"https:\/\/actbr.com.br\/en\/categoria-produto\/bombas-hidraulicas\/bombas-de-palhetas\/"},{"@type":"ListItem","position":5,"name":"Bomba de Palhetas de Deslocamento Fixo Atos &#8211; PFE-41045\/1DT"}]},{"@type":"WebSite","@id":"https:\/\/actbr.com.br\/en\/#website","url":"https:\/\/actbr.com.br\/en\/","name":"ACT Sistemas Hidr\u00e1ulicos","description":"Fabrica\u00e7\u00e3o e manuten\u00e7\u00e3o de componentes \u00f3leo hidr\u00e1ulicos","publisher":{"@id":"https:\/\/actbr.com.br\/en\/#organization"},"potentialAction":[{"@type":"SearchAction","target":{"@type":"EntryPoint","urlTemplate":"https:\/\/actbr.com.br\/en\/?s={search_term_string}"},"query-input":{"@type":"PropertyValueSpecification","valueRequired":true,"valueName":"search_term_string"}}],"inLanguage":"en-US"},{"@type":"Organization","@id":"https:\/\/actbr.com.br\/en\/#organization","name":"ACT Sistemas Hidr\u00e1ulicos","url":"https:\/\/actbr.com.br\/en\/","logo":{"@type":"ImageObject","inLanguage":"en-US","@id":"https:\/\/actbr.com.br\/en\/#\/schema\/logo\/image\/","url":"https:\/\/actbr.com.br\/wp-content\/uploads\/2025\/02\/cropped-ACT_NEGATIVO-marca-dagua.png","contentUrl":"https:\/\/actbr.com.br\/wp-content\/uploads\/2025\/02\/cropped-ACT_NEGATIVO-marca-dagua.png","width":240,"height":146,"caption":"ACT Sistemas Hidr\u00e1ulicos"},"image":{"@id":"https:\/\/actbr.com.br\/en\/#\/schema\/logo\/image\/"}}]}},"_links":{"self":[{"href":"https:\/\/actbr.com.br\/en\/wp-json\/wp\/v2\/product\/11063","targetHints":{"allow":["GET"]}}],"collection":[{"href":"https:\/\/actbr.com.br\/en\/wp-json\/wp\/v2\/product"}],"about":[{"href":"https:\/\/actbr.com.br\/en\/wp-json\/wp\/v2\/types\/product"}],"wp:featuredmedia":[{"embeddable":true,"href":"https:\/\/actbr.com.br\/en\/wp-json\/wp\/v2\/media\/11061"}],"wp:attachment":[{"href":"https:\/\/actbr.com.br\/en\/wp-json\/wp\/v2\/media?parent=11063"}],"wp:term":[{"taxonomy":"product_brand","embeddable":true,"href":"https:\/\/actbr.com.br\/en\/wp-json\/wp\/v2\/product_brand?post=11063"},{"taxonomy":"product_cat","embeddable":true,"href":"https:\/\/actbr.com.br\/en\/wp-json\/wp\/v2\/product_cat?post=11063"},{"taxonomy":"product_tag","embeddable":true,"href":"https:\/\/actbr.com.br\/en\/wp-json\/wp\/v2\/product_tag?post=11063"}],"curies":[{"name":"wp","href":"https:\/\/api.w.org\/{rel}","templated":true}]}}