{"id":12373,"date":"2024-06-18T11:36:44","date_gmt":"2024-06-18T14:36:44","guid":{"rendered":"https:\/\/actbr.com.br\/?post_type=product&#038;p=12373"},"modified":"2024-06-18T12:46:30","modified_gmt":"2024-06-18T15:46:30","slug":"valvulas-de-contrabalanco-cbealhn-sun-hydraulics","status":"publish","type":"product","link":"https:\/\/actbr.com.br\/en\/produto\/valvulas-de-contrabalanco-cbealhn-sun-hydraulics\/","title":{"rendered":"V\u00c1LVULA DE CONTRABALAN\u00c7O &#8211; CBEALHN SUN HYDRAULICS"},"content":{"rendered":"<p><strong>Caracter\u00edsticas:<\/strong><\/p>\n<p><img decoding=\"async\" class=\"alignnone size-full wp-image-12375\" src=\"https:\/\/actbr.com.br\/wp-content\/uploads\/2024\/06\/hidraulico-valvula-contrabalanco.png\" alt=\"\" width=\"133\" height=\"168\" \/><\/p>\n<p>V\u00e1lvula de Contrabalan\u00e7o 3:1<br \/>\nC\u00f3digo do Fabricante: CBEALHN; SNCBEALHN; CBEA-LHN; CBEA\/LHN; SNCBEA-LHN<br \/>\nTipo: Contrabalan\u00e7o<br \/>\nMarca: Sun Hydraulics<br \/>\nPress\u00e3o: 70-280 bar<br \/>\nVaz\u00e3o: 120 L\/Min<br \/>\nTamanho: Cav- T-2A (<a href=\"https:\/\/www.sunhydraulics.com\/cavity\/T-2A\">https:\/\/www.sunhydraulics.com\/cavity\/T-2A<\/a>)<br \/>\nPeso: 0.29 (kg)<\/p>\n<p><strong>Cat\u00e1logo T\u00e9cnico:<\/strong> <a href=\"https:\/\/www.sunhydraulics.com\/model\/CBEA\/LHN\">https:\/\/www.sunhydraulics.com\/model\/CBEA\/LHN<\/a><\/p>\n<p><strong>Curva de performance:<\/strong><\/p>\n<p><img fetchpriority=\"high\" decoding=\"async\" class=\"alignnone size-full wp-image-12376\" src=\"https:\/\/actbr.com.br\/wp-content\/uploads\/2024\/06\/CBEALHN-curva-performance.gif\" alt=\"\" width=\"278\" height=\"215\" \/><\/p>\n<p><strong>Dimens\u00f5es:<\/strong><\/p>\n<p><img decoding=\"async\" class=\"alignnone size-medium wp-image-12377\" src=\"https:\/\/actbr.com.br\/wp-content\/uploads\/2024\/06\/CBEALHN-dimensoes-300x157.png\" alt=\"\" width=\"300\" height=\"157\" srcset=\"https:\/\/actbr.com.br\/wp-content\/uploads\/2024\/06\/CBEALHN-dimensoes-300x157.png 300w, https:\/\/actbr.com.br\/wp-content\/uploads\/2024\/06\/CBEALHN-dimensoes.png 347w\" sizes=\"(max-width: 300px) 100vw, 300px\" \/><\/p>\n","protected":false},"excerpt":{"rendered":"<p><strong>CBEALHN<\/strong> &#8211; 3:1 pilot ratio, standard capacity counterbalance valve<\/p>\n<p>As V\u00e1lvulas de Contrabalan\u00e7o SUN, modelo <strong>CBEALHN<\/strong> (insert\u00e1veis) est\u00e3o no grupo de v\u00e1lvulas de press\u00e3o normalmente fechadas.<\/p>\n<p>Ideais para utiliza\u00e7\u00e3o onde \u00e9 necess\u00e1rio se equilibrar ou contrabalancear uma carga.<\/p>\n<p>Em um circuito hidr\u00e1ulico, as v\u00e1lvulas de contrabalan\u00e7o SUN, modelo <strong>CBEALHN<\/strong>, possuem diversas fun\u00e7\u00f5es. Uma delas seria estabilizar uma carga excessiva (onde a rela\u00e7\u00e3o de \u00e1rea do cilindro \u00e9 superior a rela\u00e7\u00e3o de \u00e1rea de uma v\u00e1lvula de reten\u00e7\u00e3o pilotada, por exemplo) ou at\u00e9 mesmo ser aplicada no controle de motores hidr\u00e1ulico, utilizando-as como freio ou controle de velocidade. As utiliza\u00e7\u00f5es n\u00e3o param por a\u00ed, as V\u00e1lvulas SUN podem ser aplicadas em qualquer situa\u00e7\u00e3o onde o equipamento necessita de controle fino e de alt\u00edssimo controle.<\/p>\n","protected":false},"featured_media":12378,"template":"","meta":[],"product_brand":[],"product_cat":[227,228],"product_tag":[],"class_list":{"0":"post-12373","1":"product","2":"type-product","3":"status-publish","4":"has-post-thumbnail","6":"product_cat-sun-hydraulics","7":"product_cat-valvula-de-contrabalanco-sun","9":"first","10":"instock","11":"shipping-taxable","12":"product-type-simple"},"yoast_head":"<!-- This site is optimized with the Yoast SEO plugin v27.5 - https:\/\/yoast.com\/product\/yoast-seo-wordpress\/ -->\n<title>V\u00c1LVULA DE CONTRABALAN\u00c7O - CBEALHN SUN HYDRAULICS - ACT Sistemas Hidr\u00e1ulicos<\/title>\n<meta name=\"robots\" content=\"index, follow, max-snippet:-1, max-image-preview:large, max-video-preview:-1\" \/>\n<link rel=\"canonical\" href=\"https:\/\/actbr.com.br\/en\/produto\/valvulas-de-contrabalanco-cbealhn-sun-hydraulics\/\" \/>\n<meta property=\"og:locale\" content=\"en_US\" \/>\n<meta property=\"og:type\" content=\"article\" \/>\n<meta property=\"og:title\" content=\"V\u00c1LVULA DE CONTRABALAN\u00c7O - CBEALHN SUN HYDRAULICS - ACT Sistemas Hidr\u00e1ulicos\" \/>\n<meta property=\"og:description\" content=\"CBEALHN - 3:1 pilot ratio, standard capacity counterbalance valve  As V\u00e1lvulas de Contrabalan\u00e7o SUN, modelo CBEALHN (insert\u00e1veis) est\u00e3o no grupo de v\u00e1lvulas de press\u00e3o normalmente fechadas.  Ideais para utiliza\u00e7\u00e3o onde \u00e9 necess\u00e1rio se equilibrar ou contrabalancear uma carga.  Em um circuito hidr\u00e1ulico, as v\u00e1lvulas de contrabalan\u00e7o SUN, modelo CBEALHN, possuem diversas fun\u00e7\u00f5es. Uma delas seria estabilizar uma carga excessiva (onde a rela\u00e7\u00e3o de \u00e1rea do cilindro \u00e9 superior a rela\u00e7\u00e3o de \u00e1rea de uma v\u00e1lvula de reten\u00e7\u00e3o pilotada, por exemplo) ou at\u00e9 mesmo ser aplicada no controle de motores hidr\u00e1ulico, utilizando-as como freio ou controle de velocidade. As utiliza\u00e7\u00f5es n\u00e3o param por a\u00ed, as V\u00e1lvulas SUN podem ser aplicadas em qualquer situa\u00e7\u00e3o onde o equipamento necessita de controle fino e de alt\u00edssimo controle.\" \/>\n<meta property=\"og:url\" content=\"https:\/\/actbr.com.br\/en\/produto\/valvulas-de-contrabalanco-cbealhn-sun-hydraulics\/\" \/>\n<meta property=\"og:site_name\" content=\"ACT Sistemas Hidr\u00e1ulicos\" \/>\n<meta property=\"article:modified_time\" content=\"2024-06-18T15:46:30+00:00\" \/>\n<meta property=\"og:image\" content=\"https:\/\/actbr.com.br\/wp-content\/uploads\/2024\/06\/CBEA-CBCG-CBGA.jpg\" \/>\n\t<meta property=\"og:image:width\" content=\"800\" \/>\n\t<meta property=\"og:image:height\" content=\"800\" \/>\n\t<meta property=\"og:image:type\" content=\"image\/jpeg\" \/>\n<meta name=\"twitter:card\" content=\"summary_large_image\" \/>\n<meta name=\"twitter:label1\" content=\"Est. reading time\" \/>\n\t<meta name=\"twitter:data1\" content=\"2 minutes\" \/>\n<script type=\"application\/ld+json\" class=\"yoast-schema-graph\">{\"@context\":\"https:\\\/\\\/schema.org\",\"@graph\":[{\"@type\":\"WebPage\",\"@id\":\"https:\\\/\\\/actbr.com.br\\\/en\\\/produto\\\/valvulas-de-contrabalanco-cbealhn-sun-hydraulics\\\/\",\"url\":\"https:\\\/\\\/actbr.com.br\\\/en\\\/produto\\\/valvulas-de-contrabalanco-cbealhn-sun-hydraulics\\\/\",\"name\":\"V\u00c1LVULA DE CONTRABALAN\u00c7O - CBEALHN SUN HYDRAULICS - ACT Sistemas Hidr\u00e1ulicos\",\"isPartOf\":{\"@id\":\"https:\\\/\\\/actbr.com.br\\\/en\\\/#website\"},\"primaryImageOfPage\":{\"@id\":\"https:\\\/\\\/actbr.com.br\\\/en\\\/produto\\\/valvulas-de-contrabalanco-cbealhn-sun-hydraulics\\\/#primaryimage\"},\"image\":{\"@id\":\"https:\\\/\\\/actbr.com.br\\\/en\\\/produto\\\/valvulas-de-contrabalanco-cbealhn-sun-hydraulics\\\/#primaryimage\"},\"thumbnailUrl\":\"https:\\\/\\\/actbr.com.br\\\/wp-content\\\/uploads\\\/2024\\\/06\\\/CBEA-CBCG-CBGA.jpg\",\"datePublished\":\"2024-06-18T14:36:44+00:00\",\"dateModified\":\"2024-06-18T15:46:30+00:00\",\"breadcrumb\":{\"@id\":\"https:\\\/\\\/actbr.com.br\\\/en\\\/produto\\\/valvulas-de-contrabalanco-cbealhn-sun-hydraulics\\\/#breadcrumb\"},\"inLanguage\":\"en-US\",\"potentialAction\":[{\"@type\":\"ReadAction\",\"target\":[\"https:\\\/\\\/actbr.com.br\\\/en\\\/produto\\\/valvulas-de-contrabalanco-cbealhn-sun-hydraulics\\\/\"]}]},{\"@type\":\"ImageObject\",\"inLanguage\":\"en-US\",\"@id\":\"https:\\\/\\\/actbr.com.br\\\/en\\\/produto\\\/valvulas-de-contrabalanco-cbealhn-sun-hydraulics\\\/#primaryimage\",\"url\":\"https:\\\/\\\/actbr.com.br\\\/wp-content\\\/uploads\\\/2024\\\/06\\\/CBEA-CBCG-CBGA.jpg\",\"contentUrl\":\"https:\\\/\\\/actbr.com.br\\\/wp-content\\\/uploads\\\/2024\\\/06\\\/CBEA-CBCG-CBGA.jpg\",\"width\":800,\"height\":800},{\"@type\":\"BreadcrumbList\",\"@id\":\"https:\\\/\\\/actbr.com.br\\\/en\\\/produto\\\/valvulas-de-contrabalanco-cbealhn-sun-hydraulics\\\/#breadcrumb\",\"itemListElement\":[{\"@type\":\"ListItem\",\"position\":1,\"name\":\"In\u00edcio\",\"item\":\"https:\\\/\\\/actbr.com.br\\\/en\\\/\"},{\"@type\":\"ListItem\",\"position\":2,\"name\":\"Produtos\",\"item\":\"https:\\\/\\\/actbr.com.br\\\/produtos-act\\\/\"},{\"@type\":\"ListItem\",\"position\":3,\"name\":\"SUN Hydraulics\",\"item\":\"https:\\\/\\\/actbr.com.br\\\/en\\\/categoria-produto\\\/sun-hydraulics\\\/\"},{\"@type\":\"ListItem\",\"position\":4,\"name\":\"V\u00c1LVULA DE CONTRABALAN\u00c7O &#8211; CBEALHN SUN HYDRAULICS\"}]},{\"@type\":\"WebSite\",\"@id\":\"https:\\\/\\\/actbr.com.br\\\/en\\\/#website\",\"url\":\"https:\\\/\\\/actbr.com.br\\\/en\\\/\",\"name\":\"ACT Sistemas Hidr\u00e1ulicos\",\"description\":\"Fabrica\u00e7\u00e3o e manuten\u00e7\u00e3o de componentes \u00f3leo hidr\u00e1ulicos\",\"publisher\":{\"@id\":\"https:\\\/\\\/actbr.com.br\\\/en\\\/#organization\"},\"potentialAction\":[{\"@type\":\"SearchAction\",\"target\":{\"@type\":\"EntryPoint\",\"urlTemplate\":\"https:\\\/\\\/actbr.com.br\\\/en\\\/?s={search_term_string}\"},\"query-input\":{\"@type\":\"PropertyValueSpecification\",\"valueRequired\":true,\"valueName\":\"search_term_string\"}}],\"inLanguage\":\"en-US\"},{\"@type\":\"Organization\",\"@id\":\"https:\\\/\\\/actbr.com.br\\\/en\\\/#organization\",\"name\":\"ACT Sistemas Hidr\u00e1ulicos\",\"url\":\"https:\\\/\\\/actbr.com.br\\\/en\\\/\",\"logo\":{\"@type\":\"ImageObject\",\"inLanguage\":\"en-US\",\"@id\":\"https:\\\/\\\/actbr.com.br\\\/en\\\/#\\\/schema\\\/logo\\\/image\\\/\",\"url\":\"https:\\\/\\\/actbr.com.br\\\/wp-content\\\/uploads\\\/2025\\\/02\\\/cropped-ACT_NEGATIVO-marca-dagua.png\",\"contentUrl\":\"https:\\\/\\\/actbr.com.br\\\/wp-content\\\/uploads\\\/2025\\\/02\\\/cropped-ACT_NEGATIVO-marca-dagua.png\",\"width\":240,\"height\":146,\"caption\":\"ACT Sistemas Hidr\u00e1ulicos\"},\"image\":{\"@id\":\"https:\\\/\\\/actbr.com.br\\\/en\\\/#\\\/schema\\\/logo\\\/image\\\/\"}}]}<\/script>\n<!-- \/ Yoast SEO plugin. -->","yoast_head_json":{"title":"V\u00c1LVULA DE CONTRABALAN\u00c7O - CBEALHN SUN HYDRAULICS - ACT Sistemas Hidr\u00e1ulicos","robots":{"index":"index","follow":"follow","max-snippet":"max-snippet:-1","max-image-preview":"max-image-preview:large","max-video-preview":"max-video-preview:-1"},"canonical":"https:\/\/actbr.com.br\/en\/produto\/valvulas-de-contrabalanco-cbealhn-sun-hydraulics\/","og_locale":"en_US","og_type":"article","og_title":"V\u00c1LVULA DE CONTRABALAN\u00c7O - CBEALHN SUN HYDRAULICS - ACT Sistemas Hidr\u00e1ulicos","og_description":"CBEALHN - 3:1 pilot ratio, standard capacity counterbalance valve  As V\u00e1lvulas de Contrabalan\u00e7o SUN, modelo CBEALHN (insert\u00e1veis) est\u00e3o no grupo de v\u00e1lvulas de press\u00e3o normalmente fechadas.  Ideais para utiliza\u00e7\u00e3o onde \u00e9 necess\u00e1rio se equilibrar ou contrabalancear uma carga.  Em um circuito hidr\u00e1ulico, as v\u00e1lvulas de contrabalan\u00e7o SUN, modelo CBEALHN, possuem diversas fun\u00e7\u00f5es. Uma delas seria estabilizar uma carga excessiva (onde a rela\u00e7\u00e3o de \u00e1rea do cilindro \u00e9 superior a rela\u00e7\u00e3o de \u00e1rea de uma v\u00e1lvula de reten\u00e7\u00e3o pilotada, por exemplo) ou at\u00e9 mesmo ser aplicada no controle de motores hidr\u00e1ulico, utilizando-as como freio ou controle de velocidade. As utiliza\u00e7\u00f5es n\u00e3o param por a\u00ed, as V\u00e1lvulas SUN podem ser aplicadas em qualquer situa\u00e7\u00e3o onde o equipamento necessita de controle fino e de alt\u00edssimo controle.","og_url":"https:\/\/actbr.com.br\/en\/produto\/valvulas-de-contrabalanco-cbealhn-sun-hydraulics\/","og_site_name":"ACT Sistemas Hidr\u00e1ulicos","article_modified_time":"2024-06-18T15:46:30+00:00","og_image":[{"width":800,"height":800,"url":"https:\/\/actbr.com.br\/wp-content\/uploads\/2024\/06\/CBEA-CBCG-CBGA.jpg","type":"image\/jpeg"}],"twitter_card":"summary_large_image","twitter_misc":{"Est. reading time":"2 minutes"},"schema":{"@context":"https:\/\/schema.org","@graph":[{"@type":"WebPage","@id":"https:\/\/actbr.com.br\/en\/produto\/valvulas-de-contrabalanco-cbealhn-sun-hydraulics\/","url":"https:\/\/actbr.com.br\/en\/produto\/valvulas-de-contrabalanco-cbealhn-sun-hydraulics\/","name":"V\u00c1LVULA DE CONTRABALAN\u00c7O - CBEALHN SUN HYDRAULICS - ACT Sistemas Hidr\u00e1ulicos","isPartOf":{"@id":"https:\/\/actbr.com.br\/en\/#website"},"primaryImageOfPage":{"@id":"https:\/\/actbr.com.br\/en\/produto\/valvulas-de-contrabalanco-cbealhn-sun-hydraulics\/#primaryimage"},"image":{"@id":"https:\/\/actbr.com.br\/en\/produto\/valvulas-de-contrabalanco-cbealhn-sun-hydraulics\/#primaryimage"},"thumbnailUrl":"https:\/\/actbr.com.br\/wp-content\/uploads\/2024\/06\/CBEA-CBCG-CBGA.jpg","datePublished":"2024-06-18T14:36:44+00:00","dateModified":"2024-06-18T15:46:30+00:00","breadcrumb":{"@id":"https:\/\/actbr.com.br\/en\/produto\/valvulas-de-contrabalanco-cbealhn-sun-hydraulics\/#breadcrumb"},"inLanguage":"en-US","potentialAction":[{"@type":"ReadAction","target":["https:\/\/actbr.com.br\/en\/produto\/valvulas-de-contrabalanco-cbealhn-sun-hydraulics\/"]}]},{"@type":"ImageObject","inLanguage":"en-US","@id":"https:\/\/actbr.com.br\/en\/produto\/valvulas-de-contrabalanco-cbealhn-sun-hydraulics\/#primaryimage","url":"https:\/\/actbr.com.br\/wp-content\/uploads\/2024\/06\/CBEA-CBCG-CBGA.jpg","contentUrl":"https:\/\/actbr.com.br\/wp-content\/uploads\/2024\/06\/CBEA-CBCG-CBGA.jpg","width":800,"height":800},{"@type":"BreadcrumbList","@id":"https:\/\/actbr.com.br\/en\/produto\/valvulas-de-contrabalanco-cbealhn-sun-hydraulics\/#breadcrumb","itemListElement":[{"@type":"ListItem","position":1,"name":"In\u00edcio","item":"https:\/\/actbr.com.br\/en\/"},{"@type":"ListItem","position":2,"name":"Produtos","item":"https:\/\/actbr.com.br\/produtos-act\/"},{"@type":"ListItem","position":3,"name":"SUN Hydraulics","item":"https:\/\/actbr.com.br\/en\/categoria-produto\/sun-hydraulics\/"},{"@type":"ListItem","position":4,"name":"V\u00c1LVULA DE CONTRABALAN\u00c7O &#8211; CBEALHN SUN HYDRAULICS"}]},{"@type":"WebSite","@id":"https:\/\/actbr.com.br\/en\/#website","url":"https:\/\/actbr.com.br\/en\/","name":"ACT Sistemas Hidr\u00e1ulicos","description":"Fabrica\u00e7\u00e3o e manuten\u00e7\u00e3o de componentes \u00f3leo hidr\u00e1ulicos","publisher":{"@id":"https:\/\/actbr.com.br\/en\/#organization"},"potentialAction":[{"@type":"SearchAction","target":{"@type":"EntryPoint","urlTemplate":"https:\/\/actbr.com.br\/en\/?s={search_term_string}"},"query-input":{"@type":"PropertyValueSpecification","valueRequired":true,"valueName":"search_term_string"}}],"inLanguage":"en-US"},{"@type":"Organization","@id":"https:\/\/actbr.com.br\/en\/#organization","name":"ACT Sistemas Hidr\u00e1ulicos","url":"https:\/\/actbr.com.br\/en\/","logo":{"@type":"ImageObject","inLanguage":"en-US","@id":"https:\/\/actbr.com.br\/en\/#\/schema\/logo\/image\/","url":"https:\/\/actbr.com.br\/wp-content\/uploads\/2025\/02\/cropped-ACT_NEGATIVO-marca-dagua.png","contentUrl":"https:\/\/actbr.com.br\/wp-content\/uploads\/2025\/02\/cropped-ACT_NEGATIVO-marca-dagua.png","width":240,"height":146,"caption":"ACT Sistemas Hidr\u00e1ulicos"},"image":{"@id":"https:\/\/actbr.com.br\/en\/#\/schema\/logo\/image\/"}}]}},"_links":{"self":[{"href":"https:\/\/actbr.com.br\/en\/wp-json\/wp\/v2\/product\/12373","targetHints":{"allow":["GET"]}}],"collection":[{"href":"https:\/\/actbr.com.br\/en\/wp-json\/wp\/v2\/product"}],"about":[{"href":"https:\/\/actbr.com.br\/en\/wp-json\/wp\/v2\/types\/product"}],"wp:featuredmedia":[{"embeddable":true,"href":"https:\/\/actbr.com.br\/en\/wp-json\/wp\/v2\/media\/12378"}],"wp:attachment":[{"href":"https:\/\/actbr.com.br\/en\/wp-json\/wp\/v2\/media?parent=12373"}],"wp:term":[{"taxonomy":"product_brand","embeddable":true,"href":"https:\/\/actbr.com.br\/en\/wp-json\/wp\/v2\/product_brand?post=12373"},{"taxonomy":"product_cat","embeddable":true,"href":"https:\/\/actbr.com.br\/en\/wp-json\/wp\/v2\/product_cat?post=12373"},{"taxonomy":"product_tag","embeddable":true,"href":"https:\/\/actbr.com.br\/en\/wp-json\/wp\/v2\/product_tag?post=12373"}],"curies":[{"name":"wp","href":"https:\/\/api.w.org\/{rel}","templated":true}]}}