{"id":12431,"date":"2024-06-19T13:56:20","date_gmt":"2024-06-19T16:56:20","guid":{"rendered":"https:\/\/actbr.com.br\/?post_type=product&#038;p=12431"},"modified":"2024-06-19T14:00:47","modified_gmt":"2024-06-19T17:00:47","slug":"valvula-redutora-de-pressao-ppdbldn-sun-hydraulics","status":"publish","type":"product","link":"https:\/\/actbr.com.br\/en\/produto\/valvula-redutora-de-pressao-ppdbldn-sun-hydraulics\/","title":{"rendered":"V\u00c1LVULA REDUTORA DE PRESS\u00c3O &#8211; PPDBLDN SUN HYDRAULICS"},"content":{"rendered":"<p><strong>Caracter\u00edsticas:<\/strong><\/p>\n<p><img decoding=\"async\" class=\"alignnone size-full wp-image-12433\" src=\"https:\/\/actbr.com.br\/wp-content\/uploads\/2024\/06\/PPDBLDN-valvula-redutora-de-pressao-hidraulico.png\" alt=\"\" width=\"109\" height=\"163\" \/><\/p>\n<p>C\u00f3digo do Fabricante: PPDBLDN; SNPPDBLDN; PPDB-LDN; PPDB\/LDN; SNPPDB-LDN<br \/>\nTipo: Redutora de Press\u00e3o<br \/>\nMarca: Sun Hydraulics<br \/>\nPress\u00e3o: 1,7-55 bar<br \/>\nVaz\u00e3o: 40 L\/Min<br \/>\nTamanho: Cav- T-11A (<a href=\"https:\/\/www.sunhydraulics.com\/cavity\/T-11A\">https:\/\/www.sunhydraulics.com\/cavity\/T-11A<\/a>)<br \/>\nPeso: 0.14 (kg)<\/p>\n<p>Cat\u00e1logo T\u00e9cnico: <a href=\"https:\/\/www.sunhydraulics.com\/model\/PPDB\/LDN\">https:\/\/www.sunhydraulics.com\/model\/PPDB\/LDN<\/a><\/p>\n<p><strong>Curva de performance:<\/strong><\/p>\n<p><img decoding=\"async\" class=\"alignnone size-medium wp-image-12434\" src=\"https:\/\/actbr.com.br\/wp-content\/uploads\/2024\/06\/PPDBLDN-curva-performance-ABERTO-GPM.png\" alt=\"\" width=\"240\" height=\"179\" \/><\/p>\n<p><img decoding=\"async\" class=\"alignnone size-medium wp-image-12435\" src=\"https:\/\/actbr.com.br\/wp-content\/uploads\/2024\/06\/PPDBLDN-curva-performance-ABERTO-lpm.png\" alt=\"\" width=\"234\" height=\"185\" \/><\/p>\n<p><img loading=\"lazy\" decoding=\"async\" class=\"alignnone size-medium wp-image-12436\" src=\"https:\/\/actbr.com.br\/wp-content\/uploads\/2024\/06\/PPDBLDN-curva-performance-relulador-gpm.png\" alt=\"\" width=\"234\" height=\"169\" \/><\/p>\n<p><img loading=\"lazy\" decoding=\"async\" class=\"alignnone size-medium wp-image-12437\" src=\"https:\/\/actbr.com.br\/wp-content\/uploads\/2024\/06\/PPDBLDN-curva-performance-relulador-lpm.png\" alt=\"\" width=\"234\" height=\"176\" \/><\/p>\n<p><strong>Dimens\u00f5es:<\/strong><\/p>\n<p><img loading=\"lazy\" decoding=\"async\" class=\"alignnone size-medium wp-image-12438\" src=\"https:\/\/actbr.com.br\/wp-content\/uploads\/2024\/06\/PPDBLDN-dimensoes-300x108.png\" alt=\"\" width=\"300\" height=\"108\" srcset=\"https:\/\/actbr.com.br\/wp-content\/uploads\/2024\/06\/PPDBLDN-dimensoes-300x108.png 300w, https:\/\/actbr.com.br\/wp-content\/uploads\/2024\/06\/PPDBLDN-dimensoes.png 407w\" sizes=\"(max-width: 300px) 100vw, 300px\" \/><\/p>\n<p>&nbsp;<\/p>\n","protected":false},"excerpt":{"rendered":"<p><strong>PPDBLDN<\/strong> &#8211; Pilot-operated, pressure reducing\/relieving valve<\/p>\n<p>As V\u00e1lvulas de alivio de press\u00e3o SUN, modelo <strong>PPDBLDN<\/strong> (insert\u00e1veis) est\u00e3o no grupo de v\u00e1lvulas de press\u00e3o normalmente abertas.<\/p>\n<p>Ideais para utiliza\u00e7\u00e3o onde \u00e9 necess\u00e1rio reduzir a press\u00e3o do sistema, separando assim as linhas de press\u00e3o para cada lado de um circuito.<\/p>\n<p>Em um circuito hidr\u00e1ulico, as v\u00e1lvulas de alivio de press\u00e3o SUN, modelo <strong>PPDBLDN<\/strong>, possuem diversas fun\u00e7\u00f5es. Uma delas seria reduzir a press\u00e3o de uma determinada linha para uma press\u00e3o inferior a press\u00e3o principal da bomba. As utiliza\u00e7\u00f5es n\u00e3o param por a\u00ed, as V\u00e1lvulas SUN podem ser aplicadas em qualquer situa\u00e7\u00e3o onde o equipamento necessita de controle fino e de alt\u00edssimo controle.<\/p>\n","protected":false},"featured_media":12432,"template":"","meta":[],"product_brand":[],"product_cat":[227,232],"product_tag":[],"class_list":{"0":"post-12431","1":"product","2":"type-product","3":"status-publish","4":"has-post-thumbnail","6":"product_cat-sun-hydraulics","7":"product_cat-valvula-redutora-de-pressao-sun","9":"first","10":"instock","11":"shipping-taxable","12":"product-type-simple"},"yoast_head":"<!-- This site is optimized with the Yoast SEO plugin v27.2 - https:\/\/yoast.com\/product\/yoast-seo-wordpress\/ -->\n<title>V\u00c1LVULA REDUTORA DE PRESS\u00c3O - PPDBLDN SUN HYDRAULICS - ACT Sistemas Hidr\u00e1ulicos<\/title>\n<meta name=\"robots\" content=\"index, follow, max-snippet:-1, max-image-preview:large, max-video-preview:-1\" \/>\n<link rel=\"canonical\" href=\"https:\/\/actbr.com.br\/en\/produto\/valvula-redutora-de-pressao-ppdbldn-sun-hydraulics\/\" \/>\n<meta property=\"og:locale\" content=\"en_US\" \/>\n<meta property=\"og:type\" content=\"article\" \/>\n<meta property=\"og:title\" content=\"V\u00c1LVULA REDUTORA DE PRESS\u00c3O - PPDBLDN SUN HYDRAULICS - ACT Sistemas Hidr\u00e1ulicos\" \/>\n<meta property=\"og:description\" content=\"PPDBLDN - Pilot-operated, pressure reducing\/relieving valve  As V\u00e1lvulas de alivio de press\u00e3o SUN, modelo PPDBLDN (insert\u00e1veis) est\u00e3o no grupo de v\u00e1lvulas de press\u00e3o normalmente abertas.  Ideais para utiliza\u00e7\u00e3o onde \u00e9 necess\u00e1rio reduzir a press\u00e3o do sistema, separando assim as linhas de press\u00e3o para cada lado de um circuito.  Em um circuito hidr\u00e1ulico, as v\u00e1lvulas de alivio de press\u00e3o SUN, modelo PPDBLDN, possuem diversas fun\u00e7\u00f5es. Uma delas seria reduzir a press\u00e3o de uma determinada linha para uma press\u00e3o inferior a press\u00e3o principal da bomba. As utiliza\u00e7\u00f5es n\u00e3o param por a\u00ed, as V\u00e1lvulas SUN podem ser aplicadas em qualquer situa\u00e7\u00e3o onde o equipamento necessita de controle fino e de alt\u00edssimo controle.\" \/>\n<meta property=\"og:url\" content=\"https:\/\/actbr.com.br\/en\/produto\/valvula-redutora-de-pressao-ppdbldn-sun-hydraulics\/\" \/>\n<meta property=\"og:site_name\" content=\"ACT Sistemas Hidr\u00e1ulicos\" \/>\n<meta property=\"article:modified_time\" content=\"2024-06-19T17:00:47+00:00\" \/>\n<meta property=\"og:image\" content=\"https:\/\/actbr.com.br\/wp-content\/uploads\/2024\/06\/PPDBLDN-PPDBLWN-SCCALAN.jpg\" \/>\n\t<meta property=\"og:image:width\" content=\"800\" \/>\n\t<meta property=\"og:image:height\" content=\"800\" \/>\n\t<meta property=\"og:image:type\" content=\"image\/jpeg\" \/>\n<meta name=\"twitter:card\" content=\"summary_large_image\" \/>\n<meta name=\"twitter:label1\" content=\"Est. reading time\" \/>\n\t<meta name=\"twitter:data1\" content=\"2 minutes\" \/>\n<script type=\"application\/ld+json\" class=\"yoast-schema-graph\">{\"@context\":\"https:\/\/schema.org\",\"@graph\":[{\"@type\":\"WebPage\",\"@id\":\"https:\/\/actbr.com.br\/en\/produto\/valvula-redutora-de-pressao-ppdbldn-sun-hydraulics\/\",\"url\":\"https:\/\/actbr.com.br\/en\/produto\/valvula-redutora-de-pressao-ppdbldn-sun-hydraulics\/\",\"name\":\"V\u00c1LVULA REDUTORA DE PRESS\u00c3O - PPDBLDN SUN HYDRAULICS - ACT Sistemas Hidr\u00e1ulicos\",\"isPartOf\":{\"@id\":\"https:\/\/actbr.com.br\/en\/#website\"},\"primaryImageOfPage\":{\"@id\":\"https:\/\/actbr.com.br\/en\/produto\/valvula-redutora-de-pressao-ppdbldn-sun-hydraulics\/#primaryimage\"},\"image\":{\"@id\":\"https:\/\/actbr.com.br\/en\/produto\/valvula-redutora-de-pressao-ppdbldn-sun-hydraulics\/#primaryimage\"},\"thumbnailUrl\":\"https:\/\/actbr.com.br\/wp-content\/uploads\/2024\/06\/PPDBLDN-PPDBLWN-SCCALAN.jpg\",\"datePublished\":\"2024-06-19T16:56:20+00:00\",\"dateModified\":\"2024-06-19T17:00:47+00:00\",\"breadcrumb\":{\"@id\":\"https:\/\/actbr.com.br\/en\/produto\/valvula-redutora-de-pressao-ppdbldn-sun-hydraulics\/#breadcrumb\"},\"inLanguage\":\"en-US\",\"potentialAction\":[{\"@type\":\"ReadAction\",\"target\":[\"https:\/\/actbr.com.br\/en\/produto\/valvula-redutora-de-pressao-ppdbldn-sun-hydraulics\/\"]}]},{\"@type\":\"ImageObject\",\"inLanguage\":\"en-US\",\"@id\":\"https:\/\/actbr.com.br\/en\/produto\/valvula-redutora-de-pressao-ppdbldn-sun-hydraulics\/#primaryimage\",\"url\":\"https:\/\/actbr.com.br\/wp-content\/uploads\/2024\/06\/PPDBLDN-PPDBLWN-SCCALAN.jpg\",\"contentUrl\":\"https:\/\/actbr.com.br\/wp-content\/uploads\/2024\/06\/PPDBLDN-PPDBLWN-SCCALAN.jpg\",\"width\":800,\"height\":800},{\"@type\":\"BreadcrumbList\",\"@id\":\"https:\/\/actbr.com.br\/en\/produto\/valvula-redutora-de-pressao-ppdbldn-sun-hydraulics\/#breadcrumb\",\"itemListElement\":[{\"@type\":\"ListItem\",\"position\":1,\"name\":\"In\u00edcio\",\"item\":\"https:\/\/actbr.com.br\/en\/\"},{\"@type\":\"ListItem\",\"position\":2,\"name\":\"Produtos\",\"item\":\"https:\/\/actbr.com.br\/produtos-act\/\"},{\"@type\":\"ListItem\",\"position\":3,\"name\":\"SUN Hydraulics\",\"item\":\"https:\/\/actbr.com.br\/en\/categoria-produto\/sun-hydraulics\/\"},{\"@type\":\"ListItem\",\"position\":4,\"name\":\"V\u00c1LVULA REDUTORA DE PRESS\u00c3O &#8211; PPDBLDN SUN HYDRAULICS\"}]},{\"@type\":\"WebSite\",\"@id\":\"https:\/\/actbr.com.br\/en\/#website\",\"url\":\"https:\/\/actbr.com.br\/en\/\",\"name\":\"ACT Sistemas Hidr\u00e1ulicos\",\"description\":\"Fabrica\u00e7\u00e3o e manuten\u00e7\u00e3o de componentes \u00f3leo hidr\u00e1ulicos\",\"publisher\":{\"@id\":\"https:\/\/actbr.com.br\/en\/#organization\"},\"potentialAction\":[{\"@type\":\"SearchAction\",\"target\":{\"@type\":\"EntryPoint\",\"urlTemplate\":\"https:\/\/actbr.com.br\/en\/?s={search_term_string}\"},\"query-input\":{\"@type\":\"PropertyValueSpecification\",\"valueRequired\":true,\"valueName\":\"search_term_string\"}}],\"inLanguage\":\"en-US\"},{\"@type\":\"Organization\",\"@id\":\"https:\/\/actbr.com.br\/en\/#organization\",\"name\":\"ACT Sistemas Hidr\u00e1ulicos\",\"url\":\"https:\/\/actbr.com.br\/en\/\",\"logo\":{\"@type\":\"ImageObject\",\"inLanguage\":\"en-US\",\"@id\":\"https:\/\/actbr.com.br\/en\/#\/schema\/logo\/image\/\",\"url\":\"https:\/\/actbr.com.br\/wp-content\/uploads\/2025\/02\/cropped-ACT_NEGATIVO-marca-dagua.png\",\"contentUrl\":\"https:\/\/actbr.com.br\/wp-content\/uploads\/2025\/02\/cropped-ACT_NEGATIVO-marca-dagua.png\",\"width\":240,\"height\":146,\"caption\":\"ACT Sistemas Hidr\u00e1ulicos\"},\"image\":{\"@id\":\"https:\/\/actbr.com.br\/en\/#\/schema\/logo\/image\/\"}}]}<\/script>\n<!-- \/ Yoast SEO plugin. -->","yoast_head_json":{"title":"V\u00c1LVULA REDUTORA DE PRESS\u00c3O - PPDBLDN SUN HYDRAULICS - ACT Sistemas Hidr\u00e1ulicos","robots":{"index":"index","follow":"follow","max-snippet":"max-snippet:-1","max-image-preview":"max-image-preview:large","max-video-preview":"max-video-preview:-1"},"canonical":"https:\/\/actbr.com.br\/en\/produto\/valvula-redutora-de-pressao-ppdbldn-sun-hydraulics\/","og_locale":"en_US","og_type":"article","og_title":"V\u00c1LVULA REDUTORA DE PRESS\u00c3O - PPDBLDN SUN HYDRAULICS - ACT Sistemas Hidr\u00e1ulicos","og_description":"PPDBLDN - Pilot-operated, pressure reducing\/relieving valve  As V\u00e1lvulas de alivio de press\u00e3o SUN, modelo PPDBLDN (insert\u00e1veis) est\u00e3o no grupo de v\u00e1lvulas de press\u00e3o normalmente abertas.  Ideais para utiliza\u00e7\u00e3o onde \u00e9 necess\u00e1rio reduzir a press\u00e3o do sistema, separando assim as linhas de press\u00e3o para cada lado de um circuito.  Em um circuito hidr\u00e1ulico, as v\u00e1lvulas de alivio de press\u00e3o SUN, modelo PPDBLDN, possuem diversas fun\u00e7\u00f5es. Uma delas seria reduzir a press\u00e3o de uma determinada linha para uma press\u00e3o inferior a press\u00e3o principal da bomba. As utiliza\u00e7\u00f5es n\u00e3o param por a\u00ed, as V\u00e1lvulas SUN podem ser aplicadas em qualquer situa\u00e7\u00e3o onde o equipamento necessita de controle fino e de alt\u00edssimo controle.","og_url":"https:\/\/actbr.com.br\/en\/produto\/valvula-redutora-de-pressao-ppdbldn-sun-hydraulics\/","og_site_name":"ACT Sistemas Hidr\u00e1ulicos","article_modified_time":"2024-06-19T17:00:47+00:00","og_image":[{"width":800,"height":800,"url":"https:\/\/actbr.com.br\/wp-content\/uploads\/2024\/06\/PPDBLDN-PPDBLWN-SCCALAN.jpg","type":"image\/jpeg"}],"twitter_card":"summary_large_image","twitter_misc":{"Est. reading time":"2 minutes"},"schema":{"@context":"https:\/\/schema.org","@graph":[{"@type":"WebPage","@id":"https:\/\/actbr.com.br\/en\/produto\/valvula-redutora-de-pressao-ppdbldn-sun-hydraulics\/","url":"https:\/\/actbr.com.br\/en\/produto\/valvula-redutora-de-pressao-ppdbldn-sun-hydraulics\/","name":"V\u00c1LVULA REDUTORA DE PRESS\u00c3O - PPDBLDN SUN HYDRAULICS - ACT Sistemas Hidr\u00e1ulicos","isPartOf":{"@id":"https:\/\/actbr.com.br\/en\/#website"},"primaryImageOfPage":{"@id":"https:\/\/actbr.com.br\/en\/produto\/valvula-redutora-de-pressao-ppdbldn-sun-hydraulics\/#primaryimage"},"image":{"@id":"https:\/\/actbr.com.br\/en\/produto\/valvula-redutora-de-pressao-ppdbldn-sun-hydraulics\/#primaryimage"},"thumbnailUrl":"https:\/\/actbr.com.br\/wp-content\/uploads\/2024\/06\/PPDBLDN-PPDBLWN-SCCALAN.jpg","datePublished":"2024-06-19T16:56:20+00:00","dateModified":"2024-06-19T17:00:47+00:00","breadcrumb":{"@id":"https:\/\/actbr.com.br\/en\/produto\/valvula-redutora-de-pressao-ppdbldn-sun-hydraulics\/#breadcrumb"},"inLanguage":"en-US","potentialAction":[{"@type":"ReadAction","target":["https:\/\/actbr.com.br\/en\/produto\/valvula-redutora-de-pressao-ppdbldn-sun-hydraulics\/"]}]},{"@type":"ImageObject","inLanguage":"en-US","@id":"https:\/\/actbr.com.br\/en\/produto\/valvula-redutora-de-pressao-ppdbldn-sun-hydraulics\/#primaryimage","url":"https:\/\/actbr.com.br\/wp-content\/uploads\/2024\/06\/PPDBLDN-PPDBLWN-SCCALAN.jpg","contentUrl":"https:\/\/actbr.com.br\/wp-content\/uploads\/2024\/06\/PPDBLDN-PPDBLWN-SCCALAN.jpg","width":800,"height":800},{"@type":"BreadcrumbList","@id":"https:\/\/actbr.com.br\/en\/produto\/valvula-redutora-de-pressao-ppdbldn-sun-hydraulics\/#breadcrumb","itemListElement":[{"@type":"ListItem","position":1,"name":"In\u00edcio","item":"https:\/\/actbr.com.br\/en\/"},{"@type":"ListItem","position":2,"name":"Produtos","item":"https:\/\/actbr.com.br\/produtos-act\/"},{"@type":"ListItem","position":3,"name":"SUN Hydraulics","item":"https:\/\/actbr.com.br\/en\/categoria-produto\/sun-hydraulics\/"},{"@type":"ListItem","position":4,"name":"V\u00c1LVULA REDUTORA DE PRESS\u00c3O &#8211; PPDBLDN SUN HYDRAULICS"}]},{"@type":"WebSite","@id":"https:\/\/actbr.com.br\/en\/#website","url":"https:\/\/actbr.com.br\/en\/","name":"ACT Sistemas Hidr\u00e1ulicos","description":"Fabrica\u00e7\u00e3o e manuten\u00e7\u00e3o de componentes \u00f3leo hidr\u00e1ulicos","publisher":{"@id":"https:\/\/actbr.com.br\/en\/#organization"},"potentialAction":[{"@type":"SearchAction","target":{"@type":"EntryPoint","urlTemplate":"https:\/\/actbr.com.br\/en\/?s={search_term_string}"},"query-input":{"@type":"PropertyValueSpecification","valueRequired":true,"valueName":"search_term_string"}}],"inLanguage":"en-US"},{"@type":"Organization","@id":"https:\/\/actbr.com.br\/en\/#organization","name":"ACT Sistemas Hidr\u00e1ulicos","url":"https:\/\/actbr.com.br\/en\/","logo":{"@type":"ImageObject","inLanguage":"en-US","@id":"https:\/\/actbr.com.br\/en\/#\/schema\/logo\/image\/","url":"https:\/\/actbr.com.br\/wp-content\/uploads\/2025\/02\/cropped-ACT_NEGATIVO-marca-dagua.png","contentUrl":"https:\/\/actbr.com.br\/wp-content\/uploads\/2025\/02\/cropped-ACT_NEGATIVO-marca-dagua.png","width":240,"height":146,"caption":"ACT Sistemas Hidr\u00e1ulicos"},"image":{"@id":"https:\/\/actbr.com.br\/en\/#\/schema\/logo\/image\/"}}]}},"_links":{"self":[{"href":"https:\/\/actbr.com.br\/en\/wp-json\/wp\/v2\/product\/12431","targetHints":{"allow":["GET"]}}],"collection":[{"href":"https:\/\/actbr.com.br\/en\/wp-json\/wp\/v2\/product"}],"about":[{"href":"https:\/\/actbr.com.br\/en\/wp-json\/wp\/v2\/types\/product"}],"wp:featuredmedia":[{"embeddable":true,"href":"https:\/\/actbr.com.br\/en\/wp-json\/wp\/v2\/media\/12432"}],"wp:attachment":[{"href":"https:\/\/actbr.com.br\/en\/wp-json\/wp\/v2\/media?parent=12431"}],"wp:term":[{"taxonomy":"product_brand","embeddable":true,"href":"https:\/\/actbr.com.br\/en\/wp-json\/wp\/v2\/product_brand?post=12431"},{"taxonomy":"product_cat","embeddable":true,"href":"https:\/\/actbr.com.br\/en\/wp-json\/wp\/v2\/product_cat?post=12431"},{"taxonomy":"product_tag","embeddable":true,"href":"https:\/\/actbr.com.br\/en\/wp-json\/wp\/v2\/product_tag?post=12431"}],"curies":[{"name":"wp","href":"https:\/\/api.w.org\/{rel}","templated":true}]}}