{"id":12455,"date":"2024-06-20T09:48:37","date_gmt":"2024-06-20T12:48:37","guid":{"rendered":"https:\/\/actbr.com.br\/?post_type=product&#038;p=12455"},"modified":"2024-06-20T10:01:18","modified_gmt":"2024-06-20T13:01:18","slug":"valvula-controle-de-fluxo-unidirecional-fdbalbn-lh-sun-hydraulics","status":"publish","type":"product","link":"https:\/\/actbr.com.br\/en\/produto\/valvula-controle-de-fluxo-unidirecional-fdbalbn-lh-sun-hydraulics\/","title":{"rendered":"V\u00c1LVULA CONTROLE DE FLUXO UNIDIRECIONAL &#8211; FDBALBN\/LH SUN HYDRAULICS"},"content":{"rendered":"<p><strong>Caracter\u00edsticas:<\/strong><\/p>\n<p><img decoding=\"async\" class=\"alignnone size-full wp-image-12457\" src=\"https:\/\/actbr.com.br\/wp-content\/uploads\/2024\/06\/FDBALBN-hidraulico.png\" alt=\"\" width=\"65\" height=\"109\" \/><\/p>\n<p>C\u00f3digo do Fabricante: FDBALBN\/LH; SNFDBALBN\/LH; FDBA-LBN\/LH; FDBA\/LBN_LH; SNFDBA-LBN\/LH<br \/>\nTipo: Reguladora de Fluxo compensada com fluxo reverso<br \/>\nMarca: Sun Hydraulics<br \/>\nPress\u00e3o Mola: N\/A<br \/>\nVaz\u00e3o: 23 L\/Min<br \/>\nTamanho: Cav- T-13A (<a href=\"https:\/\/www.sunhydraulics.com\/cavity\/T-13A\">https:\/\/www.sunhydraulics.com\/cavity\/T-13A<\/a>)<br \/>\nPeso: 0.14 (kg)<\/p>\n<p>Cat\u00e1logo T\u00e9cnico: <a href=\"https:\/\/www.sunhydraulics.com\/model\/FDBA\/LBN_LH\">https:\/\/www.sunhydraulics.com\/model\/FDBA\/LBN_LH<\/a><\/p>\n<p><strong>Curva de performance:<\/strong><\/p>\n<p><img decoding=\"async\" class=\"alignnone size-full wp-image-12461\" src=\"https:\/\/actbr.com.br\/wp-content\/uploads\/2024\/06\/FDBALBN-curva-performance-psi.png\" alt=\"\" width=\"231\" height=\"167\" \/><\/p>\n<p><img decoding=\"async\" class=\"alignnone size-full wp-image-12460\" src=\"https:\/\/actbr.com.br\/wp-content\/uploads\/2024\/06\/FDBALBN-curva-performance-lpm.png\" alt=\"\" width=\"236\" height=\"177\" \/><\/p>\n<p><img loading=\"lazy\" decoding=\"async\" class=\"alignnone size-full wp-image-12459\" src=\"https:\/\/actbr.com.br\/wp-content\/uploads\/2024\/06\/FDBALBN-curva-performance-gpm.png\" alt=\"\" width=\"243\" height=\"182\" \/><\/p>\n<p><img loading=\"lazy\" decoding=\"async\" class=\"alignnone size-full wp-image-12458\" src=\"https:\/\/actbr.com.br\/wp-content\/uploads\/2024\/06\/FDBALBN-curva-performance-bar.png\" alt=\"\" width=\"236\" height=\"193\" \/><\/p>\n<p><strong>Dimens\u00f5es:<\/strong><\/p>\n<p><img loading=\"lazy\" decoding=\"async\" class=\"alignnone size-medium wp-image-12456\" src=\"https:\/\/actbr.com.br\/wp-content\/uploads\/2024\/06\/FDBALBN-dimensoes-300x110.png\" alt=\"\" width=\"300\" height=\"110\" srcset=\"https:\/\/actbr.com.br\/wp-content\/uploads\/2024\/06\/FDBALBN-dimensoes-300x110.png 300w, https:\/\/actbr.com.br\/wp-content\/uploads\/2024\/06\/FDBALBN-dimensoes.png 322w\" sizes=\"(max-width: 300px) 100vw, 300px\" \/><\/p>\n","protected":false},"excerpt":{"rendered":"<p><strong>FDBALBN\/LH<\/strong> &#8211; Fully adjustable pressure compensated flow control valve with reverse flow check<\/p>\n<p>As V\u00e1lvulas reguladoras de fluxo SUN, modelo <strong>FDBALBN\/LH<\/strong> (insert\u00e1veis) est\u00e3o no grupo de v\u00e1lvulas direcionais, com fun\u00e7\u00e3o de ajustar\/limitar o fluxo de \u00f3leo em um determinado ponto do circuito hidr\u00e1ulico.<\/p>\n<p>Ideais para utiliza\u00e7\u00e3o onde \u00e9 necess\u00e1rio ajustar a perda de carga ou alterar a velocidade de um determinado atuador, linear ou rotativo, mantendo uma regulagem constante independente das varia\u00e7\u00f5es do fluido.<\/p>\n<p>Em um circuito hidr\u00e1ulico, as v\u00e1lvulas de reguladoras de fluxo compensadas, modelo <strong>FDBALBN\/LH<\/strong>, possuem diversas fun\u00e7\u00f5es. Uma delas seria a fun\u00e7\u00e3o de ajustar a perda de carga ou alterar a velocidade de um determinado atuador, linear ou rotativo, mantendo uma regulagem constante independente das varia\u00e7\u00f5es do fluido, muito aplicadas em sistemas onde \u00e9 necess\u00e1rio ter o retorno de fluxo livre. As utiliza\u00e7\u00f5es n\u00e3o param por a\u00ed, as V\u00e1lvulas SUN podem ser aplicadas em qualquer situa\u00e7\u00e3o onde o equipamento necessita de controle fino e de alt\u00edssimo controle.<\/p>\n","protected":false},"featured_media":12391,"template":"","meta":[],"product_brand":[],"product_cat":[227,231],"product_tag":[],"class_list":{"0":"post-12455","1":"product","2":"type-product","3":"status-publish","4":"has-post-thumbnail","6":"product_cat-sun-hydraulics","7":"product_cat-valvulas-controle-de-fluxo-sun","9":"first","10":"instock","11":"shipping-taxable","12":"product-type-simple"},"yoast_head":"<!-- This site is optimized with the Yoast SEO plugin v27.2 - https:\/\/yoast.com\/product\/yoast-seo-wordpress\/ -->\n<title>V\u00c1LVULA CONTROLE DE FLUXO UNIDIRECIONAL - FDBALBN\/LH SUN HYDRAULICS - ACT Sistemas Hidr\u00e1ulicos<\/title>\n<meta name=\"robots\" content=\"index, follow, max-snippet:-1, max-image-preview:large, max-video-preview:-1\" \/>\n<link rel=\"canonical\" href=\"https:\/\/actbr.com.br\/en\/produto\/valvula-controle-de-fluxo-unidirecional-fdbalbn-lh-sun-hydraulics\/\" \/>\n<meta property=\"og:locale\" content=\"en_US\" \/>\n<meta property=\"og:type\" content=\"article\" \/>\n<meta property=\"og:title\" content=\"V\u00c1LVULA CONTROLE DE FLUXO UNIDIRECIONAL - FDBALBN\/LH SUN HYDRAULICS - ACT Sistemas Hidr\u00e1ulicos\" \/>\n<meta property=\"og:description\" content=\"FDBALBN\/LH - Fully adjustable pressure compensated flow control valve with reverse flow check  As V\u00e1lvulas reguladoras de fluxo SUN, modelo FDBALBN\/LH (insert\u00e1veis) est\u00e3o no grupo de v\u00e1lvulas direcionais, com fun\u00e7\u00e3o de ajustar\/limitar o fluxo de \u00f3leo em um determinado ponto do circuito hidr\u00e1ulico.  Ideais para utiliza\u00e7\u00e3o onde \u00e9 necess\u00e1rio ajustar a perda de carga ou alterar a velocidade de um determinado atuador, linear ou rotativo, mantendo uma regulagem constante independente das varia\u00e7\u00f5es do fluido.  Em um circuito hidr\u00e1ulico, as v\u00e1lvulas de reguladoras de fluxo compensadas, modelo FDBALBN\/LH, possuem diversas fun\u00e7\u00f5es. Uma delas seria a fun\u00e7\u00e3o de ajustar a perda de carga ou alterar a velocidade de um determinado atuador, linear ou rotativo, mantendo uma regulagem constante independente das varia\u00e7\u00f5es do fluido, muito aplicadas em sistemas onde \u00e9 necess\u00e1rio ter o retorno de fluxo livre. As utiliza\u00e7\u00f5es n\u00e3o param por a\u00ed, as V\u00e1lvulas SUN podem ser aplicadas em qualquer situa\u00e7\u00e3o onde o equipamento necessita de controle fino e de alt\u00edssimo controle.\" \/>\n<meta property=\"og:url\" content=\"https:\/\/actbr.com.br\/en\/produto\/valvula-controle-de-fluxo-unidirecional-fdbalbn-lh-sun-hydraulics\/\" \/>\n<meta property=\"og:site_name\" content=\"ACT Sistemas Hidr\u00e1ulicos\" \/>\n<meta property=\"article:modified_time\" content=\"2024-06-20T13:01:18+00:00\" \/>\n<meta property=\"og:image\" content=\"https:\/\/actbr.com.br\/wp-content\/uploads\/2024\/06\/RDDALWN-RDBALCN-RPECLAN-RDBALEN-RDHALWN_LH.jpg\" \/>\n\t<meta property=\"og:image:width\" content=\"800\" \/>\n\t<meta property=\"og:image:height\" content=\"800\" \/>\n\t<meta property=\"og:image:type\" content=\"image\/jpeg\" \/>\n<meta name=\"twitter:card\" content=\"summary_large_image\" \/>\n<meta name=\"twitter:label1\" content=\"Est. reading time\" \/>\n\t<meta name=\"twitter:data1\" content=\"2 minutes\" \/>\n<script type=\"application\/ld+json\" class=\"yoast-schema-graph\">{\"@context\":\"https:\/\/schema.org\",\"@graph\":[{\"@type\":\"WebPage\",\"@id\":\"https:\/\/actbr.com.br\/en\/produto\/valvula-controle-de-fluxo-unidirecional-fdbalbn-lh-sun-hydraulics\/\",\"url\":\"https:\/\/actbr.com.br\/en\/produto\/valvula-controle-de-fluxo-unidirecional-fdbalbn-lh-sun-hydraulics\/\",\"name\":\"V\u00c1LVULA CONTROLE DE FLUXO UNIDIRECIONAL - FDBALBN\/LH SUN HYDRAULICS - ACT Sistemas Hidr\u00e1ulicos\",\"isPartOf\":{\"@id\":\"https:\/\/actbr.com.br\/en\/#website\"},\"primaryImageOfPage\":{\"@id\":\"https:\/\/actbr.com.br\/en\/produto\/valvula-controle-de-fluxo-unidirecional-fdbalbn-lh-sun-hydraulics\/#primaryimage\"},\"image\":{\"@id\":\"https:\/\/actbr.com.br\/en\/produto\/valvula-controle-de-fluxo-unidirecional-fdbalbn-lh-sun-hydraulics\/#primaryimage\"},\"thumbnailUrl\":\"https:\/\/actbr.com.br\/wp-content\/uploads\/2024\/06\/RDDALWN-RDBALCN-RPECLAN-RDBALEN-RDHALWN_LH.jpg\",\"datePublished\":\"2024-06-20T12:48:37+00:00\",\"dateModified\":\"2024-06-20T13:01:18+00:00\",\"breadcrumb\":{\"@id\":\"https:\/\/actbr.com.br\/en\/produto\/valvula-controle-de-fluxo-unidirecional-fdbalbn-lh-sun-hydraulics\/#breadcrumb\"},\"inLanguage\":\"en-US\",\"potentialAction\":[{\"@type\":\"ReadAction\",\"target\":[\"https:\/\/actbr.com.br\/en\/produto\/valvula-controle-de-fluxo-unidirecional-fdbalbn-lh-sun-hydraulics\/\"]}]},{\"@type\":\"ImageObject\",\"inLanguage\":\"en-US\",\"@id\":\"https:\/\/actbr.com.br\/en\/produto\/valvula-controle-de-fluxo-unidirecional-fdbalbn-lh-sun-hydraulics\/#primaryimage\",\"url\":\"https:\/\/actbr.com.br\/wp-content\/uploads\/2024\/06\/RDDALWN-RDBALCN-RPECLAN-RDBALEN-RDHALWN_LH.jpg\",\"contentUrl\":\"https:\/\/actbr.com.br\/wp-content\/uploads\/2024\/06\/RDDALWN-RDBALCN-RPECLAN-RDBALEN-RDHALWN_LH.jpg\",\"width\":800,\"height\":800},{\"@type\":\"BreadcrumbList\",\"@id\":\"https:\/\/actbr.com.br\/en\/produto\/valvula-controle-de-fluxo-unidirecional-fdbalbn-lh-sun-hydraulics\/#breadcrumb\",\"itemListElement\":[{\"@type\":\"ListItem\",\"position\":1,\"name\":\"In\u00edcio\",\"item\":\"https:\/\/actbr.com.br\/en\/\"},{\"@type\":\"ListItem\",\"position\":2,\"name\":\"Produtos\",\"item\":\"https:\/\/actbr.com.br\/produtos-act\/\"},{\"@type\":\"ListItem\",\"position\":3,\"name\":\"SUN Hydraulics\",\"item\":\"https:\/\/actbr.com.br\/en\/categoria-produto\/sun-hydraulics\/\"},{\"@type\":\"ListItem\",\"position\":4,\"name\":\"V\u00c1LVULA CONTROLE DE FLUXO UNIDIRECIONAL &#8211; FDBALBN\/LH SUN HYDRAULICS\"}]},{\"@type\":\"WebSite\",\"@id\":\"https:\/\/actbr.com.br\/en\/#website\",\"url\":\"https:\/\/actbr.com.br\/en\/\",\"name\":\"ACT Sistemas Hidr\u00e1ulicos\",\"description\":\"Fabrica\u00e7\u00e3o e manuten\u00e7\u00e3o de componentes \u00f3leo hidr\u00e1ulicos\",\"publisher\":{\"@id\":\"https:\/\/actbr.com.br\/en\/#organization\"},\"potentialAction\":[{\"@type\":\"SearchAction\",\"target\":{\"@type\":\"EntryPoint\",\"urlTemplate\":\"https:\/\/actbr.com.br\/en\/?s={search_term_string}\"},\"query-input\":{\"@type\":\"PropertyValueSpecification\",\"valueRequired\":true,\"valueName\":\"search_term_string\"}}],\"inLanguage\":\"en-US\"},{\"@type\":\"Organization\",\"@id\":\"https:\/\/actbr.com.br\/en\/#organization\",\"name\":\"ACT Sistemas Hidr\u00e1ulicos\",\"url\":\"https:\/\/actbr.com.br\/en\/\",\"logo\":{\"@type\":\"ImageObject\",\"inLanguage\":\"en-US\",\"@id\":\"https:\/\/actbr.com.br\/en\/#\/schema\/logo\/image\/\",\"url\":\"https:\/\/actbr.com.br\/wp-content\/uploads\/2025\/02\/cropped-ACT_NEGATIVO-marca-dagua.png\",\"contentUrl\":\"https:\/\/actbr.com.br\/wp-content\/uploads\/2025\/02\/cropped-ACT_NEGATIVO-marca-dagua.png\",\"width\":240,\"height\":146,\"caption\":\"ACT Sistemas Hidr\u00e1ulicos\"},\"image\":{\"@id\":\"https:\/\/actbr.com.br\/en\/#\/schema\/logo\/image\/\"}}]}<\/script>\n<!-- \/ Yoast SEO plugin. -->","yoast_head_json":{"title":"V\u00c1LVULA CONTROLE DE FLUXO UNIDIRECIONAL - FDBALBN\/LH SUN HYDRAULICS - ACT Sistemas Hidr\u00e1ulicos","robots":{"index":"index","follow":"follow","max-snippet":"max-snippet:-1","max-image-preview":"max-image-preview:large","max-video-preview":"max-video-preview:-1"},"canonical":"https:\/\/actbr.com.br\/en\/produto\/valvula-controle-de-fluxo-unidirecional-fdbalbn-lh-sun-hydraulics\/","og_locale":"en_US","og_type":"article","og_title":"V\u00c1LVULA CONTROLE DE FLUXO UNIDIRECIONAL - FDBALBN\/LH SUN HYDRAULICS - ACT Sistemas Hidr\u00e1ulicos","og_description":"FDBALBN\/LH - Fully adjustable pressure compensated flow control valve with reverse flow check  As V\u00e1lvulas reguladoras de fluxo SUN, modelo FDBALBN\/LH (insert\u00e1veis) est\u00e3o no grupo de v\u00e1lvulas direcionais, com fun\u00e7\u00e3o de ajustar\/limitar o fluxo de \u00f3leo em um determinado ponto do circuito hidr\u00e1ulico.  Ideais para utiliza\u00e7\u00e3o onde \u00e9 necess\u00e1rio ajustar a perda de carga ou alterar a velocidade de um determinado atuador, linear ou rotativo, mantendo uma regulagem constante independente das varia\u00e7\u00f5es do fluido.  Em um circuito hidr\u00e1ulico, as v\u00e1lvulas de reguladoras de fluxo compensadas, modelo FDBALBN\/LH, possuem diversas fun\u00e7\u00f5es. Uma delas seria a fun\u00e7\u00e3o de ajustar a perda de carga ou alterar a velocidade de um determinado atuador, linear ou rotativo, mantendo uma regulagem constante independente das varia\u00e7\u00f5es do fluido, muito aplicadas em sistemas onde \u00e9 necess\u00e1rio ter o retorno de fluxo livre. As utiliza\u00e7\u00f5es n\u00e3o param por a\u00ed, as V\u00e1lvulas SUN podem ser aplicadas em qualquer situa\u00e7\u00e3o onde o equipamento necessita de controle fino e de alt\u00edssimo controle.","og_url":"https:\/\/actbr.com.br\/en\/produto\/valvula-controle-de-fluxo-unidirecional-fdbalbn-lh-sun-hydraulics\/","og_site_name":"ACT Sistemas Hidr\u00e1ulicos","article_modified_time":"2024-06-20T13:01:18+00:00","og_image":[{"width":800,"height":800,"url":"https:\/\/actbr.com.br\/wp-content\/uploads\/2024\/06\/RDDALWN-RDBALCN-RPECLAN-RDBALEN-RDHALWN_LH.jpg","type":"image\/jpeg"}],"twitter_card":"summary_large_image","twitter_misc":{"Est. reading time":"2 minutes"},"schema":{"@context":"https:\/\/schema.org","@graph":[{"@type":"WebPage","@id":"https:\/\/actbr.com.br\/en\/produto\/valvula-controle-de-fluxo-unidirecional-fdbalbn-lh-sun-hydraulics\/","url":"https:\/\/actbr.com.br\/en\/produto\/valvula-controle-de-fluxo-unidirecional-fdbalbn-lh-sun-hydraulics\/","name":"V\u00c1LVULA CONTROLE DE FLUXO UNIDIRECIONAL - FDBALBN\/LH SUN HYDRAULICS - ACT Sistemas Hidr\u00e1ulicos","isPartOf":{"@id":"https:\/\/actbr.com.br\/en\/#website"},"primaryImageOfPage":{"@id":"https:\/\/actbr.com.br\/en\/produto\/valvula-controle-de-fluxo-unidirecional-fdbalbn-lh-sun-hydraulics\/#primaryimage"},"image":{"@id":"https:\/\/actbr.com.br\/en\/produto\/valvula-controle-de-fluxo-unidirecional-fdbalbn-lh-sun-hydraulics\/#primaryimage"},"thumbnailUrl":"https:\/\/actbr.com.br\/wp-content\/uploads\/2024\/06\/RDDALWN-RDBALCN-RPECLAN-RDBALEN-RDHALWN_LH.jpg","datePublished":"2024-06-20T12:48:37+00:00","dateModified":"2024-06-20T13:01:18+00:00","breadcrumb":{"@id":"https:\/\/actbr.com.br\/en\/produto\/valvula-controle-de-fluxo-unidirecional-fdbalbn-lh-sun-hydraulics\/#breadcrumb"},"inLanguage":"en-US","potentialAction":[{"@type":"ReadAction","target":["https:\/\/actbr.com.br\/en\/produto\/valvula-controle-de-fluxo-unidirecional-fdbalbn-lh-sun-hydraulics\/"]}]},{"@type":"ImageObject","inLanguage":"en-US","@id":"https:\/\/actbr.com.br\/en\/produto\/valvula-controle-de-fluxo-unidirecional-fdbalbn-lh-sun-hydraulics\/#primaryimage","url":"https:\/\/actbr.com.br\/wp-content\/uploads\/2024\/06\/RDDALWN-RDBALCN-RPECLAN-RDBALEN-RDHALWN_LH.jpg","contentUrl":"https:\/\/actbr.com.br\/wp-content\/uploads\/2024\/06\/RDDALWN-RDBALCN-RPECLAN-RDBALEN-RDHALWN_LH.jpg","width":800,"height":800},{"@type":"BreadcrumbList","@id":"https:\/\/actbr.com.br\/en\/produto\/valvula-controle-de-fluxo-unidirecional-fdbalbn-lh-sun-hydraulics\/#breadcrumb","itemListElement":[{"@type":"ListItem","position":1,"name":"In\u00edcio","item":"https:\/\/actbr.com.br\/en\/"},{"@type":"ListItem","position":2,"name":"Produtos","item":"https:\/\/actbr.com.br\/produtos-act\/"},{"@type":"ListItem","position":3,"name":"SUN Hydraulics","item":"https:\/\/actbr.com.br\/en\/categoria-produto\/sun-hydraulics\/"},{"@type":"ListItem","position":4,"name":"V\u00c1LVULA CONTROLE DE FLUXO UNIDIRECIONAL &#8211; FDBALBN\/LH SUN HYDRAULICS"}]},{"@type":"WebSite","@id":"https:\/\/actbr.com.br\/en\/#website","url":"https:\/\/actbr.com.br\/en\/","name":"ACT Sistemas Hidr\u00e1ulicos","description":"Fabrica\u00e7\u00e3o e manuten\u00e7\u00e3o de componentes \u00f3leo hidr\u00e1ulicos","publisher":{"@id":"https:\/\/actbr.com.br\/en\/#organization"},"potentialAction":[{"@type":"SearchAction","target":{"@type":"EntryPoint","urlTemplate":"https:\/\/actbr.com.br\/en\/?s={search_term_string}"},"query-input":{"@type":"PropertyValueSpecification","valueRequired":true,"valueName":"search_term_string"}}],"inLanguage":"en-US"},{"@type":"Organization","@id":"https:\/\/actbr.com.br\/en\/#organization","name":"ACT Sistemas Hidr\u00e1ulicos","url":"https:\/\/actbr.com.br\/en\/","logo":{"@type":"ImageObject","inLanguage":"en-US","@id":"https:\/\/actbr.com.br\/en\/#\/schema\/logo\/image\/","url":"https:\/\/actbr.com.br\/wp-content\/uploads\/2025\/02\/cropped-ACT_NEGATIVO-marca-dagua.png","contentUrl":"https:\/\/actbr.com.br\/wp-content\/uploads\/2025\/02\/cropped-ACT_NEGATIVO-marca-dagua.png","width":240,"height":146,"caption":"ACT Sistemas Hidr\u00e1ulicos"},"image":{"@id":"https:\/\/actbr.com.br\/en\/#\/schema\/logo\/image\/"}}]}},"_links":{"self":[{"href":"https:\/\/actbr.com.br\/en\/wp-json\/wp\/v2\/product\/12455","targetHints":{"allow":["GET"]}}],"collection":[{"href":"https:\/\/actbr.com.br\/en\/wp-json\/wp\/v2\/product"}],"about":[{"href":"https:\/\/actbr.com.br\/en\/wp-json\/wp\/v2\/types\/product"}],"wp:featuredmedia":[{"embeddable":true,"href":"https:\/\/actbr.com.br\/en\/wp-json\/wp\/v2\/media\/12391"}],"wp:attachment":[{"href":"https:\/\/actbr.com.br\/en\/wp-json\/wp\/v2\/media?parent=12455"}],"wp:term":[{"taxonomy":"product_brand","embeddable":true,"href":"https:\/\/actbr.com.br\/en\/wp-json\/wp\/v2\/product_brand?post=12455"},{"taxonomy":"product_cat","embeddable":true,"href":"https:\/\/actbr.com.br\/en\/wp-json\/wp\/v2\/product_cat?post=12455"},{"taxonomy":"product_tag","embeddable":true,"href":"https:\/\/actbr.com.br\/en\/wp-json\/wp\/v2\/product_tag?post=12455"}],"curies":[{"name":"wp","href":"https:\/\/api.w.org\/{rel}","templated":true}]}}