{"id":12480,"date":"2024-06-20T10:16:10","date_gmt":"2024-06-20T13:16:10","guid":{"rendered":"https:\/\/actbr.com.br\/?post_type=product&#038;p=12480"},"modified":"2024-06-21T20:16:13","modified_gmt":"2024-06-21T23:16:13","slug":"valvula-elemento-logico-dodsxhn-sun-hydraulics","status":"publish","type":"product","link":"https:\/\/actbr.com.br\/en\/produto\/valvula-elemento-logico-dodsxhn-sun-hydraulics\/","title":{"rendered":"V\u00c1LVULA ELEMENTO L\u00d3GICO &#8211; DODSXHN SUN HYDRAULICS"},"content":{"rendered":"<p><strong>Caracter\u00edsticas:<\/strong><\/p>\n<p><img decoding=\"async\" class=\"alignnone size-medium wp-image-12483\" src=\"https:\/\/actbr.com.br\/wp-content\/uploads\/2024\/06\/DODSXHN-hidraulico.png\" alt=\"\" width=\"145\" height=\"85\" \/><\/p>\n<p>C\u00f3digo do Fabricante: DODSXHN; SNDODSXHN; DODS-XHN; DODS\/XHN; SNDODS-XHN<br \/>\nTipo: Elemento L\u00f3gico<br \/>\nMarca: Sun Hydraulics<br \/>\nPress\u00e3o: 28 bar<br \/>\nVaz\u00e3o: 60 L\/Min<br \/>\nTamanho: Cav- T-21A (<a href=\"https:\/\/www.sunhydraulics.com\/cavity\/T-21A\">https:\/\/www.sunhydraulics.com\/cavity\/T-21A<\/a>)<br \/>\nPeso: 0.16 (kg)<\/p>\n<p>Cat\u00e1logo T\u00e9cnico: <a href=\"https:\/\/www.sunhydraulics.com\/model\/DODS\/XHN\">https:\/\/www.sunhydraulics.com\/model\/DODS\/XHN<\/a><\/p>\n<p><strong>Curva de performance:<\/strong><\/p>\n<p><img fetchpriority=\"high\" decoding=\"async\" class=\"alignnone size-medium wp-image-12482\" src=\"https:\/\/actbr.com.br\/wp-content\/uploads\/2024\/06\/DODSXHN-curva-performance.png\" alt=\"\" width=\"273\" height=\"208\" \/><\/p>\n<p><strong>Dimens\u00f5es:<\/strong><\/p>\n<p><img decoding=\"async\" class=\"alignnone size-medium wp-image-12481\" src=\"https:\/\/actbr.com.br\/wp-content\/uploads\/2024\/06\/DODSXHN-dimensoes-300x123.png\" alt=\"\" width=\"300\" height=\"123\" srcset=\"https:\/\/actbr.com.br\/wp-content\/uploads\/2024\/06\/DODSXHN-dimensoes-300x123.png 300w, https:\/\/actbr.com.br\/wp-content\/uploads\/2024\/06\/DODSXHN-dimensoes.png 397w\" sizes=\"(max-width: 300px) 100vw, 300px\" \/><\/p>\n","protected":false},"excerpt":{"rendered":"<p><strong>DODSXHN<\/strong> &#8211; Normally open, balanced poppet, logic element &#8211; pilot-to-close<\/p>\n<p>As V\u00e1lvulas de elemento l\u00f3gico SUN, modelo <strong>DODSXHN<\/strong> (insert\u00e1veis) est\u00e3o no grupo de v\u00e1lvulas direcionais, com fun\u00e7\u00e3o l\u00f3gica.<\/p>\n<p>Em um circuito hidr\u00e1ulico, as v\u00e1lvulas de elemento l\u00f3gico (Sun logic element), modelo <strong>DODSXHN<\/strong>, possuem diversas fun\u00e7\u00f5es. Uma delas seria a fun\u00e7\u00e3o de controle de fluxo compensada para cargas, conhecido como load sensing, mantendo um fluxo de fluido constante independente da press\u00e3o que os sistemas requerem para movimento. As utiliza\u00e7\u00f5es n\u00e3o param por a\u00ed, as V\u00e1lvulas SUN podem ser aplicadas em qualquer situa\u00e7\u00e3o onde o equipamento necessita de controle fino e de alt\u00edssimo controle.<\/p>\n","protected":false},"featured_media":12475,"template":"","meta":[],"product_brand":[],"product_cat":[227,234],"product_tag":[],"class_list":{"0":"post-12480","1":"product","2":"type-product","3":"status-publish","4":"has-post-thumbnail","6":"product_cat-sun-hydraulics","7":"product_cat-elemento-logico-sun","9":"first","10":"instock","11":"shipping-taxable","12":"product-type-simple"},"yoast_head":"<!-- This site is optimized with the Yoast SEO plugin v27.5 - https:\/\/yoast.com\/product\/yoast-seo-wordpress\/ -->\n<title>V\u00c1LVULA ELEMENTO L\u00d3GICO - DODSXHN SUN HYDRAULICS - ACT Sistemas Hidr\u00e1ulicos<\/title>\n<meta name=\"description\" content=\"As V\u00e1lvulas de elemento l\u00f3gico SUN, modelo DODSXHN (insert\u00e1veis) est\u00e3o no grupo de v\u00e1lvulas direcionais, com fun\u00e7\u00e3o l\u00f3gica.Em um circuito hidr\u00e1ulico, as v\u00e1lvulas de elemento l\u00f3gico (Sun logic element), modelo DODSXHN, possuem diversas fun\u00e7\u00f5es. Uma delas seria a fun\u00e7\u00e3o de controle de fluxo compensada para cargas, conhecido como load sensing, mantendo um fluxo de fluido constante independente da press\u00e3o que os sistemas requerem para movimento. As utiliza\u00e7\u00f5es n\u00e3o param por a\u00ed, as V\u00e1lvulas SUN podem ser aplicadas em qualquer situa\u00e7\u00e3o onde o equipamento necessita de controle fino e de alt\u00edssimo controle.\" \/>\n<meta name=\"robots\" content=\"index, follow, max-snippet:-1, max-image-preview:large, max-video-preview:-1\" \/>\n<link rel=\"canonical\" href=\"https:\/\/actbr.com.br\/en\/produto\/valvula-elemento-logico-dodsxhn-sun-hydraulics\/\" \/>\n<meta property=\"og:locale\" content=\"en_US\" \/>\n<meta property=\"og:type\" content=\"article\" \/>\n<meta property=\"og:title\" content=\"V\u00c1LVULA ELEMENTO L\u00d3GICO - DODSXHN SUN HYDRAULICS - ACT Sistemas Hidr\u00e1ulicos\" \/>\n<meta property=\"og:description\" content=\"As V\u00e1lvulas de elemento l\u00f3gico SUN, modelo DODSXHN (insert\u00e1veis) est\u00e3o no grupo de v\u00e1lvulas direcionais, com fun\u00e7\u00e3o l\u00f3gica.Em um circuito hidr\u00e1ulico, as v\u00e1lvulas de elemento l\u00f3gico (Sun logic element), modelo DODSXHN, possuem diversas fun\u00e7\u00f5es. Uma delas seria a fun\u00e7\u00e3o de controle de fluxo compensada para cargas, conhecido como load sensing, mantendo um fluxo de fluido constante independente da press\u00e3o que os sistemas requerem para movimento. As utiliza\u00e7\u00f5es n\u00e3o param por a\u00ed, as V\u00e1lvulas SUN podem ser aplicadas em qualquer situa\u00e7\u00e3o onde o equipamento necessita de controle fino e de alt\u00edssimo controle.\" \/>\n<meta property=\"og:url\" content=\"https:\/\/actbr.com.br\/en\/produto\/valvula-elemento-logico-dodsxhn-sun-hydraulics\/\" \/>\n<meta property=\"og:site_name\" content=\"ACT Sistemas Hidr\u00e1ulicos\" \/>\n<meta property=\"article:modified_time\" content=\"2024-06-21T23:16:13+00:00\" \/>\n<meta property=\"og:image\" content=\"https:\/\/actbr.com.br\/wp-content\/uploads\/2024\/06\/DODSXHN-CKBBXCN.jpg\" \/>\n\t<meta property=\"og:image:width\" content=\"800\" \/>\n\t<meta property=\"og:image:height\" content=\"800\" \/>\n\t<meta property=\"og:image:type\" content=\"image\/jpeg\" \/>\n<meta name=\"twitter:card\" content=\"summary_large_image\" \/>\n<meta name=\"twitter:label1\" content=\"Est. reading time\" \/>\n\t<meta name=\"twitter:data1\" content=\"1 minute\" \/>\n<script type=\"application\/ld+json\" class=\"yoast-schema-graph\">{\"@context\":\"https:\\\/\\\/schema.org\",\"@graph\":[{\"@type\":\"WebPage\",\"@id\":\"https:\\\/\\\/actbr.com.br\\\/en\\\/produto\\\/valvula-elemento-logico-dodsxhn-sun-hydraulics\\\/\",\"url\":\"https:\\\/\\\/actbr.com.br\\\/en\\\/produto\\\/valvula-elemento-logico-dodsxhn-sun-hydraulics\\\/\",\"name\":\"V\u00c1LVULA ELEMENTO L\u00d3GICO - DODSXHN SUN HYDRAULICS - ACT Sistemas Hidr\u00e1ulicos\",\"isPartOf\":{\"@id\":\"https:\\\/\\\/actbr.com.br\\\/en\\\/#website\"},\"primaryImageOfPage\":{\"@id\":\"https:\\\/\\\/actbr.com.br\\\/en\\\/produto\\\/valvula-elemento-logico-dodsxhn-sun-hydraulics\\\/#primaryimage\"},\"image\":{\"@id\":\"https:\\\/\\\/actbr.com.br\\\/en\\\/produto\\\/valvula-elemento-logico-dodsxhn-sun-hydraulics\\\/#primaryimage\"},\"thumbnailUrl\":\"https:\\\/\\\/actbr.com.br\\\/wp-content\\\/uploads\\\/2024\\\/06\\\/DODSXHN-CKBBXCN.jpg\",\"datePublished\":\"2024-06-20T13:16:10+00:00\",\"dateModified\":\"2024-06-21T23:16:13+00:00\",\"description\":\"As V\u00e1lvulas de elemento l\u00f3gico SUN, modelo DODSXHN (insert\u00e1veis) est\u00e3o no grupo de v\u00e1lvulas direcionais, com fun\u00e7\u00e3o l\u00f3gica.Em um circuito hidr\u00e1ulico, as v\u00e1lvulas de elemento l\u00f3gico (Sun logic element), modelo DODSXHN, possuem diversas fun\u00e7\u00f5es. Uma delas seria a fun\u00e7\u00e3o de controle de fluxo compensada para cargas, conhecido como load sensing, mantendo um fluxo de fluido constante independente da press\u00e3o que os sistemas requerem para movimento. As utiliza\u00e7\u00f5es n\u00e3o param por a\u00ed, as V\u00e1lvulas SUN podem ser aplicadas em qualquer situa\u00e7\u00e3o onde o equipamento necessita de controle fino e de alt\u00edssimo controle.\",\"breadcrumb\":{\"@id\":\"https:\\\/\\\/actbr.com.br\\\/en\\\/produto\\\/valvula-elemento-logico-dodsxhn-sun-hydraulics\\\/#breadcrumb\"},\"inLanguage\":\"en-US\",\"potentialAction\":[{\"@type\":\"ReadAction\",\"target\":[\"https:\\\/\\\/actbr.com.br\\\/en\\\/produto\\\/valvula-elemento-logico-dodsxhn-sun-hydraulics\\\/\"]}]},{\"@type\":\"ImageObject\",\"inLanguage\":\"en-US\",\"@id\":\"https:\\\/\\\/actbr.com.br\\\/en\\\/produto\\\/valvula-elemento-logico-dodsxhn-sun-hydraulics\\\/#primaryimage\",\"url\":\"https:\\\/\\\/actbr.com.br\\\/wp-content\\\/uploads\\\/2024\\\/06\\\/DODSXHN-CKBBXCN.jpg\",\"contentUrl\":\"https:\\\/\\\/actbr.com.br\\\/wp-content\\\/uploads\\\/2024\\\/06\\\/DODSXHN-CKBBXCN.jpg\",\"width\":800,\"height\":800},{\"@type\":\"BreadcrumbList\",\"@id\":\"https:\\\/\\\/actbr.com.br\\\/en\\\/produto\\\/valvula-elemento-logico-dodsxhn-sun-hydraulics\\\/#breadcrumb\",\"itemListElement\":[{\"@type\":\"ListItem\",\"position\":1,\"name\":\"In\u00edcio\",\"item\":\"https:\\\/\\\/actbr.com.br\\\/en\\\/\"},{\"@type\":\"ListItem\",\"position\":2,\"name\":\"Produtos\",\"item\":\"https:\\\/\\\/actbr.com.br\\\/produtos-act\\\/\"},{\"@type\":\"ListItem\",\"position\":3,\"name\":\"SUN Hydraulics\",\"item\":\"https:\\\/\\\/actbr.com.br\\\/en\\\/categoria-produto\\\/sun-hydraulics\\\/\"},{\"@type\":\"ListItem\",\"position\":4,\"name\":\"V\u00c1LVULA ELEMENTO L\u00d3GICO &#8211; DODSXHN SUN HYDRAULICS\"}]},{\"@type\":\"WebSite\",\"@id\":\"https:\\\/\\\/actbr.com.br\\\/en\\\/#website\",\"url\":\"https:\\\/\\\/actbr.com.br\\\/en\\\/\",\"name\":\"ACT Sistemas Hidr\u00e1ulicos\",\"description\":\"Fabrica\u00e7\u00e3o e manuten\u00e7\u00e3o de componentes \u00f3leo hidr\u00e1ulicos\",\"publisher\":{\"@id\":\"https:\\\/\\\/actbr.com.br\\\/en\\\/#organization\"},\"potentialAction\":[{\"@type\":\"SearchAction\",\"target\":{\"@type\":\"EntryPoint\",\"urlTemplate\":\"https:\\\/\\\/actbr.com.br\\\/en\\\/?s={search_term_string}\"},\"query-input\":{\"@type\":\"PropertyValueSpecification\",\"valueRequired\":true,\"valueName\":\"search_term_string\"}}],\"inLanguage\":\"en-US\"},{\"@type\":\"Organization\",\"@id\":\"https:\\\/\\\/actbr.com.br\\\/en\\\/#organization\",\"name\":\"ACT Sistemas Hidr\u00e1ulicos\",\"url\":\"https:\\\/\\\/actbr.com.br\\\/en\\\/\",\"logo\":{\"@type\":\"ImageObject\",\"inLanguage\":\"en-US\",\"@id\":\"https:\\\/\\\/actbr.com.br\\\/en\\\/#\\\/schema\\\/logo\\\/image\\\/\",\"url\":\"https:\\\/\\\/actbr.com.br\\\/wp-content\\\/uploads\\\/2025\\\/02\\\/cropped-ACT_NEGATIVO-marca-dagua.png\",\"contentUrl\":\"https:\\\/\\\/actbr.com.br\\\/wp-content\\\/uploads\\\/2025\\\/02\\\/cropped-ACT_NEGATIVO-marca-dagua.png\",\"width\":240,\"height\":146,\"caption\":\"ACT Sistemas Hidr\u00e1ulicos\"},\"image\":{\"@id\":\"https:\\\/\\\/actbr.com.br\\\/en\\\/#\\\/schema\\\/logo\\\/image\\\/\"}}]}<\/script>\n<!-- \/ Yoast SEO plugin. -->","yoast_head_json":{"title":"V\u00c1LVULA ELEMENTO L\u00d3GICO - DODSXHN SUN HYDRAULICS - ACT Sistemas Hidr\u00e1ulicos","description":"As V\u00e1lvulas de elemento l\u00f3gico SUN, modelo DODSXHN (insert\u00e1veis) est\u00e3o no grupo de v\u00e1lvulas direcionais, com fun\u00e7\u00e3o l\u00f3gica.Em um circuito hidr\u00e1ulico, as v\u00e1lvulas de elemento l\u00f3gico (Sun logic element), modelo DODSXHN, possuem diversas fun\u00e7\u00f5es. Uma delas seria a fun\u00e7\u00e3o de controle de fluxo compensada para cargas, conhecido como load sensing, mantendo um fluxo de fluido constante independente da press\u00e3o que os sistemas requerem para movimento. As utiliza\u00e7\u00f5es n\u00e3o param por a\u00ed, as V\u00e1lvulas SUN podem ser aplicadas em qualquer situa\u00e7\u00e3o onde o equipamento necessita de controle fino e de alt\u00edssimo controle.","robots":{"index":"index","follow":"follow","max-snippet":"max-snippet:-1","max-image-preview":"max-image-preview:large","max-video-preview":"max-video-preview:-1"},"canonical":"https:\/\/actbr.com.br\/en\/produto\/valvula-elemento-logico-dodsxhn-sun-hydraulics\/","og_locale":"en_US","og_type":"article","og_title":"V\u00c1LVULA ELEMENTO L\u00d3GICO - DODSXHN SUN HYDRAULICS - ACT Sistemas Hidr\u00e1ulicos","og_description":"As V\u00e1lvulas de elemento l\u00f3gico SUN, modelo DODSXHN (insert\u00e1veis) est\u00e3o no grupo de v\u00e1lvulas direcionais, com fun\u00e7\u00e3o l\u00f3gica.Em um circuito hidr\u00e1ulico, as v\u00e1lvulas de elemento l\u00f3gico (Sun logic element), modelo DODSXHN, possuem diversas fun\u00e7\u00f5es. Uma delas seria a fun\u00e7\u00e3o de controle de fluxo compensada para cargas, conhecido como load sensing, mantendo um fluxo de fluido constante independente da press\u00e3o que os sistemas requerem para movimento. As utiliza\u00e7\u00f5es n\u00e3o param por a\u00ed, as V\u00e1lvulas SUN podem ser aplicadas em qualquer situa\u00e7\u00e3o onde o equipamento necessita de controle fino e de alt\u00edssimo controle.","og_url":"https:\/\/actbr.com.br\/en\/produto\/valvula-elemento-logico-dodsxhn-sun-hydraulics\/","og_site_name":"ACT Sistemas Hidr\u00e1ulicos","article_modified_time":"2024-06-21T23:16:13+00:00","og_image":[{"width":800,"height":800,"url":"https:\/\/actbr.com.br\/wp-content\/uploads\/2024\/06\/DODSXHN-CKBBXCN.jpg","type":"image\/jpeg"}],"twitter_card":"summary_large_image","twitter_misc":{"Est. reading time":"1 minute"},"schema":{"@context":"https:\/\/schema.org","@graph":[{"@type":"WebPage","@id":"https:\/\/actbr.com.br\/en\/produto\/valvula-elemento-logico-dodsxhn-sun-hydraulics\/","url":"https:\/\/actbr.com.br\/en\/produto\/valvula-elemento-logico-dodsxhn-sun-hydraulics\/","name":"V\u00c1LVULA ELEMENTO L\u00d3GICO - DODSXHN SUN HYDRAULICS - ACT Sistemas Hidr\u00e1ulicos","isPartOf":{"@id":"https:\/\/actbr.com.br\/en\/#website"},"primaryImageOfPage":{"@id":"https:\/\/actbr.com.br\/en\/produto\/valvula-elemento-logico-dodsxhn-sun-hydraulics\/#primaryimage"},"image":{"@id":"https:\/\/actbr.com.br\/en\/produto\/valvula-elemento-logico-dodsxhn-sun-hydraulics\/#primaryimage"},"thumbnailUrl":"https:\/\/actbr.com.br\/wp-content\/uploads\/2024\/06\/DODSXHN-CKBBXCN.jpg","datePublished":"2024-06-20T13:16:10+00:00","dateModified":"2024-06-21T23:16:13+00:00","description":"As V\u00e1lvulas de elemento l\u00f3gico SUN, modelo DODSXHN (insert\u00e1veis) est\u00e3o no grupo de v\u00e1lvulas direcionais, com fun\u00e7\u00e3o l\u00f3gica.Em um circuito hidr\u00e1ulico, as v\u00e1lvulas de elemento l\u00f3gico (Sun logic element), modelo DODSXHN, possuem diversas fun\u00e7\u00f5es. Uma delas seria a fun\u00e7\u00e3o de controle de fluxo compensada para cargas, conhecido como load sensing, mantendo um fluxo de fluido constante independente da press\u00e3o que os sistemas requerem para movimento. As utiliza\u00e7\u00f5es n\u00e3o param por a\u00ed, as V\u00e1lvulas SUN podem ser aplicadas em qualquer situa\u00e7\u00e3o onde o equipamento necessita de controle fino e de alt\u00edssimo controle.","breadcrumb":{"@id":"https:\/\/actbr.com.br\/en\/produto\/valvula-elemento-logico-dodsxhn-sun-hydraulics\/#breadcrumb"},"inLanguage":"en-US","potentialAction":[{"@type":"ReadAction","target":["https:\/\/actbr.com.br\/en\/produto\/valvula-elemento-logico-dodsxhn-sun-hydraulics\/"]}]},{"@type":"ImageObject","inLanguage":"en-US","@id":"https:\/\/actbr.com.br\/en\/produto\/valvula-elemento-logico-dodsxhn-sun-hydraulics\/#primaryimage","url":"https:\/\/actbr.com.br\/wp-content\/uploads\/2024\/06\/DODSXHN-CKBBXCN.jpg","contentUrl":"https:\/\/actbr.com.br\/wp-content\/uploads\/2024\/06\/DODSXHN-CKBBXCN.jpg","width":800,"height":800},{"@type":"BreadcrumbList","@id":"https:\/\/actbr.com.br\/en\/produto\/valvula-elemento-logico-dodsxhn-sun-hydraulics\/#breadcrumb","itemListElement":[{"@type":"ListItem","position":1,"name":"In\u00edcio","item":"https:\/\/actbr.com.br\/en\/"},{"@type":"ListItem","position":2,"name":"Produtos","item":"https:\/\/actbr.com.br\/produtos-act\/"},{"@type":"ListItem","position":3,"name":"SUN Hydraulics","item":"https:\/\/actbr.com.br\/en\/categoria-produto\/sun-hydraulics\/"},{"@type":"ListItem","position":4,"name":"V\u00c1LVULA ELEMENTO L\u00d3GICO &#8211; DODSXHN SUN HYDRAULICS"}]},{"@type":"WebSite","@id":"https:\/\/actbr.com.br\/en\/#website","url":"https:\/\/actbr.com.br\/en\/","name":"ACT Sistemas Hidr\u00e1ulicos","description":"Fabrica\u00e7\u00e3o e manuten\u00e7\u00e3o de componentes \u00f3leo hidr\u00e1ulicos","publisher":{"@id":"https:\/\/actbr.com.br\/en\/#organization"},"potentialAction":[{"@type":"SearchAction","target":{"@type":"EntryPoint","urlTemplate":"https:\/\/actbr.com.br\/en\/?s={search_term_string}"},"query-input":{"@type":"PropertyValueSpecification","valueRequired":true,"valueName":"search_term_string"}}],"inLanguage":"en-US"},{"@type":"Organization","@id":"https:\/\/actbr.com.br\/en\/#organization","name":"ACT Sistemas Hidr\u00e1ulicos","url":"https:\/\/actbr.com.br\/en\/","logo":{"@type":"ImageObject","inLanguage":"en-US","@id":"https:\/\/actbr.com.br\/en\/#\/schema\/logo\/image\/","url":"https:\/\/actbr.com.br\/wp-content\/uploads\/2025\/02\/cropped-ACT_NEGATIVO-marca-dagua.png","contentUrl":"https:\/\/actbr.com.br\/wp-content\/uploads\/2025\/02\/cropped-ACT_NEGATIVO-marca-dagua.png","width":240,"height":146,"caption":"ACT Sistemas Hidr\u00e1ulicos"},"image":{"@id":"https:\/\/actbr.com.br\/en\/#\/schema\/logo\/image\/"}}]}},"_links":{"self":[{"href":"https:\/\/actbr.com.br\/en\/wp-json\/wp\/v2\/product\/12480","targetHints":{"allow":["GET"]}}],"collection":[{"href":"https:\/\/actbr.com.br\/en\/wp-json\/wp\/v2\/product"}],"about":[{"href":"https:\/\/actbr.com.br\/en\/wp-json\/wp\/v2\/types\/product"}],"wp:featuredmedia":[{"embeddable":true,"href":"https:\/\/actbr.com.br\/en\/wp-json\/wp\/v2\/media\/12475"}],"wp:attachment":[{"href":"https:\/\/actbr.com.br\/en\/wp-json\/wp\/v2\/media?parent=12480"}],"wp:term":[{"taxonomy":"product_brand","embeddable":true,"href":"https:\/\/actbr.com.br\/en\/wp-json\/wp\/v2\/product_brand?post=12480"},{"taxonomy":"product_cat","embeddable":true,"href":"https:\/\/actbr.com.br\/en\/wp-json\/wp\/v2\/product_cat?post=12480"},{"taxonomy":"product_tag","embeddable":true,"href":"https:\/\/actbr.com.br\/en\/wp-json\/wp\/v2\/product_tag?post=12480"}],"curies":[{"name":"wp","href":"https:\/\/api.w.org\/{rel}","templated":true}]}}