{"id":3032,"date":"2020-09-29T12:34:36","date_gmt":"2020-09-29T15:34:36","guid":{"rendered":"https:\/\/actbr.com.br\/produto\/bombas-hidraulicas-conjunto-rotativo-padrao-vickers\/"},"modified":"2023-10-05T08:50:44","modified_gmt":"2023-10-05T11:50:44","slug":"conjunto-rotativo-vq","status":"publish","type":"product","link":"https:\/\/actbr.com.br\/en\/produto\/conjunto-rotativo-vq\/","title":{"rendered":"Conjunto Rotativo VQ"},"content":{"rendered":"<div id=\"detalhes\">\n<p><strong>Conjunto Rotativo para Bomba de Palhetas Padr\u00e3o VQ (Vickers)<\/strong><\/p>\n<p>Dispon\u00edveis nas s\u00e9ries 20VQ, 25VQ, 35VQ e 45VQ.<\/p>\n<p>Conjunto Rotativo VQ, para reposi\u00e7\u00e3o de bombas de palhetas de deslocamento fixo para bombas padr\u00e3o Vickers. Dispon\u00edveis nas s\u00e9ries 20VQ, 25VQ, 35VQ e 45VQ.<\/p>\n<p>Montado com extrema precis\u00e3o, proporcionando baixo n\u00edvel de ru\u00eddo e s\u00e3o projetados para elevado desempenho e durabilidade.<\/p>\n<p>O projeto ACT conta com mecanismo de auto compensa\u00e7\u00e3o de desgastes e folgas das palhetas, proporcionando ao sistema \u00f3tima efici\u00eancia volum\u00e9trica durante a vida \u00fatil (estabilidade volum\u00e9trica).<\/p>\n<p>Composi\u00e7\u00e3o do kit: estator, parafuso, palheta, placa lateral de press\u00e3o e veda\u00e7\u00e3o<\/p>\n<p>Dimens\u00f5es dos cartuchos (conjuntos):<br \/>\n<img fetchpriority=\"high\" decoding=\"async\" class=\"alignnone\" src=\"https:\/\/actbr.com.br\/wp-content\/uploads\/2020\/09\/vq-dimensoes.jpg\" alt=\"Conjunto Rotativo VQ\" width=\"844\" height=\"477\" \/><\/p>\n<p>&nbsp;<\/p>\n<p>S\u00e9rie 20VQ:<br \/>\nCartucho 20VQ-5A-1C22R<br \/>\nCartucho 20VQ-8A-1C22R<br \/>\nCartucho 20VQ-11A-1C22R<br \/>\nCartucho 20VQ-12A-1C22R<br \/>\nCartucho 20VQ-14A-1C22R<br \/>\n<img decoding=\"async\" class=\"alignnone\" src=\"https:\/\/actbr.com.br\/wp-content\/uploads\/2020\/09\/20vq-tabela.jpg\" alt=\"S\u00e9rie 20VQ\" width=\"783\" height=\"407\" \/><\/p>\n<p>S\u00e9rie 25VQ:<br \/>\nCartucho 25VQ-12A-1C22R<br \/>\nCartucho 25VQ-14A-1C22R<br \/>\nCartucho 25VQ-17A-1C22R<br \/>\nCartucho 25VQ-19A-1C22R<br \/>\nCartucho 25VQ-21A-1C22R<br \/>\n<img decoding=\"async\" class=\"alignnone\" src=\"https:\/\/actbr.com.br\/wp-content\/uploads\/2020\/09\/25vq-tabela.jpg\" alt=\"S\u00e9rie 25VQ\" width=\"771\" height=\"407\" \/><br \/>\nS\u00e9rie 35VQ:<br \/>\nCartucho 35VQ-21A-1C22R<br \/>\nCartucho 35VQ-25A-1C22R<br \/>\nCartucho 35VQ-30A-1C22R<br \/>\nCartucho 35VQ-35A-1C22R<br \/>\nCartucho 35VQ-38A-1C22R<br \/>\n<img loading=\"lazy\" decoding=\"async\" class=\"alignnone\" src=\"https:\/\/actbr.com.br\/wp-content\/uploads\/2020\/09\/35vq-tabela.jpg\" alt=\"S\u00e9rie 35VQ\" width=\"761\" height=\"400\" \/><br \/>\nS\u00e9rie 45VQ:<br \/>\nCartucho 45VQ-42A-1C22R<br \/>\nCartucho 45VQ-47A-1C22R<br \/>\nCartucho 45VQ-50A-1C22R<br \/>\nCartucho 45VQ-57A-1C22R<br \/>\nCartucho 45VQ-60A-1C22R<br \/>\n<img loading=\"lazy\" decoding=\"async\" class=\"alignnone\" src=\"https:\/\/actbr.com.br\/wp-content\/uploads\/2020\/09\/45vq-tabela.jpg\" alt=\"S\u00e9rie 45VQ\" width=\"761\" height=\"478\" \/><\/p>\n<\/div>\n<p id=\"relacionados\" style=\"margin: 0px; padding: 100px 0px 0px; float: left; width: 890px; color: #4f4f4f;\">\n","protected":false},"excerpt":{"rendered":"<p>Conjunto rotativo para reposi\u00e7\u00e3o de bombas de palhetas de deslocamento fixo para bombas padr\u00e3o Vickers. Dispon\u00edveis nas s\u00e9ries 20VQ, 25VQ, 35VQ e 45VQ.<\/p>\n","protected":false},"featured_media":7402,"template":"","meta":[],"product_brand":[],"product_cat":[119,28],"product_tag":[],"class_list":{"0":"post-3032","1":"product","2":"type-product","3":"status-publish","4":"has-post-thumbnail","6":"product_cat-bombas-de-palhetas","7":"product_cat-bombas-hidraulicas","9":"first","10":"instock","11":"virtual","12":"product-type-simple"},"yoast_head":"<!-- This site is optimized with the Yoast SEO plugin v27.2 - https:\/\/yoast.com\/product\/yoast-seo-wordpress\/ -->\n<title>Conjunto Rotativo VQ - ACT Sistemas Hidr\u00e1ulicos<\/title>\n<meta name=\"description\" content=\"Conjunto Rotativo VQ, para reposi\u00e7\u00e3o de bombas de palhetas de deslocamento fixo para bombas padr\u00e3o Vickers. Dispon\u00edveis nas s\u00e9ries 20VQ, 25VQ, 35VQ e 45VQ.\" \/>\n<meta name=\"robots\" content=\"index, follow, max-snippet:-1, max-image-preview:large, max-video-preview:-1\" \/>\n<link rel=\"canonical\" href=\"https:\/\/actbr.com.br\/en\/produto\/conjunto-rotativo-vq\/\" \/>\n<meta property=\"og:locale\" content=\"en_US\" \/>\n<meta property=\"og:type\" content=\"article\" \/>\n<meta property=\"og:title\" content=\"Conjunto Rotativo VQ - ACT Sistemas Hidr\u00e1ulicos\" \/>\n<meta property=\"og:description\" content=\"Conjunto Rotativo VQ, para reposi\u00e7\u00e3o de bombas de palhetas de deslocamento fixo para bombas padr\u00e3o Vickers. Dispon\u00edveis nas s\u00e9ries 20VQ, 25VQ, 35VQ e 45VQ.\" \/>\n<meta property=\"og:url\" content=\"https:\/\/actbr.com.br\/en\/produto\/conjunto-rotativo-vq\/\" \/>\n<meta property=\"og:site_name\" content=\"ACT Sistemas Hidr\u00e1ulicos\" \/>\n<meta property=\"article:modified_time\" content=\"2023-10-05T11:50:44+00:00\" \/>\n<meta property=\"og:image\" content=\"https:\/\/actbr.com.br\/wp-content\/uploads\/2020\/09\/Conjunto-rotativo-para-bomba-de-palhetas-padrao-VQ-Vickers.jpg\" \/>\n\t<meta property=\"og:image:width\" content=\"600\" \/>\n\t<meta property=\"og:image:height\" content=\"400\" \/>\n\t<meta property=\"og:image:type\" content=\"image\/jpeg\" \/>\n<meta name=\"twitter:card\" content=\"summary_large_image\" \/>\n<meta name=\"twitter:label1\" content=\"Est. reading time\" \/>\n\t<meta name=\"twitter:data1\" content=\"2 minutes\" \/>\n<script type=\"application\/ld+json\" class=\"yoast-schema-graph\">{\"@context\":\"https:\/\/schema.org\",\"@graph\":[{\"@type\":\"WebPage\",\"@id\":\"https:\/\/actbr.com.br\/en\/produto\/conjunto-rotativo-vq\/\",\"url\":\"https:\/\/actbr.com.br\/en\/produto\/conjunto-rotativo-vq\/\",\"name\":\"Conjunto Rotativo VQ - ACT Sistemas Hidr\u00e1ulicos\",\"isPartOf\":{\"@id\":\"https:\/\/actbr.com.br\/en\/#website\"},\"primaryImageOfPage\":{\"@id\":\"https:\/\/actbr.com.br\/en\/produto\/conjunto-rotativo-vq\/#primaryimage\"},\"image\":{\"@id\":\"https:\/\/actbr.com.br\/en\/produto\/conjunto-rotativo-vq\/#primaryimage\"},\"thumbnailUrl\":\"https:\/\/actbr.com.br\/wp-content\/uploads\/2020\/09\/Conjunto-rotativo-para-bomba-de-palhetas-padrao-VQ-Vickers.jpg\",\"datePublished\":\"2020-09-29T15:34:36+00:00\",\"dateModified\":\"2023-10-05T11:50:44+00:00\",\"description\":\"Conjunto Rotativo VQ, para reposi\u00e7\u00e3o de bombas de palhetas de deslocamento fixo para bombas padr\u00e3o Vickers. Dispon\u00edveis nas s\u00e9ries 20VQ, 25VQ, 35VQ e 45VQ.\",\"breadcrumb\":{\"@id\":\"https:\/\/actbr.com.br\/en\/produto\/conjunto-rotativo-vq\/#breadcrumb\"},\"inLanguage\":\"en-US\",\"potentialAction\":[{\"@type\":\"ReadAction\",\"target\":[\"https:\/\/actbr.com.br\/en\/produto\/conjunto-rotativo-vq\/\"]}]},{\"@type\":\"ImageObject\",\"inLanguage\":\"en-US\",\"@id\":\"https:\/\/actbr.com.br\/en\/produto\/conjunto-rotativo-vq\/#primaryimage\",\"url\":\"https:\/\/actbr.com.br\/wp-content\/uploads\/2020\/09\/Conjunto-rotativo-para-bomba-de-palhetas-padrao-VQ-Vickers.jpg\",\"contentUrl\":\"https:\/\/actbr.com.br\/wp-content\/uploads\/2020\/09\/Conjunto-rotativo-para-bomba-de-palhetas-padrao-VQ-Vickers.jpg\",\"width\":600,\"height\":400,\"caption\":\"Conjunto rotativo para bomba de palhetas padr\u00e3o VQ (Vickers)\"},{\"@type\":\"BreadcrumbList\",\"@id\":\"https:\/\/actbr.com.br\/en\/produto\/conjunto-rotativo-vq\/#breadcrumb\",\"itemListElement\":[{\"@type\":\"ListItem\",\"position\":1,\"name\":\"In\u00edcio\",\"item\":\"https:\/\/actbr.com.br\/en\/\"},{\"@type\":\"ListItem\",\"position\":2,\"name\":\"Produtos\",\"item\":\"https:\/\/actbr.com.br\/produtos-act\/\"},{\"@type\":\"ListItem\",\"position\":3,\"name\":\"Bombas Hidr\u00e1ulicas\",\"item\":\"https:\/\/actbr.com.br\/en\/categoria-produto\/bombas-hidraulicas\/\"},{\"@type\":\"ListItem\",\"position\":4,\"name\":\"Conjunto Rotativo VQ\"}]},{\"@type\":\"WebSite\",\"@id\":\"https:\/\/actbr.com.br\/en\/#website\",\"url\":\"https:\/\/actbr.com.br\/en\/\",\"name\":\"ACT Sistemas Hidr\u00e1ulicos\",\"description\":\"Fabrica\u00e7\u00e3o e manuten\u00e7\u00e3o de componentes \u00f3leo hidr\u00e1ulicos\",\"publisher\":{\"@id\":\"https:\/\/actbr.com.br\/en\/#organization\"},\"potentialAction\":[{\"@type\":\"SearchAction\",\"target\":{\"@type\":\"EntryPoint\",\"urlTemplate\":\"https:\/\/actbr.com.br\/en\/?s={search_term_string}\"},\"query-input\":{\"@type\":\"PropertyValueSpecification\",\"valueRequired\":true,\"valueName\":\"search_term_string\"}}],\"inLanguage\":\"en-US\"},{\"@type\":\"Organization\",\"@id\":\"https:\/\/actbr.com.br\/en\/#organization\",\"name\":\"ACT Sistemas Hidr\u00e1ulicos\",\"url\":\"https:\/\/actbr.com.br\/en\/\",\"logo\":{\"@type\":\"ImageObject\",\"inLanguage\":\"en-US\",\"@id\":\"https:\/\/actbr.com.br\/en\/#\/schema\/logo\/image\/\",\"url\":\"https:\/\/actbr.com.br\/wp-content\/uploads\/2025\/02\/cropped-ACT_NEGATIVO-marca-dagua.png\",\"contentUrl\":\"https:\/\/actbr.com.br\/wp-content\/uploads\/2025\/02\/cropped-ACT_NEGATIVO-marca-dagua.png\",\"width\":240,\"height\":146,\"caption\":\"ACT Sistemas Hidr\u00e1ulicos\"},\"image\":{\"@id\":\"https:\/\/actbr.com.br\/en\/#\/schema\/logo\/image\/\"}}]}<\/script>\n<!-- \/ Yoast SEO plugin. -->","yoast_head_json":{"title":"Conjunto Rotativo VQ - ACT Sistemas Hidr\u00e1ulicos","description":"Conjunto Rotativo VQ, para reposi\u00e7\u00e3o de bombas de palhetas de deslocamento fixo para bombas padr\u00e3o Vickers. Dispon\u00edveis nas s\u00e9ries 20VQ, 25VQ, 35VQ e 45VQ.","robots":{"index":"index","follow":"follow","max-snippet":"max-snippet:-1","max-image-preview":"max-image-preview:large","max-video-preview":"max-video-preview:-1"},"canonical":"https:\/\/actbr.com.br\/en\/produto\/conjunto-rotativo-vq\/","og_locale":"en_US","og_type":"article","og_title":"Conjunto Rotativo VQ - ACT Sistemas Hidr\u00e1ulicos","og_description":"Conjunto Rotativo VQ, para reposi\u00e7\u00e3o de bombas de palhetas de deslocamento fixo para bombas padr\u00e3o Vickers. Dispon\u00edveis nas s\u00e9ries 20VQ, 25VQ, 35VQ e 45VQ.","og_url":"https:\/\/actbr.com.br\/en\/produto\/conjunto-rotativo-vq\/","og_site_name":"ACT Sistemas Hidr\u00e1ulicos","article_modified_time":"2023-10-05T11:50:44+00:00","og_image":[{"width":600,"height":400,"url":"https:\/\/actbr.com.br\/wp-content\/uploads\/2020\/09\/Conjunto-rotativo-para-bomba-de-palhetas-padrao-VQ-Vickers.jpg","type":"image\/jpeg"}],"twitter_card":"summary_large_image","twitter_misc":{"Est. reading time":"2 minutes"},"schema":{"@context":"https:\/\/schema.org","@graph":[{"@type":"WebPage","@id":"https:\/\/actbr.com.br\/en\/produto\/conjunto-rotativo-vq\/","url":"https:\/\/actbr.com.br\/en\/produto\/conjunto-rotativo-vq\/","name":"Conjunto Rotativo VQ - ACT Sistemas Hidr\u00e1ulicos","isPartOf":{"@id":"https:\/\/actbr.com.br\/en\/#website"},"primaryImageOfPage":{"@id":"https:\/\/actbr.com.br\/en\/produto\/conjunto-rotativo-vq\/#primaryimage"},"image":{"@id":"https:\/\/actbr.com.br\/en\/produto\/conjunto-rotativo-vq\/#primaryimage"},"thumbnailUrl":"https:\/\/actbr.com.br\/wp-content\/uploads\/2020\/09\/Conjunto-rotativo-para-bomba-de-palhetas-padrao-VQ-Vickers.jpg","datePublished":"2020-09-29T15:34:36+00:00","dateModified":"2023-10-05T11:50:44+00:00","description":"Conjunto Rotativo VQ, para reposi\u00e7\u00e3o de bombas de palhetas de deslocamento fixo para bombas padr\u00e3o Vickers. Dispon\u00edveis nas s\u00e9ries 20VQ, 25VQ, 35VQ e 45VQ.","breadcrumb":{"@id":"https:\/\/actbr.com.br\/en\/produto\/conjunto-rotativo-vq\/#breadcrumb"},"inLanguage":"en-US","potentialAction":[{"@type":"ReadAction","target":["https:\/\/actbr.com.br\/en\/produto\/conjunto-rotativo-vq\/"]}]},{"@type":"ImageObject","inLanguage":"en-US","@id":"https:\/\/actbr.com.br\/en\/produto\/conjunto-rotativo-vq\/#primaryimage","url":"https:\/\/actbr.com.br\/wp-content\/uploads\/2020\/09\/Conjunto-rotativo-para-bomba-de-palhetas-padrao-VQ-Vickers.jpg","contentUrl":"https:\/\/actbr.com.br\/wp-content\/uploads\/2020\/09\/Conjunto-rotativo-para-bomba-de-palhetas-padrao-VQ-Vickers.jpg","width":600,"height":400,"caption":"Conjunto rotativo para bomba de palhetas padr\u00e3o VQ (Vickers)"},{"@type":"BreadcrumbList","@id":"https:\/\/actbr.com.br\/en\/produto\/conjunto-rotativo-vq\/#breadcrumb","itemListElement":[{"@type":"ListItem","position":1,"name":"In\u00edcio","item":"https:\/\/actbr.com.br\/en\/"},{"@type":"ListItem","position":2,"name":"Produtos","item":"https:\/\/actbr.com.br\/produtos-act\/"},{"@type":"ListItem","position":3,"name":"Bombas Hidr\u00e1ulicas","item":"https:\/\/actbr.com.br\/en\/categoria-produto\/bombas-hidraulicas\/"},{"@type":"ListItem","position":4,"name":"Conjunto Rotativo VQ"}]},{"@type":"WebSite","@id":"https:\/\/actbr.com.br\/en\/#website","url":"https:\/\/actbr.com.br\/en\/","name":"ACT Sistemas Hidr\u00e1ulicos","description":"Fabrica\u00e7\u00e3o e manuten\u00e7\u00e3o de componentes \u00f3leo hidr\u00e1ulicos","publisher":{"@id":"https:\/\/actbr.com.br\/en\/#organization"},"potentialAction":[{"@type":"SearchAction","target":{"@type":"EntryPoint","urlTemplate":"https:\/\/actbr.com.br\/en\/?s={search_term_string}"},"query-input":{"@type":"PropertyValueSpecification","valueRequired":true,"valueName":"search_term_string"}}],"inLanguage":"en-US"},{"@type":"Organization","@id":"https:\/\/actbr.com.br\/en\/#organization","name":"ACT Sistemas Hidr\u00e1ulicos","url":"https:\/\/actbr.com.br\/en\/","logo":{"@type":"ImageObject","inLanguage":"en-US","@id":"https:\/\/actbr.com.br\/en\/#\/schema\/logo\/image\/","url":"https:\/\/actbr.com.br\/wp-content\/uploads\/2025\/02\/cropped-ACT_NEGATIVO-marca-dagua.png","contentUrl":"https:\/\/actbr.com.br\/wp-content\/uploads\/2025\/02\/cropped-ACT_NEGATIVO-marca-dagua.png","width":240,"height":146,"caption":"ACT Sistemas Hidr\u00e1ulicos"},"image":{"@id":"https:\/\/actbr.com.br\/en\/#\/schema\/logo\/image\/"}}]}},"_links":{"self":[{"href":"https:\/\/actbr.com.br\/en\/wp-json\/wp\/v2\/product\/3032","targetHints":{"allow":["GET"]}}],"collection":[{"href":"https:\/\/actbr.com.br\/en\/wp-json\/wp\/v2\/product"}],"about":[{"href":"https:\/\/actbr.com.br\/en\/wp-json\/wp\/v2\/types\/product"}],"wp:featuredmedia":[{"embeddable":true,"href":"https:\/\/actbr.com.br\/en\/wp-json\/wp\/v2\/media\/7402"}],"wp:attachment":[{"href":"https:\/\/actbr.com.br\/en\/wp-json\/wp\/v2\/media?parent=3032"}],"wp:term":[{"taxonomy":"product_brand","embeddable":true,"href":"https:\/\/actbr.com.br\/en\/wp-json\/wp\/v2\/product_brand?post=3032"},{"taxonomy":"product_cat","embeddable":true,"href":"https:\/\/actbr.com.br\/en\/wp-json\/wp\/v2\/product_cat?post=3032"},{"taxonomy":"product_tag","embeddable":true,"href":"https:\/\/actbr.com.br\/en\/wp-json\/wp\/v2\/product_tag?post=3032"}],"curies":[{"name":"wp","href":"https:\/\/api.w.org\/{rel}","templated":true}]}}