{"id":3047,"date":"2020-09-29T12:34:36","date_gmt":"2020-09-29T15:34:36","guid":{"rendered":"https:\/\/actbr.com.br\/produto\/bobina-coil-24vdc-d13-din-padrao-parker\/"},"modified":"2023-07-03T14:39:26","modified_gmt":"2023-07-03T17:39:26","slug":"coil-24vdc-d13-din-padrao-parker","status":"publish","type":"product","link":"https:\/\/actbr.com.br\/en\/produto\/coil-24vdc-d13-din-padrao-parker\/","title":{"rendered":"COIL-24VDC-D13-DIN Padr\u00e3o Parker"},"content":{"rendered":"<div id=\"detalhes\">\n<p><strong>COIL-24VDC-D13-DIN (Padr\u00e3o Parker)<\/strong><\/p>\n<div class=\"woocommerce-product-details__short-description\">\n<p>Constru\u00edda sobre padr\u00e3o DIN a bobina ACT COIL-24VDC-D13-DIN (Padr\u00e3o Parker) atende aos principais fabricantes de v\u00e1lvulas hidr\u00e1ulicas, tais como: ATOS, REXROTH, EATON, PARKER e YUKEN.<\/p>\n<\/div>\n<div class=\"product_meta\"><\/div>\n<p><strong>Informa\u00e7\u00f5es t\u00e9cnicas:<\/strong><br \/>\nTipo de tens\u00e3o: Corrente cont\u00ednua (24 DC);<br \/>\nToler\u00e2ncia de tens\u00e3o (tens\u00e3o nominal): + ou &#8211; 10%;<br \/>\nPot\u00eancia absorvida: 21W;<br \/>\nTempo de acionamento: Uso cont\u00ednuo;<br \/>\nTempo de comuta\u00e7\u00e3o: Liga 20 a 48 ms \/ desliga 8 a 4 ms;<br \/>\nFrequ\u00eancia de liga\u00e7\u00f5es: at\u00e9 15.000 lig\/h;<br \/>\nTipo de prote\u00e7\u00e3o: IP 65;<br \/>\nTemperatura de opera\u00e7\u00e3o: -20\u00baC a + 50\u00baC;<br \/>\nTipo de conector: DIN 43650 ISO4400;<br \/>\nClasse de isola\u00e7\u00e3o: &#8220;H&#8221;;<br \/>\nDi\u00e2metro do furo: 13mm (13 mil\u00edmetros).<\/p>\n<p>&nbsp;<\/p>\n<p><strong>Dimens\u00f5es f\u00edsicas:<\/strong><\/p>\n<p><img decoding=\"async\" src=\"https:\/\/actbr.com.br\/wp-content\/uploads\/2020\/09\/dimensoes-bobina-parker-furo-de-13-treze-milimetros.jpg\" alt=\"\" \/><\/p>\n<\/div>\n<div id=\"relacionados\" style=\"margin: 0px; padding: 100px 0px 0px; float: left; width: 890px; color: #4f4f4f;\"><\/div>\n","protected":false},"excerpt":{"rendered":"<p>Constru\u00edda sobre padr\u00e3o DIN a bobina ACT COIL-24VDC-D13-DIN (Padr\u00e3o Parker) atende aos principais fabricantes de v\u00e1lvulas hidr\u00e1ulicas, tais como: ATOS, REXROTH, EATON, PARKER e YUKEN.<\/p>\n","protected":false},"featured_media":7353,"template":"","meta":[],"product_brand":[],"product_cat":[37,38],"product_tag":[],"class_list":{"0":"post-3047","1":"product","2":"type-product","3":"status-publish","4":"has-post-thumbnail","6":"product_cat-avulsos","7":"product_cat-bobina-padrao-parker","9":"first","10":"instock","11":"virtual","12":"product-type-simple"},"yoast_head":"<!-- This site is optimized with the Yoast SEO plugin v27.2 - https:\/\/yoast.com\/product\/yoast-seo-wordpress\/ -->\n<title>COIL-24VDC-D13-DIN Padr\u00e3o Parker - ACT Sistemas Hidr\u00e1ulicos<\/title>\n<meta name=\"description\" content=\"Constru\u00edda sobre padr\u00e3o DIN a bobina ACT COIL-24VDC-D13-DIN (Padr\u00e3o Parker) atende aos principais fabricantes de v\u00e1lvulas hidr\u00e1ulicas.\" \/>\n<meta name=\"robots\" content=\"index, follow, max-snippet:-1, max-image-preview:large, max-video-preview:-1\" \/>\n<link rel=\"canonical\" href=\"https:\/\/actbr.com.br\/en\/produto\/coil-24vdc-d13-din-padrao-parker\/\" \/>\n<meta property=\"og:locale\" content=\"en_US\" \/>\n<meta property=\"og:type\" content=\"article\" \/>\n<meta property=\"og:title\" content=\"COIL-24VDC-D13-DIN Padr\u00e3o Parker - ACT Sistemas Hidr\u00e1ulicos\" \/>\n<meta property=\"og:description\" content=\"Constru\u00edda sobre padr\u00e3o DIN a bobina ACT COIL-24VDC-D13-DIN (Padr\u00e3o Parker) atende aos principais fabricantes de v\u00e1lvulas hidr\u00e1ulicas.\" \/>\n<meta property=\"og:url\" content=\"https:\/\/actbr.com.br\/en\/produto\/coil-24vdc-d13-din-padrao-parker\/\" \/>\n<meta property=\"og:site_name\" content=\"ACT Sistemas Hidr\u00e1ulicos\" \/>\n<meta property=\"article:modified_time\" content=\"2023-07-03T17:39:26+00:00\" \/>\n<meta property=\"og:image\" content=\"https:\/\/actbr.com.br\/wp-content\/uploads\/2020\/09\/Bobina-COIL-24VDC-D13-DIN-Padrao-Parker.jpg\" \/>\n\t<meta property=\"og:image:width\" content=\"600\" \/>\n\t<meta property=\"og:image:height\" content=\"484\" \/>\n\t<meta property=\"og:image:type\" content=\"image\/jpeg\" \/>\n<meta name=\"twitter:card\" content=\"summary_large_image\" \/>\n<meta name=\"twitter:label1\" content=\"Est. reading time\" \/>\n\t<meta name=\"twitter:data1\" content=\"1 minute\" \/>\n<script type=\"application\/ld+json\" class=\"yoast-schema-graph\">{\"@context\":\"https:\/\/schema.org\",\"@graph\":[{\"@type\":\"WebPage\",\"@id\":\"https:\/\/actbr.com.br\/en\/produto\/coil-24vdc-d13-din-padrao-parker\/\",\"url\":\"https:\/\/actbr.com.br\/en\/produto\/coil-24vdc-d13-din-padrao-parker\/\",\"name\":\"COIL-24VDC-D13-DIN Padr\u00e3o Parker - ACT Sistemas Hidr\u00e1ulicos\",\"isPartOf\":{\"@id\":\"https:\/\/actbr.com.br\/en\/#website\"},\"primaryImageOfPage\":{\"@id\":\"https:\/\/actbr.com.br\/en\/produto\/coil-24vdc-d13-din-padrao-parker\/#primaryimage\"},\"image\":{\"@id\":\"https:\/\/actbr.com.br\/en\/produto\/coil-24vdc-d13-din-padrao-parker\/#primaryimage\"},\"thumbnailUrl\":\"https:\/\/actbr.com.br\/wp-content\/uploads\/2020\/09\/Bobina-COIL-24VDC-D13-DIN-Padrao-Parker.jpg\",\"datePublished\":\"2020-09-29T15:34:36+00:00\",\"dateModified\":\"2023-07-03T17:39:26+00:00\",\"description\":\"Constru\u00edda sobre padr\u00e3o DIN a bobina ACT COIL-24VDC-D13-DIN (Padr\u00e3o Parker) atende aos principais fabricantes de v\u00e1lvulas hidr\u00e1ulicas.\",\"breadcrumb\":{\"@id\":\"https:\/\/actbr.com.br\/en\/produto\/coil-24vdc-d13-din-padrao-parker\/#breadcrumb\"},\"inLanguage\":\"en-US\",\"potentialAction\":[{\"@type\":\"ReadAction\",\"target\":[\"https:\/\/actbr.com.br\/en\/produto\/coil-24vdc-d13-din-padrao-parker\/\"]}]},{\"@type\":\"ImageObject\",\"inLanguage\":\"en-US\",\"@id\":\"https:\/\/actbr.com.br\/en\/produto\/coil-24vdc-d13-din-padrao-parker\/#primaryimage\",\"url\":\"https:\/\/actbr.com.br\/wp-content\/uploads\/2020\/09\/Bobina-COIL-24VDC-D13-DIN-Padrao-Parker.jpg\",\"contentUrl\":\"https:\/\/actbr.com.br\/wp-content\/uploads\/2020\/09\/Bobina-COIL-24VDC-D13-DIN-Padrao-Parker.jpg\",\"width\":600,\"height\":484},{\"@type\":\"BreadcrumbList\",\"@id\":\"https:\/\/actbr.com.br\/en\/produto\/coil-24vdc-d13-din-padrao-parker\/#breadcrumb\",\"itemListElement\":[{\"@type\":\"ListItem\",\"position\":1,\"name\":\"In\u00edcio\",\"item\":\"https:\/\/actbr.com.br\/en\/\"},{\"@type\":\"ListItem\",\"position\":2,\"name\":\"Produtos\",\"item\":\"https:\/\/actbr.com.br\/produtos-act\/\"},{\"@type\":\"ListItem\",\"position\":3,\"name\":\"Avulsos\",\"item\":\"https:\/\/actbr.com.br\/en\/categoria-produto\/avulsos\/\"},{\"@type\":\"ListItem\",\"position\":4,\"name\":\"Bobina - Padr\u00e3o Parker\",\"item\":\"https:\/\/actbr.com.br\/en\/categoria-produto\/avulsos\/bobina-padrao-parker\/\"},{\"@type\":\"ListItem\",\"position\":5,\"name\":\"COIL-24VDC-D13-DIN Padr\u00e3o Parker\"}]},{\"@type\":\"WebSite\",\"@id\":\"https:\/\/actbr.com.br\/en\/#website\",\"url\":\"https:\/\/actbr.com.br\/en\/\",\"name\":\"ACT Sistemas Hidr\u00e1ulicos\",\"description\":\"Fabrica\u00e7\u00e3o e manuten\u00e7\u00e3o de componentes \u00f3leo hidr\u00e1ulicos\",\"publisher\":{\"@id\":\"https:\/\/actbr.com.br\/en\/#organization\"},\"potentialAction\":[{\"@type\":\"SearchAction\",\"target\":{\"@type\":\"EntryPoint\",\"urlTemplate\":\"https:\/\/actbr.com.br\/en\/?s={search_term_string}\"},\"query-input\":{\"@type\":\"PropertyValueSpecification\",\"valueRequired\":true,\"valueName\":\"search_term_string\"}}],\"inLanguage\":\"en-US\"},{\"@type\":\"Organization\",\"@id\":\"https:\/\/actbr.com.br\/en\/#organization\",\"name\":\"ACT Sistemas Hidr\u00e1ulicos\",\"url\":\"https:\/\/actbr.com.br\/en\/\",\"logo\":{\"@type\":\"ImageObject\",\"inLanguage\":\"en-US\",\"@id\":\"https:\/\/actbr.com.br\/en\/#\/schema\/logo\/image\/\",\"url\":\"https:\/\/actbr.com.br\/wp-content\/uploads\/2025\/02\/cropped-ACT_NEGATIVO-marca-dagua.png\",\"contentUrl\":\"https:\/\/actbr.com.br\/wp-content\/uploads\/2025\/02\/cropped-ACT_NEGATIVO-marca-dagua.png\",\"width\":240,\"height\":146,\"caption\":\"ACT Sistemas Hidr\u00e1ulicos\"},\"image\":{\"@id\":\"https:\/\/actbr.com.br\/en\/#\/schema\/logo\/image\/\"}}]}<\/script>\n<!-- \/ Yoast SEO plugin. -->","yoast_head_json":{"title":"COIL-24VDC-D13-DIN Padr\u00e3o Parker - ACT Sistemas Hidr\u00e1ulicos","description":"Constru\u00edda sobre padr\u00e3o DIN a bobina ACT COIL-24VDC-D13-DIN (Padr\u00e3o Parker) atende aos principais fabricantes de v\u00e1lvulas hidr\u00e1ulicas.","robots":{"index":"index","follow":"follow","max-snippet":"max-snippet:-1","max-image-preview":"max-image-preview:large","max-video-preview":"max-video-preview:-1"},"canonical":"https:\/\/actbr.com.br\/en\/produto\/coil-24vdc-d13-din-padrao-parker\/","og_locale":"en_US","og_type":"article","og_title":"COIL-24VDC-D13-DIN Padr\u00e3o Parker - ACT Sistemas Hidr\u00e1ulicos","og_description":"Constru\u00edda sobre padr\u00e3o DIN a bobina ACT COIL-24VDC-D13-DIN (Padr\u00e3o Parker) atende aos principais fabricantes de v\u00e1lvulas hidr\u00e1ulicas.","og_url":"https:\/\/actbr.com.br\/en\/produto\/coil-24vdc-d13-din-padrao-parker\/","og_site_name":"ACT Sistemas Hidr\u00e1ulicos","article_modified_time":"2023-07-03T17:39:26+00:00","og_image":[{"width":600,"height":484,"url":"https:\/\/actbr.com.br\/wp-content\/uploads\/2020\/09\/Bobina-COIL-24VDC-D13-DIN-Padrao-Parker.jpg","type":"image\/jpeg"}],"twitter_card":"summary_large_image","twitter_misc":{"Est. reading time":"1 minute"},"schema":{"@context":"https:\/\/schema.org","@graph":[{"@type":"WebPage","@id":"https:\/\/actbr.com.br\/en\/produto\/coil-24vdc-d13-din-padrao-parker\/","url":"https:\/\/actbr.com.br\/en\/produto\/coil-24vdc-d13-din-padrao-parker\/","name":"COIL-24VDC-D13-DIN Padr\u00e3o Parker - ACT Sistemas Hidr\u00e1ulicos","isPartOf":{"@id":"https:\/\/actbr.com.br\/en\/#website"},"primaryImageOfPage":{"@id":"https:\/\/actbr.com.br\/en\/produto\/coil-24vdc-d13-din-padrao-parker\/#primaryimage"},"image":{"@id":"https:\/\/actbr.com.br\/en\/produto\/coil-24vdc-d13-din-padrao-parker\/#primaryimage"},"thumbnailUrl":"https:\/\/actbr.com.br\/wp-content\/uploads\/2020\/09\/Bobina-COIL-24VDC-D13-DIN-Padrao-Parker.jpg","datePublished":"2020-09-29T15:34:36+00:00","dateModified":"2023-07-03T17:39:26+00:00","description":"Constru\u00edda sobre padr\u00e3o DIN a bobina ACT COIL-24VDC-D13-DIN (Padr\u00e3o Parker) atende aos principais fabricantes de v\u00e1lvulas hidr\u00e1ulicas.","breadcrumb":{"@id":"https:\/\/actbr.com.br\/en\/produto\/coil-24vdc-d13-din-padrao-parker\/#breadcrumb"},"inLanguage":"en-US","potentialAction":[{"@type":"ReadAction","target":["https:\/\/actbr.com.br\/en\/produto\/coil-24vdc-d13-din-padrao-parker\/"]}]},{"@type":"ImageObject","inLanguage":"en-US","@id":"https:\/\/actbr.com.br\/en\/produto\/coil-24vdc-d13-din-padrao-parker\/#primaryimage","url":"https:\/\/actbr.com.br\/wp-content\/uploads\/2020\/09\/Bobina-COIL-24VDC-D13-DIN-Padrao-Parker.jpg","contentUrl":"https:\/\/actbr.com.br\/wp-content\/uploads\/2020\/09\/Bobina-COIL-24VDC-D13-DIN-Padrao-Parker.jpg","width":600,"height":484},{"@type":"BreadcrumbList","@id":"https:\/\/actbr.com.br\/en\/produto\/coil-24vdc-d13-din-padrao-parker\/#breadcrumb","itemListElement":[{"@type":"ListItem","position":1,"name":"In\u00edcio","item":"https:\/\/actbr.com.br\/en\/"},{"@type":"ListItem","position":2,"name":"Produtos","item":"https:\/\/actbr.com.br\/produtos-act\/"},{"@type":"ListItem","position":3,"name":"Avulsos","item":"https:\/\/actbr.com.br\/en\/categoria-produto\/avulsos\/"},{"@type":"ListItem","position":4,"name":"Bobina - Padr\u00e3o Parker","item":"https:\/\/actbr.com.br\/en\/categoria-produto\/avulsos\/bobina-padrao-parker\/"},{"@type":"ListItem","position":5,"name":"COIL-24VDC-D13-DIN Padr\u00e3o Parker"}]},{"@type":"WebSite","@id":"https:\/\/actbr.com.br\/en\/#website","url":"https:\/\/actbr.com.br\/en\/","name":"ACT Sistemas Hidr\u00e1ulicos","description":"Fabrica\u00e7\u00e3o e manuten\u00e7\u00e3o de componentes \u00f3leo hidr\u00e1ulicos","publisher":{"@id":"https:\/\/actbr.com.br\/en\/#organization"},"potentialAction":[{"@type":"SearchAction","target":{"@type":"EntryPoint","urlTemplate":"https:\/\/actbr.com.br\/en\/?s={search_term_string}"},"query-input":{"@type":"PropertyValueSpecification","valueRequired":true,"valueName":"search_term_string"}}],"inLanguage":"en-US"},{"@type":"Organization","@id":"https:\/\/actbr.com.br\/en\/#organization","name":"ACT Sistemas Hidr\u00e1ulicos","url":"https:\/\/actbr.com.br\/en\/","logo":{"@type":"ImageObject","inLanguage":"en-US","@id":"https:\/\/actbr.com.br\/en\/#\/schema\/logo\/image\/","url":"https:\/\/actbr.com.br\/wp-content\/uploads\/2025\/02\/cropped-ACT_NEGATIVO-marca-dagua.png","contentUrl":"https:\/\/actbr.com.br\/wp-content\/uploads\/2025\/02\/cropped-ACT_NEGATIVO-marca-dagua.png","width":240,"height":146,"caption":"ACT Sistemas Hidr\u00e1ulicos"},"image":{"@id":"https:\/\/actbr.com.br\/en\/#\/schema\/logo\/image\/"}}]}},"_links":{"self":[{"href":"https:\/\/actbr.com.br\/en\/wp-json\/wp\/v2\/product\/3047","targetHints":{"allow":["GET"]}}],"collection":[{"href":"https:\/\/actbr.com.br\/en\/wp-json\/wp\/v2\/product"}],"about":[{"href":"https:\/\/actbr.com.br\/en\/wp-json\/wp\/v2\/types\/product"}],"wp:featuredmedia":[{"embeddable":true,"href":"https:\/\/actbr.com.br\/en\/wp-json\/wp\/v2\/media\/7353"}],"wp:attachment":[{"href":"https:\/\/actbr.com.br\/en\/wp-json\/wp\/v2\/media?parent=3047"}],"wp:term":[{"taxonomy":"product_brand","embeddable":true,"href":"https:\/\/actbr.com.br\/en\/wp-json\/wp\/v2\/product_brand?post=3047"},{"taxonomy":"product_cat","embeddable":true,"href":"https:\/\/actbr.com.br\/en\/wp-json\/wp\/v2\/product_cat?post=3047"},{"taxonomy":"product_tag","embeddable":true,"href":"https:\/\/actbr.com.br\/en\/wp-json\/wp\/v2\/product_tag?post=3047"}],"curies":[{"name":"wp","href":"https:\/\/api.w.org\/{rel}","templated":true}]}}