{"id":3051,"date":"2020-09-29T12:34:36","date_gmt":"2020-09-29T15:34:36","guid":{"rendered":"https:\/\/actbr.com.br\/produto\/valvula-assento-tipo-cartucho-lsv-08-2-vias-2-posicoes-tipo-carretel-poppet-08-cavity\/"},"modified":"2023-10-24T15:55:24","modified_gmt":"2023-10-24T18:55:24","slug":"valvula-direcional-assento-tipo-cartucho-lsv-08","status":"publish","type":"product","link":"https:\/\/actbr.com.br\/en\/produto\/valvula-direcional-assento-tipo-cartucho-lsv-08\/","title":{"rendered":"V\u00e1lvula Direcional Assento Tipo Cartucho LSV-08"},"content":{"rendered":"<div id=\"detalhes\">\n<p><strong>V\u00e1lvula Direcional Assento Tipo Cartucho LSV-08<\/strong><\/p>\n<p>(2 vias, 2 posi\u00e7\u00f5es, tipo carretel \/ poppet &#8211; 08 Cavity)<\/p>\n<p>A V\u00e1lvula Direcional Assento Tipo Cartucho LSV-08 tem diversas aplica\u00e7\u00f5es, podendo ser utilizada principalmente como v\u00e1lvula de seguran\u00e7a para quedas de martelos em prensas hidr\u00e1ulicas que precisem atender a NR-12, muito utilizada em centrais hidr\u00e1ulicas que se aplicam em sistemas de docas, plataformas elevat\u00f3rias, elevadores de servi\u00e7o, transportador de pallets entre outros.<\/p>\n<p><strong>Especifica\u00e7\u00f5es t\u00e9cnicas:<\/strong><br \/>\nPress\u00e3o de opera\u00e7\u00e3o: 2 a 275 \/ 2 a 207 bar;<br \/>\nTemperatura: de &#8211; 35\u00baC a + 120\u00baC;<br \/>\nConsumo da bobina: 85 a 100% da tens\u00e3o nominal;<br \/>\nFlu\u00eddos: Flu\u00eddos a base se \u00f3leo mineral (para outras aplica\u00e7\u00f5es, consultar nossa equipe t\u00e9cnica);<br \/>\nGrau de filtragem recomendada: ISO16\/12;<br \/>\nMaterial do corpo: Liga de alum\u00ednio;<br \/>\nTratamento do corpo: Anodizado 6061T6;<br \/>\nCavidade: LB-08-2 (Cavidade 8).<\/p>\n<p><strong>Caracter\u00edsticas:<\/strong><br \/>\nSolenoide desenvolvida para servi\u00e7o cont\u00ednuo;<br \/>\nCorpo da v\u00e1lvula leve e resistente;<br \/>\nTens\u00f5es e conectores com configura\u00e7\u00f5es opcionais;<br \/>\nCavidade padr\u00e3o (intercambi\u00e1vel com diversos fabricantes);<br \/>\nTamanho reduzido.<\/p>\n<p><strong>Como solicitar:<\/strong><\/p>\n<p><img decoding=\"async\" src=\"https:\/\/actbr.com.br\/wp-content\/uploads\/2020\/09\/lsv2-08-valvula-cartucho-assento-sp08nc.jpg\" alt=\"\" \/><br \/>\nS\u00edmbolos:<\/p>\n<p><img decoding=\"async\" src=\"https:\/\/actbr.com.br\/wp-content\/uploads\/2020\/09\/lsv2-08-valvula-cartucho-assento-sp08nc-simbolos.jpg\" alt=\"\" \/><\/p>\n<p>Performance:<\/p>\n<p><img decoding=\"async\" src=\"https:\/\/actbr.com.br\/wp-content\/uploads\/2020\/09\/curva-cartucho-assento-cavidade-8-1.jpg\" alt=\"\" \/><br \/>\n<img decoding=\"async\" src=\"https:\/\/actbr.com.br\/wp-content\/uploads\/2020\/09\/curva-cartucho-assento-cavidade-8-2.jpg\" alt=\"\" \/><\/p>\n<p><img decoding=\"async\" src=\"https:\/\/actbr.com.br\/wp-content\/uploads\/2020\/09\/curva-cartucho-assento-cavidade-8-3.jpg\" alt=\"\" \/><\/p>\n<p>Dimens\u00f5es:<\/p>\n<p><img decoding=\"async\" src=\"https:\/\/actbr.com.br\/wp-content\/uploads\/2020\/09\/dimensoes-lsv2-08-cavidade-8-assento.jpg\" alt=\"\" \/><br \/>\n<img decoding=\"async\" src=\"https:\/\/actbr.com.br\/wp-content\/uploads\/2020\/09\/dimensional-cartucho-bloco-assento-cartucho.jpg\" alt=\"\" \/><\/p>\n<p>Cavidade:<\/p>\n<p><img decoding=\"async\" src=\"https:\/\/actbr.com.br\/wp-content\/uploads\/2020\/09\/cavidade-08-valvula-assento.jpg\" alt=\"\" \/><\/p>\n<p>Bobinas:<\/p>\n<p><img decoding=\"async\" src=\"https:\/\/actbr.com.br\/wp-content\/uploads\/2020\/09\/bobinas-para-assento-cavidade-8-2.jpg\" alt=\"\" \/><\/p>\n<\/div>\n<div id=\"relacionados\" style=\"margin: 0px; padding: 100px 0px 0px; float: left; width: 890px; color: #4f4f4f;\"><\/div>\n","protected":false},"excerpt":{"rendered":"<p>A V\u00e1lvula Direcional Assento Tipo Cartucho LSV-08 tem diversas aplica\u00e7\u00f5es, podendo ser utilizada principalmente como v\u00e1lvula de seguran\u00e7a para quedas de martelos em prensas hidr\u00e1ulicas que precisem atender a NR-12.<\/p>\n","protected":false},"featured_media":7704,"template":"","meta":[],"product_brand":[],"product_cat":[39,32],"product_tag":[],"class_list":{"0":"post-3051","1":"product","2":"type-product","3":"status-publish","4":"has-post-thumbnail","6":"product_cat-direcional-eletrica-2-2","7":"product_cat-valvulas-insertaveis","9":"first","10":"instock","11":"featured","12":"virtual","13":"product-type-simple"},"yoast_head":"<!-- This site is optimized with the Yoast SEO plugin v27.5 - https:\/\/yoast.com\/product\/yoast-seo-wordpress\/ -->\n<title>V\u00e1lvula Direcional Assento Tipo Cartucho LSV-08 - ACT Sistemas Hidr\u00e1ulicos<\/title>\n<meta name=\"description\" content=\"A V\u00e1lvula Direcional Assento LSV-08 pode ser utilizada como v\u00e1lvula de seguran\u00e7a para prensas hidr\u00e1ulicas que precisem atender a NR-12.\" \/>\n<meta name=\"robots\" content=\"index, follow, max-snippet:-1, max-image-preview:large, max-video-preview:-1\" \/>\n<link rel=\"canonical\" href=\"https:\/\/actbr.com.br\/en\/produto\/valvula-direcional-assento-tipo-cartucho-lsv-08\/\" \/>\n<meta property=\"og:locale\" content=\"en_US\" \/>\n<meta property=\"og:type\" content=\"article\" \/>\n<meta property=\"og:title\" content=\"V\u00e1lvula Direcional Assento Tipo Cartucho LSV-08 - ACT Sistemas Hidr\u00e1ulicos\" \/>\n<meta property=\"og:description\" content=\"A V\u00e1lvula Direcional Assento LSV-08 pode ser utilizada como v\u00e1lvula de seguran\u00e7a para prensas hidr\u00e1ulicas que precisem atender a NR-12.\" \/>\n<meta property=\"og:url\" content=\"https:\/\/actbr.com.br\/en\/produto\/valvula-direcional-assento-tipo-cartucho-lsv-08\/\" \/>\n<meta property=\"og:site_name\" content=\"ACT Sistemas Hidr\u00e1ulicos\" \/>\n<meta property=\"article:modified_time\" content=\"2023-10-24T18:55:24+00:00\" \/>\n<meta property=\"og:image\" content=\"https:\/\/actbr.com.br\/wp-content\/uploads\/2020\/09\/LSV-08.jpg\" \/>\n\t<meta property=\"og:image:width\" content=\"600\" \/>\n\t<meta property=\"og:image:height\" content=\"600\" \/>\n\t<meta property=\"og:image:type\" content=\"image\/jpeg\" \/>\n<meta name=\"twitter:card\" content=\"summary_large_image\" \/>\n<meta name=\"twitter:label1\" content=\"Est. reading time\" \/>\n\t<meta name=\"twitter:data1\" content=\"3 minutes\" \/>\n<script type=\"application\/ld+json\" class=\"yoast-schema-graph\">{\"@context\":\"https:\\\/\\\/schema.org\",\"@graph\":[{\"@type\":\"WebPage\",\"@id\":\"https:\\\/\\\/actbr.com.br\\\/en\\\/produto\\\/valvula-direcional-assento-tipo-cartucho-lsv-08\\\/\",\"url\":\"https:\\\/\\\/actbr.com.br\\\/en\\\/produto\\\/valvula-direcional-assento-tipo-cartucho-lsv-08\\\/\",\"name\":\"V\u00e1lvula Direcional Assento Tipo Cartucho LSV-08 - ACT Sistemas Hidr\u00e1ulicos\",\"isPartOf\":{\"@id\":\"https:\\\/\\\/actbr.com.br\\\/en\\\/#website\"},\"primaryImageOfPage\":{\"@id\":\"https:\\\/\\\/actbr.com.br\\\/en\\\/produto\\\/valvula-direcional-assento-tipo-cartucho-lsv-08\\\/#primaryimage\"},\"image\":{\"@id\":\"https:\\\/\\\/actbr.com.br\\\/en\\\/produto\\\/valvula-direcional-assento-tipo-cartucho-lsv-08\\\/#primaryimage\"},\"thumbnailUrl\":\"https:\\\/\\\/actbr.com.br\\\/wp-content\\\/uploads\\\/2020\\\/09\\\/LSV-08.jpg\",\"datePublished\":\"2020-09-29T15:34:36+00:00\",\"dateModified\":\"2023-10-24T18:55:24+00:00\",\"description\":\"A V\u00e1lvula Direcional Assento LSV-08 pode ser utilizada como v\u00e1lvula de seguran\u00e7a para prensas hidr\u00e1ulicas que precisem atender a NR-12.\",\"breadcrumb\":{\"@id\":\"https:\\\/\\\/actbr.com.br\\\/en\\\/produto\\\/valvula-direcional-assento-tipo-cartucho-lsv-08\\\/#breadcrumb\"},\"inLanguage\":\"en-US\",\"potentialAction\":[{\"@type\":\"ReadAction\",\"target\":[\"https:\\\/\\\/actbr.com.br\\\/en\\\/produto\\\/valvula-direcional-assento-tipo-cartucho-lsv-08\\\/\"]}]},{\"@type\":\"ImageObject\",\"inLanguage\":\"en-US\",\"@id\":\"https:\\\/\\\/actbr.com.br\\\/en\\\/produto\\\/valvula-direcional-assento-tipo-cartucho-lsv-08\\\/#primaryimage\",\"url\":\"https:\\\/\\\/actbr.com.br\\\/wp-content\\\/uploads\\\/2020\\\/09\\\/LSV-08.jpg\",\"contentUrl\":\"https:\\\/\\\/actbr.com.br\\\/wp-content\\\/uploads\\\/2020\\\/09\\\/LSV-08.jpg\",\"width\":600,\"height\":600,\"caption\":\"V\u00e1lvula Direcional Assento Tipo Cartucho LSV-08\"},{\"@type\":\"BreadcrumbList\",\"@id\":\"https:\\\/\\\/actbr.com.br\\\/en\\\/produto\\\/valvula-direcional-assento-tipo-cartucho-lsv-08\\\/#breadcrumb\",\"itemListElement\":[{\"@type\":\"ListItem\",\"position\":1,\"name\":\"In\u00edcio\",\"item\":\"https:\\\/\\\/actbr.com.br\\\/en\\\/\"},{\"@type\":\"ListItem\",\"position\":2,\"name\":\"Produtos\",\"item\":\"https:\\\/\\\/actbr.com.br\\\/produtos-act\\\/\"},{\"@type\":\"ListItem\",\"position\":3,\"name\":\"V\u00e1lvulas Insert\u00e1veis\",\"item\":\"https:\\\/\\\/actbr.com.br\\\/en\\\/categoria-produto\\\/valvulas-insertaveis\\\/\"},{\"@type\":\"ListItem\",\"position\":4,\"name\":\"Direcional El\u00e9trica - 2\\\/2\",\"item\":\"https:\\\/\\\/actbr.com.br\\\/en\\\/categoria-produto\\\/valvulas-insertaveis\\\/direcional-eletrica-2-2\\\/\"},{\"@type\":\"ListItem\",\"position\":5,\"name\":\"V\u00e1lvula Direcional Assento Tipo Cartucho LSV-08\"}]},{\"@type\":\"WebSite\",\"@id\":\"https:\\\/\\\/actbr.com.br\\\/en\\\/#website\",\"url\":\"https:\\\/\\\/actbr.com.br\\\/en\\\/\",\"name\":\"ACT Sistemas Hidr\u00e1ulicos\",\"description\":\"Fabrica\u00e7\u00e3o e manuten\u00e7\u00e3o de componentes \u00f3leo hidr\u00e1ulicos\",\"publisher\":{\"@id\":\"https:\\\/\\\/actbr.com.br\\\/en\\\/#organization\"},\"potentialAction\":[{\"@type\":\"SearchAction\",\"target\":{\"@type\":\"EntryPoint\",\"urlTemplate\":\"https:\\\/\\\/actbr.com.br\\\/en\\\/?s={search_term_string}\"},\"query-input\":{\"@type\":\"PropertyValueSpecification\",\"valueRequired\":true,\"valueName\":\"search_term_string\"}}],\"inLanguage\":\"en-US\"},{\"@type\":\"Organization\",\"@id\":\"https:\\\/\\\/actbr.com.br\\\/en\\\/#organization\",\"name\":\"ACT Sistemas Hidr\u00e1ulicos\",\"url\":\"https:\\\/\\\/actbr.com.br\\\/en\\\/\",\"logo\":{\"@type\":\"ImageObject\",\"inLanguage\":\"en-US\",\"@id\":\"https:\\\/\\\/actbr.com.br\\\/en\\\/#\\\/schema\\\/logo\\\/image\\\/\",\"url\":\"https:\\\/\\\/actbr.com.br\\\/wp-content\\\/uploads\\\/2025\\\/02\\\/cropped-ACT_NEGATIVO-marca-dagua.png\",\"contentUrl\":\"https:\\\/\\\/actbr.com.br\\\/wp-content\\\/uploads\\\/2025\\\/02\\\/cropped-ACT_NEGATIVO-marca-dagua.png\",\"width\":240,\"height\":146,\"caption\":\"ACT Sistemas Hidr\u00e1ulicos\"},\"image\":{\"@id\":\"https:\\\/\\\/actbr.com.br\\\/en\\\/#\\\/schema\\\/logo\\\/image\\\/\"}}]}<\/script>\n<!-- \/ Yoast SEO plugin. -->","yoast_head_json":{"title":"V\u00e1lvula Direcional Assento Tipo Cartucho LSV-08 - ACT Sistemas Hidr\u00e1ulicos","description":"A V\u00e1lvula Direcional Assento LSV-08 pode ser utilizada como v\u00e1lvula de seguran\u00e7a para prensas hidr\u00e1ulicas que precisem atender a NR-12.","robots":{"index":"index","follow":"follow","max-snippet":"max-snippet:-1","max-image-preview":"max-image-preview:large","max-video-preview":"max-video-preview:-1"},"canonical":"https:\/\/actbr.com.br\/en\/produto\/valvula-direcional-assento-tipo-cartucho-lsv-08\/","og_locale":"en_US","og_type":"article","og_title":"V\u00e1lvula Direcional Assento Tipo Cartucho LSV-08 - ACT Sistemas Hidr\u00e1ulicos","og_description":"A V\u00e1lvula Direcional Assento LSV-08 pode ser utilizada como v\u00e1lvula de seguran\u00e7a para prensas hidr\u00e1ulicas que precisem atender a NR-12.","og_url":"https:\/\/actbr.com.br\/en\/produto\/valvula-direcional-assento-tipo-cartucho-lsv-08\/","og_site_name":"ACT Sistemas Hidr\u00e1ulicos","article_modified_time":"2023-10-24T18:55:24+00:00","og_image":[{"width":600,"height":600,"url":"https:\/\/actbr.com.br\/wp-content\/uploads\/2020\/09\/LSV-08.jpg","type":"image\/jpeg"}],"twitter_card":"summary_large_image","twitter_misc":{"Est. reading time":"3 minutes"},"schema":{"@context":"https:\/\/schema.org","@graph":[{"@type":"WebPage","@id":"https:\/\/actbr.com.br\/en\/produto\/valvula-direcional-assento-tipo-cartucho-lsv-08\/","url":"https:\/\/actbr.com.br\/en\/produto\/valvula-direcional-assento-tipo-cartucho-lsv-08\/","name":"V\u00e1lvula Direcional Assento Tipo Cartucho LSV-08 - ACT Sistemas Hidr\u00e1ulicos","isPartOf":{"@id":"https:\/\/actbr.com.br\/en\/#website"},"primaryImageOfPage":{"@id":"https:\/\/actbr.com.br\/en\/produto\/valvula-direcional-assento-tipo-cartucho-lsv-08\/#primaryimage"},"image":{"@id":"https:\/\/actbr.com.br\/en\/produto\/valvula-direcional-assento-tipo-cartucho-lsv-08\/#primaryimage"},"thumbnailUrl":"https:\/\/actbr.com.br\/wp-content\/uploads\/2020\/09\/LSV-08.jpg","datePublished":"2020-09-29T15:34:36+00:00","dateModified":"2023-10-24T18:55:24+00:00","description":"A V\u00e1lvula Direcional Assento LSV-08 pode ser utilizada como v\u00e1lvula de seguran\u00e7a para prensas hidr\u00e1ulicas que precisem atender a NR-12.","breadcrumb":{"@id":"https:\/\/actbr.com.br\/en\/produto\/valvula-direcional-assento-tipo-cartucho-lsv-08\/#breadcrumb"},"inLanguage":"en-US","potentialAction":[{"@type":"ReadAction","target":["https:\/\/actbr.com.br\/en\/produto\/valvula-direcional-assento-tipo-cartucho-lsv-08\/"]}]},{"@type":"ImageObject","inLanguage":"en-US","@id":"https:\/\/actbr.com.br\/en\/produto\/valvula-direcional-assento-tipo-cartucho-lsv-08\/#primaryimage","url":"https:\/\/actbr.com.br\/wp-content\/uploads\/2020\/09\/LSV-08.jpg","contentUrl":"https:\/\/actbr.com.br\/wp-content\/uploads\/2020\/09\/LSV-08.jpg","width":600,"height":600,"caption":"V\u00e1lvula Direcional Assento Tipo Cartucho LSV-08"},{"@type":"BreadcrumbList","@id":"https:\/\/actbr.com.br\/en\/produto\/valvula-direcional-assento-tipo-cartucho-lsv-08\/#breadcrumb","itemListElement":[{"@type":"ListItem","position":1,"name":"In\u00edcio","item":"https:\/\/actbr.com.br\/en\/"},{"@type":"ListItem","position":2,"name":"Produtos","item":"https:\/\/actbr.com.br\/produtos-act\/"},{"@type":"ListItem","position":3,"name":"V\u00e1lvulas Insert\u00e1veis","item":"https:\/\/actbr.com.br\/en\/categoria-produto\/valvulas-insertaveis\/"},{"@type":"ListItem","position":4,"name":"Direcional El\u00e9trica - 2\/2","item":"https:\/\/actbr.com.br\/en\/categoria-produto\/valvulas-insertaveis\/direcional-eletrica-2-2\/"},{"@type":"ListItem","position":5,"name":"V\u00e1lvula Direcional Assento Tipo Cartucho LSV-08"}]},{"@type":"WebSite","@id":"https:\/\/actbr.com.br\/en\/#website","url":"https:\/\/actbr.com.br\/en\/","name":"ACT Sistemas Hidr\u00e1ulicos","description":"Fabrica\u00e7\u00e3o e manuten\u00e7\u00e3o de componentes \u00f3leo hidr\u00e1ulicos","publisher":{"@id":"https:\/\/actbr.com.br\/en\/#organization"},"potentialAction":[{"@type":"SearchAction","target":{"@type":"EntryPoint","urlTemplate":"https:\/\/actbr.com.br\/en\/?s={search_term_string}"},"query-input":{"@type":"PropertyValueSpecification","valueRequired":true,"valueName":"search_term_string"}}],"inLanguage":"en-US"},{"@type":"Organization","@id":"https:\/\/actbr.com.br\/en\/#organization","name":"ACT Sistemas Hidr\u00e1ulicos","url":"https:\/\/actbr.com.br\/en\/","logo":{"@type":"ImageObject","inLanguage":"en-US","@id":"https:\/\/actbr.com.br\/en\/#\/schema\/logo\/image\/","url":"https:\/\/actbr.com.br\/wp-content\/uploads\/2025\/02\/cropped-ACT_NEGATIVO-marca-dagua.png","contentUrl":"https:\/\/actbr.com.br\/wp-content\/uploads\/2025\/02\/cropped-ACT_NEGATIVO-marca-dagua.png","width":240,"height":146,"caption":"ACT Sistemas Hidr\u00e1ulicos"},"image":{"@id":"https:\/\/actbr.com.br\/en\/#\/schema\/logo\/image\/"}}]}},"_links":{"self":[{"href":"https:\/\/actbr.com.br\/en\/wp-json\/wp\/v2\/product\/3051","targetHints":{"allow":["GET"]}}],"collection":[{"href":"https:\/\/actbr.com.br\/en\/wp-json\/wp\/v2\/product"}],"about":[{"href":"https:\/\/actbr.com.br\/en\/wp-json\/wp\/v2\/types\/product"}],"wp:featuredmedia":[{"embeddable":true,"href":"https:\/\/actbr.com.br\/en\/wp-json\/wp\/v2\/media\/7704"}],"wp:attachment":[{"href":"https:\/\/actbr.com.br\/en\/wp-json\/wp\/v2\/media?parent=3051"}],"wp:term":[{"taxonomy":"product_brand","embeddable":true,"href":"https:\/\/actbr.com.br\/en\/wp-json\/wp\/v2\/product_brand?post=3051"},{"taxonomy":"product_cat","embeddable":true,"href":"https:\/\/actbr.com.br\/en\/wp-json\/wp\/v2\/product_cat?post=3051"},{"taxonomy":"product_tag","embeddable":true,"href":"https:\/\/actbr.com.br\/en\/wp-json\/wp\/v2\/product_tag?post=3051"}],"curies":[{"name":"wp","href":"https:\/\/api.w.org\/{rel}","templated":true}]}}