{"id":3185,"date":"2020-09-29T12:35:42","date_gmt":"2020-09-29T15:35:42","guid":{"rendered":"https:\/\/actbr.com.br\/produto\/valvulas-direcionais-manuais-atos-dh-01-dk-11-dp-21-dp-31-dp-41\/"},"modified":"2023-10-03T13:43:18","modified_gmt":"2023-10-03T16:43:18","slug":"valvula-direcional-hidraulica-com-acionamento-manual-dh-01-dk-11-dp-21-dp-31-dp-41","status":"publish","type":"product","link":"https:\/\/actbr.com.br\/en\/produto\/valvula-direcional-hidraulica-com-acionamento-manual-dh-01-dk-11-dp-21-dp-31-dp-41\/","title":{"rendered":"V\u00e1lvula direcional hidr\u00e1ulica com acionamento manual DH-01 DK-11 DP-21 DP-31 DP-41"},"content":{"rendered":"<p><strong>V\u00e1lvula Direcional Manual ATOS DH-01 DK-11 DP-21 DP-31 DP-41<\/strong><\/p>\n<p>A\u00a0V\u00e1lvula Direcional Manual ATOS \u00e9 uma v\u00e1lvula de \u00eambolo de acionamento mec\u00e2nico ou manual. Dispon\u00edvel nas s\u00e9ries DH-01, DK-11, DP-21 , DP-31 e DP-41.<\/p>\n<p>As v\u00e1lvulas de controle direcional manual ATOS s\u00e3o constru\u00eddas sob a norma ISO 4401 (TN6 &#8211; TN10 &#8211; TN16 e TN25) e permitem trabalhos com vaz\u00f5es m\u00e1ximas de 50, 100, 140, 300 e 700 litros por minuto com press\u00f5es de trabalho de at\u00e9 350bar para as vers\u00f5es DH-01, DK-11, DP-21 e DP-31 respectivamente.<\/p>\n<p>Como solicitar:<br \/>\n<img decoding=\"async\" src=\"https:\/\/actbr.com.br\/wp-content\/uploads\/2020\/09\/dh-dk-dp21-dp-31-dp41-manual-atos.jpg\" alt=\"\" \/>Spools:<img decoding=\"async\" src=\"https:\/\/actbr.com.br\/wp-content\/uploads\/2020\/09\/valvulas-manuais-spools-atos.jpg\" alt=\"\" \/>Dimens\u00f5es:<img decoding=\"async\" src=\"https:\/\/actbr.com.br\/wp-content\/uploads\/2020\/09\/dh-01-dimensoes.jpg\" alt=\"\" \/><img decoding=\"async\" src=\"https:\/\/actbr.com.br\/wp-content\/uploads\/2020\/09\/dk-dimensoes.jpg\" alt=\"\" \/><img decoding=\"async\" src=\"https:\/\/actbr.com.br\/wp-content\/uploads\/2020\/09\/dp-21-dimensoes.jpg\" alt=\"\" \/><img decoding=\"async\" src=\"https:\/\/actbr.com.br\/wp-content\/uploads\/2020\/09\/dp-41-dimensoes.jpg\" alt=\"\" \/><\/p>\n<p>Acionamento por alavanca (duas posi\u00e7\u00f5es).<\/p>\n<p>DH-013* \/ DK-113* \/ DP-213* \/ DP-313*<\/p>\n<p>V\u00e1lvula direcional com acionamento por alavanca, com duas posi\u00e7\u00f5es. Constru\u00eddas sob a norma ISO 4401, para vaz\u00f5es de 50, 140, 300 e 700 litros por minuto (respectivamente), resistindo a press\u00f5es de at\u00e9 350 bar. Acionamento por alavanca + detente (duas posi\u00e7\u00f5es).<\/p>\n<p>DH-015* \/ DK-115* \/ DP-215* \/ DP-315*<\/p>\n<p>V\u00e1lvula direcional com acionamento por alavanca + detente, com duas posi\u00e7\u00f5es. Constru\u00eddas sob a norma ISO 4401, para vaz\u00f5es de 50, 140, 300 e 700 litros por minuto (respectivamente), resistindo a press\u00f5es de at\u00e9 350 bar. Acionamento por alavanca (Tr\u00eas posi\u00e7\u00f5es).<\/p>\n<p>DH-011* \/ DK-111* \/ DP-211* \/ DP-311*<\/p>\n<p>V\u00e1lvula direcional com acionamento por alavanca, com tr\u00eas posi\u00e7\u00f5es. Constru\u00eddas sobre a norma ISO 4401, para vaz\u00f5es de 50, 140, 300 e 700 litros por minuto (respectivamente), resistindo a press\u00f5es de at\u00e9 350 bar. Acionamento por alavanca + detente (Tr\u00eas posi\u00e7\u00f5es).<\/p>\n<p>DH-014* \/ DK-114* \/ DP-214* \/ DP-314*<\/p>\n<p>V\u00e1lvula direcional com acionamento por alavanca + detente, com tr\u00eas posi\u00e7\u00f5es. Constru\u00eddas sobre a norma ISO 4401, para vaz\u00f5es de 50, 140, 300 e 700 litros por minuto (respectivamente), resistindo a press\u00f5es de at\u00e9 350 bar.<\/p>\n","protected":false},"excerpt":{"rendered":"<p>A\u00a0V\u00e1lvula Direcional Manual ATOS \u00e9 uma v\u00e1lvula de \u00eambolo de acionamento mec\u00e2nico ou manual. Dispon\u00edvel nas s\u00e9ries DH-01, DK-11, DP-21 , DP-31 e DP-41.<\/p>\n","protected":false},"featured_media":8152,"template":"","meta":[],"product_brand":[],"product_cat":[49,46],"product_tag":[],"class_list":{"0":"post-3185","1":"product","2":"type-product","3":"status-publish","4":"has-post-thumbnail","6":"product_cat-manual","7":"product_cat-valvulas-direcionais","9":"first","10":"instock","11":"virtual","12":"product-type-simple"},"yoast_head":"<!-- This site is optimized with the Yoast SEO plugin v27.5 - https:\/\/yoast.com\/product\/yoast-seo-wordpress\/ -->\n<title>V\u00e1lvula direcional hidr\u00e1ulica com acionamento manual DH-01 DK-11 DP-21 DP-31 DP-41 - ACT Sistemas Hidr\u00e1ulicos<\/title>\n<meta name=\"description\" content=\"A\u00a0V\u00e1lvula Direcional Manual ATOS \u00e9 uma v\u00e1lvula de \u00eambolo de acionamento mec\u00e2nico ou manual. Dispon\u00edvel nas s\u00e9ries DH-01, DK-11, DP-21 , DP-31 e DP-41.\u00a0\" \/>\n<meta name=\"robots\" content=\"index, follow, max-snippet:-1, max-image-preview:large, max-video-preview:-1\" \/>\n<link rel=\"canonical\" href=\"https:\/\/actbr.com.br\/en\/produto\/valvula-direcional-hidraulica-com-acionamento-manual-dh-01-dk-11-dp-21-dp-31-dp-41\/\" \/>\n<meta property=\"og:locale\" content=\"en_US\" \/>\n<meta property=\"og:type\" content=\"article\" \/>\n<meta property=\"og:title\" content=\"V\u00e1lvula direcional hidr\u00e1ulica com acionamento manual DH-01 DK-11 DP-21 DP-31 DP-41 - ACT Sistemas Hidr\u00e1ulicos\" \/>\n<meta property=\"og:description\" content=\"A\u00a0V\u00e1lvula Direcional Manual ATOS \u00e9 uma v\u00e1lvula de \u00eambolo de acionamento mec\u00e2nico ou manual. Dispon\u00edvel nas s\u00e9ries DH-01, DK-11, DP-21 , DP-31 e DP-41.\u00a0\" \/>\n<meta property=\"og:url\" content=\"https:\/\/actbr.com.br\/en\/produto\/valvula-direcional-hidraulica-com-acionamento-manual-dh-01-dk-11-dp-21-dp-31-dp-41\/\" \/>\n<meta property=\"og:site_name\" content=\"ACT Sistemas Hidr\u00e1ulicos\" \/>\n<meta property=\"article:modified_time\" content=\"2023-10-03T16:43:18+00:00\" \/>\n<meta property=\"og:image\" content=\"https:\/\/actbr.com.br\/wp-content\/uploads\/2020\/09\/Valvulas-direcionais-manuais-ATOS-\u2013-DH-01-DK-11-DP-21-DP-31-DP-41.jpg\" \/>\n\t<meta property=\"og:image:width\" content=\"600\" \/>\n\t<meta property=\"og:image:height\" content=\"450\" \/>\n\t<meta property=\"og:image:type\" content=\"image\/jpeg\" \/>\n<meta name=\"twitter:card\" content=\"summary_large_image\" \/>\n<meta name=\"twitter:label1\" content=\"Est. reading time\" \/>\n\t<meta name=\"twitter:data1\" content=\"3 minutes\" \/>\n<script type=\"application\/ld+json\" class=\"yoast-schema-graph\">{\"@context\":\"https:\\\/\\\/schema.org\",\"@graph\":[{\"@type\":\"WebPage\",\"@id\":\"https:\\\/\\\/actbr.com.br\\\/en\\\/produto\\\/valvula-direcional-hidraulica-com-acionamento-manual-dh-01-dk-11-dp-21-dp-31-dp-41\\\/\",\"url\":\"https:\\\/\\\/actbr.com.br\\\/en\\\/produto\\\/valvula-direcional-hidraulica-com-acionamento-manual-dh-01-dk-11-dp-21-dp-31-dp-41\\\/\",\"name\":\"V\u00e1lvula direcional hidr\u00e1ulica com acionamento manual DH-01 DK-11 DP-21 DP-31 DP-41 - ACT Sistemas Hidr\u00e1ulicos\",\"isPartOf\":{\"@id\":\"https:\\\/\\\/actbr.com.br\\\/en\\\/#website\"},\"primaryImageOfPage\":{\"@id\":\"https:\\\/\\\/actbr.com.br\\\/en\\\/produto\\\/valvula-direcional-hidraulica-com-acionamento-manual-dh-01-dk-11-dp-21-dp-31-dp-41\\\/#primaryimage\"},\"image\":{\"@id\":\"https:\\\/\\\/actbr.com.br\\\/en\\\/produto\\\/valvula-direcional-hidraulica-com-acionamento-manual-dh-01-dk-11-dp-21-dp-31-dp-41\\\/#primaryimage\"},\"thumbnailUrl\":\"https:\\\/\\\/actbr.com.br\\\/wp-content\\\/uploads\\\/2020\\\/09\\\/Valvulas-direcionais-manuais-ATOS-\u2013-DH-01-DK-11-DP-21-DP-31-DP-41.jpg\",\"datePublished\":\"2020-09-29T15:35:42+00:00\",\"dateModified\":\"2023-10-03T16:43:18+00:00\",\"description\":\"A\u00a0V\u00e1lvula Direcional Manual ATOS \u00e9 uma v\u00e1lvula de \u00eambolo de acionamento mec\u00e2nico ou manual. Dispon\u00edvel nas s\u00e9ries DH-01, DK-11, DP-21 , DP-31 e DP-41.\u00a0\",\"breadcrumb\":{\"@id\":\"https:\\\/\\\/actbr.com.br\\\/en\\\/produto\\\/valvula-direcional-hidraulica-com-acionamento-manual-dh-01-dk-11-dp-21-dp-31-dp-41\\\/#breadcrumb\"},\"inLanguage\":\"en-US\",\"potentialAction\":[{\"@type\":\"ReadAction\",\"target\":[\"https:\\\/\\\/actbr.com.br\\\/en\\\/produto\\\/valvula-direcional-hidraulica-com-acionamento-manual-dh-01-dk-11-dp-21-dp-31-dp-41\\\/\"]}]},{\"@type\":\"ImageObject\",\"inLanguage\":\"en-US\",\"@id\":\"https:\\\/\\\/actbr.com.br\\\/en\\\/produto\\\/valvula-direcional-hidraulica-com-acionamento-manual-dh-01-dk-11-dp-21-dp-31-dp-41\\\/#primaryimage\",\"url\":\"https:\\\/\\\/actbr.com.br\\\/wp-content\\\/uploads\\\/2020\\\/09\\\/Valvulas-direcionais-manuais-ATOS-\u2013-DH-01-DK-11-DP-21-DP-31-DP-41.jpg\",\"contentUrl\":\"https:\\\/\\\/actbr.com.br\\\/wp-content\\\/uploads\\\/2020\\\/09\\\/Valvulas-direcionais-manuais-ATOS-\u2013-DH-01-DK-11-DP-21-DP-31-DP-41.jpg\",\"width\":600,\"height\":450,\"caption\":\"V\u00e1lvula Direcional Manual ATOS DH-01 \\\/ DK-11 \\\/ DP-21 \\\/ DP-31 \\\/ DP-41\"},{\"@type\":\"BreadcrumbList\",\"@id\":\"https:\\\/\\\/actbr.com.br\\\/en\\\/produto\\\/valvula-direcional-hidraulica-com-acionamento-manual-dh-01-dk-11-dp-21-dp-31-dp-41\\\/#breadcrumb\",\"itemListElement\":[{\"@type\":\"ListItem\",\"position\":1,\"name\":\"In\u00edcio\",\"item\":\"https:\\\/\\\/actbr.com.br\\\/en\\\/\"},{\"@type\":\"ListItem\",\"position\":2,\"name\":\"Produtos\",\"item\":\"https:\\\/\\\/actbr.com.br\\\/produtos-act\\\/\"},{\"@type\":\"ListItem\",\"position\":3,\"name\":\"V\u00e1lvulas Direcionais\",\"item\":\"https:\\\/\\\/actbr.com.br\\\/en\\\/categoria-produto\\\/valvulas-direcionais\\\/\"},{\"@type\":\"ListItem\",\"position\":4,\"name\":\"Direcional Manual\",\"item\":\"https:\\\/\\\/actbr.com.br\\\/en\\\/categoria-produto\\\/valvulas-direcionais\\\/manual\\\/\"},{\"@type\":\"ListItem\",\"position\":5,\"name\":\"V\u00e1lvula direcional hidr\u00e1ulica com acionamento manual DH-01 DK-11 DP-21 DP-31 DP-41\"}]},{\"@type\":\"WebSite\",\"@id\":\"https:\\\/\\\/actbr.com.br\\\/en\\\/#website\",\"url\":\"https:\\\/\\\/actbr.com.br\\\/en\\\/\",\"name\":\"ACT Sistemas Hidr\u00e1ulicos\",\"description\":\"Fabrica\u00e7\u00e3o e manuten\u00e7\u00e3o de componentes \u00f3leo hidr\u00e1ulicos\",\"publisher\":{\"@id\":\"https:\\\/\\\/actbr.com.br\\\/en\\\/#organization\"},\"potentialAction\":[{\"@type\":\"SearchAction\",\"target\":{\"@type\":\"EntryPoint\",\"urlTemplate\":\"https:\\\/\\\/actbr.com.br\\\/en\\\/?s={search_term_string}\"},\"query-input\":{\"@type\":\"PropertyValueSpecification\",\"valueRequired\":true,\"valueName\":\"search_term_string\"}}],\"inLanguage\":\"en-US\"},{\"@type\":\"Organization\",\"@id\":\"https:\\\/\\\/actbr.com.br\\\/en\\\/#organization\",\"name\":\"ACT Sistemas Hidr\u00e1ulicos\",\"url\":\"https:\\\/\\\/actbr.com.br\\\/en\\\/\",\"logo\":{\"@type\":\"ImageObject\",\"inLanguage\":\"en-US\",\"@id\":\"https:\\\/\\\/actbr.com.br\\\/en\\\/#\\\/schema\\\/logo\\\/image\\\/\",\"url\":\"https:\\\/\\\/actbr.com.br\\\/wp-content\\\/uploads\\\/2025\\\/02\\\/cropped-ACT_NEGATIVO-marca-dagua.png\",\"contentUrl\":\"https:\\\/\\\/actbr.com.br\\\/wp-content\\\/uploads\\\/2025\\\/02\\\/cropped-ACT_NEGATIVO-marca-dagua.png\",\"width\":240,\"height\":146,\"caption\":\"ACT Sistemas Hidr\u00e1ulicos\"},\"image\":{\"@id\":\"https:\\\/\\\/actbr.com.br\\\/en\\\/#\\\/schema\\\/logo\\\/image\\\/\"}}]}<\/script>\n<!-- \/ Yoast SEO plugin. -->","yoast_head_json":{"title":"V\u00e1lvula direcional hidr\u00e1ulica com acionamento manual DH-01 DK-11 DP-21 DP-31 DP-41 - ACT Sistemas Hidr\u00e1ulicos","description":"A\u00a0V\u00e1lvula Direcional Manual ATOS \u00e9 uma v\u00e1lvula de \u00eambolo de acionamento mec\u00e2nico ou manual. Dispon\u00edvel nas s\u00e9ries DH-01, DK-11, DP-21 , DP-31 e DP-41.\u00a0","robots":{"index":"index","follow":"follow","max-snippet":"max-snippet:-1","max-image-preview":"max-image-preview:large","max-video-preview":"max-video-preview:-1"},"canonical":"https:\/\/actbr.com.br\/en\/produto\/valvula-direcional-hidraulica-com-acionamento-manual-dh-01-dk-11-dp-21-dp-31-dp-41\/","og_locale":"en_US","og_type":"article","og_title":"V\u00e1lvula direcional hidr\u00e1ulica com acionamento manual DH-01 DK-11 DP-21 DP-31 DP-41 - ACT Sistemas Hidr\u00e1ulicos","og_description":"A\u00a0V\u00e1lvula Direcional Manual ATOS \u00e9 uma v\u00e1lvula de \u00eambolo de acionamento mec\u00e2nico ou manual. Dispon\u00edvel nas s\u00e9ries DH-01, DK-11, DP-21 , DP-31 e DP-41.\u00a0","og_url":"https:\/\/actbr.com.br\/en\/produto\/valvula-direcional-hidraulica-com-acionamento-manual-dh-01-dk-11-dp-21-dp-31-dp-41\/","og_site_name":"ACT Sistemas Hidr\u00e1ulicos","article_modified_time":"2023-10-03T16:43:18+00:00","og_image":[{"width":600,"height":450,"url":"https:\/\/actbr.com.br\/wp-content\/uploads\/2020\/09\/Valvulas-direcionais-manuais-ATOS-\u2013-DH-01-DK-11-DP-21-DP-31-DP-41.jpg","type":"image\/jpeg"}],"twitter_card":"summary_large_image","twitter_misc":{"Est. reading time":"3 minutes"},"schema":{"@context":"https:\/\/schema.org","@graph":[{"@type":"WebPage","@id":"https:\/\/actbr.com.br\/en\/produto\/valvula-direcional-hidraulica-com-acionamento-manual-dh-01-dk-11-dp-21-dp-31-dp-41\/","url":"https:\/\/actbr.com.br\/en\/produto\/valvula-direcional-hidraulica-com-acionamento-manual-dh-01-dk-11-dp-21-dp-31-dp-41\/","name":"V\u00e1lvula direcional hidr\u00e1ulica com acionamento manual DH-01 DK-11 DP-21 DP-31 DP-41 - ACT Sistemas Hidr\u00e1ulicos","isPartOf":{"@id":"https:\/\/actbr.com.br\/en\/#website"},"primaryImageOfPage":{"@id":"https:\/\/actbr.com.br\/en\/produto\/valvula-direcional-hidraulica-com-acionamento-manual-dh-01-dk-11-dp-21-dp-31-dp-41\/#primaryimage"},"image":{"@id":"https:\/\/actbr.com.br\/en\/produto\/valvula-direcional-hidraulica-com-acionamento-manual-dh-01-dk-11-dp-21-dp-31-dp-41\/#primaryimage"},"thumbnailUrl":"https:\/\/actbr.com.br\/wp-content\/uploads\/2020\/09\/Valvulas-direcionais-manuais-ATOS-\u2013-DH-01-DK-11-DP-21-DP-31-DP-41.jpg","datePublished":"2020-09-29T15:35:42+00:00","dateModified":"2023-10-03T16:43:18+00:00","description":"A\u00a0V\u00e1lvula Direcional Manual ATOS \u00e9 uma v\u00e1lvula de \u00eambolo de acionamento mec\u00e2nico ou manual. Dispon\u00edvel nas s\u00e9ries DH-01, DK-11, DP-21 , DP-31 e DP-41.\u00a0","breadcrumb":{"@id":"https:\/\/actbr.com.br\/en\/produto\/valvula-direcional-hidraulica-com-acionamento-manual-dh-01-dk-11-dp-21-dp-31-dp-41\/#breadcrumb"},"inLanguage":"en-US","potentialAction":[{"@type":"ReadAction","target":["https:\/\/actbr.com.br\/en\/produto\/valvula-direcional-hidraulica-com-acionamento-manual-dh-01-dk-11-dp-21-dp-31-dp-41\/"]}]},{"@type":"ImageObject","inLanguage":"en-US","@id":"https:\/\/actbr.com.br\/en\/produto\/valvula-direcional-hidraulica-com-acionamento-manual-dh-01-dk-11-dp-21-dp-31-dp-41\/#primaryimage","url":"https:\/\/actbr.com.br\/wp-content\/uploads\/2020\/09\/Valvulas-direcionais-manuais-ATOS-\u2013-DH-01-DK-11-DP-21-DP-31-DP-41.jpg","contentUrl":"https:\/\/actbr.com.br\/wp-content\/uploads\/2020\/09\/Valvulas-direcionais-manuais-ATOS-\u2013-DH-01-DK-11-DP-21-DP-31-DP-41.jpg","width":600,"height":450,"caption":"V\u00e1lvula Direcional Manual ATOS DH-01 \/ DK-11 \/ DP-21 \/ DP-31 \/ DP-41"},{"@type":"BreadcrumbList","@id":"https:\/\/actbr.com.br\/en\/produto\/valvula-direcional-hidraulica-com-acionamento-manual-dh-01-dk-11-dp-21-dp-31-dp-41\/#breadcrumb","itemListElement":[{"@type":"ListItem","position":1,"name":"In\u00edcio","item":"https:\/\/actbr.com.br\/en\/"},{"@type":"ListItem","position":2,"name":"Produtos","item":"https:\/\/actbr.com.br\/produtos-act\/"},{"@type":"ListItem","position":3,"name":"V\u00e1lvulas Direcionais","item":"https:\/\/actbr.com.br\/en\/categoria-produto\/valvulas-direcionais\/"},{"@type":"ListItem","position":4,"name":"Direcional Manual","item":"https:\/\/actbr.com.br\/en\/categoria-produto\/valvulas-direcionais\/manual\/"},{"@type":"ListItem","position":5,"name":"V\u00e1lvula direcional hidr\u00e1ulica com acionamento manual DH-01 DK-11 DP-21 DP-31 DP-41"}]},{"@type":"WebSite","@id":"https:\/\/actbr.com.br\/en\/#website","url":"https:\/\/actbr.com.br\/en\/","name":"ACT Sistemas Hidr\u00e1ulicos","description":"Fabrica\u00e7\u00e3o e manuten\u00e7\u00e3o de componentes \u00f3leo hidr\u00e1ulicos","publisher":{"@id":"https:\/\/actbr.com.br\/en\/#organization"},"potentialAction":[{"@type":"SearchAction","target":{"@type":"EntryPoint","urlTemplate":"https:\/\/actbr.com.br\/en\/?s={search_term_string}"},"query-input":{"@type":"PropertyValueSpecification","valueRequired":true,"valueName":"search_term_string"}}],"inLanguage":"en-US"},{"@type":"Organization","@id":"https:\/\/actbr.com.br\/en\/#organization","name":"ACT Sistemas Hidr\u00e1ulicos","url":"https:\/\/actbr.com.br\/en\/","logo":{"@type":"ImageObject","inLanguage":"en-US","@id":"https:\/\/actbr.com.br\/en\/#\/schema\/logo\/image\/","url":"https:\/\/actbr.com.br\/wp-content\/uploads\/2025\/02\/cropped-ACT_NEGATIVO-marca-dagua.png","contentUrl":"https:\/\/actbr.com.br\/wp-content\/uploads\/2025\/02\/cropped-ACT_NEGATIVO-marca-dagua.png","width":240,"height":146,"caption":"ACT Sistemas Hidr\u00e1ulicos"},"image":{"@id":"https:\/\/actbr.com.br\/en\/#\/schema\/logo\/image\/"}}]}},"_links":{"self":[{"href":"https:\/\/actbr.com.br\/en\/wp-json\/wp\/v2\/product\/3185","targetHints":{"allow":["GET"]}}],"collection":[{"href":"https:\/\/actbr.com.br\/en\/wp-json\/wp\/v2\/product"}],"about":[{"href":"https:\/\/actbr.com.br\/en\/wp-json\/wp\/v2\/types\/product"}],"wp:featuredmedia":[{"embeddable":true,"href":"https:\/\/actbr.com.br\/en\/wp-json\/wp\/v2\/media\/8152"}],"wp:attachment":[{"href":"https:\/\/actbr.com.br\/en\/wp-json\/wp\/v2\/media?parent=3185"}],"wp:term":[{"taxonomy":"product_brand","embeddable":true,"href":"https:\/\/actbr.com.br\/en\/wp-json\/wp\/v2\/product_brand?post=3185"},{"taxonomy":"product_cat","embeddable":true,"href":"https:\/\/actbr.com.br\/en\/wp-json\/wp\/v2\/product_cat?post=3185"},{"taxonomy":"product_tag","embeddable":true,"href":"https:\/\/actbr.com.br\/en\/wp-json\/wp\/v2\/product_tag?post=3185"}],"curies":[{"name":"wp","href":"https:\/\/api.w.org\/{rel}","templated":true}]}}