{"id":3197,"date":"2020-09-29T12:35:42","date_gmt":"2020-09-29T15:35:42","guid":{"rendered":"https:\/\/actbr.com.br\/produto\/valvula-de-controle-de-pressao-atos-agir-redutora\/"},"modified":"2023-10-16T13:45:27","modified_gmt":"2023-10-16T16:45:27","slug":"valvula-reguladora-de-pressao-tipo-redutora-agir","status":"publish","type":"product","link":"https:\/\/actbr.com.br\/en\/produto\/valvula-reguladora-de-pressao-tipo-redutora-agir\/","title":{"rendered":"V\u00e1lvula Reguladora de Press\u00e3o Tipo Redutora AGIR"},"content":{"rendered":"<p><strong>V\u00e1lvula de Controle de Press\u00e3o ATOS \u2013 AGIR (Redutora)<\/strong><\/p>\n<p>A V\u00e1lvula Reguladora de Press\u00e3o AGIR (Redutora) \u00e9 fabricada pela ATOS. Consulte as configura\u00e7\u00f5es dispon\u00edveis e instru\u00e7\u00f5es para realizar a solicita\u00e7\u00e3o.<\/p>\n<p><strong>Como solicitar:<\/strong><\/p>\n<p><img decoding=\"async\" src=\"https:\/\/actbr.com.br\/wp-content\/uploads\/2020\/09\/agiu-agis-agir.jpg\" alt=\"\" \/><br \/>\n<img decoding=\"async\" src=\"https:\/\/actbr.com.br\/wp-content\/uploads\/2020\/09\/agir-agis.jpg\" alt=\"\" \/><\/p>\n<p><strong>AGIU-10:<\/strong><br \/>\nV\u00e1lvula de al\u00edvio sobre placa e op\u00e7\u00e3o com ventagem, dispon\u00edvel no tamanho 10 (ISO 5781), trabalha em vaz\u00f5es de at\u00e9 100 litros por minuto, resistindo a press\u00f5es de at\u00e9 350 bar;<br \/>\nAGIU-10\/50; AGIU-10\/100; AGIU-10\/210; AGIU-10\/350; AGIU-10\/10\/50; AGIU-10\/10\/100; AGIU-10\/10\/210; AGIU-10\/10\/350; AGIU-10\/11\/50; AGIU-10\/11\/100; AGIU-10\/11\/210; AGIU-10\/11\/350.<\/p>\n<p><strong>AGIU-20:<\/strong><br \/>\nV\u00e1lvula de al\u00edvio sobre placa e op\u00e7\u00e3o com ventagem, dispon\u00edvel no tamanho 20 (ISO 5781), trabalha em vaz\u00f5es de at\u00e9 200 litros por minuto, resistindo a press\u00f5es de at\u00e9 350 bar;<br \/>\nAGIU-20\/50; AGIU-20\/100; AGIU-20\/210; AGIU-20\/350; AGIU-20\/10\/50; AGIU-20\/10\/100; AGIU-20\/10\/210; AGIU-20\/10\/350; AGIU-20\/11\/50; AGIU-20\/11\/100; AGIU-20\/11\/210; AGIU-20\/11\/350.<\/p>\n<p><strong>AGIU-32:<\/strong><br \/>\nV\u00e1lvula de al\u00edvio sobre placa e op\u00e7\u00e3o com ventagem, dispon\u00edvel no tamanho 32 (ISO 5781), trabalha em vaz\u00f5es de at\u00e9 300 litros por minuto, resistindo a press\u00f5es de at\u00e9 350 bar;<br \/>\nAGIU-32\/50; AGIU-32\/100; AGIU-32\/210; AGIU-32\/350; AGIU-32\/10\/50; AGIU-32\/10\/100; AGIU-32\/10\/210; AGIU-32\/10\/350; AGIU-32\/11\/50; AGIU-32\/11\/100; AGIU-32\/11\/210; AGIU-32\/11\/350.<\/p>\n<p><strong>AGIS-10:<\/strong><br \/>\nV\u00e1lvula de sequ\u00eancia sobre placa e com op\u00e7\u00e3o de reten\u00e7\u00e3o incorporada, dispon\u00edvel no tamanho 10 (ISO 5781), trabalha em vaz\u00f5es de at\u00e9 200 litros por minuto, resistindo a press\u00f5es de at\u00e9 350 bar;<br \/>\nAGIS-10\/50; AGIS-10\/100; AGIS-10\/210; AGIS-10\/350; AGIS-10\/10\/50; AGIS-10\/10\/100; AGIS-10\/10\/210; AGIS-10\/10\/350; AGIS-10\/11\/50; AGIS-10\/11\/100; AGIS-10\/11\/210; AGIS-10\/11\/350.<\/p>\n<p><strong>AGIS-20:<\/strong><br \/>\nV\u00e1lvula de sequ\u00eancia sobre placa e com op\u00e7\u00e3o de reten\u00e7\u00e3o incorporada, dispon\u00edvel no tamanho 20 (ISO 5781), trabalha em vaz\u00f5es de at\u00e9 400 litros por minuto, resistindo a press\u00f5es de at\u00e9 350 bar;<br \/>\nAGIS-20\/50; AGIS-20\/100; AGIS-20\/210; AGIS-20\/350; AGIS-20\/10\/50; AGIS-20\/10\/100; AGIS-20\/10\/210; AGIS-20\/10\/350; AGIS-20\/11\/50; AGIS-20\/11\/100; AGIS-20\/11\/210; AGIS-20\/11\/350.<\/p>\n<p><strong>AGIS-32:<\/strong><br \/>\nV\u00e1lvula de sequ\u00eancia sobre placa e com op\u00e7\u00e3o de reten\u00e7\u00e3o incorporada, dispon\u00edvel no tamanho 32 (ISO 5781), trabalha em vaz\u00f5es de at\u00e9 600 litros por minuto, resistindo a press\u00f5es de at\u00e9 350 bar;<br \/>\nAGIS-32\/50; AGIS-32\/100; AGIS-32\/210; AGIS-32\/350; AGIS-32\/10\/50; AGIS-32\/10\/100; AGIS-32\/10\/210; AGIS-32\/10\/350; AGIS-32\/11\/50; AGIS-32\/11\/100; AGIS-32\/11\/210; AGIS-32\/11\/350.<\/p>\n<p><strong>AGIR-10:<\/strong><br \/>\nV\u00e1lvula redutora de press\u00e3o sobre placa e com op\u00e7\u00e3o de reten\u00e7\u00e3o incorporada, dispon\u00edvel no tamanho 10 (ISO 5781), trabalha em vaz\u00f5es de at\u00e9 160 litros por minuto, resistindo a press\u00f5es de at\u00e9 350 bar;<br \/>\nAGIR-10\/50; AGIR-10\/100; AGIR-10\/210; AGIR-10\/350; AGIR-10\/10\/50; AGIR-10\/10\/100; AGIR-10\/10\/210; AGIR-10\/10\/350; AGIR-10\/11\/50; AGIR-10\/11\/100; AGIR-10\/11\/210; AGIR-10\/11\/350.<\/p>\n<p><strong>AGIR-20:<\/strong><br \/>\nV\u00e1lvula redutora de press\u00e3o sobre placa e com op\u00e7\u00e3o de reten\u00e7\u00e3o incorporada, dispon\u00edvel no tamanho 20 (ISO 5781), trabalha em vaz\u00f5es de at\u00e9 300 litros por minuto, resistindo a press\u00f5es de at\u00e9 350 bar;<br \/>\nAGIR-20\/50; AGIR-20\/100; AGIR-20\/210; AGIR-20\/350; AGIR-20\/10\/50; AGIR-20\/10\/100; AGIR-20\/10\/210; AGIR-20\/10\/350; AGIR-20\/11\/50; AGIR-20\/11\/100; AGIR-20\/11\/210; AGIR-20\/11\/350.<\/p>\n<p><strong>AGIR-32:<\/strong><br \/>\nV\u00e1lvula de sequ\u00eancia sobre placa e com op\u00e7\u00e3o de reten\u00e7\u00e3o incorporada, dispon\u00edvel no tamanho 32 (ISO 5781), trabalha em vaz\u00f5es de at\u00e9 400 litros por minuto, resistindo a press\u00f5es de at\u00e9 350 bar;<br \/>\nAGIR-32\/50; AGIR-32\/100; AGIR-32\/210; AGIR-32\/350; AGIR-32\/10\/50; AGIR-32\/10\/100; AGIR-32\/10\/210; AGIR-32\/10\/350; AGIR-32\/11\/50; AGIR-32\/11\/100; AGIR-32\/11\/210; AGIR-32\/11\/350.<\/p>\n","protected":false},"excerpt":{"rendered":"<p>A V\u00e1lvula Reguladora de Press\u00e3o AGIR (Redutora) \u00e9 fabricada pela ATOS. Consulte as configura\u00e7\u00f5es dispon\u00edveis e instru\u00e7\u00f5es para realizar a solicita\u00e7\u00e3o.<\/p>\n","protected":false},"featured_media":7019,"template":"","meta":[],"product_brand":[],"product_cat":[53,52],"product_tag":[],"class_list":{"0":"post-3197","1":"product","2":"type-product","3":"status-publish","4":"has-post-thumbnail","6":"product_cat-reguladora-de-pressao-redutora","7":"product_cat-valvulas-montagem-em-placa","9":"first","10":"instock","11":"virtual","12":"product-type-simple"},"yoast_head":"<!-- This site is optimized with the Yoast SEO plugin v27.2 - https:\/\/yoast.com\/product\/yoast-seo-wordpress\/ -->\n<title>V\u00e1lvula Reguladora de Press\u00e3o Tipo Redutora AGIR - ACT Sistemas Hidr\u00e1ulicos<\/title>\n<meta name=\"description\" content=\"A V\u00e1lvula Reguladora de Press\u00e3o AGIR (Redutora) \u00e9 fabricada pela ATOS. Consulte as configura\u00e7\u00f5es dispon\u00edveis e instru\u00e7\u00f5es para realizar a solicita\u00e7\u00e3o.\" \/>\n<meta name=\"robots\" content=\"index, follow, max-snippet:-1, max-image-preview:large, max-video-preview:-1\" \/>\n<link rel=\"canonical\" href=\"https:\/\/actbr.com.br\/en\/produto\/valvula-reguladora-de-pressao-tipo-redutora-agir\/\" \/>\n<meta property=\"og:locale\" content=\"en_US\" \/>\n<meta property=\"og:type\" content=\"article\" \/>\n<meta property=\"og:title\" content=\"V\u00e1lvula Reguladora de Press\u00e3o Tipo Redutora AGIR - ACT Sistemas Hidr\u00e1ulicos\" \/>\n<meta property=\"og:description\" content=\"A V\u00e1lvula Reguladora de Press\u00e3o AGIR (Redutora) \u00e9 fabricada pela ATOS. Consulte as configura\u00e7\u00f5es dispon\u00edveis e instru\u00e7\u00f5es para realizar a solicita\u00e7\u00e3o.\" \/>\n<meta property=\"og:url\" content=\"https:\/\/actbr.com.br\/en\/produto\/valvula-reguladora-de-pressao-tipo-redutora-agir\/\" \/>\n<meta property=\"og:site_name\" content=\"ACT Sistemas Hidr\u00e1ulicos\" \/>\n<meta property=\"article:modified_time\" content=\"2023-10-16T16:45:27+00:00\" \/>\n<meta property=\"og:image\" content=\"https:\/\/actbr.com.br\/wp-content\/uploads\/2020\/09\/Valvula-de-controle-de-Pressao-ATOS-\u2013-AGIR-Redutora.jpg\" \/>\n\t<meta property=\"og:image:width\" content=\"600\" \/>\n\t<meta property=\"og:image:height\" content=\"413\" \/>\n\t<meta property=\"og:image:type\" content=\"image\/jpeg\" \/>\n<meta name=\"twitter:card\" content=\"summary_large_image\" \/>\n<meta name=\"twitter:label1\" content=\"Est. reading time\" \/>\n\t<meta name=\"twitter:data1\" content=\"3 minutes\" \/>\n<script type=\"application\/ld+json\" class=\"yoast-schema-graph\">{\"@context\":\"https:\/\/schema.org\",\"@graph\":[{\"@type\":\"WebPage\",\"@id\":\"https:\/\/actbr.com.br\/en\/produto\/valvula-reguladora-de-pressao-tipo-redutora-agir\/\",\"url\":\"https:\/\/actbr.com.br\/en\/produto\/valvula-reguladora-de-pressao-tipo-redutora-agir\/\",\"name\":\"V\u00e1lvula Reguladora de Press\u00e3o Tipo Redutora AGIR - ACT Sistemas Hidr\u00e1ulicos\",\"isPartOf\":{\"@id\":\"https:\/\/actbr.com.br\/en\/#website\"},\"primaryImageOfPage\":{\"@id\":\"https:\/\/actbr.com.br\/en\/produto\/valvula-reguladora-de-pressao-tipo-redutora-agir\/#primaryimage\"},\"image\":{\"@id\":\"https:\/\/actbr.com.br\/en\/produto\/valvula-reguladora-de-pressao-tipo-redutora-agir\/#primaryimage\"},\"thumbnailUrl\":\"https:\/\/actbr.com.br\/wp-content\/uploads\/2020\/09\/Valvula-de-controle-de-Pressao-ATOS-\u2013-AGIR-Redutora.jpg\",\"datePublished\":\"2020-09-29T15:35:42+00:00\",\"dateModified\":\"2023-10-16T16:45:27+00:00\",\"description\":\"A V\u00e1lvula Reguladora de Press\u00e3o AGIR (Redutora) \u00e9 fabricada pela ATOS. Consulte as configura\u00e7\u00f5es dispon\u00edveis e instru\u00e7\u00f5es para realizar a solicita\u00e7\u00e3o.\",\"breadcrumb\":{\"@id\":\"https:\/\/actbr.com.br\/en\/produto\/valvula-reguladora-de-pressao-tipo-redutora-agir\/#breadcrumb\"},\"inLanguage\":\"en-US\",\"potentialAction\":[{\"@type\":\"ReadAction\",\"target\":[\"https:\/\/actbr.com.br\/en\/produto\/valvula-reguladora-de-pressao-tipo-redutora-agir\/\"]}]},{\"@type\":\"ImageObject\",\"inLanguage\":\"en-US\",\"@id\":\"https:\/\/actbr.com.br\/en\/produto\/valvula-reguladora-de-pressao-tipo-redutora-agir\/#primaryimage\",\"url\":\"https:\/\/actbr.com.br\/wp-content\/uploads\/2020\/09\/Valvula-de-controle-de-Pressao-ATOS-\u2013-AGIR-Redutora.jpg\",\"contentUrl\":\"https:\/\/actbr.com.br\/wp-content\/uploads\/2020\/09\/Valvula-de-controle-de-Pressao-ATOS-\u2013-AGIR-Redutora.jpg\",\"width\":600,\"height\":413,\"caption\":\"V\u00e1lvula de Controle de Press\u00e3o ATOS \u2013 AGIR (Redutora)\"},{\"@type\":\"BreadcrumbList\",\"@id\":\"https:\/\/actbr.com.br\/en\/produto\/valvula-reguladora-de-pressao-tipo-redutora-agir\/#breadcrumb\",\"itemListElement\":[{\"@type\":\"ListItem\",\"position\":1,\"name\":\"In\u00edcio\",\"item\":\"https:\/\/actbr.com.br\/en\/\"},{\"@type\":\"ListItem\",\"position\":2,\"name\":\"Produtos\",\"item\":\"https:\/\/actbr.com.br\/produtos-act\/\"},{\"@type\":\"ListItem\",\"position\":3,\"name\":\"V\u00e1lvulas Montagem em Placa\",\"item\":\"https:\/\/actbr.com.br\/en\/categoria-produto\/valvulas-montagem-em-placa\/\"},{\"@type\":\"ListItem\",\"position\":4,\"name\":\"Reguladora de Press\u00e3o - Redutora\",\"item\":\"https:\/\/actbr.com.br\/en\/categoria-produto\/valvulas-montagem-em-placa\/reguladora-de-pressao-redutora\/\"},{\"@type\":\"ListItem\",\"position\":5,\"name\":\"V\u00e1lvula Reguladora de Press\u00e3o Tipo Redutora AGIR\"}]},{\"@type\":\"WebSite\",\"@id\":\"https:\/\/actbr.com.br\/en\/#website\",\"url\":\"https:\/\/actbr.com.br\/en\/\",\"name\":\"ACT Sistemas Hidr\u00e1ulicos\",\"description\":\"Fabrica\u00e7\u00e3o e manuten\u00e7\u00e3o de componentes \u00f3leo hidr\u00e1ulicos\",\"publisher\":{\"@id\":\"https:\/\/actbr.com.br\/en\/#organization\"},\"potentialAction\":[{\"@type\":\"SearchAction\",\"target\":{\"@type\":\"EntryPoint\",\"urlTemplate\":\"https:\/\/actbr.com.br\/en\/?s={search_term_string}\"},\"query-input\":{\"@type\":\"PropertyValueSpecification\",\"valueRequired\":true,\"valueName\":\"search_term_string\"}}],\"inLanguage\":\"en-US\"},{\"@type\":\"Organization\",\"@id\":\"https:\/\/actbr.com.br\/en\/#organization\",\"name\":\"ACT Sistemas Hidr\u00e1ulicos\",\"url\":\"https:\/\/actbr.com.br\/en\/\",\"logo\":{\"@type\":\"ImageObject\",\"inLanguage\":\"en-US\",\"@id\":\"https:\/\/actbr.com.br\/en\/#\/schema\/logo\/image\/\",\"url\":\"https:\/\/actbr.com.br\/wp-content\/uploads\/2025\/02\/cropped-ACT_NEGATIVO-marca-dagua.png\",\"contentUrl\":\"https:\/\/actbr.com.br\/wp-content\/uploads\/2025\/02\/cropped-ACT_NEGATIVO-marca-dagua.png\",\"width\":240,\"height\":146,\"caption\":\"ACT Sistemas Hidr\u00e1ulicos\"},\"image\":{\"@id\":\"https:\/\/actbr.com.br\/en\/#\/schema\/logo\/image\/\"}}]}<\/script>\n<!-- \/ Yoast SEO plugin. -->","yoast_head_json":{"title":"V\u00e1lvula Reguladora de Press\u00e3o Tipo Redutora AGIR - ACT Sistemas Hidr\u00e1ulicos","description":"A V\u00e1lvula Reguladora de Press\u00e3o AGIR (Redutora) \u00e9 fabricada pela ATOS. Consulte as configura\u00e7\u00f5es dispon\u00edveis e instru\u00e7\u00f5es para realizar a solicita\u00e7\u00e3o.","robots":{"index":"index","follow":"follow","max-snippet":"max-snippet:-1","max-image-preview":"max-image-preview:large","max-video-preview":"max-video-preview:-1"},"canonical":"https:\/\/actbr.com.br\/en\/produto\/valvula-reguladora-de-pressao-tipo-redutora-agir\/","og_locale":"en_US","og_type":"article","og_title":"V\u00e1lvula Reguladora de Press\u00e3o Tipo Redutora AGIR - ACT Sistemas Hidr\u00e1ulicos","og_description":"A V\u00e1lvula Reguladora de Press\u00e3o AGIR (Redutora) \u00e9 fabricada pela ATOS. Consulte as configura\u00e7\u00f5es dispon\u00edveis e instru\u00e7\u00f5es para realizar a solicita\u00e7\u00e3o.","og_url":"https:\/\/actbr.com.br\/en\/produto\/valvula-reguladora-de-pressao-tipo-redutora-agir\/","og_site_name":"ACT Sistemas Hidr\u00e1ulicos","article_modified_time":"2023-10-16T16:45:27+00:00","og_image":[{"width":600,"height":413,"url":"https:\/\/actbr.com.br\/wp-content\/uploads\/2020\/09\/Valvula-de-controle-de-Pressao-ATOS-\u2013-AGIR-Redutora.jpg","type":"image\/jpeg"}],"twitter_card":"summary_large_image","twitter_misc":{"Est. reading time":"3 minutes"},"schema":{"@context":"https:\/\/schema.org","@graph":[{"@type":"WebPage","@id":"https:\/\/actbr.com.br\/en\/produto\/valvula-reguladora-de-pressao-tipo-redutora-agir\/","url":"https:\/\/actbr.com.br\/en\/produto\/valvula-reguladora-de-pressao-tipo-redutora-agir\/","name":"V\u00e1lvula Reguladora de Press\u00e3o Tipo Redutora AGIR - ACT Sistemas Hidr\u00e1ulicos","isPartOf":{"@id":"https:\/\/actbr.com.br\/en\/#website"},"primaryImageOfPage":{"@id":"https:\/\/actbr.com.br\/en\/produto\/valvula-reguladora-de-pressao-tipo-redutora-agir\/#primaryimage"},"image":{"@id":"https:\/\/actbr.com.br\/en\/produto\/valvula-reguladora-de-pressao-tipo-redutora-agir\/#primaryimage"},"thumbnailUrl":"https:\/\/actbr.com.br\/wp-content\/uploads\/2020\/09\/Valvula-de-controle-de-Pressao-ATOS-\u2013-AGIR-Redutora.jpg","datePublished":"2020-09-29T15:35:42+00:00","dateModified":"2023-10-16T16:45:27+00:00","description":"A V\u00e1lvula Reguladora de Press\u00e3o AGIR (Redutora) \u00e9 fabricada pela ATOS. Consulte as configura\u00e7\u00f5es dispon\u00edveis e instru\u00e7\u00f5es para realizar a solicita\u00e7\u00e3o.","breadcrumb":{"@id":"https:\/\/actbr.com.br\/en\/produto\/valvula-reguladora-de-pressao-tipo-redutora-agir\/#breadcrumb"},"inLanguage":"en-US","potentialAction":[{"@type":"ReadAction","target":["https:\/\/actbr.com.br\/en\/produto\/valvula-reguladora-de-pressao-tipo-redutora-agir\/"]}]},{"@type":"ImageObject","inLanguage":"en-US","@id":"https:\/\/actbr.com.br\/en\/produto\/valvula-reguladora-de-pressao-tipo-redutora-agir\/#primaryimage","url":"https:\/\/actbr.com.br\/wp-content\/uploads\/2020\/09\/Valvula-de-controle-de-Pressao-ATOS-\u2013-AGIR-Redutora.jpg","contentUrl":"https:\/\/actbr.com.br\/wp-content\/uploads\/2020\/09\/Valvula-de-controle-de-Pressao-ATOS-\u2013-AGIR-Redutora.jpg","width":600,"height":413,"caption":"V\u00e1lvula de Controle de Press\u00e3o ATOS \u2013 AGIR (Redutora)"},{"@type":"BreadcrumbList","@id":"https:\/\/actbr.com.br\/en\/produto\/valvula-reguladora-de-pressao-tipo-redutora-agir\/#breadcrumb","itemListElement":[{"@type":"ListItem","position":1,"name":"In\u00edcio","item":"https:\/\/actbr.com.br\/en\/"},{"@type":"ListItem","position":2,"name":"Produtos","item":"https:\/\/actbr.com.br\/produtos-act\/"},{"@type":"ListItem","position":3,"name":"V\u00e1lvulas Montagem em Placa","item":"https:\/\/actbr.com.br\/en\/categoria-produto\/valvulas-montagem-em-placa\/"},{"@type":"ListItem","position":4,"name":"Reguladora de Press\u00e3o - Redutora","item":"https:\/\/actbr.com.br\/en\/categoria-produto\/valvulas-montagem-em-placa\/reguladora-de-pressao-redutora\/"},{"@type":"ListItem","position":5,"name":"V\u00e1lvula Reguladora de Press\u00e3o Tipo Redutora AGIR"}]},{"@type":"WebSite","@id":"https:\/\/actbr.com.br\/en\/#website","url":"https:\/\/actbr.com.br\/en\/","name":"ACT Sistemas Hidr\u00e1ulicos","description":"Fabrica\u00e7\u00e3o e manuten\u00e7\u00e3o de componentes \u00f3leo hidr\u00e1ulicos","publisher":{"@id":"https:\/\/actbr.com.br\/en\/#organization"},"potentialAction":[{"@type":"SearchAction","target":{"@type":"EntryPoint","urlTemplate":"https:\/\/actbr.com.br\/en\/?s={search_term_string}"},"query-input":{"@type":"PropertyValueSpecification","valueRequired":true,"valueName":"search_term_string"}}],"inLanguage":"en-US"},{"@type":"Organization","@id":"https:\/\/actbr.com.br\/en\/#organization","name":"ACT Sistemas Hidr\u00e1ulicos","url":"https:\/\/actbr.com.br\/en\/","logo":{"@type":"ImageObject","inLanguage":"en-US","@id":"https:\/\/actbr.com.br\/en\/#\/schema\/logo\/image\/","url":"https:\/\/actbr.com.br\/wp-content\/uploads\/2025\/02\/cropped-ACT_NEGATIVO-marca-dagua.png","contentUrl":"https:\/\/actbr.com.br\/wp-content\/uploads\/2025\/02\/cropped-ACT_NEGATIVO-marca-dagua.png","width":240,"height":146,"caption":"ACT Sistemas Hidr\u00e1ulicos"},"image":{"@id":"https:\/\/actbr.com.br\/en\/#\/schema\/logo\/image\/"}}]}},"_links":{"self":[{"href":"https:\/\/actbr.com.br\/en\/wp-json\/wp\/v2\/product\/3197","targetHints":{"allow":["GET"]}}],"collection":[{"href":"https:\/\/actbr.com.br\/en\/wp-json\/wp\/v2\/product"}],"about":[{"href":"https:\/\/actbr.com.br\/en\/wp-json\/wp\/v2\/types\/product"}],"wp:featuredmedia":[{"embeddable":true,"href":"https:\/\/actbr.com.br\/en\/wp-json\/wp\/v2\/media\/7019"}],"wp:attachment":[{"href":"https:\/\/actbr.com.br\/en\/wp-json\/wp\/v2\/media?parent=3197"}],"wp:term":[{"taxonomy":"product_brand","embeddable":true,"href":"https:\/\/actbr.com.br\/en\/wp-json\/wp\/v2\/product_brand?post=3197"},{"taxonomy":"product_cat","embeddable":true,"href":"https:\/\/actbr.com.br\/en\/wp-json\/wp\/v2\/product_cat?post=3197"},{"taxonomy":"product_tag","embeddable":true,"href":"https:\/\/actbr.com.br\/en\/wp-json\/wp\/v2\/product_tag?post=3197"}],"curies":[{"name":"wp","href":"https:\/\/api.w.org\/{rel}","templated":true}]}}