{"id":3206,"date":"2020-09-29T12:35:42","date_gmt":"2020-09-29T15:35:42","guid":{"rendered":"https:\/\/actbr.com.br\/produto\/valvulas-direcionais-atos-dh-08-dh-09\/"},"modified":"2023-06-29T08:46:23","modified_gmt":"2023-06-29T11:46:23","slug":"dh-08-dh-09","status":"publish","type":"product","link":"https:\/\/actbr.com.br\/en\/produto\/dh-08-dh-09\/","title":{"rendered":"DH-08 \/ DH-09"},"content":{"rendered":"<p><strong>V\u00e1lvula Direcional ATOS DH-08 \/ DH-09<\/strong><\/p>\n<p>A V\u00e1lvula Direcional ATOS DH-08 \/ DH-09 \u00e9 uma v\u00e1lvula direcional com acionamento pneum\u00e1tico por alavanca.<\/p>\n<p><strong>Como solicitar:<\/strong><\/p>\n<p><img decoding=\"async\" src=\"https:\/\/actbr.com.br\/wp-content\/uploads\/2020\/09\/dh-dk-dp-atos.jpg\" alt=\"\" \/><\/p>\n<p>Spools:<\/p>\n<p><img decoding=\"async\" src=\"https:\/\/actbr.com.br\/wp-content\/uploads\/2020\/09\/spools-dh-dk-atos.png\" alt=\"\" \/><\/p>\n<p><strong>Acionamento por alavanca (duas posi\u00e7\u00f5es):\u00a0DH-013* \/ DK-113* \/ DP-213* \/ DP-313*<\/strong><br \/>\nV\u00e1lvula direcional com acionamento por alavanca, com duas posi\u00e7\u00f5es;<br \/>\nConstru\u00eddas sobre a norma ISO 4401, para vaz\u00f5es de 50, 140, 300 e 700 litros por minuto (respectivamente), resistindo a press\u00f5es de at\u00e9 350 bar.<\/p>\n<p><strong>Acionamento por alavanca + Detente (duas posi\u00e7\u00f5es): DH-015* \/ DK-115* \/ DP-215* \/ DP-315*<\/strong><br \/>\nV\u00e1lvula direcional com acionamento por alavanca + detente, com duas posi\u00e7\u00f5es;<br \/>\nConstru\u00eddas sobre a norma ISO 4401, para vaz\u00f5es de 50, 140, 300 e 700 litros por minuto (respectivamente), resistindo a press\u00f5es de at\u00e9 350 bar.<\/p>\n<p><strong>Acionamento por alavanca (tr\u00eas posi\u00e7\u00f5es): DH-011* \/ DK-111* \/ DP-211* \/ DP-311*<\/strong><br \/>\nV\u00e1lvula direcional com acionamento por alavanca, com tr\u00eas posi\u00e7\u00f5es;<br \/>\nConstru\u00eddas sobre a norma ISO 4401, para vaz\u00f5es de 50, 140, 300 e 700 litros por minuto (respectivamente), resistindo a press\u00f5es de at\u00e9 350 bar.<\/p>\n<p><strong>Acionamento por alavanca + Detente (Tr\u00eas posi\u00e7\u00f5es):\u00a0DH-014* \/ DK-114* \/ DP-214* \/ DP-314*<\/strong><br \/>\nV\u00e1lvula direcional com acionamento por alavanca + detente, com tr\u00eas posi\u00e7\u00f5es;<br \/>\nConstru\u00eddas sobre a norma ISO 4401, para vaz\u00f5es de 50, 140, 300 e 700 litros por minuto (respectivamente), resistindo a press\u00f5es de at\u00e9 350 bar.<\/p>\n<p><strong>Acionamento por came (duas posi\u00e7\u00f5es):\u00a0DH-02* \/ DK-12*<\/strong><br \/>\nV\u00e1lvula direcional com acionamento por came, com duas posi\u00e7\u00f5es;<br \/>\nConstru\u00eddas sobre a norma ISO 4401, para vaz\u00f5es de 50 e 140 litros por minuto (respectivamente), resistindo a press\u00f5es de at\u00e9 350 bar.<\/p>\n<p><strong>Comando hidr\u00e1ulico (duas posi\u00e7\u00f5es):\u00a0DH-04* \/ DK 14* \/ DP-24* \/ DP-34*<\/strong><br \/>\nV\u00e1lvula direcional pilotada hidraulicamente, com duas posi\u00e7\u00f5es;<br \/>\nConstru\u00eddas sobre a norma ISO 4401, para vaz\u00f5es de 50, 140, 300 e 700 litros por minuto (respectivamente), resistindo a press\u00f5es de at\u00e9 350 bar.<\/p>\n<p><strong>Comando hidr\u00e1ulico (tr\u00eas posi\u00e7\u00f5es):\u00a0DH-051* \/ DK 151* \/ DP-251* \/ DP-351*<\/strong><br \/>\nV\u00e1lvula direcional pilotada hidraulicamente, com tr\u00eas posi\u00e7\u00f5es;<br \/>\nconstru\u00eddas sobre a norma ISO 4401, para vaz\u00f5es de 50, 140, 300 e 700 litros por minuto (respectivamente), resistindo a press\u00f5es de at\u00e9 350 bar.<\/p>\n<p><strong>Comando hidr\u00e1ulico + Detente (duas posi\u00e7\u00f5es):\u00a0DK-055* \/ DK- 155*<\/strong><br \/>\nV\u00e1lvula direcional pilotada hidraulicamente com detente, com duas posi\u00e7\u00f5es;<br \/>\nConstru\u00eddas sobre a norma ISO 4401, para vaz\u00f5es de 140 litros por minuto, resistindo a press\u00f5es de at\u00e9 350 bar.<\/p>\n<p><strong>Comando Pneum\u00e1tico (duas posi\u00e7\u00f5es): DH-08* \/ DK 18* \/ DP-28* \/ DP-38*<\/strong><br \/>\nV\u00e1lvula direcional pilotada pneumaticamente, com duas posi\u00e7\u00f5es;<br \/>\nConstru\u00eddas sobre a norma ISO 4401, para vaz\u00f5es de 50, 140, 300 e 700 litros por minuto (respectivamente), resistindo a press\u00f5es de at\u00e9 350 bar.<\/p>\n<p><strong>Comando Pneum\u00e1tico (Tr\u00eas posi\u00e7\u00f5es): DH-091* \/ DK 191* \/ DP-291* \/ DP-391*<\/strong><br \/>\nV\u00e1lvula direcional pilotada pneumaticamente, com tr\u00eas posi\u00e7\u00f5es;<br \/>\nConstru\u00eddas sobre a norma ISO 4401, para vaz\u00f5es de 50, 140, 300 e 700 litros por minuto (respectivamente), resistindo a press\u00f5es de at\u00e9 350 bar.<\/p>\n<p><strong>Comando Pneum\u00e1tico + Detente (duas posi\u00e7\u00f5es):\u00a0DH-095* \/ DK-195* \/ DP-295* \/ DP-395*<\/strong><br \/>\nV\u00e1lvula direcional pilotada pneumaticamente com detente, com duas posi\u00e7\u00f5es;<br \/>\nConstru\u00eddas sobre a norma ISO 4401, para vaz\u00f5es de 50, 140, 300 e 700 litros por minuto, resistindo a press\u00f5es de at\u00e9 350 bar.<\/p>\n","protected":false},"excerpt":{"rendered":"<p>A V\u00e1lvula Direcional ATOS DH-08 \/ DH-09 \u00e9 uma v\u00e1lvula direcional com acionamento pneum\u00e1tico por alavanca, constru\u00eddas dentro da Norma ISO 4401.<\/p>\n","protected":false},"featured_media":7752,"template":"","meta":[],"product_brand":[],"product_cat":[56,46],"product_tag":[],"class_list":{"0":"post-3206","1":"product","2":"type-product","3":"status-publish","4":"has-post-thumbnail","6":"product_cat-acionamento-pneumatico","7":"product_cat-valvulas-direcionais","9":"first","10":"instock","11":"virtual","12":"product-type-simple"},"yoast_head":"<!-- This site is optimized with the Yoast SEO plugin v27.5 - https:\/\/yoast.com\/product\/yoast-seo-wordpress\/ -->\n<title>DH-08 \/ DH-09 - ACT Sistemas Hidr\u00e1ulicos<\/title>\n<meta name=\"description\" content=\"A V\u00e1lvula Direcional ATOS DH-08 \/ DH-09 \u00e9 uma v\u00e1lvula direcional com acionamento pneum\u00e1tico por alavanca, constru\u00eddas dentro da Norma ISO 4401.\" \/>\n<meta name=\"robots\" content=\"index, follow, max-snippet:-1, max-image-preview:large, max-video-preview:-1\" \/>\n<link rel=\"canonical\" href=\"https:\/\/actbr.com.br\/en\/produto\/dh-08-dh-09\/\" \/>\n<meta property=\"og:locale\" content=\"en_US\" \/>\n<meta property=\"og:type\" content=\"article\" \/>\n<meta property=\"og:title\" content=\"DH-08 \/ DH-09 - ACT Sistemas Hidr\u00e1ulicos\" \/>\n<meta property=\"og:description\" content=\"A V\u00e1lvula Direcional ATOS DH-08 \/ DH-09 \u00e9 uma v\u00e1lvula direcional com acionamento pneum\u00e1tico por alavanca, constru\u00eddas dentro da Norma ISO 4401.\" \/>\n<meta property=\"og:url\" content=\"https:\/\/actbr.com.br\/en\/produto\/dh-08-dh-09\/\" \/>\n<meta property=\"og:site_name\" content=\"ACT Sistemas Hidr\u00e1ulicos\" \/>\n<meta property=\"article:modified_time\" content=\"2023-06-29T11:46:23+00:00\" \/>\n<meta property=\"og:image\" content=\"https:\/\/actbr.com.br\/wp-content\/uploads\/2020\/09\/Valvulas-Direcionais-ATOS-\u2013-DH-08-DH-09-Acionamento-Pneumatico.jpg\" \/>\n\t<meta property=\"og:image:width\" content=\"499\" \/>\n\t<meta property=\"og:image:height\" content=\"343\" \/>\n\t<meta property=\"og:image:type\" content=\"image\/jpeg\" \/>\n<meta name=\"twitter:card\" content=\"summary_large_image\" \/>\n<meta name=\"twitter:label1\" content=\"Est. reading time\" \/>\n\t<meta name=\"twitter:data1\" content=\"4 minutes\" \/>\n<script type=\"application\/ld+json\" class=\"yoast-schema-graph\">{\"@context\":\"https:\\\/\\\/schema.org\",\"@graph\":[{\"@type\":\"WebPage\",\"@id\":\"https:\\\/\\\/actbr.com.br\\\/en\\\/produto\\\/dh-08-dh-09\\\/\",\"url\":\"https:\\\/\\\/actbr.com.br\\\/en\\\/produto\\\/dh-08-dh-09\\\/\",\"name\":\"DH-08 \\\/ DH-09 - ACT Sistemas Hidr\u00e1ulicos\",\"isPartOf\":{\"@id\":\"https:\\\/\\\/actbr.com.br\\\/en\\\/#website\"},\"primaryImageOfPage\":{\"@id\":\"https:\\\/\\\/actbr.com.br\\\/en\\\/produto\\\/dh-08-dh-09\\\/#primaryimage\"},\"image\":{\"@id\":\"https:\\\/\\\/actbr.com.br\\\/en\\\/produto\\\/dh-08-dh-09\\\/#primaryimage\"},\"thumbnailUrl\":\"https:\\\/\\\/actbr.com.br\\\/wp-content\\\/uploads\\\/2020\\\/09\\\/Valvulas-Direcionais-ATOS-\u2013-DH-08-DH-09-Acionamento-Pneumatico.jpg\",\"datePublished\":\"2020-09-29T15:35:42+00:00\",\"dateModified\":\"2023-06-29T11:46:23+00:00\",\"description\":\"A V\u00e1lvula Direcional ATOS DH-08 \\\/ DH-09 \u00e9 uma v\u00e1lvula direcional com acionamento pneum\u00e1tico por alavanca, constru\u00eddas dentro da Norma ISO 4401.\",\"breadcrumb\":{\"@id\":\"https:\\\/\\\/actbr.com.br\\\/en\\\/produto\\\/dh-08-dh-09\\\/#breadcrumb\"},\"inLanguage\":\"en-US\",\"potentialAction\":[{\"@type\":\"ReadAction\",\"target\":[\"https:\\\/\\\/actbr.com.br\\\/en\\\/produto\\\/dh-08-dh-09\\\/\"]}]},{\"@type\":\"ImageObject\",\"inLanguage\":\"en-US\",\"@id\":\"https:\\\/\\\/actbr.com.br\\\/en\\\/produto\\\/dh-08-dh-09\\\/#primaryimage\",\"url\":\"https:\\\/\\\/actbr.com.br\\\/wp-content\\\/uploads\\\/2020\\\/09\\\/Valvulas-Direcionais-ATOS-\u2013-DH-08-DH-09-Acionamento-Pneumatico.jpg\",\"contentUrl\":\"https:\\\/\\\/actbr.com.br\\\/wp-content\\\/uploads\\\/2020\\\/09\\\/Valvulas-Direcionais-ATOS-\u2013-DH-08-DH-09-Acionamento-Pneumatico.jpg\",\"width\":499,\"height\":343,\"caption\":\"V\u00e1lvula Direcional ATOS DH-08 \\\/ DH-09\"},{\"@type\":\"BreadcrumbList\",\"@id\":\"https:\\\/\\\/actbr.com.br\\\/en\\\/produto\\\/dh-08-dh-09\\\/#breadcrumb\",\"itemListElement\":[{\"@type\":\"ListItem\",\"position\":1,\"name\":\"In\u00edcio\",\"item\":\"https:\\\/\\\/actbr.com.br\\\/en\\\/\"},{\"@type\":\"ListItem\",\"position\":2,\"name\":\"Produtos\",\"item\":\"https:\\\/\\\/actbr.com.br\\\/produtos-act\\\/\"},{\"@type\":\"ListItem\",\"position\":3,\"name\":\"V\u00e1lvulas Direcionais\",\"item\":\"https:\\\/\\\/actbr.com.br\\\/en\\\/categoria-produto\\\/valvulas-direcionais\\\/\"},{\"@type\":\"ListItem\",\"position\":4,\"name\":\"Acionamento Pneum\u00e1tico\",\"item\":\"https:\\\/\\\/actbr.com.br\\\/en\\\/categoria-produto\\\/valvulas-direcionais\\\/acionamento-pneumatico\\\/\"},{\"@type\":\"ListItem\",\"position\":5,\"name\":\"DH-08 \\\/ DH-09\"}]},{\"@type\":\"WebSite\",\"@id\":\"https:\\\/\\\/actbr.com.br\\\/en\\\/#website\",\"url\":\"https:\\\/\\\/actbr.com.br\\\/en\\\/\",\"name\":\"ACT Sistemas Hidr\u00e1ulicos\",\"description\":\"Fabrica\u00e7\u00e3o e manuten\u00e7\u00e3o de componentes \u00f3leo hidr\u00e1ulicos\",\"publisher\":{\"@id\":\"https:\\\/\\\/actbr.com.br\\\/en\\\/#organization\"},\"potentialAction\":[{\"@type\":\"SearchAction\",\"target\":{\"@type\":\"EntryPoint\",\"urlTemplate\":\"https:\\\/\\\/actbr.com.br\\\/en\\\/?s={search_term_string}\"},\"query-input\":{\"@type\":\"PropertyValueSpecification\",\"valueRequired\":true,\"valueName\":\"search_term_string\"}}],\"inLanguage\":\"en-US\"},{\"@type\":\"Organization\",\"@id\":\"https:\\\/\\\/actbr.com.br\\\/en\\\/#organization\",\"name\":\"ACT Sistemas Hidr\u00e1ulicos\",\"url\":\"https:\\\/\\\/actbr.com.br\\\/en\\\/\",\"logo\":{\"@type\":\"ImageObject\",\"inLanguage\":\"en-US\",\"@id\":\"https:\\\/\\\/actbr.com.br\\\/en\\\/#\\\/schema\\\/logo\\\/image\\\/\",\"url\":\"https:\\\/\\\/actbr.com.br\\\/wp-content\\\/uploads\\\/2025\\\/02\\\/cropped-ACT_NEGATIVO-marca-dagua.png\",\"contentUrl\":\"https:\\\/\\\/actbr.com.br\\\/wp-content\\\/uploads\\\/2025\\\/02\\\/cropped-ACT_NEGATIVO-marca-dagua.png\",\"width\":240,\"height\":146,\"caption\":\"ACT Sistemas Hidr\u00e1ulicos\"},\"image\":{\"@id\":\"https:\\\/\\\/actbr.com.br\\\/en\\\/#\\\/schema\\\/logo\\\/image\\\/\"}}]}<\/script>\n<!-- \/ Yoast SEO plugin. -->","yoast_head_json":{"title":"DH-08 \/ DH-09 - ACT Sistemas Hidr\u00e1ulicos","description":"A V\u00e1lvula Direcional ATOS DH-08 \/ DH-09 \u00e9 uma v\u00e1lvula direcional com acionamento pneum\u00e1tico por alavanca, constru\u00eddas dentro da Norma ISO 4401.","robots":{"index":"index","follow":"follow","max-snippet":"max-snippet:-1","max-image-preview":"max-image-preview:large","max-video-preview":"max-video-preview:-1"},"canonical":"https:\/\/actbr.com.br\/en\/produto\/dh-08-dh-09\/","og_locale":"en_US","og_type":"article","og_title":"DH-08 \/ DH-09 - ACT Sistemas Hidr\u00e1ulicos","og_description":"A V\u00e1lvula Direcional ATOS DH-08 \/ DH-09 \u00e9 uma v\u00e1lvula direcional com acionamento pneum\u00e1tico por alavanca, constru\u00eddas dentro da Norma ISO 4401.","og_url":"https:\/\/actbr.com.br\/en\/produto\/dh-08-dh-09\/","og_site_name":"ACT Sistemas Hidr\u00e1ulicos","article_modified_time":"2023-06-29T11:46:23+00:00","og_image":[{"width":499,"height":343,"url":"https:\/\/actbr.com.br\/wp-content\/uploads\/2020\/09\/Valvulas-Direcionais-ATOS-\u2013-DH-08-DH-09-Acionamento-Pneumatico.jpg","type":"image\/jpeg"}],"twitter_card":"summary_large_image","twitter_misc":{"Est. reading time":"4 minutes"},"schema":{"@context":"https:\/\/schema.org","@graph":[{"@type":"WebPage","@id":"https:\/\/actbr.com.br\/en\/produto\/dh-08-dh-09\/","url":"https:\/\/actbr.com.br\/en\/produto\/dh-08-dh-09\/","name":"DH-08 \/ DH-09 - ACT Sistemas Hidr\u00e1ulicos","isPartOf":{"@id":"https:\/\/actbr.com.br\/en\/#website"},"primaryImageOfPage":{"@id":"https:\/\/actbr.com.br\/en\/produto\/dh-08-dh-09\/#primaryimage"},"image":{"@id":"https:\/\/actbr.com.br\/en\/produto\/dh-08-dh-09\/#primaryimage"},"thumbnailUrl":"https:\/\/actbr.com.br\/wp-content\/uploads\/2020\/09\/Valvulas-Direcionais-ATOS-\u2013-DH-08-DH-09-Acionamento-Pneumatico.jpg","datePublished":"2020-09-29T15:35:42+00:00","dateModified":"2023-06-29T11:46:23+00:00","description":"A V\u00e1lvula Direcional ATOS DH-08 \/ DH-09 \u00e9 uma v\u00e1lvula direcional com acionamento pneum\u00e1tico por alavanca, constru\u00eddas dentro da Norma ISO 4401.","breadcrumb":{"@id":"https:\/\/actbr.com.br\/en\/produto\/dh-08-dh-09\/#breadcrumb"},"inLanguage":"en-US","potentialAction":[{"@type":"ReadAction","target":["https:\/\/actbr.com.br\/en\/produto\/dh-08-dh-09\/"]}]},{"@type":"ImageObject","inLanguage":"en-US","@id":"https:\/\/actbr.com.br\/en\/produto\/dh-08-dh-09\/#primaryimage","url":"https:\/\/actbr.com.br\/wp-content\/uploads\/2020\/09\/Valvulas-Direcionais-ATOS-\u2013-DH-08-DH-09-Acionamento-Pneumatico.jpg","contentUrl":"https:\/\/actbr.com.br\/wp-content\/uploads\/2020\/09\/Valvulas-Direcionais-ATOS-\u2013-DH-08-DH-09-Acionamento-Pneumatico.jpg","width":499,"height":343,"caption":"V\u00e1lvula Direcional ATOS DH-08 \/ DH-09"},{"@type":"BreadcrumbList","@id":"https:\/\/actbr.com.br\/en\/produto\/dh-08-dh-09\/#breadcrumb","itemListElement":[{"@type":"ListItem","position":1,"name":"In\u00edcio","item":"https:\/\/actbr.com.br\/en\/"},{"@type":"ListItem","position":2,"name":"Produtos","item":"https:\/\/actbr.com.br\/produtos-act\/"},{"@type":"ListItem","position":3,"name":"V\u00e1lvulas Direcionais","item":"https:\/\/actbr.com.br\/en\/categoria-produto\/valvulas-direcionais\/"},{"@type":"ListItem","position":4,"name":"Acionamento Pneum\u00e1tico","item":"https:\/\/actbr.com.br\/en\/categoria-produto\/valvulas-direcionais\/acionamento-pneumatico\/"},{"@type":"ListItem","position":5,"name":"DH-08 \/ DH-09"}]},{"@type":"WebSite","@id":"https:\/\/actbr.com.br\/en\/#website","url":"https:\/\/actbr.com.br\/en\/","name":"ACT Sistemas Hidr\u00e1ulicos","description":"Fabrica\u00e7\u00e3o e manuten\u00e7\u00e3o de componentes \u00f3leo hidr\u00e1ulicos","publisher":{"@id":"https:\/\/actbr.com.br\/en\/#organization"},"potentialAction":[{"@type":"SearchAction","target":{"@type":"EntryPoint","urlTemplate":"https:\/\/actbr.com.br\/en\/?s={search_term_string}"},"query-input":{"@type":"PropertyValueSpecification","valueRequired":true,"valueName":"search_term_string"}}],"inLanguage":"en-US"},{"@type":"Organization","@id":"https:\/\/actbr.com.br\/en\/#organization","name":"ACT Sistemas Hidr\u00e1ulicos","url":"https:\/\/actbr.com.br\/en\/","logo":{"@type":"ImageObject","inLanguage":"en-US","@id":"https:\/\/actbr.com.br\/en\/#\/schema\/logo\/image\/","url":"https:\/\/actbr.com.br\/wp-content\/uploads\/2025\/02\/cropped-ACT_NEGATIVO-marca-dagua.png","contentUrl":"https:\/\/actbr.com.br\/wp-content\/uploads\/2025\/02\/cropped-ACT_NEGATIVO-marca-dagua.png","width":240,"height":146,"caption":"ACT Sistemas Hidr\u00e1ulicos"},"image":{"@id":"https:\/\/actbr.com.br\/en\/#\/schema\/logo\/image\/"}}]}},"_links":{"self":[{"href":"https:\/\/actbr.com.br\/en\/wp-json\/wp\/v2\/product\/3206","targetHints":{"allow":["GET"]}}],"collection":[{"href":"https:\/\/actbr.com.br\/en\/wp-json\/wp\/v2\/product"}],"about":[{"href":"https:\/\/actbr.com.br\/en\/wp-json\/wp\/v2\/types\/product"}],"wp:featuredmedia":[{"embeddable":true,"href":"https:\/\/actbr.com.br\/en\/wp-json\/wp\/v2\/media\/7752"}],"wp:attachment":[{"href":"https:\/\/actbr.com.br\/en\/wp-json\/wp\/v2\/media?parent=3206"}],"wp:term":[{"taxonomy":"product_brand","embeddable":true,"href":"https:\/\/actbr.com.br\/en\/wp-json\/wp\/v2\/product_brand?post=3206"},{"taxonomy":"product_cat","embeddable":true,"href":"https:\/\/actbr.com.br\/en\/wp-json\/wp\/v2\/product_cat?post=3206"},{"taxonomy":"product_tag","embeddable":true,"href":"https:\/\/actbr.com.br\/en\/wp-json\/wp\/v2\/product_tag?post=3206"}],"curies":[{"name":"wp","href":"https:\/\/api.w.org\/{rel}","templated":true}]}}