{"id":3253,"date":"2020-09-29T12:36:59","date_gmt":"2020-09-29T15:36:59","guid":{"rendered":"https:\/\/actbr.com.br\/produto\/valvula-direcional-a-prova-de-explosao-dha-atos-atex-iecex-rost\/"},"modified":"2023-06-23T12:11:04","modified_gmt":"2023-06-23T15:11:04","slug":"atos-dha-atex-iecex","status":"publish","type":"product","link":"https:\/\/actbr.com.br\/en\/produto\/atos-dha-atex-iecex\/","title":{"rendered":"ATOS DHA ATEX IECEx"},"content":{"rendered":"<div id=\"detalhes\">\n<p><strong>V\u00e1lvula Direcional \u00e0 Prova de Explos\u00e3o ATOS DHA ATEX IECEx<\/strong><\/p>\n<p>A V\u00e1lvula Direcional \u00e0 Prova de Explos\u00e3o ATOS DHA ATEX IECEx \u00e9 constru\u00edda em conformidade a norma IEC 61508 SIL (Certificado TUV).<\/p>\n<p>O solenoide da v\u00e1lvula e projetado para conter a eventual explos\u00e3o que pode ser causada pela presen\u00e7a da mistura de gases no interior do inv\u00f3lucro, evitando assim a propaga\u00e7\u00e3o ao ambiente externo. \u00a0Outra grande fun\u00e7\u00e3o \u00e9 limitar a temperatura externa, de acordo com a mistura explosiva do meio ambiente. V\u00e1lvulas equipadas com solenoides \u00e0 prova de explos\u00e3o para ambientes com exposi\u00e7\u00e3o a g\u00e1s, vapores e poeira ambiente (GRUPO II), ambientes confinados, t\u00faneis e plantas de minera\u00e7\u00e3o (GRUPO I).<\/p>\n<div><\/div>\n<div>Certifica\u00e7\u00f5es dispon\u00edveis para o Grupo II:<\/div>\n<div><\/div>\n<div>ATEX 94\/9\/EC<\/div>\n<p>Ex II 2D Ex td IIIC T85\u00baC\/T 135\u00baC Db;<\/p>\n<\/div>\n<div>Ex II 2G Ex IIC T6\/T4 Gb;<\/div>\n<div><\/div>\n<div>IECEX wordwide recognized certification<\/div>\n<div>Ex d IIC T6\/T4 Gb;<\/div>\n<div>Ex tb IIIC T85\u00baC\/T135\u00baC Db;<\/div>\n<div><\/div>\n<div>EAC EurAsian Certification<\/div>\n<div>Ex II 2G<\/div>\n<div>Exd IIC T6\/T4<\/div>\n<div><\/div>\n<div>Certifica\u00e7\u00f5es dispon\u00edveis para o Grupo I:<\/div>\n<div><\/div>\n<div>ATEX 94\/9\/EC<\/div>\n<div>Ex I M2 Ex d I Mb<\/div>\n<div><\/div>\n<div>IECEx<\/div>\n<div>I M2 Ex d I Mb<\/div>\n<div><\/div>\n<div><\/div>\n<div><\/div>\n<div>Como solicitar:<\/div>\n<div><\/div>\n<div><img decoding=\"async\" src=\"https:\/\/actbr.com.br\/wp-content\/uploads\/2020\/09\/como-solicitar-dha.jpg\" alt=\"\" \/><\/div>\n<div><\/div>\n<div><\/div>\n<div>Simples Solenoide:<br \/>\nTN6 &#8211; DHA-0610 \/ DHA-0611 \/ DHA-0613 \/ DHA-0614 \/ DHA-0630\/2 \/ DHA-0631\/2 \/ DHA-0632\/2<\/div>\n<div>V\u00e1lvula hidr\u00e1ulica solenoide ATOS com duas posi\u00e7\u00f5es e quatro vias, com vaz\u00e3o m\u00e1xima de 70 litros por minuto, resistindo a press\u00f5es de at\u00e9 350 bar.<\/div>\n<div><\/div>\n<div>Duplo Solenoide:<br \/>\nTN6 &#8211; DHA-0710 \/ DHA-0711 \/ DHA-0713 \/ DHA-0714 \/ DHA-0715 \/ DHA-0716 \/ DHA-0717 \/ DHA-0718 \/ DHA-0751\/2<\/div>\n<div>V\u00e1lvula hidr\u00e1ulica solenoide ATOS com duas posi\u00e7\u00f5es e quatro vias, com vaz\u00e3o m\u00e1xima de 70 litros por minuto, resistindo a press\u00f5es de at\u00e9 350 bar.<\/div>\n<div><\/div>\n<div><\/div>\n<div>Certifica\u00e7\u00f5es dispon\u00edveis:<\/div>\n<div><\/div>\n<div>\n<p><img decoding=\"async\" src=\"https:\/\/actbr.com.br\/wp-content\/uploads\/2020\/09\/certificacoes-atex-atos.jpg\" alt=\"\" \/><img decoding=\"async\" src=\"https:\/\/actbr.com.br\/wp-content\/uploads\/2020\/09\/certificacoes-dha-atex.jpg\" alt=\"\" \/><\/p>\n<div id=\"cke_pastebin\"><\/div>\n<\/div>\n<div id=\"relacionados\" style=\"margin: 0px; padding: 100px 0px 0px; float: left; width: 890px; color: #4f4f4f; font-family: 'Trebuchet MS', Arial, Helvetica, sans-serif; font-size: 12px;\"><\/div>\n","protected":false},"excerpt":{"rendered":"<p>A V\u00e1lvula Direcional \u00e0 Prova de Explos\u00e3o ATOS DHA ATEX IECEx \u00e9 constru\u00edda em conformidade a norma IEC 61508 SIL (Certificado TUV).<\/p>\n<p>&nbsp;<\/p>\n","protected":false},"featured_media":8171,"template":"","meta":[],"product_brand":[],"product_cat":[62,46],"product_tag":[],"class_list":{"0":"post-3253","1":"product","2":"type-product","3":"status-publish","4":"has-post-thumbnail","6":"product_cat-valvula-direcional-a-prova-de-explosao","7":"product_cat-valvulas-direcionais","9":"first","10":"instock","11":"virtual","12":"product-type-simple"},"yoast_head":"<!-- This site is optimized with the Yoast SEO plugin v27.5 - https:\/\/yoast.com\/product\/yoast-seo-wordpress\/ -->\n<title>ATOS DHA ATEX IECEx - ACT Sistemas Hidr\u00e1ulicos<\/title>\n<meta name=\"description\" content=\"A V\u00e1lvula Direcional \u00e0 Prova de Explos\u00e3o ATOS DHA ATEX IECEx \u00e9 constru\u00edda em conformidade a norma IEC 61508 SIL (Certificado TUV).\" \/>\n<meta name=\"robots\" content=\"index, follow, max-snippet:-1, max-image-preview:large, max-video-preview:-1\" \/>\n<link rel=\"canonical\" href=\"https:\/\/actbr.com.br\/en\/produto\/atos-dha-atex-iecex\/\" \/>\n<meta property=\"og:locale\" content=\"en_US\" \/>\n<meta property=\"og:type\" content=\"article\" \/>\n<meta property=\"og:title\" content=\"ATOS DHA ATEX IECEx - ACT Sistemas Hidr\u00e1ulicos\" \/>\n<meta property=\"og:description\" content=\"A V\u00e1lvula Direcional \u00e0 Prova de Explos\u00e3o ATOS DHA ATEX IECEx \u00e9 constru\u00edda em conformidade a norma IEC 61508 SIL (Certificado TUV).\" \/>\n<meta property=\"og:url\" content=\"https:\/\/actbr.com.br\/en\/produto\/atos-dha-atex-iecex\/\" \/>\n<meta property=\"og:site_name\" content=\"ACT Sistemas Hidr\u00e1ulicos\" \/>\n<meta property=\"article:modified_time\" content=\"2023-06-23T15:11:04+00:00\" \/>\n<meta property=\"og:image\" content=\"https:\/\/actbr.com.br\/wp-content\/uploads\/2020\/09\/Valvula-direcional-a-prova-de-explosao-DHA-\u2013-ATOS-ATEX-\u2013-IECEx-\u2013-Rost.jpg\" \/>\n\t<meta property=\"og:image:width\" content=\"600\" \/>\n\t<meta property=\"og:image:height\" content=\"447\" \/>\n\t<meta property=\"og:image:type\" content=\"image\/jpeg\" \/>\n<meta name=\"twitter:card\" content=\"summary_large_image\" \/>\n<meta name=\"twitter:label1\" content=\"Est. reading time\" \/>\n\t<meta name=\"twitter:data1\" content=\"3 minutes\" \/>\n<script type=\"application\/ld+json\" class=\"yoast-schema-graph\">{\"@context\":\"https:\\\/\\\/schema.org\",\"@graph\":[{\"@type\":\"WebPage\",\"@id\":\"https:\\\/\\\/actbr.com.br\\\/en\\\/produto\\\/atos-dha-atex-iecex\\\/\",\"url\":\"https:\\\/\\\/actbr.com.br\\\/en\\\/produto\\\/atos-dha-atex-iecex\\\/\",\"name\":\"ATOS DHA ATEX IECEx - ACT Sistemas Hidr\u00e1ulicos\",\"isPartOf\":{\"@id\":\"https:\\\/\\\/actbr.com.br\\\/en\\\/#website\"},\"primaryImageOfPage\":{\"@id\":\"https:\\\/\\\/actbr.com.br\\\/en\\\/produto\\\/atos-dha-atex-iecex\\\/#primaryimage\"},\"image\":{\"@id\":\"https:\\\/\\\/actbr.com.br\\\/en\\\/produto\\\/atos-dha-atex-iecex\\\/#primaryimage\"},\"thumbnailUrl\":\"https:\\\/\\\/actbr.com.br\\\/wp-content\\\/uploads\\\/2020\\\/09\\\/Valvula-direcional-a-prova-de-explosao-DHA-\u2013-ATOS-ATEX-\u2013-IECEx-\u2013-Rost.jpg\",\"datePublished\":\"2020-09-29T15:36:59+00:00\",\"dateModified\":\"2023-06-23T15:11:04+00:00\",\"description\":\"A V\u00e1lvula Direcional \u00e0 Prova de Explos\u00e3o ATOS DHA ATEX IECEx \u00e9 constru\u00edda em conformidade a norma IEC 61508 SIL (Certificado TUV).\",\"breadcrumb\":{\"@id\":\"https:\\\/\\\/actbr.com.br\\\/en\\\/produto\\\/atos-dha-atex-iecex\\\/#breadcrumb\"},\"inLanguage\":\"en-US\",\"potentialAction\":[{\"@type\":\"ReadAction\",\"target\":[\"https:\\\/\\\/actbr.com.br\\\/en\\\/produto\\\/atos-dha-atex-iecex\\\/\"]}]},{\"@type\":\"ImageObject\",\"inLanguage\":\"en-US\",\"@id\":\"https:\\\/\\\/actbr.com.br\\\/en\\\/produto\\\/atos-dha-atex-iecex\\\/#primaryimage\",\"url\":\"https:\\\/\\\/actbr.com.br\\\/wp-content\\\/uploads\\\/2020\\\/09\\\/Valvula-direcional-a-prova-de-explosao-DHA-\u2013-ATOS-ATEX-\u2013-IECEx-\u2013-Rost.jpg\",\"contentUrl\":\"https:\\\/\\\/actbr.com.br\\\/wp-content\\\/uploads\\\/2020\\\/09\\\/Valvula-direcional-a-prova-de-explosao-DHA-\u2013-ATOS-ATEX-\u2013-IECEx-\u2013-Rost.jpg\",\"width\":600,\"height\":447,\"caption\":\"V\u00e1lvula Direcional \u00e0 Prova de Explos\u00e3o ATOS DHA ATEX IECEx\"},{\"@type\":\"BreadcrumbList\",\"@id\":\"https:\\\/\\\/actbr.com.br\\\/en\\\/produto\\\/atos-dha-atex-iecex\\\/#breadcrumb\",\"itemListElement\":[{\"@type\":\"ListItem\",\"position\":1,\"name\":\"In\u00edcio\",\"item\":\"https:\\\/\\\/actbr.com.br\\\/en\\\/\"},{\"@type\":\"ListItem\",\"position\":2,\"name\":\"Produtos\",\"item\":\"https:\\\/\\\/actbr.com.br\\\/produtos-act\\\/\"},{\"@type\":\"ListItem\",\"position\":3,\"name\":\"V\u00e1lvulas Direcionais\",\"item\":\"https:\\\/\\\/actbr.com.br\\\/en\\\/categoria-produto\\\/valvulas-direcionais\\\/\"},{\"@type\":\"ListItem\",\"position\":4,\"name\":\"V\u00e1lvula direcional \u00e0 prova de explos\u00e3o\",\"item\":\"https:\\\/\\\/actbr.com.br\\\/en\\\/categoria-produto\\\/valvulas-direcionais\\\/valvula-direcional-a-prova-de-explosao\\\/\"},{\"@type\":\"ListItem\",\"position\":5,\"name\":\"ATOS DHA ATEX IECEx\"}]},{\"@type\":\"WebSite\",\"@id\":\"https:\\\/\\\/actbr.com.br\\\/en\\\/#website\",\"url\":\"https:\\\/\\\/actbr.com.br\\\/en\\\/\",\"name\":\"ACT Sistemas Hidr\u00e1ulicos\",\"description\":\"Fabrica\u00e7\u00e3o e manuten\u00e7\u00e3o de componentes \u00f3leo hidr\u00e1ulicos\",\"publisher\":{\"@id\":\"https:\\\/\\\/actbr.com.br\\\/en\\\/#organization\"},\"potentialAction\":[{\"@type\":\"SearchAction\",\"target\":{\"@type\":\"EntryPoint\",\"urlTemplate\":\"https:\\\/\\\/actbr.com.br\\\/en\\\/?s={search_term_string}\"},\"query-input\":{\"@type\":\"PropertyValueSpecification\",\"valueRequired\":true,\"valueName\":\"search_term_string\"}}],\"inLanguage\":\"en-US\"},{\"@type\":\"Organization\",\"@id\":\"https:\\\/\\\/actbr.com.br\\\/en\\\/#organization\",\"name\":\"ACT Sistemas Hidr\u00e1ulicos\",\"url\":\"https:\\\/\\\/actbr.com.br\\\/en\\\/\",\"logo\":{\"@type\":\"ImageObject\",\"inLanguage\":\"en-US\",\"@id\":\"https:\\\/\\\/actbr.com.br\\\/en\\\/#\\\/schema\\\/logo\\\/image\\\/\",\"url\":\"https:\\\/\\\/actbr.com.br\\\/wp-content\\\/uploads\\\/2025\\\/02\\\/cropped-ACT_NEGATIVO-marca-dagua.png\",\"contentUrl\":\"https:\\\/\\\/actbr.com.br\\\/wp-content\\\/uploads\\\/2025\\\/02\\\/cropped-ACT_NEGATIVO-marca-dagua.png\",\"width\":240,\"height\":146,\"caption\":\"ACT Sistemas Hidr\u00e1ulicos\"},\"image\":{\"@id\":\"https:\\\/\\\/actbr.com.br\\\/en\\\/#\\\/schema\\\/logo\\\/image\\\/\"}}]}<\/script>\n<!-- \/ Yoast SEO plugin. -->","yoast_head_json":{"title":"ATOS DHA ATEX IECEx - ACT Sistemas Hidr\u00e1ulicos","description":"A V\u00e1lvula Direcional \u00e0 Prova de Explos\u00e3o ATOS DHA ATEX IECEx \u00e9 constru\u00edda em conformidade a norma IEC 61508 SIL (Certificado TUV).","robots":{"index":"index","follow":"follow","max-snippet":"max-snippet:-1","max-image-preview":"max-image-preview:large","max-video-preview":"max-video-preview:-1"},"canonical":"https:\/\/actbr.com.br\/en\/produto\/atos-dha-atex-iecex\/","og_locale":"en_US","og_type":"article","og_title":"ATOS DHA ATEX IECEx - ACT Sistemas Hidr\u00e1ulicos","og_description":"A V\u00e1lvula Direcional \u00e0 Prova de Explos\u00e3o ATOS DHA ATEX IECEx \u00e9 constru\u00edda em conformidade a norma IEC 61508 SIL (Certificado TUV).","og_url":"https:\/\/actbr.com.br\/en\/produto\/atos-dha-atex-iecex\/","og_site_name":"ACT Sistemas Hidr\u00e1ulicos","article_modified_time":"2023-06-23T15:11:04+00:00","og_image":[{"width":600,"height":447,"url":"https:\/\/actbr.com.br\/wp-content\/uploads\/2020\/09\/Valvula-direcional-a-prova-de-explosao-DHA-\u2013-ATOS-ATEX-\u2013-IECEx-\u2013-Rost.jpg","type":"image\/jpeg"}],"twitter_card":"summary_large_image","twitter_misc":{"Est. reading time":"3 minutes"},"schema":{"@context":"https:\/\/schema.org","@graph":[{"@type":"WebPage","@id":"https:\/\/actbr.com.br\/en\/produto\/atos-dha-atex-iecex\/","url":"https:\/\/actbr.com.br\/en\/produto\/atos-dha-atex-iecex\/","name":"ATOS DHA ATEX IECEx - ACT Sistemas Hidr\u00e1ulicos","isPartOf":{"@id":"https:\/\/actbr.com.br\/en\/#website"},"primaryImageOfPage":{"@id":"https:\/\/actbr.com.br\/en\/produto\/atos-dha-atex-iecex\/#primaryimage"},"image":{"@id":"https:\/\/actbr.com.br\/en\/produto\/atos-dha-atex-iecex\/#primaryimage"},"thumbnailUrl":"https:\/\/actbr.com.br\/wp-content\/uploads\/2020\/09\/Valvula-direcional-a-prova-de-explosao-DHA-\u2013-ATOS-ATEX-\u2013-IECEx-\u2013-Rost.jpg","datePublished":"2020-09-29T15:36:59+00:00","dateModified":"2023-06-23T15:11:04+00:00","description":"A V\u00e1lvula Direcional \u00e0 Prova de Explos\u00e3o ATOS DHA ATEX IECEx \u00e9 constru\u00edda em conformidade a norma IEC 61508 SIL (Certificado TUV).","breadcrumb":{"@id":"https:\/\/actbr.com.br\/en\/produto\/atos-dha-atex-iecex\/#breadcrumb"},"inLanguage":"en-US","potentialAction":[{"@type":"ReadAction","target":["https:\/\/actbr.com.br\/en\/produto\/atos-dha-atex-iecex\/"]}]},{"@type":"ImageObject","inLanguage":"en-US","@id":"https:\/\/actbr.com.br\/en\/produto\/atos-dha-atex-iecex\/#primaryimage","url":"https:\/\/actbr.com.br\/wp-content\/uploads\/2020\/09\/Valvula-direcional-a-prova-de-explosao-DHA-\u2013-ATOS-ATEX-\u2013-IECEx-\u2013-Rost.jpg","contentUrl":"https:\/\/actbr.com.br\/wp-content\/uploads\/2020\/09\/Valvula-direcional-a-prova-de-explosao-DHA-\u2013-ATOS-ATEX-\u2013-IECEx-\u2013-Rost.jpg","width":600,"height":447,"caption":"V\u00e1lvula Direcional \u00e0 Prova de Explos\u00e3o ATOS DHA ATEX IECEx"},{"@type":"BreadcrumbList","@id":"https:\/\/actbr.com.br\/en\/produto\/atos-dha-atex-iecex\/#breadcrumb","itemListElement":[{"@type":"ListItem","position":1,"name":"In\u00edcio","item":"https:\/\/actbr.com.br\/en\/"},{"@type":"ListItem","position":2,"name":"Produtos","item":"https:\/\/actbr.com.br\/produtos-act\/"},{"@type":"ListItem","position":3,"name":"V\u00e1lvulas Direcionais","item":"https:\/\/actbr.com.br\/en\/categoria-produto\/valvulas-direcionais\/"},{"@type":"ListItem","position":4,"name":"V\u00e1lvula direcional \u00e0 prova de explos\u00e3o","item":"https:\/\/actbr.com.br\/en\/categoria-produto\/valvulas-direcionais\/valvula-direcional-a-prova-de-explosao\/"},{"@type":"ListItem","position":5,"name":"ATOS DHA ATEX IECEx"}]},{"@type":"WebSite","@id":"https:\/\/actbr.com.br\/en\/#website","url":"https:\/\/actbr.com.br\/en\/","name":"ACT Sistemas Hidr\u00e1ulicos","description":"Fabrica\u00e7\u00e3o e manuten\u00e7\u00e3o de componentes \u00f3leo hidr\u00e1ulicos","publisher":{"@id":"https:\/\/actbr.com.br\/en\/#organization"},"potentialAction":[{"@type":"SearchAction","target":{"@type":"EntryPoint","urlTemplate":"https:\/\/actbr.com.br\/en\/?s={search_term_string}"},"query-input":{"@type":"PropertyValueSpecification","valueRequired":true,"valueName":"search_term_string"}}],"inLanguage":"en-US"},{"@type":"Organization","@id":"https:\/\/actbr.com.br\/en\/#organization","name":"ACT Sistemas Hidr\u00e1ulicos","url":"https:\/\/actbr.com.br\/en\/","logo":{"@type":"ImageObject","inLanguage":"en-US","@id":"https:\/\/actbr.com.br\/en\/#\/schema\/logo\/image\/","url":"https:\/\/actbr.com.br\/wp-content\/uploads\/2025\/02\/cropped-ACT_NEGATIVO-marca-dagua.png","contentUrl":"https:\/\/actbr.com.br\/wp-content\/uploads\/2025\/02\/cropped-ACT_NEGATIVO-marca-dagua.png","width":240,"height":146,"caption":"ACT Sistemas Hidr\u00e1ulicos"},"image":{"@id":"https:\/\/actbr.com.br\/en\/#\/schema\/logo\/image\/"}}]}},"_links":{"self":[{"href":"https:\/\/actbr.com.br\/en\/wp-json\/wp\/v2\/product\/3253","targetHints":{"allow":["GET"]}}],"collection":[{"href":"https:\/\/actbr.com.br\/en\/wp-json\/wp\/v2\/product"}],"about":[{"href":"https:\/\/actbr.com.br\/en\/wp-json\/wp\/v2\/types\/product"}],"wp:featuredmedia":[{"embeddable":true,"href":"https:\/\/actbr.com.br\/en\/wp-json\/wp\/v2\/media\/8171"}],"wp:attachment":[{"href":"https:\/\/actbr.com.br\/en\/wp-json\/wp\/v2\/media?parent=3253"}],"wp:term":[{"taxonomy":"product_brand","embeddable":true,"href":"https:\/\/actbr.com.br\/en\/wp-json\/wp\/v2\/product_brand?post=3253"},{"taxonomy":"product_cat","embeddable":true,"href":"https:\/\/actbr.com.br\/en\/wp-json\/wp\/v2\/product_cat?post=3253"},{"taxonomy":"product_tag","embeddable":true,"href":"https:\/\/actbr.com.br\/en\/wp-json\/wp\/v2\/product_tag?post=3253"}],"curies":[{"name":"wp","href":"https:\/\/api.w.org\/{rel}","templated":true}]}}