{"id":3289,"date":"2020-09-29T12:36:59","date_gmt":"2020-09-29T15:36:59","guid":{"rendered":"https:\/\/actbr.com.br\/produto\/elemento-filtrante-pi-13010-rn-mic-10-filtration-group-mahle\/"},"modified":"2023-10-16T13:33:44","modified_gmt":"2023-10-16T16:33:44","slug":"elementos-filtrantes-filtration-group-pi-13010-rn-mic-10","status":"publish","type":"product","link":"https:\/\/actbr.com.br\/en\/produto\/elementos-filtrantes-filtration-group-pi-13010-rn-mic-10\/","title":{"rendered":"Elementos Filtrantes Filtration Group PI 13010 RN Mic 10"},"content":{"rendered":"<p><strong>Elemento Filtrante PI 13010 RN Mic 10 &#8211; Filtration Group (Mahle)<\/strong><\/p>\n<p>Todas as impurezas geradas no sistema e liberadas do sistema hidr\u00e1ulico s\u00e3o coletadas pelo Elemento do filtro da linha de retorno, impedindo o desenvolvimento de um ciclo de contamina\u00e7\u00e3o atrav\u00e9s do tanque e da bomba. Elementos Filtrantes feitos de camadas de celulose ou fibra de vidro com alta capacidade de reten\u00e7\u00e3o de sujeira e baixa resist\u00eancia ao fluxo.<\/p>\n<p>Elementos filtrantes impedem a contamina\u00e7\u00e3o do sistema hidr\u00e1ulico ao filtrar as impurezas geradas pelo sistema.<\/p>\n<p>&nbsp;<\/p>\n<p><strong>Caracter\u00edsticas:<\/strong><br \/>\nPart number &#8211; 77925027;<br \/>\nMeio filtrante: Mic 10 (celulose 10 Microns);<br \/>\nSuperf\u00edcie de Filtragem: 2610 cm\u00b2;<br \/>\nPress\u00e3o diferencial: 10 bar;<br \/>\nElementos com classifica\u00e7\u00e3o beta de acordo com o teste ISO 16889 multipass;<br \/>\nFluido compat\u00edvel: HLP.<\/p>\n<p><strong>Montagem nos seguintes filtros de Retorno:<\/strong><br \/>\nPi 51010;<br \/>\nPi 50010.<\/p>\n","protected":false},"excerpt":{"rendered":"<p>Todas as impurezas geradas no sistema e liberadas do sistema hidr\u00e1ulico s\u00e3o coletadas pelo Elemento do filtro da linha de retorno, impedindo o desenvolvimento de um ciclo de contamina\u00e7\u00e3o atrav\u00e9s do tanque e da bomba. Elementos Filtrantes feitos de camadas de celulose ou fibra de vidro com alta capacidade de reten\u00e7\u00e3o de sujeira e baixa resist\u00eancia ao fluxo.<\/p>\n","protected":false},"featured_media":7519,"template":"","meta":[],"product_brand":[],"product_cat":[68,67],"product_tag":[],"class_list":{"0":"post-3289","1":"product","2":"type-product","3":"status-publish","4":"has-post-thumbnail","6":"product_cat-filtration-group","7":"product_cat-filtros-e-elementos-filtrante","9":"first","10":"instock","11":"virtual","12":"product-type-simple"},"yoast_head":"<!-- This site is optimized with the Yoast SEO plugin v27.2 - https:\/\/yoast.com\/product\/yoast-seo-wordpress\/ -->\n<title>Elementos Filtrantes Filtration Group PI 13010 RN Mic 10 - ACT Sistemas Hidr\u00e1ulicos<\/title>\n<meta name=\"description\" content=\"Todas as impurezas geradas no sistema e liberadas do sistema hidr\u00e1ulico s\u00e3o coletadas pelo Elemento do Filtro da linha de retorno, impedindo a contamina\u00e7\u00e3o.\" \/>\n<meta name=\"robots\" content=\"index, follow, max-snippet:-1, max-image-preview:large, max-video-preview:-1\" \/>\n<link rel=\"canonical\" href=\"https:\/\/actbr.com.br\/en\/produto\/elementos-filtrantes-filtration-group-pi-13010-rn-mic-10\/\" \/>\n<meta property=\"og:locale\" content=\"en_US\" \/>\n<meta property=\"og:type\" content=\"article\" \/>\n<meta property=\"og:title\" content=\"Elementos Filtrantes Filtration Group PI 13010 RN Mic 10 - ACT Sistemas Hidr\u00e1ulicos\" \/>\n<meta property=\"og:description\" content=\"Todas as impurezas geradas no sistema e liberadas do sistema hidr\u00e1ulico s\u00e3o coletadas pelo Elemento do Filtro da linha de retorno, impedindo a contamina\u00e7\u00e3o.\" \/>\n<meta property=\"og:url\" content=\"https:\/\/actbr.com.br\/en\/produto\/elementos-filtrantes-filtration-group-pi-13010-rn-mic-10\/\" \/>\n<meta property=\"og:site_name\" content=\"ACT Sistemas Hidr\u00e1ulicos\" \/>\n<meta property=\"article:modified_time\" content=\"2023-10-16T16:33:44+00:00\" \/>\n<meta property=\"og:image\" content=\"https:\/\/actbr.com.br\/wp-content\/uploads\/2020\/09\/Elemento-Filtrante-Pi-13010-RN-Mic-10-\u2013-Filtration-Group-Mahle.jpg\" \/>\n\t<meta property=\"og:image:width\" content=\"1500\" \/>\n\t<meta property=\"og:image:height\" content=\"1500\" \/>\n\t<meta property=\"og:image:type\" content=\"image\/jpeg\" \/>\n<meta name=\"twitter:card\" content=\"summary_large_image\" \/>\n<meta name=\"twitter:label1\" content=\"Est. reading time\" \/>\n\t<meta name=\"twitter:data1\" content=\"1 minute\" \/>\n<script type=\"application\/ld+json\" class=\"yoast-schema-graph\">{\"@context\":\"https:\/\/schema.org\",\"@graph\":[{\"@type\":\"WebPage\",\"@id\":\"https:\/\/actbr.com.br\/en\/produto\/elementos-filtrantes-filtration-group-pi-13010-rn-mic-10\/\",\"url\":\"https:\/\/actbr.com.br\/en\/produto\/elementos-filtrantes-filtration-group-pi-13010-rn-mic-10\/\",\"name\":\"Elementos Filtrantes Filtration Group PI 13010 RN Mic 10 - ACT Sistemas Hidr\u00e1ulicos\",\"isPartOf\":{\"@id\":\"https:\/\/actbr.com.br\/en\/#website\"},\"primaryImageOfPage\":{\"@id\":\"https:\/\/actbr.com.br\/en\/produto\/elementos-filtrantes-filtration-group-pi-13010-rn-mic-10\/#primaryimage\"},\"image\":{\"@id\":\"https:\/\/actbr.com.br\/en\/produto\/elementos-filtrantes-filtration-group-pi-13010-rn-mic-10\/#primaryimage\"},\"thumbnailUrl\":\"https:\/\/actbr.com.br\/wp-content\/uploads\/2020\/09\/Elemento-Filtrante-Pi-13010-RN-Mic-10-\u2013-Filtration-Group-Mahle.jpg\",\"datePublished\":\"2020-09-29T15:36:59+00:00\",\"dateModified\":\"2023-10-16T16:33:44+00:00\",\"description\":\"Todas as impurezas geradas no sistema e liberadas do sistema hidr\u00e1ulico s\u00e3o coletadas pelo Elemento do Filtro da linha de retorno, impedindo a contamina\u00e7\u00e3o.\",\"breadcrumb\":{\"@id\":\"https:\/\/actbr.com.br\/en\/produto\/elementos-filtrantes-filtration-group-pi-13010-rn-mic-10\/#breadcrumb\"},\"inLanguage\":\"en-US\",\"potentialAction\":[{\"@type\":\"ReadAction\",\"target\":[\"https:\/\/actbr.com.br\/en\/produto\/elementos-filtrantes-filtration-group-pi-13010-rn-mic-10\/\"]}]},{\"@type\":\"ImageObject\",\"inLanguage\":\"en-US\",\"@id\":\"https:\/\/actbr.com.br\/en\/produto\/elementos-filtrantes-filtration-group-pi-13010-rn-mic-10\/#primaryimage\",\"url\":\"https:\/\/actbr.com.br\/wp-content\/uploads\/2020\/09\/Elemento-Filtrante-Pi-13010-RN-Mic-10-\u2013-Filtration-Group-Mahle.jpg\",\"contentUrl\":\"https:\/\/actbr.com.br\/wp-content\/uploads\/2020\/09\/Elemento-Filtrante-Pi-13010-RN-Mic-10-\u2013-Filtration-Group-Mahle.jpg\",\"width\":1500,\"height\":1500,\"caption\":\"Elemento Filtrante Pi 13010 RN Mic 10 \u2013 Filtration Group (Mahle)\"},{\"@type\":\"BreadcrumbList\",\"@id\":\"https:\/\/actbr.com.br\/en\/produto\/elementos-filtrantes-filtration-group-pi-13010-rn-mic-10\/#breadcrumb\",\"itemListElement\":[{\"@type\":\"ListItem\",\"position\":1,\"name\":\"In\u00edcio\",\"item\":\"https:\/\/actbr.com.br\/en\/\"},{\"@type\":\"ListItem\",\"position\":2,\"name\":\"Produtos\",\"item\":\"https:\/\/actbr.com.br\/produtos-act\/\"},{\"@type\":\"ListItem\",\"position\":3,\"name\":\"Filtros e Elementos Filtrante\",\"item\":\"https:\/\/actbr.com.br\/en\/categoria-produto\/filtros-e-elementos-filtrante\/\"},{\"@type\":\"ListItem\",\"position\":4,\"name\":\"Filtration Group\",\"item\":\"https:\/\/actbr.com.br\/en\/categoria-produto\/filtros-e-elementos-filtrante\/filtration-group\/\"},{\"@type\":\"ListItem\",\"position\":5,\"name\":\"Elementos Filtrantes Filtration Group PI 13010 RN Mic 10\"}]},{\"@type\":\"WebSite\",\"@id\":\"https:\/\/actbr.com.br\/en\/#website\",\"url\":\"https:\/\/actbr.com.br\/en\/\",\"name\":\"ACT Sistemas Hidr\u00e1ulicos\",\"description\":\"Fabrica\u00e7\u00e3o e manuten\u00e7\u00e3o de componentes \u00f3leo hidr\u00e1ulicos\",\"publisher\":{\"@id\":\"https:\/\/actbr.com.br\/en\/#organization\"},\"potentialAction\":[{\"@type\":\"SearchAction\",\"target\":{\"@type\":\"EntryPoint\",\"urlTemplate\":\"https:\/\/actbr.com.br\/en\/?s={search_term_string}\"},\"query-input\":{\"@type\":\"PropertyValueSpecification\",\"valueRequired\":true,\"valueName\":\"search_term_string\"}}],\"inLanguage\":\"en-US\"},{\"@type\":\"Organization\",\"@id\":\"https:\/\/actbr.com.br\/en\/#organization\",\"name\":\"ACT Sistemas Hidr\u00e1ulicos\",\"url\":\"https:\/\/actbr.com.br\/en\/\",\"logo\":{\"@type\":\"ImageObject\",\"inLanguage\":\"en-US\",\"@id\":\"https:\/\/actbr.com.br\/en\/#\/schema\/logo\/image\/\",\"url\":\"https:\/\/actbr.com.br\/wp-content\/uploads\/2025\/02\/cropped-ACT_NEGATIVO-marca-dagua.png\",\"contentUrl\":\"https:\/\/actbr.com.br\/wp-content\/uploads\/2025\/02\/cropped-ACT_NEGATIVO-marca-dagua.png\",\"width\":240,\"height\":146,\"caption\":\"ACT Sistemas Hidr\u00e1ulicos\"},\"image\":{\"@id\":\"https:\/\/actbr.com.br\/en\/#\/schema\/logo\/image\/\"}}]}<\/script>\n<!-- \/ Yoast SEO plugin. -->","yoast_head_json":{"title":"Elementos Filtrantes Filtration Group PI 13010 RN Mic 10 - ACT Sistemas Hidr\u00e1ulicos","description":"Todas as impurezas geradas no sistema e liberadas do sistema hidr\u00e1ulico s\u00e3o coletadas pelo Elemento do Filtro da linha de retorno, impedindo a contamina\u00e7\u00e3o.","robots":{"index":"index","follow":"follow","max-snippet":"max-snippet:-1","max-image-preview":"max-image-preview:large","max-video-preview":"max-video-preview:-1"},"canonical":"https:\/\/actbr.com.br\/en\/produto\/elementos-filtrantes-filtration-group-pi-13010-rn-mic-10\/","og_locale":"en_US","og_type":"article","og_title":"Elementos Filtrantes Filtration Group PI 13010 RN Mic 10 - ACT Sistemas Hidr\u00e1ulicos","og_description":"Todas as impurezas geradas no sistema e liberadas do sistema hidr\u00e1ulico s\u00e3o coletadas pelo Elemento do Filtro da linha de retorno, impedindo a contamina\u00e7\u00e3o.","og_url":"https:\/\/actbr.com.br\/en\/produto\/elementos-filtrantes-filtration-group-pi-13010-rn-mic-10\/","og_site_name":"ACT Sistemas Hidr\u00e1ulicos","article_modified_time":"2023-10-16T16:33:44+00:00","og_image":[{"width":1500,"height":1500,"url":"https:\/\/actbr.com.br\/wp-content\/uploads\/2020\/09\/Elemento-Filtrante-Pi-13010-RN-Mic-10-\u2013-Filtration-Group-Mahle.jpg","type":"image\/jpeg"}],"twitter_card":"summary_large_image","twitter_misc":{"Est. reading time":"1 minute"},"schema":{"@context":"https:\/\/schema.org","@graph":[{"@type":"WebPage","@id":"https:\/\/actbr.com.br\/en\/produto\/elementos-filtrantes-filtration-group-pi-13010-rn-mic-10\/","url":"https:\/\/actbr.com.br\/en\/produto\/elementos-filtrantes-filtration-group-pi-13010-rn-mic-10\/","name":"Elementos Filtrantes Filtration Group PI 13010 RN Mic 10 - ACT Sistemas Hidr\u00e1ulicos","isPartOf":{"@id":"https:\/\/actbr.com.br\/en\/#website"},"primaryImageOfPage":{"@id":"https:\/\/actbr.com.br\/en\/produto\/elementos-filtrantes-filtration-group-pi-13010-rn-mic-10\/#primaryimage"},"image":{"@id":"https:\/\/actbr.com.br\/en\/produto\/elementos-filtrantes-filtration-group-pi-13010-rn-mic-10\/#primaryimage"},"thumbnailUrl":"https:\/\/actbr.com.br\/wp-content\/uploads\/2020\/09\/Elemento-Filtrante-Pi-13010-RN-Mic-10-\u2013-Filtration-Group-Mahle.jpg","datePublished":"2020-09-29T15:36:59+00:00","dateModified":"2023-10-16T16:33:44+00:00","description":"Todas as impurezas geradas no sistema e liberadas do sistema hidr\u00e1ulico s\u00e3o coletadas pelo Elemento do Filtro da linha de retorno, impedindo a contamina\u00e7\u00e3o.","breadcrumb":{"@id":"https:\/\/actbr.com.br\/en\/produto\/elementos-filtrantes-filtration-group-pi-13010-rn-mic-10\/#breadcrumb"},"inLanguage":"en-US","potentialAction":[{"@type":"ReadAction","target":["https:\/\/actbr.com.br\/en\/produto\/elementos-filtrantes-filtration-group-pi-13010-rn-mic-10\/"]}]},{"@type":"ImageObject","inLanguage":"en-US","@id":"https:\/\/actbr.com.br\/en\/produto\/elementos-filtrantes-filtration-group-pi-13010-rn-mic-10\/#primaryimage","url":"https:\/\/actbr.com.br\/wp-content\/uploads\/2020\/09\/Elemento-Filtrante-Pi-13010-RN-Mic-10-\u2013-Filtration-Group-Mahle.jpg","contentUrl":"https:\/\/actbr.com.br\/wp-content\/uploads\/2020\/09\/Elemento-Filtrante-Pi-13010-RN-Mic-10-\u2013-Filtration-Group-Mahle.jpg","width":1500,"height":1500,"caption":"Elemento Filtrante Pi 13010 RN Mic 10 \u2013 Filtration Group (Mahle)"},{"@type":"BreadcrumbList","@id":"https:\/\/actbr.com.br\/en\/produto\/elementos-filtrantes-filtration-group-pi-13010-rn-mic-10\/#breadcrumb","itemListElement":[{"@type":"ListItem","position":1,"name":"In\u00edcio","item":"https:\/\/actbr.com.br\/en\/"},{"@type":"ListItem","position":2,"name":"Produtos","item":"https:\/\/actbr.com.br\/produtos-act\/"},{"@type":"ListItem","position":3,"name":"Filtros e Elementos Filtrante","item":"https:\/\/actbr.com.br\/en\/categoria-produto\/filtros-e-elementos-filtrante\/"},{"@type":"ListItem","position":4,"name":"Filtration Group","item":"https:\/\/actbr.com.br\/en\/categoria-produto\/filtros-e-elementos-filtrante\/filtration-group\/"},{"@type":"ListItem","position":5,"name":"Elementos Filtrantes Filtration Group PI 13010 RN Mic 10"}]},{"@type":"WebSite","@id":"https:\/\/actbr.com.br\/en\/#website","url":"https:\/\/actbr.com.br\/en\/","name":"ACT Sistemas Hidr\u00e1ulicos","description":"Fabrica\u00e7\u00e3o e manuten\u00e7\u00e3o de componentes \u00f3leo hidr\u00e1ulicos","publisher":{"@id":"https:\/\/actbr.com.br\/en\/#organization"},"potentialAction":[{"@type":"SearchAction","target":{"@type":"EntryPoint","urlTemplate":"https:\/\/actbr.com.br\/en\/?s={search_term_string}"},"query-input":{"@type":"PropertyValueSpecification","valueRequired":true,"valueName":"search_term_string"}}],"inLanguage":"en-US"},{"@type":"Organization","@id":"https:\/\/actbr.com.br\/en\/#organization","name":"ACT Sistemas Hidr\u00e1ulicos","url":"https:\/\/actbr.com.br\/en\/","logo":{"@type":"ImageObject","inLanguage":"en-US","@id":"https:\/\/actbr.com.br\/en\/#\/schema\/logo\/image\/","url":"https:\/\/actbr.com.br\/wp-content\/uploads\/2025\/02\/cropped-ACT_NEGATIVO-marca-dagua.png","contentUrl":"https:\/\/actbr.com.br\/wp-content\/uploads\/2025\/02\/cropped-ACT_NEGATIVO-marca-dagua.png","width":240,"height":146,"caption":"ACT Sistemas Hidr\u00e1ulicos"},"image":{"@id":"https:\/\/actbr.com.br\/en\/#\/schema\/logo\/image\/"}}]}},"_links":{"self":[{"href":"https:\/\/actbr.com.br\/en\/wp-json\/wp\/v2\/product\/3289","targetHints":{"allow":["GET"]}}],"collection":[{"href":"https:\/\/actbr.com.br\/en\/wp-json\/wp\/v2\/product"}],"about":[{"href":"https:\/\/actbr.com.br\/en\/wp-json\/wp\/v2\/types\/product"}],"wp:featuredmedia":[{"embeddable":true,"href":"https:\/\/actbr.com.br\/en\/wp-json\/wp\/v2\/media\/7519"}],"wp:attachment":[{"href":"https:\/\/actbr.com.br\/en\/wp-json\/wp\/v2\/media?parent=3289"}],"wp:term":[{"taxonomy":"product_brand","embeddable":true,"href":"https:\/\/actbr.com.br\/en\/wp-json\/wp\/v2\/product_brand?post=3289"},{"taxonomy":"product_cat","embeddable":true,"href":"https:\/\/actbr.com.br\/en\/wp-json\/wp\/v2\/product_cat?post=3289"},{"taxonomy":"product_tag","embeddable":true,"href":"https:\/\/actbr.com.br\/en\/wp-json\/wp\/v2\/product_tag?post=3289"}],"curies":[{"name":"wp","href":"https:\/\/api.w.org\/{rel}","templated":true}]}}