{"id":3312,"date":"2020-09-29T12:38:10","date_gmt":"2020-09-29T15:38:10","guid":{"rendered":"https:\/\/actbr.com.br\/produto\/valvula-proporcional-limitadora-de-pressao-dbem-10-5x-50yd24\/"},"modified":"2023-10-16T13:58:55","modified_gmt":"2023-10-16T16:58:55","slug":"valvula-reguladora-de-pressao-proporcional-tipo-alivio-dbem-10-5x-50yd24","status":"publish","type":"product","link":"https:\/\/actbr.com.br\/en\/produto\/valvula-reguladora-de-pressao-proporcional-tipo-alivio-dbem-10-5x-50yd24\/","title":{"rendered":"V\u00e1lvula Reguladora de Press\u00e3o Proporcional Tipo Al\u00edvio DBEM 10-5X\/50YD24"},"content":{"rendered":"<p><strong>V\u00e1lvula Proporcional Limitadora de Press\u00e3o DBEM 10-5X\/50YD24<\/strong><\/p>\n<p>A V\u00e1lvula Proporcional Limitadora de Press\u00e3o DBEM 10-5X\/50YD24 \u00e9 uma v\u00e1lvula limitadora de press\u00e3o pilotada que tem a fun\u00e7\u00e3o de limitar a press\u00e3o no sistema.<\/p>\n<p>Com esta v\u00e1lvula pode-se ajustar progressivamente a press\u00e3o a ser limitada. Tamb\u00e9m \u00e9 poss\u00edvel ajustar automaticamente a press\u00e3o limite do sistema, em fun\u00e7\u00e3o do sinal el\u00e9trico de comando.<\/p>\n<p><strong>Caracter\u00edsticas:<\/strong><br \/>\nFixa\u00e7\u00e3o: Montagem em placas;<br \/>\nConfigura\u00e7\u00e3o dos furos conforme: DIN 24 340 (Tamanho nominal 10);<br \/>\nSem eletr\u00f4nica incorporada;<br \/>\nPeso: 3,4kg;<br \/>\nFaixa de temperatura de trabalho: &#8211; 20\u00ba at\u00e9 + 70\u00baC;<br \/>\nVaz\u00e3o m\u00e1xima: 200 litros por minuto;<br \/>\nVaz\u00e3o para pilotagem: 0,5 at\u00e9 1,8 litros por minuto;<br \/>\nPress\u00e3o m\u00e1xima (Conex\u00f5es A, B e X): 350 bar;<br \/>\nFlu\u00eddo hidr\u00e1ulico recomendado: \u00d3leo mineral, conforme DIN 51 524;<br \/>\nFaixa de viscosidade: 15 at\u00e9 380 mm2\/s;<br \/>\nHisterese: + ou &#8211; 1,5% da press\u00e3o de ajuste m\u00e1xima;<br \/>\nPrecis\u00e3o de repetibilidade: + ou &#8211; 2% da press\u00e3o de ajuste m\u00e1xima;<br \/>\nLinearidade: + ou &#8211; 3,5% da press\u00e3o de ajuste m\u00e1xima;<br \/>\nCorrente m\u00ednima de comando: 100mA;<br \/>\nCorrente m\u00e1xima de comando: 1600mA;<br \/>\nTempo de acionamento: 100%;<br \/>\nGrau de prote\u00e7\u00e3o: IP 65;<br \/>\nConector (preto) conforme DIN EN 175301-803;<br \/>\nConfigura\u00e7\u00e3o dos furos ISSO 4401-03-02;<br \/>\nFaixa de regulagem de press\u00e3o: at\u00e9 50 bar.<\/p>\n","protected":false},"excerpt":{"rendered":"<p>A V\u00e1lvula Proporcional Limitadora de Press\u00e3o DBEM 10-5X\/50YD24 tem a fun\u00e7\u00e3o de limitar a press\u00e3o no sistema, com ajuste autom\u00e1tico por comando el\u00e9trico.<\/p>\n","protected":false},"featured_media":7128,"template":"","meta":[],"product_brand":[],"product_cat":[66,65],"product_tag":[],"class_list":{"0":"post-3312","1":"product","2":"type-product","3":"status-publish","4":"has-post-thumbnail","6":"product_cat-pressao-alivio","7":"product_cat-valvulas-proporcionais","9":"first","10":"instock","11":"virtual","12":"product-type-simple"},"yoast_head":"<!-- This site is optimized with the Yoast SEO plugin v27.2 - https:\/\/yoast.com\/product\/yoast-seo-wordpress\/ -->\n<title>V\u00e1lvula Reguladora de Press\u00e3o Proporcional Tipo Al\u00edvio DBEM 10-5X\/50YD24 - ACT Sistemas Hidr\u00e1ulicos<\/title>\n<meta name=\"description\" content=\"A V\u00e1lvula Proporcional Limitadora de Press\u00e3o DBEM 10-5X\/50YD24 tem a fun\u00e7\u00e3o de limitar a press\u00e3o no sistema, com ajuste autom\u00e1tico por comando el\u00e9trico.\" \/>\n<meta name=\"robots\" content=\"index, follow, max-snippet:-1, max-image-preview:large, max-video-preview:-1\" \/>\n<link rel=\"canonical\" href=\"https:\/\/actbr.com.br\/en\/produto\/valvula-reguladora-de-pressao-proporcional-tipo-alivio-dbem-10-5x-50yd24\/\" \/>\n<meta property=\"og:locale\" content=\"en_US\" \/>\n<meta property=\"og:type\" content=\"article\" \/>\n<meta property=\"og:title\" content=\"V\u00e1lvula Reguladora de Press\u00e3o Proporcional Tipo Al\u00edvio DBEM 10-5X\/50YD24 - ACT Sistemas Hidr\u00e1ulicos\" \/>\n<meta property=\"og:description\" content=\"A V\u00e1lvula Proporcional Limitadora de Press\u00e3o DBEM 10-5X\/50YD24 tem a fun\u00e7\u00e3o de limitar a press\u00e3o no sistema, com ajuste autom\u00e1tico por comando el\u00e9trico.\" \/>\n<meta property=\"og:url\" content=\"https:\/\/actbr.com.br\/en\/produto\/valvula-reguladora-de-pressao-proporcional-tipo-alivio-dbem-10-5x-50yd24\/\" \/>\n<meta property=\"og:site_name\" content=\"ACT Sistemas Hidr\u00e1ulicos\" \/>\n<meta property=\"article:modified_time\" content=\"2023-10-16T16:58:55+00:00\" \/>\n<meta property=\"og:image\" content=\"https:\/\/actbr.com.br\/wp-content\/uploads\/2020\/09\/Valvula-Proporcional-Limitadora-de-Pressao-DBEM-10-5X.jpg\" \/>\n\t<meta property=\"og:image:width\" content=\"500\" \/>\n\t<meta property=\"og:image:height\" content=\"719\" \/>\n\t<meta property=\"og:image:type\" content=\"image\/jpeg\" \/>\n<meta name=\"twitter:card\" content=\"summary_large_image\" \/>\n<meta name=\"twitter:label1\" content=\"Est. reading time\" \/>\n\t<meta name=\"twitter:data1\" content=\"2 minutes\" \/>\n<script type=\"application\/ld+json\" class=\"yoast-schema-graph\">{\"@context\":\"https:\/\/schema.org\",\"@graph\":[{\"@type\":\"WebPage\",\"@id\":\"https:\/\/actbr.com.br\/en\/produto\/valvula-reguladora-de-pressao-proporcional-tipo-alivio-dbem-10-5x-50yd24\/\",\"url\":\"https:\/\/actbr.com.br\/en\/produto\/valvula-reguladora-de-pressao-proporcional-tipo-alivio-dbem-10-5x-50yd24\/\",\"name\":\"V\u00e1lvula Reguladora de Press\u00e3o Proporcional Tipo Al\u00edvio DBEM 10-5X\/50YD24 - ACT Sistemas Hidr\u00e1ulicos\",\"isPartOf\":{\"@id\":\"https:\/\/actbr.com.br\/en\/#website\"},\"primaryImageOfPage\":{\"@id\":\"https:\/\/actbr.com.br\/en\/produto\/valvula-reguladora-de-pressao-proporcional-tipo-alivio-dbem-10-5x-50yd24\/#primaryimage\"},\"image\":{\"@id\":\"https:\/\/actbr.com.br\/en\/produto\/valvula-reguladora-de-pressao-proporcional-tipo-alivio-dbem-10-5x-50yd24\/#primaryimage\"},\"thumbnailUrl\":\"https:\/\/actbr.com.br\/wp-content\/uploads\/2020\/09\/Valvula-Proporcional-Limitadora-de-Pressao-DBEM-10-5X.jpg\",\"datePublished\":\"2020-09-29T15:38:10+00:00\",\"dateModified\":\"2023-10-16T16:58:55+00:00\",\"description\":\"A V\u00e1lvula Proporcional Limitadora de Press\u00e3o DBEM 10-5X\/50YD24 tem a fun\u00e7\u00e3o de limitar a press\u00e3o no sistema, com ajuste autom\u00e1tico por comando el\u00e9trico.\",\"breadcrumb\":{\"@id\":\"https:\/\/actbr.com.br\/en\/produto\/valvula-reguladora-de-pressao-proporcional-tipo-alivio-dbem-10-5x-50yd24\/#breadcrumb\"},\"inLanguage\":\"en-US\",\"potentialAction\":[{\"@type\":\"ReadAction\",\"target\":[\"https:\/\/actbr.com.br\/en\/produto\/valvula-reguladora-de-pressao-proporcional-tipo-alivio-dbem-10-5x-50yd24\/\"]}]},{\"@type\":\"ImageObject\",\"inLanguage\":\"en-US\",\"@id\":\"https:\/\/actbr.com.br\/en\/produto\/valvula-reguladora-de-pressao-proporcional-tipo-alivio-dbem-10-5x-50yd24\/#primaryimage\",\"url\":\"https:\/\/actbr.com.br\/wp-content\/uploads\/2020\/09\/Valvula-Proporcional-Limitadora-de-Pressao-DBEM-10-5X.jpg\",\"contentUrl\":\"https:\/\/actbr.com.br\/wp-content\/uploads\/2020\/09\/Valvula-Proporcional-Limitadora-de-Pressao-DBEM-10-5X.jpg\",\"width\":500,\"height\":719,\"caption\":\"V\u00e1lvula Proporcional Limitadora de Press\u00e3o DBEM 10-5X\/420YD24\"},{\"@type\":\"BreadcrumbList\",\"@id\":\"https:\/\/actbr.com.br\/en\/produto\/valvula-reguladora-de-pressao-proporcional-tipo-alivio-dbem-10-5x-50yd24\/#breadcrumb\",\"itemListElement\":[{\"@type\":\"ListItem\",\"position\":1,\"name\":\"In\u00edcio\",\"item\":\"https:\/\/actbr.com.br\/en\/\"},{\"@type\":\"ListItem\",\"position\":2,\"name\":\"Produtos\",\"item\":\"https:\/\/actbr.com.br\/produtos-act\/\"},{\"@type\":\"ListItem\",\"position\":3,\"name\":\"V\u00e1lvulas Proporcionais\",\"item\":\"https:\/\/actbr.com.br\/en\/categoria-produto\/valvulas-proporcionais\/\"},{\"@type\":\"ListItem\",\"position\":4,\"name\":\"Press\u00e3o - Al\u00edvio\",\"item\":\"https:\/\/actbr.com.br\/en\/categoria-produto\/valvulas-proporcionais\/pressao-alivio\/\"},{\"@type\":\"ListItem\",\"position\":5,\"name\":\"V\u00e1lvula Reguladora de Press\u00e3o Proporcional Tipo Al\u00edvio DBEM 10-5X\/50YD24\"}]},{\"@type\":\"WebSite\",\"@id\":\"https:\/\/actbr.com.br\/en\/#website\",\"url\":\"https:\/\/actbr.com.br\/en\/\",\"name\":\"ACT Sistemas Hidr\u00e1ulicos\",\"description\":\"Fabrica\u00e7\u00e3o e manuten\u00e7\u00e3o de componentes \u00f3leo hidr\u00e1ulicos\",\"publisher\":{\"@id\":\"https:\/\/actbr.com.br\/en\/#organization\"},\"potentialAction\":[{\"@type\":\"SearchAction\",\"target\":{\"@type\":\"EntryPoint\",\"urlTemplate\":\"https:\/\/actbr.com.br\/en\/?s={search_term_string}\"},\"query-input\":{\"@type\":\"PropertyValueSpecification\",\"valueRequired\":true,\"valueName\":\"search_term_string\"}}],\"inLanguage\":\"en-US\"},{\"@type\":\"Organization\",\"@id\":\"https:\/\/actbr.com.br\/en\/#organization\",\"name\":\"ACT Sistemas Hidr\u00e1ulicos\",\"url\":\"https:\/\/actbr.com.br\/en\/\",\"logo\":{\"@type\":\"ImageObject\",\"inLanguage\":\"en-US\",\"@id\":\"https:\/\/actbr.com.br\/en\/#\/schema\/logo\/image\/\",\"url\":\"https:\/\/actbr.com.br\/wp-content\/uploads\/2025\/02\/cropped-ACT_NEGATIVO-marca-dagua.png\",\"contentUrl\":\"https:\/\/actbr.com.br\/wp-content\/uploads\/2025\/02\/cropped-ACT_NEGATIVO-marca-dagua.png\",\"width\":240,\"height\":146,\"caption\":\"ACT Sistemas Hidr\u00e1ulicos\"},\"image\":{\"@id\":\"https:\/\/actbr.com.br\/en\/#\/schema\/logo\/image\/\"}}]}<\/script>\n<!-- \/ Yoast SEO plugin. -->","yoast_head_json":{"title":"V\u00e1lvula Reguladora de Press\u00e3o Proporcional Tipo Al\u00edvio DBEM 10-5X\/50YD24 - ACT Sistemas Hidr\u00e1ulicos","description":"A V\u00e1lvula Proporcional Limitadora de Press\u00e3o DBEM 10-5X\/50YD24 tem a fun\u00e7\u00e3o de limitar a press\u00e3o no sistema, com ajuste autom\u00e1tico por comando el\u00e9trico.","robots":{"index":"index","follow":"follow","max-snippet":"max-snippet:-1","max-image-preview":"max-image-preview:large","max-video-preview":"max-video-preview:-1"},"canonical":"https:\/\/actbr.com.br\/en\/produto\/valvula-reguladora-de-pressao-proporcional-tipo-alivio-dbem-10-5x-50yd24\/","og_locale":"en_US","og_type":"article","og_title":"V\u00e1lvula Reguladora de Press\u00e3o Proporcional Tipo Al\u00edvio DBEM 10-5X\/50YD24 - ACT Sistemas Hidr\u00e1ulicos","og_description":"A V\u00e1lvula Proporcional Limitadora de Press\u00e3o DBEM 10-5X\/50YD24 tem a fun\u00e7\u00e3o de limitar a press\u00e3o no sistema, com ajuste autom\u00e1tico por comando el\u00e9trico.","og_url":"https:\/\/actbr.com.br\/en\/produto\/valvula-reguladora-de-pressao-proporcional-tipo-alivio-dbem-10-5x-50yd24\/","og_site_name":"ACT Sistemas Hidr\u00e1ulicos","article_modified_time":"2023-10-16T16:58:55+00:00","og_image":[{"width":500,"height":719,"url":"https:\/\/actbr.com.br\/wp-content\/uploads\/2020\/09\/Valvula-Proporcional-Limitadora-de-Pressao-DBEM-10-5X.jpg","type":"image\/jpeg"}],"twitter_card":"summary_large_image","twitter_misc":{"Est. reading time":"2 minutes"},"schema":{"@context":"https:\/\/schema.org","@graph":[{"@type":"WebPage","@id":"https:\/\/actbr.com.br\/en\/produto\/valvula-reguladora-de-pressao-proporcional-tipo-alivio-dbem-10-5x-50yd24\/","url":"https:\/\/actbr.com.br\/en\/produto\/valvula-reguladora-de-pressao-proporcional-tipo-alivio-dbem-10-5x-50yd24\/","name":"V\u00e1lvula Reguladora de Press\u00e3o Proporcional Tipo Al\u00edvio DBEM 10-5X\/50YD24 - ACT Sistemas Hidr\u00e1ulicos","isPartOf":{"@id":"https:\/\/actbr.com.br\/en\/#website"},"primaryImageOfPage":{"@id":"https:\/\/actbr.com.br\/en\/produto\/valvula-reguladora-de-pressao-proporcional-tipo-alivio-dbem-10-5x-50yd24\/#primaryimage"},"image":{"@id":"https:\/\/actbr.com.br\/en\/produto\/valvula-reguladora-de-pressao-proporcional-tipo-alivio-dbem-10-5x-50yd24\/#primaryimage"},"thumbnailUrl":"https:\/\/actbr.com.br\/wp-content\/uploads\/2020\/09\/Valvula-Proporcional-Limitadora-de-Pressao-DBEM-10-5X.jpg","datePublished":"2020-09-29T15:38:10+00:00","dateModified":"2023-10-16T16:58:55+00:00","description":"A V\u00e1lvula Proporcional Limitadora de Press\u00e3o DBEM 10-5X\/50YD24 tem a fun\u00e7\u00e3o de limitar a press\u00e3o no sistema, com ajuste autom\u00e1tico por comando el\u00e9trico.","breadcrumb":{"@id":"https:\/\/actbr.com.br\/en\/produto\/valvula-reguladora-de-pressao-proporcional-tipo-alivio-dbem-10-5x-50yd24\/#breadcrumb"},"inLanguage":"en-US","potentialAction":[{"@type":"ReadAction","target":["https:\/\/actbr.com.br\/en\/produto\/valvula-reguladora-de-pressao-proporcional-tipo-alivio-dbem-10-5x-50yd24\/"]}]},{"@type":"ImageObject","inLanguage":"en-US","@id":"https:\/\/actbr.com.br\/en\/produto\/valvula-reguladora-de-pressao-proporcional-tipo-alivio-dbem-10-5x-50yd24\/#primaryimage","url":"https:\/\/actbr.com.br\/wp-content\/uploads\/2020\/09\/Valvula-Proporcional-Limitadora-de-Pressao-DBEM-10-5X.jpg","contentUrl":"https:\/\/actbr.com.br\/wp-content\/uploads\/2020\/09\/Valvula-Proporcional-Limitadora-de-Pressao-DBEM-10-5X.jpg","width":500,"height":719,"caption":"V\u00e1lvula Proporcional Limitadora de Press\u00e3o DBEM 10-5X\/420YD24"},{"@type":"BreadcrumbList","@id":"https:\/\/actbr.com.br\/en\/produto\/valvula-reguladora-de-pressao-proporcional-tipo-alivio-dbem-10-5x-50yd24\/#breadcrumb","itemListElement":[{"@type":"ListItem","position":1,"name":"In\u00edcio","item":"https:\/\/actbr.com.br\/en\/"},{"@type":"ListItem","position":2,"name":"Produtos","item":"https:\/\/actbr.com.br\/produtos-act\/"},{"@type":"ListItem","position":3,"name":"V\u00e1lvulas Proporcionais","item":"https:\/\/actbr.com.br\/en\/categoria-produto\/valvulas-proporcionais\/"},{"@type":"ListItem","position":4,"name":"Press\u00e3o - Al\u00edvio","item":"https:\/\/actbr.com.br\/en\/categoria-produto\/valvulas-proporcionais\/pressao-alivio\/"},{"@type":"ListItem","position":5,"name":"V\u00e1lvula Reguladora de Press\u00e3o Proporcional Tipo Al\u00edvio DBEM 10-5X\/50YD24"}]},{"@type":"WebSite","@id":"https:\/\/actbr.com.br\/en\/#website","url":"https:\/\/actbr.com.br\/en\/","name":"ACT Sistemas Hidr\u00e1ulicos","description":"Fabrica\u00e7\u00e3o e manuten\u00e7\u00e3o de componentes \u00f3leo hidr\u00e1ulicos","publisher":{"@id":"https:\/\/actbr.com.br\/en\/#organization"},"potentialAction":[{"@type":"SearchAction","target":{"@type":"EntryPoint","urlTemplate":"https:\/\/actbr.com.br\/en\/?s={search_term_string}"},"query-input":{"@type":"PropertyValueSpecification","valueRequired":true,"valueName":"search_term_string"}}],"inLanguage":"en-US"},{"@type":"Organization","@id":"https:\/\/actbr.com.br\/en\/#organization","name":"ACT Sistemas Hidr\u00e1ulicos","url":"https:\/\/actbr.com.br\/en\/","logo":{"@type":"ImageObject","inLanguage":"en-US","@id":"https:\/\/actbr.com.br\/en\/#\/schema\/logo\/image\/","url":"https:\/\/actbr.com.br\/wp-content\/uploads\/2025\/02\/cropped-ACT_NEGATIVO-marca-dagua.png","contentUrl":"https:\/\/actbr.com.br\/wp-content\/uploads\/2025\/02\/cropped-ACT_NEGATIVO-marca-dagua.png","width":240,"height":146,"caption":"ACT Sistemas Hidr\u00e1ulicos"},"image":{"@id":"https:\/\/actbr.com.br\/en\/#\/schema\/logo\/image\/"}}]}},"_links":{"self":[{"href":"https:\/\/actbr.com.br\/en\/wp-json\/wp\/v2\/product\/3312","targetHints":{"allow":["GET"]}}],"collection":[{"href":"https:\/\/actbr.com.br\/en\/wp-json\/wp\/v2\/product"}],"about":[{"href":"https:\/\/actbr.com.br\/en\/wp-json\/wp\/v2\/types\/product"}],"wp:featuredmedia":[{"embeddable":true,"href":"https:\/\/actbr.com.br\/en\/wp-json\/wp\/v2\/media\/7128"}],"wp:attachment":[{"href":"https:\/\/actbr.com.br\/en\/wp-json\/wp\/v2\/media?parent=3312"}],"wp:term":[{"taxonomy":"product_brand","embeddable":true,"href":"https:\/\/actbr.com.br\/en\/wp-json\/wp\/v2\/product_brand?post=3312"},{"taxonomy":"product_cat","embeddable":true,"href":"https:\/\/actbr.com.br\/en\/wp-json\/wp\/v2\/product_cat?post=3312"},{"taxonomy":"product_tag","embeddable":true,"href":"https:\/\/actbr.com.br\/en\/wp-json\/wp\/v2\/product_tag?post=3312"}],"curies":[{"name":"wp","href":"https:\/\/api.w.org\/{rel}","templated":true}]}}