{"id":3327,"date":"2020-09-29T12:38:10","date_gmt":"2020-09-29T15:38:10","guid":{"rendered":"https:\/\/actbr.com.br\/produto\/valvula-reguladora-de-fluxo-lnv2-08-nv08-20a-cp618-1-od2101-r9011093-nvh081\/"},"modified":"2023-07-03T15:19:53","modified_gmt":"2023-07-03T18:19:53","slug":"valvula-reguladora-de-vazao-lnv2","status":"publish","type":"product","link":"https:\/\/actbr.com.br\/en\/produto\/valvula-reguladora-de-vazao-lnv2\/","title":{"rendered":"V\u00e1lvula Reguladora de Vaz\u00e3o LNV2"},"content":{"rendered":"<div id=\"detalhes\">\n<p><strong>V\u00e1lvula Reguladora de Vaz\u00e3o LNV2 <\/strong>(NV08-20A; CP618-1; OD.21.01 (R9011093); NVH081)<\/p>\n<\/div>\n<p>Encontre aqui as configura\u00e7\u00f5es dispon\u00edveis para solicitar a V\u00e1lvula Reguladora de Vaz\u00e3o LNV2. Em caso de d\u00favidas, entre em contato com nossa equipe t\u00e9cnica.<\/p>\n<p>A V\u00e1lvula Cartucho (Insert\u00e1vel) Reguladora de Fluxo do tipo agulha da ACT varia o fluxo em ambos os sentidos de 1 para 2 ou de 2 para 1, fluxo este que \u00e9 ajustado atrav\u00e9s de um allen ou at\u00e9 mesmo um volante como manopla para regulagem.<\/p>\n<p>&nbsp;<\/p>\n<div id=\"detalhes\">\n<p><strong>Como Solicitar:<\/strong><br \/>\n<img decoding=\"async\" src=\"https:\/\/actbr.com.br\/wp-content\/uploads\/2020\/09\/como-solicitar-lnv.jpg\" alt=\"\" \/><br \/>\n<img decoding=\"async\" src=\"https:\/\/actbr.com.br\/wp-content\/uploads\/2020\/09\/especificacoe-lnv.jpg\" alt=\"\" \/><br \/>\n<img decoding=\"async\" src=\"https:\/\/actbr.com.br\/wp-content\/uploads\/2020\/09\/valvula-reguladora-de-fluxo-lnv-caracteristicas.jpg\" alt=\"\" \/><\/p>\n<p>Tabela de Similaridades:<\/p>\n<p>&nbsp;<\/p>\n<table border=\"1\" width=\"750\" cellspacing=\"0\" cellpadding=\"0\">\n<colgroup>\n<col \/>\n<col \/>\n<col \/>\n<col \/>\n<col \/><\/colgroup>\n<tbody>\n<tr>\n<td height=\"20\">ACT<\/td>\n<td>Hydraforce<\/td>\n<td>Comatrol<\/td>\n<td>Oil Control \/ Rexroth<\/td>\n<td>Sterling \/ Parker<\/td>\n<\/tr>\n<tr>\n<td height=\"20\">LNV2-08<\/td>\n<td>NV08-20A-0-N<\/td>\n<td>CP618-1-B-0<\/td>\n<td>OD.21.010356 (R901109366)<\/td>\n<td>NVH081SN<\/td>\n<\/tr>\n<tr>\n<td height=\"20\">LNV2-08-K<\/td>\n<td>NV08-20B-0-N<\/td>\n<td>CP618-1-B-0-R<\/td>\n<td>OD.21.010456 (R901109367)<\/td>\n<td>NVH081KN<\/td>\n<\/tr>\n<tr>\n<td height=\"20\">LNV2-08-K<\/td>\n<td>NV08-20D-0-N<\/td>\n<td>&#8212;<\/td>\n<td>&#8212;<\/td>\n<td>&#8212;<\/td>\n<\/tr>\n<tr>\n<td height=\"20\">LNV2-08-K<\/td>\n<td>NV08-20E-0-N<\/td>\n<td>&#8212;<\/td>\n<td>&#8212;<\/td>\n<td>&#8212;<\/td>\n<\/tr>\n<\/tbody>\n<\/table>\n<p>&nbsp;<\/p>\n<p>&nbsp;<\/p>\n<\/div>\n<div id=\"relacionados\" style=\"margin: 0px; padding: 100px 0px 0px; float: left; width: 890px; color: #4f4f4f; font-family: 'Trebuchet MS', Arial, Helvetica, sans-serif; font-size: 12px;\"><\/div>\n","protected":false},"excerpt":{"rendered":"<p>Encontre aqui as configura\u00e7\u00f5es dispon\u00edveis para solicitar a V\u00e1lvula Reguladora de Vaz\u00e3o LNV2. Em caso de d\u00favidas, entre em contato com nossa equipe t\u00e9cnica.<\/p>\n","protected":false},"featured_media":6830,"template":"","meta":[],"product_brand":[],"product_cat":[69,32],"product_tag":[],"class_list":{"0":"post-3327","1":"product","2":"type-product","3":"status-publish","4":"has-post-thumbnail","6":"product_cat-reguladora-de-vazao-tipo-agulha","7":"product_cat-valvulas-insertaveis","9":"first","10":"instock","11":"virtual","12":"product-type-simple"},"yoast_head":"<!-- This site is optimized with the Yoast SEO plugin v27.2 - https:\/\/yoast.com\/product\/yoast-seo-wordpress\/ -->\n<title>V\u00e1lvula Reguladora de Vaz\u00e3o LNV2 - ACT Sistemas Hidr\u00e1ulicos<\/title>\n<meta name=\"description\" content=\"Encontre aqui as configura\u00e7\u00f5es dispon\u00edveis para solicitar a V\u00e1lvula Reguladora de Vaz\u00e3o LNV2. Em caso de d\u00favidas, entre em contato com nossa equipe t\u00e9cnica.\" \/>\n<meta name=\"robots\" content=\"index, follow, max-snippet:-1, max-image-preview:large, max-video-preview:-1\" \/>\n<link rel=\"canonical\" href=\"https:\/\/actbr.com.br\/en\/produto\/valvula-reguladora-de-vazao-lnv2\/\" \/>\n<meta property=\"og:locale\" content=\"en_US\" \/>\n<meta property=\"og:type\" content=\"article\" \/>\n<meta property=\"og:title\" content=\"V\u00e1lvula Reguladora de Vaz\u00e3o LNV2 - ACT Sistemas Hidr\u00e1ulicos\" \/>\n<meta property=\"og:description\" content=\"Encontre aqui as configura\u00e7\u00f5es dispon\u00edveis para solicitar a V\u00e1lvula Reguladora de Vaz\u00e3o LNV2. Em caso de d\u00favidas, entre em contato com nossa equipe t\u00e9cnica.\" \/>\n<meta property=\"og:url\" content=\"https:\/\/actbr.com.br\/en\/produto\/valvula-reguladora-de-vazao-lnv2\/\" \/>\n<meta property=\"og:site_name\" content=\"ACT Sistemas Hidr\u00e1ulicos\" \/>\n<meta property=\"article:modified_time\" content=\"2023-07-03T18:19:53+00:00\" \/>\n<meta property=\"og:image\" content=\"https:\/\/actbr.com.br\/wp-content\/uploads\/2020\/09\/Valvula-Reguladora-de-Fluxo-\u2013-LNV2-08-NV08-20A-CP618-1-OD.21.01-R9011093-NVH081.jpg\" \/>\n\t<meta property=\"og:image:width\" content=\"300\" \/>\n\t<meta property=\"og:image:height\" content=\"247\" \/>\n\t<meta property=\"og:image:type\" content=\"image\/jpeg\" \/>\n<meta name=\"twitter:card\" content=\"summary_large_image\" \/>\n<meta name=\"twitter:label1\" content=\"Est. reading time\" \/>\n\t<meta name=\"twitter:data1\" content=\"2 minutes\" \/>\n<script type=\"application\/ld+json\" class=\"yoast-schema-graph\">{\"@context\":\"https:\/\/schema.org\",\"@graph\":[{\"@type\":\"WebPage\",\"@id\":\"https:\/\/actbr.com.br\/en\/produto\/valvula-reguladora-de-vazao-lnv2\/\",\"url\":\"https:\/\/actbr.com.br\/en\/produto\/valvula-reguladora-de-vazao-lnv2\/\",\"name\":\"V\u00e1lvula Reguladora de Vaz\u00e3o LNV2 - ACT Sistemas Hidr\u00e1ulicos\",\"isPartOf\":{\"@id\":\"https:\/\/actbr.com.br\/en\/#website\"},\"primaryImageOfPage\":{\"@id\":\"https:\/\/actbr.com.br\/en\/produto\/valvula-reguladora-de-vazao-lnv2\/#primaryimage\"},\"image\":{\"@id\":\"https:\/\/actbr.com.br\/en\/produto\/valvula-reguladora-de-vazao-lnv2\/#primaryimage\"},\"thumbnailUrl\":\"https:\/\/actbr.com.br\/wp-content\/uploads\/2020\/09\/Valvula-Reguladora-de-Fluxo-\u2013-LNV2-08-NV08-20A-CP618-1-OD.21.01-R9011093-NVH081.jpg\",\"datePublished\":\"2020-09-29T15:38:10+00:00\",\"dateModified\":\"2023-07-03T18:19:53+00:00\",\"description\":\"Encontre aqui as configura\u00e7\u00f5es dispon\u00edveis para solicitar a V\u00e1lvula Reguladora de Vaz\u00e3o LNV2. Em caso de d\u00favidas, entre em contato com nossa equipe t\u00e9cnica.\",\"breadcrumb\":{\"@id\":\"https:\/\/actbr.com.br\/en\/produto\/valvula-reguladora-de-vazao-lnv2\/#breadcrumb\"},\"inLanguage\":\"en-US\",\"potentialAction\":[{\"@type\":\"ReadAction\",\"target\":[\"https:\/\/actbr.com.br\/en\/produto\/valvula-reguladora-de-vazao-lnv2\/\"]}]},{\"@type\":\"ImageObject\",\"inLanguage\":\"en-US\",\"@id\":\"https:\/\/actbr.com.br\/en\/produto\/valvula-reguladora-de-vazao-lnv2\/#primaryimage\",\"url\":\"https:\/\/actbr.com.br\/wp-content\/uploads\/2020\/09\/Valvula-Reguladora-de-Fluxo-\u2013-LNV2-08-NV08-20A-CP618-1-OD.21.01-R9011093-NVH081.jpg\",\"contentUrl\":\"https:\/\/actbr.com.br\/wp-content\/uploads\/2020\/09\/Valvula-Reguladora-de-Fluxo-\u2013-LNV2-08-NV08-20A-CP618-1-OD.21.01-R9011093-NVH081.jpg\",\"width\":300,\"height\":247,\"caption\":\"V\u00e1lvula Reguladora de Fluxo \u2013 LNV2-08\"},{\"@type\":\"BreadcrumbList\",\"@id\":\"https:\/\/actbr.com.br\/en\/produto\/valvula-reguladora-de-vazao-lnv2\/#breadcrumb\",\"itemListElement\":[{\"@type\":\"ListItem\",\"position\":1,\"name\":\"In\u00edcio\",\"item\":\"https:\/\/actbr.com.br\/en\/\"},{\"@type\":\"ListItem\",\"position\":2,\"name\":\"Produtos\",\"item\":\"https:\/\/actbr.com.br\/produtos-act\/\"},{\"@type\":\"ListItem\",\"position\":3,\"name\":\"V\u00e1lvulas Insert\u00e1veis\",\"item\":\"https:\/\/actbr.com.br\/en\/categoria-produto\/valvulas-insertaveis\/\"},{\"@type\":\"ListItem\",\"position\":4,\"name\":\"Reguladora de Vaz\u00e3o - Tipo Agulha\",\"item\":\"https:\/\/actbr.com.br\/en\/categoria-produto\/valvulas-insertaveis\/reguladora-de-vazao-tipo-agulha\/\"},{\"@type\":\"ListItem\",\"position\":5,\"name\":\"V\u00e1lvula Reguladora de Vaz\u00e3o LNV2\"}]},{\"@type\":\"WebSite\",\"@id\":\"https:\/\/actbr.com.br\/en\/#website\",\"url\":\"https:\/\/actbr.com.br\/en\/\",\"name\":\"ACT Sistemas Hidr\u00e1ulicos\",\"description\":\"Fabrica\u00e7\u00e3o e manuten\u00e7\u00e3o de componentes \u00f3leo hidr\u00e1ulicos\",\"publisher\":{\"@id\":\"https:\/\/actbr.com.br\/en\/#organization\"},\"potentialAction\":[{\"@type\":\"SearchAction\",\"target\":{\"@type\":\"EntryPoint\",\"urlTemplate\":\"https:\/\/actbr.com.br\/en\/?s={search_term_string}\"},\"query-input\":{\"@type\":\"PropertyValueSpecification\",\"valueRequired\":true,\"valueName\":\"search_term_string\"}}],\"inLanguage\":\"en-US\"},{\"@type\":\"Organization\",\"@id\":\"https:\/\/actbr.com.br\/en\/#organization\",\"name\":\"ACT Sistemas Hidr\u00e1ulicos\",\"url\":\"https:\/\/actbr.com.br\/en\/\",\"logo\":{\"@type\":\"ImageObject\",\"inLanguage\":\"en-US\",\"@id\":\"https:\/\/actbr.com.br\/en\/#\/schema\/logo\/image\/\",\"url\":\"https:\/\/actbr.com.br\/wp-content\/uploads\/2025\/02\/cropped-ACT_NEGATIVO-marca-dagua.png\",\"contentUrl\":\"https:\/\/actbr.com.br\/wp-content\/uploads\/2025\/02\/cropped-ACT_NEGATIVO-marca-dagua.png\",\"width\":240,\"height\":146,\"caption\":\"ACT Sistemas Hidr\u00e1ulicos\"},\"image\":{\"@id\":\"https:\/\/actbr.com.br\/en\/#\/schema\/logo\/image\/\"}}]}<\/script>\n<!-- \/ Yoast SEO plugin. -->","yoast_head_json":{"title":"V\u00e1lvula Reguladora de Vaz\u00e3o LNV2 - ACT Sistemas Hidr\u00e1ulicos","description":"Encontre aqui as configura\u00e7\u00f5es dispon\u00edveis para solicitar a V\u00e1lvula Reguladora de Vaz\u00e3o LNV2. Em caso de d\u00favidas, entre em contato com nossa equipe t\u00e9cnica.","robots":{"index":"index","follow":"follow","max-snippet":"max-snippet:-1","max-image-preview":"max-image-preview:large","max-video-preview":"max-video-preview:-1"},"canonical":"https:\/\/actbr.com.br\/en\/produto\/valvula-reguladora-de-vazao-lnv2\/","og_locale":"en_US","og_type":"article","og_title":"V\u00e1lvula Reguladora de Vaz\u00e3o LNV2 - ACT Sistemas Hidr\u00e1ulicos","og_description":"Encontre aqui as configura\u00e7\u00f5es dispon\u00edveis para solicitar a V\u00e1lvula Reguladora de Vaz\u00e3o LNV2. Em caso de d\u00favidas, entre em contato com nossa equipe t\u00e9cnica.","og_url":"https:\/\/actbr.com.br\/en\/produto\/valvula-reguladora-de-vazao-lnv2\/","og_site_name":"ACT Sistemas Hidr\u00e1ulicos","article_modified_time":"2023-07-03T18:19:53+00:00","og_image":[{"width":300,"height":247,"url":"https:\/\/actbr.com.br\/wp-content\/uploads\/2020\/09\/Valvula-Reguladora-de-Fluxo-\u2013-LNV2-08-NV08-20A-CP618-1-OD.21.01-R9011093-NVH081.jpg","type":"image\/jpeg"}],"twitter_card":"summary_large_image","twitter_misc":{"Est. reading time":"2 minutes"},"schema":{"@context":"https:\/\/schema.org","@graph":[{"@type":"WebPage","@id":"https:\/\/actbr.com.br\/en\/produto\/valvula-reguladora-de-vazao-lnv2\/","url":"https:\/\/actbr.com.br\/en\/produto\/valvula-reguladora-de-vazao-lnv2\/","name":"V\u00e1lvula Reguladora de Vaz\u00e3o LNV2 - ACT Sistemas Hidr\u00e1ulicos","isPartOf":{"@id":"https:\/\/actbr.com.br\/en\/#website"},"primaryImageOfPage":{"@id":"https:\/\/actbr.com.br\/en\/produto\/valvula-reguladora-de-vazao-lnv2\/#primaryimage"},"image":{"@id":"https:\/\/actbr.com.br\/en\/produto\/valvula-reguladora-de-vazao-lnv2\/#primaryimage"},"thumbnailUrl":"https:\/\/actbr.com.br\/wp-content\/uploads\/2020\/09\/Valvula-Reguladora-de-Fluxo-\u2013-LNV2-08-NV08-20A-CP618-1-OD.21.01-R9011093-NVH081.jpg","datePublished":"2020-09-29T15:38:10+00:00","dateModified":"2023-07-03T18:19:53+00:00","description":"Encontre aqui as configura\u00e7\u00f5es dispon\u00edveis para solicitar a V\u00e1lvula Reguladora de Vaz\u00e3o LNV2. Em caso de d\u00favidas, entre em contato com nossa equipe t\u00e9cnica.","breadcrumb":{"@id":"https:\/\/actbr.com.br\/en\/produto\/valvula-reguladora-de-vazao-lnv2\/#breadcrumb"},"inLanguage":"en-US","potentialAction":[{"@type":"ReadAction","target":["https:\/\/actbr.com.br\/en\/produto\/valvula-reguladora-de-vazao-lnv2\/"]}]},{"@type":"ImageObject","inLanguage":"en-US","@id":"https:\/\/actbr.com.br\/en\/produto\/valvula-reguladora-de-vazao-lnv2\/#primaryimage","url":"https:\/\/actbr.com.br\/wp-content\/uploads\/2020\/09\/Valvula-Reguladora-de-Fluxo-\u2013-LNV2-08-NV08-20A-CP618-1-OD.21.01-R9011093-NVH081.jpg","contentUrl":"https:\/\/actbr.com.br\/wp-content\/uploads\/2020\/09\/Valvula-Reguladora-de-Fluxo-\u2013-LNV2-08-NV08-20A-CP618-1-OD.21.01-R9011093-NVH081.jpg","width":300,"height":247,"caption":"V\u00e1lvula Reguladora de Fluxo \u2013 LNV2-08"},{"@type":"BreadcrumbList","@id":"https:\/\/actbr.com.br\/en\/produto\/valvula-reguladora-de-vazao-lnv2\/#breadcrumb","itemListElement":[{"@type":"ListItem","position":1,"name":"In\u00edcio","item":"https:\/\/actbr.com.br\/en\/"},{"@type":"ListItem","position":2,"name":"Produtos","item":"https:\/\/actbr.com.br\/produtos-act\/"},{"@type":"ListItem","position":3,"name":"V\u00e1lvulas Insert\u00e1veis","item":"https:\/\/actbr.com.br\/en\/categoria-produto\/valvulas-insertaveis\/"},{"@type":"ListItem","position":4,"name":"Reguladora de Vaz\u00e3o - Tipo Agulha","item":"https:\/\/actbr.com.br\/en\/categoria-produto\/valvulas-insertaveis\/reguladora-de-vazao-tipo-agulha\/"},{"@type":"ListItem","position":5,"name":"V\u00e1lvula Reguladora de Vaz\u00e3o LNV2"}]},{"@type":"WebSite","@id":"https:\/\/actbr.com.br\/en\/#website","url":"https:\/\/actbr.com.br\/en\/","name":"ACT Sistemas Hidr\u00e1ulicos","description":"Fabrica\u00e7\u00e3o e manuten\u00e7\u00e3o de componentes \u00f3leo hidr\u00e1ulicos","publisher":{"@id":"https:\/\/actbr.com.br\/en\/#organization"},"potentialAction":[{"@type":"SearchAction","target":{"@type":"EntryPoint","urlTemplate":"https:\/\/actbr.com.br\/en\/?s={search_term_string}"},"query-input":{"@type":"PropertyValueSpecification","valueRequired":true,"valueName":"search_term_string"}}],"inLanguage":"en-US"},{"@type":"Organization","@id":"https:\/\/actbr.com.br\/en\/#organization","name":"ACT Sistemas Hidr\u00e1ulicos","url":"https:\/\/actbr.com.br\/en\/","logo":{"@type":"ImageObject","inLanguage":"en-US","@id":"https:\/\/actbr.com.br\/en\/#\/schema\/logo\/image\/","url":"https:\/\/actbr.com.br\/wp-content\/uploads\/2025\/02\/cropped-ACT_NEGATIVO-marca-dagua.png","contentUrl":"https:\/\/actbr.com.br\/wp-content\/uploads\/2025\/02\/cropped-ACT_NEGATIVO-marca-dagua.png","width":240,"height":146,"caption":"ACT Sistemas Hidr\u00e1ulicos"},"image":{"@id":"https:\/\/actbr.com.br\/en\/#\/schema\/logo\/image\/"}}]}},"_links":{"self":[{"href":"https:\/\/actbr.com.br\/en\/wp-json\/wp\/v2\/product\/3327","targetHints":{"allow":["GET"]}}],"collection":[{"href":"https:\/\/actbr.com.br\/en\/wp-json\/wp\/v2\/product"}],"about":[{"href":"https:\/\/actbr.com.br\/en\/wp-json\/wp\/v2\/types\/product"}],"wp:featuredmedia":[{"embeddable":true,"href":"https:\/\/actbr.com.br\/en\/wp-json\/wp\/v2\/media\/6830"}],"wp:attachment":[{"href":"https:\/\/actbr.com.br\/en\/wp-json\/wp\/v2\/media?parent=3327"}],"wp:term":[{"taxonomy":"product_brand","embeddable":true,"href":"https:\/\/actbr.com.br\/en\/wp-json\/wp\/v2\/product_brand?post=3327"},{"taxonomy":"product_cat","embeddable":true,"href":"https:\/\/actbr.com.br\/en\/wp-json\/wp\/v2\/product_cat?post=3327"},{"taxonomy":"product_tag","embeddable":true,"href":"https:\/\/actbr.com.br\/en\/wp-json\/wp\/v2\/product_tag?post=3327"}],"curies":[{"name":"wp","href":"https:\/\/api.w.org\/{rel}","templated":true}]}}