{"id":3333,"date":"2020-09-29T12:38:10","date_gmt":"2020-09-29T15:38:10","guid":{"rendered":"https:\/\/actbr.com.br\/produto\/pressostato-act-hed40-eletro-hidraulico\/"},"modified":"2023-10-06T14:06:48","modified_gmt":"2023-10-06T17:06:48","slug":"pressostato-eletro-hidraulico-act-hed40","status":"publish","type":"product","link":"https:\/\/actbr.com.br\/en\/produto\/pressostato-eletro-hidraulico-act-hed40\/","title":{"rendered":"Pressostato Eletro hidr\u00e1ulico ACT-HED40"},"content":{"rendered":"<div id=\"detalhes\">\n<p><strong>Pressostato ACT-HED40 (Eletro Hidr\u00e1ulico)<\/strong><\/p>\n<p>O Pressostato ACT-HED40 \u00e9 um dispositivo configurados para identificar uma mudan\u00e7a na press\u00e3o e responder por meio de uma liga\u00e7\u00e3o el\u00e9trica. \u00a0A ACT disponibiliza em sua linha de pressostatos atua\u00e7\u00e3o numa janela entre 5 a 600 bar.<\/p>\n<p><strong>Informa\u00e7\u00f5es t\u00e9cnicas:<\/strong><br \/>\nFlu\u00eddo hidr\u00e1ulico: \u00d3leo mineral (DIN 51524 ) e fosfato org\u00e2nico (DIN 51525);<br \/>\nRange de temperatura do \u00f3leo: &#8211; 20 a + 70\u00baC;<br \/>\nViscosidade: 2.8 a 380 mm2 (cst)<br \/>\nPrecis\u00e3o de leitura: + ou &#8211; 2%<br \/>\nFrequ\u00eancia: 120 vezes\/minuto<br \/>\nSec\u00e7\u00e3o de conex\u00e3o: 1,5mm2 (max);<br \/>\nGrau de prote\u00e7\u00e3o: IP 65<br \/>\nTens\u00e3o x corrente: AC 250V : 5A &#8211; DC 50V : 1A ou 250V : 0,2A<br \/>\nPeso: Aproximadamente 0,6 kg<br \/>\nComo solicitar:<\/p>\n<p><img decoding=\"async\" src=\"https:\/\/actbr.com.br\/wp-content\/uploads\/2020\/09\/hed-40-codigo-solicitacao.jpg\" alt=\"\" \/><\/p>\n<p>Representa\u00e7\u00e3o hidr\u00e1ulica e conex\u00e3o el\u00e9trica:<\/p>\n<p><img decoding=\"async\" src=\"https:\/\/actbr.com.br\/wp-content\/uploads\/2020\/09\/pressostato-hed-40.jpg\" alt=\"\" \/><\/p>\n<p><img decoding=\"async\" src=\"https:\/\/actbr.com.br\/wp-content\/uploads\/2020\/09\/range-pressao-hed8.jpg\" alt=\"\" \/><\/p>\n<p>Dimens\u00f5es:<\/p>\n<p><img decoding=\"async\" src=\"https:\/\/actbr.com.br\/wp-content\/uploads\/2020\/09\/dimensoes-pressostato-hidraulico-hed-8-hed-40.jpg\" alt=\"\" \/><\/p>\n<\/div>\n<div id=\"relacionados\" style=\"margin: 0px; padding: 100px 0px 0px; float: left; width: 890px; color: #4f4f4f; font-family: 'Trebuchet MS', Arial, Helvetica, sans-serif; font-size: 12px;\"><\/div>\n","protected":false},"excerpt":{"rendered":"<p>O Pressostato ACT HED40 \u00e9 um dispositivo configurados para identificar uma mudan\u00e7a na press\u00e3o e responder por meio de uma liga\u00e7\u00e3o el\u00e9trica.<\/p>\n","protected":false},"featured_media":3334,"template":"","meta":[],"product_brand":[],"product_cat":[63,64],"product_tag":[],"class_list":{"0":"post-3333","1":"product","2":"type-product","3":"status-publish","4":"has-post-thumbnail","6":"product_cat-instrumentacao","7":"product_cat-pressao","9":"first","10":"instock","11":"virtual","12":"product-type-simple"},"yoast_head":"<!-- This site is optimized with the Yoast SEO plugin v27.5 - https:\/\/yoast.com\/product\/yoast-seo-wordpress\/ -->\n<title>Pressostato Eletro hidr\u00e1ulico ACT-HED40 - ACT Sistemas Hidr\u00e1ulicos<\/title>\n<meta name=\"description\" content=\"O Pressostato ACT HED40 \u00e9 um dispositivo configurados para identificar uma mudan\u00e7a na press\u00e3o e responder por meio de uma liga\u00e7\u00e3o el\u00e9trica. \u00a0\" \/>\n<meta name=\"robots\" content=\"index, follow, max-snippet:-1, max-image-preview:large, max-video-preview:-1\" \/>\n<link rel=\"canonical\" href=\"https:\/\/actbr.com.br\/en\/produto\/pressostato-eletro-hidraulico-act-hed40\/\" \/>\n<meta property=\"og:locale\" content=\"en_US\" \/>\n<meta property=\"og:type\" content=\"article\" \/>\n<meta property=\"og:title\" content=\"Pressostato Eletro hidr\u00e1ulico ACT-HED40 - ACT Sistemas Hidr\u00e1ulicos\" \/>\n<meta property=\"og:description\" content=\"O Pressostato ACT HED40 \u00e9 um dispositivo configurados para identificar uma mudan\u00e7a na press\u00e3o e responder por meio de uma liga\u00e7\u00e3o el\u00e9trica. \u00a0\" \/>\n<meta property=\"og:url\" content=\"https:\/\/actbr.com.br\/en\/produto\/pressostato-eletro-hidraulico-act-hed40\/\" \/>\n<meta property=\"og:site_name\" content=\"ACT Sistemas Hidr\u00e1ulicos\" \/>\n<meta property=\"article:modified_time\" content=\"2023-10-06T17:06:48+00:00\" \/>\n<meta property=\"og:image\" content=\"https:\/\/actbr.com.br\/wp-content\/uploads\/2020\/09\/pressostato-act-hed-40-eletro-hidraulico.jpg\" \/>\n\t<meta property=\"og:image:width\" content=\"710\" \/>\n\t<meta property=\"og:image:height\" content=\"371\" \/>\n\t<meta property=\"og:image:type\" content=\"image\/jpeg\" \/>\n<meta name=\"twitter:card\" content=\"summary_large_image\" \/>\n<meta name=\"twitter:label1\" content=\"Est. reading time\" \/>\n\t<meta name=\"twitter:data1\" content=\"2 minutes\" \/>\n<script type=\"application\/ld+json\" class=\"yoast-schema-graph\">{\"@context\":\"https:\\\/\\\/schema.org\",\"@graph\":[{\"@type\":\"WebPage\",\"@id\":\"https:\\\/\\\/actbr.com.br\\\/en\\\/produto\\\/pressostato-eletro-hidraulico-act-hed40\\\/\",\"url\":\"https:\\\/\\\/actbr.com.br\\\/en\\\/produto\\\/pressostato-eletro-hidraulico-act-hed40\\\/\",\"name\":\"Pressostato Eletro hidr\u00e1ulico ACT-HED40 - ACT Sistemas Hidr\u00e1ulicos\",\"isPartOf\":{\"@id\":\"https:\\\/\\\/actbr.com.br\\\/en\\\/#website\"},\"primaryImageOfPage\":{\"@id\":\"https:\\\/\\\/actbr.com.br\\\/en\\\/produto\\\/pressostato-eletro-hidraulico-act-hed40\\\/#primaryimage\"},\"image\":{\"@id\":\"https:\\\/\\\/actbr.com.br\\\/en\\\/produto\\\/pressostato-eletro-hidraulico-act-hed40\\\/#primaryimage\"},\"thumbnailUrl\":\"https:\\\/\\\/actbr.com.br\\\/wp-content\\\/uploads\\\/2020\\\/09\\\/pressostato-act-hed-40-eletro-hidraulico.jpg\",\"datePublished\":\"2020-09-29T15:38:10+00:00\",\"dateModified\":\"2023-10-06T17:06:48+00:00\",\"description\":\"O Pressostato ACT HED40 \u00e9 um dispositivo configurados para identificar uma mudan\u00e7a na press\u00e3o e responder por meio de uma liga\u00e7\u00e3o el\u00e9trica. \u00a0\",\"breadcrumb\":{\"@id\":\"https:\\\/\\\/actbr.com.br\\\/en\\\/produto\\\/pressostato-eletro-hidraulico-act-hed40\\\/#breadcrumb\"},\"inLanguage\":\"en-US\",\"potentialAction\":[{\"@type\":\"ReadAction\",\"target\":[\"https:\\\/\\\/actbr.com.br\\\/en\\\/produto\\\/pressostato-eletro-hidraulico-act-hed40\\\/\"]}]},{\"@type\":\"ImageObject\",\"inLanguage\":\"en-US\",\"@id\":\"https:\\\/\\\/actbr.com.br\\\/en\\\/produto\\\/pressostato-eletro-hidraulico-act-hed40\\\/#primaryimage\",\"url\":\"https:\\\/\\\/actbr.com.br\\\/wp-content\\\/uploads\\\/2020\\\/09\\\/pressostato-act-hed-40-eletro-hidraulico.jpg\",\"contentUrl\":\"https:\\\/\\\/actbr.com.br\\\/wp-content\\\/uploads\\\/2020\\\/09\\\/pressostato-act-hed-40-eletro-hidraulico.jpg\",\"width\":710,\"height\":371,\"caption\":\"Pressostato ACT-HED40 (Eletro Hidr\u00e1ulico)\"},{\"@type\":\"BreadcrumbList\",\"@id\":\"https:\\\/\\\/actbr.com.br\\\/en\\\/produto\\\/pressostato-eletro-hidraulico-act-hed40\\\/#breadcrumb\",\"itemListElement\":[{\"@type\":\"ListItem\",\"position\":1,\"name\":\"In\u00edcio\",\"item\":\"https:\\\/\\\/actbr.com.br\\\/en\\\/\"},{\"@type\":\"ListItem\",\"position\":2,\"name\":\"Produtos\",\"item\":\"https:\\\/\\\/actbr.com.br\\\/produtos-act\\\/\"},{\"@type\":\"ListItem\",\"position\":3,\"name\":\"Instrumenta\u00e7\u00e3o\",\"item\":\"https:\\\/\\\/actbr.com.br\\\/en\\\/categoria-produto\\\/instrumentacao\\\/\"},{\"@type\":\"ListItem\",\"position\":4,\"name\":\"Press\u00e3o\",\"item\":\"https:\\\/\\\/actbr.com.br\\\/en\\\/categoria-produto\\\/instrumentacao\\\/pressao\\\/\"},{\"@type\":\"ListItem\",\"position\":5,\"name\":\"Pressostato Eletro hidr\u00e1ulico ACT-HED40\"}]},{\"@type\":\"WebSite\",\"@id\":\"https:\\\/\\\/actbr.com.br\\\/en\\\/#website\",\"url\":\"https:\\\/\\\/actbr.com.br\\\/en\\\/\",\"name\":\"ACT Sistemas Hidr\u00e1ulicos\",\"description\":\"Fabrica\u00e7\u00e3o e manuten\u00e7\u00e3o de componentes \u00f3leo hidr\u00e1ulicos\",\"publisher\":{\"@id\":\"https:\\\/\\\/actbr.com.br\\\/en\\\/#organization\"},\"potentialAction\":[{\"@type\":\"SearchAction\",\"target\":{\"@type\":\"EntryPoint\",\"urlTemplate\":\"https:\\\/\\\/actbr.com.br\\\/en\\\/?s={search_term_string}\"},\"query-input\":{\"@type\":\"PropertyValueSpecification\",\"valueRequired\":true,\"valueName\":\"search_term_string\"}}],\"inLanguage\":\"en-US\"},{\"@type\":\"Organization\",\"@id\":\"https:\\\/\\\/actbr.com.br\\\/en\\\/#organization\",\"name\":\"ACT Sistemas Hidr\u00e1ulicos\",\"url\":\"https:\\\/\\\/actbr.com.br\\\/en\\\/\",\"logo\":{\"@type\":\"ImageObject\",\"inLanguage\":\"en-US\",\"@id\":\"https:\\\/\\\/actbr.com.br\\\/en\\\/#\\\/schema\\\/logo\\\/image\\\/\",\"url\":\"https:\\\/\\\/actbr.com.br\\\/wp-content\\\/uploads\\\/2025\\\/02\\\/cropped-ACT_NEGATIVO-marca-dagua.png\",\"contentUrl\":\"https:\\\/\\\/actbr.com.br\\\/wp-content\\\/uploads\\\/2025\\\/02\\\/cropped-ACT_NEGATIVO-marca-dagua.png\",\"width\":240,\"height\":146,\"caption\":\"ACT Sistemas Hidr\u00e1ulicos\"},\"image\":{\"@id\":\"https:\\\/\\\/actbr.com.br\\\/en\\\/#\\\/schema\\\/logo\\\/image\\\/\"}}]}<\/script>\n<!-- \/ Yoast SEO plugin. -->","yoast_head_json":{"title":"Pressostato Eletro hidr\u00e1ulico ACT-HED40 - ACT Sistemas Hidr\u00e1ulicos","description":"O Pressostato ACT HED40 \u00e9 um dispositivo configurados para identificar uma mudan\u00e7a na press\u00e3o e responder por meio de uma liga\u00e7\u00e3o el\u00e9trica. \u00a0","robots":{"index":"index","follow":"follow","max-snippet":"max-snippet:-1","max-image-preview":"max-image-preview:large","max-video-preview":"max-video-preview:-1"},"canonical":"https:\/\/actbr.com.br\/en\/produto\/pressostato-eletro-hidraulico-act-hed40\/","og_locale":"en_US","og_type":"article","og_title":"Pressostato Eletro hidr\u00e1ulico ACT-HED40 - ACT Sistemas Hidr\u00e1ulicos","og_description":"O Pressostato ACT HED40 \u00e9 um dispositivo configurados para identificar uma mudan\u00e7a na press\u00e3o e responder por meio de uma liga\u00e7\u00e3o el\u00e9trica. \u00a0","og_url":"https:\/\/actbr.com.br\/en\/produto\/pressostato-eletro-hidraulico-act-hed40\/","og_site_name":"ACT Sistemas Hidr\u00e1ulicos","article_modified_time":"2023-10-06T17:06:48+00:00","og_image":[{"width":710,"height":371,"url":"https:\/\/actbr.com.br\/wp-content\/uploads\/2020\/09\/pressostato-act-hed-40-eletro-hidraulico.jpg","type":"image\/jpeg"}],"twitter_card":"summary_large_image","twitter_misc":{"Est. reading time":"2 minutes"},"schema":{"@context":"https:\/\/schema.org","@graph":[{"@type":"WebPage","@id":"https:\/\/actbr.com.br\/en\/produto\/pressostato-eletro-hidraulico-act-hed40\/","url":"https:\/\/actbr.com.br\/en\/produto\/pressostato-eletro-hidraulico-act-hed40\/","name":"Pressostato Eletro hidr\u00e1ulico ACT-HED40 - ACT Sistemas Hidr\u00e1ulicos","isPartOf":{"@id":"https:\/\/actbr.com.br\/en\/#website"},"primaryImageOfPage":{"@id":"https:\/\/actbr.com.br\/en\/produto\/pressostato-eletro-hidraulico-act-hed40\/#primaryimage"},"image":{"@id":"https:\/\/actbr.com.br\/en\/produto\/pressostato-eletro-hidraulico-act-hed40\/#primaryimage"},"thumbnailUrl":"https:\/\/actbr.com.br\/wp-content\/uploads\/2020\/09\/pressostato-act-hed-40-eletro-hidraulico.jpg","datePublished":"2020-09-29T15:38:10+00:00","dateModified":"2023-10-06T17:06:48+00:00","description":"O Pressostato ACT HED40 \u00e9 um dispositivo configurados para identificar uma mudan\u00e7a na press\u00e3o e responder por meio de uma liga\u00e7\u00e3o el\u00e9trica. \u00a0","breadcrumb":{"@id":"https:\/\/actbr.com.br\/en\/produto\/pressostato-eletro-hidraulico-act-hed40\/#breadcrumb"},"inLanguage":"en-US","potentialAction":[{"@type":"ReadAction","target":["https:\/\/actbr.com.br\/en\/produto\/pressostato-eletro-hidraulico-act-hed40\/"]}]},{"@type":"ImageObject","inLanguage":"en-US","@id":"https:\/\/actbr.com.br\/en\/produto\/pressostato-eletro-hidraulico-act-hed40\/#primaryimage","url":"https:\/\/actbr.com.br\/wp-content\/uploads\/2020\/09\/pressostato-act-hed-40-eletro-hidraulico.jpg","contentUrl":"https:\/\/actbr.com.br\/wp-content\/uploads\/2020\/09\/pressostato-act-hed-40-eletro-hidraulico.jpg","width":710,"height":371,"caption":"Pressostato ACT-HED40 (Eletro Hidr\u00e1ulico)"},{"@type":"BreadcrumbList","@id":"https:\/\/actbr.com.br\/en\/produto\/pressostato-eletro-hidraulico-act-hed40\/#breadcrumb","itemListElement":[{"@type":"ListItem","position":1,"name":"In\u00edcio","item":"https:\/\/actbr.com.br\/en\/"},{"@type":"ListItem","position":2,"name":"Produtos","item":"https:\/\/actbr.com.br\/produtos-act\/"},{"@type":"ListItem","position":3,"name":"Instrumenta\u00e7\u00e3o","item":"https:\/\/actbr.com.br\/en\/categoria-produto\/instrumentacao\/"},{"@type":"ListItem","position":4,"name":"Press\u00e3o","item":"https:\/\/actbr.com.br\/en\/categoria-produto\/instrumentacao\/pressao\/"},{"@type":"ListItem","position":5,"name":"Pressostato Eletro hidr\u00e1ulico ACT-HED40"}]},{"@type":"WebSite","@id":"https:\/\/actbr.com.br\/en\/#website","url":"https:\/\/actbr.com.br\/en\/","name":"ACT Sistemas Hidr\u00e1ulicos","description":"Fabrica\u00e7\u00e3o e manuten\u00e7\u00e3o de componentes \u00f3leo hidr\u00e1ulicos","publisher":{"@id":"https:\/\/actbr.com.br\/en\/#organization"},"potentialAction":[{"@type":"SearchAction","target":{"@type":"EntryPoint","urlTemplate":"https:\/\/actbr.com.br\/en\/?s={search_term_string}"},"query-input":{"@type":"PropertyValueSpecification","valueRequired":true,"valueName":"search_term_string"}}],"inLanguage":"en-US"},{"@type":"Organization","@id":"https:\/\/actbr.com.br\/en\/#organization","name":"ACT Sistemas Hidr\u00e1ulicos","url":"https:\/\/actbr.com.br\/en\/","logo":{"@type":"ImageObject","inLanguage":"en-US","@id":"https:\/\/actbr.com.br\/en\/#\/schema\/logo\/image\/","url":"https:\/\/actbr.com.br\/wp-content\/uploads\/2025\/02\/cropped-ACT_NEGATIVO-marca-dagua.png","contentUrl":"https:\/\/actbr.com.br\/wp-content\/uploads\/2025\/02\/cropped-ACT_NEGATIVO-marca-dagua.png","width":240,"height":146,"caption":"ACT Sistemas Hidr\u00e1ulicos"},"image":{"@id":"https:\/\/actbr.com.br\/en\/#\/schema\/logo\/image\/"}}]}},"_links":{"self":[{"href":"https:\/\/actbr.com.br\/en\/wp-json\/wp\/v2\/product\/3333","targetHints":{"allow":["GET"]}}],"collection":[{"href":"https:\/\/actbr.com.br\/en\/wp-json\/wp\/v2\/product"}],"about":[{"href":"https:\/\/actbr.com.br\/en\/wp-json\/wp\/v2\/types\/product"}],"wp:featuredmedia":[{"embeddable":true,"href":"https:\/\/actbr.com.br\/en\/wp-json\/wp\/v2\/media\/3334"}],"wp:attachment":[{"href":"https:\/\/actbr.com.br\/en\/wp-json\/wp\/v2\/media?parent=3333"}],"wp:term":[{"taxonomy":"product_brand","embeddable":true,"href":"https:\/\/actbr.com.br\/en\/wp-json\/wp\/v2\/product_brand?post=3333"},{"taxonomy":"product_cat","embeddable":true,"href":"https:\/\/actbr.com.br\/en\/wp-json\/wp\/v2\/product_cat?post=3333"},{"taxonomy":"product_tag","embeddable":true,"href":"https:\/\/actbr.com.br\/en\/wp-json\/wp\/v2\/product_tag?post=3333"}],"curies":[{"name":"wp","href":"https:\/\/api.w.org\/{rel}","templated":true}]}}