{"id":3340,"date":"2020-09-29T12:38:10","date_gmt":"2020-09-29T15:38:10","guid":{"rendered":"https:\/\/actbr.com.br\/produto\/valvula-de-alivio-dbds-dbdh-tipo-cartucho\/"},"modified":"2023-10-24T14:25:37","modified_gmt":"2023-10-24T17:25:37","slug":"valvula-de-alivio-tipo-cartucho-dbds-dbdh","status":"publish","type":"product","link":"https:\/\/actbr.com.br\/en\/produto\/valvula-de-alivio-tipo-cartucho-dbds-dbdh\/","title":{"rendered":"V\u00e1lvula de Al\u00edvio tipo Cartucho DBDS (DBDH)"},"content":{"rendered":"<p><strong>V\u00e1lvula de Al\u00edvio DBDS (DBDH) Tipo Cartucho<\/strong><\/p>\n<p>A V\u00e1lvula de Al\u00edvio DBDS (DBDH) Tipo Cartucho \u00e9 uma\u00a0 v\u00e1lvula diretamente operada, com fun\u00e7\u00e3o de limitar a press\u00e3o m\u00e1xima de uma determinada linha.<\/p>\n<p>Sua regulagem se d\u00e1 por meio do ajuste em sua manopla. Se a press\u00e3o da linha ultrapassar a press\u00e3o determinada pela mola, a v\u00e1lvula se abrir\u00e1 e a vaz\u00e3o de \u00f3leo ser\u00e1 liberada, normalmente para a linha de tanque.<\/p>\n<p>A sua aplica\u00e7\u00e3o em sistemas hidr\u00e1ulicos \u00e9 bastante variada, entre elas: v\u00e1lvula de seguran\u00e7a(tamb\u00e9m conhecida como v\u00e1lvula de m\u00e1xima press\u00e3o ou v\u00e1lvula de al\u00edvio); contrabalan\u00e7o de cargas, abertura de emerg\u00eancia em golpes hidr\u00e1ulicos, etc. Em fun\u00e7\u00e3o disso, sua amplitude de utiliza\u00e7\u00e3o varia bastante como por exemplo: blocos de seguran\u00e7a que atendem a NR-12, sistemas hidr\u00e1ulicos industriais, blocos de seguran\u00e7a de acumulador, seguran\u00e7a \/ amortecimento de cargas em prensa hidr\u00e1ulica, garantindo a n\u00e3o multiplica\u00e7\u00e3o de press\u00e3o, entre outras.<\/p>\n<p><strong>Informa\u00e7\u00f5es T\u00e9cnicas:<\/strong><\/p>\n<table border=\"1\" width=\"424\" cellspacing=\"0\" cellpadding=\"0\" align=\"center\">\n<tbody>\n<tr>\n<td>Modelo<\/td>\n<td>DBDH-6<\/td>\n<td>DBDH-10<\/td>\n<td>DBDH-20<\/td>\n<td>DBDH-30<\/td>\n<\/tr>\n<tr>\n<td>M\u00e1xima Vaz\u00e3o\u00a0(Lpm)<\/td>\n<td>35<\/td>\n<td>80<\/td>\n<td>200<\/td>\n<td>300<\/td>\n<\/tr>\n<tr>\n<td>Press\u00e3o M\u00e1xima\u00a0(Bar)<\/td>\n<td colspan=\"4\">315<\/td>\n<\/tr>\n<tr>\n<td>Peso\u00a0(Kg)<\/td>\n<td>0,4<\/td>\n<td>0,5<\/td>\n<td>1<\/td>\n<td>2,2<\/td>\n<\/tr>\n<\/tbody>\n<\/table>\n<p>&nbsp;<\/p>\n<p>Simbologia:<br \/>\n<img decoding=\"async\" src=\"https:\/\/actbr.com.br\/wp-content\/uploads\/2020\/09\/dbds-dbdh-simbologia-alivio-cartucho.jpg\" alt=\"\" \/><\/p>\n<p>Dimens\u00f5es:<br \/>\n<img decoding=\"async\" src=\"https:\/\/actbr.com.br\/wp-content\/uploads\/2020\/09\/dimensoes-dbdh-dbds-alivio.jpg\" alt=\"\" \/><\/p>\n<p><img decoding=\"async\" src=\"https:\/\/actbr.com.br\/wp-content\/uploads\/2020\/09\/dimensional-dbdh-alivio.jpg\" alt=\"\" \/><br \/>\n<img decoding=\"async\" src=\"https:\/\/actbr.com.br\/wp-content\/uploads\/2020\/09\/dimensional-dbdh-dbds-21.jpg\" alt=\"\" \/><\/p>\n<p><strong>Modelos dispon\u00edveis:<\/strong><br \/>\nDBDH 10 K1X\/100<br \/>\nDBDH 10 K1X\/200<br \/>\nDBDH 6 G1X\/200\/12<br \/>\nDBDH 6 G1X\/315\/12<br \/>\nDBDH 6 G1X\/400\/12<br \/>\nDBDH 6 K1X\/100<br \/>\nDBDH 6 K1X\/200<br \/>\nDBDH6K1X\/315<br \/>\nDBDH6K1X\/400<br \/>\nDBDS 10 G1X\/200\/12<br \/>\nDBDS 10 G1X\/25\/12<br \/>\nDBDS 10 G1X\/315\/12<br \/>\nDBDS 10 G1X\/400\/12<br \/>\nDBDS 10 G1X\/50\/12<br \/>\nDBDS 10 K1X\/200<br \/>\nDBDS 10 K1X\/25<br \/>\nDBDS 10 K1X\/315<br \/>\nDBDS 10 K1X\/315V<br \/>\nDBDS 10 K1X\/50<br \/>\nDBDS 20 G1X\/200\/12<br \/>\nDBDS 20 G1X\/315\/12<br \/>\nDBDS 20 K1X\/315<br \/>\nDBDS 20 K1X\/400<br \/>\nDBDS 20 K1X\/200<br \/>\nDBDS 30 K1X\/315<br \/>\nDBDS 30 K1X\/200<\/p>\n<p><strong>100% intercambi\u00e1veis com os modelos Rexroth:<\/strong><br \/>\nR983037986 &#8211; DBDH 10 K1X\/100<br \/>\nR983037987 &#8211; DBDH 10 K1X\/200<br \/>\nR983037988 &#8211; DBDH 10 K1X\/315<br \/>\nR983038036 &#8211; DBDH 20 K1X\/100<br \/>\nR983038037 &#8211; DBDH 20 K1X\/200<br \/>\nR983038038 &#8211; DBDH 20 K1 X \/315<br \/>\nR983037940 &#8211; DBDH 6 K1X\/100<br \/>\nR983037941 &#8211; DBDH 6 K1X\/200<br \/>\nR983037942 &#8211; DBDH 6 K1X\/315<br \/>\nR983037969 &#8211; DBDS 10 K1X\/200<br \/>\nR983037982 &#8211; DBDS 10 P1X\/315<br \/>\nR983037974 &#8211;\u00a0 DBDS 10 K1X\/400<br \/>\nR983038017 &#8211; DBDS 20 K1X\/315<br \/>\nR983037926 &#8211; DBDS 6 K1X\/200<br \/>\nR983037922 &#8211; DBDS 6 K1X\/315<br \/>\nR983037920 &#8211; DBDS 6 K1X\/ 100<br \/>\nR983037971 &#8211; DBDS 10K 1X\/025<br \/>\nR983037966 &#8211; DBDS 10P 1X\/200<br \/>\nR983037991 &#8211; DBDH 10G 1X\/100<br \/>\nR983037927 &#8211; DBDS 6K 1X\/400<br \/>\nR983038041 &#8211; DBDH 20G 1X\/100<\/p>\n","protected":false},"excerpt":{"rendered":"<p>A V\u00e1lvula de Al\u00edvio DBDS (DBDH) Tipo Cartucho \u00e9 uma\u00a0 v\u00e1lvula diretamente operada, com fun\u00e7\u00e3o de limitar a press\u00e3o m\u00e1xima de uma determinada linha.<\/p>\n","protected":false},"featured_media":6878,"template":"","meta":[],"product_brand":[],"product_cat":[70,32],"product_tag":[],"class_list":{"0":"post-3340","1":"product","2":"type-product","3":"status-publish","4":"has-post-thumbnail","6":"product_cat-insertaveis-reguladora-de-pressao-alivio","7":"product_cat-valvulas-insertaveis","9":"first","10":"instock","11":"virtual","12":"product-type-simple"},"yoast_head":"<!-- This site is optimized with the Yoast SEO plugin v27.5 - https:\/\/yoast.com\/product\/yoast-seo-wordpress\/ -->\n<title>V\u00e1lvula de Al\u00edvio tipo Cartucho DBDS (DBDH) - ACT Sistemas Hidr\u00e1ulicos<\/title>\n<meta name=\"description\" content=\"A V\u00e1lvula de Al\u00edvio DBDS (DBDH) Tipo Cartucho \u00e9 uma\u00a0 v\u00e1lvula diretamente operada, com fun\u00e7\u00e3o de limitar a press\u00e3o m\u00e1xima de uma determinada linha.\" \/>\n<meta name=\"robots\" content=\"index, follow, max-snippet:-1, max-image-preview:large, max-video-preview:-1\" \/>\n<link rel=\"canonical\" href=\"https:\/\/actbr.com.br\/en\/produto\/valvula-de-alivio-tipo-cartucho-dbds-dbdh\/\" \/>\n<meta property=\"og:locale\" content=\"en_US\" \/>\n<meta property=\"og:type\" content=\"article\" \/>\n<meta property=\"og:title\" content=\"V\u00e1lvula de Al\u00edvio tipo Cartucho DBDS (DBDH) - ACT Sistemas Hidr\u00e1ulicos\" \/>\n<meta property=\"og:description\" content=\"A V\u00e1lvula de Al\u00edvio DBDS (DBDH) Tipo Cartucho \u00e9 uma\u00a0 v\u00e1lvula diretamente operada, com fun\u00e7\u00e3o de limitar a press\u00e3o m\u00e1xima de uma determinada linha.\" \/>\n<meta property=\"og:url\" content=\"https:\/\/actbr.com.br\/en\/produto\/valvula-de-alivio-tipo-cartucho-dbds-dbdh\/\" \/>\n<meta property=\"og:site_name\" content=\"ACT Sistemas Hidr\u00e1ulicos\" \/>\n<meta property=\"article:modified_time\" content=\"2023-10-24T17:25:37+00:00\" \/>\n<meta property=\"og:image\" content=\"https:\/\/actbr.com.br\/wp-content\/uploads\/2020\/09\/Valvula-de-alivio-DBDS-DBDH-\u2013-Tipo-cartucho.jpg\" \/>\n\t<meta property=\"og:image:width\" content=\"600\" \/>\n\t<meta property=\"og:image:height\" content=\"600\" \/>\n\t<meta property=\"og:image:type\" content=\"image\/jpeg\" \/>\n<meta name=\"twitter:card\" content=\"summary_large_image\" \/>\n<meta name=\"twitter:label1\" content=\"Est. reading time\" \/>\n\t<meta name=\"twitter:data1\" content=\"3 minutes\" \/>\n<script type=\"application\/ld+json\" class=\"yoast-schema-graph\">{\"@context\":\"https:\\\/\\\/schema.org\",\"@graph\":[{\"@type\":\"WebPage\",\"@id\":\"https:\\\/\\\/actbr.com.br\\\/en\\\/produto\\\/valvula-de-alivio-tipo-cartucho-dbds-dbdh\\\/\",\"url\":\"https:\\\/\\\/actbr.com.br\\\/en\\\/produto\\\/valvula-de-alivio-tipo-cartucho-dbds-dbdh\\\/\",\"name\":\"V\u00e1lvula de Al\u00edvio tipo Cartucho DBDS (DBDH) - ACT Sistemas Hidr\u00e1ulicos\",\"isPartOf\":{\"@id\":\"https:\\\/\\\/actbr.com.br\\\/en\\\/#website\"},\"primaryImageOfPage\":{\"@id\":\"https:\\\/\\\/actbr.com.br\\\/en\\\/produto\\\/valvula-de-alivio-tipo-cartucho-dbds-dbdh\\\/#primaryimage\"},\"image\":{\"@id\":\"https:\\\/\\\/actbr.com.br\\\/en\\\/produto\\\/valvula-de-alivio-tipo-cartucho-dbds-dbdh\\\/#primaryimage\"},\"thumbnailUrl\":\"https:\\\/\\\/actbr.com.br\\\/wp-content\\\/uploads\\\/2020\\\/09\\\/Valvula-de-alivio-DBDS-DBDH-\u2013-Tipo-cartucho.jpg\",\"datePublished\":\"2020-09-29T15:38:10+00:00\",\"dateModified\":\"2023-10-24T17:25:37+00:00\",\"description\":\"A V\u00e1lvula de Al\u00edvio DBDS (DBDH) Tipo Cartucho \u00e9 uma\u00a0 v\u00e1lvula diretamente operada, com fun\u00e7\u00e3o de limitar a press\u00e3o m\u00e1xima de uma determinada linha.\",\"breadcrumb\":{\"@id\":\"https:\\\/\\\/actbr.com.br\\\/en\\\/produto\\\/valvula-de-alivio-tipo-cartucho-dbds-dbdh\\\/#breadcrumb\"},\"inLanguage\":\"en-US\",\"potentialAction\":[{\"@type\":\"ReadAction\",\"target\":[\"https:\\\/\\\/actbr.com.br\\\/en\\\/produto\\\/valvula-de-alivio-tipo-cartucho-dbds-dbdh\\\/\"]}]},{\"@type\":\"ImageObject\",\"inLanguage\":\"en-US\",\"@id\":\"https:\\\/\\\/actbr.com.br\\\/en\\\/produto\\\/valvula-de-alivio-tipo-cartucho-dbds-dbdh\\\/#primaryimage\",\"url\":\"https:\\\/\\\/actbr.com.br\\\/wp-content\\\/uploads\\\/2020\\\/09\\\/Valvula-de-alivio-DBDS-DBDH-\u2013-Tipo-cartucho.jpg\",\"contentUrl\":\"https:\\\/\\\/actbr.com.br\\\/wp-content\\\/uploads\\\/2020\\\/09\\\/Valvula-de-alivio-DBDS-DBDH-\u2013-Tipo-cartucho.jpg\",\"width\":600,\"height\":600,\"caption\":\"V\u00e1lvula de al\u00edvio DBDS (DBDH) \u2013 Tipo cartucho\"},{\"@type\":\"BreadcrumbList\",\"@id\":\"https:\\\/\\\/actbr.com.br\\\/en\\\/produto\\\/valvula-de-alivio-tipo-cartucho-dbds-dbdh\\\/#breadcrumb\",\"itemListElement\":[{\"@type\":\"ListItem\",\"position\":1,\"name\":\"In\u00edcio\",\"item\":\"https:\\\/\\\/actbr.com.br\\\/en\\\/\"},{\"@type\":\"ListItem\",\"position\":2,\"name\":\"Produtos\",\"item\":\"https:\\\/\\\/actbr.com.br\\\/produtos-act\\\/\"},{\"@type\":\"ListItem\",\"position\":3,\"name\":\"V\u00e1lvulas Insert\u00e1veis\",\"item\":\"https:\\\/\\\/actbr.com.br\\\/en\\\/categoria-produto\\\/valvulas-insertaveis\\\/\"},{\"@type\":\"ListItem\",\"position\":4,\"name\":\"Reguladora de Press\u00e3o - Al\u00edvio\",\"item\":\"https:\\\/\\\/actbr.com.br\\\/en\\\/categoria-produto\\\/valvulas-insertaveis\\\/insertaveis-reguladora-de-pressao-alivio\\\/\"},{\"@type\":\"ListItem\",\"position\":5,\"name\":\"V\u00e1lvula de Al\u00edvio tipo Cartucho DBDS (DBDH)\"}]},{\"@type\":\"WebSite\",\"@id\":\"https:\\\/\\\/actbr.com.br\\\/en\\\/#website\",\"url\":\"https:\\\/\\\/actbr.com.br\\\/en\\\/\",\"name\":\"ACT Sistemas Hidr\u00e1ulicos\",\"description\":\"Fabrica\u00e7\u00e3o e manuten\u00e7\u00e3o de componentes \u00f3leo hidr\u00e1ulicos\",\"publisher\":{\"@id\":\"https:\\\/\\\/actbr.com.br\\\/en\\\/#organization\"},\"potentialAction\":[{\"@type\":\"SearchAction\",\"target\":{\"@type\":\"EntryPoint\",\"urlTemplate\":\"https:\\\/\\\/actbr.com.br\\\/en\\\/?s={search_term_string}\"},\"query-input\":{\"@type\":\"PropertyValueSpecification\",\"valueRequired\":true,\"valueName\":\"search_term_string\"}}],\"inLanguage\":\"en-US\"},{\"@type\":\"Organization\",\"@id\":\"https:\\\/\\\/actbr.com.br\\\/en\\\/#organization\",\"name\":\"ACT Sistemas Hidr\u00e1ulicos\",\"url\":\"https:\\\/\\\/actbr.com.br\\\/en\\\/\",\"logo\":{\"@type\":\"ImageObject\",\"inLanguage\":\"en-US\",\"@id\":\"https:\\\/\\\/actbr.com.br\\\/en\\\/#\\\/schema\\\/logo\\\/image\\\/\",\"url\":\"https:\\\/\\\/actbr.com.br\\\/wp-content\\\/uploads\\\/2025\\\/02\\\/cropped-ACT_NEGATIVO-marca-dagua.png\",\"contentUrl\":\"https:\\\/\\\/actbr.com.br\\\/wp-content\\\/uploads\\\/2025\\\/02\\\/cropped-ACT_NEGATIVO-marca-dagua.png\",\"width\":240,\"height\":146,\"caption\":\"ACT Sistemas Hidr\u00e1ulicos\"},\"image\":{\"@id\":\"https:\\\/\\\/actbr.com.br\\\/en\\\/#\\\/schema\\\/logo\\\/image\\\/\"}}]}<\/script>\n<!-- \/ Yoast SEO plugin. -->","yoast_head_json":{"title":"V\u00e1lvula de Al\u00edvio tipo Cartucho DBDS (DBDH) - ACT Sistemas Hidr\u00e1ulicos","description":"A V\u00e1lvula de Al\u00edvio DBDS (DBDH) Tipo Cartucho \u00e9 uma\u00a0 v\u00e1lvula diretamente operada, com fun\u00e7\u00e3o de limitar a press\u00e3o m\u00e1xima de uma determinada linha.","robots":{"index":"index","follow":"follow","max-snippet":"max-snippet:-1","max-image-preview":"max-image-preview:large","max-video-preview":"max-video-preview:-1"},"canonical":"https:\/\/actbr.com.br\/en\/produto\/valvula-de-alivio-tipo-cartucho-dbds-dbdh\/","og_locale":"en_US","og_type":"article","og_title":"V\u00e1lvula de Al\u00edvio tipo Cartucho DBDS (DBDH) - ACT Sistemas Hidr\u00e1ulicos","og_description":"A V\u00e1lvula de Al\u00edvio DBDS (DBDH) Tipo Cartucho \u00e9 uma\u00a0 v\u00e1lvula diretamente operada, com fun\u00e7\u00e3o de limitar a press\u00e3o m\u00e1xima de uma determinada linha.","og_url":"https:\/\/actbr.com.br\/en\/produto\/valvula-de-alivio-tipo-cartucho-dbds-dbdh\/","og_site_name":"ACT Sistemas Hidr\u00e1ulicos","article_modified_time":"2023-10-24T17:25:37+00:00","og_image":[{"width":600,"height":600,"url":"https:\/\/actbr.com.br\/wp-content\/uploads\/2020\/09\/Valvula-de-alivio-DBDS-DBDH-\u2013-Tipo-cartucho.jpg","type":"image\/jpeg"}],"twitter_card":"summary_large_image","twitter_misc":{"Est. reading time":"3 minutes"},"schema":{"@context":"https:\/\/schema.org","@graph":[{"@type":"WebPage","@id":"https:\/\/actbr.com.br\/en\/produto\/valvula-de-alivio-tipo-cartucho-dbds-dbdh\/","url":"https:\/\/actbr.com.br\/en\/produto\/valvula-de-alivio-tipo-cartucho-dbds-dbdh\/","name":"V\u00e1lvula de Al\u00edvio tipo Cartucho DBDS (DBDH) - ACT Sistemas Hidr\u00e1ulicos","isPartOf":{"@id":"https:\/\/actbr.com.br\/en\/#website"},"primaryImageOfPage":{"@id":"https:\/\/actbr.com.br\/en\/produto\/valvula-de-alivio-tipo-cartucho-dbds-dbdh\/#primaryimage"},"image":{"@id":"https:\/\/actbr.com.br\/en\/produto\/valvula-de-alivio-tipo-cartucho-dbds-dbdh\/#primaryimage"},"thumbnailUrl":"https:\/\/actbr.com.br\/wp-content\/uploads\/2020\/09\/Valvula-de-alivio-DBDS-DBDH-\u2013-Tipo-cartucho.jpg","datePublished":"2020-09-29T15:38:10+00:00","dateModified":"2023-10-24T17:25:37+00:00","description":"A V\u00e1lvula de Al\u00edvio DBDS (DBDH) Tipo Cartucho \u00e9 uma\u00a0 v\u00e1lvula diretamente operada, com fun\u00e7\u00e3o de limitar a press\u00e3o m\u00e1xima de uma determinada linha.","breadcrumb":{"@id":"https:\/\/actbr.com.br\/en\/produto\/valvula-de-alivio-tipo-cartucho-dbds-dbdh\/#breadcrumb"},"inLanguage":"en-US","potentialAction":[{"@type":"ReadAction","target":["https:\/\/actbr.com.br\/en\/produto\/valvula-de-alivio-tipo-cartucho-dbds-dbdh\/"]}]},{"@type":"ImageObject","inLanguage":"en-US","@id":"https:\/\/actbr.com.br\/en\/produto\/valvula-de-alivio-tipo-cartucho-dbds-dbdh\/#primaryimage","url":"https:\/\/actbr.com.br\/wp-content\/uploads\/2020\/09\/Valvula-de-alivio-DBDS-DBDH-\u2013-Tipo-cartucho.jpg","contentUrl":"https:\/\/actbr.com.br\/wp-content\/uploads\/2020\/09\/Valvula-de-alivio-DBDS-DBDH-\u2013-Tipo-cartucho.jpg","width":600,"height":600,"caption":"V\u00e1lvula de al\u00edvio DBDS (DBDH) \u2013 Tipo cartucho"},{"@type":"BreadcrumbList","@id":"https:\/\/actbr.com.br\/en\/produto\/valvula-de-alivio-tipo-cartucho-dbds-dbdh\/#breadcrumb","itemListElement":[{"@type":"ListItem","position":1,"name":"In\u00edcio","item":"https:\/\/actbr.com.br\/en\/"},{"@type":"ListItem","position":2,"name":"Produtos","item":"https:\/\/actbr.com.br\/produtos-act\/"},{"@type":"ListItem","position":3,"name":"V\u00e1lvulas Insert\u00e1veis","item":"https:\/\/actbr.com.br\/en\/categoria-produto\/valvulas-insertaveis\/"},{"@type":"ListItem","position":4,"name":"Reguladora de Press\u00e3o - Al\u00edvio","item":"https:\/\/actbr.com.br\/en\/categoria-produto\/valvulas-insertaveis\/insertaveis-reguladora-de-pressao-alivio\/"},{"@type":"ListItem","position":5,"name":"V\u00e1lvula de Al\u00edvio tipo Cartucho DBDS (DBDH)"}]},{"@type":"WebSite","@id":"https:\/\/actbr.com.br\/en\/#website","url":"https:\/\/actbr.com.br\/en\/","name":"ACT Sistemas Hidr\u00e1ulicos","description":"Fabrica\u00e7\u00e3o e manuten\u00e7\u00e3o de componentes \u00f3leo hidr\u00e1ulicos","publisher":{"@id":"https:\/\/actbr.com.br\/en\/#organization"},"potentialAction":[{"@type":"SearchAction","target":{"@type":"EntryPoint","urlTemplate":"https:\/\/actbr.com.br\/en\/?s={search_term_string}"},"query-input":{"@type":"PropertyValueSpecification","valueRequired":true,"valueName":"search_term_string"}}],"inLanguage":"en-US"},{"@type":"Organization","@id":"https:\/\/actbr.com.br\/en\/#organization","name":"ACT Sistemas Hidr\u00e1ulicos","url":"https:\/\/actbr.com.br\/en\/","logo":{"@type":"ImageObject","inLanguage":"en-US","@id":"https:\/\/actbr.com.br\/en\/#\/schema\/logo\/image\/","url":"https:\/\/actbr.com.br\/wp-content\/uploads\/2025\/02\/cropped-ACT_NEGATIVO-marca-dagua.png","contentUrl":"https:\/\/actbr.com.br\/wp-content\/uploads\/2025\/02\/cropped-ACT_NEGATIVO-marca-dagua.png","width":240,"height":146,"caption":"ACT Sistemas Hidr\u00e1ulicos"},"image":{"@id":"https:\/\/actbr.com.br\/en\/#\/schema\/logo\/image\/"}}]}},"_links":{"self":[{"href":"https:\/\/actbr.com.br\/en\/wp-json\/wp\/v2\/product\/3340","targetHints":{"allow":["GET"]}}],"collection":[{"href":"https:\/\/actbr.com.br\/en\/wp-json\/wp\/v2\/product"}],"about":[{"href":"https:\/\/actbr.com.br\/en\/wp-json\/wp\/v2\/types\/product"}],"wp:featuredmedia":[{"embeddable":true,"href":"https:\/\/actbr.com.br\/en\/wp-json\/wp\/v2\/media\/6878"}],"wp:attachment":[{"href":"https:\/\/actbr.com.br\/en\/wp-json\/wp\/v2\/media?parent=3340"}],"wp:term":[{"taxonomy":"product_brand","embeddable":true,"href":"https:\/\/actbr.com.br\/en\/wp-json\/wp\/v2\/product_brand?post=3340"},{"taxonomy":"product_cat","embeddable":true,"href":"https:\/\/actbr.com.br\/en\/wp-json\/wp\/v2\/product_cat?post=3340"},{"taxonomy":"product_tag","embeddable":true,"href":"https:\/\/actbr.com.br\/en\/wp-json\/wp\/v2\/product_tag?post=3340"}],"curies":[{"name":"wp","href":"https:\/\/api.w.org\/{rel}","templated":true}]}}