{"id":3373,"date":"2020-09-29T12:38:10","date_gmt":"2020-09-29T15:38:10","guid":{"rendered":"https:\/\/actbr.com.br\/produto\/valvulas-modulares-act-redutora-de-pressao-mbrv\/"},"modified":"2023-10-19T14:02:42","modified_gmt":"2023-10-19T17:02:42","slug":"valvula-modular-redutora-de-pressao-act-mbrv","status":"publish","type":"product","link":"https:\/\/actbr.com.br\/en\/produto\/valvula-modular-redutora-de-pressao-act-mbrv\/","title":{"rendered":"V\u00e1lvula Modular Redutora de Press\u00e3o ACT MBRV"},"content":{"rendered":"<div id=\"detalhes\">\n<p><strong>V\u00e1lvula Modular Redutora de Press\u00e3o \u2013 ACT MBRV<\/strong><\/p>\n<p>A V\u00e1lvula Redutora de Press\u00e3o ACT MBRV \u00e9 utilizada quando se necessita de uma press\u00e3o menor em determinado ponto do circuito em rela\u00e7\u00e3o a press\u00e3o regulada na v\u00e1lvula de al\u00edvio do sistema.<\/p>\n<p>Estas v\u00e1lvulas s\u00e3o adequadas a esta aplica\u00e7\u00e3o por serem instaladas embaixo da v\u00e1lvula direcional. A redu\u00e7\u00e3o de press\u00e3o pode ser nas tomadas &#8220;P&#8221;, &#8220;A&#8221; ou &#8220;B.<\/p>\n<p><strong>Como solicitar:<\/strong><\/p>\n<p><img decoding=\"async\" src=\"https:\/\/actbr.com.br\/wp-content\/uploads\/2020\/09\/redutora-de-pressao-act-mbrv.jpg\" alt=\"\" \/><\/p>\n<p>Curvas de performance:<\/p>\n<p><img decoding=\"async\" src=\"https:\/\/actbr.com.br\/wp-content\/uploads\/2020\/09\/mbrv-act-curvas.jpg\" alt=\"\" \/><br \/>\n<img decoding=\"async\" src=\"https:\/\/actbr.com.br\/wp-content\/uploads\/2020\/09\/mbrv-act-curvas-2.jpg\" alt=\"\" \/><\/p>\n<p>Dimens\u00f5es:<\/p>\n<p><img decoding=\"async\" src=\"https:\/\/actbr.com.br\/wp-content\/uploads\/2020\/09\/dimensoes-valvula-reguladora-de-pressao-mbrv.jpg\" alt=\"\" \/><\/p>\n<\/div>\n<p id=\"relacionados\" style=\"margin: 0px; padding: 100px 0px 0px; float: left; width: 890px; color: #4f4f4f; font-family: 'Trebuchet MS', Arial, Helvetica, sans-serif; font-size: 12px;\">\n<table id=\"tablepress-11\" class=\"tablepress tablepress-id-11 tbody-has-connected-cells\">\n<thead>\n<tr class=\"row-1\">\n\t<th colspan=\"5\" class=\"column-1\"><strong>V\u00e1lvulas Modulares<\/strong><\/th>\n<\/tr>\n<\/thead>\n<tbody class=\"row-striping row-hover\">\n<tr class=\"row-2\">\n\t<td colspan=\"2\" class=\"column-1\"><strong>ATOS<\/strong><\/td><td rowspan=\"2\" class=\"column-3\"><strong>BOSCH<\/strong><\/td><td rowspan=\"2\" class=\"column-4\"><strong>ACT<\/strong><\/td><td rowspan=\"2\" class=\"column-5\"><strong>VICKERS<\/strong><\/td>\n<\/tr>\n<tr class=\"row-3\">\n\t<td colspan=\"2\" class=\"column-1\"><strong>C\u00f3digo do Modelo<\/strong><\/td>\n<\/tr>\n<tr class=\"row-4\">\n\t<td rowspan=\"3\" class=\"column-1\"><strong>HG<\/strong><\/td><td class=\"column-2\"><span style=\"color:#000000;\"><strong>031<\/strong><\/span><span style=\"color:#000000;\">\/32\/75\/210<\/span><\/td><td class=\"column-3\">0 811 150 232\/233\/234<\/td><td class=\"column-4\">ZDR6DP2-4X\/25\/75\/150\/210YM<\/td><td class=\"column-5\">DGMX2-3-PP-A\/B\/C\/F-W<\/td>\n<\/tr>\n<tr class=\"row-5\">\n\t<td class=\"column-2\"><span style=\"color:#000000;\"><strong>033<\/strong><\/span><span style=\"color:#000000;\">\/32\/75\/210<\/span><\/td><td class=\"column-3\">0 811 150 238\/239\/240<\/td><td class=\"column-4\">ZDR6DA2-4X\/25\/75\/150\/210YM<\/td><td class=\"column-5\">DGMX2-3-PA-A\/B\/C\/F-W<\/td>\n<\/tr>\n<tr class=\"row-6\">\n\t<td class=\"column-2\"><span style=\"color:#000000;\"><strong>034<\/strong><\/span><span style=\"color:#000000;\">\/32\/75\/210<\/span><\/td><td class=\"column-3\">0 811 150 244\/245\/246<\/td><td class=\"column-4\">ZDR6DB2-4X\/25\/75\/150\/210YM<\/td><td class=\"column-5\">DGMX2-3-PB-A\/B\/C\/F-W<\/td>\n<\/tr>\n<tr class=\"row-7\">\n\t<td rowspan=\"3\" class=\"column-1\"><strong>KG<\/strong><\/td><td class=\"column-2\"><span style=\"color:#000000;\"><strong>031<\/strong><\/span><span style=\"color:#000000;\">\/100\/210<\/span><\/td><td class=\"column-3\">0 811 145 115\/116\/117\/118<\/td><td class=\"column-4\">ZDR10VP5-5X\/75\/210YM<\/td><td class=\"column-5\">DGMX2-5-PP-A\/B\/F-W<\/td>\n<\/tr>\n<tr class=\"row-8\">\n\t<td class=\"column-2\"><span style=\"color:#000000;\"><strong>033<\/strong><\/span><span style=\"color:#000000;\">\/100\/210<\/span><\/td><td class=\"column-3\">0 811 145 123\/124\/125\/126<\/td><td class=\"column-4\">ZDR10VA5-5X\/75\/210YM<\/td><td class=\"column-5\">DGMX2-5-PA-A\/B\/F-W<\/td>\n<\/tr>\n<tr class=\"row-9\">\n\t<td class=\"column-2\"><span style=\"color:#000000;\"><strong>034<\/strong><\/span><span style=\"color:#000000;\">\/100\/210<\/span><\/td><td class=\"column-3\">0 811 145 131\/132\/133\/134<\/td><td class=\"column-4\">ZDR10VB5-5X\/75\/210YM<\/td><td class=\"column-5\">DGMX2-5-PB-A\/B\/F-W<\/td>\n<\/tr>\n<tr class=\"row-10\">\n\t<td class=\"column-1\"><strong>JPG<\/strong><\/td><td class=\"column-2\"><span style=\"color:#000000;\"><strong>211<\/strong><\/span><span style=\"color:#000000;\">\/100\/210<\/span><\/td><td class=\"column-3\">-<\/td><td class=\"column-4\">-<\/td><td class=\"column-5\">DGMX-7-PP-B\/G\/H-10<\/td>\n<\/tr>\n<tr class=\"row-11\">\n\t<td class=\"column-1\"><strong>JPG<\/strong><\/td><td class=\"column-2\"><span style=\"color:#000000;\"><strong>311<\/strong><\/span><span style=\"color:#000000;\">\/100\/210<\/span><\/td><td class=\"column-3\"><\/td><td class=\"column-4\"><\/td><td class=\"column-5\">DGX-H06-2\/3<\/td>\n<\/tr>\n<\/tbody>\n<\/table>\n<!-- #tablepress-11 from cache --><\/p>\n","protected":false},"excerpt":{"rendered":"<p>A V\u00e1lvula Redutora de Press\u00e3o ACT MBRV \u00e9 utilizada quando se necessita de uma press\u00e3o menor em determinado ponto do circuito.<\/p>\n<p>&nbsp;<\/p>\n","protected":false},"featured_media":7000,"template":"","meta":[],"product_brand":[],"product_cat":[73,58],"product_tag":[],"class_list":{"0":"post-3373","1":"product","2":"type-product","3":"status-publish","4":"has-post-thumbnail","6":"product_cat-modulares-reguladora-de-pressao-redutora","7":"product_cat-valvulas-modulares","9":"first","10":"instock","11":"virtual","12":"product-type-simple"},"yoast_head":"<!-- This site is optimized with the Yoast SEO plugin v27.2 - https:\/\/yoast.com\/product\/yoast-seo-wordpress\/ -->\n<title>V\u00e1lvula Modular Redutora de Press\u00e3o ACT MBRV - ACT Sistemas Hidr\u00e1ulicos<\/title>\n<meta name=\"description\" content=\"A V\u00e1lvula Redutora de Press\u00e3o ACT MBRV \u00e9 utilizada quando se necessita de uma press\u00e3o menor em determinado ponto do circuito.\" \/>\n<meta name=\"robots\" content=\"index, follow, max-snippet:-1, max-image-preview:large, max-video-preview:-1\" \/>\n<link rel=\"canonical\" href=\"https:\/\/actbr.com.br\/en\/produto\/valvula-modular-redutora-de-pressao-act-mbrv\/\" \/>\n<meta property=\"og:locale\" content=\"en_US\" \/>\n<meta property=\"og:type\" content=\"article\" \/>\n<meta property=\"og:title\" content=\"V\u00e1lvula Modular Redutora de Press\u00e3o ACT MBRV - ACT Sistemas Hidr\u00e1ulicos\" \/>\n<meta property=\"og:description\" content=\"A V\u00e1lvula Redutora de Press\u00e3o ACT MBRV \u00e9 utilizada quando se necessita de uma press\u00e3o menor em determinado ponto do circuito.\" \/>\n<meta property=\"og:url\" content=\"https:\/\/actbr.com.br\/en\/produto\/valvula-modular-redutora-de-pressao-act-mbrv\/\" \/>\n<meta property=\"og:site_name\" content=\"ACT Sistemas Hidr\u00e1ulicos\" \/>\n<meta property=\"article:modified_time\" content=\"2023-10-19T17:02:42+00:00\" \/>\n<meta property=\"og:image\" content=\"https:\/\/actbr.com.br\/wp-content\/uploads\/2020\/09\/Valvulas-Modulares-ACT-Redutora-de-Pressao-MBRV.jpg\" \/>\n\t<meta property=\"og:image:width\" content=\"688\" \/>\n\t<meta property=\"og:image:height\" content=\"501\" \/>\n\t<meta property=\"og:image:type\" content=\"image\/jpeg\" \/>\n<meta name=\"twitter:card\" content=\"summary_large_image\" \/>\n<meta name=\"twitter:label1\" content=\"Est. reading time\" \/>\n\t<meta name=\"twitter:data1\" content=\"2 minutes\" \/>\n<script type=\"application\/ld+json\" class=\"yoast-schema-graph\">{\"@context\":\"https:\/\/schema.org\",\"@graph\":[{\"@type\":\"WebPage\",\"@id\":\"https:\/\/actbr.com.br\/en\/produto\/valvula-modular-redutora-de-pressao-act-mbrv\/\",\"url\":\"https:\/\/actbr.com.br\/en\/produto\/valvula-modular-redutora-de-pressao-act-mbrv\/\",\"name\":\"V\u00e1lvula Modular Redutora de Press\u00e3o ACT MBRV - ACT Sistemas Hidr\u00e1ulicos\",\"isPartOf\":{\"@id\":\"https:\/\/actbr.com.br\/en\/#website\"},\"primaryImageOfPage\":{\"@id\":\"https:\/\/actbr.com.br\/en\/produto\/valvula-modular-redutora-de-pressao-act-mbrv\/#primaryimage\"},\"image\":{\"@id\":\"https:\/\/actbr.com.br\/en\/produto\/valvula-modular-redutora-de-pressao-act-mbrv\/#primaryimage\"},\"thumbnailUrl\":\"https:\/\/actbr.com.br\/wp-content\/uploads\/2020\/09\/Valvulas-Modulares-ACT-Redutora-de-Pressao-MBRV.jpg\",\"datePublished\":\"2020-09-29T15:38:10+00:00\",\"dateModified\":\"2023-10-19T17:02:42+00:00\",\"description\":\"A V\u00e1lvula Redutora de Press\u00e3o ACT MBRV \u00e9 utilizada quando se necessita de uma press\u00e3o menor em determinado ponto do circuito.\",\"breadcrumb\":{\"@id\":\"https:\/\/actbr.com.br\/en\/produto\/valvula-modular-redutora-de-pressao-act-mbrv\/#breadcrumb\"},\"inLanguage\":\"en-US\",\"potentialAction\":[{\"@type\":\"ReadAction\",\"target\":[\"https:\/\/actbr.com.br\/en\/produto\/valvula-modular-redutora-de-pressao-act-mbrv\/\"]}]},{\"@type\":\"ImageObject\",\"inLanguage\":\"en-US\",\"@id\":\"https:\/\/actbr.com.br\/en\/produto\/valvula-modular-redutora-de-pressao-act-mbrv\/#primaryimage\",\"url\":\"https:\/\/actbr.com.br\/wp-content\/uploads\/2020\/09\/Valvulas-Modulares-ACT-Redutora-de-Pressao-MBRV.jpg\",\"contentUrl\":\"https:\/\/actbr.com.br\/wp-content\/uploads\/2020\/09\/Valvulas-Modulares-ACT-Redutora-de-Pressao-MBRV.jpg\",\"width\":688,\"height\":501,\"caption\":\"V\u00e1lvula Modular Redutora de Press\u00e3o \u2013 ACT MBRV\"},{\"@type\":\"BreadcrumbList\",\"@id\":\"https:\/\/actbr.com.br\/en\/produto\/valvula-modular-redutora-de-pressao-act-mbrv\/#breadcrumb\",\"itemListElement\":[{\"@type\":\"ListItem\",\"position\":1,\"name\":\"In\u00edcio\",\"item\":\"https:\/\/actbr.com.br\/en\/\"},{\"@type\":\"ListItem\",\"position\":2,\"name\":\"Produtos\",\"item\":\"https:\/\/actbr.com.br\/produtos-act\/\"},{\"@type\":\"ListItem\",\"position\":3,\"name\":\"V\u00e1lvulas Modulares\",\"item\":\"https:\/\/actbr.com.br\/en\/categoria-produto\/valvulas-modulares\/\"},{\"@type\":\"ListItem\",\"position\":4,\"name\":\"Reguladora de Press\u00e3o - Redutora\",\"item\":\"https:\/\/actbr.com.br\/en\/categoria-produto\/valvulas-modulares\/modulares-reguladora-de-pressao-redutora\/\"},{\"@type\":\"ListItem\",\"position\":5,\"name\":\"V\u00e1lvula Modular Redutora de Press\u00e3o ACT MBRV\"}]},{\"@type\":\"WebSite\",\"@id\":\"https:\/\/actbr.com.br\/en\/#website\",\"url\":\"https:\/\/actbr.com.br\/en\/\",\"name\":\"ACT Sistemas Hidr\u00e1ulicos\",\"description\":\"Fabrica\u00e7\u00e3o e manuten\u00e7\u00e3o de componentes \u00f3leo hidr\u00e1ulicos\",\"publisher\":{\"@id\":\"https:\/\/actbr.com.br\/en\/#organization\"},\"potentialAction\":[{\"@type\":\"SearchAction\",\"target\":{\"@type\":\"EntryPoint\",\"urlTemplate\":\"https:\/\/actbr.com.br\/en\/?s={search_term_string}\"},\"query-input\":{\"@type\":\"PropertyValueSpecification\",\"valueRequired\":true,\"valueName\":\"search_term_string\"}}],\"inLanguage\":\"en-US\"},{\"@type\":\"Organization\",\"@id\":\"https:\/\/actbr.com.br\/en\/#organization\",\"name\":\"ACT Sistemas Hidr\u00e1ulicos\",\"url\":\"https:\/\/actbr.com.br\/en\/\",\"logo\":{\"@type\":\"ImageObject\",\"inLanguage\":\"en-US\",\"@id\":\"https:\/\/actbr.com.br\/en\/#\/schema\/logo\/image\/\",\"url\":\"https:\/\/actbr.com.br\/wp-content\/uploads\/2025\/02\/cropped-ACT_NEGATIVO-marca-dagua.png\",\"contentUrl\":\"https:\/\/actbr.com.br\/wp-content\/uploads\/2025\/02\/cropped-ACT_NEGATIVO-marca-dagua.png\",\"width\":240,\"height\":146,\"caption\":\"ACT Sistemas Hidr\u00e1ulicos\"},\"image\":{\"@id\":\"https:\/\/actbr.com.br\/en\/#\/schema\/logo\/image\/\"}}]}<\/script>\n<!-- \/ Yoast SEO plugin. -->","yoast_head_json":{"title":"V\u00e1lvula Modular Redutora de Press\u00e3o ACT MBRV - ACT Sistemas Hidr\u00e1ulicos","description":"A V\u00e1lvula Redutora de Press\u00e3o ACT MBRV \u00e9 utilizada quando se necessita de uma press\u00e3o menor em determinado ponto do circuito.","robots":{"index":"index","follow":"follow","max-snippet":"max-snippet:-1","max-image-preview":"max-image-preview:large","max-video-preview":"max-video-preview:-1"},"canonical":"https:\/\/actbr.com.br\/en\/produto\/valvula-modular-redutora-de-pressao-act-mbrv\/","og_locale":"en_US","og_type":"article","og_title":"V\u00e1lvula Modular Redutora de Press\u00e3o ACT MBRV - ACT Sistemas Hidr\u00e1ulicos","og_description":"A V\u00e1lvula Redutora de Press\u00e3o ACT MBRV \u00e9 utilizada quando se necessita de uma press\u00e3o menor em determinado ponto do circuito.","og_url":"https:\/\/actbr.com.br\/en\/produto\/valvula-modular-redutora-de-pressao-act-mbrv\/","og_site_name":"ACT Sistemas Hidr\u00e1ulicos","article_modified_time":"2023-10-19T17:02:42+00:00","og_image":[{"width":688,"height":501,"url":"https:\/\/actbr.com.br\/wp-content\/uploads\/2020\/09\/Valvulas-Modulares-ACT-Redutora-de-Pressao-MBRV.jpg","type":"image\/jpeg"}],"twitter_card":"summary_large_image","twitter_misc":{"Est. reading time":"2 minutes"},"schema":{"@context":"https:\/\/schema.org","@graph":[{"@type":"WebPage","@id":"https:\/\/actbr.com.br\/en\/produto\/valvula-modular-redutora-de-pressao-act-mbrv\/","url":"https:\/\/actbr.com.br\/en\/produto\/valvula-modular-redutora-de-pressao-act-mbrv\/","name":"V\u00e1lvula Modular Redutora de Press\u00e3o ACT MBRV - ACT Sistemas Hidr\u00e1ulicos","isPartOf":{"@id":"https:\/\/actbr.com.br\/en\/#website"},"primaryImageOfPage":{"@id":"https:\/\/actbr.com.br\/en\/produto\/valvula-modular-redutora-de-pressao-act-mbrv\/#primaryimage"},"image":{"@id":"https:\/\/actbr.com.br\/en\/produto\/valvula-modular-redutora-de-pressao-act-mbrv\/#primaryimage"},"thumbnailUrl":"https:\/\/actbr.com.br\/wp-content\/uploads\/2020\/09\/Valvulas-Modulares-ACT-Redutora-de-Pressao-MBRV.jpg","datePublished":"2020-09-29T15:38:10+00:00","dateModified":"2023-10-19T17:02:42+00:00","description":"A V\u00e1lvula Redutora de Press\u00e3o ACT MBRV \u00e9 utilizada quando se necessita de uma press\u00e3o menor em determinado ponto do circuito.","breadcrumb":{"@id":"https:\/\/actbr.com.br\/en\/produto\/valvula-modular-redutora-de-pressao-act-mbrv\/#breadcrumb"},"inLanguage":"en-US","potentialAction":[{"@type":"ReadAction","target":["https:\/\/actbr.com.br\/en\/produto\/valvula-modular-redutora-de-pressao-act-mbrv\/"]}]},{"@type":"ImageObject","inLanguage":"en-US","@id":"https:\/\/actbr.com.br\/en\/produto\/valvula-modular-redutora-de-pressao-act-mbrv\/#primaryimage","url":"https:\/\/actbr.com.br\/wp-content\/uploads\/2020\/09\/Valvulas-Modulares-ACT-Redutora-de-Pressao-MBRV.jpg","contentUrl":"https:\/\/actbr.com.br\/wp-content\/uploads\/2020\/09\/Valvulas-Modulares-ACT-Redutora-de-Pressao-MBRV.jpg","width":688,"height":501,"caption":"V\u00e1lvula Modular Redutora de Press\u00e3o \u2013 ACT MBRV"},{"@type":"BreadcrumbList","@id":"https:\/\/actbr.com.br\/en\/produto\/valvula-modular-redutora-de-pressao-act-mbrv\/#breadcrumb","itemListElement":[{"@type":"ListItem","position":1,"name":"In\u00edcio","item":"https:\/\/actbr.com.br\/en\/"},{"@type":"ListItem","position":2,"name":"Produtos","item":"https:\/\/actbr.com.br\/produtos-act\/"},{"@type":"ListItem","position":3,"name":"V\u00e1lvulas Modulares","item":"https:\/\/actbr.com.br\/en\/categoria-produto\/valvulas-modulares\/"},{"@type":"ListItem","position":4,"name":"Reguladora de Press\u00e3o - Redutora","item":"https:\/\/actbr.com.br\/en\/categoria-produto\/valvulas-modulares\/modulares-reguladora-de-pressao-redutora\/"},{"@type":"ListItem","position":5,"name":"V\u00e1lvula Modular Redutora de Press\u00e3o ACT MBRV"}]},{"@type":"WebSite","@id":"https:\/\/actbr.com.br\/en\/#website","url":"https:\/\/actbr.com.br\/en\/","name":"ACT Sistemas Hidr\u00e1ulicos","description":"Fabrica\u00e7\u00e3o e manuten\u00e7\u00e3o de componentes \u00f3leo hidr\u00e1ulicos","publisher":{"@id":"https:\/\/actbr.com.br\/en\/#organization"},"potentialAction":[{"@type":"SearchAction","target":{"@type":"EntryPoint","urlTemplate":"https:\/\/actbr.com.br\/en\/?s={search_term_string}"},"query-input":{"@type":"PropertyValueSpecification","valueRequired":true,"valueName":"search_term_string"}}],"inLanguage":"en-US"},{"@type":"Organization","@id":"https:\/\/actbr.com.br\/en\/#organization","name":"ACT Sistemas Hidr\u00e1ulicos","url":"https:\/\/actbr.com.br\/en\/","logo":{"@type":"ImageObject","inLanguage":"en-US","@id":"https:\/\/actbr.com.br\/en\/#\/schema\/logo\/image\/","url":"https:\/\/actbr.com.br\/wp-content\/uploads\/2025\/02\/cropped-ACT_NEGATIVO-marca-dagua.png","contentUrl":"https:\/\/actbr.com.br\/wp-content\/uploads\/2025\/02\/cropped-ACT_NEGATIVO-marca-dagua.png","width":240,"height":146,"caption":"ACT Sistemas Hidr\u00e1ulicos"},"image":{"@id":"https:\/\/actbr.com.br\/en\/#\/schema\/logo\/image\/"}}]}},"_links":{"self":[{"href":"https:\/\/actbr.com.br\/en\/wp-json\/wp\/v2\/product\/3373","targetHints":{"allow":["GET"]}}],"collection":[{"href":"https:\/\/actbr.com.br\/en\/wp-json\/wp\/v2\/product"}],"about":[{"href":"https:\/\/actbr.com.br\/en\/wp-json\/wp\/v2\/types\/product"}],"wp:featuredmedia":[{"embeddable":true,"href":"https:\/\/actbr.com.br\/en\/wp-json\/wp\/v2\/media\/7000"}],"wp:attachment":[{"href":"https:\/\/actbr.com.br\/en\/wp-json\/wp\/v2\/media?parent=3373"}],"wp:term":[{"taxonomy":"product_brand","embeddable":true,"href":"https:\/\/actbr.com.br\/en\/wp-json\/wp\/v2\/product_brand?post=3373"},{"taxonomy":"product_cat","embeddable":true,"href":"https:\/\/actbr.com.br\/en\/wp-json\/wp\/v2\/product_cat?post=3373"},{"taxonomy":"product_tag","embeddable":true,"href":"https:\/\/actbr.com.br\/en\/wp-json\/wp\/v2\/product_tag?post=3373"}],"curies":[{"name":"wp","href":"https:\/\/api.w.org\/{rel}","templated":true}]}}