{"id":3387,"date":"2020-09-29T12:39:28","date_gmt":"2020-09-29T15:39:28","guid":{"rendered":"https:\/\/actbr.com.br\/produto\/valvulas-modulares-act-reguladora-de-vazao-mtcv\/"},"modified":"2023-10-19T09:19:57","modified_gmt":"2023-10-19T12:19:57","slug":"valvula-modular-reguladora-de-vazao-mtcv","status":"publish","type":"product","link":"https:\/\/actbr.com.br\/en\/produto\/valvula-modular-reguladora-de-vazao-mtcv\/","title":{"rendered":"V\u00e1lvula Modular Reguladora de Vaz\u00e3o MTCV"},"content":{"rendered":"<div id=\"detalhes\">\n<p><strong>V\u00e1lvula Modular ACT &#8211; Reguladora de vaz\u00e3o &#8211; MTCV<\/strong><\/p>\n<p>Dispon\u00edveis nas configura\u00e7\u00f5es simples (linha &#8220;A&#8221; ou &#8220;B&#8221;) ou dupla (&#8220;A&#8221; e &#8220;B&#8221;), s\u00e3o fabricadas com corpo de a\u00e7o de grande durabilidade e resist\u00eancia, proporcionando um longa vida \u00fatil.<\/p>\n<p>O sistema de controle de fluxo permite um ajuste fino nas primeiras tr\u00eas voltas e um ajusto normal nas tr\u00eas \u00faltimas, al\u00e9m de permitir a configura\u00e7\u00e3o de regulagem na entrada ou sa\u00edda do atuador.<\/p>\n<p><strong>Reguladora de Vaz\u00e3o MTCV-02:<\/strong><br \/>\nMTCV-02-A-K; MTCV-02-B-K; MTCV-02-W-K &#8211; V\u00e1lvula TN6, trabalha em press\u00f5es de at\u00e9 315 bar e com vaz\u00e3o m\u00e1xima de 40 litros por minuto.<\/p>\n<p><strong>Reguladora de Vaz\u00e3o MTCV-03:<\/strong><br \/>\nMTCV-03-A-K; MTCV-03-B-K; MTCV-03-W-K &#8211; V\u00e1lvula TN10, trabalha em press\u00f5es de at\u00e9 315 bar e com vaz\u00e3o m\u00e1xima de 80 litros por minuto.<\/p>\n<p><strong>Princ\u00edpio de funcionamento:<\/strong><\/p>\n<p><img decoding=\"async\" src=\"https:\/\/actbr.com.br\/wp-content\/uploads\/2020\/09\/reguladora-de-vazao-act.jpg\" alt=\"\" \/><\/p>\n<p><strong>Semelhantes as v\u00e1lvulas:<\/strong><\/p>\n<table border=\"1\" width=\"747\" cellspacing=\"0\" cellpadding=\"0\">\n<tbody>\n<tr>\n<td nowrap=\"nowrap\">\n<p align=\"center\">ATOS<\/p>\n<\/td>\n<td nowrap=\"nowrap\">\n<p align=\"center\">BOSCH<\/p>\n<\/td>\n<td nowrap=\"nowrap\">\n<p align=\"center\">REXROTH<\/p>\n<\/td>\n<td nowrap=\"nowrap\">\n<p align=\"center\">VICKERS<\/p>\n<\/td>\n<\/tr>\n<tr>\n<td nowrap=\"nowrap\">\n<p align=\"center\">HQ-012(\/U)<\/p>\n<\/td>\n<td nowrap=\"nowrap\">\n<p align=\"center\">0 811 324 015<\/p>\n<\/td>\n<td nowrap=\"nowrap\">\n<p align=\"center\">Z2FS6-2-4X\/2Q(\/1Q)<\/p>\n<\/td>\n<td nowrap=\"nowrap\">\n<p align=\"center\">DGMFN-3-YA2W-B2X<\/p>\n<\/td>\n<\/tr>\n<\/tbody>\n<\/table>\n<\/div>\n<p>&nbsp;<\/p>\n\n<table id=\"tablepress-8\" class=\"tablepress tablepress-id-8 tbody-has-connected-cells\">\n<thead>\n<tr class=\"row-1\">\n\t<th colspan=\"6\" class=\"column-1\"><strong>V\u00e1lvulas Modulares<\/strong><\/th><td class=\"column-7\"><\/td>\n<\/tr>\n<\/thead>\n<tbody class=\"row-striping row-hover\">\n<tr class=\"row-2\">\n\t<td colspan=\"3\" class=\"column-1\"><strong>ATOS<\/strong><\/td><td rowspan=\"2\" class=\"column-4\"><strong>BOSCH<\/strong><\/td><td rowspan=\"2\" class=\"column-5\"><strong>ACT<\/strong><\/td><td rowspan=\"2\" class=\"column-6\"><strong>VICKERS<\/strong><\/td><td class=\"column-7\"><\/td>\n<\/tr>\n<tr class=\"row-3\">\n\t<td class=\"column-1\"><strong>TAB<\/strong><\/td><td colspan=\"2\" class=\"column-2\"><strong>C\u00d3DIGO DO MODELO<\/strong><\/td><td class=\"column-7\"><\/td>\n<\/tr>\n<tr class=\"row-4\">\n\t<td rowspan=\"6\" class=\"column-1\">D160<\/td><td rowspan=\"6\" class=\"column-2\">HQ<\/td><td class=\"column-3\">012(\/U)<\/td><td class=\"column-4\">0 811 324 015<\/td><td class=\"column-5\">Z2FS6-2-4X\/2Q(\/1Q)<\/td><td class=\"column-6\">DGMFN-3Y-A2W-B2W<\/td><td class=\"column-7\"><\/td>\n<\/tr>\n<tr class=\"row-5\">\n\t<td class=\"column-3\">013(\/U)<\/td><td class=\"column-4\">-<\/td><td class=\"column-5\">Z2FS6A2-4X\/2Q(\/1Q)<\/td><td class=\"column-6\">DGMFN-3-Y-A2W<\/td><td class=\"column-7\"><\/td>\n<\/tr>\n<tr class=\"row-6\">\n\t<td class=\"column-3\">014(\/U)<\/td><td class=\"column-4\">-<\/td><td class=\"column-5\">Z2FS6B2-4X\/2Q(\/1Q)<\/td><td class=\"column-6\">DGMFN-3Y-B2W<\/td><td class=\"column-7\"><\/td>\n<\/tr>\n<tr class=\"row-7\">\n\t<td class=\"column-3\">022(\/U)<\/td><td class=\"column-4\">0 811 324 016<\/td><td class=\"column-5\">Z2FS6-2-4X\/2Q(\/1Q)<\/td><td class=\"column-6\">DGMFN-3-X-A2W-B2W<\/td><td class=\"column-7\"><\/td>\n<\/tr>\n<tr class=\"row-8\">\n\t<td class=\"column-3\">023(\/U)<\/td><td class=\"column-4\">1 811 324 017<\/td><td class=\"column-5\">Z2FS6A2-4X\/2Q(\/1Q)<\/td><td class=\"column-6\">DGMFN-3-X-A2W<\/td><td class=\"column-7\"><\/td>\n<\/tr>\n<tr class=\"row-9\">\n\t<td class=\"column-3\">024(\/U)<\/td><td class=\"column-4\">-<\/td><td class=\"column-5\">Z2FS6B2-4X\/2Q(\/1Q)<\/td><td class=\"column-6\">DGMFN-3-X-B2W<\/td><td class=\"column-7\"><\/td>\n<\/tr>\n<tr class=\"row-10\">\n\t<td rowspan=\"6\" class=\"column-1\">D160<\/td><td rowspan=\"6\" class=\"column-2\">KQ<\/td><td class=\"column-3\">012<\/td><td class=\"column-4\">0 811 320 025<\/td><td class=\"column-5\">Z2FS10-5-3X<\/td><td class=\"column-6\">DGMFN-5-Y-A2W-B2W<\/td><td class=\"column-7\"><\/td>\n<\/tr>\n<tr class=\"row-11\">\n\t<td class=\"column-3\">013<\/td><td class=\"column-4\">-<\/td><td class=\"column-5\">Z2FS10A-5-3X\/S2<\/td><td class=\"column-6\">DGMFN-5-X-A2W-B2W<\/td><td class=\"column-7\"><\/td>\n<\/tr>\n<tr class=\"row-12\">\n\t<td class=\"column-3\">014<\/td><td class=\"column-4\">-<\/td><td class=\"column-5\">Z2FS10B5-3X\/S2<\/td><td class=\"column-6\">DGMFN-5-Y-A2W<\/td><td class=\"column-7\"><\/td>\n<\/tr>\n<tr class=\"row-13\">\n\t<td class=\"column-3\">022<\/td><td class=\"column-4\">0 811 320 025<\/td><td class=\"column-5\">Z2FS10B5-3X<\/td><td class=\"column-6\">DGMFN-5-Y-B2W<\/td><td class=\"column-7\"><\/td>\n<\/tr>\n<tr class=\"row-14\">\n\t<td class=\"column-3\">023<\/td><td class=\"column-4\">-<\/td><td class=\"column-5\">Z2FS10A5-3X\/S<\/td><td class=\"column-6\">DGMFN-5-X-A2W<\/td><td class=\"column-7\"><\/td>\n<\/tr>\n<tr class=\"row-15\">\n\t<td class=\"column-3\">024<\/td><td class=\"column-4\">-<\/td><td class=\"column-5\">Z2FS10B5-3X\/S<\/td><td class=\"column-6\">DGMFN-5-X-B2W<\/td><td class=\"column-7\"><\/td>\n<\/tr>\n<tr class=\"row-16\">\n\t<td rowspan=\"4\" class=\"column-1\">D160<\/td><td rowspan=\"4\" class=\"column-2\">JPQ<\/td><td class=\"column-3\">212<\/td><td class=\"column-4\">0 811 321 050<\/td><td class=\"column-5\">Z2FS16-3X\/S2<\/td><td class=\"column-6\">DGMFN-7-Y-A2H-B2H<\/td><td class=\"column-7\"><\/td>\n<\/tr>\n<tr class=\"row-17\">\n\t<td class=\"column-3\">213<\/td><td class=\"column-4\">-<\/td><td class=\"column-5\">-<\/td><td class=\"column-6\">DGMFN-7-Y-A2H<\/td><td class=\"column-7\"><\/td>\n<\/tr>\n<tr class=\"row-18\">\n\t<td class=\"column-3\">214<\/td><td class=\"column-4\">-<\/td><td class=\"column-5\">-<\/td><td class=\"column-6\">DGMFN-7-Y-B2H<\/td><td class=\"column-7\"><\/td>\n<\/tr>\n<tr class=\"row-19\">\n\t<td class=\"column-3\">222<\/td><td class=\"column-4\">-<\/td><td class=\"column-5\">Z2FS16-3X\/S<\/td><td class=\"column-6\">-<\/td><td class=\"column-7\"><\/td>\n<\/tr>\n<\/tbody>\n<\/table>\n<!-- #tablepress-8 from cache -->\n","protected":false},"excerpt":{"rendered":"<p>Veja aqui as op\u00e7\u00f5es de configura\u00e7\u00e3o e como pedir a V\u00e1lvula Modular ACT &#8211; Reguladora de vaz\u00e3o &#8211; MTCV. Consulte nossa equipe de vendas para saber mais.<\/p>\n","protected":false},"featured_media":6940,"template":"","meta":[],"product_brand":[],"product_cat":[75,58],"product_tag":[],"class_list":{"0":"post-3387","1":"product","2":"type-product","3":"status-publish","4":"has-post-thumbnail","6":"product_cat-reguladora-de-vazao","7":"product_cat-valvulas-modulares","9":"first","10":"instock","11":"virtual","12":"product-type-simple"},"yoast_head":"<!-- This site is optimized with the Yoast SEO plugin v27.2 - https:\/\/yoast.com\/product\/yoast-seo-wordpress\/ -->\n<title>V\u00e1lvula Modular Reguladora de Vaz\u00e3o MTCV - ACT Sistemas Hidr\u00e1ulicos<\/title>\n<meta name=\"description\" content=\"Veja aqui as op\u00e7\u00f5es de configura\u00e7\u00e3o e como pedir a V\u00e1lvula Modular ACT - Reguladora de vaz\u00e3o - MTCV. Consulte nossa equipe de vendas para saber mais.\" \/>\n<meta name=\"robots\" content=\"index, follow, max-snippet:-1, max-image-preview:large, max-video-preview:-1\" \/>\n<link rel=\"canonical\" href=\"https:\/\/actbr.com.br\/en\/produto\/valvula-modular-reguladora-de-vazao-mtcv\/\" \/>\n<meta property=\"og:locale\" content=\"en_US\" \/>\n<meta property=\"og:type\" content=\"article\" \/>\n<meta property=\"og:title\" content=\"V\u00e1lvula Modular Reguladora de Vaz\u00e3o MTCV - ACT Sistemas Hidr\u00e1ulicos\" \/>\n<meta property=\"og:description\" content=\"Veja aqui as op\u00e7\u00f5es de configura\u00e7\u00e3o e como pedir a V\u00e1lvula Modular ACT - Reguladora de vaz\u00e3o - MTCV. Consulte nossa equipe de vendas para saber mais.\" \/>\n<meta property=\"og:url\" content=\"https:\/\/actbr.com.br\/en\/produto\/valvula-modular-reguladora-de-vazao-mtcv\/\" \/>\n<meta property=\"og:site_name\" content=\"ACT Sistemas Hidr\u00e1ulicos\" \/>\n<meta property=\"article:modified_time\" content=\"2023-10-19T12:19:57+00:00\" \/>\n<meta property=\"og:image\" content=\"https:\/\/actbr.com.br\/wp-content\/uploads\/2020\/09\/Valvulas-modulares-ACT-Reguladora-de-vazao-MTCV.jpg\" \/>\n\t<meta property=\"og:image:width\" content=\"646\" \/>\n\t<meta property=\"og:image:height\" content=\"342\" \/>\n\t<meta property=\"og:image:type\" content=\"image\/jpeg\" \/>\n<meta name=\"twitter:card\" content=\"summary_large_image\" \/>\n<meta name=\"twitter:label1\" content=\"Est. reading time\" \/>\n\t<meta name=\"twitter:data1\" content=\"1 minute\" \/>\n<script type=\"application\/ld+json\" class=\"yoast-schema-graph\">{\"@context\":\"https:\/\/schema.org\",\"@graph\":[{\"@type\":\"WebPage\",\"@id\":\"https:\/\/actbr.com.br\/en\/produto\/valvula-modular-reguladora-de-vazao-mtcv\/\",\"url\":\"https:\/\/actbr.com.br\/en\/produto\/valvula-modular-reguladora-de-vazao-mtcv\/\",\"name\":\"V\u00e1lvula Modular Reguladora de Vaz\u00e3o MTCV - ACT Sistemas Hidr\u00e1ulicos\",\"isPartOf\":{\"@id\":\"https:\/\/actbr.com.br\/en\/#website\"},\"primaryImageOfPage\":{\"@id\":\"https:\/\/actbr.com.br\/en\/produto\/valvula-modular-reguladora-de-vazao-mtcv\/#primaryimage\"},\"image\":{\"@id\":\"https:\/\/actbr.com.br\/en\/produto\/valvula-modular-reguladora-de-vazao-mtcv\/#primaryimage\"},\"thumbnailUrl\":\"https:\/\/actbr.com.br\/wp-content\/uploads\/2020\/09\/Valvulas-modulares-ACT-Reguladora-de-vazao-MTCV.jpg\",\"datePublished\":\"2020-09-29T15:39:28+00:00\",\"dateModified\":\"2023-10-19T12:19:57+00:00\",\"description\":\"Veja aqui as op\u00e7\u00f5es de configura\u00e7\u00e3o e como pedir a V\u00e1lvula Modular ACT - Reguladora de vaz\u00e3o - MTCV. Consulte nossa equipe de vendas para saber mais.\",\"breadcrumb\":{\"@id\":\"https:\/\/actbr.com.br\/en\/produto\/valvula-modular-reguladora-de-vazao-mtcv\/#breadcrumb\"},\"inLanguage\":\"en-US\",\"potentialAction\":[{\"@type\":\"ReadAction\",\"target\":[\"https:\/\/actbr.com.br\/en\/produto\/valvula-modular-reguladora-de-vazao-mtcv\/\"]}]},{\"@type\":\"ImageObject\",\"inLanguage\":\"en-US\",\"@id\":\"https:\/\/actbr.com.br\/en\/produto\/valvula-modular-reguladora-de-vazao-mtcv\/#primaryimage\",\"url\":\"https:\/\/actbr.com.br\/wp-content\/uploads\/2020\/09\/Valvulas-modulares-ACT-Reguladora-de-vazao-MTCV.jpg\",\"contentUrl\":\"https:\/\/actbr.com.br\/wp-content\/uploads\/2020\/09\/Valvulas-modulares-ACT-Reguladora-de-vazao-MTCV.jpg\",\"width\":646,\"height\":342},{\"@type\":\"BreadcrumbList\",\"@id\":\"https:\/\/actbr.com.br\/en\/produto\/valvula-modular-reguladora-de-vazao-mtcv\/#breadcrumb\",\"itemListElement\":[{\"@type\":\"ListItem\",\"position\":1,\"name\":\"In\u00edcio\",\"item\":\"https:\/\/actbr.com.br\/en\/\"},{\"@type\":\"ListItem\",\"position\":2,\"name\":\"Produtos\",\"item\":\"https:\/\/actbr.com.br\/produtos-act\/\"},{\"@type\":\"ListItem\",\"position\":3,\"name\":\"V\u00e1lvulas Modulares\",\"item\":\"https:\/\/actbr.com.br\/en\/categoria-produto\/valvulas-modulares\/\"},{\"@type\":\"ListItem\",\"position\":4,\"name\":\"Reguladora de Vaz\u00e3o\",\"item\":\"https:\/\/actbr.com.br\/en\/categoria-produto\/valvulas-modulares\/reguladora-de-vazao\/\"},{\"@type\":\"ListItem\",\"position\":5,\"name\":\"V\u00e1lvula Modular Reguladora de Vaz\u00e3o MTCV\"}]},{\"@type\":\"WebSite\",\"@id\":\"https:\/\/actbr.com.br\/en\/#website\",\"url\":\"https:\/\/actbr.com.br\/en\/\",\"name\":\"ACT Sistemas Hidr\u00e1ulicos\",\"description\":\"Fabrica\u00e7\u00e3o e manuten\u00e7\u00e3o de componentes \u00f3leo hidr\u00e1ulicos\",\"publisher\":{\"@id\":\"https:\/\/actbr.com.br\/en\/#organization\"},\"potentialAction\":[{\"@type\":\"SearchAction\",\"target\":{\"@type\":\"EntryPoint\",\"urlTemplate\":\"https:\/\/actbr.com.br\/en\/?s={search_term_string}\"},\"query-input\":{\"@type\":\"PropertyValueSpecification\",\"valueRequired\":true,\"valueName\":\"search_term_string\"}}],\"inLanguage\":\"en-US\"},{\"@type\":\"Organization\",\"@id\":\"https:\/\/actbr.com.br\/en\/#organization\",\"name\":\"ACT Sistemas Hidr\u00e1ulicos\",\"url\":\"https:\/\/actbr.com.br\/en\/\",\"logo\":{\"@type\":\"ImageObject\",\"inLanguage\":\"en-US\",\"@id\":\"https:\/\/actbr.com.br\/en\/#\/schema\/logo\/image\/\",\"url\":\"https:\/\/actbr.com.br\/wp-content\/uploads\/2025\/02\/cropped-ACT_NEGATIVO-marca-dagua.png\",\"contentUrl\":\"https:\/\/actbr.com.br\/wp-content\/uploads\/2025\/02\/cropped-ACT_NEGATIVO-marca-dagua.png\",\"width\":240,\"height\":146,\"caption\":\"ACT Sistemas Hidr\u00e1ulicos\"},\"image\":{\"@id\":\"https:\/\/actbr.com.br\/en\/#\/schema\/logo\/image\/\"}}]}<\/script>\n<!-- \/ Yoast SEO plugin. -->","yoast_head_json":{"title":"V\u00e1lvula Modular Reguladora de Vaz\u00e3o MTCV - ACT Sistemas Hidr\u00e1ulicos","description":"Veja aqui as op\u00e7\u00f5es de configura\u00e7\u00e3o e como pedir a V\u00e1lvula Modular ACT - Reguladora de vaz\u00e3o - MTCV. Consulte nossa equipe de vendas para saber mais.","robots":{"index":"index","follow":"follow","max-snippet":"max-snippet:-1","max-image-preview":"max-image-preview:large","max-video-preview":"max-video-preview:-1"},"canonical":"https:\/\/actbr.com.br\/en\/produto\/valvula-modular-reguladora-de-vazao-mtcv\/","og_locale":"en_US","og_type":"article","og_title":"V\u00e1lvula Modular Reguladora de Vaz\u00e3o MTCV - ACT Sistemas Hidr\u00e1ulicos","og_description":"Veja aqui as op\u00e7\u00f5es de configura\u00e7\u00e3o e como pedir a V\u00e1lvula Modular ACT - Reguladora de vaz\u00e3o - MTCV. Consulte nossa equipe de vendas para saber mais.","og_url":"https:\/\/actbr.com.br\/en\/produto\/valvula-modular-reguladora-de-vazao-mtcv\/","og_site_name":"ACT Sistemas Hidr\u00e1ulicos","article_modified_time":"2023-10-19T12:19:57+00:00","og_image":[{"width":646,"height":342,"url":"https:\/\/actbr.com.br\/wp-content\/uploads\/2020\/09\/Valvulas-modulares-ACT-Reguladora-de-vazao-MTCV.jpg","type":"image\/jpeg"}],"twitter_card":"summary_large_image","twitter_misc":{"Est. reading time":"1 minute"},"schema":{"@context":"https:\/\/schema.org","@graph":[{"@type":"WebPage","@id":"https:\/\/actbr.com.br\/en\/produto\/valvula-modular-reguladora-de-vazao-mtcv\/","url":"https:\/\/actbr.com.br\/en\/produto\/valvula-modular-reguladora-de-vazao-mtcv\/","name":"V\u00e1lvula Modular Reguladora de Vaz\u00e3o MTCV - ACT Sistemas Hidr\u00e1ulicos","isPartOf":{"@id":"https:\/\/actbr.com.br\/en\/#website"},"primaryImageOfPage":{"@id":"https:\/\/actbr.com.br\/en\/produto\/valvula-modular-reguladora-de-vazao-mtcv\/#primaryimage"},"image":{"@id":"https:\/\/actbr.com.br\/en\/produto\/valvula-modular-reguladora-de-vazao-mtcv\/#primaryimage"},"thumbnailUrl":"https:\/\/actbr.com.br\/wp-content\/uploads\/2020\/09\/Valvulas-modulares-ACT-Reguladora-de-vazao-MTCV.jpg","datePublished":"2020-09-29T15:39:28+00:00","dateModified":"2023-10-19T12:19:57+00:00","description":"Veja aqui as op\u00e7\u00f5es de configura\u00e7\u00e3o e como pedir a V\u00e1lvula Modular ACT - Reguladora de vaz\u00e3o - MTCV. Consulte nossa equipe de vendas para saber mais.","breadcrumb":{"@id":"https:\/\/actbr.com.br\/en\/produto\/valvula-modular-reguladora-de-vazao-mtcv\/#breadcrumb"},"inLanguage":"en-US","potentialAction":[{"@type":"ReadAction","target":["https:\/\/actbr.com.br\/en\/produto\/valvula-modular-reguladora-de-vazao-mtcv\/"]}]},{"@type":"ImageObject","inLanguage":"en-US","@id":"https:\/\/actbr.com.br\/en\/produto\/valvula-modular-reguladora-de-vazao-mtcv\/#primaryimage","url":"https:\/\/actbr.com.br\/wp-content\/uploads\/2020\/09\/Valvulas-modulares-ACT-Reguladora-de-vazao-MTCV.jpg","contentUrl":"https:\/\/actbr.com.br\/wp-content\/uploads\/2020\/09\/Valvulas-modulares-ACT-Reguladora-de-vazao-MTCV.jpg","width":646,"height":342},{"@type":"BreadcrumbList","@id":"https:\/\/actbr.com.br\/en\/produto\/valvula-modular-reguladora-de-vazao-mtcv\/#breadcrumb","itemListElement":[{"@type":"ListItem","position":1,"name":"In\u00edcio","item":"https:\/\/actbr.com.br\/en\/"},{"@type":"ListItem","position":2,"name":"Produtos","item":"https:\/\/actbr.com.br\/produtos-act\/"},{"@type":"ListItem","position":3,"name":"V\u00e1lvulas Modulares","item":"https:\/\/actbr.com.br\/en\/categoria-produto\/valvulas-modulares\/"},{"@type":"ListItem","position":4,"name":"Reguladora de Vaz\u00e3o","item":"https:\/\/actbr.com.br\/en\/categoria-produto\/valvulas-modulares\/reguladora-de-vazao\/"},{"@type":"ListItem","position":5,"name":"V\u00e1lvula Modular Reguladora de Vaz\u00e3o MTCV"}]},{"@type":"WebSite","@id":"https:\/\/actbr.com.br\/en\/#website","url":"https:\/\/actbr.com.br\/en\/","name":"ACT Sistemas Hidr\u00e1ulicos","description":"Fabrica\u00e7\u00e3o e manuten\u00e7\u00e3o de componentes \u00f3leo hidr\u00e1ulicos","publisher":{"@id":"https:\/\/actbr.com.br\/en\/#organization"},"potentialAction":[{"@type":"SearchAction","target":{"@type":"EntryPoint","urlTemplate":"https:\/\/actbr.com.br\/en\/?s={search_term_string}"},"query-input":{"@type":"PropertyValueSpecification","valueRequired":true,"valueName":"search_term_string"}}],"inLanguage":"en-US"},{"@type":"Organization","@id":"https:\/\/actbr.com.br\/en\/#organization","name":"ACT Sistemas Hidr\u00e1ulicos","url":"https:\/\/actbr.com.br\/en\/","logo":{"@type":"ImageObject","inLanguage":"en-US","@id":"https:\/\/actbr.com.br\/en\/#\/schema\/logo\/image\/","url":"https:\/\/actbr.com.br\/wp-content\/uploads\/2025\/02\/cropped-ACT_NEGATIVO-marca-dagua.png","contentUrl":"https:\/\/actbr.com.br\/wp-content\/uploads\/2025\/02\/cropped-ACT_NEGATIVO-marca-dagua.png","width":240,"height":146,"caption":"ACT Sistemas Hidr\u00e1ulicos"},"image":{"@id":"https:\/\/actbr.com.br\/en\/#\/schema\/logo\/image\/"}}]}},"_links":{"self":[{"href":"https:\/\/actbr.com.br\/en\/wp-json\/wp\/v2\/product\/3387","targetHints":{"allow":["GET"]}}],"collection":[{"href":"https:\/\/actbr.com.br\/en\/wp-json\/wp\/v2\/product"}],"about":[{"href":"https:\/\/actbr.com.br\/en\/wp-json\/wp\/v2\/types\/product"}],"wp:featuredmedia":[{"embeddable":true,"href":"https:\/\/actbr.com.br\/en\/wp-json\/wp\/v2\/media\/6940"}],"wp:attachment":[{"href":"https:\/\/actbr.com.br\/en\/wp-json\/wp\/v2\/media?parent=3387"}],"wp:term":[{"taxonomy":"product_brand","embeddable":true,"href":"https:\/\/actbr.com.br\/en\/wp-json\/wp\/v2\/product_brand?post=3387"},{"taxonomy":"product_cat","embeddable":true,"href":"https:\/\/actbr.com.br\/en\/wp-json\/wp\/v2\/product_cat?post=3387"},{"taxonomy":"product_tag","embeddable":true,"href":"https:\/\/actbr.com.br\/en\/wp-json\/wp\/v2\/product_tag?post=3387"}],"curies":[{"name":"wp","href":"https:\/\/api.w.org\/{rel}","templated":true}]}}