{"id":3406,"date":"2020-09-29T12:39:28","date_gmt":"2020-09-29T15:39:28","guid":{"rendered":"https:\/\/actbr.com.br\/produto\/valvula-direcional-tn6-atos-modelo-dhi-dhe-dhu\/"},"modified":"2023-10-17T11:41:02","modified_gmt":"2023-10-17T14:41:02","slug":"valvula-direcional-hidraulica-com-acionamento-eletrico-dhi-dhe-dhu","status":"publish","type":"product","link":"https:\/\/actbr.com.br\/en\/produto\/valvula-direcional-hidraulica-com-acionamento-eletrico-dhi-dhe-dhu\/","title":{"rendered":"V\u00e1lvula direcional hidr\u00e1ulica com acionamento el\u00e9trico DHI &#8211; DHE &#8211; DHU"},"content":{"rendered":"<div id=\"detalhes\">\n<p><strong>V\u00e1lvula Direcional TN6 ATOS DHI &#8211; DHE &#8211; DHU<\/strong><\/p>\n<p>Simples Solenoide &#8211; DHI-0610 \/ DHI-0611 \/ DHI-0613 \/ DHI-0614 \/ DHI-0630\/2 \/ DHI-0631\/2 \/ DHI-0632\/2<br \/>\nV\u00e1lvula hidr\u00e1ulica solenoide ATOS com duas posi\u00e7\u00f5es e quatro vias, com vaz\u00e3o m\u00e1xima de 60 litros por minuto, resistindo a press\u00f5es de at\u00e9 350 bar.<br \/>\nAcompanhadas das bobinas Atos SP-COU e SP-COI, podem ser configuradas com diferentes voltagens em corrente alternada ou cont\u00ednua.<\/p>\n<p>Comumente acompanhadas pelas bobinas:<br \/>\nCorrente cont\u00ednua: SP-COU-12DC; SP-COU-24DC; SP-COU-28DC; SP-COU-110DC; SP-COU-125DC; SP-COU-220DC;<br \/>\nCorrente alternada: SP-COI-120\/60AC e SP-COI-230\/60AC ATOS.<\/p>\n<p>&nbsp;<\/p>\n<p>Duplo solenoide\u00a0&#8211; DHI-0710 \/ DHI-0711 \/ DHI-0713 \/ DHI-0714 \/ DHI-0715 \/ DHI-0716 \/ DHI-0717 \/ DHI-0718 \/ DHI-0751\/2<br \/>\nV\u00e1lvula hidr\u00e1ulica solenoide ATOS com tr\u00eas posi\u00e7\u00f5es e quatro vias, com vaz\u00e3o m\u00e1xima de 60 litros por minuto, resistindo a press\u00f5es de at\u00e9 350 bar.<br \/>\nAcompanhadas das bobinas Atos SP-COU e SP-COI, podem ser configuradas com diferentes voltagens em corrente alternada ou cont\u00ednua.<\/p>\n<p>Comumente acompanhadas pelas bobinas:<br \/>\nCorrente cont\u00ednua: SP-COU-12DC; SP-COU-24DC; SP-COU-28DC; SP-COU-110DC; SP-COU-125DC; SP-COU-220DC;<br \/>\nCorrente alternada: SP-COI-120\/60AC e SP-COI-230\/60AC ATOS.<\/p>\n<p>&nbsp;<\/p>\n<p>Simples solenoide\u00a0&#8211; DHE-0610 \/ DHE-0611 \/ DHE-0613 \/ DHE-0614 \/ DHE-0630\/2 \/ DHE-0631\/2 \/ DHE-0632\/2<br \/>\nV\u00e1lvula hidr\u00e1ulica solenoide ATOS com duas posi\u00e7\u00f5es e quatro vias, com vaz\u00e3o m\u00e1xima de 80 litros por minuto e resistente a press\u00f5es de at\u00e9 350 bar. Possui alta performance de trabalho.<br \/>\nAcompanhadas das bobinas Atos modelo SP-COE, podem ser configuradas com diferentes voltagens em corrente alternada ou cont\u00ednua.<\/p>\n<p>Comumente acompanhadas pelas bobinas:<br \/>\nCorrente cont\u00ednua: SP-COE-12DC; SP-COE-24DC; SP-COE-28DC; SP-COE-110DC; SP-COE-125DC; SP-COE-220DC;<br \/>\nCorrente alternada: SP-COE-115\/60AC e SP-COE-230\/60AC ATOS.<\/p>\n<p>&nbsp;<\/p>\n<p>Duplo solenoide\u00a0&#8211; DHE-0710 \/ DHE-0711 \/ DHE-0713 \/ DHE-0714 \/ DHE-0715 \/ DHE-0716 \/ DHE-0717 \/ DHE-0718 \/ DHE-0751\/2<br \/>\nV\u00e1lvula hidr\u00e1ulica solenoide ATOS com tr\u00eas posi\u00e7\u00f5es e quatro vias, com vaz\u00e3o m\u00e1xima de 80 litros por minuto e resistente a press\u00f5es de at\u00e9 350 bar. Possui alta performance de trabalho.<br \/>\nAcompanhadas das bobinas Atos modelo SP-COE, podem ser configuradas com diferentes voltagens em corrente alternada ou cont\u00ednua.<\/p>\n<p>Comumente acompanhadas pelas bobinas:<br \/>\nCorrente cont\u00ednua: SP-COE-12DC; SP-COE-24DC; SP-COE-28DC; SP-COE-110DC; SP-COE-125DC; SP-COE-220DC;<br \/>\nCorrente alternada: SP-COE-115\/60AC e SP-COE-230\/60AC ATOS.<\/p>\n<p>&nbsp;<\/p>\n<p>Simples Solenoide &#8211; DHU-0610 \/ DHU-0611 \/ DHU-0613 \/ DHU-0614 \/ DHU-0630\/2 \/ DHU-0631\/2 \/ DHU-0632\/2<br \/>\nV\u00e1lvula hidr\u00e1ulica solenoide ATOS com duas posi\u00e7\u00f5es e quatro vias, com vaz\u00e3o m\u00e1xima de 60 litros por minuto, resistindo a press\u00f5es de at\u00e9 350 bar.<br \/>\nAcompanhadas das bobinas Atos SP-COUR, podem ser configuradas com diferentes voltagens SOMENTE em corrente cont\u00ednua.<\/p>\n<p>Comumente acompanhadas pelas bobinas:<br \/>\nCorrente cont\u00ednua: SP-COUR-12DC; SP-COUR-24DC; SP-COUR-28DC; SP-COUR-110DC; SP-COUR-125DC; SP-COUR-220DC ATOS.<\/p>\n<p>&nbsp;<\/p>\n<p>Duplo Solenoide &#8211; DHU-0710 \/ DHU-0711 \/ DHU-0713 \/ DHU-0714 \/ DHU-0715 \/ DHU-0716 \/ DHU-0717 \/ DHU-0718 \/ DHU-0751\/2<br \/>\nV\u00e1lvula hidr\u00e1ulica solenoide ATOS com duas posi\u00e7\u00f5es e quatro vias, com vaz\u00e3o m\u00e1xima de 60 litros por minuto, resistindo a press\u00f5es de at\u00e9 350 bar.<br \/>\nAcompanhadas das bobinas Atos SP-COUR, podem ser configuradas com diferentes voltagens SOMENTE em corrente cont\u00ednua.<\/p>\n<p>Comumente acompanhadas pelas bobinas:<br \/>\nCorrente cont\u00ednua: SP-COUR-12DC; SP-COUR-24DC; SP-COUR-28DC; SP-COUR-110DC; SP-COUR-125DC; SP-COUR-220DC ATOS.<\/p>\n<p>Como solicitar:<\/p>\n<p><img decoding=\"async\" src=\"https:\/\/actbr.com.br\/wp-content\/uploads\/2020\/09\/dhi-dhe-dhu-modelo-solicitar.jpg\" alt=\"\" \/><\/p>\n<p>Bobinas:<\/p>\n<p><img decoding=\"async\" src=\"https:\/\/actbr.com.br\/wp-content\/uploads\/2020\/09\/dhi-dhe-dhu-atos.png\" alt=\"\" \/><\/p>\n<p>Dimens\u00f5es:<\/p>\n<p><img decoding=\"async\" src=\"https:\/\/actbr.com.br\/wp-content\/uploads\/2020\/09\/dimensoes-valvulas-atos-hidraulica.jpg\" alt=\"\" \/><\/p>\n\n<table id=\"tablepress-2\" class=\"tablepress tablepress-id-2 tbody-has-connected-cells\">\n<thead>\n<tr class=\"row-1\">\n\t<th colspan=\"6\" class=\"column-1\"><strong>V\u00e1lvulas de controle direcionais<\/strong><\/th>\n<\/tr>\n<\/thead>\n<tbody class=\"row-striping row-hover\">\n<tr class=\"row-2\">\n\t<td colspan=\"2\" class=\"column-1\"><strong>ATOS<\/strong><\/td><td colspan=\"2\" class=\"column-3\"><strong>BOSCH<\/strong><\/td><td rowspan=\"2\" class=\"column-5\"><strong>ACT<\/strong><\/td><td rowspan=\"2\" class=\"column-6\"><strong>VICKERS<\/strong><\/td>\n<\/tr>\n<tr class=\"row-3\">\n\t<td class=\"column-1\">C\u00f3digo do modelo<\/td><td class=\"column-2\"><\/td><td class=\"column-3\">24 DC<\/td><td class=\"column-4\">230\/50 AC<\/td>\n<\/tr>\n<tr class=\"row-4\">\n\t<td rowspan=\"17\" class=\"column-1\">DHU    DHI     DHE    DHL<\/td><td class=\"column-2\">0630\/2<\/td><td class=\"column-3\">0 810 091 225<\/td><td class=\"column-4\">0 810 091 453<\/td><td class=\"column-5\">4WE6C<\/td><td class=\"column-6\">DG4V-3S-0A<\/td>\n<\/tr>\n<tr class=\"row-5\">\n\t<td class=\"column-2\">0631\/2<\/td><td class=\"column-3\">0 810 091 227<\/td><td class=\"column-4\">0 810 091 456<\/td><td class=\"column-5\">4WE6D<\/td><td class=\"column-6\">DG4V-3S-2A<\/td>\n<\/tr>\n<tr class=\"row-6\">\n\t<td class=\"column-2\">0632\/2<\/td><td class=\"column-3\">0 810 091 251<\/td><td class=\"column-4\">-<\/td><td class=\"column-5\">4WE6A<\/td><td class=\"column-6\">DG4V-3S-22A<\/td>\n<\/tr>\n<tr class=\"row-7\">\n\t<td class=\"column-2\">0610<\/td><td class=\"column-3\">0 810 091 253<\/td><td class=\"column-4\">0 810 091 475<\/td><td class=\"column-5\">4WE6H<\/td><td class=\"column-6\">DG4V-3S-0B<\/td>\n<\/tr>\n<tr class=\"row-8\">\n\t<td class=\"column-2\">0611<\/td><td class=\"column-3\">0 810 091 260<\/td><td class=\"column-4\">0 810 091 479<\/td><td class=\"column-5\">4WE6EA<\/td><td class=\"column-6\">DG4V-3S-2B<\/td>\n<\/tr>\n<tr class=\"row-9\">\n\t<td class=\"column-2\">0613<\/td><td class=\"column-3\">0 810 091 238<\/td><td class=\"column-4\">-<\/td><td class=\"column-5\">4WE6JA<\/td><td class=\"column-6\">DG4V-3S-6B<\/td>\n<\/tr>\n<tr class=\"row-10\">\n\t<td class=\"column-2\">0614<\/td><td class=\"column-3\">0 810 091 233<\/td><td class=\"column-4\">0 810 091 461<\/td><td class=\"column-5\">4WE6GA<\/td><td class=\"column-6\">DG4V-3S-8BL<\/td>\n<\/tr>\n<tr class=\"row-11\">\n\t<td class=\"column-2\">0710<\/td><td class=\"column-3\">0 810 091 201<\/td><td class=\"column-4\">0 810 091 434<\/td><td class=\"column-5\">4WE6H<\/td><td class=\"column-6\">DG4V-3S-0C<\/td>\n<\/tr>\n<tr class=\"row-12\">\n\t<td class=\"column-2\">0711<\/td><td class=\"column-3\">0 810 091 203<\/td><td class=\"column-4\">0 810 091 437<\/td><td class=\"column-5\">4WE6E <\/td><td class=\"column-6\">DG4V-3S-2C<\/td>\n<\/tr>\n<tr class=\"row-13\">\n\t<td class=\"column-2\">0713<\/td><td class=\"column-3\">0 810 091 212<\/td><td class=\"column-4\">0 810 091 442<\/td><td class=\"column-5\">4WE6J<\/td><td class=\"column-6\">DG4V-3S-6C<\/td>\n<\/tr>\n<tr class=\"row-14\">\n\t<td class=\"column-2\">0713\/1<\/td><td class=\"column-3\">0 810 091 240<\/td><td class=\"column-4\">0 810 091 465<\/td><td class=\"column-5\">4WE6W<\/td><td class=\"column-6\">DG4V-3S-33C<\/td>\n<\/tr>\n<tr class=\"row-15\">\n\t<td class=\"column-2\">0714<\/td><td class=\"column-3\">0 810 091 207<\/td><td class=\"column-4\">0 810 091 439<\/td><td class=\"column-5\">4WE6G <\/td><td class=\"column-6\">DG4V-3S-8C<\/td>\n<\/tr>\n<tr class=\"row-16\">\n\t<td class=\"column-2\">0715<\/td><td class=\"column-3\">0 810 091 217<\/td><td class=\"column-4\">0 810 091 446<\/td><td class=\"column-5\">4WE6F<\/td><td class=\"column-6\">-<\/td>\n<\/tr>\n<tr class=\"row-17\">\n\t<td class=\"column-2\">0716<\/td><td class=\"column-3\">0 810 091 246<\/td><td class=\"column-4\">0 810 091 471<\/td><td class=\"column-5\">4WE6L<\/td><td class=\"column-6\">-<\/td>\n<\/tr>\n<tr class=\"row-18\">\n\t<td class=\"column-2\">0717<\/td><td class=\"column-3\">0 810 091 258<\/td><td class=\"column-4\">0 810 091 477<\/td><td class=\"column-5\">4WE6U<\/td><td class=\"column-6\">-<\/td>\n<\/tr>\n<tr class=\"row-19\">\n\t<td class=\"column-2\">0718<\/td><td class=\"column-3\">0 810 091 216<\/td><td class=\"column-4\">0 810 091 444<\/td><td class=\"column-5\">4WE6M<\/td><td class=\"column-6\">DG4V-3S-7C<\/td>\n<\/tr>\n<tr class=\"row-20\">\n\t<td class=\"column-2\">07119<\/td><td class=\"column-3\">0 810 091 284<\/td><td class=\"column-4\">0 810 091 476<\/td><td class=\"column-5\">4WE6R<\/td><td class=\"column-6\">DG4V-3S-52C<\/td>\n<\/tr>\n<tr class=\"row-21\">\n\t<td class=\"column-1\"><\/td><td class=\"column-2\"><\/td><td class=\"column-3\"><\/td><td class=\"column-4\"><\/td><td class=\"column-5\"><\/td><td class=\"column-6\"><\/td>\n<\/tr>\n<tr class=\"row-22\">\n\t<td class=\"column-1\"><\/td><td class=\"column-2\"><\/td><td class=\"column-3\"><\/td><td class=\"column-4\"><\/td><td class=\"column-5\"><\/td><td class=\"column-6\"><\/td>\n<\/tr>\n<\/tbody>\n<\/table>\n<!-- #tablepress-2 from cache -->\n<\/div>\n","protected":false},"excerpt":{"rendered":"<p>Consulte os modelos e configura\u00e7\u00f5es dispon\u00edveis para a V\u00e1lvula Direcional TN6 ATOS DHI &#8211; DHE &#8211; DHU e como fazer a solicita\u00e7\u00e3o.<\/p>\n","protected":false},"featured_media":7963,"template":"","meta":[],"product_brand":[],"product_cat":[72,46],"product_tag":[],"class_list":{"0":"post-3406","1":"product","2":"type-product","3":"status-publish","4":"has-post-thumbnail","6":"product_cat-eletricas-4we6","7":"product_cat-valvulas-direcionais","9":"first","10":"instock","11":"virtual","12":"product-type-simple"},"yoast_head":"<!-- This site is optimized with the Yoast SEO plugin v27.2 - https:\/\/yoast.com\/product\/yoast-seo-wordpress\/ -->\n<title>V\u00e1lvula direcional hidr\u00e1ulica com acionamento el\u00e9trico DHI - DHE - DHU - ACT Sistemas Hidr\u00e1ulicos<\/title>\n<meta name=\"description\" content=\"Consulte os modelos e configura\u00e7\u00f5es dispon\u00edveis para a V\u00e1lvula Direcional TN6 ATOS DHI - DHE - DHU e como fazer a solicita\u00e7\u00e3o.\" \/>\n<meta name=\"robots\" content=\"index, follow, max-snippet:-1, max-image-preview:large, max-video-preview:-1\" \/>\n<link rel=\"canonical\" href=\"https:\/\/actbr.com.br\/en\/produto\/valvula-direcional-hidraulica-com-acionamento-eletrico-dhi-dhe-dhu\/\" \/>\n<meta property=\"og:locale\" content=\"en_US\" \/>\n<meta property=\"og:type\" content=\"article\" \/>\n<meta property=\"og:title\" content=\"V\u00e1lvula direcional hidr\u00e1ulica com acionamento el\u00e9trico DHI - DHE - DHU - ACT Sistemas Hidr\u00e1ulicos\" \/>\n<meta property=\"og:description\" content=\"Consulte os modelos e configura\u00e7\u00f5es dispon\u00edveis para a V\u00e1lvula Direcional TN6 ATOS DHI - DHE - DHU e como fazer a solicita\u00e7\u00e3o.\" \/>\n<meta property=\"og:url\" content=\"https:\/\/actbr.com.br\/en\/produto\/valvula-direcional-hidraulica-com-acionamento-eletrico-dhi-dhe-dhu\/\" \/>\n<meta property=\"og:site_name\" content=\"ACT Sistemas Hidr\u00e1ulicos\" \/>\n<meta property=\"article:modified_time\" content=\"2023-10-17T14:41:02+00:00\" \/>\n<meta property=\"og:image\" content=\"https:\/\/actbr.com.br\/wp-content\/uploads\/2020\/09\/Valvula-direcional-TN6-ATOS-modelo-DHI-\u2013-DHE-\u2013-DHU.jpg\" \/>\n\t<meta property=\"og:image:width\" content=\"600\" \/>\n\t<meta property=\"og:image:height\" content=\"600\" \/>\n\t<meta property=\"og:image:type\" content=\"image\/jpeg\" \/>\n<meta name=\"twitter:card\" content=\"summary_large_image\" \/>\n<meta name=\"twitter:label1\" content=\"Est. reading time\" \/>\n\t<meta name=\"twitter:data1\" content=\"4 minutes\" \/>\n<script type=\"application\/ld+json\" class=\"yoast-schema-graph\">{\"@context\":\"https:\/\/schema.org\",\"@graph\":[{\"@type\":\"WebPage\",\"@id\":\"https:\/\/actbr.com.br\/en\/produto\/valvula-direcional-hidraulica-com-acionamento-eletrico-dhi-dhe-dhu\/\",\"url\":\"https:\/\/actbr.com.br\/en\/produto\/valvula-direcional-hidraulica-com-acionamento-eletrico-dhi-dhe-dhu\/\",\"name\":\"V\u00e1lvula direcional hidr\u00e1ulica com acionamento el\u00e9trico DHI - DHE - DHU - ACT Sistemas Hidr\u00e1ulicos\",\"isPartOf\":{\"@id\":\"https:\/\/actbr.com.br\/en\/#website\"},\"primaryImageOfPage\":{\"@id\":\"https:\/\/actbr.com.br\/en\/produto\/valvula-direcional-hidraulica-com-acionamento-eletrico-dhi-dhe-dhu\/#primaryimage\"},\"image\":{\"@id\":\"https:\/\/actbr.com.br\/en\/produto\/valvula-direcional-hidraulica-com-acionamento-eletrico-dhi-dhe-dhu\/#primaryimage\"},\"thumbnailUrl\":\"https:\/\/actbr.com.br\/wp-content\/uploads\/2020\/09\/Valvula-direcional-TN6-ATOS-modelo-DHI-\u2013-DHE-\u2013-DHU.jpg\",\"datePublished\":\"2020-09-29T15:39:28+00:00\",\"dateModified\":\"2023-10-17T14:41:02+00:00\",\"description\":\"Consulte os modelos e configura\u00e7\u00f5es dispon\u00edveis para a V\u00e1lvula Direcional TN6 ATOS DHI - DHE - DHU e como fazer a solicita\u00e7\u00e3o.\",\"breadcrumb\":{\"@id\":\"https:\/\/actbr.com.br\/en\/produto\/valvula-direcional-hidraulica-com-acionamento-eletrico-dhi-dhe-dhu\/#breadcrumb\"},\"inLanguage\":\"en-US\",\"potentialAction\":[{\"@type\":\"ReadAction\",\"target\":[\"https:\/\/actbr.com.br\/en\/produto\/valvula-direcional-hidraulica-com-acionamento-eletrico-dhi-dhe-dhu\/\"]}]},{\"@type\":\"ImageObject\",\"inLanguage\":\"en-US\",\"@id\":\"https:\/\/actbr.com.br\/en\/produto\/valvula-direcional-hidraulica-com-acionamento-eletrico-dhi-dhe-dhu\/#primaryimage\",\"url\":\"https:\/\/actbr.com.br\/wp-content\/uploads\/2020\/09\/Valvula-direcional-TN6-ATOS-modelo-DHI-\u2013-DHE-\u2013-DHU.jpg\",\"contentUrl\":\"https:\/\/actbr.com.br\/wp-content\/uploads\/2020\/09\/Valvula-direcional-TN6-ATOS-modelo-DHI-\u2013-DHE-\u2013-DHU.jpg\",\"width\":600,\"height\":600,\"caption\":\"V\u00e1lvula Direcional TN6 ATOS DHI - DHE - DHU\"},{\"@type\":\"BreadcrumbList\",\"@id\":\"https:\/\/actbr.com.br\/en\/produto\/valvula-direcional-hidraulica-com-acionamento-eletrico-dhi-dhe-dhu\/#breadcrumb\",\"itemListElement\":[{\"@type\":\"ListItem\",\"position\":1,\"name\":\"In\u00edcio\",\"item\":\"https:\/\/actbr.com.br\/en\/\"},{\"@type\":\"ListItem\",\"position\":2,\"name\":\"Produtos\",\"item\":\"https:\/\/actbr.com.br\/produtos-act\/\"},{\"@type\":\"ListItem\",\"position\":3,\"name\":\"V\u00e1lvulas Direcionais\",\"item\":\"https:\/\/actbr.com.br\/en\/categoria-produto\/valvulas-direcionais\/\"},{\"@type\":\"ListItem\",\"position\":4,\"name\":\"El\u00e9trica - 4WE6\",\"item\":\"https:\/\/actbr.com.br\/en\/categoria-produto\/valvulas-direcionais\/eletricas-4we6\/\"},{\"@type\":\"ListItem\",\"position\":5,\"name\":\"V\u00e1lvula direcional hidr\u00e1ulica com acionamento el\u00e9trico DHI &#8211; DHE &#8211; DHU\"}]},{\"@type\":\"WebSite\",\"@id\":\"https:\/\/actbr.com.br\/en\/#website\",\"url\":\"https:\/\/actbr.com.br\/en\/\",\"name\":\"ACT Sistemas Hidr\u00e1ulicos\",\"description\":\"Fabrica\u00e7\u00e3o e manuten\u00e7\u00e3o de componentes \u00f3leo hidr\u00e1ulicos\",\"publisher\":{\"@id\":\"https:\/\/actbr.com.br\/en\/#organization\"},\"potentialAction\":[{\"@type\":\"SearchAction\",\"target\":{\"@type\":\"EntryPoint\",\"urlTemplate\":\"https:\/\/actbr.com.br\/en\/?s={search_term_string}\"},\"query-input\":{\"@type\":\"PropertyValueSpecification\",\"valueRequired\":true,\"valueName\":\"search_term_string\"}}],\"inLanguage\":\"en-US\"},{\"@type\":\"Organization\",\"@id\":\"https:\/\/actbr.com.br\/en\/#organization\",\"name\":\"ACT Sistemas Hidr\u00e1ulicos\",\"url\":\"https:\/\/actbr.com.br\/en\/\",\"logo\":{\"@type\":\"ImageObject\",\"inLanguage\":\"en-US\",\"@id\":\"https:\/\/actbr.com.br\/en\/#\/schema\/logo\/image\/\",\"url\":\"https:\/\/actbr.com.br\/wp-content\/uploads\/2025\/02\/cropped-ACT_NEGATIVO-marca-dagua.png\",\"contentUrl\":\"https:\/\/actbr.com.br\/wp-content\/uploads\/2025\/02\/cropped-ACT_NEGATIVO-marca-dagua.png\",\"width\":240,\"height\":146,\"caption\":\"ACT Sistemas Hidr\u00e1ulicos\"},\"image\":{\"@id\":\"https:\/\/actbr.com.br\/en\/#\/schema\/logo\/image\/\"}}]}<\/script>\n<!-- \/ Yoast SEO plugin. -->","yoast_head_json":{"title":"V\u00e1lvula direcional hidr\u00e1ulica com acionamento el\u00e9trico DHI - DHE - DHU - ACT Sistemas Hidr\u00e1ulicos","description":"Consulte os modelos e configura\u00e7\u00f5es dispon\u00edveis para a V\u00e1lvula Direcional TN6 ATOS DHI - DHE - DHU e como fazer a solicita\u00e7\u00e3o.","robots":{"index":"index","follow":"follow","max-snippet":"max-snippet:-1","max-image-preview":"max-image-preview:large","max-video-preview":"max-video-preview:-1"},"canonical":"https:\/\/actbr.com.br\/en\/produto\/valvula-direcional-hidraulica-com-acionamento-eletrico-dhi-dhe-dhu\/","og_locale":"en_US","og_type":"article","og_title":"V\u00e1lvula direcional hidr\u00e1ulica com acionamento el\u00e9trico DHI - DHE - DHU - ACT Sistemas Hidr\u00e1ulicos","og_description":"Consulte os modelos e configura\u00e7\u00f5es dispon\u00edveis para a V\u00e1lvula Direcional TN6 ATOS DHI - DHE - DHU e como fazer a solicita\u00e7\u00e3o.","og_url":"https:\/\/actbr.com.br\/en\/produto\/valvula-direcional-hidraulica-com-acionamento-eletrico-dhi-dhe-dhu\/","og_site_name":"ACT Sistemas Hidr\u00e1ulicos","article_modified_time":"2023-10-17T14:41:02+00:00","og_image":[{"width":600,"height":600,"url":"https:\/\/actbr.com.br\/wp-content\/uploads\/2020\/09\/Valvula-direcional-TN6-ATOS-modelo-DHI-\u2013-DHE-\u2013-DHU.jpg","type":"image\/jpeg"}],"twitter_card":"summary_large_image","twitter_misc":{"Est. reading time":"4 minutes"},"schema":{"@context":"https:\/\/schema.org","@graph":[{"@type":"WebPage","@id":"https:\/\/actbr.com.br\/en\/produto\/valvula-direcional-hidraulica-com-acionamento-eletrico-dhi-dhe-dhu\/","url":"https:\/\/actbr.com.br\/en\/produto\/valvula-direcional-hidraulica-com-acionamento-eletrico-dhi-dhe-dhu\/","name":"V\u00e1lvula direcional hidr\u00e1ulica com acionamento el\u00e9trico DHI - DHE - DHU - ACT Sistemas Hidr\u00e1ulicos","isPartOf":{"@id":"https:\/\/actbr.com.br\/en\/#website"},"primaryImageOfPage":{"@id":"https:\/\/actbr.com.br\/en\/produto\/valvula-direcional-hidraulica-com-acionamento-eletrico-dhi-dhe-dhu\/#primaryimage"},"image":{"@id":"https:\/\/actbr.com.br\/en\/produto\/valvula-direcional-hidraulica-com-acionamento-eletrico-dhi-dhe-dhu\/#primaryimage"},"thumbnailUrl":"https:\/\/actbr.com.br\/wp-content\/uploads\/2020\/09\/Valvula-direcional-TN6-ATOS-modelo-DHI-\u2013-DHE-\u2013-DHU.jpg","datePublished":"2020-09-29T15:39:28+00:00","dateModified":"2023-10-17T14:41:02+00:00","description":"Consulte os modelos e configura\u00e7\u00f5es dispon\u00edveis para a V\u00e1lvula Direcional TN6 ATOS DHI - DHE - DHU e como fazer a solicita\u00e7\u00e3o.","breadcrumb":{"@id":"https:\/\/actbr.com.br\/en\/produto\/valvula-direcional-hidraulica-com-acionamento-eletrico-dhi-dhe-dhu\/#breadcrumb"},"inLanguage":"en-US","potentialAction":[{"@type":"ReadAction","target":["https:\/\/actbr.com.br\/en\/produto\/valvula-direcional-hidraulica-com-acionamento-eletrico-dhi-dhe-dhu\/"]}]},{"@type":"ImageObject","inLanguage":"en-US","@id":"https:\/\/actbr.com.br\/en\/produto\/valvula-direcional-hidraulica-com-acionamento-eletrico-dhi-dhe-dhu\/#primaryimage","url":"https:\/\/actbr.com.br\/wp-content\/uploads\/2020\/09\/Valvula-direcional-TN6-ATOS-modelo-DHI-\u2013-DHE-\u2013-DHU.jpg","contentUrl":"https:\/\/actbr.com.br\/wp-content\/uploads\/2020\/09\/Valvula-direcional-TN6-ATOS-modelo-DHI-\u2013-DHE-\u2013-DHU.jpg","width":600,"height":600,"caption":"V\u00e1lvula Direcional TN6 ATOS DHI - DHE - DHU"},{"@type":"BreadcrumbList","@id":"https:\/\/actbr.com.br\/en\/produto\/valvula-direcional-hidraulica-com-acionamento-eletrico-dhi-dhe-dhu\/#breadcrumb","itemListElement":[{"@type":"ListItem","position":1,"name":"In\u00edcio","item":"https:\/\/actbr.com.br\/en\/"},{"@type":"ListItem","position":2,"name":"Produtos","item":"https:\/\/actbr.com.br\/produtos-act\/"},{"@type":"ListItem","position":3,"name":"V\u00e1lvulas Direcionais","item":"https:\/\/actbr.com.br\/en\/categoria-produto\/valvulas-direcionais\/"},{"@type":"ListItem","position":4,"name":"El\u00e9trica - 4WE6","item":"https:\/\/actbr.com.br\/en\/categoria-produto\/valvulas-direcionais\/eletricas-4we6\/"},{"@type":"ListItem","position":5,"name":"V\u00e1lvula direcional hidr\u00e1ulica com acionamento el\u00e9trico DHI &#8211; DHE &#8211; DHU"}]},{"@type":"WebSite","@id":"https:\/\/actbr.com.br\/en\/#website","url":"https:\/\/actbr.com.br\/en\/","name":"ACT Sistemas Hidr\u00e1ulicos","description":"Fabrica\u00e7\u00e3o e manuten\u00e7\u00e3o de componentes \u00f3leo hidr\u00e1ulicos","publisher":{"@id":"https:\/\/actbr.com.br\/en\/#organization"},"potentialAction":[{"@type":"SearchAction","target":{"@type":"EntryPoint","urlTemplate":"https:\/\/actbr.com.br\/en\/?s={search_term_string}"},"query-input":{"@type":"PropertyValueSpecification","valueRequired":true,"valueName":"search_term_string"}}],"inLanguage":"en-US"},{"@type":"Organization","@id":"https:\/\/actbr.com.br\/en\/#organization","name":"ACT Sistemas Hidr\u00e1ulicos","url":"https:\/\/actbr.com.br\/en\/","logo":{"@type":"ImageObject","inLanguage":"en-US","@id":"https:\/\/actbr.com.br\/en\/#\/schema\/logo\/image\/","url":"https:\/\/actbr.com.br\/wp-content\/uploads\/2025\/02\/cropped-ACT_NEGATIVO-marca-dagua.png","contentUrl":"https:\/\/actbr.com.br\/wp-content\/uploads\/2025\/02\/cropped-ACT_NEGATIVO-marca-dagua.png","width":240,"height":146,"caption":"ACT Sistemas Hidr\u00e1ulicos"},"image":{"@id":"https:\/\/actbr.com.br\/en\/#\/schema\/logo\/image\/"}}]}},"_links":{"self":[{"href":"https:\/\/actbr.com.br\/en\/wp-json\/wp\/v2\/product\/3406","targetHints":{"allow":["GET"]}}],"collection":[{"href":"https:\/\/actbr.com.br\/en\/wp-json\/wp\/v2\/product"}],"about":[{"href":"https:\/\/actbr.com.br\/en\/wp-json\/wp\/v2\/types\/product"}],"wp:featuredmedia":[{"embeddable":true,"href":"https:\/\/actbr.com.br\/en\/wp-json\/wp\/v2\/media\/7963"}],"wp:attachment":[{"href":"https:\/\/actbr.com.br\/en\/wp-json\/wp\/v2\/media?parent=3406"}],"wp:term":[{"taxonomy":"product_brand","embeddable":true,"href":"https:\/\/actbr.com.br\/en\/wp-json\/wp\/v2\/product_brand?post=3406"},{"taxonomy":"product_cat","embeddable":true,"href":"https:\/\/actbr.com.br\/en\/wp-json\/wp\/v2\/product_cat?post=3406"},{"taxonomy":"product_tag","embeddable":true,"href":"https:\/\/actbr.com.br\/en\/wp-json\/wp\/v2\/product_tag?post=3406"}],"curies":[{"name":"wp","href":"https:\/\/api.w.org\/{rel}","templated":true}]}}