{"id":3478,"date":"2020-09-29T12:39:28","date_gmt":"2020-09-29T15:39:28","guid":{"rendered":"https:\/\/actbr.com.br\/produto\/valvula-direcional-eletrica-monitorada-atos-dke-fi-dke-fv\/"},"modified":"2023-06-28T17:52:26","modified_gmt":"2023-06-28T20:52:26","slug":"dke-fi-dke-fv","status":"publish","type":"product","link":"https:\/\/actbr.com.br\/en\/produto\/dke-fi-dke-fv\/","title":{"rendered":"DKE-FI DKE-FV"},"content":{"rendered":"<p><strong>V\u00e1lvula Direcional El\u00e9trica Monitorada ATOS\u00a0 DKE-FI DKE-FV<\/strong><\/p>\n<p>A V\u00e1lvula Direcional El\u00e9trica Monitorada ATOS\u00a0 DKE-FI DKE-FV \u00e9 acionada por solenoides, e fornece sua posi\u00e7\u00e3o atrav\u00e9s do deslocamento do embolo interno.<\/p>\n<p>Aplicada em prensas, m\u00e1quinas operatrizes, injetoras ou qualquer outro equipamento que possua ou n\u00e3o classifica\u00e7\u00e3o elevada de risco.<\/p>\n<p>Nossos produtos atendem a todas as normas de seguran\u00e7a nacionais e internacionais (certificadas T\u00dcV).<\/p>\n<p><strong>Como solicitar:<\/strong><\/p>\n<p><img decoding=\"async\" src=\"https:\/\/actbr.com.br\/wp-content\/uploads\/2020\/09\/dhi-dhe-fi-fv-tuv-atos-como-solicitar.jpg\" alt=\"\" \/><\/p>\n<p>&nbsp;<\/p>\n<p>Caracter\u00edsticas das bobinas (solenoide):<\/p>\n<p><img decoding=\"async\" src=\"https:\/\/actbr.com.br\/wp-content\/uploads\/2020\/09\/caracteristicas-das-bobinas-tuv-atos.jpg\" alt=\"\" \/><\/p>\n<p><img decoding=\"async\" src=\"https:\/\/actbr.com.br\/wp-content\/uploads\/2020\/09\/sinais-de-referencia-fi-fv.jpg\" alt=\"\" \/><\/p>\n<p><img decoding=\"async\" src=\"https:\/\/actbr.com.br\/wp-content\/uploads\/2020\/09\/sensores-indutivos-dhe-dhi-atos.jpg\" alt=\"\" \/><\/p>\n<p>&nbsp;<\/p>\n<p>Simples Solenoide:<br \/>\nSensor indutivo de proximidade (FI) ou sensor indutivo de proximidade com duplo contato (FV);<br \/>\nDKE-1610\/(FI ou FV); DKE-1611\/(FI ou FV); DKE-1613\/(FI ou FV); DKE-1614\/(FI ou FV); DKE-1630\/2\/(FI ou FV); DKE-1631\/2\/(FI ou FV); DKE-1632\/2\/(FI ou FV);<br \/>\nV\u00e1lvula hidr\u00e1ulica solenoide ATOS com duas posi\u00e7\u00f5es e quatro vias, com vaz\u00e3o m\u00e1xima de 150 litros por minuto e resistente a press\u00f5es de at\u00e9 350 bar.<\/p>\n<p>Acompanhadas das bobinas SP-CAE-DC e SP-CAE-AC ATOS, configuradas com diferentes voltagens em corrente alternada ou cont\u00ednua. Na configura\u00e7\u00e3o FI deve-se verificar se o contato ser\u00e1 normalmente aberto (NO) ou normalmente fechado (NC).<\/p>\n<p>Comumente acompanhadas pelas bobinas:<br \/>\nCorrente Cont\u00ednua: SP-CAE-12DC; SP-CAE-14DC; SP-CAE-24DC; SP-CAE-28DC; SP-CAE-110DC; SP-CAE-220DC.<br \/>\nCorrente Alternada:SP-CAE-110\/50\/60AC e SP-CAE-230\/50\/60AC; SP-CAE-115\/60AC ; SP-CAE-230\/60AC.<\/p>\n<p>Duplo Solenoide:<br \/>\nSensor indutivo de proximidade (FI) ou sensor indutivo de proximidade com duplo contato (FV);<br \/>\nDKE-1710\/(FI ou FV); DKE-1711\/(FI ou FV); DKE-1713\/(FI ou FV); DKE-1714\/(FI ou FV); DKE-1715\/(FI ou FV); DKE-1716\/(FI ou FV); DKE-1717\/(FI ou FV); DKE-1718\/(FI ou FV); DKE-1751\/2\/(FI ou FV);<br \/>\nV\u00e1lvula hidr\u00e1ulica solenoide ATOS com tr\u00eas posi\u00e7\u00f5es e quatro vias, com vaz\u00e3o m\u00e1xima de 150 litros por minuto e resistente a press\u00f5es de at\u00e9 350 bar.<\/p>\n<p>Acompanhadas das bobinas SP-CAE-DC e SP-CAE-AC ATOS, configuradas com diferentes voltagens em corrente alternada ou cont\u00ednua. Na configura\u00e7\u00e3o FI deve-se verificar se o contato ser\u00e1 normalmente aberto (NO) ou normalmente fechado (NC). Obs.: A vers\u00e3o FV encontra-se dispon\u00edvel apenas para a configura\u00e7\u00e3o em corrente cont\u00ednua.<\/p>\n<p>Comumente acompanhadas pelas bobinas:<br \/>\nCorrente Cont\u00ednua: SP-CAE-12DC; SP-CAE-14DC; SP-CAE-24DC; SP-CAE-28DC; SP-CAE-110DC; SP-CAE-220DC.<br \/>\nCorrente Alternada:SP-CAE-110\/50\/60AC e SP-CAE-230\/50\/60AC; SP-CAE-115\/60AC ; SP-CAE-230\/60AC.<\/p>\n","protected":false},"excerpt":{"rendered":"<p>A V\u00e1lvula Direcional El\u00e9trica Monitorada ATOS\u00a0 DKE-FI DKE-FV \u00e9 acionada por solenoides, e fornece sua posi\u00e7\u00e3o atrav\u00e9s do deslocamento do embolo interno.<\/p>\n","protected":false},"featured_media":8200,"template":"","meta":[],"product_brand":[],"product_cat":[83,46],"product_tag":[],"class_list":{"0":"post-3478","1":"product","2":"type-product","3":"status-publish","4":"has-post-thumbnail","6":"product_cat-valvula-de-seguranca-nr-12","7":"product_cat-valvulas-direcionais","9":"first","10":"instock","11":"virtual","12":"product-type-simple"},"yoast_head":"<!-- This site is optimized with the Yoast SEO plugin v27.2 - https:\/\/yoast.com\/product\/yoast-seo-wordpress\/ -->\n<title>DKE-FI DKE-FV - ACT Sistemas Hidr\u00e1ulicos<\/title>\n<meta name=\"description\" content=\"A V\u00e1lvula Direcional El\u00e9trica Monitorada ATOS\u00a0 DKE-FI DKE-FV \u00e9 acionada por solenoides, e fornece sua posi\u00e7\u00e3o atrav\u00e9s do deslocamento do embolo interno.\" \/>\n<meta name=\"robots\" content=\"index, follow, max-snippet:-1, max-image-preview:large, max-video-preview:-1\" \/>\n<link rel=\"canonical\" href=\"https:\/\/actbr.com.br\/en\/produto\/dke-fi-dke-fv\/\" \/>\n<meta property=\"og:locale\" content=\"en_US\" \/>\n<meta property=\"og:type\" content=\"article\" \/>\n<meta property=\"og:title\" content=\"DKE-FI DKE-FV - ACT Sistemas Hidr\u00e1ulicos\" \/>\n<meta property=\"og:description\" content=\"A V\u00e1lvula Direcional El\u00e9trica Monitorada ATOS\u00a0 DKE-FI DKE-FV \u00e9 acionada por solenoides, e fornece sua posi\u00e7\u00e3o atrav\u00e9s do deslocamento do embolo interno.\" \/>\n<meta property=\"og:url\" content=\"https:\/\/actbr.com.br\/en\/produto\/dke-fi-dke-fv\/\" \/>\n<meta property=\"og:site_name\" content=\"ACT Sistemas Hidr\u00e1ulicos\" \/>\n<meta property=\"article:modified_time\" content=\"2023-06-28T20:52:26+00:00\" \/>\n<meta property=\"og:image\" content=\"https:\/\/actbr.com.br\/wp-content\/uploads\/2020\/09\/Valvula-Direcional-Eletrica-Monitorada-ATOS-\u2013-DKE-FI-DKE-FV.jpg\" \/>\n\t<meta property=\"og:image:width\" content=\"605\" \/>\n\t<meta property=\"og:image:height\" content=\"289\" \/>\n\t<meta property=\"og:image:type\" content=\"image\/jpeg\" \/>\n<meta name=\"twitter:card\" content=\"summary_large_image\" \/>\n<meta name=\"twitter:label1\" content=\"Est. reading time\" \/>\n\t<meta name=\"twitter:data1\" content=\"3 minutes\" \/>\n<script type=\"application\/ld+json\" class=\"yoast-schema-graph\">{\"@context\":\"https:\/\/schema.org\",\"@graph\":[{\"@type\":\"WebPage\",\"@id\":\"https:\/\/actbr.com.br\/en\/produto\/dke-fi-dke-fv\/\",\"url\":\"https:\/\/actbr.com.br\/en\/produto\/dke-fi-dke-fv\/\",\"name\":\"DKE-FI DKE-FV - ACT Sistemas Hidr\u00e1ulicos\",\"isPartOf\":{\"@id\":\"https:\/\/actbr.com.br\/en\/#website\"},\"primaryImageOfPage\":{\"@id\":\"https:\/\/actbr.com.br\/en\/produto\/dke-fi-dke-fv\/#primaryimage\"},\"image\":{\"@id\":\"https:\/\/actbr.com.br\/en\/produto\/dke-fi-dke-fv\/#primaryimage\"},\"thumbnailUrl\":\"https:\/\/actbr.com.br\/wp-content\/uploads\/2020\/09\/Valvula-Direcional-Eletrica-Monitorada-ATOS-\u2013-DKE-FI-DKE-FV.jpg\",\"datePublished\":\"2020-09-29T15:39:28+00:00\",\"dateModified\":\"2023-06-28T20:52:26+00:00\",\"description\":\"A V\u00e1lvula Direcional El\u00e9trica Monitorada ATOS\u00a0 DKE-FI DKE-FV \u00e9 acionada por solenoides, e fornece sua posi\u00e7\u00e3o atrav\u00e9s do deslocamento do embolo interno.\",\"breadcrumb\":{\"@id\":\"https:\/\/actbr.com.br\/en\/produto\/dke-fi-dke-fv\/#breadcrumb\"},\"inLanguage\":\"en-US\",\"potentialAction\":[{\"@type\":\"ReadAction\",\"target\":[\"https:\/\/actbr.com.br\/en\/produto\/dke-fi-dke-fv\/\"]}]},{\"@type\":\"ImageObject\",\"inLanguage\":\"en-US\",\"@id\":\"https:\/\/actbr.com.br\/en\/produto\/dke-fi-dke-fv\/#primaryimage\",\"url\":\"https:\/\/actbr.com.br\/wp-content\/uploads\/2020\/09\/Valvula-Direcional-Eletrica-Monitorada-ATOS-\u2013-DKE-FI-DKE-FV.jpg\",\"contentUrl\":\"https:\/\/actbr.com.br\/wp-content\/uploads\/2020\/09\/Valvula-Direcional-Eletrica-Monitorada-ATOS-\u2013-DKE-FI-DKE-FV.jpg\",\"width\":605,\"height\":289,\"caption\":\"V\u00e1lvula Direcional El\u00e9trica Monitorada ATOS\u00a0 DKE-FI DKE-FV\"},{\"@type\":\"BreadcrumbList\",\"@id\":\"https:\/\/actbr.com.br\/en\/produto\/dke-fi-dke-fv\/#breadcrumb\",\"itemListElement\":[{\"@type\":\"ListItem\",\"position\":1,\"name\":\"In\u00edcio\",\"item\":\"https:\/\/actbr.com.br\/en\/\"},{\"@type\":\"ListItem\",\"position\":2,\"name\":\"Produtos\",\"item\":\"https:\/\/actbr.com.br\/produtos-act\/\"},{\"@type\":\"ListItem\",\"position\":3,\"name\":\"V\u00e1lvulas Direcionais\",\"item\":\"https:\/\/actbr.com.br\/en\/categoria-produto\/valvulas-direcionais\/\"},{\"@type\":\"ListItem\",\"position\":4,\"name\":\"V\u00e1lvula de Seguran\u00e7a (NR-12)\",\"item\":\"https:\/\/actbr.com.br\/en\/categoria-produto\/valvulas-direcionais\/valvula-de-seguranca-nr-12\/\"},{\"@type\":\"ListItem\",\"position\":5,\"name\":\"DKE-FI DKE-FV\"}]},{\"@type\":\"WebSite\",\"@id\":\"https:\/\/actbr.com.br\/en\/#website\",\"url\":\"https:\/\/actbr.com.br\/en\/\",\"name\":\"ACT Sistemas Hidr\u00e1ulicos\",\"description\":\"Fabrica\u00e7\u00e3o e manuten\u00e7\u00e3o de componentes \u00f3leo hidr\u00e1ulicos\",\"publisher\":{\"@id\":\"https:\/\/actbr.com.br\/en\/#organization\"},\"potentialAction\":[{\"@type\":\"SearchAction\",\"target\":{\"@type\":\"EntryPoint\",\"urlTemplate\":\"https:\/\/actbr.com.br\/en\/?s={search_term_string}\"},\"query-input\":{\"@type\":\"PropertyValueSpecification\",\"valueRequired\":true,\"valueName\":\"search_term_string\"}}],\"inLanguage\":\"en-US\"},{\"@type\":\"Organization\",\"@id\":\"https:\/\/actbr.com.br\/en\/#organization\",\"name\":\"ACT Sistemas Hidr\u00e1ulicos\",\"url\":\"https:\/\/actbr.com.br\/en\/\",\"logo\":{\"@type\":\"ImageObject\",\"inLanguage\":\"en-US\",\"@id\":\"https:\/\/actbr.com.br\/en\/#\/schema\/logo\/image\/\",\"url\":\"https:\/\/actbr.com.br\/wp-content\/uploads\/2025\/02\/cropped-ACT_NEGATIVO-marca-dagua.png\",\"contentUrl\":\"https:\/\/actbr.com.br\/wp-content\/uploads\/2025\/02\/cropped-ACT_NEGATIVO-marca-dagua.png\",\"width\":240,\"height\":146,\"caption\":\"ACT Sistemas Hidr\u00e1ulicos\"},\"image\":{\"@id\":\"https:\/\/actbr.com.br\/en\/#\/schema\/logo\/image\/\"}}]}<\/script>\n<!-- \/ Yoast SEO plugin. -->","yoast_head_json":{"title":"DKE-FI DKE-FV - ACT Sistemas Hidr\u00e1ulicos","description":"A V\u00e1lvula Direcional El\u00e9trica Monitorada ATOS\u00a0 DKE-FI DKE-FV \u00e9 acionada por solenoides, e fornece sua posi\u00e7\u00e3o atrav\u00e9s do deslocamento do embolo interno.","robots":{"index":"index","follow":"follow","max-snippet":"max-snippet:-1","max-image-preview":"max-image-preview:large","max-video-preview":"max-video-preview:-1"},"canonical":"https:\/\/actbr.com.br\/en\/produto\/dke-fi-dke-fv\/","og_locale":"en_US","og_type":"article","og_title":"DKE-FI DKE-FV - ACT Sistemas Hidr\u00e1ulicos","og_description":"A V\u00e1lvula Direcional El\u00e9trica Monitorada ATOS\u00a0 DKE-FI DKE-FV \u00e9 acionada por solenoides, e fornece sua posi\u00e7\u00e3o atrav\u00e9s do deslocamento do embolo interno.","og_url":"https:\/\/actbr.com.br\/en\/produto\/dke-fi-dke-fv\/","og_site_name":"ACT Sistemas Hidr\u00e1ulicos","article_modified_time":"2023-06-28T20:52:26+00:00","og_image":[{"width":605,"height":289,"url":"https:\/\/actbr.com.br\/wp-content\/uploads\/2020\/09\/Valvula-Direcional-Eletrica-Monitorada-ATOS-\u2013-DKE-FI-DKE-FV.jpg","type":"image\/jpeg"}],"twitter_card":"summary_large_image","twitter_misc":{"Est. reading time":"3 minutes"},"schema":{"@context":"https:\/\/schema.org","@graph":[{"@type":"WebPage","@id":"https:\/\/actbr.com.br\/en\/produto\/dke-fi-dke-fv\/","url":"https:\/\/actbr.com.br\/en\/produto\/dke-fi-dke-fv\/","name":"DKE-FI DKE-FV - ACT Sistemas Hidr\u00e1ulicos","isPartOf":{"@id":"https:\/\/actbr.com.br\/en\/#website"},"primaryImageOfPage":{"@id":"https:\/\/actbr.com.br\/en\/produto\/dke-fi-dke-fv\/#primaryimage"},"image":{"@id":"https:\/\/actbr.com.br\/en\/produto\/dke-fi-dke-fv\/#primaryimage"},"thumbnailUrl":"https:\/\/actbr.com.br\/wp-content\/uploads\/2020\/09\/Valvula-Direcional-Eletrica-Monitorada-ATOS-\u2013-DKE-FI-DKE-FV.jpg","datePublished":"2020-09-29T15:39:28+00:00","dateModified":"2023-06-28T20:52:26+00:00","description":"A V\u00e1lvula Direcional El\u00e9trica Monitorada ATOS\u00a0 DKE-FI DKE-FV \u00e9 acionada por solenoides, e fornece sua posi\u00e7\u00e3o atrav\u00e9s do deslocamento do embolo interno.","breadcrumb":{"@id":"https:\/\/actbr.com.br\/en\/produto\/dke-fi-dke-fv\/#breadcrumb"},"inLanguage":"en-US","potentialAction":[{"@type":"ReadAction","target":["https:\/\/actbr.com.br\/en\/produto\/dke-fi-dke-fv\/"]}]},{"@type":"ImageObject","inLanguage":"en-US","@id":"https:\/\/actbr.com.br\/en\/produto\/dke-fi-dke-fv\/#primaryimage","url":"https:\/\/actbr.com.br\/wp-content\/uploads\/2020\/09\/Valvula-Direcional-Eletrica-Monitorada-ATOS-\u2013-DKE-FI-DKE-FV.jpg","contentUrl":"https:\/\/actbr.com.br\/wp-content\/uploads\/2020\/09\/Valvula-Direcional-Eletrica-Monitorada-ATOS-\u2013-DKE-FI-DKE-FV.jpg","width":605,"height":289,"caption":"V\u00e1lvula Direcional El\u00e9trica Monitorada ATOS\u00a0 DKE-FI DKE-FV"},{"@type":"BreadcrumbList","@id":"https:\/\/actbr.com.br\/en\/produto\/dke-fi-dke-fv\/#breadcrumb","itemListElement":[{"@type":"ListItem","position":1,"name":"In\u00edcio","item":"https:\/\/actbr.com.br\/en\/"},{"@type":"ListItem","position":2,"name":"Produtos","item":"https:\/\/actbr.com.br\/produtos-act\/"},{"@type":"ListItem","position":3,"name":"V\u00e1lvulas Direcionais","item":"https:\/\/actbr.com.br\/en\/categoria-produto\/valvulas-direcionais\/"},{"@type":"ListItem","position":4,"name":"V\u00e1lvula de Seguran\u00e7a (NR-12)","item":"https:\/\/actbr.com.br\/en\/categoria-produto\/valvulas-direcionais\/valvula-de-seguranca-nr-12\/"},{"@type":"ListItem","position":5,"name":"DKE-FI DKE-FV"}]},{"@type":"WebSite","@id":"https:\/\/actbr.com.br\/en\/#website","url":"https:\/\/actbr.com.br\/en\/","name":"ACT Sistemas Hidr\u00e1ulicos","description":"Fabrica\u00e7\u00e3o e manuten\u00e7\u00e3o de componentes \u00f3leo hidr\u00e1ulicos","publisher":{"@id":"https:\/\/actbr.com.br\/en\/#organization"},"potentialAction":[{"@type":"SearchAction","target":{"@type":"EntryPoint","urlTemplate":"https:\/\/actbr.com.br\/en\/?s={search_term_string}"},"query-input":{"@type":"PropertyValueSpecification","valueRequired":true,"valueName":"search_term_string"}}],"inLanguage":"en-US"},{"@type":"Organization","@id":"https:\/\/actbr.com.br\/en\/#organization","name":"ACT Sistemas Hidr\u00e1ulicos","url":"https:\/\/actbr.com.br\/en\/","logo":{"@type":"ImageObject","inLanguage":"en-US","@id":"https:\/\/actbr.com.br\/en\/#\/schema\/logo\/image\/","url":"https:\/\/actbr.com.br\/wp-content\/uploads\/2025\/02\/cropped-ACT_NEGATIVO-marca-dagua.png","contentUrl":"https:\/\/actbr.com.br\/wp-content\/uploads\/2025\/02\/cropped-ACT_NEGATIVO-marca-dagua.png","width":240,"height":146,"caption":"ACT Sistemas Hidr\u00e1ulicos"},"image":{"@id":"https:\/\/actbr.com.br\/en\/#\/schema\/logo\/image\/"}}]}},"_links":{"self":[{"href":"https:\/\/actbr.com.br\/en\/wp-json\/wp\/v2\/product\/3478","targetHints":{"allow":["GET"]}}],"collection":[{"href":"https:\/\/actbr.com.br\/en\/wp-json\/wp\/v2\/product"}],"about":[{"href":"https:\/\/actbr.com.br\/en\/wp-json\/wp\/v2\/types\/product"}],"wp:featuredmedia":[{"embeddable":true,"href":"https:\/\/actbr.com.br\/en\/wp-json\/wp\/v2\/media\/8200"}],"wp:attachment":[{"href":"https:\/\/actbr.com.br\/en\/wp-json\/wp\/v2\/media?parent=3478"}],"wp:term":[{"taxonomy":"product_brand","embeddable":true,"href":"https:\/\/actbr.com.br\/en\/wp-json\/wp\/v2\/product_brand?post=3478"},{"taxonomy":"product_cat","embeddable":true,"href":"https:\/\/actbr.com.br\/en\/wp-json\/wp\/v2\/product_cat?post=3478"},{"taxonomy":"product_tag","embeddable":true,"href":"https:\/\/actbr.com.br\/en\/wp-json\/wp\/v2\/product_tag?post=3478"}],"curies":[{"name":"wp","href":"https:\/\/api.w.org\/{rel}","templated":true}]}}