{"id":3514,"date":"2020-09-29T12:40:50","date_gmt":"2020-09-29T15:40:50","guid":{"rendered":"https:\/\/actbr.com.br\/produto\/valvulas-hidraulicas-a-prova-de-explosao-em-aco-inoxidavel-dhax\/"},"modified":"2023-06-23T08:17:19","modified_gmt":"2023-06-23T11:17:19","slug":"dhax","status":"publish","type":"product","link":"https:\/\/actbr.com.br\/en\/produto\/dhax\/","title":{"rendered":"DHAX"},"content":{"rendered":"<p><strong>V\u00e1lvula Hidr\u00e1ulica \u00e0 Prova de Explos\u00e3o em A\u00e7o Inoxid\u00e1vel DHAX<\/strong><\/p>\n<p>A DHAX \u00e9 uma v\u00e1lvula de a\u00e7o inoxid\u00e1vel para ambientes corrosivos, com solenoides ATEX, \u00e0 prova de explos\u00e3o.<\/p>\n<p>Uma nova linha de v\u00e1lvula de controle direcional de a\u00e7o inoxid\u00e1vel fabricada pela ATOS. Equipada com controles de a\u00e7o inoxid\u00e1vel usados para ambientes corrosivos e fluidos especiais. Tamb\u00e9m \u00e9 projetada com a\u00e7o inoxid\u00e1vel resistente, aplic\u00e1vel para uso com \u00f3leos minerais, glicol de \u00e1gua, fluidos sint\u00e9ticos especiais ou apenas \u00e1gua pura.<\/p>\n<p>V\u00e1lvulas \u00e0 prova de explos\u00e3o, proporcionais on-off, para uso em ambientes potencialmente explosivos, com presen\u00e7a de g\u00e1s e poeira inflam\u00e1vel. Os solenoides s\u00e3o de design original, integrados e consistentes com as v\u00e1lvulas.<\/p>\n<p><strong>Testado e certificado para:<\/strong><br \/>\nATEX 94\/4 \/ CE padr\u00e3o Ex;<br \/>\nUL 1002 American Standard;<br \/>\nCertifica\u00e7\u00e3o russa Gosgortehnadzor.<\/p>\n<p><strong>Simples Solenoide TN6:<\/strong><br \/>\nDHAX4 -0610 \/ DHAX4-0611 \/ DHAX4-0613 \/ DHAX4-0614 \/ DHAX4-0630\/2 \/ DHAX4-0631\/2 \/ DHAX4-0632\/2;<br \/>\nV\u00e1lvula hidr\u00e1ulica solenoide ATOS com duas posi\u00e7\u00f5es e quatro vias, com vaz\u00e3o m\u00e1xima de 60 litros por minuto, resistindo a press\u00f5es de at\u00e9 350 bar.<\/p>\n<p><strong>Duplo Solenoide:<\/strong><br \/>\nTN6: DHAX4-0710 \/ DHAX4-0711 \/ DHAX4-0713 \/ DHAX4-0714 \/ DHAX4-0715 \/ DHAX4-0716 \/ DHAX4-0717 \/ DHAX4-0718 \/ DHAX4-0751\/2;<br \/>\nV\u00e1lvula hidr\u00e1ulica solenoide ATOS com duas posi\u00e7\u00f5es e quatro vias, com vaz\u00e3o m\u00e1xima de 60 litros por minuto, resistindo a press\u00f5es de at\u00e9 350 bar.<\/p>\n","protected":false},"excerpt":{"rendered":"<p>A DHAX \u00e9 uma v\u00e1lvula de a\u00e7o inoxid\u00e1vel para ambientes corrosivos e fluidos especiais, com solenoides ATEX, \u00e0 prova de explos\u00e3o.<\/p>\n","protected":false},"featured_media":8105,"template":"","meta":[],"product_brand":[],"product_cat":[84,46],"product_tag":[],"class_list":{"0":"post-3514","1":"product","2":"type-product","3":"status-publish","4":"has-post-thumbnail","6":"product_cat-em-aco-inox-a-prova-de-explosao","7":"product_cat-valvulas-direcionais","9":"first","10":"instock","11":"virtual","12":"product-type-simple"},"yoast_head":"<!-- This site is optimized with the Yoast SEO plugin v27.5 - https:\/\/yoast.com\/product\/yoast-seo-wordpress\/ -->\n<title>DHAX - ACT Sistemas Hidr\u00e1ulicos<\/title>\n<meta name=\"description\" content=\"A DHAX \u00e9 uma v\u00e1lvula de a\u00e7o inoxid\u00e1vel para ambientes corrosivos e fluidos especiais, com solenoides ATEX, \u00e0 prova de explos\u00e3o.\" \/>\n<meta name=\"robots\" content=\"index, follow, max-snippet:-1, max-image-preview:large, max-video-preview:-1\" \/>\n<link rel=\"canonical\" href=\"https:\/\/actbr.com.br\/en\/produto\/dhax\/\" \/>\n<meta property=\"og:locale\" content=\"en_US\" \/>\n<meta property=\"og:type\" content=\"article\" \/>\n<meta property=\"og:title\" content=\"DHAX - ACT Sistemas Hidr\u00e1ulicos\" \/>\n<meta property=\"og:description\" content=\"A DHAX \u00e9 uma v\u00e1lvula de a\u00e7o inoxid\u00e1vel para ambientes corrosivos e fluidos especiais, com solenoides ATEX, \u00e0 prova de explos\u00e3o.\" \/>\n<meta property=\"og:url\" content=\"https:\/\/actbr.com.br\/en\/produto\/dhax\/\" \/>\n<meta property=\"og:site_name\" content=\"ACT Sistemas Hidr\u00e1ulicos\" \/>\n<meta property=\"article:modified_time\" content=\"2023-06-23T11:17:19+00:00\" \/>\n<meta property=\"og:image\" content=\"https:\/\/actbr.com.br\/wp-content\/uploads\/2020\/09\/Valvulas-hidraulicas-a-prova-de-explosao-em-aco-inoxidavel-\u2013-DHAX.jpg\" \/>\n\t<meta property=\"og:image:width\" content=\"700\" \/>\n\t<meta property=\"og:image:height\" content=\"478\" \/>\n\t<meta property=\"og:image:type\" content=\"image\/jpeg\" \/>\n<meta name=\"twitter:card\" content=\"summary_large_image\" \/>\n<meta name=\"twitter:label1\" content=\"Est. reading time\" \/>\n\t<meta name=\"twitter:data1\" content=\"2 minutes\" \/>\n<script type=\"application\/ld+json\" class=\"yoast-schema-graph\">{\"@context\":\"https:\\\/\\\/schema.org\",\"@graph\":[{\"@type\":\"WebPage\",\"@id\":\"https:\\\/\\\/actbr.com.br\\\/en\\\/produto\\\/dhax\\\/\",\"url\":\"https:\\\/\\\/actbr.com.br\\\/en\\\/produto\\\/dhax\\\/\",\"name\":\"DHAX - ACT Sistemas Hidr\u00e1ulicos\",\"isPartOf\":{\"@id\":\"https:\\\/\\\/actbr.com.br\\\/en\\\/#website\"},\"primaryImageOfPage\":{\"@id\":\"https:\\\/\\\/actbr.com.br\\\/en\\\/produto\\\/dhax\\\/#primaryimage\"},\"image\":{\"@id\":\"https:\\\/\\\/actbr.com.br\\\/en\\\/produto\\\/dhax\\\/#primaryimage\"},\"thumbnailUrl\":\"https:\\\/\\\/actbr.com.br\\\/wp-content\\\/uploads\\\/2020\\\/09\\\/Valvulas-hidraulicas-a-prova-de-explosao-em-aco-inoxidavel-\u2013-DHAX.jpg\",\"datePublished\":\"2020-09-29T15:40:50+00:00\",\"dateModified\":\"2023-06-23T11:17:19+00:00\",\"description\":\"A DHAX \u00e9 uma v\u00e1lvula de a\u00e7o inoxid\u00e1vel para ambientes corrosivos e fluidos especiais, com solenoides ATEX, \u00e0 prova de explos\u00e3o.\",\"breadcrumb\":{\"@id\":\"https:\\\/\\\/actbr.com.br\\\/en\\\/produto\\\/dhax\\\/#breadcrumb\"},\"inLanguage\":\"en-US\",\"potentialAction\":[{\"@type\":\"ReadAction\",\"target\":[\"https:\\\/\\\/actbr.com.br\\\/en\\\/produto\\\/dhax\\\/\"]}]},{\"@type\":\"ImageObject\",\"inLanguage\":\"en-US\",\"@id\":\"https:\\\/\\\/actbr.com.br\\\/en\\\/produto\\\/dhax\\\/#primaryimage\",\"url\":\"https:\\\/\\\/actbr.com.br\\\/wp-content\\\/uploads\\\/2020\\\/09\\\/Valvulas-hidraulicas-a-prova-de-explosao-em-aco-inoxidavel-\u2013-DHAX.jpg\",\"contentUrl\":\"https:\\\/\\\/actbr.com.br\\\/wp-content\\\/uploads\\\/2020\\\/09\\\/Valvulas-hidraulicas-a-prova-de-explosao-em-aco-inoxidavel-\u2013-DHAX.jpg\",\"width\":700,\"height\":478,\"caption\":\"DHAX\"},{\"@type\":\"BreadcrumbList\",\"@id\":\"https:\\\/\\\/actbr.com.br\\\/en\\\/produto\\\/dhax\\\/#breadcrumb\",\"itemListElement\":[{\"@type\":\"ListItem\",\"position\":1,\"name\":\"In\u00edcio\",\"item\":\"https:\\\/\\\/actbr.com.br\\\/en\\\/\"},{\"@type\":\"ListItem\",\"position\":2,\"name\":\"Produtos\",\"item\":\"https:\\\/\\\/actbr.com.br\\\/produtos-act\\\/\"},{\"@type\":\"ListItem\",\"position\":3,\"name\":\"V\u00e1lvulas Direcionais\",\"item\":\"https:\\\/\\\/actbr.com.br\\\/en\\\/categoria-produto\\\/valvulas-direcionais\\\/\"},{\"@type\":\"ListItem\",\"position\":4,\"name\":\"Em a\u00e7o Inox \u00e0 prova de explos\u00e3o\",\"item\":\"https:\\\/\\\/actbr.com.br\\\/en\\\/categoria-produto\\\/valvulas-direcionais\\\/em-aco-inox-a-prova-de-explosao\\\/\"},{\"@type\":\"ListItem\",\"position\":5,\"name\":\"DHAX\"}]},{\"@type\":\"WebSite\",\"@id\":\"https:\\\/\\\/actbr.com.br\\\/en\\\/#website\",\"url\":\"https:\\\/\\\/actbr.com.br\\\/en\\\/\",\"name\":\"ACT Sistemas Hidr\u00e1ulicos\",\"description\":\"Fabrica\u00e7\u00e3o e manuten\u00e7\u00e3o de componentes \u00f3leo hidr\u00e1ulicos\",\"publisher\":{\"@id\":\"https:\\\/\\\/actbr.com.br\\\/en\\\/#organization\"},\"potentialAction\":[{\"@type\":\"SearchAction\",\"target\":{\"@type\":\"EntryPoint\",\"urlTemplate\":\"https:\\\/\\\/actbr.com.br\\\/en\\\/?s={search_term_string}\"},\"query-input\":{\"@type\":\"PropertyValueSpecification\",\"valueRequired\":true,\"valueName\":\"search_term_string\"}}],\"inLanguage\":\"en-US\"},{\"@type\":\"Organization\",\"@id\":\"https:\\\/\\\/actbr.com.br\\\/en\\\/#organization\",\"name\":\"ACT Sistemas Hidr\u00e1ulicos\",\"url\":\"https:\\\/\\\/actbr.com.br\\\/en\\\/\",\"logo\":{\"@type\":\"ImageObject\",\"inLanguage\":\"en-US\",\"@id\":\"https:\\\/\\\/actbr.com.br\\\/en\\\/#\\\/schema\\\/logo\\\/image\\\/\",\"url\":\"https:\\\/\\\/actbr.com.br\\\/wp-content\\\/uploads\\\/2025\\\/02\\\/cropped-ACT_NEGATIVO-marca-dagua.png\",\"contentUrl\":\"https:\\\/\\\/actbr.com.br\\\/wp-content\\\/uploads\\\/2025\\\/02\\\/cropped-ACT_NEGATIVO-marca-dagua.png\",\"width\":240,\"height\":146,\"caption\":\"ACT Sistemas Hidr\u00e1ulicos\"},\"image\":{\"@id\":\"https:\\\/\\\/actbr.com.br\\\/en\\\/#\\\/schema\\\/logo\\\/image\\\/\"}}]}<\/script>\n<!-- \/ Yoast SEO plugin. -->","yoast_head_json":{"title":"DHAX - ACT Sistemas Hidr\u00e1ulicos","description":"A DHAX \u00e9 uma v\u00e1lvula de a\u00e7o inoxid\u00e1vel para ambientes corrosivos e fluidos especiais, com solenoides ATEX, \u00e0 prova de explos\u00e3o.","robots":{"index":"index","follow":"follow","max-snippet":"max-snippet:-1","max-image-preview":"max-image-preview:large","max-video-preview":"max-video-preview:-1"},"canonical":"https:\/\/actbr.com.br\/en\/produto\/dhax\/","og_locale":"en_US","og_type":"article","og_title":"DHAX - ACT Sistemas Hidr\u00e1ulicos","og_description":"A DHAX \u00e9 uma v\u00e1lvula de a\u00e7o inoxid\u00e1vel para ambientes corrosivos e fluidos especiais, com solenoides ATEX, \u00e0 prova de explos\u00e3o.","og_url":"https:\/\/actbr.com.br\/en\/produto\/dhax\/","og_site_name":"ACT Sistemas Hidr\u00e1ulicos","article_modified_time":"2023-06-23T11:17:19+00:00","og_image":[{"width":700,"height":478,"url":"https:\/\/actbr.com.br\/wp-content\/uploads\/2020\/09\/Valvulas-hidraulicas-a-prova-de-explosao-em-aco-inoxidavel-\u2013-DHAX.jpg","type":"image\/jpeg"}],"twitter_card":"summary_large_image","twitter_misc":{"Est. reading time":"2 minutes"},"schema":{"@context":"https:\/\/schema.org","@graph":[{"@type":"WebPage","@id":"https:\/\/actbr.com.br\/en\/produto\/dhax\/","url":"https:\/\/actbr.com.br\/en\/produto\/dhax\/","name":"DHAX - ACT Sistemas Hidr\u00e1ulicos","isPartOf":{"@id":"https:\/\/actbr.com.br\/en\/#website"},"primaryImageOfPage":{"@id":"https:\/\/actbr.com.br\/en\/produto\/dhax\/#primaryimage"},"image":{"@id":"https:\/\/actbr.com.br\/en\/produto\/dhax\/#primaryimage"},"thumbnailUrl":"https:\/\/actbr.com.br\/wp-content\/uploads\/2020\/09\/Valvulas-hidraulicas-a-prova-de-explosao-em-aco-inoxidavel-\u2013-DHAX.jpg","datePublished":"2020-09-29T15:40:50+00:00","dateModified":"2023-06-23T11:17:19+00:00","description":"A DHAX \u00e9 uma v\u00e1lvula de a\u00e7o inoxid\u00e1vel para ambientes corrosivos e fluidos especiais, com solenoides ATEX, \u00e0 prova de explos\u00e3o.","breadcrumb":{"@id":"https:\/\/actbr.com.br\/en\/produto\/dhax\/#breadcrumb"},"inLanguage":"en-US","potentialAction":[{"@type":"ReadAction","target":["https:\/\/actbr.com.br\/en\/produto\/dhax\/"]}]},{"@type":"ImageObject","inLanguage":"en-US","@id":"https:\/\/actbr.com.br\/en\/produto\/dhax\/#primaryimage","url":"https:\/\/actbr.com.br\/wp-content\/uploads\/2020\/09\/Valvulas-hidraulicas-a-prova-de-explosao-em-aco-inoxidavel-\u2013-DHAX.jpg","contentUrl":"https:\/\/actbr.com.br\/wp-content\/uploads\/2020\/09\/Valvulas-hidraulicas-a-prova-de-explosao-em-aco-inoxidavel-\u2013-DHAX.jpg","width":700,"height":478,"caption":"DHAX"},{"@type":"BreadcrumbList","@id":"https:\/\/actbr.com.br\/en\/produto\/dhax\/#breadcrumb","itemListElement":[{"@type":"ListItem","position":1,"name":"In\u00edcio","item":"https:\/\/actbr.com.br\/en\/"},{"@type":"ListItem","position":2,"name":"Produtos","item":"https:\/\/actbr.com.br\/produtos-act\/"},{"@type":"ListItem","position":3,"name":"V\u00e1lvulas Direcionais","item":"https:\/\/actbr.com.br\/en\/categoria-produto\/valvulas-direcionais\/"},{"@type":"ListItem","position":4,"name":"Em a\u00e7o Inox \u00e0 prova de explos\u00e3o","item":"https:\/\/actbr.com.br\/en\/categoria-produto\/valvulas-direcionais\/em-aco-inox-a-prova-de-explosao\/"},{"@type":"ListItem","position":5,"name":"DHAX"}]},{"@type":"WebSite","@id":"https:\/\/actbr.com.br\/en\/#website","url":"https:\/\/actbr.com.br\/en\/","name":"ACT Sistemas Hidr\u00e1ulicos","description":"Fabrica\u00e7\u00e3o e manuten\u00e7\u00e3o de componentes \u00f3leo hidr\u00e1ulicos","publisher":{"@id":"https:\/\/actbr.com.br\/en\/#organization"},"potentialAction":[{"@type":"SearchAction","target":{"@type":"EntryPoint","urlTemplate":"https:\/\/actbr.com.br\/en\/?s={search_term_string}"},"query-input":{"@type":"PropertyValueSpecification","valueRequired":true,"valueName":"search_term_string"}}],"inLanguage":"en-US"},{"@type":"Organization","@id":"https:\/\/actbr.com.br\/en\/#organization","name":"ACT Sistemas Hidr\u00e1ulicos","url":"https:\/\/actbr.com.br\/en\/","logo":{"@type":"ImageObject","inLanguage":"en-US","@id":"https:\/\/actbr.com.br\/en\/#\/schema\/logo\/image\/","url":"https:\/\/actbr.com.br\/wp-content\/uploads\/2025\/02\/cropped-ACT_NEGATIVO-marca-dagua.png","contentUrl":"https:\/\/actbr.com.br\/wp-content\/uploads\/2025\/02\/cropped-ACT_NEGATIVO-marca-dagua.png","width":240,"height":146,"caption":"ACT Sistemas Hidr\u00e1ulicos"},"image":{"@id":"https:\/\/actbr.com.br\/en\/#\/schema\/logo\/image\/"}}]}},"_links":{"self":[{"href":"https:\/\/actbr.com.br\/en\/wp-json\/wp\/v2\/product\/3514","targetHints":{"allow":["GET"]}}],"collection":[{"href":"https:\/\/actbr.com.br\/en\/wp-json\/wp\/v2\/product"}],"about":[{"href":"https:\/\/actbr.com.br\/en\/wp-json\/wp\/v2\/types\/product"}],"wp:featuredmedia":[{"embeddable":true,"href":"https:\/\/actbr.com.br\/en\/wp-json\/wp\/v2\/media\/8105"}],"wp:attachment":[{"href":"https:\/\/actbr.com.br\/en\/wp-json\/wp\/v2\/media?parent=3514"}],"wp:term":[{"taxonomy":"product_brand","embeddable":true,"href":"https:\/\/actbr.com.br\/en\/wp-json\/wp\/v2\/product_brand?post=3514"},{"taxonomy":"product_cat","embeddable":true,"href":"https:\/\/actbr.com.br\/en\/wp-json\/wp\/v2\/product_cat?post=3514"},{"taxonomy":"product_tag","embeddable":true,"href":"https:\/\/actbr.com.br\/en\/wp-json\/wp\/v2\/product_tag?post=3514"}],"curies":[{"name":"wp","href":"https:\/\/api.w.org\/{rel}","templated":true}]}}