{"id":3516,"date":"2020-09-29T12:40:50","date_gmt":"2020-09-29T15:40:50","guid":{"rendered":"https:\/\/actbr.com.br\/produto\/valvula-cartucho-proporcional-atos-liqzo-3-vias\/"},"modified":"2023-07-14T09:45:09","modified_gmt":"2023-07-14T12:45:09","slug":"liqzo-3-vias","status":"publish","type":"product","link":"https:\/\/actbr.com.br\/en\/produto\/liqzo-3-vias\/","title":{"rendered":"LIQZO 3 vias"},"content":{"rendered":"<p><b>V\u00e1lvula Cartucho Proporcional ATOS LIQZO 3 vias<\/b><\/p>\n<p>A V\u00e1lvula Cartucho LIQZO 3 vias \u00e9 uma v\u00e1lvula cartucho proporcional de 3 vias com eletr\u00f4nica digital integrada, com a fun\u00e7\u00e3o de controlar o fluxo com alta din\u00e2mica, em base dos sinais de refer\u00eancia.<\/p>\n<p>A eletr\u00f4nica proporciona uma fina funcionalidade e uma melhor intercambialidade da v\u00e1lvula.<\/p>\n<p><b>Caracter\u00edsticas<\/b><strong>:<\/strong><br \/>\nV\u00e1lvula cartucho proporcional reguladora de vaz\u00e3o, constru\u00edda sobre a norma ISO 7368;<br \/>\nResiste a press\u00e3o m\u00e1xima de at\u00e9 350 bar;<br \/>\nHisterese menor ou igual a 0,1%;<br \/>\nRepetibilidade de mais ou menos 0,1%;<br \/>\nDispon\u00edvel nos tamanhos: 25, 32, 40, 50, 63 e 80, com vaz\u00f5es m\u00e1ximas de 500, 850, 1.050, 2.000, 3.100 e 5.000 litros por minuto, respectivamente.<\/p>\n<p>&nbsp;<\/p>\n<p><strong>Como solicitar:<\/strong><\/p>\n<p><img decoding=\"async\" src=\"https:\/\/actbr.com.br\/wp-content\/uploads\/2020\/09\/liqzo-3-atos.jpg\" alt=\"\" \/><\/p>\n<p><img decoding=\"async\" src=\"https:\/\/actbr.com.br\/wp-content\/uploads\/2020\/09\/liqzo-atos-3-vias.jpg\" alt=\"\" \/><\/p>\n<p>&nbsp;<\/p>\n<p><img decoding=\"async\" src=\"https:\/\/actbr.com.br\/wp-content\/uploads\/2020\/09\/cartucho-3-vias.jpg\" alt=\"\" \/><\/p>\n","protected":false},"excerpt":{"rendered":"<p>A V\u00e1lvula Cartucho LIQZO 3 vias \u00e9 uma v\u00e1lvula cartucho proporcional de 3 vias com eletr\u00f4nica digital integrada, com a fun\u00e7\u00e3o de controlar o fluxo.<\/p>\n","protected":false},"featured_media":7160,"template":"","meta":[],"product_brand":[],"product_cat":[85,65],"product_tag":[],"class_list":{"0":"post-3516","1":"product","2":"type-product","3":"status-publish","4":"has-post-thumbnail","6":"product_cat-vazao","7":"product_cat-valvulas-proporcionais","9":"first","10":"instock","11":"virtual","12":"product-type-simple"},"yoast_head":"<!-- This site is optimized with the Yoast SEO plugin v27.2 - https:\/\/yoast.com\/product\/yoast-seo-wordpress\/ -->\n<title>LIQZO 3 vias - ACT Sistemas Hidr\u00e1ulicos<\/title>\n<meta name=\"description\" content=\"A V\u00e1lvula Cartucho LIQZO 3 vias \u00e9 uma v\u00e1lvula cartucho proporcional de 3 vias com eletr\u00f4nica digital integrada, com a fun\u00e7\u00e3o de controlar o fluxo.\" \/>\n<meta name=\"robots\" content=\"index, follow, max-snippet:-1, max-image-preview:large, max-video-preview:-1\" \/>\n<link rel=\"canonical\" href=\"https:\/\/actbr.com.br\/en\/produto\/liqzo-3-vias\/\" \/>\n<meta property=\"og:locale\" content=\"en_US\" \/>\n<meta property=\"og:type\" content=\"article\" \/>\n<meta property=\"og:title\" content=\"LIQZO 3 vias - ACT Sistemas Hidr\u00e1ulicos\" \/>\n<meta property=\"og:description\" content=\"A V\u00e1lvula Cartucho LIQZO 3 vias \u00e9 uma v\u00e1lvula cartucho proporcional de 3 vias com eletr\u00f4nica digital integrada, com a fun\u00e7\u00e3o de controlar o fluxo.\" \/>\n<meta property=\"og:url\" content=\"https:\/\/actbr.com.br\/en\/produto\/liqzo-3-vias\/\" \/>\n<meta property=\"og:site_name\" content=\"ACT Sistemas Hidr\u00e1ulicos\" \/>\n<meta property=\"article:modified_time\" content=\"2023-07-14T12:45:09+00:00\" \/>\n<meta property=\"og:image\" content=\"https:\/\/actbr.com.br\/wp-content\/uploads\/2020\/09\/Valvula-Cartucho-Proporcional-ATOS-\u2013-LIQZO-3-VIAS.jpg\" \/>\n\t<meta property=\"og:image:width\" content=\"600\" \/>\n\t<meta property=\"og:image:height\" content=\"425\" \/>\n\t<meta property=\"og:image:type\" content=\"image\/jpeg\" \/>\n<meta name=\"twitter:card\" content=\"summary_large_image\" \/>\n<meta name=\"twitter:label1\" content=\"Est. reading time\" \/>\n\t<meta name=\"twitter:data1\" content=\"2 minutes\" \/>\n<script type=\"application\/ld+json\" class=\"yoast-schema-graph\">{\"@context\":\"https:\/\/schema.org\",\"@graph\":[{\"@type\":\"WebPage\",\"@id\":\"https:\/\/actbr.com.br\/en\/produto\/liqzo-3-vias\/\",\"url\":\"https:\/\/actbr.com.br\/en\/produto\/liqzo-3-vias\/\",\"name\":\"LIQZO 3 vias - ACT Sistemas Hidr\u00e1ulicos\",\"isPartOf\":{\"@id\":\"https:\/\/actbr.com.br\/en\/#website\"},\"primaryImageOfPage\":{\"@id\":\"https:\/\/actbr.com.br\/en\/produto\/liqzo-3-vias\/#primaryimage\"},\"image\":{\"@id\":\"https:\/\/actbr.com.br\/en\/produto\/liqzo-3-vias\/#primaryimage\"},\"thumbnailUrl\":\"https:\/\/actbr.com.br\/wp-content\/uploads\/2020\/09\/Valvula-Cartucho-Proporcional-ATOS-\u2013-LIQZO-3-VIAS.jpg\",\"datePublished\":\"2020-09-29T15:40:50+00:00\",\"dateModified\":\"2023-07-14T12:45:09+00:00\",\"description\":\"A V\u00e1lvula Cartucho LIQZO 3 vias \u00e9 uma v\u00e1lvula cartucho proporcional de 3 vias com eletr\u00f4nica digital integrada, com a fun\u00e7\u00e3o de controlar o fluxo.\",\"breadcrumb\":{\"@id\":\"https:\/\/actbr.com.br\/en\/produto\/liqzo-3-vias\/#breadcrumb\"},\"inLanguage\":\"en-US\",\"potentialAction\":[{\"@type\":\"ReadAction\",\"target\":[\"https:\/\/actbr.com.br\/en\/produto\/liqzo-3-vias\/\"]}]},{\"@type\":\"ImageObject\",\"inLanguage\":\"en-US\",\"@id\":\"https:\/\/actbr.com.br\/en\/produto\/liqzo-3-vias\/#primaryimage\",\"url\":\"https:\/\/actbr.com.br\/wp-content\/uploads\/2020\/09\/Valvula-Cartucho-Proporcional-ATOS-\u2013-LIQZO-3-VIAS.jpg\",\"contentUrl\":\"https:\/\/actbr.com.br\/wp-content\/uploads\/2020\/09\/Valvula-Cartucho-Proporcional-ATOS-\u2013-LIQZO-3-VIAS.jpg\",\"width\":600,\"height\":425,\"caption\":\"V\u00e1lvula Cartucho Proporcional ATOS - LIQZO (3 VIAS)\"},{\"@type\":\"BreadcrumbList\",\"@id\":\"https:\/\/actbr.com.br\/en\/produto\/liqzo-3-vias\/#breadcrumb\",\"itemListElement\":[{\"@type\":\"ListItem\",\"position\":1,\"name\":\"In\u00edcio\",\"item\":\"https:\/\/actbr.com.br\/en\/\"},{\"@type\":\"ListItem\",\"position\":2,\"name\":\"Produtos\",\"item\":\"https:\/\/actbr.com.br\/produtos-act\/\"},{\"@type\":\"ListItem\",\"position\":3,\"name\":\"V\u00e1lvulas Proporcionais\",\"item\":\"https:\/\/actbr.com.br\/en\/categoria-produto\/valvulas-proporcionais\/\"},{\"@type\":\"ListItem\",\"position\":4,\"name\":\"Proporcional Vaz\u00e3o\",\"item\":\"https:\/\/actbr.com.br\/en\/categoria-produto\/valvulas-proporcionais\/vazao\/\"},{\"@type\":\"ListItem\",\"position\":5,\"name\":\"LIQZO 3 vias\"}]},{\"@type\":\"WebSite\",\"@id\":\"https:\/\/actbr.com.br\/en\/#website\",\"url\":\"https:\/\/actbr.com.br\/en\/\",\"name\":\"ACT Sistemas Hidr\u00e1ulicos\",\"description\":\"Fabrica\u00e7\u00e3o e manuten\u00e7\u00e3o de componentes \u00f3leo hidr\u00e1ulicos\",\"publisher\":{\"@id\":\"https:\/\/actbr.com.br\/en\/#organization\"},\"potentialAction\":[{\"@type\":\"SearchAction\",\"target\":{\"@type\":\"EntryPoint\",\"urlTemplate\":\"https:\/\/actbr.com.br\/en\/?s={search_term_string}\"},\"query-input\":{\"@type\":\"PropertyValueSpecification\",\"valueRequired\":true,\"valueName\":\"search_term_string\"}}],\"inLanguage\":\"en-US\"},{\"@type\":\"Organization\",\"@id\":\"https:\/\/actbr.com.br\/en\/#organization\",\"name\":\"ACT Sistemas Hidr\u00e1ulicos\",\"url\":\"https:\/\/actbr.com.br\/en\/\",\"logo\":{\"@type\":\"ImageObject\",\"inLanguage\":\"en-US\",\"@id\":\"https:\/\/actbr.com.br\/en\/#\/schema\/logo\/image\/\",\"url\":\"https:\/\/actbr.com.br\/wp-content\/uploads\/2025\/02\/cropped-ACT_NEGATIVO-marca-dagua.png\",\"contentUrl\":\"https:\/\/actbr.com.br\/wp-content\/uploads\/2025\/02\/cropped-ACT_NEGATIVO-marca-dagua.png\",\"width\":240,\"height\":146,\"caption\":\"ACT Sistemas Hidr\u00e1ulicos\"},\"image\":{\"@id\":\"https:\/\/actbr.com.br\/en\/#\/schema\/logo\/image\/\"}}]}<\/script>\n<!-- \/ Yoast SEO plugin. -->","yoast_head_json":{"title":"LIQZO 3 vias - ACT Sistemas Hidr\u00e1ulicos","description":"A V\u00e1lvula Cartucho LIQZO 3 vias \u00e9 uma v\u00e1lvula cartucho proporcional de 3 vias com eletr\u00f4nica digital integrada, com a fun\u00e7\u00e3o de controlar o fluxo.","robots":{"index":"index","follow":"follow","max-snippet":"max-snippet:-1","max-image-preview":"max-image-preview:large","max-video-preview":"max-video-preview:-1"},"canonical":"https:\/\/actbr.com.br\/en\/produto\/liqzo-3-vias\/","og_locale":"en_US","og_type":"article","og_title":"LIQZO 3 vias - ACT Sistemas Hidr\u00e1ulicos","og_description":"A V\u00e1lvula Cartucho LIQZO 3 vias \u00e9 uma v\u00e1lvula cartucho proporcional de 3 vias com eletr\u00f4nica digital integrada, com a fun\u00e7\u00e3o de controlar o fluxo.","og_url":"https:\/\/actbr.com.br\/en\/produto\/liqzo-3-vias\/","og_site_name":"ACT Sistemas Hidr\u00e1ulicos","article_modified_time":"2023-07-14T12:45:09+00:00","og_image":[{"width":600,"height":425,"url":"https:\/\/actbr.com.br\/wp-content\/uploads\/2020\/09\/Valvula-Cartucho-Proporcional-ATOS-\u2013-LIQZO-3-VIAS.jpg","type":"image\/jpeg"}],"twitter_card":"summary_large_image","twitter_misc":{"Est. reading time":"2 minutes"},"schema":{"@context":"https:\/\/schema.org","@graph":[{"@type":"WebPage","@id":"https:\/\/actbr.com.br\/en\/produto\/liqzo-3-vias\/","url":"https:\/\/actbr.com.br\/en\/produto\/liqzo-3-vias\/","name":"LIQZO 3 vias - ACT Sistemas Hidr\u00e1ulicos","isPartOf":{"@id":"https:\/\/actbr.com.br\/en\/#website"},"primaryImageOfPage":{"@id":"https:\/\/actbr.com.br\/en\/produto\/liqzo-3-vias\/#primaryimage"},"image":{"@id":"https:\/\/actbr.com.br\/en\/produto\/liqzo-3-vias\/#primaryimage"},"thumbnailUrl":"https:\/\/actbr.com.br\/wp-content\/uploads\/2020\/09\/Valvula-Cartucho-Proporcional-ATOS-\u2013-LIQZO-3-VIAS.jpg","datePublished":"2020-09-29T15:40:50+00:00","dateModified":"2023-07-14T12:45:09+00:00","description":"A V\u00e1lvula Cartucho LIQZO 3 vias \u00e9 uma v\u00e1lvula cartucho proporcional de 3 vias com eletr\u00f4nica digital integrada, com a fun\u00e7\u00e3o de controlar o fluxo.","breadcrumb":{"@id":"https:\/\/actbr.com.br\/en\/produto\/liqzo-3-vias\/#breadcrumb"},"inLanguage":"en-US","potentialAction":[{"@type":"ReadAction","target":["https:\/\/actbr.com.br\/en\/produto\/liqzo-3-vias\/"]}]},{"@type":"ImageObject","inLanguage":"en-US","@id":"https:\/\/actbr.com.br\/en\/produto\/liqzo-3-vias\/#primaryimage","url":"https:\/\/actbr.com.br\/wp-content\/uploads\/2020\/09\/Valvula-Cartucho-Proporcional-ATOS-\u2013-LIQZO-3-VIAS.jpg","contentUrl":"https:\/\/actbr.com.br\/wp-content\/uploads\/2020\/09\/Valvula-Cartucho-Proporcional-ATOS-\u2013-LIQZO-3-VIAS.jpg","width":600,"height":425,"caption":"V\u00e1lvula Cartucho Proporcional ATOS - LIQZO (3 VIAS)"},{"@type":"BreadcrumbList","@id":"https:\/\/actbr.com.br\/en\/produto\/liqzo-3-vias\/#breadcrumb","itemListElement":[{"@type":"ListItem","position":1,"name":"In\u00edcio","item":"https:\/\/actbr.com.br\/en\/"},{"@type":"ListItem","position":2,"name":"Produtos","item":"https:\/\/actbr.com.br\/produtos-act\/"},{"@type":"ListItem","position":3,"name":"V\u00e1lvulas Proporcionais","item":"https:\/\/actbr.com.br\/en\/categoria-produto\/valvulas-proporcionais\/"},{"@type":"ListItem","position":4,"name":"Proporcional Vaz\u00e3o","item":"https:\/\/actbr.com.br\/en\/categoria-produto\/valvulas-proporcionais\/vazao\/"},{"@type":"ListItem","position":5,"name":"LIQZO 3 vias"}]},{"@type":"WebSite","@id":"https:\/\/actbr.com.br\/en\/#website","url":"https:\/\/actbr.com.br\/en\/","name":"ACT Sistemas Hidr\u00e1ulicos","description":"Fabrica\u00e7\u00e3o e manuten\u00e7\u00e3o de componentes \u00f3leo hidr\u00e1ulicos","publisher":{"@id":"https:\/\/actbr.com.br\/en\/#organization"},"potentialAction":[{"@type":"SearchAction","target":{"@type":"EntryPoint","urlTemplate":"https:\/\/actbr.com.br\/en\/?s={search_term_string}"},"query-input":{"@type":"PropertyValueSpecification","valueRequired":true,"valueName":"search_term_string"}}],"inLanguage":"en-US"},{"@type":"Organization","@id":"https:\/\/actbr.com.br\/en\/#organization","name":"ACT Sistemas Hidr\u00e1ulicos","url":"https:\/\/actbr.com.br\/en\/","logo":{"@type":"ImageObject","inLanguage":"en-US","@id":"https:\/\/actbr.com.br\/en\/#\/schema\/logo\/image\/","url":"https:\/\/actbr.com.br\/wp-content\/uploads\/2025\/02\/cropped-ACT_NEGATIVO-marca-dagua.png","contentUrl":"https:\/\/actbr.com.br\/wp-content\/uploads\/2025\/02\/cropped-ACT_NEGATIVO-marca-dagua.png","width":240,"height":146,"caption":"ACT Sistemas Hidr\u00e1ulicos"},"image":{"@id":"https:\/\/actbr.com.br\/en\/#\/schema\/logo\/image\/"}}]}},"_links":{"self":[{"href":"https:\/\/actbr.com.br\/en\/wp-json\/wp\/v2\/product\/3516","targetHints":{"allow":["GET"]}}],"collection":[{"href":"https:\/\/actbr.com.br\/en\/wp-json\/wp\/v2\/product"}],"about":[{"href":"https:\/\/actbr.com.br\/en\/wp-json\/wp\/v2\/types\/product"}],"wp:featuredmedia":[{"embeddable":true,"href":"https:\/\/actbr.com.br\/en\/wp-json\/wp\/v2\/media\/7160"}],"wp:attachment":[{"href":"https:\/\/actbr.com.br\/en\/wp-json\/wp\/v2\/media?parent=3516"}],"wp:term":[{"taxonomy":"product_brand","embeddable":true,"href":"https:\/\/actbr.com.br\/en\/wp-json\/wp\/v2\/product_brand?post=3516"},{"taxonomy":"product_cat","embeddable":true,"href":"https:\/\/actbr.com.br\/en\/wp-json\/wp\/v2\/product_cat?post=3516"},{"taxonomy":"product_tag","embeddable":true,"href":"https:\/\/actbr.com.br\/en\/wp-json\/wp\/v2\/product_tag?post=3516"}],"curies":[{"name":"wp","href":"https:\/\/api.w.org\/{rel}","templated":true}]}}