{"id":3538,"date":"2020-09-29T12:40:50","date_gmt":"2020-09-29T15:40:50","guid":{"rendered":"https:\/\/actbr.com.br\/produto\/servoproporcionais-atos-dlhzo-dlkzor\/"},"modified":"2023-06-29T08:06:01","modified_gmt":"2023-06-29T11:06:01","slug":"dlhzo-dlkzor","status":"publish","type":"product","link":"https:\/\/actbr.com.br\/en\/produto\/dlhzo-dlkzor\/","title":{"rendered":"LHZO-DLKZOR"},"content":{"rendered":"<div id=\"detalhes\">\n<p><strong>Servoproporcional ATOS &#8211; DLHZO &#8211; DLKZOR<\/strong><\/p>\n<p>A V\u00e1lvula Servoproporcional DLHZO-DLKZOR \u00e9 uma v\u00e1lvula proporcional com sistema carretel, que oferece a seus usu\u00e1rios: acoplamento preciso, feedback em malha fechada, alta resposta com excelente confiabilidade e eletr\u00f4nica pr\u00e9-ajustada em f\u00e1brica.<\/p>\n<p>Tamb\u00e9m disp\u00f5e de controle digital vaz\u00e3o, press\u00e3o e posi\u00e7\u00e3o, al\u00e9m de ajuste dos par\u00e2metros funcionais via software. Ainda conta com\u00a0 op\u00e7\u00f5es contra vibra\u00e7\u00e3o e choque, inclusive em vers\u00f5es \u00e0 prova de explos\u00e3o e em a\u00e7o inoxid\u00e1vel.<\/p>\n<p><strong>Como solicitar:<\/strong><\/p>\n<p><img decoding=\"async\" src=\"https:\/\/actbr.com.br\/wp-content\/uploads\/2020\/09\/como-solicitar-dlhzo-dlkzor.jpg\" alt=\"\" \/><\/p>\n<p><strong>DLHZO:<\/strong><br \/>\nServoproporcional com quatro vias (4), de opera\u00e7\u00e3o direta, tamanho 6 (TN6);<br \/>\nResistente a press\u00f5es de at\u00e9 350\/315 bar, com tempo de resposta 8\/15ms e histerese menor ou igual 0,1%;<br \/>\nDispon\u00edvel para vaz\u00f5es m\u00e1ximas de: 10, 18, 32, 40, 50 e 70 litros por minuto.<\/p>\n<p>Constru\u00edda sobre a norma ISO 4401, dispon\u00edvel nas configura\u00e7\u00f5es de carretel:<br \/>\nL &#8211; Linear;<br \/>\nD &#8211; Diferencial para cilindros com rela\u00e7\u00e3o de \u00e1rea 1:2;<br \/>\nT &#8211; N\u00e3o linear para controle fino de fluxo;<br \/>\nV &#8211; Progressivo para controle P\/Q.<\/p>\n<p><strong>DLKZOR:<\/strong><br \/>\nServoproporcional com quatro vias (4), de opera\u00e7\u00e3o direta, tamanho 10 (TN10);<br \/>\nResistente a press\u00f5es de at\u00e9 350\/315 bar, com tempo de resposta 8\/15ms e histerese menor ou igual 0,1%;<br \/>\nDispon\u00edvel para vaz\u00f5es m\u00e1ximas de: 90 e 160 litros por minuto.<\/p>\n<p>Constru\u00edda sobre a norma ISO 4401, dispon\u00edvel nas configura\u00e7\u00f5es de carretel:<br \/>\nL &#8211; Linear;<br \/>\nD &#8211; Diferencial para cilindros com rela\u00e7\u00e3o de \u00e1rea 1:2;<br \/>\nT &#8211; N\u00e3o linear para controle fino de fluxo;<br \/>\nV &#8211; Progressivo para controle P\/Q.<\/p>\n<p><img decoding=\"async\" src=\"https:\/\/actbr.com.br\/wp-content\/uploads\/2020\/09\/dlkzor-caracteristicas.jpg\" alt=\"\" \/><\/p>\n<p><img decoding=\"async\" src=\"https:\/\/actbr.com.br\/wp-content\/uploads\/2020\/09\/servoproporcionais-atos-03.jpg\" alt=\"Carretel DLHZO-TE-040-L73\" \/><\/p>\n<p>Figura 2. Carretel DLHZO-TE-040-L73<\/p>\n<p><img decoding=\"async\" src=\"https:\/\/actbr.com.br\/wp-content\/uploads\/2020\/09\/dlhzo-te-atos.jpg\" alt=\"\" \/><\/p>\n<\/div>\n<div id=\"relacionados\" style=\"margin: 0px; padding: 100px 0px 0px; float: left; width: 890px; color: #4f4f4f; font-family: 'Trebuchet MS', Arial, Helvetica, sans-serif; font-size: 12px;\"><\/div>\n","protected":false},"excerpt":{"rendered":"<p>A V\u00e1lvula Servoproporcional DLHZO-DLKZOR \u00e9 uma v\u00e1lvula proporcional com sistema carretel, com acoplamento preciso e eletr\u00f4nica pr\u00e9-ajustada em f\u00e1brica.<\/p>\n","protected":false},"featured_media":7104,"template":"","meta":[],"product_brand":[],"product_cat":[86,65],"product_tag":[],"class_list":{"0":"post-3538","1":"product","2":"type-product","3":"status-publish","4":"has-post-thumbnail","6":"product_cat-direcional","7":"product_cat-valvulas-proporcionais","9":"first","10":"instock","11":"virtual","12":"product-type-simple"},"yoast_head":"<!-- This site is optimized with the Yoast SEO plugin v27.2 - https:\/\/yoast.com\/product\/yoast-seo-wordpress\/ -->\n<title>LHZO-DLKZOR - ACT Sistemas Hidr\u00e1ulicos<\/title>\n<meta name=\"description\" content=\"A V\u00e1lvula Servoproporcional DLHZO-DLKZOR \u00e9 uma v\u00e1lvula proporcional com sistema carretel, com acoplamento preciso e eletr\u00f4nica pr\u00e9-ajustada em f\u00e1brica.\" \/>\n<meta name=\"robots\" content=\"index, follow, max-snippet:-1, max-image-preview:large, max-video-preview:-1\" \/>\n<link rel=\"canonical\" href=\"https:\/\/actbr.com.br\/en\/produto\/dlhzo-dlkzor\/\" \/>\n<meta property=\"og:locale\" content=\"en_US\" \/>\n<meta property=\"og:type\" content=\"article\" \/>\n<meta property=\"og:title\" content=\"LHZO-DLKZOR - ACT Sistemas Hidr\u00e1ulicos\" \/>\n<meta property=\"og:description\" content=\"A V\u00e1lvula Servoproporcional DLHZO-DLKZOR \u00e9 uma v\u00e1lvula proporcional com sistema carretel, com acoplamento preciso e eletr\u00f4nica pr\u00e9-ajustada em f\u00e1brica.\" \/>\n<meta property=\"og:url\" content=\"https:\/\/actbr.com.br\/en\/produto\/dlhzo-dlkzor\/\" \/>\n<meta property=\"og:site_name\" content=\"ACT Sistemas Hidr\u00e1ulicos\" \/>\n<meta property=\"article:modified_time\" content=\"2023-06-29T11:06:01+00:00\" \/>\n<meta property=\"og:image\" content=\"https:\/\/actbr.com.br\/wp-content\/uploads\/2020\/09\/Servoproporcionais-ATOS-\u2013-DLHZO-\u2013-DLKZOR.jpg\" \/>\n\t<meta property=\"og:image:width\" content=\"600\" \/>\n\t<meta property=\"og:image:height\" content=\"487\" \/>\n\t<meta property=\"og:image:type\" content=\"image\/jpeg\" \/>\n<meta name=\"twitter:card\" content=\"summary_large_image\" \/>\n<meta name=\"twitter:label1\" content=\"Est. reading time\" \/>\n\t<meta name=\"twitter:data1\" content=\"3 minutes\" \/>\n<script type=\"application\/ld+json\" class=\"yoast-schema-graph\">{\"@context\":\"https:\/\/schema.org\",\"@graph\":[{\"@type\":\"WebPage\",\"@id\":\"https:\/\/actbr.com.br\/en\/produto\/dlhzo-dlkzor\/\",\"url\":\"https:\/\/actbr.com.br\/en\/produto\/dlhzo-dlkzor\/\",\"name\":\"LHZO-DLKZOR - ACT Sistemas Hidr\u00e1ulicos\",\"isPartOf\":{\"@id\":\"https:\/\/actbr.com.br\/en\/#website\"},\"primaryImageOfPage\":{\"@id\":\"https:\/\/actbr.com.br\/en\/produto\/dlhzo-dlkzor\/#primaryimage\"},\"image\":{\"@id\":\"https:\/\/actbr.com.br\/en\/produto\/dlhzo-dlkzor\/#primaryimage\"},\"thumbnailUrl\":\"https:\/\/actbr.com.br\/wp-content\/uploads\/2020\/09\/Servoproporcionais-ATOS-\u2013-DLHZO-\u2013-DLKZOR.jpg\",\"datePublished\":\"2020-09-29T15:40:50+00:00\",\"dateModified\":\"2023-06-29T11:06:01+00:00\",\"description\":\"A V\u00e1lvula Servoproporcional DLHZO-DLKZOR \u00e9 uma v\u00e1lvula proporcional com sistema carretel, com acoplamento preciso e eletr\u00f4nica pr\u00e9-ajustada em f\u00e1brica.\",\"breadcrumb\":{\"@id\":\"https:\/\/actbr.com.br\/en\/produto\/dlhzo-dlkzor\/#breadcrumb\"},\"inLanguage\":\"en-US\",\"potentialAction\":[{\"@type\":\"ReadAction\",\"target\":[\"https:\/\/actbr.com.br\/en\/produto\/dlhzo-dlkzor\/\"]}]},{\"@type\":\"ImageObject\",\"inLanguage\":\"en-US\",\"@id\":\"https:\/\/actbr.com.br\/en\/produto\/dlhzo-dlkzor\/#primaryimage\",\"url\":\"https:\/\/actbr.com.br\/wp-content\/uploads\/2020\/09\/Servoproporcionais-ATOS-\u2013-DLHZO-\u2013-DLKZOR.jpg\",\"contentUrl\":\"https:\/\/actbr.com.br\/wp-content\/uploads\/2020\/09\/Servoproporcionais-ATOS-\u2013-DLHZO-\u2013-DLKZOR.jpg\",\"width\":600,\"height\":487,\"caption\":\"Servoproporcional ATOS - DLHZO - DLKZOR\"},{\"@type\":\"BreadcrumbList\",\"@id\":\"https:\/\/actbr.com.br\/en\/produto\/dlhzo-dlkzor\/#breadcrumb\",\"itemListElement\":[{\"@type\":\"ListItem\",\"position\":1,\"name\":\"In\u00edcio\",\"item\":\"https:\/\/actbr.com.br\/en\/\"},{\"@type\":\"ListItem\",\"position\":2,\"name\":\"Produtos\",\"item\":\"https:\/\/actbr.com.br\/produtos-act\/\"},{\"@type\":\"ListItem\",\"position\":3,\"name\":\"V\u00e1lvulas Proporcionais\",\"item\":\"https:\/\/actbr.com.br\/en\/categoria-produto\/valvulas-proporcionais\/\"},{\"@type\":\"ListItem\",\"position\":4,\"name\":\"Proporcional Direcional\",\"item\":\"https:\/\/actbr.com.br\/en\/categoria-produto\/valvulas-proporcionais\/direcional\/\"},{\"@type\":\"ListItem\",\"position\":5,\"name\":\"LHZO-DLKZOR\"}]},{\"@type\":\"WebSite\",\"@id\":\"https:\/\/actbr.com.br\/en\/#website\",\"url\":\"https:\/\/actbr.com.br\/en\/\",\"name\":\"ACT Sistemas Hidr\u00e1ulicos\",\"description\":\"Fabrica\u00e7\u00e3o e manuten\u00e7\u00e3o de componentes \u00f3leo hidr\u00e1ulicos\",\"publisher\":{\"@id\":\"https:\/\/actbr.com.br\/en\/#organization\"},\"potentialAction\":[{\"@type\":\"SearchAction\",\"target\":{\"@type\":\"EntryPoint\",\"urlTemplate\":\"https:\/\/actbr.com.br\/en\/?s={search_term_string}\"},\"query-input\":{\"@type\":\"PropertyValueSpecification\",\"valueRequired\":true,\"valueName\":\"search_term_string\"}}],\"inLanguage\":\"en-US\"},{\"@type\":\"Organization\",\"@id\":\"https:\/\/actbr.com.br\/en\/#organization\",\"name\":\"ACT Sistemas Hidr\u00e1ulicos\",\"url\":\"https:\/\/actbr.com.br\/en\/\",\"logo\":{\"@type\":\"ImageObject\",\"inLanguage\":\"en-US\",\"@id\":\"https:\/\/actbr.com.br\/en\/#\/schema\/logo\/image\/\",\"url\":\"https:\/\/actbr.com.br\/wp-content\/uploads\/2025\/02\/cropped-ACT_NEGATIVO-marca-dagua.png\",\"contentUrl\":\"https:\/\/actbr.com.br\/wp-content\/uploads\/2025\/02\/cropped-ACT_NEGATIVO-marca-dagua.png\",\"width\":240,\"height\":146,\"caption\":\"ACT Sistemas Hidr\u00e1ulicos\"},\"image\":{\"@id\":\"https:\/\/actbr.com.br\/en\/#\/schema\/logo\/image\/\"}}]}<\/script>\n<!-- \/ Yoast SEO plugin. -->","yoast_head_json":{"title":"LHZO-DLKZOR - ACT Sistemas Hidr\u00e1ulicos","description":"A V\u00e1lvula Servoproporcional DLHZO-DLKZOR \u00e9 uma v\u00e1lvula proporcional com sistema carretel, com acoplamento preciso e eletr\u00f4nica pr\u00e9-ajustada em f\u00e1brica.","robots":{"index":"index","follow":"follow","max-snippet":"max-snippet:-1","max-image-preview":"max-image-preview:large","max-video-preview":"max-video-preview:-1"},"canonical":"https:\/\/actbr.com.br\/en\/produto\/dlhzo-dlkzor\/","og_locale":"en_US","og_type":"article","og_title":"LHZO-DLKZOR - ACT Sistemas Hidr\u00e1ulicos","og_description":"A V\u00e1lvula Servoproporcional DLHZO-DLKZOR \u00e9 uma v\u00e1lvula proporcional com sistema carretel, com acoplamento preciso e eletr\u00f4nica pr\u00e9-ajustada em f\u00e1brica.","og_url":"https:\/\/actbr.com.br\/en\/produto\/dlhzo-dlkzor\/","og_site_name":"ACT Sistemas Hidr\u00e1ulicos","article_modified_time":"2023-06-29T11:06:01+00:00","og_image":[{"width":600,"height":487,"url":"https:\/\/actbr.com.br\/wp-content\/uploads\/2020\/09\/Servoproporcionais-ATOS-\u2013-DLHZO-\u2013-DLKZOR.jpg","type":"image\/jpeg"}],"twitter_card":"summary_large_image","twitter_misc":{"Est. reading time":"3 minutes"},"schema":{"@context":"https:\/\/schema.org","@graph":[{"@type":"WebPage","@id":"https:\/\/actbr.com.br\/en\/produto\/dlhzo-dlkzor\/","url":"https:\/\/actbr.com.br\/en\/produto\/dlhzo-dlkzor\/","name":"LHZO-DLKZOR - ACT Sistemas Hidr\u00e1ulicos","isPartOf":{"@id":"https:\/\/actbr.com.br\/en\/#website"},"primaryImageOfPage":{"@id":"https:\/\/actbr.com.br\/en\/produto\/dlhzo-dlkzor\/#primaryimage"},"image":{"@id":"https:\/\/actbr.com.br\/en\/produto\/dlhzo-dlkzor\/#primaryimage"},"thumbnailUrl":"https:\/\/actbr.com.br\/wp-content\/uploads\/2020\/09\/Servoproporcionais-ATOS-\u2013-DLHZO-\u2013-DLKZOR.jpg","datePublished":"2020-09-29T15:40:50+00:00","dateModified":"2023-06-29T11:06:01+00:00","description":"A V\u00e1lvula Servoproporcional DLHZO-DLKZOR \u00e9 uma v\u00e1lvula proporcional com sistema carretel, com acoplamento preciso e eletr\u00f4nica pr\u00e9-ajustada em f\u00e1brica.","breadcrumb":{"@id":"https:\/\/actbr.com.br\/en\/produto\/dlhzo-dlkzor\/#breadcrumb"},"inLanguage":"en-US","potentialAction":[{"@type":"ReadAction","target":["https:\/\/actbr.com.br\/en\/produto\/dlhzo-dlkzor\/"]}]},{"@type":"ImageObject","inLanguage":"en-US","@id":"https:\/\/actbr.com.br\/en\/produto\/dlhzo-dlkzor\/#primaryimage","url":"https:\/\/actbr.com.br\/wp-content\/uploads\/2020\/09\/Servoproporcionais-ATOS-\u2013-DLHZO-\u2013-DLKZOR.jpg","contentUrl":"https:\/\/actbr.com.br\/wp-content\/uploads\/2020\/09\/Servoproporcionais-ATOS-\u2013-DLHZO-\u2013-DLKZOR.jpg","width":600,"height":487,"caption":"Servoproporcional ATOS - DLHZO - DLKZOR"},{"@type":"BreadcrumbList","@id":"https:\/\/actbr.com.br\/en\/produto\/dlhzo-dlkzor\/#breadcrumb","itemListElement":[{"@type":"ListItem","position":1,"name":"In\u00edcio","item":"https:\/\/actbr.com.br\/en\/"},{"@type":"ListItem","position":2,"name":"Produtos","item":"https:\/\/actbr.com.br\/produtos-act\/"},{"@type":"ListItem","position":3,"name":"V\u00e1lvulas Proporcionais","item":"https:\/\/actbr.com.br\/en\/categoria-produto\/valvulas-proporcionais\/"},{"@type":"ListItem","position":4,"name":"Proporcional Direcional","item":"https:\/\/actbr.com.br\/en\/categoria-produto\/valvulas-proporcionais\/direcional\/"},{"@type":"ListItem","position":5,"name":"LHZO-DLKZOR"}]},{"@type":"WebSite","@id":"https:\/\/actbr.com.br\/en\/#website","url":"https:\/\/actbr.com.br\/en\/","name":"ACT Sistemas Hidr\u00e1ulicos","description":"Fabrica\u00e7\u00e3o e manuten\u00e7\u00e3o de componentes \u00f3leo hidr\u00e1ulicos","publisher":{"@id":"https:\/\/actbr.com.br\/en\/#organization"},"potentialAction":[{"@type":"SearchAction","target":{"@type":"EntryPoint","urlTemplate":"https:\/\/actbr.com.br\/en\/?s={search_term_string}"},"query-input":{"@type":"PropertyValueSpecification","valueRequired":true,"valueName":"search_term_string"}}],"inLanguage":"en-US"},{"@type":"Organization","@id":"https:\/\/actbr.com.br\/en\/#organization","name":"ACT Sistemas Hidr\u00e1ulicos","url":"https:\/\/actbr.com.br\/en\/","logo":{"@type":"ImageObject","inLanguage":"en-US","@id":"https:\/\/actbr.com.br\/en\/#\/schema\/logo\/image\/","url":"https:\/\/actbr.com.br\/wp-content\/uploads\/2025\/02\/cropped-ACT_NEGATIVO-marca-dagua.png","contentUrl":"https:\/\/actbr.com.br\/wp-content\/uploads\/2025\/02\/cropped-ACT_NEGATIVO-marca-dagua.png","width":240,"height":146,"caption":"ACT Sistemas Hidr\u00e1ulicos"},"image":{"@id":"https:\/\/actbr.com.br\/en\/#\/schema\/logo\/image\/"}}]}},"_links":{"self":[{"href":"https:\/\/actbr.com.br\/en\/wp-json\/wp\/v2\/product\/3538","targetHints":{"allow":["GET"]}}],"collection":[{"href":"https:\/\/actbr.com.br\/en\/wp-json\/wp\/v2\/product"}],"about":[{"href":"https:\/\/actbr.com.br\/en\/wp-json\/wp\/v2\/types\/product"}],"wp:featuredmedia":[{"embeddable":true,"href":"https:\/\/actbr.com.br\/en\/wp-json\/wp\/v2\/media\/7104"}],"wp:attachment":[{"href":"https:\/\/actbr.com.br\/en\/wp-json\/wp\/v2\/media?parent=3538"}],"wp:term":[{"taxonomy":"product_brand","embeddable":true,"href":"https:\/\/actbr.com.br\/en\/wp-json\/wp\/v2\/product_brand?post=3538"},{"taxonomy":"product_cat","embeddable":true,"href":"https:\/\/actbr.com.br\/en\/wp-json\/wp\/v2\/product_cat?post=3538"},{"taxonomy":"product_tag","embeddable":true,"href":"https:\/\/actbr.com.br\/en\/wp-json\/wp\/v2\/product_tag?post=3538"}],"curies":[{"name":"wp","href":"https:\/\/api.w.org\/{rel}","templated":true}]}}