{"id":3551,"date":"2020-09-29T12:40:50","date_gmt":"2020-09-29T15:40:50","guid":{"rendered":"https:\/\/actbr.com.br\/produto\/valvula-proporcional-pilotada-atos-dpzo\/"},"modified":"2023-06-29T08:06:10","modified_gmt":"2023-06-29T11:06:10","slug":"dpzo","status":"publish","type":"product","link":"https:\/\/actbr.com.br\/en\/produto\/dpzo\/","title":{"rendered":"DPZO"},"content":{"rendered":"<p><strong>V\u00e1lvula Proporcional Pilotada ATOS &#8211; DPZO<\/strong><\/p>\n<p>A V\u00e1lvula Proporcional DPZO, dispon\u00edvel nos modelos ATOS &#8211; DPZO, DPZO-A, DPZO-AE e DPZO-AES \u00e9 uma v\u00e1lvula proporcional pilotada, de opera\u00e7\u00e3o direta e sem transdutor de posi\u00e7\u00e3o. Fornecem controle direcional e de fluxo, atrav\u00e9s de um sinal de refer\u00eancia de um driver eletr\u00f4nico.<\/p>\n<p>\u00c9 conhecida pela sua versatilidade, melhor custo benef\u00edcio e grande campo de aplica\u00e7\u00e3o.<\/p>\n<p><strong>Como solicitar:<\/strong><\/p>\n<p><img decoding=\"async\" src=\"https:\/\/actbr.com.br\/wp-content\/uploads\/2020\/09\/dpzo-a-atos.jpg\" alt=\"\" \/><\/p>\n<p><strong>DPZO-1:<\/strong><br \/>\nV\u00e1lvula proporcional com quatro vias (4), Pilotada, tamanho 10 (TN10);<br \/>\nResistente a press\u00f5es de at\u00e9 350 bar, com tempo de resposta 80\/180ms e histerese menor ou igual 0,5%.<\/p>\n<p>Constru\u00edda sobre a norma ISO 4401, dispon\u00edvel nas configura\u00e7\u00f5es de carretel:<br \/>\nL &#8211; Linear;<br \/>\nD &#8211; Diferencial para cilindros com rela\u00e7\u00e3o de \u00e1rea 1:2;<br \/>\nS &#8211; Progressivo para controle P\/Q.<\/p>\n<p><strong>DPZO-2:<\/strong><br \/>\nV\u00e1lvula proporcional com quatro vias (4), Pilotada, tamanho 16 (TN16);<br \/>\nResistente a press\u00f5es de at\u00e9 350 bar, com tempo de resposta 80\/180ms e histerese menor ou igual 0,5%.<\/p>\n<p>Constru\u00edda sobre a norma ISO 4401, dispon\u00edvel nas configura\u00e7\u00f5es de carretel:<br \/>\nL &#8211; Linear;<br \/>\nD &#8211; Diferencial para cilindros com rela\u00e7\u00e3o de \u00e1rea 1:2;<br \/>\nS &#8211; Progressivo para controle P\/Q.<\/p>\n<p><strong>DPZO-4:<\/strong><br \/>\nV\u00e1lvula proporcional com quatro vias (4), Pilotada, tamanho 25 (TN25);<br \/>\nResistente a press\u00f5es de at\u00e9 350 bar, com tempo de resposta 80\/180ms e histerese menor ou igual 0,5%.<\/p>\n<p>Constru\u00edda sobre a norma ISO 4401, dispon\u00edvel nas configura\u00e7\u00f5es de carretel:<br \/>\nL &#8211; Linear;<br \/>\nD &#8211; Diferencial para cilindros com rela\u00e7\u00e3o de \u00e1rea 1:2;<br \/>\nS &#8211; Progressivo para controle P\/Q.<\/p>\n<p><strong>DPZO-6:<\/strong><br \/>\nV\u00e1lvula proporcional com quatro vias (4), Pilotada, tamanho 32 (TN32);<br \/>\nResistente a press\u00f5es de at\u00e9 350 bar, com tempo de resposta 80\/180ms e histerese menor ou igual 0,5%.<\/p>\n<p>Constru\u00edda sobre a norma ISO 4401, dispon\u00edvel nas configura\u00e7\u00f5es de carretel:<br \/>\nL &#8211; Linear;<br \/>\nD &#8211; Diferencial para cilindros com rela\u00e7\u00e3o de \u00e1rea 1:2;<br \/>\nS &#8211; Progressivo para controle P\/Q.<\/p>\n<p><img decoding=\"async\" src=\"https:\/\/actbr.com.br\/wp-content\/uploads\/2020\/09\/caracteristicas-dpzo.jpg\" alt=\"\" \/><\/p>\n<p><img decoding=\"async\" src=\"https:\/\/actbr.com.br\/wp-content\/uploads\/2020\/09\/a-dpzo-atos.jpg\" alt=\"\" \/><\/p>\n<p><strong>Vers\u00f5es dispon\u00edveis:<\/strong><br \/>\nDPZO-A-151;<br \/>\nDPZO-A-151\/B;<br \/>\nDPZO-A-153;<br \/>\nDPZO-A-153\/B;<br \/>\nDPZO-A-171;<br \/>\nDPZO-A-173;<br \/>\nDPZO-AE-151;<br \/>\nDPZO-AE-151\/B;<br \/>\nDPZO-AE-153;<br \/>\nDPZO-AE-153\/B;<br \/>\nDPZO-AE-171;<br \/>\nDPZO-AE-173;<br \/>\nDPZO-AES-151;<br \/>\nDPZO-AES-151\/B;<br \/>\nDPZO-AES-153;<br \/>\nDPZO-AES-153\/B;<br \/>\nDPZO-AES-171;<br \/>\nDPZO-AES-173;<br \/>\nDPZO-A-251;<br \/>\nDPZO-A-251\/B;<br \/>\nDPZO-A-253;<br \/>\nDPZO-A-253\/B;<br \/>\nDPZO-A-271;<br \/>\nDPZO-A-273;<br \/>\nDPZO-AE-251;<br \/>\nDPZO-AE-251\/B;<br \/>\nDPZO-AE-253;<br \/>\nDPZO-AE-253\/B;<br \/>\nDPZO-AE-271;<br \/>\nDPZO-AE-273;<br \/>\nDPZO-AES-251;<br \/>\nDPZO-AES-251\/B;<br \/>\nDPZO-AES-253;<br \/>\nDPZO-AES-253\/B;<br \/>\nDPZO-AES-271;<br \/>\nDPZO-AES-273;<br \/>\nDPZO-A-451;<br \/>\nDPZO-A-451\/B;<br \/>\nDPZO-A-453;<br \/>\nDPZO-A-453\/B;<br \/>\nDPZO-A-471;<br \/>\nDPZO-A-473;<br \/>\nDPZO-AE-451;<br \/>\nDPZO-AE-451\/B;<br \/>\nDPZO-AE-453;<br \/>\nDPZO-AE-453\/B;<br \/>\nDPZO-AE-471;<br \/>\nDPZO-AE-473;<br \/>\nDPZO-AES-451;<br \/>\nDPZO-AES-451\/B;<br \/>\nDPZO-AES-453;<br \/>\nDPZO-AES-453\/B;<br \/>\nDPZO-AES-471;<br \/>\nDPZO-AES-473;<br \/>\nDPZO-A-651;<br \/>\nDPZO-A-651\/B;<br \/>\nDPZO-A-653;<br \/>\nDPZO-A-653\/B;<br \/>\nDPZO-A-671;<br \/>\nDPZO-A-673;<br \/>\nDPZO-AE-651;<br \/>\nDPZO-AE-651\/B;<br \/>\nDPZO-AE-653;<br \/>\nDPZO-AE-653\/B;<br \/>\nDPZO-AE-671;<br \/>\nDPZO-AE-673;<br \/>\nDPZO-AES-651;<br \/>\nDPZO-AES-651\/B;<br \/>\nDPZO-AES-653;<br \/>\nDPZO-AES-653\/B;<br \/>\nDPZO-AES-671;<br \/>\nDPZO-AES-673.<\/p>\n","protected":false},"excerpt":{"rendered":"<p>A V\u00e1lvula Proporcional DPZO \u00e9 uma v\u00e1lvula pilotada, de opera\u00e7\u00e3o direta e sem transdutor de posi\u00e7\u00e3o. Fornecem controle direcional e de fluxo.<\/p>\n","protected":false},"featured_media":7126,"template":"","meta":[],"product_brand":[],"product_cat":[86,65],"product_tag":[],"class_list":{"0":"post-3551","1":"product","2":"type-product","3":"status-publish","4":"has-post-thumbnail","6":"product_cat-direcional","7":"product_cat-valvulas-proporcionais","9":"first","10":"instock","11":"virtual","12":"product-type-simple"},"yoast_head":"<!-- This site is optimized with the Yoast SEO plugin v27.2 - https:\/\/yoast.com\/product\/yoast-seo-wordpress\/ -->\n<title>DPZO - ACT Sistemas Hidr\u00e1ulicos<\/title>\n<meta name=\"description\" content=\"A V\u00e1lvula Proporcional DPZO \u00e9 uma v\u00e1lvula pilotada, de opera\u00e7\u00e3o direta e sem transdutor de posi\u00e7\u00e3o. Fornecem controle direcional e de fluxo.\" \/>\n<meta name=\"robots\" content=\"index, follow, max-snippet:-1, max-image-preview:large, max-video-preview:-1\" \/>\n<link rel=\"canonical\" href=\"https:\/\/actbr.com.br\/en\/produto\/dpzo\/\" \/>\n<meta property=\"og:locale\" content=\"en_US\" \/>\n<meta property=\"og:type\" content=\"article\" \/>\n<meta property=\"og:title\" content=\"DPZO - ACT Sistemas Hidr\u00e1ulicos\" \/>\n<meta property=\"og:description\" content=\"A V\u00e1lvula Proporcional DPZO \u00e9 uma v\u00e1lvula pilotada, de opera\u00e7\u00e3o direta e sem transdutor de posi\u00e7\u00e3o. Fornecem controle direcional e de fluxo.\" \/>\n<meta property=\"og:url\" content=\"https:\/\/actbr.com.br\/en\/produto\/dpzo\/\" \/>\n<meta property=\"og:site_name\" content=\"ACT Sistemas Hidr\u00e1ulicos\" \/>\n<meta property=\"article:modified_time\" content=\"2023-06-29T11:06:10+00:00\" \/>\n<meta property=\"og:image\" content=\"https:\/\/actbr.com.br\/wp-content\/uploads\/2020\/09\/Valvula-Proporcional-Pilotada-ATOS-\u2013-DPZO.jpg\" \/>\n\t<meta property=\"og:image:width\" content=\"1004\" \/>\n\t<meta property=\"og:image:height\" content=\"768\" \/>\n\t<meta property=\"og:image:type\" content=\"image\/jpeg\" \/>\n<meta name=\"twitter:card\" content=\"summary_large_image\" \/>\n<meta name=\"twitter:label1\" content=\"Est. reading time\" \/>\n\t<meta name=\"twitter:data1\" content=\"3 minutes\" \/>\n<script type=\"application\/ld+json\" class=\"yoast-schema-graph\">{\"@context\":\"https:\/\/schema.org\",\"@graph\":[{\"@type\":\"WebPage\",\"@id\":\"https:\/\/actbr.com.br\/en\/produto\/dpzo\/\",\"url\":\"https:\/\/actbr.com.br\/en\/produto\/dpzo\/\",\"name\":\"DPZO - ACT Sistemas Hidr\u00e1ulicos\",\"isPartOf\":{\"@id\":\"https:\/\/actbr.com.br\/en\/#website\"},\"primaryImageOfPage\":{\"@id\":\"https:\/\/actbr.com.br\/en\/produto\/dpzo\/#primaryimage\"},\"image\":{\"@id\":\"https:\/\/actbr.com.br\/en\/produto\/dpzo\/#primaryimage\"},\"thumbnailUrl\":\"https:\/\/actbr.com.br\/wp-content\/uploads\/2020\/09\/Valvula-Proporcional-Pilotada-ATOS-\u2013-DPZO.jpg\",\"datePublished\":\"2020-09-29T15:40:50+00:00\",\"dateModified\":\"2023-06-29T11:06:10+00:00\",\"description\":\"A V\u00e1lvula Proporcional DPZO \u00e9 uma v\u00e1lvula pilotada, de opera\u00e7\u00e3o direta e sem transdutor de posi\u00e7\u00e3o. Fornecem controle direcional e de fluxo.\",\"breadcrumb\":{\"@id\":\"https:\/\/actbr.com.br\/en\/produto\/dpzo\/#breadcrumb\"},\"inLanguage\":\"en-US\",\"potentialAction\":[{\"@type\":\"ReadAction\",\"target\":[\"https:\/\/actbr.com.br\/en\/produto\/dpzo\/\"]}]},{\"@type\":\"ImageObject\",\"inLanguage\":\"en-US\",\"@id\":\"https:\/\/actbr.com.br\/en\/produto\/dpzo\/#primaryimage\",\"url\":\"https:\/\/actbr.com.br\/wp-content\/uploads\/2020\/09\/Valvula-Proporcional-Pilotada-ATOS-\u2013-DPZO.jpg\",\"contentUrl\":\"https:\/\/actbr.com.br\/wp-content\/uploads\/2020\/09\/Valvula-Proporcional-Pilotada-ATOS-\u2013-DPZO.jpg\",\"width\":1004,\"height\":768,\"caption\":\"V\u00e1lvula Proporcional Pilotada ATOS - DPZO\"},{\"@type\":\"BreadcrumbList\",\"@id\":\"https:\/\/actbr.com.br\/en\/produto\/dpzo\/#breadcrumb\",\"itemListElement\":[{\"@type\":\"ListItem\",\"position\":1,\"name\":\"In\u00edcio\",\"item\":\"https:\/\/actbr.com.br\/en\/\"},{\"@type\":\"ListItem\",\"position\":2,\"name\":\"Produtos\",\"item\":\"https:\/\/actbr.com.br\/produtos-act\/\"},{\"@type\":\"ListItem\",\"position\":3,\"name\":\"V\u00e1lvulas Proporcionais\",\"item\":\"https:\/\/actbr.com.br\/en\/categoria-produto\/valvulas-proporcionais\/\"},{\"@type\":\"ListItem\",\"position\":4,\"name\":\"Proporcional Direcional\",\"item\":\"https:\/\/actbr.com.br\/en\/categoria-produto\/valvulas-proporcionais\/direcional\/\"},{\"@type\":\"ListItem\",\"position\":5,\"name\":\"DPZO\"}]},{\"@type\":\"WebSite\",\"@id\":\"https:\/\/actbr.com.br\/en\/#website\",\"url\":\"https:\/\/actbr.com.br\/en\/\",\"name\":\"ACT Sistemas Hidr\u00e1ulicos\",\"description\":\"Fabrica\u00e7\u00e3o e manuten\u00e7\u00e3o de componentes \u00f3leo hidr\u00e1ulicos\",\"publisher\":{\"@id\":\"https:\/\/actbr.com.br\/en\/#organization\"},\"potentialAction\":[{\"@type\":\"SearchAction\",\"target\":{\"@type\":\"EntryPoint\",\"urlTemplate\":\"https:\/\/actbr.com.br\/en\/?s={search_term_string}\"},\"query-input\":{\"@type\":\"PropertyValueSpecification\",\"valueRequired\":true,\"valueName\":\"search_term_string\"}}],\"inLanguage\":\"en-US\"},{\"@type\":\"Organization\",\"@id\":\"https:\/\/actbr.com.br\/en\/#organization\",\"name\":\"ACT Sistemas Hidr\u00e1ulicos\",\"url\":\"https:\/\/actbr.com.br\/en\/\",\"logo\":{\"@type\":\"ImageObject\",\"inLanguage\":\"en-US\",\"@id\":\"https:\/\/actbr.com.br\/en\/#\/schema\/logo\/image\/\",\"url\":\"https:\/\/actbr.com.br\/wp-content\/uploads\/2025\/02\/cropped-ACT_NEGATIVO-marca-dagua.png\",\"contentUrl\":\"https:\/\/actbr.com.br\/wp-content\/uploads\/2025\/02\/cropped-ACT_NEGATIVO-marca-dagua.png\",\"width\":240,\"height\":146,\"caption\":\"ACT Sistemas Hidr\u00e1ulicos\"},\"image\":{\"@id\":\"https:\/\/actbr.com.br\/en\/#\/schema\/logo\/image\/\"}}]}<\/script>\n<!-- \/ Yoast SEO plugin. -->","yoast_head_json":{"title":"DPZO - ACT Sistemas Hidr\u00e1ulicos","description":"A V\u00e1lvula Proporcional DPZO \u00e9 uma v\u00e1lvula pilotada, de opera\u00e7\u00e3o direta e sem transdutor de posi\u00e7\u00e3o. Fornecem controle direcional e de fluxo.","robots":{"index":"index","follow":"follow","max-snippet":"max-snippet:-1","max-image-preview":"max-image-preview:large","max-video-preview":"max-video-preview:-1"},"canonical":"https:\/\/actbr.com.br\/en\/produto\/dpzo\/","og_locale":"en_US","og_type":"article","og_title":"DPZO - ACT Sistemas Hidr\u00e1ulicos","og_description":"A V\u00e1lvula Proporcional DPZO \u00e9 uma v\u00e1lvula pilotada, de opera\u00e7\u00e3o direta e sem transdutor de posi\u00e7\u00e3o. Fornecem controle direcional e de fluxo.","og_url":"https:\/\/actbr.com.br\/en\/produto\/dpzo\/","og_site_name":"ACT Sistemas Hidr\u00e1ulicos","article_modified_time":"2023-06-29T11:06:10+00:00","og_image":[{"width":1004,"height":768,"url":"https:\/\/actbr.com.br\/wp-content\/uploads\/2020\/09\/Valvula-Proporcional-Pilotada-ATOS-\u2013-DPZO.jpg","type":"image\/jpeg"}],"twitter_card":"summary_large_image","twitter_misc":{"Est. reading time":"3 minutes"},"schema":{"@context":"https:\/\/schema.org","@graph":[{"@type":"WebPage","@id":"https:\/\/actbr.com.br\/en\/produto\/dpzo\/","url":"https:\/\/actbr.com.br\/en\/produto\/dpzo\/","name":"DPZO - ACT Sistemas Hidr\u00e1ulicos","isPartOf":{"@id":"https:\/\/actbr.com.br\/en\/#website"},"primaryImageOfPage":{"@id":"https:\/\/actbr.com.br\/en\/produto\/dpzo\/#primaryimage"},"image":{"@id":"https:\/\/actbr.com.br\/en\/produto\/dpzo\/#primaryimage"},"thumbnailUrl":"https:\/\/actbr.com.br\/wp-content\/uploads\/2020\/09\/Valvula-Proporcional-Pilotada-ATOS-\u2013-DPZO.jpg","datePublished":"2020-09-29T15:40:50+00:00","dateModified":"2023-06-29T11:06:10+00:00","description":"A V\u00e1lvula Proporcional DPZO \u00e9 uma v\u00e1lvula pilotada, de opera\u00e7\u00e3o direta e sem transdutor de posi\u00e7\u00e3o. Fornecem controle direcional e de fluxo.","breadcrumb":{"@id":"https:\/\/actbr.com.br\/en\/produto\/dpzo\/#breadcrumb"},"inLanguage":"en-US","potentialAction":[{"@type":"ReadAction","target":["https:\/\/actbr.com.br\/en\/produto\/dpzo\/"]}]},{"@type":"ImageObject","inLanguage":"en-US","@id":"https:\/\/actbr.com.br\/en\/produto\/dpzo\/#primaryimage","url":"https:\/\/actbr.com.br\/wp-content\/uploads\/2020\/09\/Valvula-Proporcional-Pilotada-ATOS-\u2013-DPZO.jpg","contentUrl":"https:\/\/actbr.com.br\/wp-content\/uploads\/2020\/09\/Valvula-Proporcional-Pilotada-ATOS-\u2013-DPZO.jpg","width":1004,"height":768,"caption":"V\u00e1lvula Proporcional Pilotada ATOS - DPZO"},{"@type":"BreadcrumbList","@id":"https:\/\/actbr.com.br\/en\/produto\/dpzo\/#breadcrumb","itemListElement":[{"@type":"ListItem","position":1,"name":"In\u00edcio","item":"https:\/\/actbr.com.br\/en\/"},{"@type":"ListItem","position":2,"name":"Produtos","item":"https:\/\/actbr.com.br\/produtos-act\/"},{"@type":"ListItem","position":3,"name":"V\u00e1lvulas Proporcionais","item":"https:\/\/actbr.com.br\/en\/categoria-produto\/valvulas-proporcionais\/"},{"@type":"ListItem","position":4,"name":"Proporcional Direcional","item":"https:\/\/actbr.com.br\/en\/categoria-produto\/valvulas-proporcionais\/direcional\/"},{"@type":"ListItem","position":5,"name":"DPZO"}]},{"@type":"WebSite","@id":"https:\/\/actbr.com.br\/en\/#website","url":"https:\/\/actbr.com.br\/en\/","name":"ACT Sistemas Hidr\u00e1ulicos","description":"Fabrica\u00e7\u00e3o e manuten\u00e7\u00e3o de componentes \u00f3leo hidr\u00e1ulicos","publisher":{"@id":"https:\/\/actbr.com.br\/en\/#organization"},"potentialAction":[{"@type":"SearchAction","target":{"@type":"EntryPoint","urlTemplate":"https:\/\/actbr.com.br\/en\/?s={search_term_string}"},"query-input":{"@type":"PropertyValueSpecification","valueRequired":true,"valueName":"search_term_string"}}],"inLanguage":"en-US"},{"@type":"Organization","@id":"https:\/\/actbr.com.br\/en\/#organization","name":"ACT Sistemas Hidr\u00e1ulicos","url":"https:\/\/actbr.com.br\/en\/","logo":{"@type":"ImageObject","inLanguage":"en-US","@id":"https:\/\/actbr.com.br\/en\/#\/schema\/logo\/image\/","url":"https:\/\/actbr.com.br\/wp-content\/uploads\/2025\/02\/cropped-ACT_NEGATIVO-marca-dagua.png","contentUrl":"https:\/\/actbr.com.br\/wp-content\/uploads\/2025\/02\/cropped-ACT_NEGATIVO-marca-dagua.png","width":240,"height":146,"caption":"ACT Sistemas Hidr\u00e1ulicos"},"image":{"@id":"https:\/\/actbr.com.br\/en\/#\/schema\/logo\/image\/"}}]}},"_links":{"self":[{"href":"https:\/\/actbr.com.br\/en\/wp-json\/wp\/v2\/product\/3551","targetHints":{"allow":["GET"]}}],"collection":[{"href":"https:\/\/actbr.com.br\/en\/wp-json\/wp\/v2\/product"}],"about":[{"href":"https:\/\/actbr.com.br\/en\/wp-json\/wp\/v2\/types\/product"}],"wp:featuredmedia":[{"embeddable":true,"href":"https:\/\/actbr.com.br\/en\/wp-json\/wp\/v2\/media\/7126"}],"wp:attachment":[{"href":"https:\/\/actbr.com.br\/en\/wp-json\/wp\/v2\/media?parent=3551"}],"wp:term":[{"taxonomy":"product_brand","embeddable":true,"href":"https:\/\/actbr.com.br\/en\/wp-json\/wp\/v2\/product_brand?post=3551"},{"taxonomy":"product_cat","embeddable":true,"href":"https:\/\/actbr.com.br\/en\/wp-json\/wp\/v2\/product_cat?post=3551"},{"taxonomy":"product_tag","embeddable":true,"href":"https:\/\/actbr.com.br\/en\/wp-json\/wp\/v2\/product_tag?post=3551"}],"curies":[{"name":"wp","href":"https:\/\/api.w.org\/{rel}","templated":true}]}}