{"id":3579,"date":"2020-09-29T12:40:50","date_gmt":"2020-09-29T15:40:50","guid":{"rendered":"https:\/\/actbr.com.br\/produto\/linha-ecoparts-mahle\/"},"modified":"2023-06-14T11:15:13","modified_gmt":"2023-06-14T14:15:13","slug":"linha-ecoparts-mahle","status":"publish","type":"product","link":"https:\/\/actbr.com.br\/en\/produto\/linha-ecoparts-mahle\/","title":{"rendered":"Linha Ecoparts Mahle"},"content":{"rendered":"<p>Linha Ecoparts Mahle<\/p>\n<p>A linha ECOPARTS foi desenvolvida para atender de forma eficiente todos os requisitos de qualidade e desempenho para flu\u00eddos hidr\u00e1ulicos. Constru\u00eddos sobre as normas DIN e ISO, garantem a compatibilidade com muitos fabricantes estabelecidos (HYDAC, REXROTH, EATON, PARKER, PALL, INTERNORMEN, ARGO, MP FILTRI, EPPENSTEINER, SOFIMA e etc.) em diferentes modelos e classifica\u00e7\u00f5es, mantendo o alto n\u00edvel de funcionamento e seguran\u00e7a ao melhor custo\/benef\u00edcio do mercado.<\/p>\n<p>&nbsp;<\/p>\n<div id=\"cke_pastebin\">Linha ECOPARTS:<br \/>\nEcoParts Hydac 76120075 H0030RN2003<br \/>\nEcoParts Hydac 76120083 H0030RN2006<br \/>\nEcoParts Hydac 77893522 H0030RN2010<br \/>\nEcoParts Hydac 77893530 H0030RN2016<br \/>\nEcoParts Hydac 76120091 H0060RN2003<br \/>\nEcoParts Hydac 76319206 H0060RN2006<br \/>\nEcoParts Hydac 76319214 H0060RN2010<br \/>\nEcoParts Hydac 76319222 H0060RN2016<br \/>\nEcoParts Hydac 77893647 H0075RN2010<br \/>\nEcoParts Hydac 77893654 H0075RN2016<br \/>\nEcoParts Hydac 78298531 H0075RN2025<br \/>\nEcoParts Hydac 70390688 H0100SN3125<br \/>\nEcoParts Hydac 76319230 H0110RN2003<br \/>\nEcoParts Hydac 76319248 H0110RN2006<br \/>\nEcoParts Hydac 76319255 H0110RN2010<br \/>\nEcoParts Hydac 76319263 H0110RN2016<br \/>\nEcoParts Hydac 76319271 H0160RN2003<br \/>\nEcoParts Hydac 76319289 H0160RN2006<br \/>\nEcoParts Hydac 76319297 H0160RN2010<br \/>\nEcoParts Hydac 76319305 H0160RN2016<br \/>\nEcoParts Hydac 76319313 H0165RN2003<br \/>\nEcoParts Hydac 76319321 H0165RN2006<br \/>\nEcoParts Hydac 76319339 H0165RN2010<br \/>\nEcoParts Hydac 76319347 H0165RN2016<br \/>\nEcoParts Hydac H0240RN1010<br \/>\nEcoParts Hydac 77893662 H0240RN1010AV<br \/>\nEcoParts Hydac H 0240 RN 1010\/V5<br \/>\nEcoParts Hydac 76319354 H0240RN2003<br \/>\nEcoParts Hydac 76319362 H0240RN2006<br \/>\nEcoParts Hydac 76319370 H0240RN2010<br \/>\nEcoParts Hydac 76319388 H0240RN2016<br \/>\nEcoParts Hydac 70342571 H0240RN3025<br \/>\nEcoParts Hydac 76319396 H0330RN2003<br \/>\nEcoParts Hydac 76319404 H0330RN2006<br \/>\nEcoParts Hydac 76319412 H0330RN2010<br \/>\nEcoParts Hydac 76319420 H0330RN2016<br \/>\nEcoParts Hydac 70374302 H0330RN3060OV<br \/>\nEcoParts Hydac 70598333 H0500RN1025<br \/>\nEcoParts Hydac 76319438 H0500RN2003<br \/>\nEcoParts Hydac 76319446 H0500RN2006<br \/>\nEcoParts Hydac 76319453 H0500RN2010<br \/>\nEcoParts Hydac 76319461 H0500RN2016<br \/>\nEcoParts Hydac 76319479 H0660RN2003<br \/>\nEcoParts Hydac 76319487 H0660RN2006<br \/>\nEcoParts Hydac 76319495 H0660RN2010<br \/>\nEcoParts Hydac 76319503 H0660RN2016<br \/>\nEcoParts Hydac 76319511 H0850RN2003<br \/>\nEcoParts Hydac 76319529 H0850RN2006<br \/>\nEcoParts Hydac 76319537 H0850RN2010<br \/>\nEcoParts Hydac 76319545 H0850RN2016<br \/>\nEcoParts Hydac 76319552 H0950RN2003<br \/>\nEcoParts Hydac 76319560 H0950RN2006<br \/>\nEcoParts Hydac 76319578 H0950RN2010<br \/>\nEcoParts Hydac 76319586 H0950RN2016<br \/>\nEcoParts Hydac 79329152 H1300RN2003<br \/>\nEcoParts Hydac 78378382 H1300RN2006<br \/>\nEcoParts Hydac 78377798 H1300RN2010<br \/>\nEcoParts Hydac 79306416 H1300RN2016<br \/>\nEcoParts Hydac 70384858 H1300RN2016OV<br \/>\nEcoParts Hydac H1300RN4016 H1300RN4016 FPM<br \/>\nEcoParts Hydac 70372998 H1300RN3060OV<br \/>\nEcoParts Hydac 70378027 H1300RN3100<br \/>\nEcoParts Hydac 76132229 H2600RN2003<br \/>\nEcoParts Hydac 76179881 H2600RN2006<br \/>\nEcoParts Hydac 76319594 H2600RN2010<br \/>\nEcoParts Hydac 76319602 H2600RN2016<br \/>\nEcoParts Hydac 77893571 H0060RN2016AV<br \/>\nEcoParts Hydac 77893688 H0240RN2010BN<br \/>\nEcoParts Hydac 77867989 H0660RN2010BN<br \/>\nEcoParts Hydac 77893779 H0660RN2016BN<br \/>\nEcoParts Hydac 79735622 H0660RN3025AV<br \/>\nEcoParts Hydac 77888563 H0060DN2003AV<br \/>\nEcoParts Hydac 77888829 H0160DN2010AV<br \/>\nEcoParts Hydac 77888860 H0160DH2010AV<br \/>\nEcoParts Hydac 77888944 H0240DN2010AV<br \/>\nEcoParts Hydac 77889074 H0330DN2016BN<br \/>\nEcoParts Hydac 77888449 H0030DN2003<br \/>\nEcoParts Hydac 77888456 H0030DN2006<br \/>\nEcoParts Hydac 77888464 H0030DN2010<br \/>\nEcoParts Hydac 77888472 H0030DN2016<br \/>\nEcoParts Hydac 77889249 H0060DN2003<br \/>\nEcoParts Hydac 77889256 H0060DN2006<br \/>\nEcoParts Hydac 77889264 H0060DN2010<br \/>\nEcoParts Hydac 77889272 H0060DN2016<br \/>\nEcoParts Hydac 77889322 H0110DN2003<br \/>\nEcoParts Hydac 77889330 H0110DN2006<br \/>\nEcoParts Hydac 77889348 H0110DN2010<br \/>\nEcoParts Hydac 77889355 H0110DN2016<br \/>\nEcoParts Hydac 70362162 H0110DN3100AV<br \/>\nEcoParts Hydac 76319636 H0140DN2003<br \/>\nEcoParts Hydac 76319644 H0140DN2006<br \/>\nEcoParts Hydac 76319651 H0140DN2010<br \/>\nEcoParts Hydac 76319669 H0140DN2016<br \/>\nEcoParts Hydac 77889405 H0160DN2003<br \/>\nEcoParts Hydac 77889413 H0160DN2006<br \/>\nEcoParts Hydac 77889421 H0160DN2010<br \/>\nEcoParts Hydac 77889439 H0160DN2016<br \/>\nEcoParts Hydac 77889488 H0240DN2003<br \/>\nEcoParts Hydac 70520196 H0240DN2006<br \/>\nEcoParts Hydac 77889504 H0240DN2010<br \/>\nEcoParts Hydac 77889512 H0240DN2016<br \/>\nEcoParts Hydac 76319677 H0280DN2003<br \/>\nEcoParts Hydac 76319685 H0280DN2006<br \/>\nEcoParts Hydac 76319693 H0280DN2010<br \/>\nEcoParts Hydac 76319701 H0280DN2016<br \/>\nEcoParts Hydac 70528206 H0280DN3100<br \/>\nEcoParts Hydac 77889561 H0330DN2003<br \/>\nEcoParts Hydac 77889579 H0330DN2006<br \/>\nEcoParts Hydac 77889587 H0330DN2010<br \/>\nEcoParts Hydac 77889595 H0330DN2016<br \/>\nEcoParts Hydac 76319719 H0500DN2003<br \/>\nEcoParts Hydac 76319727 H0500DN2006<br \/>\nEcoParts Hydac 76319735 H0500DN2010<br \/>\nEcoParts Hydac 76319743 H0500DN2016<br \/>\nEcoParts Hydac 77889645 H0660DN2003<br \/>\nEcoParts Hydac 77889652 H0660DN2006<br \/>\nEcoParts Hydac 77889660 H0660DN2010<br \/>\nEcoParts Hydac 77889678 H0660DN2016<br \/>\nEcoParts Hydac 70356981 H0660DN2025<br \/>\nEcoParts Hydac 76319750 H0990DN2003<br \/>\nEcoParts Hydac 76319768 H0990DN2006<br \/>\nEcoParts Hydac 76319776 H0990DN2010<br \/>\nEcoParts Hydac 76319784 H0990DN2016<br \/>\nEcoParts Hydac 76319792 H1320DN2003<br \/>\nEcoParts Hydac 76319800 H1320DN2006<br \/>\nEcoParts Hydac 76319818 H1320DN2010<br \/>\nEcoParts Hydac 76319826 H1320DN2016<br \/>\nEcoParts Hydac 77888480 H0030DH2003<br \/>\nEcoParts Hydac 77888498 H0030DH2006<br \/>\nEcoParts Hydac 77888506 H0030DH2010<br \/>\nEcoParts Hydac 77888514 H0030DH2016<br \/>\nEcoParts Hydac 77889280 H0060DH2003<br \/>\nEcoParts Hydac 77889298 H0060DH2006<br \/>\nEcoParts Hydac 77889306 H0060DH2010<br \/>\nEcoParts Hydac 77889314 H0060DH2016<br \/>\nEcoParts Hydac 77889363 H0110DH2003<br \/>\nEcoParts Hydac 77889371 H0110DH2006<br \/>\nEcoParts Hydac 77889389 H0110DH2010<br \/>\nEcoParts Hydac 77889397 H0110DH2016<br \/>\nEcoParts Hydac 76319834 H0140DH2003<br \/>\nEcoParts Hydac 76319842 H0140DH2006<br \/>\nEcoParts Hydac 76319859 H0140DH2010<br \/>\nEcoParts Hydac 76319867 H0140DH2016<br \/>\nEcoParts Hydac 77889447 H0160DH2003<br \/>\nEcoParts Hydac 77889454 H0160DH2006<br \/>\nEcoParts Hydac 77889462 H0160DH2010<br \/>\nEcoParts Hydac 77889470 H0160DH2016<br \/>\nEcoParts Hydac 77889520 H0240DH2003<br \/>\nEcoParts Hydac 77889538 H0240DH2006<br \/>\nEcoParts Hydac 77889546 H0240DH2010<br \/>\nEcoParts Hydac 77889553 H0240DH2016<br \/>\nEcoParts Hydac 76319875 H0280DH2003<br \/>\nEcoParts Hydac 76319883 H0280DH2006<br \/>\nEcoParts Hydac 76319891 H0280DH2010<br \/>\nEcoParts Hydac 76319909 H0280DH2016<br \/>\nEcoParts Hydac 76319917 H0500DH2003<br \/>\nEcoParts Hydac 76319925 H0500DH2006<br \/>\nEcoParts Hydac 76319933 H0500DH2010<br \/>\nEcoParts Hydac 76319941 H0500DH2016<br \/>\nEcoParts Hydac 76319958 H0990DH2003<br \/>\nEcoParts Hydac 76319966 H0990DH2006<br \/>\nEcoParts Hydac 76319974 H0990DH2010<br \/>\nEcoParts Hydac 76319982 H0990DH2016<br \/>\nEcoParts Hydac 76320030 H1320DH2010<br \/>\nEcoParts Hydac 76320048 H1320DH2016<br \/>\nEcoParts Hydac 70385670 H0185RN2010<br \/>\nEcoParts Hydac 70343480 H1700RN2010<br \/>\nEcoParts Hydac 76372890 H0160DN3025AV<br \/>\nEcoParts Hydac 70525568 H0160SP1010<br \/>\nEcoParts Hydac 79735689 H0330DN3025<br \/>\nEcoParts Hydac 76319545 H0850RN2016<br \/>\nEcoParts Hydac 79735663 H0160DN3025<br \/>\nEcoParts Hydac 70380027 H0180SP2010<br \/>\nEcoParts Hydac 70526305 H0180SP1025<br \/>\nEcoParts Hydac 70386935 H0180SP2003<br \/>\nEcoParts Hydac 70519025 H0180SP2006<br \/>\nEcoParts Hydac 79735648 H0060DN3025<br \/>\nEcoParts Hydac 70381038 H0160SP2003<br \/>\nEcoParts Hydac 70522917 H0080SP1010<br \/>\nEcoParts Hydac 70523512 H0080SP2010<br \/>\nEcoParts Hydac 77893548 H0060RN1010AV<br \/>\nEcoParts Hydac 70526187 H0160SP2006<br \/>\nEcoParts Hydac 79735606 H0330RN3025AV<br \/>\nEcoParts Hydac 70526189 H0160SP2010<br \/>\nEcoParts Hydac 70511954 H0180SP2025WS<br \/>\nEcoParts Hydac 70364720 H0330RN2010FPM<br \/>\nEcoParts Hydac 70517611 H0060DH4010<br \/>\nEcoParts Hydac 70525739 H0280DN3025AV<br \/>\nEcoParts Hydac 77893605 H0110RN2010AV<br \/>\nEcoParts Hydac 70516228 H0180SP2025<br \/>\nEcoParts Hydac 70364804 H2600RN2010OV<br \/>\nEcoParts Hydac 70373894 H2600RN2006OV<br \/>\nEcoParts Hydac 70517059 H0160SP2025<br \/>\nEcoParts Hydac 70327462 HOLDN2002<br \/>\nEcoParts Hydac 70562976 HOL15DN2002<br \/>\nEcoParts Hydac 70536525 H0060DN3025AV<br \/>\nEcoParts Hydac 70526247 H0300RK2010MM<br \/>\nEcoParts Hydac 70522715 H0110DN3025AV<br \/>\nEcoParts Hydac 70386499 H0075DN2010<br \/>\nEcoParts Hydac 70546242 H0160RN3025AV<br \/>\nEcoParts Hydac 77889629 H0330DH2010<br \/>\nEcoParts Hydac 70541058 H0210RN2010FPM<br \/>\nEcoParts Hydac 79735705 H1300RN3025<br \/>\nEcoParts Hydac 77893621 H0075RN1010<br \/>\nEcoParts Hydac 70517663 H2600RN3050\/V5,0<br \/>\nEcoParts Hydac 70352662 H1700RN2016<br \/>\nEcoParts Hydac 70544086 H0280DN2200<br \/>\nEcoParts Hydac 77839061 H0660RN1010AV<br \/>\nEcoParts Hydac 70515851 H0120SP2010<br \/>\nEcoParts Hydac 70510642 H0120SP1010<br \/>\nEcoParts Hydac 72337735 H0120SP1010AV<br \/>\nEcoParts Hydac 90100436 H1700RN1010<br \/>\nEcoParts Hydac 79337650 H0110DN3025<br \/>\nEcoParts Hydac 70328889 H0030DN2010FPM<br \/>\nEcoParts Hydac 70364789 H0660DH2006FPM<br \/>\nEcoParts Hydac 77889702 H0660DH2010<br \/>\nEcoParts Hydac 77889710 H0660DH2016<br \/>\nEcoParts Hydac 70342795 H0660RN2006OV<br \/>\nEcoParts Hydac 70511636 H0180SN3125AV<br \/>\nEcoParts Hydac 70547813 H0660RN3050<br \/>\nEcoParts Hydac 70382441 H 0095 DN 2010<br \/>\nEcoParts Hydac 72337735 H0120SP1010AV<br \/>\nEcoParts Hydac 70310392 HOLDN2010<br \/>\nEcoParts Hydac 70310395 HOLDN2016<br \/>\nEcoParts DIN 76910004 N0040DN3<br \/>\nEcoParts DIN 76910012 N0063DN3<br \/>\nEcoParts DIN 76910020 N0100DN3<br \/>\nEcoParts DIN 76910038 N0160DN3<br \/>\nEcoParts DIN 76910046 N0250DN3<br \/>\nEcoParts DIN 76910053 N0400DN3<br \/>\nEcoParts DIN 76910061 N0630DN3<br \/>\nEcoParts DIN 76910079 N1000DN3<br \/>\nEcoParts DIN 76910087 N0040DN6<br \/>\nEcoParts DIN 76910095 N0063DN6<br \/>\nEcoParts DIN 76910103 N0100DN6<br \/>\nEcoParts DIN 76910111 N0160DN6<br \/>\nEcoParts DIN 76910129 N0250DN6<br \/>\nEcoParts DIN 76910137 N0400DN6<br \/>\nEcoParts DIN 76910145 N0630DN6<br \/>\nEcoParts DIN 76910152 N1000DN6<br \/>\nEcoParts DIN 76910160 N0040DN10<br \/>\nEcoParts DIN 76910178 N0063DN10<br \/>\nEcoParts DIN 76910186 N0100DN2010<br \/>\nEcoParts DIN 76910194 N0160DN10<br \/>\nEcoParts DIN 76910202 N0250DN10<br \/>\nEcoParts DIN 76910210 N0400DN10<\/div>\n<div id=\"cke_pastebin\"><\/div>\n","protected":false},"excerpt":{"rendered":"<p>A linha ECOPARTS foi desenvolvida para atender de forma eficiente todos os requisitos de qualidade e desempenho para fluidos hidr\u00e1ulicos.<\/p>\n","protected":false},"featured_media":7513,"template":"","meta":[],"product_brand":[],"product_cat":[68,67],"product_tag":[],"class_list":{"0":"post-3579","1":"product","2":"type-product","3":"status-publish","4":"has-post-thumbnail","6":"product_cat-filtration-group","7":"product_cat-filtros-e-elementos-filtrante","9":"first","10":"instock","11":"virtual","12":"product-type-simple"},"yoast_head":"<!-- This site is optimized with the Yoast SEO plugin v27.5 - https:\/\/yoast.com\/product\/yoast-seo-wordpress\/ -->\n<title>Linha Ecoparts Mahle - ACT Sistemas Hidr\u00e1ulicos<\/title>\n<meta name=\"description\" content=\"A linha ECOPARTS foi desenvolvida para atender de forma eficiente todos os requisitos de qualidade e desempenho para fluidos hidr\u00e1ulicos.\" \/>\n<meta name=\"robots\" content=\"index, follow, max-snippet:-1, max-image-preview:large, max-video-preview:-1\" \/>\n<link rel=\"canonical\" href=\"https:\/\/actbr.com.br\/en\/produto\/linha-ecoparts-mahle\/\" \/>\n<meta property=\"og:locale\" content=\"en_US\" \/>\n<meta property=\"og:type\" content=\"article\" \/>\n<meta property=\"og:title\" content=\"Linha Ecoparts Mahle - ACT Sistemas Hidr\u00e1ulicos\" \/>\n<meta property=\"og:description\" content=\"A linha ECOPARTS foi desenvolvida para atender de forma eficiente todos os requisitos de qualidade e desempenho para fluidos hidr\u00e1ulicos.\" \/>\n<meta property=\"og:url\" content=\"https:\/\/actbr.com.br\/en\/produto\/linha-ecoparts-mahle\/\" \/>\n<meta property=\"og:site_name\" content=\"ACT Sistemas Hidr\u00e1ulicos\" \/>\n<meta property=\"article:modified_time\" content=\"2023-06-14T14:15:13+00:00\" \/>\n<meta property=\"og:image\" content=\"https:\/\/actbr.com.br\/wp-content\/uploads\/2020\/09\/Linha-Ecoparts-Mahle.jpg\" \/>\n\t<meta property=\"og:image:width\" content=\"499\" \/>\n\t<meta property=\"og:image:height\" content=\"329\" \/>\n\t<meta property=\"og:image:type\" content=\"image\/jpeg\" \/>\n<meta name=\"twitter:card\" content=\"summary_large_image\" \/>\n<meta name=\"twitter:label1\" content=\"Est. reading time\" \/>\n\t<meta name=\"twitter:data1\" content=\"6 minutes\" \/>\n<script type=\"application\/ld+json\" class=\"yoast-schema-graph\">{\"@context\":\"https:\\\/\\\/schema.org\",\"@graph\":[{\"@type\":\"WebPage\",\"@id\":\"https:\\\/\\\/actbr.com.br\\\/en\\\/produto\\\/linha-ecoparts-mahle\\\/\",\"url\":\"https:\\\/\\\/actbr.com.br\\\/en\\\/produto\\\/linha-ecoparts-mahle\\\/\",\"name\":\"Linha Ecoparts Mahle - ACT Sistemas Hidr\u00e1ulicos\",\"isPartOf\":{\"@id\":\"https:\\\/\\\/actbr.com.br\\\/en\\\/#website\"},\"primaryImageOfPage\":{\"@id\":\"https:\\\/\\\/actbr.com.br\\\/en\\\/produto\\\/linha-ecoparts-mahle\\\/#primaryimage\"},\"image\":{\"@id\":\"https:\\\/\\\/actbr.com.br\\\/en\\\/produto\\\/linha-ecoparts-mahle\\\/#primaryimage\"},\"thumbnailUrl\":\"https:\\\/\\\/actbr.com.br\\\/wp-content\\\/uploads\\\/2020\\\/09\\\/Linha-Ecoparts-Mahle.jpg\",\"datePublished\":\"2020-09-29T15:40:50+00:00\",\"dateModified\":\"2023-06-14T14:15:13+00:00\",\"description\":\"A linha ECOPARTS foi desenvolvida para atender de forma eficiente todos os requisitos de qualidade e desempenho para fluidos hidr\u00e1ulicos.\",\"breadcrumb\":{\"@id\":\"https:\\\/\\\/actbr.com.br\\\/en\\\/produto\\\/linha-ecoparts-mahle\\\/#breadcrumb\"},\"inLanguage\":\"en-US\",\"potentialAction\":[{\"@type\":\"ReadAction\",\"target\":[\"https:\\\/\\\/actbr.com.br\\\/en\\\/produto\\\/linha-ecoparts-mahle\\\/\"]}]},{\"@type\":\"ImageObject\",\"inLanguage\":\"en-US\",\"@id\":\"https:\\\/\\\/actbr.com.br\\\/en\\\/produto\\\/linha-ecoparts-mahle\\\/#primaryimage\",\"url\":\"https:\\\/\\\/actbr.com.br\\\/wp-content\\\/uploads\\\/2020\\\/09\\\/Linha-Ecoparts-Mahle.jpg\",\"contentUrl\":\"https:\\\/\\\/actbr.com.br\\\/wp-content\\\/uploads\\\/2020\\\/09\\\/Linha-Ecoparts-Mahle.jpg\",\"width\":499,\"height\":329,\"caption\":\"Linha Ecoparts Mahle\"},{\"@type\":\"BreadcrumbList\",\"@id\":\"https:\\\/\\\/actbr.com.br\\\/en\\\/produto\\\/linha-ecoparts-mahle\\\/#breadcrumb\",\"itemListElement\":[{\"@type\":\"ListItem\",\"position\":1,\"name\":\"In\u00edcio\",\"item\":\"https:\\\/\\\/actbr.com.br\\\/en\\\/\"},{\"@type\":\"ListItem\",\"position\":2,\"name\":\"Produtos\",\"item\":\"https:\\\/\\\/actbr.com.br\\\/produtos-act\\\/\"},{\"@type\":\"ListItem\",\"position\":3,\"name\":\"Filtros e Elementos Filtrante\",\"item\":\"https:\\\/\\\/actbr.com.br\\\/en\\\/categoria-produto\\\/filtros-e-elementos-filtrante\\\/\"},{\"@type\":\"ListItem\",\"position\":4,\"name\":\"Filtration Group\",\"item\":\"https:\\\/\\\/actbr.com.br\\\/en\\\/categoria-produto\\\/filtros-e-elementos-filtrante\\\/filtration-group\\\/\"},{\"@type\":\"ListItem\",\"position\":5,\"name\":\"Linha Ecoparts Mahle\"}]},{\"@type\":\"WebSite\",\"@id\":\"https:\\\/\\\/actbr.com.br\\\/en\\\/#website\",\"url\":\"https:\\\/\\\/actbr.com.br\\\/en\\\/\",\"name\":\"ACT Sistemas Hidr\u00e1ulicos\",\"description\":\"Fabrica\u00e7\u00e3o e manuten\u00e7\u00e3o de componentes \u00f3leo hidr\u00e1ulicos\",\"publisher\":{\"@id\":\"https:\\\/\\\/actbr.com.br\\\/en\\\/#organization\"},\"potentialAction\":[{\"@type\":\"SearchAction\",\"target\":{\"@type\":\"EntryPoint\",\"urlTemplate\":\"https:\\\/\\\/actbr.com.br\\\/en\\\/?s={search_term_string}\"},\"query-input\":{\"@type\":\"PropertyValueSpecification\",\"valueRequired\":true,\"valueName\":\"search_term_string\"}}],\"inLanguage\":\"en-US\"},{\"@type\":\"Organization\",\"@id\":\"https:\\\/\\\/actbr.com.br\\\/en\\\/#organization\",\"name\":\"ACT Sistemas Hidr\u00e1ulicos\",\"url\":\"https:\\\/\\\/actbr.com.br\\\/en\\\/\",\"logo\":{\"@type\":\"ImageObject\",\"inLanguage\":\"en-US\",\"@id\":\"https:\\\/\\\/actbr.com.br\\\/en\\\/#\\\/schema\\\/logo\\\/image\\\/\",\"url\":\"https:\\\/\\\/actbr.com.br\\\/wp-content\\\/uploads\\\/2025\\\/02\\\/cropped-ACT_NEGATIVO-marca-dagua.png\",\"contentUrl\":\"https:\\\/\\\/actbr.com.br\\\/wp-content\\\/uploads\\\/2025\\\/02\\\/cropped-ACT_NEGATIVO-marca-dagua.png\",\"width\":240,\"height\":146,\"caption\":\"ACT Sistemas Hidr\u00e1ulicos\"},\"image\":{\"@id\":\"https:\\\/\\\/actbr.com.br\\\/en\\\/#\\\/schema\\\/logo\\\/image\\\/\"}}]}<\/script>\n<!-- \/ Yoast SEO plugin. -->","yoast_head_json":{"title":"Linha Ecoparts Mahle - ACT Sistemas Hidr\u00e1ulicos","description":"A linha ECOPARTS foi desenvolvida para atender de forma eficiente todos os requisitos de qualidade e desempenho para fluidos hidr\u00e1ulicos.","robots":{"index":"index","follow":"follow","max-snippet":"max-snippet:-1","max-image-preview":"max-image-preview:large","max-video-preview":"max-video-preview:-1"},"canonical":"https:\/\/actbr.com.br\/en\/produto\/linha-ecoparts-mahle\/","og_locale":"en_US","og_type":"article","og_title":"Linha Ecoparts Mahle - ACT Sistemas Hidr\u00e1ulicos","og_description":"A linha ECOPARTS foi desenvolvida para atender de forma eficiente todos os requisitos de qualidade e desempenho para fluidos hidr\u00e1ulicos.","og_url":"https:\/\/actbr.com.br\/en\/produto\/linha-ecoparts-mahle\/","og_site_name":"ACT Sistemas Hidr\u00e1ulicos","article_modified_time":"2023-06-14T14:15:13+00:00","og_image":[{"width":499,"height":329,"url":"https:\/\/actbr.com.br\/wp-content\/uploads\/2020\/09\/Linha-Ecoparts-Mahle.jpg","type":"image\/jpeg"}],"twitter_card":"summary_large_image","twitter_misc":{"Est. reading time":"6 minutes"},"schema":{"@context":"https:\/\/schema.org","@graph":[{"@type":"WebPage","@id":"https:\/\/actbr.com.br\/en\/produto\/linha-ecoparts-mahle\/","url":"https:\/\/actbr.com.br\/en\/produto\/linha-ecoparts-mahle\/","name":"Linha Ecoparts Mahle - ACT Sistemas Hidr\u00e1ulicos","isPartOf":{"@id":"https:\/\/actbr.com.br\/en\/#website"},"primaryImageOfPage":{"@id":"https:\/\/actbr.com.br\/en\/produto\/linha-ecoparts-mahle\/#primaryimage"},"image":{"@id":"https:\/\/actbr.com.br\/en\/produto\/linha-ecoparts-mahle\/#primaryimage"},"thumbnailUrl":"https:\/\/actbr.com.br\/wp-content\/uploads\/2020\/09\/Linha-Ecoparts-Mahle.jpg","datePublished":"2020-09-29T15:40:50+00:00","dateModified":"2023-06-14T14:15:13+00:00","description":"A linha ECOPARTS foi desenvolvida para atender de forma eficiente todos os requisitos de qualidade e desempenho para fluidos hidr\u00e1ulicos.","breadcrumb":{"@id":"https:\/\/actbr.com.br\/en\/produto\/linha-ecoparts-mahle\/#breadcrumb"},"inLanguage":"en-US","potentialAction":[{"@type":"ReadAction","target":["https:\/\/actbr.com.br\/en\/produto\/linha-ecoparts-mahle\/"]}]},{"@type":"ImageObject","inLanguage":"en-US","@id":"https:\/\/actbr.com.br\/en\/produto\/linha-ecoparts-mahle\/#primaryimage","url":"https:\/\/actbr.com.br\/wp-content\/uploads\/2020\/09\/Linha-Ecoparts-Mahle.jpg","contentUrl":"https:\/\/actbr.com.br\/wp-content\/uploads\/2020\/09\/Linha-Ecoparts-Mahle.jpg","width":499,"height":329,"caption":"Linha Ecoparts Mahle"},{"@type":"BreadcrumbList","@id":"https:\/\/actbr.com.br\/en\/produto\/linha-ecoparts-mahle\/#breadcrumb","itemListElement":[{"@type":"ListItem","position":1,"name":"In\u00edcio","item":"https:\/\/actbr.com.br\/en\/"},{"@type":"ListItem","position":2,"name":"Produtos","item":"https:\/\/actbr.com.br\/produtos-act\/"},{"@type":"ListItem","position":3,"name":"Filtros e Elementos Filtrante","item":"https:\/\/actbr.com.br\/en\/categoria-produto\/filtros-e-elementos-filtrante\/"},{"@type":"ListItem","position":4,"name":"Filtration Group","item":"https:\/\/actbr.com.br\/en\/categoria-produto\/filtros-e-elementos-filtrante\/filtration-group\/"},{"@type":"ListItem","position":5,"name":"Linha Ecoparts Mahle"}]},{"@type":"WebSite","@id":"https:\/\/actbr.com.br\/en\/#website","url":"https:\/\/actbr.com.br\/en\/","name":"ACT Sistemas Hidr\u00e1ulicos","description":"Fabrica\u00e7\u00e3o e manuten\u00e7\u00e3o de componentes \u00f3leo hidr\u00e1ulicos","publisher":{"@id":"https:\/\/actbr.com.br\/en\/#organization"},"potentialAction":[{"@type":"SearchAction","target":{"@type":"EntryPoint","urlTemplate":"https:\/\/actbr.com.br\/en\/?s={search_term_string}"},"query-input":{"@type":"PropertyValueSpecification","valueRequired":true,"valueName":"search_term_string"}}],"inLanguage":"en-US"},{"@type":"Organization","@id":"https:\/\/actbr.com.br\/en\/#organization","name":"ACT Sistemas Hidr\u00e1ulicos","url":"https:\/\/actbr.com.br\/en\/","logo":{"@type":"ImageObject","inLanguage":"en-US","@id":"https:\/\/actbr.com.br\/en\/#\/schema\/logo\/image\/","url":"https:\/\/actbr.com.br\/wp-content\/uploads\/2025\/02\/cropped-ACT_NEGATIVO-marca-dagua.png","contentUrl":"https:\/\/actbr.com.br\/wp-content\/uploads\/2025\/02\/cropped-ACT_NEGATIVO-marca-dagua.png","width":240,"height":146,"caption":"ACT Sistemas Hidr\u00e1ulicos"},"image":{"@id":"https:\/\/actbr.com.br\/en\/#\/schema\/logo\/image\/"}}]}},"_links":{"self":[{"href":"https:\/\/actbr.com.br\/en\/wp-json\/wp\/v2\/product\/3579","targetHints":{"allow":["GET"]}}],"collection":[{"href":"https:\/\/actbr.com.br\/en\/wp-json\/wp\/v2\/product"}],"about":[{"href":"https:\/\/actbr.com.br\/en\/wp-json\/wp\/v2\/types\/product"}],"wp:featuredmedia":[{"embeddable":true,"href":"https:\/\/actbr.com.br\/en\/wp-json\/wp\/v2\/media\/7513"}],"wp:attachment":[{"href":"https:\/\/actbr.com.br\/en\/wp-json\/wp\/v2\/media?parent=3579"}],"wp:term":[{"taxonomy":"product_brand","embeddable":true,"href":"https:\/\/actbr.com.br\/en\/wp-json\/wp\/v2\/product_brand?post=3579"},{"taxonomy":"product_cat","embeddable":true,"href":"https:\/\/actbr.com.br\/en\/wp-json\/wp\/v2\/product_cat?post=3579"},{"taxonomy":"product_tag","embeddable":true,"href":"https:\/\/actbr.com.br\/en\/wp-json\/wp\/v2\/product_tag?post=3579"}],"curies":[{"name":"wp","href":"https:\/\/api.w.org\/{rel}","templated":true}]}}