{"id":3582,"date":"2020-09-29T12:42:14","date_gmt":"2020-09-29T15:42:14","guid":{"rendered":"https:\/\/actbr.com.br\/produto\/filtros-de-pressao-baixa-pressao-mahle\/"},"modified":"2023-11-01T15:57:16","modified_gmt":"2023-11-01T18:57:16","slug":"filtro-de-baixa-pressao-pi-20","status":"publish","type":"product","link":"https:\/\/actbr.com.br\/en\/produto\/filtro-de-baixa-pressao-pi-20\/","title":{"rendered":"Filtro de baixa press\u00e3o PI 20"},"content":{"rendered":"<p>Filtros de Press\u00e3o (Baixa Press\u00e3o) Mahle &#8211; PI 20<\/p>\n<p>Os filtros de baixa press\u00e3o Mahle s\u00e3o apropriados para press\u00e3o de trabalho de at\u00e9 1450 PSI (100 bar). S\u00e3o utilizados para proteger componentes do sistema hidr\u00e1ulico de n\u00edveis de contamina\u00e7\u00e3o superiores aos n\u00edveis de limpeza recomendados. Os filtros de baixa press\u00e3o Mahle s\u00e3o vers\u00e1teis, podendo ser utilizados como: filtros de suc\u00e7\u00e3o, filtros de press\u00e3o ou filtros de linha de retorno.<\/p>\n<p>&nbsp;<\/p>\n<p>Configura\u00e7\u00f5es e elementos filtrantes:<\/p>\n<p><img decoding=\"async\" src=\"https:\/\/actbr.com.br\/wp-content\/uploads\/2020\/09\/configuracao-elementos-filtro-baixa-pressao-mahle.jpg\" alt=\"\" \/><\/p>\n<p>Filtros de baixa press\u00e3o Mahle fornecidos pela ACT:<\/p>\n<p>Filtro de Press\u00e3o 77774649 PI 1535\/10-057;<br \/>\nFiltro de Press\u00e3o 77774631 PI 1535\/10-058<br \/>\nFiltro de Press\u00e3o 77804909 PI 1535\/10-068;<br \/>\nFiltro de Press\u00e3o 77804917 PI 1535\/10-069<br \/>\nFiltro de Press\u00e3o 77955982 PI 1535\/25-057;<br \/>\nFiltro de Press\u00e3o 77907892 PI 1535\/25-058<br \/>\nFiltro de Press\u00e3o 79768052 PI 1535\/25-068;<br \/>\nFiltro de Press\u00e3o 78396533 PI 1535\/25-069<br \/>\nFiltro de Press\u00e3o 77774623 PI 1560\/10-057;<br \/>\nFiltro de Press\u00e3o 77774615 PI 1560\/10-058<br \/>\nFiltro de Press\u00e3o 77804941 PI 1560\/10-068;<br \/>\nFiltro de Press\u00e3o 77804958 PI 1560\/10-069<br \/>\nFiltro de Press\u00e3o 77807597 PI 1560\/10-158;<br \/>\nFiltro de Press\u00e3o 77955990 PI 1560\/25-057<br \/>\nFiltro de Press\u00e3o 77970718 PI 1560\/25-058;<br \/>\nFiltro de Press\u00e3o 76101778 PI 15035\/10-058<br \/>\nFiltro de Press\u00e3o 76101786 PI 15035\/10-068;<br \/>\nFiltro de Press\u00e3o 76101794 PI 15035\/10-069<br \/>\nFiltro de Press\u00e3o 76126353 PI 15060\/10-069;<br \/>\nFiltro de Press\u00e3o 76101885 PI 15060\/25-058<br \/>\nFiltro de Press\u00e3o 77736929 PI 2005-046;<br \/>\nFiltro de Press\u00e3o 77665102 PI 2005-047<br \/>\nFiltro de Press\u00e3o 77665110 PI 2005-056;<br \/>\nFiltro de Press\u00e3o 77665128 PI 2005-057<br \/>\nFiltro de Press\u00e3o 77665136 PI 2005-058;<br \/>\nFiltro de Press\u00e3o 77665144 PI 2005-060<br \/>\nFiltro de Press\u00e3o 77736911 PI 2005-061;<br \/>\nFiltro de Press\u00e3o 77736903 PI 2005-062<br \/>\nFiltro de Press\u00e3o 77736895 PI 2005-065;<br \/>\nFiltro de Press\u00e3o 77736887 PI 2005-066<br \/>\nFiltro de Press\u00e3o 77665151 PI 2005-067;<br \/>\nFiltro de Press\u00e3o 77665169 PI 2005-068<br \/>\nFiltro de Press\u00e3o 77665177 PI 2005-069;<br \/>\nFiltro de Press\u00e3o 77736952 PI 2008-046<br \/>\nFiltro de Press\u00e3o 77665193 PI 2008-047;<br \/>\nFiltro de Press\u00e3o 77665201 PI 2008-056<br \/>\nFiltro de Press\u00e3o 77665219 PI 2008-057;<br \/>\nFiltro de Press\u00e3o 77665227 PI 2008-058<br \/>\nFiltro de Press\u00e3o 77665235 PI 2008-060;<br \/>\nFiltro de Press\u00e3o 77736945 PI 2008-061<br \/>\nFiltro de Press\u00e3o 77665243 PI 2008-062;<br \/>\nFiltro de Press\u00e3o 77736937 PI 2008-065<br \/>\nFiltro de Press\u00e3o 77665250 PI 2008-066;<br \/>\nFiltro de Press\u00e3o 77665268 PI 2008-067<br \/>\nFiltro de Press\u00e3o 77665276 PI 2008-068;<br \/>\nFiltro de Press\u00e3o 77665284 PI 2008-069<br \/>\nFiltro de Press\u00e3o 70328560 PI 2011-046;<br \/>\nFiltro de Press\u00e3o 79769217 PI 2011-047<br \/>\nFiltro de Press\u00e3o 78205122 PI 2011-056;<br \/>\nFiltro de Press\u00e3o 78205130 PI 2011-057<br \/>\nFiltro de Press\u00e3o 78205148 PI 2011-058;<br \/>\nFiltro de Press\u00e3o 78205114 PI 2011-060<br \/>\nFiltro de Press\u00e3o 78205155 PI 2011-068;<br \/>\nFiltro de Press\u00e3o 78205163 PI 2011-069<br \/>\nFiltro de Press\u00e3o 77665300 PI 2015-056 G1;<br \/>\nFiltro de Press\u00e3o 76165203 PI 2015-056 G11\/4<br \/>\nFiltro de Press\u00e3o 77665318 PI 2015-057 G1;<br \/>\nFiltro de Press\u00e3o 76165211 PI 2015-057 G11\/4<br \/>\nFiltro de Press\u00e3o 77665326 PI 2015-058 G1;<br \/>\nFiltro de Press\u00e3o 79320748 PI 2015-058 G11\/4<br \/>\nFiltro de Press\u00e3o 77665334 PI 2015-060 G1;<br \/>\nFiltro de Press\u00e3o 77840580 PI 2015-060 G11\/4<br \/>\nFiltro de Press\u00e3o 77665342 PI 2015-061 G1;<br \/>\nFiltro de Press\u00e3o 77665359 PI 2015-062 G1<br \/>\nFiltro de Press\u00e3o 77665375 PI 2015-066 G1;<br \/>\nFiltro de Press\u00e3o 77665383 PI 2015-067 G1<br \/>\nFiltro de Press\u00e3o 77665391 PI 2015-068 G1;<br \/>\nFiltro de Press\u00e3o 76165229 PI 2015-068 G11\/4<br \/>\nFiltro de Press\u00e3o 77665409 PI 2015-069 G1;<br \/>\nFiltro de Press\u00e3o 78396616 PI 2015-069 G11\/4<br \/>\nFiltro de Press\u00e3o 79775222 PI 2030-013;<br \/>\nFiltro de Press\u00e3o 79306622 PI 2030-046<br \/>\nFiltro de Press\u00e3o 77665433 PI 2030-047;<br \/>\nFiltro de Press\u00e3o 77665441 PI 2030-056<br \/>\nFiltro de Press\u00e3o 77665458 PI 2030-057;<br \/>\nFiltro de Press\u00e3o 77665466 PI 2030-058<br \/>\nFiltro de Press\u00e3o 77665474 PI 2030-060;<br \/>\nFiltro de Press\u00e3o 77665490 PI 2030-061<br \/>\nFiltro de Press\u00e3o 77665482 PI 2030-062;<br \/>\nFiltro de Press\u00e3o 77665508 PI 2030-065<br \/>\nFiltro de Press\u00e3o 77735939 PI 2030-066;<br \/>\nFiltro de Press\u00e3o 77735921 PI 2030-067<br \/>\nFiltro de Press\u00e3o 77665516 PI 2030-068;<span style=\"font-family: Arial;\"><span style=\"font-family: Tahoma;\"><br \/>\n<\/span><\/span><\/p>\n","protected":false},"excerpt":{"rendered":"<p>Os filtros de baixa press\u00e3o Mahle s\u00e3o apropriados para press\u00e3o de trabalho de at\u00e9 1450 PSI (100 bar). S\u00e3o utilizados para proteger componentes do sistema hidr\u00e1ulico de n\u00edveis de contamina\u00e7\u00e3o superiores aos n\u00edveis de limpeza recomendados.<\/p>\n","protected":false},"featured_media":7546,"template":"","meta":[],"product_brand":[],"product_cat":[91,67],"product_tag":[],"class_list":{"0":"post-3582","1":"product","2":"type-product","3":"status-publish","4":"has-post-thumbnail","6":"product_cat-filtro-simples-baixa-pressao","7":"product_cat-filtros-e-elementos-filtrante","9":"first","10":"instock","11":"virtual","12":"product-type-simple"},"yoast_head":"<!-- This site is optimized with the Yoast SEO plugin v27.5 - https:\/\/yoast.com\/product\/yoast-seo-wordpress\/ -->\n<title>Filtro de baixa press\u00e3o PI 20 - ACT Sistemas Hidr\u00e1ulicos<\/title>\n<meta name=\"description\" content=\"Os filtros de baixa press\u00e3o Mahle s\u00e3o apropriados para press\u00e3o de trabalho de at\u00e9 1450 PSI (100 bar), protegendo componentes do sistema hidr\u00e1ulico de contamina\u00e7\u00e3o.\" \/>\n<meta name=\"robots\" content=\"index, follow, max-snippet:-1, max-image-preview:large, max-video-preview:-1\" \/>\n<link rel=\"canonical\" href=\"https:\/\/actbr.com.br\/en\/produto\/filtro-de-baixa-pressao-pi-20\/\" \/>\n<meta property=\"og:locale\" content=\"en_US\" \/>\n<meta property=\"og:type\" content=\"article\" \/>\n<meta property=\"og:title\" content=\"Filtro de baixa press\u00e3o PI 20 - ACT Sistemas Hidr\u00e1ulicos\" \/>\n<meta property=\"og:description\" content=\"Os filtros de baixa press\u00e3o Mahle s\u00e3o apropriados para press\u00e3o de trabalho de at\u00e9 1450 PSI (100 bar), protegendo componentes do sistema hidr\u00e1ulico de contamina\u00e7\u00e3o.\" \/>\n<meta property=\"og:url\" content=\"https:\/\/actbr.com.br\/en\/produto\/filtro-de-baixa-pressao-pi-20\/\" \/>\n<meta property=\"og:site_name\" content=\"ACT Sistemas Hidr\u00e1ulicos\" \/>\n<meta property=\"article:modified_time\" content=\"2023-11-01T18:57:16+00:00\" \/>\n<meta property=\"og:image\" content=\"https:\/\/actbr.com.br\/wp-content\/uploads\/2020\/09\/Filtro-Simples-Baixa-Pressao.jpg\" \/>\n\t<meta property=\"og:image:width\" content=\"527\" \/>\n\t<meta property=\"og:image:height\" content=\"416\" \/>\n\t<meta property=\"og:image:type\" content=\"image\/jpeg\" \/>\n<meta name=\"twitter:card\" content=\"summary_large_image\" \/>\n<meta name=\"twitter:label1\" content=\"Est. reading time\" \/>\n\t<meta name=\"twitter:data1\" content=\"4 minutes\" \/>\n<script type=\"application\/ld+json\" class=\"yoast-schema-graph\">{\"@context\":\"https:\\\/\\\/schema.org\",\"@graph\":[{\"@type\":\"WebPage\",\"@id\":\"https:\\\/\\\/actbr.com.br\\\/en\\\/produto\\\/filtro-de-baixa-pressao-pi-20\\\/\",\"url\":\"https:\\\/\\\/actbr.com.br\\\/en\\\/produto\\\/filtro-de-baixa-pressao-pi-20\\\/\",\"name\":\"Filtro de baixa press\u00e3o PI 20 - ACT Sistemas Hidr\u00e1ulicos\",\"isPartOf\":{\"@id\":\"https:\\\/\\\/actbr.com.br\\\/en\\\/#website\"},\"primaryImageOfPage\":{\"@id\":\"https:\\\/\\\/actbr.com.br\\\/en\\\/produto\\\/filtro-de-baixa-pressao-pi-20\\\/#primaryimage\"},\"image\":{\"@id\":\"https:\\\/\\\/actbr.com.br\\\/en\\\/produto\\\/filtro-de-baixa-pressao-pi-20\\\/#primaryimage\"},\"thumbnailUrl\":\"https:\\\/\\\/actbr.com.br\\\/wp-content\\\/uploads\\\/2020\\\/09\\\/Filtro-Simples-Baixa-Pressao.jpg\",\"datePublished\":\"2020-09-29T15:42:14+00:00\",\"dateModified\":\"2023-11-01T18:57:16+00:00\",\"description\":\"Os filtros de baixa press\u00e3o Mahle s\u00e3o apropriados para press\u00e3o de trabalho de at\u00e9 1450 PSI (100 bar), protegendo componentes do sistema hidr\u00e1ulico de contamina\u00e7\u00e3o.\",\"breadcrumb\":{\"@id\":\"https:\\\/\\\/actbr.com.br\\\/en\\\/produto\\\/filtro-de-baixa-pressao-pi-20\\\/#breadcrumb\"},\"inLanguage\":\"en-US\",\"potentialAction\":[{\"@type\":\"ReadAction\",\"target\":[\"https:\\\/\\\/actbr.com.br\\\/en\\\/produto\\\/filtro-de-baixa-pressao-pi-20\\\/\"]}]},{\"@type\":\"ImageObject\",\"inLanguage\":\"en-US\",\"@id\":\"https:\\\/\\\/actbr.com.br\\\/en\\\/produto\\\/filtro-de-baixa-pressao-pi-20\\\/#primaryimage\",\"url\":\"https:\\\/\\\/actbr.com.br\\\/wp-content\\\/uploads\\\/2020\\\/09\\\/Filtro-Simples-Baixa-Pressao.jpg\",\"contentUrl\":\"https:\\\/\\\/actbr.com.br\\\/wp-content\\\/uploads\\\/2020\\\/09\\\/Filtro-Simples-Baixa-Pressao.jpg\",\"width\":527,\"height\":416,\"caption\":\"Filtro Simples Baixa Press\u00e3o\"},{\"@type\":\"BreadcrumbList\",\"@id\":\"https:\\\/\\\/actbr.com.br\\\/en\\\/produto\\\/filtro-de-baixa-pressao-pi-20\\\/#breadcrumb\",\"itemListElement\":[{\"@type\":\"ListItem\",\"position\":1,\"name\":\"In\u00edcio\",\"item\":\"https:\\\/\\\/actbr.com.br\\\/en\\\/\"},{\"@type\":\"ListItem\",\"position\":2,\"name\":\"Produtos\",\"item\":\"https:\\\/\\\/actbr.com.br\\\/produtos-act\\\/\"},{\"@type\":\"ListItem\",\"position\":3,\"name\":\"Filtros e Elementos Filtrante\",\"item\":\"https:\\\/\\\/actbr.com.br\\\/en\\\/categoria-produto\\\/filtros-e-elementos-filtrante\\\/\"},{\"@type\":\"ListItem\",\"position\":4,\"name\":\"Filtro Simples (Baixa press\u00e3o)\",\"item\":\"https:\\\/\\\/actbr.com.br\\\/en\\\/categoria-produto\\\/filtros-e-elementos-filtrante\\\/filtro-simples-baixa-pressao\\\/\"},{\"@type\":\"ListItem\",\"position\":5,\"name\":\"Filtro de baixa press\u00e3o PI 20\"}]},{\"@type\":\"WebSite\",\"@id\":\"https:\\\/\\\/actbr.com.br\\\/en\\\/#website\",\"url\":\"https:\\\/\\\/actbr.com.br\\\/en\\\/\",\"name\":\"ACT Sistemas Hidr\u00e1ulicos\",\"description\":\"Fabrica\u00e7\u00e3o e manuten\u00e7\u00e3o de componentes \u00f3leo hidr\u00e1ulicos\",\"publisher\":{\"@id\":\"https:\\\/\\\/actbr.com.br\\\/en\\\/#organization\"},\"potentialAction\":[{\"@type\":\"SearchAction\",\"target\":{\"@type\":\"EntryPoint\",\"urlTemplate\":\"https:\\\/\\\/actbr.com.br\\\/en\\\/?s={search_term_string}\"},\"query-input\":{\"@type\":\"PropertyValueSpecification\",\"valueRequired\":true,\"valueName\":\"search_term_string\"}}],\"inLanguage\":\"en-US\"},{\"@type\":\"Organization\",\"@id\":\"https:\\\/\\\/actbr.com.br\\\/en\\\/#organization\",\"name\":\"ACT Sistemas Hidr\u00e1ulicos\",\"url\":\"https:\\\/\\\/actbr.com.br\\\/en\\\/\",\"logo\":{\"@type\":\"ImageObject\",\"inLanguage\":\"en-US\",\"@id\":\"https:\\\/\\\/actbr.com.br\\\/en\\\/#\\\/schema\\\/logo\\\/image\\\/\",\"url\":\"https:\\\/\\\/actbr.com.br\\\/wp-content\\\/uploads\\\/2025\\\/02\\\/cropped-ACT_NEGATIVO-marca-dagua.png\",\"contentUrl\":\"https:\\\/\\\/actbr.com.br\\\/wp-content\\\/uploads\\\/2025\\\/02\\\/cropped-ACT_NEGATIVO-marca-dagua.png\",\"width\":240,\"height\":146,\"caption\":\"ACT Sistemas Hidr\u00e1ulicos\"},\"image\":{\"@id\":\"https:\\\/\\\/actbr.com.br\\\/en\\\/#\\\/schema\\\/logo\\\/image\\\/\"}}]}<\/script>\n<!-- \/ Yoast SEO plugin. -->","yoast_head_json":{"title":"Filtro de baixa press\u00e3o PI 20 - ACT Sistemas Hidr\u00e1ulicos","description":"Os filtros de baixa press\u00e3o Mahle s\u00e3o apropriados para press\u00e3o de trabalho de at\u00e9 1450 PSI (100 bar), protegendo componentes do sistema hidr\u00e1ulico de contamina\u00e7\u00e3o.","robots":{"index":"index","follow":"follow","max-snippet":"max-snippet:-1","max-image-preview":"max-image-preview:large","max-video-preview":"max-video-preview:-1"},"canonical":"https:\/\/actbr.com.br\/en\/produto\/filtro-de-baixa-pressao-pi-20\/","og_locale":"en_US","og_type":"article","og_title":"Filtro de baixa press\u00e3o PI 20 - ACT Sistemas Hidr\u00e1ulicos","og_description":"Os filtros de baixa press\u00e3o Mahle s\u00e3o apropriados para press\u00e3o de trabalho de at\u00e9 1450 PSI (100 bar), protegendo componentes do sistema hidr\u00e1ulico de contamina\u00e7\u00e3o.","og_url":"https:\/\/actbr.com.br\/en\/produto\/filtro-de-baixa-pressao-pi-20\/","og_site_name":"ACT Sistemas Hidr\u00e1ulicos","article_modified_time":"2023-11-01T18:57:16+00:00","og_image":[{"width":527,"height":416,"url":"https:\/\/actbr.com.br\/wp-content\/uploads\/2020\/09\/Filtro-Simples-Baixa-Pressao.jpg","type":"image\/jpeg"}],"twitter_card":"summary_large_image","twitter_misc":{"Est. reading time":"4 minutes"},"schema":{"@context":"https:\/\/schema.org","@graph":[{"@type":"WebPage","@id":"https:\/\/actbr.com.br\/en\/produto\/filtro-de-baixa-pressao-pi-20\/","url":"https:\/\/actbr.com.br\/en\/produto\/filtro-de-baixa-pressao-pi-20\/","name":"Filtro de baixa press\u00e3o PI 20 - ACT Sistemas Hidr\u00e1ulicos","isPartOf":{"@id":"https:\/\/actbr.com.br\/en\/#website"},"primaryImageOfPage":{"@id":"https:\/\/actbr.com.br\/en\/produto\/filtro-de-baixa-pressao-pi-20\/#primaryimage"},"image":{"@id":"https:\/\/actbr.com.br\/en\/produto\/filtro-de-baixa-pressao-pi-20\/#primaryimage"},"thumbnailUrl":"https:\/\/actbr.com.br\/wp-content\/uploads\/2020\/09\/Filtro-Simples-Baixa-Pressao.jpg","datePublished":"2020-09-29T15:42:14+00:00","dateModified":"2023-11-01T18:57:16+00:00","description":"Os filtros de baixa press\u00e3o Mahle s\u00e3o apropriados para press\u00e3o de trabalho de at\u00e9 1450 PSI (100 bar), protegendo componentes do sistema hidr\u00e1ulico de contamina\u00e7\u00e3o.","breadcrumb":{"@id":"https:\/\/actbr.com.br\/en\/produto\/filtro-de-baixa-pressao-pi-20\/#breadcrumb"},"inLanguage":"en-US","potentialAction":[{"@type":"ReadAction","target":["https:\/\/actbr.com.br\/en\/produto\/filtro-de-baixa-pressao-pi-20\/"]}]},{"@type":"ImageObject","inLanguage":"en-US","@id":"https:\/\/actbr.com.br\/en\/produto\/filtro-de-baixa-pressao-pi-20\/#primaryimage","url":"https:\/\/actbr.com.br\/wp-content\/uploads\/2020\/09\/Filtro-Simples-Baixa-Pressao.jpg","contentUrl":"https:\/\/actbr.com.br\/wp-content\/uploads\/2020\/09\/Filtro-Simples-Baixa-Pressao.jpg","width":527,"height":416,"caption":"Filtro Simples Baixa Press\u00e3o"},{"@type":"BreadcrumbList","@id":"https:\/\/actbr.com.br\/en\/produto\/filtro-de-baixa-pressao-pi-20\/#breadcrumb","itemListElement":[{"@type":"ListItem","position":1,"name":"In\u00edcio","item":"https:\/\/actbr.com.br\/en\/"},{"@type":"ListItem","position":2,"name":"Produtos","item":"https:\/\/actbr.com.br\/produtos-act\/"},{"@type":"ListItem","position":3,"name":"Filtros e Elementos Filtrante","item":"https:\/\/actbr.com.br\/en\/categoria-produto\/filtros-e-elementos-filtrante\/"},{"@type":"ListItem","position":4,"name":"Filtro Simples (Baixa press\u00e3o)","item":"https:\/\/actbr.com.br\/en\/categoria-produto\/filtros-e-elementos-filtrante\/filtro-simples-baixa-pressao\/"},{"@type":"ListItem","position":5,"name":"Filtro de baixa press\u00e3o PI 20"}]},{"@type":"WebSite","@id":"https:\/\/actbr.com.br\/en\/#website","url":"https:\/\/actbr.com.br\/en\/","name":"ACT Sistemas Hidr\u00e1ulicos","description":"Fabrica\u00e7\u00e3o e manuten\u00e7\u00e3o de componentes \u00f3leo hidr\u00e1ulicos","publisher":{"@id":"https:\/\/actbr.com.br\/en\/#organization"},"potentialAction":[{"@type":"SearchAction","target":{"@type":"EntryPoint","urlTemplate":"https:\/\/actbr.com.br\/en\/?s={search_term_string}"},"query-input":{"@type":"PropertyValueSpecification","valueRequired":true,"valueName":"search_term_string"}}],"inLanguage":"en-US"},{"@type":"Organization","@id":"https:\/\/actbr.com.br\/en\/#organization","name":"ACT Sistemas Hidr\u00e1ulicos","url":"https:\/\/actbr.com.br\/en\/","logo":{"@type":"ImageObject","inLanguage":"en-US","@id":"https:\/\/actbr.com.br\/en\/#\/schema\/logo\/image\/","url":"https:\/\/actbr.com.br\/wp-content\/uploads\/2025\/02\/cropped-ACT_NEGATIVO-marca-dagua.png","contentUrl":"https:\/\/actbr.com.br\/wp-content\/uploads\/2025\/02\/cropped-ACT_NEGATIVO-marca-dagua.png","width":240,"height":146,"caption":"ACT Sistemas Hidr\u00e1ulicos"},"image":{"@id":"https:\/\/actbr.com.br\/en\/#\/schema\/logo\/image\/"}}]}},"_links":{"self":[{"href":"https:\/\/actbr.com.br\/en\/wp-json\/wp\/v2\/product\/3582","targetHints":{"allow":["GET"]}}],"collection":[{"href":"https:\/\/actbr.com.br\/en\/wp-json\/wp\/v2\/product"}],"about":[{"href":"https:\/\/actbr.com.br\/en\/wp-json\/wp\/v2\/types\/product"}],"wp:featuredmedia":[{"embeddable":true,"href":"https:\/\/actbr.com.br\/en\/wp-json\/wp\/v2\/media\/7546"}],"wp:attachment":[{"href":"https:\/\/actbr.com.br\/en\/wp-json\/wp\/v2\/media?parent=3582"}],"wp:term":[{"taxonomy":"product_brand","embeddable":true,"href":"https:\/\/actbr.com.br\/en\/wp-json\/wp\/v2\/product_brand?post=3582"},{"taxonomy":"product_cat","embeddable":true,"href":"https:\/\/actbr.com.br\/en\/wp-json\/wp\/v2\/product_cat?post=3582"},{"taxonomy":"product_tag","embeddable":true,"href":"https:\/\/actbr.com.br\/en\/wp-json\/wp\/v2\/product_tag?post=3582"}],"curies":[{"name":"wp","href":"https:\/\/api.w.org\/{rel}","templated":true}]}}