{"id":3635,"date":"2020-09-29T12:42:14","date_gmt":"2020-09-29T15:42:14","guid":{"rendered":"https:\/\/actbr.com.br\/produto\/conector-eletrico-din-43650-iso-4400\/"},"modified":"2023-06-27T17:25:22","modified_gmt":"2023-06-27T20:25:22","slug":"conector-eletrico-din-43650","status":"publish","type":"product","link":"https:\/\/actbr.com.br\/en\/produto\/conector-eletrico-din-43650\/","title":{"rendered":"Conector El\u00e9trico DIN 43650"},"content":{"rendered":"<div id=\"detalhes\">\n<p><strong>Conector El\u00e9trico DIN 43650 (ISO 4400)<\/strong><\/p>\n<p>O Conector El\u00e9trico DIN 43650 \u00e9 um conector padr\u00e3o de tamanho 30 (18mm) com tampa remov\u00edvel, constru\u00eddo em poliamida com fibra de vidro. Possui grau de prote\u00e7\u00e3o IP 65 e \u00e9 utilizado em todas as v\u00e1lvulas constru\u00eddas sobre a norma ISO 4401.<\/p>\n<p><strong>Informa\u00e7\u00f5es\u00a0gerais:<\/strong><\/p>\n<p>Temperatura ambiente:<br \/>\nVers\u00e3o Standard (conector preto): -20 a 100\u00baC<br \/>\nVers\u00e3o com LED\/Retificador: -20 a 60\u00baC<br \/>\nGrau de prote\u00e7\u00e3o de acordo com a DIN 40050: IP65<\/p>\n<p>M\u00e1xima corrente de opera\u00e7\u00e3o:<br \/>\nVers\u00e3o Standard (conector preto): 16A<br \/>\nVers\u00e3o com LED\/Retificador: 1 ou 3A<br \/>\nCorrente consumida pelo LED: Aproximadamente 10mA<br \/>\nN\u00famero de terminais: 2 + terra<br \/>\nEntrada para cabo: CM 10<\/p>\n<p>Di\u00e2metro do cabo:<br \/>\nVers\u00e3o Standard (conector preto): 6 a 10 mm<br \/>\nVers\u00e3o com LED\/Retificador: 6 a 10 mm<br \/>\nConectores: Por parafuso e flanges<br \/>\nCapacidade M\u00e1x. de aperto: 1,5 mm2<\/p>\n<p><img decoding=\"async\" src=\"https:\/\/actbr.com.br\/wp-content\/uploads\/2020\/09\/conector-eletrico-para-eletrovalvula-rexroth-atos-parker.jpg\" alt=\"\" \/><\/p>\n<p>Circuito el\u00e9trico para conector Standard:<\/p>\n<p><img fetchpriority=\"high\" decoding=\"async\" class=\"alignnone\" src=\"https:\/\/actbr.com.br\/wp-content\/uploads\/2020\/09\/standard-preto-circuito.jpg\" alt=\"Circuito el\u00e9trico para conector Standard\" width=\"600\" height=\"250\" \/><\/p>\n<p>Circuito el\u00e9trico para conector com LED:<\/p>\n<p><img decoding=\"async\" class=\"alignnone\" src=\"https:\/\/actbr.com.br\/wp-content\/uploads\/2020\/09\/conector-com-led-dc.jpg\" alt=\"Circuito el\u00e9trico para conector com LED:\" width=\"600\" height=\"250\" \/><\/p>\n<\/div>\n<div id=\"relacionados\" style=\"margin: 0px; padding: 100px 0px 0px; float: left; width: 890px; color: #4f4f4f; font-family: 'Trebuchet MS', Arial, Helvetica, sans-serif; font-size: 12px;\"><\/div>\n","protected":false},"excerpt":{"rendered":"<p>O Conector El\u00e9trico DIN 43650 \u00e9 um conector padr\u00e3o de tamanho 30 (18mm) com tampa remov\u00edvel, constru\u00eddo em poliamida com fibra de vidro.<\/p>\n","protected":false},"featured_media":6388,"template":"","meta":[],"product_brand":[],"product_cat":[37,94],"product_tag":[],"class_list":{"0":"post-3635","1":"product","2":"type-product","3":"status-publish","4":"has-post-thumbnail","6":"product_cat-avulsos","7":"product_cat-conector-din-a","9":"first","10":"instock","11":"virtual","12":"product-type-simple"},"yoast_head":"<!-- This site is optimized with the Yoast SEO plugin v27.2 - https:\/\/yoast.com\/product\/yoast-seo-wordpress\/ -->\n<title>Conector El\u00e9trico DIN 43650 - ACT Sistemas Hidr\u00e1ulicos<\/title>\n<meta name=\"description\" content=\"O Conector El\u00e9trico DIN 43650 \u00e9 um conector padr\u00e3o de tamanho 30 (18mm) com tampa remov\u00edvel, constru\u00eddo em poliamida com fibra de vidro.\" \/>\n<meta name=\"robots\" content=\"index, follow, max-snippet:-1, max-image-preview:large, max-video-preview:-1\" \/>\n<link rel=\"canonical\" href=\"https:\/\/actbr.com.br\/en\/produto\/conector-eletrico-din-43650\/\" \/>\n<meta property=\"og:locale\" content=\"en_US\" \/>\n<meta property=\"og:type\" content=\"article\" \/>\n<meta property=\"og:title\" content=\"Conector El\u00e9trico DIN 43650 - ACT Sistemas Hidr\u00e1ulicos\" \/>\n<meta property=\"og:description\" content=\"O Conector El\u00e9trico DIN 43650 \u00e9 um conector padr\u00e3o de tamanho 30 (18mm) com tampa remov\u00edvel, constru\u00eddo em poliamida com fibra de vidro.\" \/>\n<meta property=\"og:url\" content=\"https:\/\/actbr.com.br\/en\/produto\/conector-eletrico-din-43650\/\" \/>\n<meta property=\"og:site_name\" content=\"ACT Sistemas Hidr\u00e1ulicos\" \/>\n<meta property=\"article:modified_time\" content=\"2023-06-27T20:25:22+00:00\" \/>\n<meta property=\"og:image\" content=\"https:\/\/actbr.com.br\/wp-content\/uploads\/2020\/09\/conectores-din-para-valvula-1.jpg\" \/>\n\t<meta property=\"og:image:width\" content=\"800\" \/>\n\t<meta property=\"og:image:height\" content=\"600\" \/>\n\t<meta property=\"og:image:type\" content=\"image\/jpeg\" \/>\n<meta name=\"twitter:card\" content=\"summary_large_image\" \/>\n<meta name=\"twitter:label1\" content=\"Est. reading time\" \/>\n\t<meta name=\"twitter:data1\" content=\"2 minutes\" \/>\n<script type=\"application\/ld+json\" class=\"yoast-schema-graph\">{\"@context\":\"https:\/\/schema.org\",\"@graph\":[{\"@type\":\"WebPage\",\"@id\":\"https:\/\/actbr.com.br\/en\/produto\/conector-eletrico-din-43650\/\",\"url\":\"https:\/\/actbr.com.br\/en\/produto\/conector-eletrico-din-43650\/\",\"name\":\"Conector El\u00e9trico DIN 43650 - ACT Sistemas Hidr\u00e1ulicos\",\"isPartOf\":{\"@id\":\"https:\/\/actbr.com.br\/en\/#website\"},\"primaryImageOfPage\":{\"@id\":\"https:\/\/actbr.com.br\/en\/produto\/conector-eletrico-din-43650\/#primaryimage\"},\"image\":{\"@id\":\"https:\/\/actbr.com.br\/en\/produto\/conector-eletrico-din-43650\/#primaryimage\"},\"thumbnailUrl\":\"https:\/\/actbr.com.br\/wp-content\/uploads\/2020\/09\/conectores-din-para-valvula-1.jpg\",\"datePublished\":\"2020-09-29T15:42:14+00:00\",\"dateModified\":\"2023-06-27T20:25:22+00:00\",\"description\":\"O Conector El\u00e9trico DIN 43650 \u00e9 um conector padr\u00e3o de tamanho 30 (18mm) com tampa remov\u00edvel, constru\u00eddo em poliamida com fibra de vidro.\",\"breadcrumb\":{\"@id\":\"https:\/\/actbr.com.br\/en\/produto\/conector-eletrico-din-43650\/#breadcrumb\"},\"inLanguage\":\"en-US\",\"potentialAction\":[{\"@type\":\"ReadAction\",\"target\":[\"https:\/\/actbr.com.br\/en\/produto\/conector-eletrico-din-43650\/\"]}]},{\"@type\":\"ImageObject\",\"inLanguage\":\"en-US\",\"@id\":\"https:\/\/actbr.com.br\/en\/produto\/conector-eletrico-din-43650\/#primaryimage\",\"url\":\"https:\/\/actbr.com.br\/wp-content\/uploads\/2020\/09\/conectores-din-para-valvula-1.jpg\",\"contentUrl\":\"https:\/\/actbr.com.br\/wp-content\/uploads\/2020\/09\/conectores-din-para-valvula-1.jpg\",\"width\":800,\"height\":600},{\"@type\":\"BreadcrumbList\",\"@id\":\"https:\/\/actbr.com.br\/en\/produto\/conector-eletrico-din-43650\/#breadcrumb\",\"itemListElement\":[{\"@type\":\"ListItem\",\"position\":1,\"name\":\"In\u00edcio\",\"item\":\"https:\/\/actbr.com.br\/en\/\"},{\"@type\":\"ListItem\",\"position\":2,\"name\":\"Produtos\",\"item\":\"https:\/\/actbr.com.br\/produtos-act\/\"},{\"@type\":\"ListItem\",\"position\":3,\"name\":\"Avulsos\",\"item\":\"https:\/\/actbr.com.br\/en\/categoria-produto\/avulsos\/\"},{\"@type\":\"ListItem\",\"position\":4,\"name\":\"Conector - DIN A\",\"item\":\"https:\/\/actbr.com.br\/en\/categoria-produto\/avulsos\/conector-din-a\/\"},{\"@type\":\"ListItem\",\"position\":5,\"name\":\"Conector El\u00e9trico DIN 43650\"}]},{\"@type\":\"WebSite\",\"@id\":\"https:\/\/actbr.com.br\/en\/#website\",\"url\":\"https:\/\/actbr.com.br\/en\/\",\"name\":\"ACT Sistemas Hidr\u00e1ulicos\",\"description\":\"Fabrica\u00e7\u00e3o e manuten\u00e7\u00e3o de componentes \u00f3leo hidr\u00e1ulicos\",\"publisher\":{\"@id\":\"https:\/\/actbr.com.br\/en\/#organization\"},\"potentialAction\":[{\"@type\":\"SearchAction\",\"target\":{\"@type\":\"EntryPoint\",\"urlTemplate\":\"https:\/\/actbr.com.br\/en\/?s={search_term_string}\"},\"query-input\":{\"@type\":\"PropertyValueSpecification\",\"valueRequired\":true,\"valueName\":\"search_term_string\"}}],\"inLanguage\":\"en-US\"},{\"@type\":\"Organization\",\"@id\":\"https:\/\/actbr.com.br\/en\/#organization\",\"name\":\"ACT Sistemas Hidr\u00e1ulicos\",\"url\":\"https:\/\/actbr.com.br\/en\/\",\"logo\":{\"@type\":\"ImageObject\",\"inLanguage\":\"en-US\",\"@id\":\"https:\/\/actbr.com.br\/en\/#\/schema\/logo\/image\/\",\"url\":\"https:\/\/actbr.com.br\/wp-content\/uploads\/2025\/02\/cropped-ACT_NEGATIVO-marca-dagua.png\",\"contentUrl\":\"https:\/\/actbr.com.br\/wp-content\/uploads\/2025\/02\/cropped-ACT_NEGATIVO-marca-dagua.png\",\"width\":240,\"height\":146,\"caption\":\"ACT Sistemas Hidr\u00e1ulicos\"},\"image\":{\"@id\":\"https:\/\/actbr.com.br\/en\/#\/schema\/logo\/image\/\"}}]}<\/script>\n<!-- \/ Yoast SEO plugin. -->","yoast_head_json":{"title":"Conector El\u00e9trico DIN 43650 - ACT Sistemas Hidr\u00e1ulicos","description":"O Conector El\u00e9trico DIN 43650 \u00e9 um conector padr\u00e3o de tamanho 30 (18mm) com tampa remov\u00edvel, constru\u00eddo em poliamida com fibra de vidro.","robots":{"index":"index","follow":"follow","max-snippet":"max-snippet:-1","max-image-preview":"max-image-preview:large","max-video-preview":"max-video-preview:-1"},"canonical":"https:\/\/actbr.com.br\/en\/produto\/conector-eletrico-din-43650\/","og_locale":"en_US","og_type":"article","og_title":"Conector El\u00e9trico DIN 43650 - ACT Sistemas Hidr\u00e1ulicos","og_description":"O Conector El\u00e9trico DIN 43650 \u00e9 um conector padr\u00e3o de tamanho 30 (18mm) com tampa remov\u00edvel, constru\u00eddo em poliamida com fibra de vidro.","og_url":"https:\/\/actbr.com.br\/en\/produto\/conector-eletrico-din-43650\/","og_site_name":"ACT Sistemas Hidr\u00e1ulicos","article_modified_time":"2023-06-27T20:25:22+00:00","og_image":[{"width":800,"height":600,"url":"https:\/\/actbr.com.br\/wp-content\/uploads\/2020\/09\/conectores-din-para-valvula-1.jpg","type":"image\/jpeg"}],"twitter_card":"summary_large_image","twitter_misc":{"Est. reading time":"2 minutes"},"schema":{"@context":"https:\/\/schema.org","@graph":[{"@type":"WebPage","@id":"https:\/\/actbr.com.br\/en\/produto\/conector-eletrico-din-43650\/","url":"https:\/\/actbr.com.br\/en\/produto\/conector-eletrico-din-43650\/","name":"Conector El\u00e9trico DIN 43650 - ACT Sistemas Hidr\u00e1ulicos","isPartOf":{"@id":"https:\/\/actbr.com.br\/en\/#website"},"primaryImageOfPage":{"@id":"https:\/\/actbr.com.br\/en\/produto\/conector-eletrico-din-43650\/#primaryimage"},"image":{"@id":"https:\/\/actbr.com.br\/en\/produto\/conector-eletrico-din-43650\/#primaryimage"},"thumbnailUrl":"https:\/\/actbr.com.br\/wp-content\/uploads\/2020\/09\/conectores-din-para-valvula-1.jpg","datePublished":"2020-09-29T15:42:14+00:00","dateModified":"2023-06-27T20:25:22+00:00","description":"O Conector El\u00e9trico DIN 43650 \u00e9 um conector padr\u00e3o de tamanho 30 (18mm) com tampa remov\u00edvel, constru\u00eddo em poliamida com fibra de vidro.","breadcrumb":{"@id":"https:\/\/actbr.com.br\/en\/produto\/conector-eletrico-din-43650\/#breadcrumb"},"inLanguage":"en-US","potentialAction":[{"@type":"ReadAction","target":["https:\/\/actbr.com.br\/en\/produto\/conector-eletrico-din-43650\/"]}]},{"@type":"ImageObject","inLanguage":"en-US","@id":"https:\/\/actbr.com.br\/en\/produto\/conector-eletrico-din-43650\/#primaryimage","url":"https:\/\/actbr.com.br\/wp-content\/uploads\/2020\/09\/conectores-din-para-valvula-1.jpg","contentUrl":"https:\/\/actbr.com.br\/wp-content\/uploads\/2020\/09\/conectores-din-para-valvula-1.jpg","width":800,"height":600},{"@type":"BreadcrumbList","@id":"https:\/\/actbr.com.br\/en\/produto\/conector-eletrico-din-43650\/#breadcrumb","itemListElement":[{"@type":"ListItem","position":1,"name":"In\u00edcio","item":"https:\/\/actbr.com.br\/en\/"},{"@type":"ListItem","position":2,"name":"Produtos","item":"https:\/\/actbr.com.br\/produtos-act\/"},{"@type":"ListItem","position":3,"name":"Avulsos","item":"https:\/\/actbr.com.br\/en\/categoria-produto\/avulsos\/"},{"@type":"ListItem","position":4,"name":"Conector - DIN A","item":"https:\/\/actbr.com.br\/en\/categoria-produto\/avulsos\/conector-din-a\/"},{"@type":"ListItem","position":5,"name":"Conector El\u00e9trico DIN 43650"}]},{"@type":"WebSite","@id":"https:\/\/actbr.com.br\/en\/#website","url":"https:\/\/actbr.com.br\/en\/","name":"ACT Sistemas Hidr\u00e1ulicos","description":"Fabrica\u00e7\u00e3o e manuten\u00e7\u00e3o de componentes \u00f3leo hidr\u00e1ulicos","publisher":{"@id":"https:\/\/actbr.com.br\/en\/#organization"},"potentialAction":[{"@type":"SearchAction","target":{"@type":"EntryPoint","urlTemplate":"https:\/\/actbr.com.br\/en\/?s={search_term_string}"},"query-input":{"@type":"PropertyValueSpecification","valueRequired":true,"valueName":"search_term_string"}}],"inLanguage":"en-US"},{"@type":"Organization","@id":"https:\/\/actbr.com.br\/en\/#organization","name":"ACT Sistemas Hidr\u00e1ulicos","url":"https:\/\/actbr.com.br\/en\/","logo":{"@type":"ImageObject","inLanguage":"en-US","@id":"https:\/\/actbr.com.br\/en\/#\/schema\/logo\/image\/","url":"https:\/\/actbr.com.br\/wp-content\/uploads\/2025\/02\/cropped-ACT_NEGATIVO-marca-dagua.png","contentUrl":"https:\/\/actbr.com.br\/wp-content\/uploads\/2025\/02\/cropped-ACT_NEGATIVO-marca-dagua.png","width":240,"height":146,"caption":"ACT Sistemas Hidr\u00e1ulicos"},"image":{"@id":"https:\/\/actbr.com.br\/en\/#\/schema\/logo\/image\/"}}]}},"_links":{"self":[{"href":"https:\/\/actbr.com.br\/en\/wp-json\/wp\/v2\/product\/3635","targetHints":{"allow":["GET"]}}],"collection":[{"href":"https:\/\/actbr.com.br\/en\/wp-json\/wp\/v2\/product"}],"about":[{"href":"https:\/\/actbr.com.br\/en\/wp-json\/wp\/v2\/types\/product"}],"wp:featuredmedia":[{"embeddable":true,"href":"https:\/\/actbr.com.br\/en\/wp-json\/wp\/v2\/media\/6388"}],"wp:attachment":[{"href":"https:\/\/actbr.com.br\/en\/wp-json\/wp\/v2\/media?parent=3635"}],"wp:term":[{"taxonomy":"product_brand","embeddable":true,"href":"https:\/\/actbr.com.br\/en\/wp-json\/wp\/v2\/product_brand?post=3635"},{"taxonomy":"product_cat","embeddable":true,"href":"https:\/\/actbr.com.br\/en\/wp-json\/wp\/v2\/product_cat?post=3635"},{"taxonomy":"product_tag","embeddable":true,"href":"https:\/\/actbr.com.br\/en\/wp-json\/wp\/v2\/product_tag?post=3635"}],"curies":[{"name":"wp","href":"https:\/\/api.w.org\/{rel}","templated":true}]}}