{"id":3643,"date":"2020-09-29T12:42:14","date_gmt":"2020-09-29T15:42:14","guid":{"rendered":"https:\/\/actbr.com.br\/produto\/bobina-atos-sp-cae-sp-caer\/"},"modified":"2023-10-16T13:22:51","modified_gmt":"2023-10-16T16:22:51","slug":"bobina-solenoide-padrao-atos-sp-cae-sp-caer","status":"publish","type":"product","link":"https:\/\/actbr.com.br\/en\/produto\/bobina-solenoide-padrao-atos-sp-cae-sp-caer\/","title":{"rendered":"Bobina Solenoide Padr\u00e3o ATOS SP-CAE \/ SP-CAER"},"content":{"rendered":"<p><strong>SP-CAE \/ SP-CAER<\/strong><\/p>\n<p>Bobina solenoide para v\u00e1lvula TN10 ATOS, s\u00e9ries SP-CAE \/ SP-CAER. Consulte aqui as op\u00e7\u00f5es dispon\u00edveis em cada modelo e como solicitar.<\/p>\n<p style=\"margin-right: 0px; margin-bottom: 1.3em; margin-left: 0px; padding: 0px; line-height: 20px; color: #4f4f4f; font-family: 'Trebuchet MS', Arial, Helvetica, sans-serif;\"><span style=\"font-family: Arial;\">\u00a0<\/span><\/p>\n<p style=\"margin-right: 0px; margin-bottom: 1.3em; margin-left: 0px; padding: 0px; line-height: 20px; color: #4f4f4f; font-family: 'Trebuchet MS', Arial, Helvetica, sans-serif;\">Modelos dispon\u00edveis SP-CAE:<\/p>\n<p style=\"margin-right: 0px; margin-bottom: 1.3em; margin-left: 0px; padding: 0px; line-height: 20px; color: #4f4f4f; font-family: 'Trebuchet MS', Arial, Helvetica, sans-serif;\"><img decoding=\"async\" style=\"margin: 0px; padding: 0px; border: 0px; width: 600px; height: 319px;\" src=\"https:\/\/actbr.com.br\/wp-content\/uploads\/2020\/09\/bobinas-sp-cae-atos.jpg\" alt=\"\" \/><\/p>\n<p style=\"margin-right: 0px; margin-bottom: 1.3em; margin-left: 0px; padding: 0px; line-height: 20px; color: #4f4f4f; font-family: 'Trebuchet MS', Arial, Helvetica, sans-serif;\">Modelos dispon\u00edveis SP-CAER:<\/p>\n<p style=\"margin-right: 0px; margin-bottom: 1.3em; margin-left: 0px; padding: 0px; line-height: 20px; color: #4f4f4f; font-family: 'Trebuchet MS', Arial, Helvetica, sans-serif;\"><img decoding=\"async\" style=\"margin: 0px; padding: 0px; border: 0px; width: 600px; height: 314px;\" src=\"https:\/\/actbr.com.br\/wp-content\/uploads\/2020\/09\/bobina-sp-caer-atos.jpg\" alt=\"\" \/><\/p>\n<p>Op\u00e7\u00f5es de bobinas e suas respectivas v\u00e1lvulas:<\/p>\n<p><strong>Corrente cont\u00ednua para v\u00e1lvulas DKE:<\/strong> SP-CAE-12DC; SP-CAE-14DC; SP-CAE-24DC; SP-CAE-28DC; SP-CAE-110DC; SP-CAE-125DC; SP-CAE-220DC.<\/p>\n<p><strong>Corrente alternada para v\u00e1lvulas DKE:<\/strong> SP-CAE-110\/50\/60AC e SP-CAE-230\/50\/60AC; SP-CAE-115\/60AC ; SP-CAE-230\/60AC.<\/p>\n<p><strong>Corrente cont\u00ednua para v\u00e1lvulas DKER:<\/strong> SP-CAER-12DC; SP-CAER-14DC; SP-CAER-24DC; SP-CAER-28DC; SP-CAER-110DC; SP-CAER-125DC; SP-CAER-220DC.<\/p>\n<p><strong>Corrente alternada para v\u00e1lvulas DKER:<\/strong> SP-CAER-110\/50\/60AC; SP-CAER-230\/50\/60AC; SP-CAER-115\/60AC; SP-CAER-230\/60AC.<\/p>\n","protected":false},"excerpt":{"rendered":"<p>Bobina solenoide para v\u00e1lvula TN10 ATOS, s\u00e9ries SP-CAE \/ SP-CAER. Consulte aqui as op\u00e7\u00f5es dispon\u00edveis em cada modelo e como solicitar.<\/p>\n","protected":false},"featured_media":8396,"template":"","meta":[],"product_brand":[],"product_cat":[37,96],"product_tag":[],"class_list":{"0":"post-3643","1":"product","2":"type-product","3":"status-publish","4":"has-post-thumbnail","6":"product_cat-avulsos","7":"product_cat-bobina-padrao-atos","9":"first","10":"instock","11":"virtual","12":"product-type-simple"},"yoast_head":"<!-- This site is optimized with the Yoast SEO plugin v27.2 - https:\/\/yoast.com\/product\/yoast-seo-wordpress\/ -->\n<title>Bobina Solenoide Padr\u00e3o ATOS SP-CAE \/ SP-CAER - ACT Sistemas Hidr\u00e1ulicos<\/title>\n<meta name=\"description\" content=\"Bobina solenoide para v\u00e1lvula TN10 ATOS, s\u00e9ries SP-CAE \/ SP-CAER. Consulte aqui as op\u00e7\u00f5es dispon\u00edveis em cada modelo e como solicitar.\" \/>\n<meta name=\"robots\" content=\"index, follow, max-snippet:-1, max-image-preview:large, max-video-preview:-1\" \/>\n<link rel=\"canonical\" href=\"https:\/\/actbr.com.br\/en\/produto\/bobina-solenoide-padrao-atos-sp-cae-sp-caer\/\" \/>\n<meta property=\"og:locale\" content=\"en_US\" \/>\n<meta property=\"og:type\" content=\"article\" \/>\n<meta property=\"og:title\" content=\"Bobina Solenoide Padr\u00e3o ATOS SP-CAE \/ SP-CAER - ACT Sistemas Hidr\u00e1ulicos\" \/>\n<meta property=\"og:description\" content=\"Bobina solenoide para v\u00e1lvula TN10 ATOS, s\u00e9ries SP-CAE \/ SP-CAER. Consulte aqui as op\u00e7\u00f5es dispon\u00edveis em cada modelo e como solicitar.\" \/>\n<meta property=\"og:url\" content=\"https:\/\/actbr.com.br\/en\/produto\/bobina-solenoide-padrao-atos-sp-cae-sp-caer\/\" \/>\n<meta property=\"og:site_name\" content=\"ACT Sistemas Hidr\u00e1ulicos\" \/>\n<meta property=\"article:modified_time\" content=\"2023-10-16T16:22:51+00:00\" \/>\n<meta property=\"og:image\" content=\"https:\/\/actbr.com.br\/wp-content\/uploads\/2020\/09\/SP-CAE.jpg\" \/>\n\t<meta property=\"og:image:width\" content=\"583\" \/>\n\t<meta property=\"og:image:height\" content=\"407\" \/>\n\t<meta property=\"og:image:type\" content=\"image\/jpeg\" \/>\n<meta name=\"twitter:card\" content=\"summary_large_image\" \/>\n<meta name=\"twitter:label1\" content=\"Est. reading time\" \/>\n\t<meta name=\"twitter:data1\" content=\"1 minute\" \/>\n<script type=\"application\/ld+json\" class=\"yoast-schema-graph\">{\"@context\":\"https:\/\/schema.org\",\"@graph\":[{\"@type\":\"WebPage\",\"@id\":\"https:\/\/actbr.com.br\/en\/produto\/bobina-solenoide-padrao-atos-sp-cae-sp-caer\/\",\"url\":\"https:\/\/actbr.com.br\/en\/produto\/bobina-solenoide-padrao-atos-sp-cae-sp-caer\/\",\"name\":\"Bobina Solenoide Padr\u00e3o ATOS SP-CAE \/ SP-CAER - ACT Sistemas Hidr\u00e1ulicos\",\"isPartOf\":{\"@id\":\"https:\/\/actbr.com.br\/en\/#website\"},\"primaryImageOfPage\":{\"@id\":\"https:\/\/actbr.com.br\/en\/produto\/bobina-solenoide-padrao-atos-sp-cae-sp-caer\/#primaryimage\"},\"image\":{\"@id\":\"https:\/\/actbr.com.br\/en\/produto\/bobina-solenoide-padrao-atos-sp-cae-sp-caer\/#primaryimage\"},\"thumbnailUrl\":\"https:\/\/actbr.com.br\/wp-content\/uploads\/2020\/09\/SP-CAE.jpg\",\"datePublished\":\"2020-09-29T15:42:14+00:00\",\"dateModified\":\"2023-10-16T16:22:51+00:00\",\"description\":\"Bobina solenoide para v\u00e1lvula TN10 ATOS, s\u00e9ries SP-CAE \/ SP-CAER. Consulte aqui as op\u00e7\u00f5es dispon\u00edveis em cada modelo e como solicitar.\",\"breadcrumb\":{\"@id\":\"https:\/\/actbr.com.br\/en\/produto\/bobina-solenoide-padrao-atos-sp-cae-sp-caer\/#breadcrumb\"},\"inLanguage\":\"en-US\",\"potentialAction\":[{\"@type\":\"ReadAction\",\"target\":[\"https:\/\/actbr.com.br\/en\/produto\/bobina-solenoide-padrao-atos-sp-cae-sp-caer\/\"]}]},{\"@type\":\"ImageObject\",\"inLanguage\":\"en-US\",\"@id\":\"https:\/\/actbr.com.br\/en\/produto\/bobina-solenoide-padrao-atos-sp-cae-sp-caer\/#primaryimage\",\"url\":\"https:\/\/actbr.com.br\/wp-content\/uploads\/2020\/09\/SP-CAE.jpg\",\"contentUrl\":\"https:\/\/actbr.com.br\/wp-content\/uploads\/2020\/09\/SP-CAE.jpg\",\"width\":583,\"height\":407,\"caption\":\"SP-CAE \/ SP-CAER\"},{\"@type\":\"BreadcrumbList\",\"@id\":\"https:\/\/actbr.com.br\/en\/produto\/bobina-solenoide-padrao-atos-sp-cae-sp-caer\/#breadcrumb\",\"itemListElement\":[{\"@type\":\"ListItem\",\"position\":1,\"name\":\"In\u00edcio\",\"item\":\"https:\/\/actbr.com.br\/en\/\"},{\"@type\":\"ListItem\",\"position\":2,\"name\":\"Produtos\",\"item\":\"https:\/\/actbr.com.br\/produtos-act\/\"},{\"@type\":\"ListItem\",\"position\":3,\"name\":\"Avulsos\",\"item\":\"https:\/\/actbr.com.br\/en\/categoria-produto\/avulsos\/\"},{\"@type\":\"ListItem\",\"position\":4,\"name\":\"Bobina - Padr\u00e3o Atos\",\"item\":\"https:\/\/actbr.com.br\/en\/categoria-produto\/avulsos\/bobina-padrao-atos\/\"},{\"@type\":\"ListItem\",\"position\":5,\"name\":\"Bobina Solenoide Padr\u00e3o ATOS SP-CAE \/ SP-CAER\"}]},{\"@type\":\"WebSite\",\"@id\":\"https:\/\/actbr.com.br\/en\/#website\",\"url\":\"https:\/\/actbr.com.br\/en\/\",\"name\":\"ACT Sistemas Hidr\u00e1ulicos\",\"description\":\"Fabrica\u00e7\u00e3o e manuten\u00e7\u00e3o de componentes \u00f3leo hidr\u00e1ulicos\",\"publisher\":{\"@id\":\"https:\/\/actbr.com.br\/en\/#organization\"},\"potentialAction\":[{\"@type\":\"SearchAction\",\"target\":{\"@type\":\"EntryPoint\",\"urlTemplate\":\"https:\/\/actbr.com.br\/en\/?s={search_term_string}\"},\"query-input\":{\"@type\":\"PropertyValueSpecification\",\"valueRequired\":true,\"valueName\":\"search_term_string\"}}],\"inLanguage\":\"en-US\"},{\"@type\":\"Organization\",\"@id\":\"https:\/\/actbr.com.br\/en\/#organization\",\"name\":\"ACT Sistemas Hidr\u00e1ulicos\",\"url\":\"https:\/\/actbr.com.br\/en\/\",\"logo\":{\"@type\":\"ImageObject\",\"inLanguage\":\"en-US\",\"@id\":\"https:\/\/actbr.com.br\/en\/#\/schema\/logo\/image\/\",\"url\":\"https:\/\/actbr.com.br\/wp-content\/uploads\/2025\/02\/cropped-ACT_NEGATIVO-marca-dagua.png\",\"contentUrl\":\"https:\/\/actbr.com.br\/wp-content\/uploads\/2025\/02\/cropped-ACT_NEGATIVO-marca-dagua.png\",\"width\":240,\"height\":146,\"caption\":\"ACT Sistemas Hidr\u00e1ulicos\"},\"image\":{\"@id\":\"https:\/\/actbr.com.br\/en\/#\/schema\/logo\/image\/\"}}]}<\/script>\n<!-- \/ Yoast SEO plugin. -->","yoast_head_json":{"title":"Bobina Solenoide Padr\u00e3o ATOS SP-CAE \/ SP-CAER - ACT Sistemas Hidr\u00e1ulicos","description":"Bobina solenoide para v\u00e1lvula TN10 ATOS, s\u00e9ries SP-CAE \/ SP-CAER. Consulte aqui as op\u00e7\u00f5es dispon\u00edveis em cada modelo e como solicitar.","robots":{"index":"index","follow":"follow","max-snippet":"max-snippet:-1","max-image-preview":"max-image-preview:large","max-video-preview":"max-video-preview:-1"},"canonical":"https:\/\/actbr.com.br\/en\/produto\/bobina-solenoide-padrao-atos-sp-cae-sp-caer\/","og_locale":"en_US","og_type":"article","og_title":"Bobina Solenoide Padr\u00e3o ATOS SP-CAE \/ SP-CAER - ACT Sistemas Hidr\u00e1ulicos","og_description":"Bobina solenoide para v\u00e1lvula TN10 ATOS, s\u00e9ries SP-CAE \/ SP-CAER. Consulte aqui as op\u00e7\u00f5es dispon\u00edveis em cada modelo e como solicitar.","og_url":"https:\/\/actbr.com.br\/en\/produto\/bobina-solenoide-padrao-atos-sp-cae-sp-caer\/","og_site_name":"ACT Sistemas Hidr\u00e1ulicos","article_modified_time":"2023-10-16T16:22:51+00:00","og_image":[{"width":583,"height":407,"url":"https:\/\/actbr.com.br\/wp-content\/uploads\/2020\/09\/SP-CAE.jpg","type":"image\/jpeg"}],"twitter_card":"summary_large_image","twitter_misc":{"Est. reading time":"1 minute"},"schema":{"@context":"https:\/\/schema.org","@graph":[{"@type":"WebPage","@id":"https:\/\/actbr.com.br\/en\/produto\/bobina-solenoide-padrao-atos-sp-cae-sp-caer\/","url":"https:\/\/actbr.com.br\/en\/produto\/bobina-solenoide-padrao-atos-sp-cae-sp-caer\/","name":"Bobina Solenoide Padr\u00e3o ATOS SP-CAE \/ SP-CAER - ACT Sistemas Hidr\u00e1ulicos","isPartOf":{"@id":"https:\/\/actbr.com.br\/en\/#website"},"primaryImageOfPage":{"@id":"https:\/\/actbr.com.br\/en\/produto\/bobina-solenoide-padrao-atos-sp-cae-sp-caer\/#primaryimage"},"image":{"@id":"https:\/\/actbr.com.br\/en\/produto\/bobina-solenoide-padrao-atos-sp-cae-sp-caer\/#primaryimage"},"thumbnailUrl":"https:\/\/actbr.com.br\/wp-content\/uploads\/2020\/09\/SP-CAE.jpg","datePublished":"2020-09-29T15:42:14+00:00","dateModified":"2023-10-16T16:22:51+00:00","description":"Bobina solenoide para v\u00e1lvula TN10 ATOS, s\u00e9ries SP-CAE \/ SP-CAER. Consulte aqui as op\u00e7\u00f5es dispon\u00edveis em cada modelo e como solicitar.","breadcrumb":{"@id":"https:\/\/actbr.com.br\/en\/produto\/bobina-solenoide-padrao-atos-sp-cae-sp-caer\/#breadcrumb"},"inLanguage":"en-US","potentialAction":[{"@type":"ReadAction","target":["https:\/\/actbr.com.br\/en\/produto\/bobina-solenoide-padrao-atos-sp-cae-sp-caer\/"]}]},{"@type":"ImageObject","inLanguage":"en-US","@id":"https:\/\/actbr.com.br\/en\/produto\/bobina-solenoide-padrao-atos-sp-cae-sp-caer\/#primaryimage","url":"https:\/\/actbr.com.br\/wp-content\/uploads\/2020\/09\/SP-CAE.jpg","contentUrl":"https:\/\/actbr.com.br\/wp-content\/uploads\/2020\/09\/SP-CAE.jpg","width":583,"height":407,"caption":"SP-CAE \/ SP-CAER"},{"@type":"BreadcrumbList","@id":"https:\/\/actbr.com.br\/en\/produto\/bobina-solenoide-padrao-atos-sp-cae-sp-caer\/#breadcrumb","itemListElement":[{"@type":"ListItem","position":1,"name":"In\u00edcio","item":"https:\/\/actbr.com.br\/en\/"},{"@type":"ListItem","position":2,"name":"Produtos","item":"https:\/\/actbr.com.br\/produtos-act\/"},{"@type":"ListItem","position":3,"name":"Avulsos","item":"https:\/\/actbr.com.br\/en\/categoria-produto\/avulsos\/"},{"@type":"ListItem","position":4,"name":"Bobina - Padr\u00e3o Atos","item":"https:\/\/actbr.com.br\/en\/categoria-produto\/avulsos\/bobina-padrao-atos\/"},{"@type":"ListItem","position":5,"name":"Bobina Solenoide Padr\u00e3o ATOS SP-CAE \/ SP-CAER"}]},{"@type":"WebSite","@id":"https:\/\/actbr.com.br\/en\/#website","url":"https:\/\/actbr.com.br\/en\/","name":"ACT Sistemas Hidr\u00e1ulicos","description":"Fabrica\u00e7\u00e3o e manuten\u00e7\u00e3o de componentes \u00f3leo hidr\u00e1ulicos","publisher":{"@id":"https:\/\/actbr.com.br\/en\/#organization"},"potentialAction":[{"@type":"SearchAction","target":{"@type":"EntryPoint","urlTemplate":"https:\/\/actbr.com.br\/en\/?s={search_term_string}"},"query-input":{"@type":"PropertyValueSpecification","valueRequired":true,"valueName":"search_term_string"}}],"inLanguage":"en-US"},{"@type":"Organization","@id":"https:\/\/actbr.com.br\/en\/#organization","name":"ACT Sistemas Hidr\u00e1ulicos","url":"https:\/\/actbr.com.br\/en\/","logo":{"@type":"ImageObject","inLanguage":"en-US","@id":"https:\/\/actbr.com.br\/en\/#\/schema\/logo\/image\/","url":"https:\/\/actbr.com.br\/wp-content\/uploads\/2025\/02\/cropped-ACT_NEGATIVO-marca-dagua.png","contentUrl":"https:\/\/actbr.com.br\/wp-content\/uploads\/2025\/02\/cropped-ACT_NEGATIVO-marca-dagua.png","width":240,"height":146,"caption":"ACT Sistemas Hidr\u00e1ulicos"},"image":{"@id":"https:\/\/actbr.com.br\/en\/#\/schema\/logo\/image\/"}}]}},"_links":{"self":[{"href":"https:\/\/actbr.com.br\/en\/wp-json\/wp\/v2\/product\/3643","targetHints":{"allow":["GET"]}}],"collection":[{"href":"https:\/\/actbr.com.br\/en\/wp-json\/wp\/v2\/product"}],"about":[{"href":"https:\/\/actbr.com.br\/en\/wp-json\/wp\/v2\/types\/product"}],"wp:featuredmedia":[{"embeddable":true,"href":"https:\/\/actbr.com.br\/en\/wp-json\/wp\/v2\/media\/8396"}],"wp:attachment":[{"href":"https:\/\/actbr.com.br\/en\/wp-json\/wp\/v2\/media?parent=3643"}],"wp:term":[{"taxonomy":"product_brand","embeddable":true,"href":"https:\/\/actbr.com.br\/en\/wp-json\/wp\/v2\/product_brand?post=3643"},{"taxonomy":"product_cat","embeddable":true,"href":"https:\/\/actbr.com.br\/en\/wp-json\/wp\/v2\/product_cat?post=3643"},{"taxonomy":"product_tag","embeddable":true,"href":"https:\/\/actbr.com.br\/en\/wp-json\/wp\/v2\/product_tag?post=3643"}],"curies":[{"name":"wp","href":"https:\/\/api.w.org\/{rel}","templated":true}]}}