{"id":3648,"date":"2020-09-29T12:42:14","date_gmt":"2020-09-29T15:42:14","guid":{"rendered":"https:\/\/actbr.com.br\/produto\/bobina-atos-sp-cou-sp-coi-sp-coe\/"},"modified":"2023-10-16T13:22:58","modified_gmt":"2023-10-16T16:22:58","slug":"bobina-solenoide-padrao-atos-sp-coi","status":"publish","type":"product","link":"https:\/\/actbr.com.br\/en\/produto\/bobina-solenoide-padrao-atos-sp-coi\/","title":{"rendered":"Bobina Solenoide Padr\u00e3o ATOS SP-COI"},"content":{"rendered":"<p><strong>Bobina ATOS SP-COI \u2013 Como Solicitar<\/strong><\/p>\n<p>Instru\u00e7\u00f5es para Pedidos: encontre aqui as configura\u00e7\u00f5es dispon\u00edveis para solicitar a bobina ATOS \u2013 SP-COI para v\u00e1lvulas DHI.<\/p>\n<p>Bobinas dispon\u00edveis para v\u00e1lvula DHI:<\/p>\n<p><img decoding=\"async\" src=\"https:\/\/actbr.com.br\/wp-content\/uploads\/2020\/09\/sp-coi-atos.jpg\" alt=\"\" \/><\/p>\n<p>V\u00e1lvulas e suas respectivas bobinas:<\/p>\n<p><strong>Corrente alternada para v\u00e1lvulas DHI:<\/strong><br \/>\nSP-COI-110\/50\/60AC;<br \/>\nSP-COI-120\/60AC;<br \/>\nSP-COI-230\/50\/60AC;<br \/>\nSP-COI-230\/60AC.<\/p>\n<p>A ACT disponibiliza em seu estoque todas as bobinas para v\u00e1lvulas ATOS (vers\u00f5es DHU, DHI, DHE e DHER).<\/p>\n","protected":false},"excerpt":{"rendered":"<div>Encontre aqui as configura\u00e7\u00f5es dispon\u00edveis para solicitar a bobina ATOS \u2013 SP-COI para v\u00e1lvulas DHU e DHI.<\/div>\n<div class=\"product_meta\"><\/div>\n","protected":false},"featured_media":7329,"template":"","meta":[],"product_brand":[],"product_cat":[37,96],"product_tag":[],"class_list":{"0":"post-3648","1":"product","2":"type-product","3":"status-publish","4":"has-post-thumbnail","6":"product_cat-avulsos","7":"product_cat-bobina-padrao-atos","9":"first","10":"instock","11":"virtual","12":"product-type-simple"},"yoast_head":"<!-- This site is optimized with the Yoast SEO plugin v27.2 - https:\/\/yoast.com\/product\/yoast-seo-wordpress\/ -->\n<title>Bobina Solenoide Padr\u00e3o ATOS SP-COI - ACT Sistemas Hidr\u00e1ulicos<\/title>\n<meta name=\"description\" content=\"Encontre aqui as configura\u00e7\u00f5es dispon\u00edveis para solicitar a bobina ATOS \u2013 SP-COI para v\u00e1lvulas DHU e DHI.\" \/>\n<meta name=\"robots\" content=\"index, follow, max-snippet:-1, max-image-preview:large, max-video-preview:-1\" \/>\n<link rel=\"canonical\" href=\"https:\/\/actbr.com.br\/en\/produto\/bobina-solenoide-padrao-atos-sp-coi\/\" \/>\n<meta property=\"og:locale\" content=\"en_US\" \/>\n<meta property=\"og:type\" content=\"article\" \/>\n<meta property=\"og:title\" content=\"Bobina Solenoide Padr\u00e3o ATOS SP-COI - ACT Sistemas Hidr\u00e1ulicos\" \/>\n<meta property=\"og:description\" content=\"Encontre aqui as configura\u00e7\u00f5es dispon\u00edveis para solicitar a bobina ATOS \u2013 SP-COI para v\u00e1lvulas DHU e DHI.\" \/>\n<meta property=\"og:url\" content=\"https:\/\/actbr.com.br\/en\/produto\/bobina-solenoide-padrao-atos-sp-coi\/\" \/>\n<meta property=\"og:site_name\" content=\"ACT Sistemas Hidr\u00e1ulicos\" \/>\n<meta property=\"article:modified_time\" content=\"2023-10-16T16:22:58+00:00\" \/>\n<meta property=\"og:image\" content=\"https:\/\/actbr.com.br\/wp-content\/uploads\/2023\/06\/SP-COI.jpg\" \/>\n\t<meta property=\"og:image:width\" content=\"400\" \/>\n\t<meta property=\"og:image:height\" content=\"295\" \/>\n\t<meta property=\"og:image:type\" content=\"image\/jpeg\" \/>\n<meta name=\"twitter:card\" content=\"summary_large_image\" \/>\n<meta name=\"twitter:label1\" content=\"Est. reading time\" \/>\n\t<meta name=\"twitter:data1\" content=\"1 minute\" \/>\n<script type=\"application\/ld+json\" class=\"yoast-schema-graph\">{\"@context\":\"https:\/\/schema.org\",\"@graph\":[{\"@type\":\"WebPage\",\"@id\":\"https:\/\/actbr.com.br\/en\/produto\/bobina-solenoide-padrao-atos-sp-coi\/\",\"url\":\"https:\/\/actbr.com.br\/en\/produto\/bobina-solenoide-padrao-atos-sp-coi\/\",\"name\":\"Bobina Solenoide Padr\u00e3o ATOS SP-COI - ACT Sistemas Hidr\u00e1ulicos\",\"isPartOf\":{\"@id\":\"https:\/\/actbr.com.br\/en\/#website\"},\"primaryImageOfPage\":{\"@id\":\"https:\/\/actbr.com.br\/en\/produto\/bobina-solenoide-padrao-atos-sp-coi\/#primaryimage\"},\"image\":{\"@id\":\"https:\/\/actbr.com.br\/en\/produto\/bobina-solenoide-padrao-atos-sp-coi\/#primaryimage\"},\"thumbnailUrl\":\"https:\/\/actbr.com.br\/wp-content\/uploads\/2023\/06\/SP-COI.jpg\",\"datePublished\":\"2020-09-29T15:42:14+00:00\",\"dateModified\":\"2023-10-16T16:22:58+00:00\",\"description\":\"Encontre aqui as configura\u00e7\u00f5es dispon\u00edveis para solicitar a bobina ATOS \u2013 SP-COI para v\u00e1lvulas DHU e DHI.\",\"breadcrumb\":{\"@id\":\"https:\/\/actbr.com.br\/en\/produto\/bobina-solenoide-padrao-atos-sp-coi\/#breadcrumb\"},\"inLanguage\":\"en-US\",\"potentialAction\":[{\"@type\":\"ReadAction\",\"target\":[\"https:\/\/actbr.com.br\/en\/produto\/bobina-solenoide-padrao-atos-sp-coi\/\"]}]},{\"@type\":\"ImageObject\",\"inLanguage\":\"en-US\",\"@id\":\"https:\/\/actbr.com.br\/en\/produto\/bobina-solenoide-padrao-atos-sp-coi\/#primaryimage\",\"url\":\"https:\/\/actbr.com.br\/wp-content\/uploads\/2023\/06\/SP-COI.jpg\",\"contentUrl\":\"https:\/\/actbr.com.br\/wp-content\/uploads\/2023\/06\/SP-COI.jpg\",\"width\":400,\"height\":295,\"caption\":\"SP-COI\"},{\"@type\":\"BreadcrumbList\",\"@id\":\"https:\/\/actbr.com.br\/en\/produto\/bobina-solenoide-padrao-atos-sp-coi\/#breadcrumb\",\"itemListElement\":[{\"@type\":\"ListItem\",\"position\":1,\"name\":\"In\u00edcio\",\"item\":\"https:\/\/actbr.com.br\/en\/\"},{\"@type\":\"ListItem\",\"position\":2,\"name\":\"Produtos\",\"item\":\"https:\/\/actbr.com.br\/produtos-act\/\"},{\"@type\":\"ListItem\",\"position\":3,\"name\":\"Avulsos\",\"item\":\"https:\/\/actbr.com.br\/en\/categoria-produto\/avulsos\/\"},{\"@type\":\"ListItem\",\"position\":4,\"name\":\"Bobina - Padr\u00e3o Atos\",\"item\":\"https:\/\/actbr.com.br\/en\/categoria-produto\/avulsos\/bobina-padrao-atos\/\"},{\"@type\":\"ListItem\",\"position\":5,\"name\":\"Bobina Solenoide Padr\u00e3o ATOS SP-COI\"}]},{\"@type\":\"WebSite\",\"@id\":\"https:\/\/actbr.com.br\/en\/#website\",\"url\":\"https:\/\/actbr.com.br\/en\/\",\"name\":\"ACT Sistemas Hidr\u00e1ulicos\",\"description\":\"Fabrica\u00e7\u00e3o e manuten\u00e7\u00e3o de componentes \u00f3leo hidr\u00e1ulicos\",\"publisher\":{\"@id\":\"https:\/\/actbr.com.br\/en\/#organization\"},\"potentialAction\":[{\"@type\":\"SearchAction\",\"target\":{\"@type\":\"EntryPoint\",\"urlTemplate\":\"https:\/\/actbr.com.br\/en\/?s={search_term_string}\"},\"query-input\":{\"@type\":\"PropertyValueSpecification\",\"valueRequired\":true,\"valueName\":\"search_term_string\"}}],\"inLanguage\":\"en-US\"},{\"@type\":\"Organization\",\"@id\":\"https:\/\/actbr.com.br\/en\/#organization\",\"name\":\"ACT Sistemas Hidr\u00e1ulicos\",\"url\":\"https:\/\/actbr.com.br\/en\/\",\"logo\":{\"@type\":\"ImageObject\",\"inLanguage\":\"en-US\",\"@id\":\"https:\/\/actbr.com.br\/en\/#\/schema\/logo\/image\/\",\"url\":\"https:\/\/actbr.com.br\/wp-content\/uploads\/2025\/02\/cropped-ACT_NEGATIVO-marca-dagua.png\",\"contentUrl\":\"https:\/\/actbr.com.br\/wp-content\/uploads\/2025\/02\/cropped-ACT_NEGATIVO-marca-dagua.png\",\"width\":240,\"height\":146,\"caption\":\"ACT Sistemas Hidr\u00e1ulicos\"},\"image\":{\"@id\":\"https:\/\/actbr.com.br\/en\/#\/schema\/logo\/image\/\"}}]}<\/script>\n<!-- \/ Yoast SEO plugin. -->","yoast_head_json":{"title":"Bobina Solenoide Padr\u00e3o ATOS SP-COI - ACT Sistemas Hidr\u00e1ulicos","description":"Encontre aqui as configura\u00e7\u00f5es dispon\u00edveis para solicitar a bobina ATOS \u2013 SP-COI para v\u00e1lvulas DHU e DHI.","robots":{"index":"index","follow":"follow","max-snippet":"max-snippet:-1","max-image-preview":"max-image-preview:large","max-video-preview":"max-video-preview:-1"},"canonical":"https:\/\/actbr.com.br\/en\/produto\/bobina-solenoide-padrao-atos-sp-coi\/","og_locale":"en_US","og_type":"article","og_title":"Bobina Solenoide Padr\u00e3o ATOS SP-COI - ACT Sistemas Hidr\u00e1ulicos","og_description":"Encontre aqui as configura\u00e7\u00f5es dispon\u00edveis para solicitar a bobina ATOS \u2013 SP-COI para v\u00e1lvulas DHU e DHI.","og_url":"https:\/\/actbr.com.br\/en\/produto\/bobina-solenoide-padrao-atos-sp-coi\/","og_site_name":"ACT Sistemas Hidr\u00e1ulicos","article_modified_time":"2023-10-16T16:22:58+00:00","og_image":[{"width":400,"height":295,"url":"https:\/\/actbr.com.br\/wp-content\/uploads\/2023\/06\/SP-COI.jpg","type":"image\/jpeg"}],"twitter_card":"summary_large_image","twitter_misc":{"Est. reading time":"1 minute"},"schema":{"@context":"https:\/\/schema.org","@graph":[{"@type":"WebPage","@id":"https:\/\/actbr.com.br\/en\/produto\/bobina-solenoide-padrao-atos-sp-coi\/","url":"https:\/\/actbr.com.br\/en\/produto\/bobina-solenoide-padrao-atos-sp-coi\/","name":"Bobina Solenoide Padr\u00e3o ATOS SP-COI - ACT Sistemas Hidr\u00e1ulicos","isPartOf":{"@id":"https:\/\/actbr.com.br\/en\/#website"},"primaryImageOfPage":{"@id":"https:\/\/actbr.com.br\/en\/produto\/bobina-solenoide-padrao-atos-sp-coi\/#primaryimage"},"image":{"@id":"https:\/\/actbr.com.br\/en\/produto\/bobina-solenoide-padrao-atos-sp-coi\/#primaryimage"},"thumbnailUrl":"https:\/\/actbr.com.br\/wp-content\/uploads\/2023\/06\/SP-COI.jpg","datePublished":"2020-09-29T15:42:14+00:00","dateModified":"2023-10-16T16:22:58+00:00","description":"Encontre aqui as configura\u00e7\u00f5es dispon\u00edveis para solicitar a bobina ATOS \u2013 SP-COI para v\u00e1lvulas DHU e DHI.","breadcrumb":{"@id":"https:\/\/actbr.com.br\/en\/produto\/bobina-solenoide-padrao-atos-sp-coi\/#breadcrumb"},"inLanguage":"en-US","potentialAction":[{"@type":"ReadAction","target":["https:\/\/actbr.com.br\/en\/produto\/bobina-solenoide-padrao-atos-sp-coi\/"]}]},{"@type":"ImageObject","inLanguage":"en-US","@id":"https:\/\/actbr.com.br\/en\/produto\/bobina-solenoide-padrao-atos-sp-coi\/#primaryimage","url":"https:\/\/actbr.com.br\/wp-content\/uploads\/2023\/06\/SP-COI.jpg","contentUrl":"https:\/\/actbr.com.br\/wp-content\/uploads\/2023\/06\/SP-COI.jpg","width":400,"height":295,"caption":"SP-COI"},{"@type":"BreadcrumbList","@id":"https:\/\/actbr.com.br\/en\/produto\/bobina-solenoide-padrao-atos-sp-coi\/#breadcrumb","itemListElement":[{"@type":"ListItem","position":1,"name":"In\u00edcio","item":"https:\/\/actbr.com.br\/en\/"},{"@type":"ListItem","position":2,"name":"Produtos","item":"https:\/\/actbr.com.br\/produtos-act\/"},{"@type":"ListItem","position":3,"name":"Avulsos","item":"https:\/\/actbr.com.br\/en\/categoria-produto\/avulsos\/"},{"@type":"ListItem","position":4,"name":"Bobina - Padr\u00e3o Atos","item":"https:\/\/actbr.com.br\/en\/categoria-produto\/avulsos\/bobina-padrao-atos\/"},{"@type":"ListItem","position":5,"name":"Bobina Solenoide Padr\u00e3o ATOS SP-COI"}]},{"@type":"WebSite","@id":"https:\/\/actbr.com.br\/en\/#website","url":"https:\/\/actbr.com.br\/en\/","name":"ACT Sistemas Hidr\u00e1ulicos","description":"Fabrica\u00e7\u00e3o e manuten\u00e7\u00e3o de componentes \u00f3leo hidr\u00e1ulicos","publisher":{"@id":"https:\/\/actbr.com.br\/en\/#organization"},"potentialAction":[{"@type":"SearchAction","target":{"@type":"EntryPoint","urlTemplate":"https:\/\/actbr.com.br\/en\/?s={search_term_string}"},"query-input":{"@type":"PropertyValueSpecification","valueRequired":true,"valueName":"search_term_string"}}],"inLanguage":"en-US"},{"@type":"Organization","@id":"https:\/\/actbr.com.br\/en\/#organization","name":"ACT Sistemas Hidr\u00e1ulicos","url":"https:\/\/actbr.com.br\/en\/","logo":{"@type":"ImageObject","inLanguage":"en-US","@id":"https:\/\/actbr.com.br\/en\/#\/schema\/logo\/image\/","url":"https:\/\/actbr.com.br\/wp-content\/uploads\/2025\/02\/cropped-ACT_NEGATIVO-marca-dagua.png","contentUrl":"https:\/\/actbr.com.br\/wp-content\/uploads\/2025\/02\/cropped-ACT_NEGATIVO-marca-dagua.png","width":240,"height":146,"caption":"ACT Sistemas Hidr\u00e1ulicos"},"image":{"@id":"https:\/\/actbr.com.br\/en\/#\/schema\/logo\/image\/"}}]}},"_links":{"self":[{"href":"https:\/\/actbr.com.br\/en\/wp-json\/wp\/v2\/product\/3648","targetHints":{"allow":["GET"]}}],"collection":[{"href":"https:\/\/actbr.com.br\/en\/wp-json\/wp\/v2\/product"}],"about":[{"href":"https:\/\/actbr.com.br\/en\/wp-json\/wp\/v2\/types\/product"}],"wp:featuredmedia":[{"embeddable":true,"href":"https:\/\/actbr.com.br\/en\/wp-json\/wp\/v2\/media\/7329"}],"wp:attachment":[{"href":"https:\/\/actbr.com.br\/en\/wp-json\/wp\/v2\/media?parent=3648"}],"wp:term":[{"taxonomy":"product_brand","embeddable":true,"href":"https:\/\/actbr.com.br\/en\/wp-json\/wp\/v2\/product_brand?post=3648"},{"taxonomy":"product_cat","embeddable":true,"href":"https:\/\/actbr.com.br\/en\/wp-json\/wp\/v2\/product_cat?post=3648"},{"taxonomy":"product_tag","embeddable":true,"href":"https:\/\/actbr.com.br\/en\/wp-json\/wp\/v2\/product_tag?post=3648"}],"curies":[{"name":"wp","href":"https:\/\/api.w.org\/{rel}","templated":true}]}}