{"id":3700,"date":"2020-09-29T12:43:14","date_gmt":"2020-09-29T15:43:14","guid":{"rendered":"https:\/\/actbr.com.br\/produto\/elemento-filtrante-pi-4145-ps25-smx25-mahle\/"},"modified":"2023-10-16T13:32:39","modified_gmt":"2023-10-16T16:32:39","slug":"elementos-filtrantes-filtration-group-pi-4145-ps25-smx25","status":"publish","type":"product","link":"https:\/\/actbr.com.br\/en\/produto\/elementos-filtrantes-filtration-group-pi-4145-ps25-smx25\/","title":{"rendered":"Elementos Filtrantes Filtration Group PI 4145 PS25 (SMX25)"},"content":{"rendered":"<p><strong>Elemento Filtrante PI 4145 PS25 (SMX25) Mahle<\/strong><\/p>\n<p>Filtro de profundidade composto de v\u00e1rias camadas de fibra de vidro alinhadas com precis\u00e3o umas \u00e0s outras (estrutura progressiva), para a filtra\u00e7\u00e3o de fluidos hidr\u00e1ulicos e lubrificantes, fluidos de baixa inflamabilidade, combust\u00edveis e fluidos sint\u00e9ticos. Possui reten\u00e7\u00e3o de sujidade muito alta e ao mesmo tempo uma resist\u00eancia de fluxo muito baixa.<\/p>\n<p>Elementos filtrantes impedem a contamina\u00e7\u00e3o do sistema hidr\u00e1ulico ao filtrar as impurezas geradas pelo sistema.<\/p>\n<p>&nbsp;<\/p>\n<p><strong>Caracter\u00edsticas:<\/strong><br \/>\nGrau de filtra\u00e7\u00e3o: 25 \u00b5m;<br \/>\nPress\u00e3o de trabalho de at\u00e9 20 bar;<br \/>\nSuperf\u00edcie de filtragem de 6875 cm3 ;<br \/>\nRecomendado para vaz\u00f5es de at\u00e9 450 litros por minuto;<br \/>\nDimens\u00f5es f\u00edsicas:<\/p>\n<p><img decoding=\"async\" src=\"https:\/\/actbr.com.br\/wp-content\/uploads\/2020\/09\/pi-3145ps10-pi3145smx10-dimensoes.jpg\" alt=\"\" \/><br \/>\nOs filtros e elementos filtrantes MAHLE s\u00e3o fabricados e\/ou testados em conformidade com as seguintes normas internacionais:<\/p>\n<p>DIN ISO 2941 &#8211; Elementos filtrantes para sistemas hidr\u00e1ulicos e tecnologia de fluidos, teste de colapso e ensaio de resist\u00eancia \u00e0 press\u00e3o interna;<br \/>\nDIN ISO 2942 -Elementos filtrantes para sistemas hidr\u00e1ulicos e tecnologia de fluidos, comprova\u00e7\u00e3o de perfeita qualidade de fabrica;<br \/>\nDIN ISO 2943 Elementos filtrantes para tecnologia de fluidos, comprova\u00e7\u00e3o de compatibilidade com flu\u00eddo de press\u00e3o;<br \/>\nDIN ISO 3723 Elementos filtrantes para sistemas hidr\u00e1ulicos e tecnologia de fluidos, processo de teste de carga m\u00e1xima;<br \/>\nDIN ISO 3724 Elementos filtrantes para tecnologia de fluidos, comprova\u00e7\u00e3o das propriedades de fadiga de caudal;<br \/>\nISO 3968 Avalia\u00e7\u00e3o de caracter\u00edsticas de fluxo e queda de press\u00e3o em filtros de alta pot\u00eancia para flu\u00eddo hidr\u00e1ulico;<br \/>\nISO 10771.1 Teste de fadiga de press\u00e3o com envelopes contendo metal em aplica\u00e7\u00f5es de flu\u00eddo hidr\u00e1ulico;<br \/>\nISO 16889 M\u00e9todo Multipass para avalia\u00e7\u00e3o da performance de filtra\u00e7\u00e3o em um elemento filtrante de filtros de alta pot\u00eancia para flu\u00eddo hidr\u00e1ulico.<\/p>\n<p>Carca\u00e7as (filtros) compat\u00edveis com o elemento filtrante Elemento Filtrante PI 4145 PS25 (SMX25) Mahle:<\/p>\n<p>PI 2145-057 &#8211; Com v\u00e1lvula bypass e indicador visual de satura\u00e7\u00e3o;<br \/>\nPI 2145-058 &#8211; Com v\u00e1lvula bypass e indicador el\u00e9trico de satura\u00e7\u00e3o;<br \/>\nPI 2145-068 &#8211; Com indicador visual de satura\u00e7\u00e3o;<br \/>\nPI 2145-069 &#8211; Com indicador el\u00e9trico de satura\u00e7\u00e3o;<br \/>\nPI 4245-010 &#8211; Com indicador visual de satura\u00e7\u00e3o;<br \/>\nPI 4245-011 &#8211; Com indicador el\u00e9trico de satura\u00e7\u00e3o e v\u00e1lvula bypass;<br \/>\nPI 4245-012 &#8211; Com v\u00e1lvula bypass e indicador visual de satura\u00e7\u00e3o;<br \/>\nPI 4245-013 &#8211; Com v\u00e1lvula bypass e indicador el\u00e9trico de satura\u00e7\u00e3o;<br \/>\nPI 4245-014 &#8211; Com indicador visual de satura\u00e7\u00e3o;<br \/>\nPI 4245-015 &#8211; Com indicador el\u00e9trico de satura\u00e7\u00e3o;<br \/>\nPI 3445-012 &#8211; Com v\u00e1lvula bypass e indicador visual de satura\u00e7\u00e3o;<br \/>\nPI 3445-013 &#8211; Com v\u00e1lvula bypass e indicador el\u00e9trico de satura\u00e7\u00e3o;<br \/>\nPI 3445-014 &#8211; Com indicador visual de satura\u00e7\u00e3o;<br \/>\nPI 3445-015 &#8211; Com indicador el\u00e9trico de satura\u00e7\u00e3o;<br \/>\nPI 2045-060 &#8211; Sem opcionais;<br \/>\nPI 2045-056 &#8211; Com v\u00e1lvula bypass;<br \/>\nPI 2045-057 &#8211; Com v\u00e1lvula bypass e indicador visual de satura\u00e7\u00e3o;<br \/>\nPI 2045-058 &#8211; Com v\u00e1lvula bypass e indicador el\u00e9trico de satura\u00e7\u00e3o;<br \/>\nPI 2045-068 &#8211; Com indicador visual de satura\u00e7\u00e3o;<br \/>\nPI 2045-069 &#8211; Com indicador el\u00e9trico de satura\u00e7\u00e3o.<\/p>\n<p>Elemento Mahle ECOPARTS equivalente: M0045 DN2025<\/p>\n","protected":false},"excerpt":{"rendered":"<p>Filtro de profundidade composto de v\u00e1rias camadas de fibra de vidro alinhadas com precis\u00e3o umas \u00e0s outras, para a filtra\u00e7\u00e3o de fluidos hidr\u00e1ulicos.<\/p>\n","protected":false},"featured_media":7487,"template":"","meta":[],"product_brand":[],"product_cat":[68,67],"product_tag":[],"class_list":{"0":"post-3700","1":"product","2":"type-product","3":"status-publish","4":"has-post-thumbnail","6":"product_cat-filtration-group","7":"product_cat-filtros-e-elementos-filtrante","9":"first","10":"instock","11":"virtual","12":"product-type-simple"},"yoast_head":"<!-- This site is optimized with the Yoast SEO plugin v27.2 - https:\/\/yoast.com\/product\/yoast-seo-wordpress\/ -->\n<title>Elementos Filtrantes Filtration Group PI 4145 PS25 (SMX25) - ACT Sistemas Hidr\u00e1ulicos<\/title>\n<meta name=\"description\" content=\"Filtro de profundidade composto de v\u00e1rias camadas de fibra de vidro alinhadas com precis\u00e3o umas \u00e0s outras, para a filtra\u00e7\u00e3o de fluidos hidr\u00e1ulicos.\" \/>\n<meta name=\"robots\" content=\"index, follow, max-snippet:-1, max-image-preview:large, max-video-preview:-1\" \/>\n<link rel=\"canonical\" href=\"https:\/\/actbr.com.br\/en\/produto\/elementos-filtrantes-filtration-group-pi-4145-ps25-smx25\/\" \/>\n<meta property=\"og:locale\" content=\"en_US\" \/>\n<meta property=\"og:type\" content=\"article\" \/>\n<meta property=\"og:title\" content=\"Elementos Filtrantes Filtration Group PI 4145 PS25 (SMX25) - ACT Sistemas Hidr\u00e1ulicos\" \/>\n<meta property=\"og:description\" content=\"Filtro de profundidade composto de v\u00e1rias camadas de fibra de vidro alinhadas com precis\u00e3o umas \u00e0s outras, para a filtra\u00e7\u00e3o de fluidos hidr\u00e1ulicos.\" \/>\n<meta property=\"og:url\" content=\"https:\/\/actbr.com.br\/en\/produto\/elementos-filtrantes-filtration-group-pi-4145-ps25-smx25\/\" \/>\n<meta property=\"og:site_name\" content=\"ACT Sistemas Hidr\u00e1ulicos\" \/>\n<meta property=\"article:modified_time\" content=\"2023-10-16T16:32:39+00:00\" \/>\n<meta property=\"og:image\" content=\"https:\/\/actbr.com.br\/wp-content\/uploads\/2020\/09\/Elemento-Filtrante-PI-4145-PS25-SMX25-Mahle.jpg\" \/>\n\t<meta property=\"og:image:width\" content=\"600\" \/>\n\t<meta property=\"og:image:height\" content=\"600\" \/>\n\t<meta property=\"og:image:type\" content=\"image\/jpeg\" \/>\n<meta name=\"twitter:card\" content=\"summary_large_image\" \/>\n<meta name=\"twitter:label1\" content=\"Est. reading time\" \/>\n\t<meta name=\"twitter:data1\" content=\"3 minutes\" \/>\n<script type=\"application\/ld+json\" class=\"yoast-schema-graph\">{\"@context\":\"https:\/\/schema.org\",\"@graph\":[{\"@type\":\"WebPage\",\"@id\":\"https:\/\/actbr.com.br\/en\/produto\/elementos-filtrantes-filtration-group-pi-4145-ps25-smx25\/\",\"url\":\"https:\/\/actbr.com.br\/en\/produto\/elementos-filtrantes-filtration-group-pi-4145-ps25-smx25\/\",\"name\":\"Elementos Filtrantes Filtration Group PI 4145 PS25 (SMX25) - ACT Sistemas Hidr\u00e1ulicos\",\"isPartOf\":{\"@id\":\"https:\/\/actbr.com.br\/en\/#website\"},\"primaryImageOfPage\":{\"@id\":\"https:\/\/actbr.com.br\/en\/produto\/elementos-filtrantes-filtration-group-pi-4145-ps25-smx25\/#primaryimage\"},\"image\":{\"@id\":\"https:\/\/actbr.com.br\/en\/produto\/elementos-filtrantes-filtration-group-pi-4145-ps25-smx25\/#primaryimage\"},\"thumbnailUrl\":\"https:\/\/actbr.com.br\/wp-content\/uploads\/2020\/09\/Elemento-Filtrante-PI-4145-PS25-SMX25-Mahle.jpg\",\"datePublished\":\"2020-09-29T15:43:14+00:00\",\"dateModified\":\"2023-10-16T16:32:39+00:00\",\"description\":\"Filtro de profundidade composto de v\u00e1rias camadas de fibra de vidro alinhadas com precis\u00e3o umas \u00e0s outras, para a filtra\u00e7\u00e3o de fluidos hidr\u00e1ulicos.\",\"breadcrumb\":{\"@id\":\"https:\/\/actbr.com.br\/en\/produto\/elementos-filtrantes-filtration-group-pi-4145-ps25-smx25\/#breadcrumb\"},\"inLanguage\":\"en-US\",\"potentialAction\":[{\"@type\":\"ReadAction\",\"target\":[\"https:\/\/actbr.com.br\/en\/produto\/elementos-filtrantes-filtration-group-pi-4145-ps25-smx25\/\"]}]},{\"@type\":\"ImageObject\",\"inLanguage\":\"en-US\",\"@id\":\"https:\/\/actbr.com.br\/en\/produto\/elementos-filtrantes-filtration-group-pi-4145-ps25-smx25\/#primaryimage\",\"url\":\"https:\/\/actbr.com.br\/wp-content\/uploads\/2020\/09\/Elemento-Filtrante-PI-4145-PS25-SMX25-Mahle.jpg\",\"contentUrl\":\"https:\/\/actbr.com.br\/wp-content\/uploads\/2020\/09\/Elemento-Filtrante-PI-4145-PS25-SMX25-Mahle.jpg\",\"width\":600,\"height\":600,\"caption\":\"Elemento Filtrante PI 4145 PS25 (SMX25) Mahle\"},{\"@type\":\"BreadcrumbList\",\"@id\":\"https:\/\/actbr.com.br\/en\/produto\/elementos-filtrantes-filtration-group-pi-4145-ps25-smx25\/#breadcrumb\",\"itemListElement\":[{\"@type\":\"ListItem\",\"position\":1,\"name\":\"In\u00edcio\",\"item\":\"https:\/\/actbr.com.br\/en\/\"},{\"@type\":\"ListItem\",\"position\":2,\"name\":\"Produtos\",\"item\":\"https:\/\/actbr.com.br\/produtos-act\/\"},{\"@type\":\"ListItem\",\"position\":3,\"name\":\"Filtros e Elementos Filtrante\",\"item\":\"https:\/\/actbr.com.br\/en\/categoria-produto\/filtros-e-elementos-filtrante\/\"},{\"@type\":\"ListItem\",\"position\":4,\"name\":\"Filtration Group\",\"item\":\"https:\/\/actbr.com.br\/en\/categoria-produto\/filtros-e-elementos-filtrante\/filtration-group\/\"},{\"@type\":\"ListItem\",\"position\":5,\"name\":\"Elementos Filtrantes Filtration Group PI 4145 PS25 (SMX25)\"}]},{\"@type\":\"WebSite\",\"@id\":\"https:\/\/actbr.com.br\/en\/#website\",\"url\":\"https:\/\/actbr.com.br\/en\/\",\"name\":\"ACT Sistemas Hidr\u00e1ulicos\",\"description\":\"Fabrica\u00e7\u00e3o e manuten\u00e7\u00e3o de componentes \u00f3leo hidr\u00e1ulicos\",\"publisher\":{\"@id\":\"https:\/\/actbr.com.br\/en\/#organization\"},\"potentialAction\":[{\"@type\":\"SearchAction\",\"target\":{\"@type\":\"EntryPoint\",\"urlTemplate\":\"https:\/\/actbr.com.br\/en\/?s={search_term_string}\"},\"query-input\":{\"@type\":\"PropertyValueSpecification\",\"valueRequired\":true,\"valueName\":\"search_term_string\"}}],\"inLanguage\":\"en-US\"},{\"@type\":\"Organization\",\"@id\":\"https:\/\/actbr.com.br\/en\/#organization\",\"name\":\"ACT Sistemas Hidr\u00e1ulicos\",\"url\":\"https:\/\/actbr.com.br\/en\/\",\"logo\":{\"@type\":\"ImageObject\",\"inLanguage\":\"en-US\",\"@id\":\"https:\/\/actbr.com.br\/en\/#\/schema\/logo\/image\/\",\"url\":\"https:\/\/actbr.com.br\/wp-content\/uploads\/2025\/02\/cropped-ACT_NEGATIVO-marca-dagua.png\",\"contentUrl\":\"https:\/\/actbr.com.br\/wp-content\/uploads\/2025\/02\/cropped-ACT_NEGATIVO-marca-dagua.png\",\"width\":240,\"height\":146,\"caption\":\"ACT Sistemas Hidr\u00e1ulicos\"},\"image\":{\"@id\":\"https:\/\/actbr.com.br\/en\/#\/schema\/logo\/image\/\"}}]}<\/script>\n<!-- \/ Yoast SEO plugin. -->","yoast_head_json":{"title":"Elementos Filtrantes Filtration Group PI 4145 PS25 (SMX25) - ACT Sistemas Hidr\u00e1ulicos","description":"Filtro de profundidade composto de v\u00e1rias camadas de fibra de vidro alinhadas com precis\u00e3o umas \u00e0s outras, para a filtra\u00e7\u00e3o de fluidos hidr\u00e1ulicos.","robots":{"index":"index","follow":"follow","max-snippet":"max-snippet:-1","max-image-preview":"max-image-preview:large","max-video-preview":"max-video-preview:-1"},"canonical":"https:\/\/actbr.com.br\/en\/produto\/elementos-filtrantes-filtration-group-pi-4145-ps25-smx25\/","og_locale":"en_US","og_type":"article","og_title":"Elementos Filtrantes Filtration Group PI 4145 PS25 (SMX25) - ACT Sistemas Hidr\u00e1ulicos","og_description":"Filtro de profundidade composto de v\u00e1rias camadas de fibra de vidro alinhadas com precis\u00e3o umas \u00e0s outras, para a filtra\u00e7\u00e3o de fluidos hidr\u00e1ulicos.","og_url":"https:\/\/actbr.com.br\/en\/produto\/elementos-filtrantes-filtration-group-pi-4145-ps25-smx25\/","og_site_name":"ACT Sistemas Hidr\u00e1ulicos","article_modified_time":"2023-10-16T16:32:39+00:00","og_image":[{"width":600,"height":600,"url":"https:\/\/actbr.com.br\/wp-content\/uploads\/2020\/09\/Elemento-Filtrante-PI-4145-PS25-SMX25-Mahle.jpg","type":"image\/jpeg"}],"twitter_card":"summary_large_image","twitter_misc":{"Est. reading time":"3 minutes"},"schema":{"@context":"https:\/\/schema.org","@graph":[{"@type":"WebPage","@id":"https:\/\/actbr.com.br\/en\/produto\/elementos-filtrantes-filtration-group-pi-4145-ps25-smx25\/","url":"https:\/\/actbr.com.br\/en\/produto\/elementos-filtrantes-filtration-group-pi-4145-ps25-smx25\/","name":"Elementos Filtrantes Filtration Group PI 4145 PS25 (SMX25) - ACT Sistemas Hidr\u00e1ulicos","isPartOf":{"@id":"https:\/\/actbr.com.br\/en\/#website"},"primaryImageOfPage":{"@id":"https:\/\/actbr.com.br\/en\/produto\/elementos-filtrantes-filtration-group-pi-4145-ps25-smx25\/#primaryimage"},"image":{"@id":"https:\/\/actbr.com.br\/en\/produto\/elementos-filtrantes-filtration-group-pi-4145-ps25-smx25\/#primaryimage"},"thumbnailUrl":"https:\/\/actbr.com.br\/wp-content\/uploads\/2020\/09\/Elemento-Filtrante-PI-4145-PS25-SMX25-Mahle.jpg","datePublished":"2020-09-29T15:43:14+00:00","dateModified":"2023-10-16T16:32:39+00:00","description":"Filtro de profundidade composto de v\u00e1rias camadas de fibra de vidro alinhadas com precis\u00e3o umas \u00e0s outras, para a filtra\u00e7\u00e3o de fluidos hidr\u00e1ulicos.","breadcrumb":{"@id":"https:\/\/actbr.com.br\/en\/produto\/elementos-filtrantes-filtration-group-pi-4145-ps25-smx25\/#breadcrumb"},"inLanguage":"en-US","potentialAction":[{"@type":"ReadAction","target":["https:\/\/actbr.com.br\/en\/produto\/elementos-filtrantes-filtration-group-pi-4145-ps25-smx25\/"]}]},{"@type":"ImageObject","inLanguage":"en-US","@id":"https:\/\/actbr.com.br\/en\/produto\/elementos-filtrantes-filtration-group-pi-4145-ps25-smx25\/#primaryimage","url":"https:\/\/actbr.com.br\/wp-content\/uploads\/2020\/09\/Elemento-Filtrante-PI-4145-PS25-SMX25-Mahle.jpg","contentUrl":"https:\/\/actbr.com.br\/wp-content\/uploads\/2020\/09\/Elemento-Filtrante-PI-4145-PS25-SMX25-Mahle.jpg","width":600,"height":600,"caption":"Elemento Filtrante PI 4145 PS25 (SMX25) Mahle"},{"@type":"BreadcrumbList","@id":"https:\/\/actbr.com.br\/en\/produto\/elementos-filtrantes-filtration-group-pi-4145-ps25-smx25\/#breadcrumb","itemListElement":[{"@type":"ListItem","position":1,"name":"In\u00edcio","item":"https:\/\/actbr.com.br\/en\/"},{"@type":"ListItem","position":2,"name":"Produtos","item":"https:\/\/actbr.com.br\/produtos-act\/"},{"@type":"ListItem","position":3,"name":"Filtros e Elementos Filtrante","item":"https:\/\/actbr.com.br\/en\/categoria-produto\/filtros-e-elementos-filtrante\/"},{"@type":"ListItem","position":4,"name":"Filtration Group","item":"https:\/\/actbr.com.br\/en\/categoria-produto\/filtros-e-elementos-filtrante\/filtration-group\/"},{"@type":"ListItem","position":5,"name":"Elementos Filtrantes Filtration Group PI 4145 PS25 (SMX25)"}]},{"@type":"WebSite","@id":"https:\/\/actbr.com.br\/en\/#website","url":"https:\/\/actbr.com.br\/en\/","name":"ACT Sistemas Hidr\u00e1ulicos","description":"Fabrica\u00e7\u00e3o e manuten\u00e7\u00e3o de componentes \u00f3leo hidr\u00e1ulicos","publisher":{"@id":"https:\/\/actbr.com.br\/en\/#organization"},"potentialAction":[{"@type":"SearchAction","target":{"@type":"EntryPoint","urlTemplate":"https:\/\/actbr.com.br\/en\/?s={search_term_string}"},"query-input":{"@type":"PropertyValueSpecification","valueRequired":true,"valueName":"search_term_string"}}],"inLanguage":"en-US"},{"@type":"Organization","@id":"https:\/\/actbr.com.br\/en\/#organization","name":"ACT Sistemas Hidr\u00e1ulicos","url":"https:\/\/actbr.com.br\/en\/","logo":{"@type":"ImageObject","inLanguage":"en-US","@id":"https:\/\/actbr.com.br\/en\/#\/schema\/logo\/image\/","url":"https:\/\/actbr.com.br\/wp-content\/uploads\/2025\/02\/cropped-ACT_NEGATIVO-marca-dagua.png","contentUrl":"https:\/\/actbr.com.br\/wp-content\/uploads\/2025\/02\/cropped-ACT_NEGATIVO-marca-dagua.png","width":240,"height":146,"caption":"ACT Sistemas Hidr\u00e1ulicos"},"image":{"@id":"https:\/\/actbr.com.br\/en\/#\/schema\/logo\/image\/"}}]}},"_links":{"self":[{"href":"https:\/\/actbr.com.br\/en\/wp-json\/wp\/v2\/product\/3700","targetHints":{"allow":["GET"]}}],"collection":[{"href":"https:\/\/actbr.com.br\/en\/wp-json\/wp\/v2\/product"}],"about":[{"href":"https:\/\/actbr.com.br\/en\/wp-json\/wp\/v2\/types\/product"}],"wp:featuredmedia":[{"embeddable":true,"href":"https:\/\/actbr.com.br\/en\/wp-json\/wp\/v2\/media\/7487"}],"wp:attachment":[{"href":"https:\/\/actbr.com.br\/en\/wp-json\/wp\/v2\/media?parent=3700"}],"wp:term":[{"taxonomy":"product_brand","embeddable":true,"href":"https:\/\/actbr.com.br\/en\/wp-json\/wp\/v2\/product_brand?post=3700"},{"taxonomy":"product_cat","embeddable":true,"href":"https:\/\/actbr.com.br\/en\/wp-json\/wp\/v2\/product_cat?post=3700"},{"taxonomy":"product_tag","embeddable":true,"href":"https:\/\/actbr.com.br\/en\/wp-json\/wp\/v2\/product_tag?post=3700"}],"curies":[{"name":"wp","href":"https:\/\/api.w.org\/{rel}","templated":true}]}}