{"id":3727,"date":"2020-09-29T12:43:59","date_gmt":"2020-09-29T15:43:59","guid":{"rendered":"https:\/\/actbr.com.br\/produto\/n-0250-dn-2-025-mahle-0250dn025bnhc\/"},"modified":"2023-10-06T16:46:53","modified_gmt":"2023-10-06T19:46:53","slug":"elementos-filtrantes-normalizados-n-0250-dn-2-025","status":"publish","type":"product","link":"https:\/\/actbr.com.br\/en\/produto\/elementos-filtrantes-normalizados-n-0250-dn-2-025\/","title":{"rendered":"Elementos Filtrantes Normalizados (DIN) N 0250 DN 2 025"},"content":{"rendered":"<p><strong>N 0250 DN 2 025 MAHLE (0250DN025BNHC)<\/strong><\/p>\n<p>O Filtro de Profundidade N 0250 DN 2 025 MAHLE (0250DN025BNHC) \u00e9 composto de v\u00e1rias camadas de fibra de vidro alinhadas com precis\u00e3o umas \u00e0s outras (estrutura progressiva), para a filtra\u00e7\u00e3o de flu\u00eddos hidr\u00e1ulicos e lubrificantes, flu\u00eddos de baixa inflamabilidade, combust\u00edveis e flu\u00eddos sint\u00e9ticos.<\/p>\n<div>\n<p><strong>Caracter\u00edsticas:<\/strong><br \/>\nGrau de filtra\u00e7\u00e3o: 25 \u00b5m;<br \/>\nPress\u00e3o m\u00e1x.: 20 bar;<br \/>\nSuperf\u00edcie de filtragem de 4020 cm3 ;<br \/>\nRecomendado para vaz\u00f5es de at\u00e9 250 litros por minuto;<br \/>\nPossui reten\u00e7\u00e3o de sujidade muito alta e ao mesmo tempo uma resist\u00eancia de fluxo muito baixa.<br \/>\nVeda\u00e7\u00f5es: NBR.<\/p>\n<p><strong>Dimens\u00f5es f\u00edsicas:<\/strong><\/p>\n<p><img decoding=\"async\" src=\"https:\/\/actbr.com.br\/wp-content\/uploads\/2020\/09\/n0250dn2025-0250dn025bnhc.jpg\" alt=\"\" \/><\/p>\n<p><strong>Elementos filtrantes compat\u00edveis:<\/strong><br \/>\n0250DN025BNHC;<br \/>\n0250DN025BN2HC;<br \/>\n0250DN025BN3HC;<br \/>\n0250DN025BN4HC;<br \/>\n20250H20SLA000P;<br \/>\nN0250DN2025CN;<br \/>\nPI 25025 DN PS10 (78261083).<\/p>\n<p><strong>Filtros que &#8220;aceitam&#8221; o elemento filtrante:<\/strong><br \/>\nPI 20025-060;<br \/>\nPI 20025-056;<br \/>\nPI 20025-057;<br \/>\nPI 20025-058;<br \/>\nPI 20025-068;<br \/>\nPI 20025-069;<br \/>\nPI 21025-057;<br \/>\nPI 21025-058;<br \/>\nPI 21025-068;<br \/>\nPI 21025-069;<br \/>\nPI 40025-010;<br \/>\nPI 40025-011;<br \/>\nPI 40025-012;<br \/>\nPI 40025-013;<br \/>\nPI 40025-014;<br \/>\nPI 40025-015.<\/p>\n<\/div>\n","protected":false},"excerpt":{"rendered":"<p>O Filtro de Profundidade N 0250 DN 2 025 MAHLE (0250DN025BNHC) \u00e9 composto de v\u00e1rias camadas de fibra de vidro alinhadas com precis\u00e3o umas \u00e0s outras (estrutura progressiva), para a filtra\u00e7\u00e3o de flu\u00eddos hidr\u00e1ulicos e lubrificantes, flu\u00eddos de baixa inflamabilidade, combust\u00edveis e flu\u00eddos sint\u00e9ticos.<\/p>\n","protected":false},"featured_media":7585,"template":"","meta":[],"product_brand":[],"product_cat":[67,98],"product_tag":[],"class_list":{"0":"post-3727","1":"product","2":"type-product","3":"status-publish","4":"has-post-thumbnail","6":"product_cat-filtros-e-elementos-filtrante","7":"product_cat-normalizado-din","9":"first","10":"instock","11":"virtual","12":"product-type-simple"},"yoast_head":"<!-- This site is optimized with the Yoast SEO plugin v27.2 - https:\/\/yoast.com\/product\/yoast-seo-wordpress\/ -->\n<title>Elementos Filtrantes Normalizados (DIN) N 0250 DN 2 025 - ACT Sistemas Hidr\u00e1ulicos<\/title>\n<meta name=\"description\" content=\"O Filtro de Profundidade N 0250 DN 2 025 MAHLE (0250DN025BNHC) \u00e9 composto por camadas de fibra de vidro, para a filtra\u00e7\u00e3o de flu\u00eddos hidr\u00e1ulicos.\" \/>\n<meta name=\"robots\" content=\"index, follow, max-snippet:-1, max-image-preview:large, max-video-preview:-1\" \/>\n<link rel=\"canonical\" href=\"https:\/\/actbr.com.br\/en\/produto\/elementos-filtrantes-normalizados-n-0250-dn-2-025\/\" \/>\n<meta property=\"og:locale\" content=\"en_US\" \/>\n<meta property=\"og:type\" content=\"article\" \/>\n<meta property=\"og:title\" content=\"Elementos Filtrantes Normalizados (DIN) N 0250 DN 2 025 - ACT Sistemas Hidr\u00e1ulicos\" \/>\n<meta property=\"og:description\" content=\"O Filtro de Profundidade N 0250 DN 2 025 MAHLE (0250DN025BNHC) \u00e9 composto por camadas de fibra de vidro, para a filtra\u00e7\u00e3o de flu\u00eddos hidr\u00e1ulicos.\" \/>\n<meta property=\"og:url\" content=\"https:\/\/actbr.com.br\/en\/produto\/elementos-filtrantes-normalizados-n-0250-dn-2-025\/\" \/>\n<meta property=\"og:site_name\" content=\"ACT Sistemas Hidr\u00e1ulicos\" \/>\n<meta property=\"article:modified_time\" content=\"2023-10-06T19:46:53+00:00\" \/>\n<meta property=\"og:image\" content=\"https:\/\/actbr.com.br\/wp-content\/uploads\/2020\/09\/N-0250-DN.jpg\" \/>\n\t<meta property=\"og:image:width\" content=\"600\" \/>\n\t<meta property=\"og:image:height\" content=\"399\" \/>\n\t<meta property=\"og:image:type\" content=\"image\/jpeg\" \/>\n<meta name=\"twitter:card\" content=\"summary_large_image\" \/>\n<meta name=\"twitter:label1\" content=\"Est. reading time\" \/>\n\t<meta name=\"twitter:data1\" content=\"2 minutes\" \/>\n<script type=\"application\/ld+json\" class=\"yoast-schema-graph\">{\"@context\":\"https:\/\/schema.org\",\"@graph\":[{\"@type\":\"WebPage\",\"@id\":\"https:\/\/actbr.com.br\/en\/produto\/elementos-filtrantes-normalizados-n-0250-dn-2-025\/\",\"url\":\"https:\/\/actbr.com.br\/en\/produto\/elementos-filtrantes-normalizados-n-0250-dn-2-025\/\",\"name\":\"Elementos Filtrantes Normalizados (DIN) N 0250 DN 2 025 - ACT Sistemas Hidr\u00e1ulicos\",\"isPartOf\":{\"@id\":\"https:\/\/actbr.com.br\/en\/#website\"},\"primaryImageOfPage\":{\"@id\":\"https:\/\/actbr.com.br\/en\/produto\/elementos-filtrantes-normalizados-n-0250-dn-2-025\/#primaryimage\"},\"image\":{\"@id\":\"https:\/\/actbr.com.br\/en\/produto\/elementos-filtrantes-normalizados-n-0250-dn-2-025\/#primaryimage\"},\"thumbnailUrl\":\"https:\/\/actbr.com.br\/wp-content\/uploads\/2020\/09\/N-0250-DN.jpg\",\"datePublished\":\"2020-09-29T15:43:59+00:00\",\"dateModified\":\"2023-10-06T19:46:53+00:00\",\"description\":\"O Filtro de Profundidade N 0250 DN 2 025 MAHLE (0250DN025BNHC) \u00e9 composto por camadas de fibra de vidro, para a filtra\u00e7\u00e3o de flu\u00eddos hidr\u00e1ulicos.\",\"breadcrumb\":{\"@id\":\"https:\/\/actbr.com.br\/en\/produto\/elementos-filtrantes-normalizados-n-0250-dn-2-025\/#breadcrumb\"},\"inLanguage\":\"en-US\",\"potentialAction\":[{\"@type\":\"ReadAction\",\"target\":[\"https:\/\/actbr.com.br\/en\/produto\/elementos-filtrantes-normalizados-n-0250-dn-2-025\/\"]}]},{\"@type\":\"ImageObject\",\"inLanguage\":\"en-US\",\"@id\":\"https:\/\/actbr.com.br\/en\/produto\/elementos-filtrantes-normalizados-n-0250-dn-2-025\/#primaryimage\",\"url\":\"https:\/\/actbr.com.br\/wp-content\/uploads\/2020\/09\/N-0250-DN.jpg\",\"contentUrl\":\"https:\/\/actbr.com.br\/wp-content\/uploads\/2020\/09\/N-0250-DN.jpg\",\"width\":600,\"height\":399,\"caption\":\"N 0250 DN\"},{\"@type\":\"BreadcrumbList\",\"@id\":\"https:\/\/actbr.com.br\/en\/produto\/elementos-filtrantes-normalizados-n-0250-dn-2-025\/#breadcrumb\",\"itemListElement\":[{\"@type\":\"ListItem\",\"position\":1,\"name\":\"In\u00edcio\",\"item\":\"https:\/\/actbr.com.br\/en\/\"},{\"@type\":\"ListItem\",\"position\":2,\"name\":\"Produtos\",\"item\":\"https:\/\/actbr.com.br\/produtos-act\/\"},{\"@type\":\"ListItem\",\"position\":3,\"name\":\"Filtros e Elementos Filtrante\",\"item\":\"https:\/\/actbr.com.br\/en\/categoria-produto\/filtros-e-elementos-filtrante\/\"},{\"@type\":\"ListItem\",\"position\":4,\"name\":\"Normalizado (DIN)\",\"item\":\"https:\/\/actbr.com.br\/en\/categoria-produto\/filtros-e-elementos-filtrante\/normalizado-din\/\"},{\"@type\":\"ListItem\",\"position\":5,\"name\":\"Elementos Filtrantes Normalizados (DIN) N 0250 DN 2 025\"}]},{\"@type\":\"WebSite\",\"@id\":\"https:\/\/actbr.com.br\/en\/#website\",\"url\":\"https:\/\/actbr.com.br\/en\/\",\"name\":\"ACT Sistemas Hidr\u00e1ulicos\",\"description\":\"Fabrica\u00e7\u00e3o e manuten\u00e7\u00e3o de componentes \u00f3leo hidr\u00e1ulicos\",\"publisher\":{\"@id\":\"https:\/\/actbr.com.br\/en\/#organization\"},\"potentialAction\":[{\"@type\":\"SearchAction\",\"target\":{\"@type\":\"EntryPoint\",\"urlTemplate\":\"https:\/\/actbr.com.br\/en\/?s={search_term_string}\"},\"query-input\":{\"@type\":\"PropertyValueSpecification\",\"valueRequired\":true,\"valueName\":\"search_term_string\"}}],\"inLanguage\":\"en-US\"},{\"@type\":\"Organization\",\"@id\":\"https:\/\/actbr.com.br\/en\/#organization\",\"name\":\"ACT Sistemas Hidr\u00e1ulicos\",\"url\":\"https:\/\/actbr.com.br\/en\/\",\"logo\":{\"@type\":\"ImageObject\",\"inLanguage\":\"en-US\",\"@id\":\"https:\/\/actbr.com.br\/en\/#\/schema\/logo\/image\/\",\"url\":\"https:\/\/actbr.com.br\/wp-content\/uploads\/2025\/02\/cropped-ACT_NEGATIVO-marca-dagua.png\",\"contentUrl\":\"https:\/\/actbr.com.br\/wp-content\/uploads\/2025\/02\/cropped-ACT_NEGATIVO-marca-dagua.png\",\"width\":240,\"height\":146,\"caption\":\"ACT Sistemas Hidr\u00e1ulicos\"},\"image\":{\"@id\":\"https:\/\/actbr.com.br\/en\/#\/schema\/logo\/image\/\"}}]}<\/script>\n<!-- \/ Yoast SEO plugin. -->","yoast_head_json":{"title":"Elementos Filtrantes Normalizados (DIN) N 0250 DN 2 025 - ACT Sistemas Hidr\u00e1ulicos","description":"O Filtro de Profundidade N 0250 DN 2 025 MAHLE (0250DN025BNHC) \u00e9 composto por camadas de fibra de vidro, para a filtra\u00e7\u00e3o de flu\u00eddos hidr\u00e1ulicos.","robots":{"index":"index","follow":"follow","max-snippet":"max-snippet:-1","max-image-preview":"max-image-preview:large","max-video-preview":"max-video-preview:-1"},"canonical":"https:\/\/actbr.com.br\/en\/produto\/elementos-filtrantes-normalizados-n-0250-dn-2-025\/","og_locale":"en_US","og_type":"article","og_title":"Elementos Filtrantes Normalizados (DIN) N 0250 DN 2 025 - ACT Sistemas Hidr\u00e1ulicos","og_description":"O Filtro de Profundidade N 0250 DN 2 025 MAHLE (0250DN025BNHC) \u00e9 composto por camadas de fibra de vidro, para a filtra\u00e7\u00e3o de flu\u00eddos hidr\u00e1ulicos.","og_url":"https:\/\/actbr.com.br\/en\/produto\/elementos-filtrantes-normalizados-n-0250-dn-2-025\/","og_site_name":"ACT Sistemas Hidr\u00e1ulicos","article_modified_time":"2023-10-06T19:46:53+00:00","og_image":[{"width":600,"height":399,"url":"https:\/\/actbr.com.br\/wp-content\/uploads\/2020\/09\/N-0250-DN.jpg","type":"image\/jpeg"}],"twitter_card":"summary_large_image","twitter_misc":{"Est. reading time":"2 minutes"},"schema":{"@context":"https:\/\/schema.org","@graph":[{"@type":"WebPage","@id":"https:\/\/actbr.com.br\/en\/produto\/elementos-filtrantes-normalizados-n-0250-dn-2-025\/","url":"https:\/\/actbr.com.br\/en\/produto\/elementos-filtrantes-normalizados-n-0250-dn-2-025\/","name":"Elementos Filtrantes Normalizados (DIN) N 0250 DN 2 025 - ACT Sistemas Hidr\u00e1ulicos","isPartOf":{"@id":"https:\/\/actbr.com.br\/en\/#website"},"primaryImageOfPage":{"@id":"https:\/\/actbr.com.br\/en\/produto\/elementos-filtrantes-normalizados-n-0250-dn-2-025\/#primaryimage"},"image":{"@id":"https:\/\/actbr.com.br\/en\/produto\/elementos-filtrantes-normalizados-n-0250-dn-2-025\/#primaryimage"},"thumbnailUrl":"https:\/\/actbr.com.br\/wp-content\/uploads\/2020\/09\/N-0250-DN.jpg","datePublished":"2020-09-29T15:43:59+00:00","dateModified":"2023-10-06T19:46:53+00:00","description":"O Filtro de Profundidade N 0250 DN 2 025 MAHLE (0250DN025BNHC) \u00e9 composto por camadas de fibra de vidro, para a filtra\u00e7\u00e3o de flu\u00eddos hidr\u00e1ulicos.","breadcrumb":{"@id":"https:\/\/actbr.com.br\/en\/produto\/elementos-filtrantes-normalizados-n-0250-dn-2-025\/#breadcrumb"},"inLanguage":"en-US","potentialAction":[{"@type":"ReadAction","target":["https:\/\/actbr.com.br\/en\/produto\/elementos-filtrantes-normalizados-n-0250-dn-2-025\/"]}]},{"@type":"ImageObject","inLanguage":"en-US","@id":"https:\/\/actbr.com.br\/en\/produto\/elementos-filtrantes-normalizados-n-0250-dn-2-025\/#primaryimage","url":"https:\/\/actbr.com.br\/wp-content\/uploads\/2020\/09\/N-0250-DN.jpg","contentUrl":"https:\/\/actbr.com.br\/wp-content\/uploads\/2020\/09\/N-0250-DN.jpg","width":600,"height":399,"caption":"N 0250 DN"},{"@type":"BreadcrumbList","@id":"https:\/\/actbr.com.br\/en\/produto\/elementos-filtrantes-normalizados-n-0250-dn-2-025\/#breadcrumb","itemListElement":[{"@type":"ListItem","position":1,"name":"In\u00edcio","item":"https:\/\/actbr.com.br\/en\/"},{"@type":"ListItem","position":2,"name":"Produtos","item":"https:\/\/actbr.com.br\/produtos-act\/"},{"@type":"ListItem","position":3,"name":"Filtros e Elementos Filtrante","item":"https:\/\/actbr.com.br\/en\/categoria-produto\/filtros-e-elementos-filtrante\/"},{"@type":"ListItem","position":4,"name":"Normalizado (DIN)","item":"https:\/\/actbr.com.br\/en\/categoria-produto\/filtros-e-elementos-filtrante\/normalizado-din\/"},{"@type":"ListItem","position":5,"name":"Elementos Filtrantes Normalizados (DIN) N 0250 DN 2 025"}]},{"@type":"WebSite","@id":"https:\/\/actbr.com.br\/en\/#website","url":"https:\/\/actbr.com.br\/en\/","name":"ACT Sistemas Hidr\u00e1ulicos","description":"Fabrica\u00e7\u00e3o e manuten\u00e7\u00e3o de componentes \u00f3leo hidr\u00e1ulicos","publisher":{"@id":"https:\/\/actbr.com.br\/en\/#organization"},"potentialAction":[{"@type":"SearchAction","target":{"@type":"EntryPoint","urlTemplate":"https:\/\/actbr.com.br\/en\/?s={search_term_string}"},"query-input":{"@type":"PropertyValueSpecification","valueRequired":true,"valueName":"search_term_string"}}],"inLanguage":"en-US"},{"@type":"Organization","@id":"https:\/\/actbr.com.br\/en\/#organization","name":"ACT Sistemas Hidr\u00e1ulicos","url":"https:\/\/actbr.com.br\/en\/","logo":{"@type":"ImageObject","inLanguage":"en-US","@id":"https:\/\/actbr.com.br\/en\/#\/schema\/logo\/image\/","url":"https:\/\/actbr.com.br\/wp-content\/uploads\/2025\/02\/cropped-ACT_NEGATIVO-marca-dagua.png","contentUrl":"https:\/\/actbr.com.br\/wp-content\/uploads\/2025\/02\/cropped-ACT_NEGATIVO-marca-dagua.png","width":240,"height":146,"caption":"ACT Sistemas Hidr\u00e1ulicos"},"image":{"@id":"https:\/\/actbr.com.br\/en\/#\/schema\/logo\/image\/"}}]}},"_links":{"self":[{"href":"https:\/\/actbr.com.br\/en\/wp-json\/wp\/v2\/product\/3727","targetHints":{"allow":["GET"]}}],"collection":[{"href":"https:\/\/actbr.com.br\/en\/wp-json\/wp\/v2\/product"}],"about":[{"href":"https:\/\/actbr.com.br\/en\/wp-json\/wp\/v2\/types\/product"}],"wp:featuredmedia":[{"embeddable":true,"href":"https:\/\/actbr.com.br\/en\/wp-json\/wp\/v2\/media\/7585"}],"wp:attachment":[{"href":"https:\/\/actbr.com.br\/en\/wp-json\/wp\/v2\/media?parent=3727"}],"wp:term":[{"taxonomy":"product_brand","embeddable":true,"href":"https:\/\/actbr.com.br\/en\/wp-json\/wp\/v2\/product_brand?post=3727"},{"taxonomy":"product_cat","embeddable":true,"href":"https:\/\/actbr.com.br\/en\/wp-json\/wp\/v2\/product_cat?post=3727"},{"taxonomy":"product_tag","embeddable":true,"href":"https:\/\/actbr.com.br\/en\/wp-json\/wp\/v2\/product_tag?post=3727"}],"curies":[{"name":"wp","href":"https:\/\/api.w.org\/{rel}","templated":true}]}}