{"id":3741,"date":"2020-09-29T12:43:59","date_gmt":"2020-09-29T15:43:59","guid":{"rendered":"https:\/\/actbr.com.br\/produto\/px36-13-2-mic10-hc-31-mahle\/"},"modified":"2023-11-01T15:57:50","modified_gmt":"2023-11-01T18:57:50","slug":"filtro-de-baixa-pressao-px36-13-2-mic10-hc-31","status":"publish","type":"product","link":"https:\/\/actbr.com.br\/en\/produto\/filtro-de-baixa-pressao-px36-13-2-mic10-hc-31\/","title":{"rendered":"Filtro de baixa press\u00e3o PX36-13-2-MIC10 (HC 31)"},"content":{"rendered":"<p>PX36-13-2-MIC10 (HC 31) MAHLE<\/p>\n<p>Mahle PX36-13-2-MIC10 Spin-on<br \/>\nPart number: 7500077<br \/>\nVaz\u00e3o: 130 Litros por minuto<br \/>\nPress\u00e3o nominal: 10 bar<br \/>\nGrau de filtragem:\u00a0 10 microns absoluto (celulose)<br \/>\nSuperf\u00edcie de filtragem (\u00e1rea): 7638 cm2<br \/>\nDimens\u00f5es: OD: 143 mm | 240 mm | Thread 1-1\/2 16<\/p>\n<p><img decoding=\"async\" src=\"https:\/\/actbr.com.br\/wp-content\/uploads\/2020\/09\/dimensoes-hc-px-mahle1.jpg\" alt=\"\" \/><\/p>\n<p>&nbsp;<\/p>\n","protected":false},"excerpt":{"rendered":"<p>Os filtros de baixa press\u00e3o s\u00e3o utilizados para proteger componentes do sistema hidr\u00e1ulico de n\u00edveis de contamina\u00e7\u00e3o superiores aos n\u00edveis de limpeza recomendados.<\/p>\n","protected":false},"featured_media":7553,"template":"","meta":[],"product_brand":[],"product_cat":[91,67],"product_tag":[],"class_list":{"0":"post-3741","1":"product","2":"type-product","3":"status-publish","4":"has-post-thumbnail","6":"product_cat-filtro-simples-baixa-pressao","7":"product_cat-filtros-e-elementos-filtrante","9":"first","10":"instock","11":"virtual","12":"product-type-simple"},"yoast_head":"<!-- This site is optimized with the Yoast SEO plugin v27.2 - https:\/\/yoast.com\/product\/yoast-seo-wordpress\/ -->\n<title>Filtro de baixa press\u00e3o PX36-13-2-MIC10 (HC 31) - ACT Sistemas Hidr\u00e1ulicos<\/title>\n<meta name=\"description\" content=\"Os filtros de baixa press\u00e3o s\u00e3o utilizados para proteger componentes do sistema hidr\u00e1ulico de contamina\u00e7\u00e3o.\" \/>\n<meta name=\"robots\" content=\"index, follow, max-snippet:-1, max-image-preview:large, max-video-preview:-1\" \/>\n<link rel=\"canonical\" href=\"https:\/\/actbr.com.br\/en\/produto\/filtro-de-baixa-pressao-px36-13-2-mic10-hc-31\/\" \/>\n<meta property=\"og:locale\" content=\"en_US\" \/>\n<meta property=\"og:type\" content=\"article\" \/>\n<meta property=\"og:title\" content=\"Filtro de baixa press\u00e3o PX36-13-2-MIC10 (HC 31) - ACT Sistemas Hidr\u00e1ulicos\" \/>\n<meta property=\"og:description\" content=\"Os filtros de baixa press\u00e3o s\u00e3o utilizados para proteger componentes do sistema hidr\u00e1ulico de contamina\u00e7\u00e3o.\" \/>\n<meta property=\"og:url\" content=\"https:\/\/actbr.com.br\/en\/produto\/filtro-de-baixa-pressao-px36-13-2-mic10-hc-31\/\" \/>\n<meta property=\"og:site_name\" content=\"ACT Sistemas Hidr\u00e1ulicos\" \/>\n<meta property=\"article:modified_time\" content=\"2023-11-01T18:57:50+00:00\" \/>\n<meta property=\"og:image\" content=\"https:\/\/actbr.com.br\/wp-content\/uploads\/2020\/09\/PX36-13-2-MIC10-HC-31-MAHLE.jpg\" \/>\n\t<meta property=\"og:image:width\" content=\"600\" \/>\n\t<meta property=\"og:image:height\" content=\"600\" \/>\n\t<meta property=\"og:image:type\" content=\"image\/jpeg\" \/>\n<meta name=\"twitter:card\" content=\"summary_large_image\" \/>\n<meta name=\"twitter:label1\" content=\"Est. reading time\" \/>\n\t<meta name=\"twitter:data1\" content=\"1 minute\" \/>\n<script type=\"application\/ld+json\" class=\"yoast-schema-graph\">{\"@context\":\"https:\/\/schema.org\",\"@graph\":[{\"@type\":\"WebPage\",\"@id\":\"https:\/\/actbr.com.br\/en\/produto\/filtro-de-baixa-pressao-px36-13-2-mic10-hc-31\/\",\"url\":\"https:\/\/actbr.com.br\/en\/produto\/filtro-de-baixa-pressao-px36-13-2-mic10-hc-31\/\",\"name\":\"Filtro de baixa press\u00e3o PX36-13-2-MIC10 (HC 31) - ACT Sistemas Hidr\u00e1ulicos\",\"isPartOf\":{\"@id\":\"https:\/\/actbr.com.br\/en\/#website\"},\"primaryImageOfPage\":{\"@id\":\"https:\/\/actbr.com.br\/en\/produto\/filtro-de-baixa-pressao-px36-13-2-mic10-hc-31\/#primaryimage\"},\"image\":{\"@id\":\"https:\/\/actbr.com.br\/en\/produto\/filtro-de-baixa-pressao-px36-13-2-mic10-hc-31\/#primaryimage\"},\"thumbnailUrl\":\"https:\/\/actbr.com.br\/wp-content\/uploads\/2020\/09\/PX36-13-2-MIC10-HC-31-MAHLE.jpg\",\"datePublished\":\"2020-09-29T15:43:59+00:00\",\"dateModified\":\"2023-11-01T18:57:50+00:00\",\"description\":\"Os filtros de baixa press\u00e3o s\u00e3o utilizados para proteger componentes do sistema hidr\u00e1ulico de contamina\u00e7\u00e3o.\",\"breadcrumb\":{\"@id\":\"https:\/\/actbr.com.br\/en\/produto\/filtro-de-baixa-pressao-px36-13-2-mic10-hc-31\/#breadcrumb\"},\"inLanguage\":\"en-US\",\"potentialAction\":[{\"@type\":\"ReadAction\",\"target\":[\"https:\/\/actbr.com.br\/en\/produto\/filtro-de-baixa-pressao-px36-13-2-mic10-hc-31\/\"]}]},{\"@type\":\"ImageObject\",\"inLanguage\":\"en-US\",\"@id\":\"https:\/\/actbr.com.br\/en\/produto\/filtro-de-baixa-pressao-px36-13-2-mic10-hc-31\/#primaryimage\",\"url\":\"https:\/\/actbr.com.br\/wp-content\/uploads\/2020\/09\/PX36-13-2-MIC10-HC-31-MAHLE.jpg\",\"contentUrl\":\"https:\/\/actbr.com.br\/wp-content\/uploads\/2020\/09\/PX36-13-2-MIC10-HC-31-MAHLE.jpg\",\"width\":600,\"height\":600,\"caption\":\"PX36-13-2-MIC10 (HC 31) MAHLE\"},{\"@type\":\"BreadcrumbList\",\"@id\":\"https:\/\/actbr.com.br\/en\/produto\/filtro-de-baixa-pressao-px36-13-2-mic10-hc-31\/#breadcrumb\",\"itemListElement\":[{\"@type\":\"ListItem\",\"position\":1,\"name\":\"In\u00edcio\",\"item\":\"https:\/\/actbr.com.br\/en\/\"},{\"@type\":\"ListItem\",\"position\":2,\"name\":\"Produtos\",\"item\":\"https:\/\/actbr.com.br\/produtos-act\/\"},{\"@type\":\"ListItem\",\"position\":3,\"name\":\"Filtros e Elementos Filtrante\",\"item\":\"https:\/\/actbr.com.br\/en\/categoria-produto\/filtros-e-elementos-filtrante\/\"},{\"@type\":\"ListItem\",\"position\":4,\"name\":\"Filtro Simples (Baixa press\u00e3o)\",\"item\":\"https:\/\/actbr.com.br\/en\/categoria-produto\/filtros-e-elementos-filtrante\/filtro-simples-baixa-pressao\/\"},{\"@type\":\"ListItem\",\"position\":5,\"name\":\"Filtro de baixa press\u00e3o PX36-13-2-MIC10 (HC 31)\"}]},{\"@type\":\"WebSite\",\"@id\":\"https:\/\/actbr.com.br\/en\/#website\",\"url\":\"https:\/\/actbr.com.br\/en\/\",\"name\":\"ACT Sistemas Hidr\u00e1ulicos\",\"description\":\"Fabrica\u00e7\u00e3o e manuten\u00e7\u00e3o de componentes \u00f3leo hidr\u00e1ulicos\",\"publisher\":{\"@id\":\"https:\/\/actbr.com.br\/en\/#organization\"},\"potentialAction\":[{\"@type\":\"SearchAction\",\"target\":{\"@type\":\"EntryPoint\",\"urlTemplate\":\"https:\/\/actbr.com.br\/en\/?s={search_term_string}\"},\"query-input\":{\"@type\":\"PropertyValueSpecification\",\"valueRequired\":true,\"valueName\":\"search_term_string\"}}],\"inLanguage\":\"en-US\"},{\"@type\":\"Organization\",\"@id\":\"https:\/\/actbr.com.br\/en\/#organization\",\"name\":\"ACT Sistemas Hidr\u00e1ulicos\",\"url\":\"https:\/\/actbr.com.br\/en\/\",\"logo\":{\"@type\":\"ImageObject\",\"inLanguage\":\"en-US\",\"@id\":\"https:\/\/actbr.com.br\/en\/#\/schema\/logo\/image\/\",\"url\":\"https:\/\/actbr.com.br\/wp-content\/uploads\/2025\/02\/cropped-ACT_NEGATIVO-marca-dagua.png\",\"contentUrl\":\"https:\/\/actbr.com.br\/wp-content\/uploads\/2025\/02\/cropped-ACT_NEGATIVO-marca-dagua.png\",\"width\":240,\"height\":146,\"caption\":\"ACT Sistemas Hidr\u00e1ulicos\"},\"image\":{\"@id\":\"https:\/\/actbr.com.br\/en\/#\/schema\/logo\/image\/\"}}]}<\/script>\n<!-- \/ Yoast SEO plugin. -->","yoast_head_json":{"title":"Filtro de baixa press\u00e3o PX36-13-2-MIC10 (HC 31) - ACT Sistemas Hidr\u00e1ulicos","description":"Os filtros de baixa press\u00e3o s\u00e3o utilizados para proteger componentes do sistema hidr\u00e1ulico de contamina\u00e7\u00e3o.","robots":{"index":"index","follow":"follow","max-snippet":"max-snippet:-1","max-image-preview":"max-image-preview:large","max-video-preview":"max-video-preview:-1"},"canonical":"https:\/\/actbr.com.br\/en\/produto\/filtro-de-baixa-pressao-px36-13-2-mic10-hc-31\/","og_locale":"en_US","og_type":"article","og_title":"Filtro de baixa press\u00e3o PX36-13-2-MIC10 (HC 31) - ACT Sistemas Hidr\u00e1ulicos","og_description":"Os filtros de baixa press\u00e3o s\u00e3o utilizados para proteger componentes do sistema hidr\u00e1ulico de contamina\u00e7\u00e3o.","og_url":"https:\/\/actbr.com.br\/en\/produto\/filtro-de-baixa-pressao-px36-13-2-mic10-hc-31\/","og_site_name":"ACT Sistemas Hidr\u00e1ulicos","article_modified_time":"2023-11-01T18:57:50+00:00","og_image":[{"width":600,"height":600,"url":"https:\/\/actbr.com.br\/wp-content\/uploads\/2020\/09\/PX36-13-2-MIC10-HC-31-MAHLE.jpg","type":"image\/jpeg"}],"twitter_card":"summary_large_image","twitter_misc":{"Est. reading time":"1 minute"},"schema":{"@context":"https:\/\/schema.org","@graph":[{"@type":"WebPage","@id":"https:\/\/actbr.com.br\/en\/produto\/filtro-de-baixa-pressao-px36-13-2-mic10-hc-31\/","url":"https:\/\/actbr.com.br\/en\/produto\/filtro-de-baixa-pressao-px36-13-2-mic10-hc-31\/","name":"Filtro de baixa press\u00e3o PX36-13-2-MIC10 (HC 31) - ACT Sistemas Hidr\u00e1ulicos","isPartOf":{"@id":"https:\/\/actbr.com.br\/en\/#website"},"primaryImageOfPage":{"@id":"https:\/\/actbr.com.br\/en\/produto\/filtro-de-baixa-pressao-px36-13-2-mic10-hc-31\/#primaryimage"},"image":{"@id":"https:\/\/actbr.com.br\/en\/produto\/filtro-de-baixa-pressao-px36-13-2-mic10-hc-31\/#primaryimage"},"thumbnailUrl":"https:\/\/actbr.com.br\/wp-content\/uploads\/2020\/09\/PX36-13-2-MIC10-HC-31-MAHLE.jpg","datePublished":"2020-09-29T15:43:59+00:00","dateModified":"2023-11-01T18:57:50+00:00","description":"Os filtros de baixa press\u00e3o s\u00e3o utilizados para proteger componentes do sistema hidr\u00e1ulico de contamina\u00e7\u00e3o.","breadcrumb":{"@id":"https:\/\/actbr.com.br\/en\/produto\/filtro-de-baixa-pressao-px36-13-2-mic10-hc-31\/#breadcrumb"},"inLanguage":"en-US","potentialAction":[{"@type":"ReadAction","target":["https:\/\/actbr.com.br\/en\/produto\/filtro-de-baixa-pressao-px36-13-2-mic10-hc-31\/"]}]},{"@type":"ImageObject","inLanguage":"en-US","@id":"https:\/\/actbr.com.br\/en\/produto\/filtro-de-baixa-pressao-px36-13-2-mic10-hc-31\/#primaryimage","url":"https:\/\/actbr.com.br\/wp-content\/uploads\/2020\/09\/PX36-13-2-MIC10-HC-31-MAHLE.jpg","contentUrl":"https:\/\/actbr.com.br\/wp-content\/uploads\/2020\/09\/PX36-13-2-MIC10-HC-31-MAHLE.jpg","width":600,"height":600,"caption":"PX36-13-2-MIC10 (HC 31) MAHLE"},{"@type":"BreadcrumbList","@id":"https:\/\/actbr.com.br\/en\/produto\/filtro-de-baixa-pressao-px36-13-2-mic10-hc-31\/#breadcrumb","itemListElement":[{"@type":"ListItem","position":1,"name":"In\u00edcio","item":"https:\/\/actbr.com.br\/en\/"},{"@type":"ListItem","position":2,"name":"Produtos","item":"https:\/\/actbr.com.br\/produtos-act\/"},{"@type":"ListItem","position":3,"name":"Filtros e Elementos Filtrante","item":"https:\/\/actbr.com.br\/en\/categoria-produto\/filtros-e-elementos-filtrante\/"},{"@type":"ListItem","position":4,"name":"Filtro Simples (Baixa press\u00e3o)","item":"https:\/\/actbr.com.br\/en\/categoria-produto\/filtros-e-elementos-filtrante\/filtro-simples-baixa-pressao\/"},{"@type":"ListItem","position":5,"name":"Filtro de baixa press\u00e3o PX36-13-2-MIC10 (HC 31)"}]},{"@type":"WebSite","@id":"https:\/\/actbr.com.br\/en\/#website","url":"https:\/\/actbr.com.br\/en\/","name":"ACT Sistemas Hidr\u00e1ulicos","description":"Fabrica\u00e7\u00e3o e manuten\u00e7\u00e3o de componentes \u00f3leo hidr\u00e1ulicos","publisher":{"@id":"https:\/\/actbr.com.br\/en\/#organization"},"potentialAction":[{"@type":"SearchAction","target":{"@type":"EntryPoint","urlTemplate":"https:\/\/actbr.com.br\/en\/?s={search_term_string}"},"query-input":{"@type":"PropertyValueSpecification","valueRequired":true,"valueName":"search_term_string"}}],"inLanguage":"en-US"},{"@type":"Organization","@id":"https:\/\/actbr.com.br\/en\/#organization","name":"ACT Sistemas Hidr\u00e1ulicos","url":"https:\/\/actbr.com.br\/en\/","logo":{"@type":"ImageObject","inLanguage":"en-US","@id":"https:\/\/actbr.com.br\/en\/#\/schema\/logo\/image\/","url":"https:\/\/actbr.com.br\/wp-content\/uploads\/2025\/02\/cropped-ACT_NEGATIVO-marca-dagua.png","contentUrl":"https:\/\/actbr.com.br\/wp-content\/uploads\/2025\/02\/cropped-ACT_NEGATIVO-marca-dagua.png","width":240,"height":146,"caption":"ACT Sistemas Hidr\u00e1ulicos"},"image":{"@id":"https:\/\/actbr.com.br\/en\/#\/schema\/logo\/image\/"}}]}},"_links":{"self":[{"href":"https:\/\/actbr.com.br\/en\/wp-json\/wp\/v2\/product\/3741","targetHints":{"allow":["GET"]}}],"collection":[{"href":"https:\/\/actbr.com.br\/en\/wp-json\/wp\/v2\/product"}],"about":[{"href":"https:\/\/actbr.com.br\/en\/wp-json\/wp\/v2\/types\/product"}],"wp:featuredmedia":[{"embeddable":true,"href":"https:\/\/actbr.com.br\/en\/wp-json\/wp\/v2\/media\/7553"}],"wp:attachment":[{"href":"https:\/\/actbr.com.br\/en\/wp-json\/wp\/v2\/media?parent=3741"}],"wp:term":[{"taxonomy":"product_brand","embeddable":true,"href":"https:\/\/actbr.com.br\/en\/wp-json\/wp\/v2\/product_brand?post=3741"},{"taxonomy":"product_cat","embeddable":true,"href":"https:\/\/actbr.com.br\/en\/wp-json\/wp\/v2\/product_cat?post=3741"},{"taxonomy":"product_tag","embeddable":true,"href":"https:\/\/actbr.com.br\/en\/wp-json\/wp\/v2\/product_tag?post=3741"}],"curies":[{"name":"wp","href":"https:\/\/api.w.org\/{rel}","templated":true}]}}