{"id":3766,"date":"2020-09-29T12:44:44","date_gmt":"2020-09-29T15:44:44","guid":{"rendered":"https:\/\/actbr.com.br\/produto\/indicadores-de-contaminacao-fg\/"},"modified":"2023-06-15T09:43:06","modified_gmt":"2023-06-15T12:43:06","slug":"indicadores-de-contaminacao-fg","status":"publish","type":"product","link":"https:\/\/actbr.com.br\/en\/produto\/indicadores-de-contaminacao-fg\/","title":{"rendered":"Indicador de Contamina\u00e7\u00e3o FG"},"content":{"rendered":"<p><strong>Indicador de Contamina\u00e7\u00e3o FG<\/strong><\/p>\n<p>Os indicadores de filtro sujo Mahle possibilitam a extra\u00e7\u00e3o do m\u00e1ximo rendimento do elemento filtrante atrav\u00e9s do apontamento da satura\u00e7\u00e3o no momento adequado. Qualquer elemento que recolhe part\u00edculas continuamente apresenta redu\u00e7\u00e3o do n\u00famero de poros para a passagem do flu\u00eddo, os indicadores registram a diferen\u00e7a de press\u00e3o e emitem um sinal (el\u00e9trico ou mec\u00e2nico) para que a manuten\u00e7\u00e3o seja realizada.<\/p>\n<p><strong>Op\u00e7\u00f5es dispon\u00edveis:<\/strong><br \/>\nIndicador de Contamina\u00e7\u00e3o 78308454 PIS 3012\/2,2 2SP LED W FPM<br \/>\nIndicador de Contamina\u00e7\u00e3o 78308447 PIS 3012\/5,0 2SP LED W FPM<br \/>\nIndicador de Contamina\u00e7\u00e3o 77669781 PIS 3084\/1,2 mech.\/visual<br \/>\nIndicador de Contamina\u00e7\u00e3o 77737802 PIS 3084\/2,2 mech.\/visual<br \/>\nIndicador de Contamina\u00e7\u00e3o 77669807 PIS 3085\/1,2 EL<br \/>\nIndicador de Contamina\u00e7\u00e3o 77738032 PIS 3085\/2,2 EL<br \/>\nIndicador de Contamina\u00e7\u00e3o 77737513 PIS 3086\/1,2 EL.<br \/>\nIndicador de Contamina\u00e7\u00e3o 77738990 PIS 3087\/1,2 mech.\/visual<br \/>\nIndicador de Contamina\u00e7\u00e3o 77669856 PIS 3092\/2,2 EL.<br \/>\nIndicador de Contamina\u00e7\u00e3o 77669864 PIS 3092\/5,0 EL.<br \/>\nIndicador de Contamina\u00e7\u00e3o 77669872 PIS 3092\/8,0 EL.<br \/>\nIndicador de Contamina\u00e7\u00e3o 77669898 PIS 3093\/2,2 mech.\/visual<br \/>\nIndicador de Contamina\u00e7\u00e3o 77669914 PIS 3093\/5,0 mech.\/visual<br \/>\nIndicador de Contamina\u00e7\u00e3o 77669880 PIS 3093\/8,0 mech.\/visual<br \/>\nIndicador de Contamina\u00e7\u00e3o 77670003 PIS 3095\/2,2 mech.\/visual<br \/>\nIndicador de Contamina\u00e7\u00e3o 77670011 PIS 3095\/5,0 mech.\/visual<br \/>\nIndicador de Contamina\u00e7\u00e3o 77670029 PIS 3095\/8,0 mech.\/visual<br \/>\nIndicador de Contamina\u00e7\u00e3o 77669922 PIS 3096\/2,2 EL.<br \/>\nIndicador de Contamina\u00e7\u00e3o 77669930 PIS 3096\/5,0 EL.<br \/>\nIndicador de Contamina\u00e7\u00e3o 77670045 PIS 3096\/8,0 EL.<br \/>\nIndicador de Contamina\u00e7\u00e3o 70328693 PIS 3097\/1,25 EL. NBR<br \/>\nIndicador de Contamina\u00e7\u00e3o 77669948 PIS 3097\/2,2 EL.<br \/>\nIndicador de Contamina\u00e7\u00e3o 77669955 PIS 3097\/5,0 EL.<br \/>\nIndicador de Contamina\u00e7\u00e3o 77737539 PIS 3097\/8,0 EL.<br \/>\nIndicador de Contamina\u00e7\u00e3o 77974959 PIS 3005 \/ 2,2<br \/>\nIndicador de Contamina\u00e7\u00e3o 77809080 PIS 3098\/1,25MECH<br \/>\nIndicador de Contamina\u00e7\u00e3o 77669971 PIS 3098\/2,2 mech.\/visual<br \/>\nIndicador de Contamina\u00e7\u00e3o 77669989 PIS 3098\/5,0 mech.\/visual<br \/>\nIndicador de Contamina\u00e7\u00e3o 77669997 PIS 3098\/8,0 mech.\/visual<br \/>\nIndicador de Contamina\u00e7\u00e3o 77942139 PIS 3102\/2,2 2SP LED W<br \/>\nIndicador de Contamina\u00e7\u00e3o 77942147 PIS 3102\/5,0 2SP LED W<br \/>\nIndicador de Contamina\u00e7\u00e3o 77942154 PIS 3102\/8,0 2SP LED W<br \/>\nIndicador de Contamina\u00e7\u00e3o 77942170 PIS 3103\/1,2 2SP LED W<br \/>\nIndicador de Contamina\u00e7\u00e3o 77970429 PIS 3103\/2,2 2SP LED W<br \/>\nIndicador de Contamina\u00e7\u00e3o 78236994 PIS 3104\/1,2 2SP LED W<br \/>\nIndicador de Contamina\u00e7\u00e3o 77970387 PIS 3105\/2,2 2SP O<br \/>\nIndicador de Contamina\u00e7\u00e3o 77970395 PIS 3105\/5,0 2SP O<br \/>\nIndicador de Contamina\u00e7\u00e3o 77970403 PIS 3105\/8,0 2SP O<br \/>\nIndicador de Contamina\u00e7\u00e3o 78309155 PIS 3106\/1,2 O 2SP<br \/>\nIndicador de Contamina\u00e7\u00e3o 78308850 PIS 3106\/2,2 O 2SP<br \/>\nIndicador de Contamina\u00e7\u00e3o 79353574 PIS 3110\/2,2<br \/>\nIndicador de Contamina\u00e7\u00e3o 79353582 PIS 3110\/5,0<br \/>\nIndicador de Contamina\u00e7\u00e3o 78308041 PIS 3115\/2,2<br \/>\nIndicador de Contamina\u00e7\u00e3o 78308058 PIS 3115\/5,0<br \/>\nIndicador de Contamina\u00e7\u00e3o 79764010 PIS 3115\/5,0 -M12x1<br \/>\nIndicador de Contamina\u00e7\u00e3o 78308066 PIS 3115\/8,0<br \/>\nIndicador de Contamina\u00e7\u00e3o 78308074 PIS 3116\/2,2<br \/>\nIndicador de Contamina\u00e7\u00e3o 79764028 PIS 3116\/2,2 -M12x1<br \/>\nIndicador de Contamina\u00e7\u00e3o 78308082 PIS 3116\/5,0<br \/>\nIndicador de Contamina\u00e7\u00e3o 78308090 PIS 3116\/8,0<br \/>\nIndicador de Contamina\u00e7\u00e3o 78309122 PIS 3119\/2,2 2SP O &#8211; FPM<br \/>\nIndicador de Contamina\u00e7\u00e3o 78309130 PIS 3119\/5,0 2SP O &#8211; FPM<br \/>\nIndicador de Contamina\u00e7\u00e3o 79375536 PIS 3120\/2,2<br \/>\nIndicador de Contamina\u00e7\u00e3o 78383630 PIS 3122\/2,2 O 2SP SU<br \/>\nIndicador de Contamina\u00e7\u00e3o 78383648 PIS 3122\/5,0 O 2SP SU<br \/>\nIndicador de Contamina\u00e7\u00e3o 78383689 PIS 3123\/2,2 O 2SP SU<br \/>\nIndicador de Contamina\u00e7\u00e3o 78383655 PIS 3124\/2,2 O 2SP SU FPM<br \/>\nIndicador de Contamina\u00e7\u00e3o 78383663 PIS 3124\/5,0 O 2SP SU FPM<br \/>\nIndicador de Contamina\u00e7\u00e3o 78308033 PIS 3125\/1,2<br \/>\nIndicador de Contamina\u00e7\u00e3o 78308108 PIS 3125\/2,2<br \/>\nIndicador de Contamina\u00e7\u00e3o 79764747 PIS 3125\/2,2 -M12x1<br \/>\nIndicador de Contamina\u00e7\u00e3o 79760869 PIS 3131\/2,2 FPM<br \/>\nIndicador de Contamina\u00e7\u00e3o 79760877 PIS 3131\/5,0 FPM<br \/>\nIndicador de Contamina\u00e7\u00e3o 79760919 PIS 3132\/5,0<br \/>\nIndicador de Contamina\u00e7\u00e3o 79760927 PIS 3133\/2,2<br \/>\nIndicador de Contamina\u00e7\u00e3o 79761859 PIS 3141\/2,2 FPM<br \/>\nIndicador de Contamina\u00e7\u00e3o 79761867 PIS 3141\/5.0 FPM<br \/>\nIndicador de Contamina\u00e7\u00e3o 79761883 PIS 3142\/5,0<br \/>\nIndicador de Contamina\u00e7\u00e3o 79761891 PIS 3143\/2,2<br \/>\nIndicador de Contamina\u00e7\u00e3o 79761917 PIS 3151\/5,0 FPM M12x1<br \/>\nIndicador de Contamina\u00e7\u00e3o 79761925 PIS 3152\/2,2 M12x1<br \/>\nIndicador de Contamina\u00e7\u00e3o 79761933 PIS 3152\/5,0 M12x1<br \/>\nIndicador de Contamina\u00e7\u00e3o 79761941 PIS 3153\/2,2 M12x1<br \/>\nIndicador de Contamina\u00e7\u00e3o 76300339 PIS 3154\/2,2 FPM M12x1<br \/>\nIndicador de Contamina\u00e7\u00e3o 76300321 PIS 3154\/5,0 FPM M12x1<br \/>\nIndicador de Contamina\u00e7\u00e3o 76300347 PIS 3155\/1,2 M12x1<br \/>\nIndicador de Contamina\u00e7\u00e3o 76300354 PIS 3155\/2,2 M12x1<br \/>\nIndicador de Contamina\u00e7\u00e3o 76300362 PIS 3155\/5,0 M12x1<br \/>\nIndicador de Contamina\u00e7\u00e3o 76300370 PIS 3156\/2,2 M12x1<br \/>\nIndicador de Contamina\u00e7\u00e3o 78308488 PIS 3192\/2,2 EL.<br \/>\nIndicador de Contamina\u00e7\u00e3o 78308546 PIS 3192\/5,0 EL.<br \/>\nIndicador de Contamina\u00e7\u00e3o 77844061 PIS 3193\/2,2 mech.\/visual<br \/>\nIndicador de Contamina\u00e7\u00e3o 78308538 PIS 3193\/5,0 mech.\/<br \/>\nIndicador de Contamina\u00e7\u00e3o 76393698 PIS 3200\/5,0 EL. SCHLIES. NBR VERP\/packed<br \/>\nIndicador de Contamina\u00e7\u00e3o 77809098 Anbaublock\/adapter<br \/>\nIndicador de Contamina\u00e7\u00e3o 76390264 EL.Oberteil\/upper part S 2SP VERP\/packed.<br \/>\nIndicador de Contamina\u00e7\u00e3o 78308025 LEITUNGSDOSE + 2 LED 10-30V<br \/>\nIndicador de Contamina\u00e7\u00e3o 78307548 LEITUNGSDOSE + LAMPE 10-220 V<br \/>\nIndicador de Contamina\u00e7\u00e3o 76322598 PIT 400 VERP\/packed<br \/>\nIndicador de Contamina\u00e7\u00e3o 76116651 Nachruestsatz\/expansion kit EL.OBERT. 2SP-LED-M12x1<br \/>\nIndicador de Contamina\u00e7\u00e3o 76300412 Nachruestsatz\/expansion kit EL.OBERT. 2SP-LED-M12x1<br \/>\nIndicador de Contamina\u00e7\u00e3o 77536550 Nachruestsatz\/expansion kit EL.Oberteil\/upper part S\/O<br \/>\nAcess\u00f3rios Indicador de Contamina\u00e7\u00e3o 77970445 Nachruestsatz\/expansion kit EL.Oberteil\/upper part W 2SP LRED<br \/>\nIndicador de Contamina\u00e7\u00e3o 77765357 PIS 3003 EL.Oberteil\/upper part O\/SU<br \/>\nIndicador de Contamina\u00e7\u00e3o 78285330 Schutzkappe\/protection cap Z PIS 3084\/87\/93\/98 VERP\/packe<br \/>\nIndicador de Contamina\u00e7\u00e3o 77870587 Druckschalter\/pressure switch MONT.\/OE-1,2<br \/>\nIndicador de Contamina\u00e7\u00e3o 77870595 Druckschalter\/pressure switch MONT.\/OE-2,2<br \/>\nIndicador de Contamina\u00e7\u00e3o 77870603 Druckschalter\/pressure switch MONT.\/OE-5,0<br \/>\nIndicador de Contamina\u00e7\u00e3o 77863814 Druckschalter\/pressure switch MONT.\/S -1,2<br \/>\nIndicador de Contamina\u00e7\u00e3o 77845845 Druckschalter\/pressure switch MONT.\/S -2,2<br \/>\nIndicador de Contamina\u00e7\u00e3o 77863822 Druckschalter\/pressure switch MONT.\/S -5,0<br \/>\nIndicador de Contamina\u00e7\u00e3o 78308900 HEO 2200 BP M. Schutzkappe\/protection cap<br \/>\nIndicador de Contamina\u00e7\u00e3o 78308892 HES 2200 BP M. Schutzkappe\/protection cap<br \/>\nIndicador de Contamina\u00e7\u00e3o 78308926 LEO 250 I M. Schutzkappe\/protection cap<br \/>\nIndicador de Contamina\u00e7\u00e3o 78308918 LES 250 I M. Schutzkappe\/protection cap<br \/>\nIndicador de Contamina\u00e7\u00e3o 77669690 PIS 3070\/-15-80 MBAR<br \/>\nIndicador de Contamina\u00e7\u00e3o 77669724 PIS 3070\/-50-600 MBAR<br \/>\nIndicador de Contamina\u00e7\u00e3o 79358326 Manometer\/gauge G1\/4-NG40 (0 bis 4bar)rot\/grue<br \/>\nIndicador de Contamina\u00e7\u00e3o 77545908 Manometer\/gauge G1\/8-NG40 (-1 BIS 0,6BAR)RO\/GR<br \/>\nAcess\u00f3rios Indicador de Contamina\u00e7\u00e3o 77870611 Manometer\/gauge R1\/4-NG50 (0 BIS 10BAR)<br \/>\nAcess\u00f3rios Indicador de Contamina\u00e7\u00e3o 77617558 Manometer\/gauge R1\/4-NG50 (-1 BIS 0)<br \/>\nAcess\u00f3rios Indicador de Contamina\u00e7\u00e3o 76345763 Manometer\/gauge R1\/8 (-1 BIS +0,6 BAR) VP<\/p>\n","protected":false},"excerpt":{"rendered":"<p>Os indicadores de filtro sujo Mahle possibilitam a extra\u00e7\u00e3o do m\u00e1ximo rendimento do elemento filtrante atrav\u00e9s do apontamento da satura\u00e7\u00e3o no momento adequado.<\/p>\n","protected":false},"featured_media":7570,"template":"","meta":[],"product_brand":[],"product_cat":[67,101],"product_tag":[],"class_list":{"0":"post-3766","1":"product","2":"type-product","3":"status-publish","4":"has-post-thumbnail","6":"product_cat-filtros-e-elementos-filtrante","7":"product_cat-indicador-de-contaminacao-manutencao","9":"first","10":"instock","11":"virtual","12":"product-type-simple"},"yoast_head":"<!-- This site is optimized with the Yoast SEO plugin v27.2 - https:\/\/yoast.com\/product\/yoast-seo-wordpress\/ -->\n<title>Indicador de Contamina\u00e7\u00e3o FG - ACT Sistemas Hidr\u00e1ulicos<\/title>\n<meta name=\"description\" content=\"Os indicadores de filtro sujo Mahle possibilitam a extra\u00e7\u00e3o do m\u00e1ximo rendimento do elemento filtrante atrav\u00e9s do apontamento da satura\u00e7\u00e3o.\" \/>\n<meta name=\"robots\" content=\"index, follow, max-snippet:-1, max-image-preview:large, max-video-preview:-1\" \/>\n<link rel=\"canonical\" href=\"https:\/\/actbr.com.br\/en\/produto\/indicadores-de-contaminacao-fg\/\" \/>\n<meta property=\"og:locale\" content=\"en_US\" \/>\n<meta property=\"og:type\" content=\"article\" \/>\n<meta property=\"og:title\" content=\"Indicador de Contamina\u00e7\u00e3o FG - ACT Sistemas Hidr\u00e1ulicos\" \/>\n<meta property=\"og:description\" content=\"Os indicadores de filtro sujo Mahle possibilitam a extra\u00e7\u00e3o do m\u00e1ximo rendimento do elemento filtrante atrav\u00e9s do apontamento da satura\u00e7\u00e3o.\" \/>\n<meta property=\"og:url\" content=\"https:\/\/actbr.com.br\/en\/produto\/indicadores-de-contaminacao-fg\/\" \/>\n<meta property=\"og:site_name\" content=\"ACT Sistemas Hidr\u00e1ulicos\" \/>\n<meta property=\"article:modified_time\" content=\"2023-06-15T12:43:06+00:00\" \/>\n<meta property=\"og:image\" content=\"https:\/\/actbr.com.br\/wp-content\/uploads\/2020\/09\/Indicador-de-contaminacao-FG.jpg\" \/>\n\t<meta property=\"og:image:width\" content=\"500\" \/>\n\t<meta property=\"og:image:height\" content=\"421\" \/>\n\t<meta property=\"og:image:type\" content=\"image\/jpeg\" \/>\n<meta name=\"twitter:card\" content=\"summary_large_image\" \/>\n<meta name=\"twitter:label1\" content=\"Est. reading time\" \/>\n\t<meta name=\"twitter:data1\" content=\"6 minutes\" \/>\n<script type=\"application\/ld+json\" class=\"yoast-schema-graph\">{\"@context\":\"https:\/\/schema.org\",\"@graph\":[{\"@type\":\"WebPage\",\"@id\":\"https:\/\/actbr.com.br\/en\/produto\/indicadores-de-contaminacao-fg\/\",\"url\":\"https:\/\/actbr.com.br\/en\/produto\/indicadores-de-contaminacao-fg\/\",\"name\":\"Indicador de Contamina\u00e7\u00e3o FG - ACT Sistemas Hidr\u00e1ulicos\",\"isPartOf\":{\"@id\":\"https:\/\/actbr.com.br\/en\/#website\"},\"primaryImageOfPage\":{\"@id\":\"https:\/\/actbr.com.br\/en\/produto\/indicadores-de-contaminacao-fg\/#primaryimage\"},\"image\":{\"@id\":\"https:\/\/actbr.com.br\/en\/produto\/indicadores-de-contaminacao-fg\/#primaryimage\"},\"thumbnailUrl\":\"https:\/\/actbr.com.br\/wp-content\/uploads\/2020\/09\/Indicador-de-contaminacao-FG.jpg\",\"datePublished\":\"2020-09-29T15:44:44+00:00\",\"dateModified\":\"2023-06-15T12:43:06+00:00\",\"description\":\"Os indicadores de filtro sujo Mahle possibilitam a extra\u00e7\u00e3o do m\u00e1ximo rendimento do elemento filtrante atrav\u00e9s do apontamento da satura\u00e7\u00e3o.\",\"breadcrumb\":{\"@id\":\"https:\/\/actbr.com.br\/en\/produto\/indicadores-de-contaminacao-fg\/#breadcrumb\"},\"inLanguage\":\"en-US\",\"potentialAction\":[{\"@type\":\"ReadAction\",\"target\":[\"https:\/\/actbr.com.br\/en\/produto\/indicadores-de-contaminacao-fg\/\"]}]},{\"@type\":\"ImageObject\",\"inLanguage\":\"en-US\",\"@id\":\"https:\/\/actbr.com.br\/en\/produto\/indicadores-de-contaminacao-fg\/#primaryimage\",\"url\":\"https:\/\/actbr.com.br\/wp-content\/uploads\/2020\/09\/Indicador-de-contaminacao-FG.jpg\",\"contentUrl\":\"https:\/\/actbr.com.br\/wp-content\/uploads\/2020\/09\/Indicador-de-contaminacao-FG.jpg\",\"width\":500,\"height\":421,\"caption\":\"Indicador de Contamina\u00e7\u00e3o FG\"},{\"@type\":\"BreadcrumbList\",\"@id\":\"https:\/\/actbr.com.br\/en\/produto\/indicadores-de-contaminacao-fg\/#breadcrumb\",\"itemListElement\":[{\"@type\":\"ListItem\",\"position\":1,\"name\":\"In\u00edcio\",\"item\":\"https:\/\/actbr.com.br\/en\/\"},{\"@type\":\"ListItem\",\"position\":2,\"name\":\"Produtos\",\"item\":\"https:\/\/actbr.com.br\/produtos-act\/\"},{\"@type\":\"ListItem\",\"position\":3,\"name\":\"Filtros e Elementos Filtrante\",\"item\":\"https:\/\/actbr.com.br\/en\/categoria-produto\/filtros-e-elementos-filtrante\/\"},{\"@type\":\"ListItem\",\"position\":4,\"name\":\"Indicador de contamina\u00e7\u00e3o\/manuten\u00e7\u00e3o\",\"item\":\"https:\/\/actbr.com.br\/en\/categoria-produto\/filtros-e-elementos-filtrante\/indicador-de-contaminacao-manutencao\/\"},{\"@type\":\"ListItem\",\"position\":5,\"name\":\"Indicador de Contamina\u00e7\u00e3o FG\"}]},{\"@type\":\"WebSite\",\"@id\":\"https:\/\/actbr.com.br\/en\/#website\",\"url\":\"https:\/\/actbr.com.br\/en\/\",\"name\":\"ACT Sistemas Hidr\u00e1ulicos\",\"description\":\"Fabrica\u00e7\u00e3o e manuten\u00e7\u00e3o de componentes \u00f3leo hidr\u00e1ulicos\",\"publisher\":{\"@id\":\"https:\/\/actbr.com.br\/en\/#organization\"},\"potentialAction\":[{\"@type\":\"SearchAction\",\"target\":{\"@type\":\"EntryPoint\",\"urlTemplate\":\"https:\/\/actbr.com.br\/en\/?s={search_term_string}\"},\"query-input\":{\"@type\":\"PropertyValueSpecification\",\"valueRequired\":true,\"valueName\":\"search_term_string\"}}],\"inLanguage\":\"en-US\"},{\"@type\":\"Organization\",\"@id\":\"https:\/\/actbr.com.br\/en\/#organization\",\"name\":\"ACT Sistemas Hidr\u00e1ulicos\",\"url\":\"https:\/\/actbr.com.br\/en\/\",\"logo\":{\"@type\":\"ImageObject\",\"inLanguage\":\"en-US\",\"@id\":\"https:\/\/actbr.com.br\/en\/#\/schema\/logo\/image\/\",\"url\":\"https:\/\/actbr.com.br\/wp-content\/uploads\/2025\/02\/cropped-ACT_NEGATIVO-marca-dagua.png\",\"contentUrl\":\"https:\/\/actbr.com.br\/wp-content\/uploads\/2025\/02\/cropped-ACT_NEGATIVO-marca-dagua.png\",\"width\":240,\"height\":146,\"caption\":\"ACT Sistemas Hidr\u00e1ulicos\"},\"image\":{\"@id\":\"https:\/\/actbr.com.br\/en\/#\/schema\/logo\/image\/\"}}]}<\/script>\n<!-- \/ Yoast SEO plugin. -->","yoast_head_json":{"title":"Indicador de Contamina\u00e7\u00e3o FG - ACT Sistemas Hidr\u00e1ulicos","description":"Os indicadores de filtro sujo Mahle possibilitam a extra\u00e7\u00e3o do m\u00e1ximo rendimento do elemento filtrante atrav\u00e9s do apontamento da satura\u00e7\u00e3o.","robots":{"index":"index","follow":"follow","max-snippet":"max-snippet:-1","max-image-preview":"max-image-preview:large","max-video-preview":"max-video-preview:-1"},"canonical":"https:\/\/actbr.com.br\/en\/produto\/indicadores-de-contaminacao-fg\/","og_locale":"en_US","og_type":"article","og_title":"Indicador de Contamina\u00e7\u00e3o FG - ACT Sistemas Hidr\u00e1ulicos","og_description":"Os indicadores de filtro sujo Mahle possibilitam a extra\u00e7\u00e3o do m\u00e1ximo rendimento do elemento filtrante atrav\u00e9s do apontamento da satura\u00e7\u00e3o.","og_url":"https:\/\/actbr.com.br\/en\/produto\/indicadores-de-contaminacao-fg\/","og_site_name":"ACT Sistemas Hidr\u00e1ulicos","article_modified_time":"2023-06-15T12:43:06+00:00","og_image":[{"width":500,"height":421,"url":"https:\/\/actbr.com.br\/wp-content\/uploads\/2020\/09\/Indicador-de-contaminacao-FG.jpg","type":"image\/jpeg"}],"twitter_card":"summary_large_image","twitter_misc":{"Est. reading time":"6 minutes"},"schema":{"@context":"https:\/\/schema.org","@graph":[{"@type":"WebPage","@id":"https:\/\/actbr.com.br\/en\/produto\/indicadores-de-contaminacao-fg\/","url":"https:\/\/actbr.com.br\/en\/produto\/indicadores-de-contaminacao-fg\/","name":"Indicador de Contamina\u00e7\u00e3o FG - ACT Sistemas Hidr\u00e1ulicos","isPartOf":{"@id":"https:\/\/actbr.com.br\/en\/#website"},"primaryImageOfPage":{"@id":"https:\/\/actbr.com.br\/en\/produto\/indicadores-de-contaminacao-fg\/#primaryimage"},"image":{"@id":"https:\/\/actbr.com.br\/en\/produto\/indicadores-de-contaminacao-fg\/#primaryimage"},"thumbnailUrl":"https:\/\/actbr.com.br\/wp-content\/uploads\/2020\/09\/Indicador-de-contaminacao-FG.jpg","datePublished":"2020-09-29T15:44:44+00:00","dateModified":"2023-06-15T12:43:06+00:00","description":"Os indicadores de filtro sujo Mahle possibilitam a extra\u00e7\u00e3o do m\u00e1ximo rendimento do elemento filtrante atrav\u00e9s do apontamento da satura\u00e7\u00e3o.","breadcrumb":{"@id":"https:\/\/actbr.com.br\/en\/produto\/indicadores-de-contaminacao-fg\/#breadcrumb"},"inLanguage":"en-US","potentialAction":[{"@type":"ReadAction","target":["https:\/\/actbr.com.br\/en\/produto\/indicadores-de-contaminacao-fg\/"]}]},{"@type":"ImageObject","inLanguage":"en-US","@id":"https:\/\/actbr.com.br\/en\/produto\/indicadores-de-contaminacao-fg\/#primaryimage","url":"https:\/\/actbr.com.br\/wp-content\/uploads\/2020\/09\/Indicador-de-contaminacao-FG.jpg","contentUrl":"https:\/\/actbr.com.br\/wp-content\/uploads\/2020\/09\/Indicador-de-contaminacao-FG.jpg","width":500,"height":421,"caption":"Indicador de Contamina\u00e7\u00e3o FG"},{"@type":"BreadcrumbList","@id":"https:\/\/actbr.com.br\/en\/produto\/indicadores-de-contaminacao-fg\/#breadcrumb","itemListElement":[{"@type":"ListItem","position":1,"name":"In\u00edcio","item":"https:\/\/actbr.com.br\/en\/"},{"@type":"ListItem","position":2,"name":"Produtos","item":"https:\/\/actbr.com.br\/produtos-act\/"},{"@type":"ListItem","position":3,"name":"Filtros e Elementos Filtrante","item":"https:\/\/actbr.com.br\/en\/categoria-produto\/filtros-e-elementos-filtrante\/"},{"@type":"ListItem","position":4,"name":"Indicador de contamina\u00e7\u00e3o\/manuten\u00e7\u00e3o","item":"https:\/\/actbr.com.br\/en\/categoria-produto\/filtros-e-elementos-filtrante\/indicador-de-contaminacao-manutencao\/"},{"@type":"ListItem","position":5,"name":"Indicador de Contamina\u00e7\u00e3o FG"}]},{"@type":"WebSite","@id":"https:\/\/actbr.com.br\/en\/#website","url":"https:\/\/actbr.com.br\/en\/","name":"ACT Sistemas Hidr\u00e1ulicos","description":"Fabrica\u00e7\u00e3o e manuten\u00e7\u00e3o de componentes \u00f3leo hidr\u00e1ulicos","publisher":{"@id":"https:\/\/actbr.com.br\/en\/#organization"},"potentialAction":[{"@type":"SearchAction","target":{"@type":"EntryPoint","urlTemplate":"https:\/\/actbr.com.br\/en\/?s={search_term_string}"},"query-input":{"@type":"PropertyValueSpecification","valueRequired":true,"valueName":"search_term_string"}}],"inLanguage":"en-US"},{"@type":"Organization","@id":"https:\/\/actbr.com.br\/en\/#organization","name":"ACT Sistemas Hidr\u00e1ulicos","url":"https:\/\/actbr.com.br\/en\/","logo":{"@type":"ImageObject","inLanguage":"en-US","@id":"https:\/\/actbr.com.br\/en\/#\/schema\/logo\/image\/","url":"https:\/\/actbr.com.br\/wp-content\/uploads\/2025\/02\/cropped-ACT_NEGATIVO-marca-dagua.png","contentUrl":"https:\/\/actbr.com.br\/wp-content\/uploads\/2025\/02\/cropped-ACT_NEGATIVO-marca-dagua.png","width":240,"height":146,"caption":"ACT Sistemas Hidr\u00e1ulicos"},"image":{"@id":"https:\/\/actbr.com.br\/en\/#\/schema\/logo\/image\/"}}]}},"_links":{"self":[{"href":"https:\/\/actbr.com.br\/en\/wp-json\/wp\/v2\/product\/3766","targetHints":{"allow":["GET"]}}],"collection":[{"href":"https:\/\/actbr.com.br\/en\/wp-json\/wp\/v2\/product"}],"about":[{"href":"https:\/\/actbr.com.br\/en\/wp-json\/wp\/v2\/types\/product"}],"wp:featuredmedia":[{"embeddable":true,"href":"https:\/\/actbr.com.br\/en\/wp-json\/wp\/v2\/media\/7570"}],"wp:attachment":[{"href":"https:\/\/actbr.com.br\/en\/wp-json\/wp\/v2\/media?parent=3766"}],"wp:term":[{"taxonomy":"product_brand","embeddable":true,"href":"https:\/\/actbr.com.br\/en\/wp-json\/wp\/v2\/product_brand?post=3766"},{"taxonomy":"product_cat","embeddable":true,"href":"https:\/\/actbr.com.br\/en\/wp-json\/wp\/v2\/product_cat?post=3766"},{"taxonomy":"product_tag","embeddable":true,"href":"https:\/\/actbr.com.br\/en\/wp-json\/wp\/v2\/product_tag?post=3766"}],"curies":[{"name":"wp","href":"https:\/\/api.w.org\/{rel}","templated":true}]}}