{"id":3769,"date":"2020-09-29T12:44:44","date_gmt":"2020-09-29T15:44:44","guid":{"rendered":"https:\/\/actbr.com.br\/produto\/filtro-de-retorno-fg\/"},"modified":"2023-12-15T09:27:19","modified_gmt":"2023-12-15T12:27:19","slug":"filtro-de-retorno-fg","status":"publish","type":"product","link":"https:\/\/actbr.com.br\/en\/produto\/filtro-de-retorno-fg\/","title":{"rendered":"Filtro de Retorno FG"},"content":{"rendered":"<p><strong>Filtro de Retorno FG<\/strong><\/p>\n<p>O Filtro de Retorno FG (Mahle) oferece uma capacidade multifuncional num formato compacto, proporcionando redu\u00e7\u00e3o de custos e espa\u00e7o f\u00edsico. A Mahle disp\u00f5e de filtros da linha de retorno de v\u00e1rios modelos e para diferentes possibilidades e aplica\u00e7\u00f5es. As carca\u00e7as s\u00e3o montadas em linha ou diretamente no reservat\u00f3rio.<\/p>\n<p>Aplica\u00e7\u00f5es: Empilhadeiras do tipo tesoura e garfo; unidades hidr\u00e1ulicas; cortadores e compactadores; elevadores a\u00e9reos; equipamentos industriais e etc.<\/p>\n<p>&nbsp;<\/p>\n<p>Filtros de retorno Mahle:<\/p>\n<p><img decoding=\"async\" src=\"https:\/\/actbr.com.br\/wp-content\/uploads\/2020\/09\/a-elementos-retorno-mahle.jpg\" alt=\"\" \/><\/p>\n<p>Filtros de retorno fornecidos pela ACT:<\/p>\n<p>Filtro de Retorno 78337438 PI 51004-047<br \/>\nFiltro de Retorno 78275729 PI 51004-057<br \/>\nFiltro de Retorno 78275737 PI 51004-058<br \/>\nFiltro de Retorno 78337446 PI 51006-047<br \/>\nFiltro de Retorno 78275513 PI 51006-057<br \/>\nFiltro de Retorno 78275307 PI 51006-058<br \/>\nFiltro de Retorno 77994320 PI 51010-047<br \/>\nFiltro de Retorno 78274110 PI 51010-057<br \/>\nFiltro de Retorno 77993306 PI 51010-058<br \/>\nFiltro de Retorno 78276453 PI 51016-047<br \/>\nFiltro de Retorno 78337479 PI 51016-057<br \/>\nFiltro de Retorno 78276644 PI 51016-058<br \/>\nFiltro de Retorno 78276479 PI 51025-047<br \/>\nFiltro de Retorno 78336323 PI 51025-057<br \/>\nFiltro de Retorno 78316044 PI 51025-058<br \/>\nFiltro de Retorno 78276487 PI 51040-047<br \/>\nFiltro de Retorno 78337495 PI 51040-057<br \/>\nFiltro de Retorno 78337503 PI 51040-058<br \/>\nFiltro de Retorno 78276495 PI 51063-047\/6<br \/>\nFiltro de Retorno 78336844 PI 51063-057\/6<br \/>\nFiltro de Retorno 78336547 PI 51063-058\/6<br \/>\nFiltro de Retorno 78337537 PI 51100-047<br \/>\nFiltro de Retorno 78337545 PI 51100-057<br \/>\nFiltro de Retorno 78337420 PI 51100-058<br \/>\nFiltro de Retorno 79763319 PI 50004\/1-047<br \/>\nFiltro de Retorno 79763343 PI 50004\/1-056<br \/>\nFiltro de Retorno 79763350 PI 50004\/1-057<br \/>\nFiltro de Retorno 79763368 PI 50004\/1-058<br \/>\nFiltro de Retorno 79764556 PI 50004\/1-076<br \/>\nFiltro de Retorno 77965403 PI 50004-047<br \/>\nFiltro de Retorno 77976053 PI 50004-050<br \/>\nFiltro de Retorno 77976061 PI 50004-052<br \/>\nFiltro de Retorno 77976012 PI 50004-056<br \/>\nFiltro de Retorno 77976020 PI 50004-057<br \/>\nFiltro de Retorno 77976038 PI 50004-058<br \/>\nFiltro de Retorno 76102461 PI 50004-058 FPM<br \/>\nFiltro de Retorno 77976046 PI 50004-059<br \/>\nFiltro de Retorno 77976079 PI 50004-076<br \/>\nFiltro de Retorno 77976087 PI 50004-077<br \/>\nFiltro de Retorno 77976095 PI 50004-078<br \/>\nFiltro de Retorno 77976103 PI 50004-079<br \/>\nFiltro de Retorno 77976111 PI 50004-080<br \/>\nFiltro de Retorno 77976129 PI 50004-081<br \/>\nFiltro de Retorno 77976145 PI 50004-083<br \/>\nFiltro de Retorno 77976160 PI 50004-085<br \/>\nFiltro de Retorno 77976186 PI 50004-087<br \/>\nFiltro de Retorno 77976228 PI 50004-091<br \/>\nFiltro de Retorno 79763558 PI 50006\/1-057<br \/>\nFiltro de Retorno 79763574 PI 50006\/1-059<br \/>\nFiltro de Retorno 79763608 PI 50006\/1-078<br \/>\nFiltro de Retorno 79764572 PI 50006\/1-081<br \/>\nFiltro de Retorno 77965395 PI 50006-047<br \/>\nFiltro de Retorno 77976277 PI 50006-050<br \/>\nFiltro de Retorno 77976285 PI 50006-052<br \/>\nFiltro de Retorno 77976244 PI 50006-057<br \/>\nFiltro de Retorno 77976251 PI 50006-058<br \/>\nFiltro de Retorno 78339582 PI 50006-058 FPM<br \/>\nFiltro de Retorno 77976269 PI 50006-059<br \/>\nFiltro de Retorno 77976293 PI 50006-076<br \/>\nFiltro de Retorno 77976301 PI 50006-077<br \/>\nFiltro de Retorno 77976319 PI 50006-078<br \/>\nFiltro de Retorno 77976327 PI 50006-079<br \/>\nFiltro de Retorno 77976335 PI 50006-080<br \/>\nFiltro de Retorno 77976343 PI 50006-081<br \/>\nFiltro de Retorno77976384 PI 50006-085<br \/>\nFiltro de Retorno 77976392 PI 50006-086<br \/>\nFiltro de Retorno 77976400 PI 50006-087<br \/>\nFiltro de Retorno 79767153 PI 50010\/1-047<br \/>\nFiltro de Retorno 79763749 PI 50010\/1-056<br \/>\nFiltro de Retorno 79763756 PI 50010\/1-057<br \/>\nFiltro de Retorno 79764549 PI 50010\/1-058<br \/>\nFiltro de Retorno 79763764 PI 50010\/1-059<br \/>\nFiltro de Retorno 79764507 PI 50010\/1-076<br \/>\nFiltro de Retorno 79763772 PI 50010\/1-077<br \/>\nFiltro de Retorno 79764515 PI 50010\/1-078<br \/>\nFiltro de Retorno 79763780 PI 50010\/1-079<br \/>\nFiltro de Retorno 79764531 PI 50010\/1-084<br \/>\nFiltro de Retorno 79763830 PI 50010\/1-086<br \/>\nFiltro de Retorno 79763855 PI 50010\/1-088<br \/>\nFiltro de Retorno 77965320 PI 50010-047<br \/>\nFiltro de Retorno 77976491 PI 50010-050<br \/>\nFiltro de Retorno 77976509 PI 50010-052<br \/>\nFiltro de Retorno 77976459 PI 50010-056<br \/>\nFiltro de Retorno 77976467 PI 50010-057<br \/>\nFiltro de Retorno 77976475 PI 50010-058<br \/>\nFiltro de Retorno 78228819 PI 50010-058 FPM<br \/>\nFiltro de Retorno 77976483 PI 50010-059<br \/>\nFiltro de Retorno 77976517 PI 50010-076<br \/>\nFiltro de Retorno 77976525 PI 50010-077<br \/>\nFiltro de Retorno 77976533 PI 50010-078<br \/>\nFiltro de Retorno 77976541 PI 50010-079<br \/>\nFiltro de Retorno 77976558 PI 50010-080<br \/>\nFiltro de Retorno 77976566 PI 50010-081<br \/>\nFiltro de Retorno 77976574 PI 50010-082<br \/>\nFiltro de Retorno 77976582 PI 50010-083<br \/>\nFiltro de Retorno 77976590 PI 50010-084<br \/>\nFiltro de Retorno 77976608 PI 50010-085<br \/>\nFiltro de Retorno 77976616 PI 50010-086<br \/>\nFiltro de Retorno 77976624 PI 50010-087<br \/>\nFiltro de Retorno 77976632 PI 50010-088<br \/>\nFiltro de Retorno 77976665 PI 50010-091<br \/>\nFiltro de Retorno 78274771 PI 50016-047<br \/>\nFiltro de Retorno 77976830 PI 50016-050<br \/>\nFiltro de Retorno 77976848 PI 50016-052<br \/>\nFiltro de Retorno 77976798 PI 50016-056<br \/>\nFiltro de Retorno 77976806 PI 50016-057<br \/>\nFiltro de Retorno 77978513 PI 50016-058<br \/>\nFiltro de Retorno 79336462 PI 50016-058 FPM<br \/>\nFiltro de Retorno 77976822 PI 50016-059<br \/>\nFiltro de Retorno 77976855 PI 50016-092<br \/>\nFiltro de Retorno 77976863 PI 50016-093<br \/>\nFiltro de Retorno 77976871 PI 50016-094<br \/>\nFiltro de Retorno 77976889 PI 50016-095<br \/>\nFiltro de Retorno 77977325 PI 50016-097<br \/>\nFiltro de Retorno 78229346 PI 50025-047<br \/>\nFiltro de Retorno 77976947 PI 50025-050<br \/>\nFiltro de Retorno 77976954 PI 50025-052<br \/>\nFiltro de Retorno 77976905 PI 50025-056<br \/>\nFiltro de Retorno 77976913 PI 50025-057<br \/>\nFiltro de Retorno 77978505 PI 50025-058<br \/>\nFiltro de Retorno 79768235 PI 50025-058 FPM<br \/>\nFiltro de Retorno 77976939 PI 50025-059<br \/>\nFiltro de Retorno 77976962 PI 50025-092<br \/>\nFiltro de Retorno 77976970 PI 50025-093<br \/>\nFiltro de Retorno 77976988 PI 50025-094<br \/>\nFiltro de Retorno 77977333 PI 50025-097<br \/>\nFiltro de Retorno 78276636 PI 50040-047<br \/>\nFiltro de Retorno 77977044 PI 50040-050<br \/>\nFiltro de Retorno 77977051 PI 50040-052<br \/>\nFiltro de Retorno 77977010 PI 50040-056<br \/>\nFiltro de Retorno 77977028 PI 50040-057<br \/>\nFiltro de Retorno 77941131 PI 50040-058<br \/>\nFiltro de Retorno 79336579 PI 50040-058 FPM<br \/>\nFiltro de Retorno 77977036 PI 50040-059<br \/>\nFiltro de Retorno 77977069 PI 50040-092<br \/>\nFiltro de Retorno 77977077 PI 50040-093<br \/>\nFiltro de Retorno 77977085 PI 50040-094<br \/>\nFiltro de Retorno 77977341 PI 50040-097<br \/>\nFiltro de Retorno 77966450 PI 50063-047<br \/>\nFiltro de Retorno 77977150 PI 50063-052<br \/>\nFiltro de Retorno 77977119 PI 50063-056<br \/>\nFiltro de Retorno 77977127 PI 50063-057<br \/>\nFiltro de Retorno 77941123 PI 50063-058<br \/>\nFiltro de Retorno 77977135 PI 50063-059<br \/>\nFiltro de Retorno 77977176 PI 50063-093<br \/>\nFiltro de Retorno 77977184 PI 50063-094<br \/>\nFiltro de Retorno 77966468 PI 50100-047<br \/>\nFiltro de Retorno 77977259 PI 50100-050<br \/>\nFiltro de Retorno 77977267 PI 50100-052<br \/>\nFiltro de Retorno 77977218 PI 50100-056<br \/>\nFiltro de Retorno 77977226 PI 50100-057<br \/>\nFiltro de Retorno 77978471 PI 50100-058<br \/>\nFiltro de Retorno 77977242 PI 50100-059<br \/>\nFiltro de Retorno 77977275 PI 50100-092<br \/>\nFiltro de Retorno 77977283 PI 50100-093<br \/>\nFiltro de Retorno 77977291 PI 50100-094<br \/>\nFiltro de Retorno 77977309 PI 50100-095<br \/>\nFiltro de Retorno 79322736 PI 53003\/1-009<br \/>\nFiltro de Retorno 79323395 PI 53003\/1-012<br \/>\nFiltro de Retorno 78206724 PI 53003\/1-020<br \/>\nFiltro de Retorno 79322652 PI 53003\/1-026<br \/>\nFiltro de Retorno 79322660 PI 53003\/1-027<br \/>\nFiltro de Retorno 78309304 PI 53003\/1-141<br \/>\nFiltro de Retorno 79323445 PI 53003\/1-142<br \/>\nFiltro de Retorno 79323452 PI 53003\/1-143<br \/>\nFiltro de Retorno 79323411 PI 53003\/1-144<br \/>\nFiltro de Retorno 79323429 PI 53003\/1-145<br \/>\nFiltro de Retorno 79323437 PI 53003\/1-146<br \/>\nFiltro de Retorno 79325655 PI 53003\/2-009<br \/>\nFiltro de Retorno 79323460 PI 53003\/2-012<br \/>\nFiltro de Retorno 79323478 PI 53003\/2-013<br \/>\nFiltro de Retorno 79323486 PI 53003\/2-020<br \/>\nFiltro de Retorno 79323502 PI 53005\/1-009<br \/>\nFiltro de Retorno 78309312 PI 53005\/1-020<br \/>\nFiltro de Retorno 79322678 PI 53005\/1-026<br \/>\nFiltro de Retorno 78309221 PI 53005\/1-141<br \/>\nFiltro de Retorno 78309445 PI 53005\/1-143<br \/>\nFiltro de Retorno 79323536 PI 53005\/1-144<br \/>\nFiltro de Retorno 79323544 PI 53005\/1-145<br \/>\nFiltro de Retorno 79323551 PI 53005\/1-146<br \/>\nFiltro de Retorno 79323577 PI 53005\/2-009<br \/>\nFiltro de Retorno 79323585 PI 53005\/2-012<br \/>\nFiltro de Retorno 79323593 PI 53005\/2-013<br \/>\nFiltro de Retorno 79323239 PI 53005\/2-020<\/p>\n","protected":false},"excerpt":{"rendered":"<p>O Filtro de Retorno FG (Mahle) oferece uma capacidade multifuncional num formato compacto, proporcionando redu\u00e7\u00e3o de custos e espa\u00e7o f\u00edsico.<\/p>\n","protected":false},"featured_media":7594,"template":"","meta":[],"product_brand":[],"product_cat":[116,67],"product_tag":[],"class_list":{"0":"post-3769","1":"product","2":"type-product","3":"status-publish","4":"has-post-thumbnail","6":"product_cat-filtro-de-retorno","7":"product_cat-filtros-e-elementos-filtrante","9":"first","10":"instock","11":"virtual","12":"product-type-simple"},"yoast_head":"<!-- This site is optimized with the Yoast SEO plugin v27.2 - https:\/\/yoast.com\/product\/yoast-seo-wordpress\/ -->\n<title>Filtro de Retorno FG - ACT Sistemas Hidr\u00e1ulicos<\/title>\n<meta name=\"description\" content=\"O Filtro de Retorno FG (Mahle) oferece uma capacidade multifuncional num formato compacto, proporcionando redu\u00e7\u00e3o de custos e espa\u00e7o f\u00edsico.\" \/>\n<meta name=\"robots\" content=\"index, follow, max-snippet:-1, max-image-preview:large, max-video-preview:-1\" \/>\n<link rel=\"canonical\" href=\"https:\/\/actbr.com.br\/en\/produto\/filtro-de-retorno-fg\/\" \/>\n<meta property=\"og:locale\" content=\"en_US\" \/>\n<meta property=\"og:type\" content=\"article\" \/>\n<meta property=\"og:title\" content=\"Filtro de Retorno FG - ACT Sistemas Hidr\u00e1ulicos\" \/>\n<meta property=\"og:description\" content=\"O Filtro de Retorno FG (Mahle) oferece uma capacidade multifuncional num formato compacto, proporcionando redu\u00e7\u00e3o de custos e espa\u00e7o f\u00edsico.\" \/>\n<meta property=\"og:url\" content=\"https:\/\/actbr.com.br\/en\/produto\/filtro-de-retorno-fg\/\" \/>\n<meta property=\"og:site_name\" content=\"ACT Sistemas Hidr\u00e1ulicos\" \/>\n<meta property=\"article:modified_time\" content=\"2023-12-15T12:27:19+00:00\" \/>\n<meta property=\"og:image\" content=\"https:\/\/actbr.com.br\/wp-content\/uploads\/2020\/09\/Filtro-de-Retorno-FG.jpg\" \/>\n\t<meta property=\"og:image:width\" content=\"300\" \/>\n\t<meta property=\"og:image:height\" content=\"300\" \/>\n\t<meta property=\"og:image:type\" content=\"image\/jpeg\" \/>\n<meta name=\"twitter:card\" content=\"summary_large_image\" \/>\n<meta name=\"twitter:label1\" content=\"Est. reading time\" \/>\n\t<meta name=\"twitter:data1\" content=\"7 minutes\" \/>\n<script type=\"application\/ld+json\" class=\"yoast-schema-graph\">{\"@context\":\"https:\/\/schema.org\",\"@graph\":[{\"@type\":\"WebPage\",\"@id\":\"https:\/\/actbr.com.br\/en\/produto\/filtro-de-retorno-fg\/\",\"url\":\"https:\/\/actbr.com.br\/en\/produto\/filtro-de-retorno-fg\/\",\"name\":\"Filtro de Retorno FG - ACT Sistemas Hidr\u00e1ulicos\",\"isPartOf\":{\"@id\":\"https:\/\/actbr.com.br\/en\/#website\"},\"primaryImageOfPage\":{\"@id\":\"https:\/\/actbr.com.br\/en\/produto\/filtro-de-retorno-fg\/#primaryimage\"},\"image\":{\"@id\":\"https:\/\/actbr.com.br\/en\/produto\/filtro-de-retorno-fg\/#primaryimage\"},\"thumbnailUrl\":\"https:\/\/actbr.com.br\/wp-content\/uploads\/2020\/09\/Filtro-de-Retorno-FG.jpg\",\"datePublished\":\"2020-09-29T15:44:44+00:00\",\"dateModified\":\"2023-12-15T12:27:19+00:00\",\"description\":\"O Filtro de Retorno FG (Mahle) oferece uma capacidade multifuncional num formato compacto, proporcionando redu\u00e7\u00e3o de custos e espa\u00e7o f\u00edsico.\",\"breadcrumb\":{\"@id\":\"https:\/\/actbr.com.br\/en\/produto\/filtro-de-retorno-fg\/#breadcrumb\"},\"inLanguage\":\"en-US\",\"potentialAction\":[{\"@type\":\"ReadAction\",\"target\":[\"https:\/\/actbr.com.br\/en\/produto\/filtro-de-retorno-fg\/\"]}]},{\"@type\":\"ImageObject\",\"inLanguage\":\"en-US\",\"@id\":\"https:\/\/actbr.com.br\/en\/produto\/filtro-de-retorno-fg\/#primaryimage\",\"url\":\"https:\/\/actbr.com.br\/wp-content\/uploads\/2020\/09\/Filtro-de-Retorno-FG.jpg\",\"contentUrl\":\"https:\/\/actbr.com.br\/wp-content\/uploads\/2020\/09\/Filtro-de-Retorno-FG.jpg\",\"width\":300,\"height\":300,\"caption\":\"Filtro de Retorno FG\"},{\"@type\":\"BreadcrumbList\",\"@id\":\"https:\/\/actbr.com.br\/en\/produto\/filtro-de-retorno-fg\/#breadcrumb\",\"itemListElement\":[{\"@type\":\"ListItem\",\"position\":1,\"name\":\"In\u00edcio\",\"item\":\"https:\/\/actbr.com.br\/en\/\"},{\"@type\":\"ListItem\",\"position\":2,\"name\":\"Produtos\",\"item\":\"https:\/\/actbr.com.br\/produtos-act\/\"},{\"@type\":\"ListItem\",\"position\":3,\"name\":\"Filtros e Elementos Filtrante\",\"item\":\"https:\/\/actbr.com.br\/en\/categoria-produto\/filtros-e-elementos-filtrante\/\"},{\"@type\":\"ListItem\",\"position\":4,\"name\":\"Filtro de Retorno\",\"item\":\"https:\/\/actbr.com.br\/en\/categoria-produto\/filtros-e-elementos-filtrante\/filtro-de-retorno\/\"},{\"@type\":\"ListItem\",\"position\":5,\"name\":\"Filtro de Retorno FG\"}]},{\"@type\":\"WebSite\",\"@id\":\"https:\/\/actbr.com.br\/en\/#website\",\"url\":\"https:\/\/actbr.com.br\/en\/\",\"name\":\"ACT Sistemas Hidr\u00e1ulicos\",\"description\":\"Fabrica\u00e7\u00e3o e manuten\u00e7\u00e3o de componentes \u00f3leo hidr\u00e1ulicos\",\"publisher\":{\"@id\":\"https:\/\/actbr.com.br\/en\/#organization\"},\"potentialAction\":[{\"@type\":\"SearchAction\",\"target\":{\"@type\":\"EntryPoint\",\"urlTemplate\":\"https:\/\/actbr.com.br\/en\/?s={search_term_string}\"},\"query-input\":{\"@type\":\"PropertyValueSpecification\",\"valueRequired\":true,\"valueName\":\"search_term_string\"}}],\"inLanguage\":\"en-US\"},{\"@type\":\"Organization\",\"@id\":\"https:\/\/actbr.com.br\/en\/#organization\",\"name\":\"ACT Sistemas Hidr\u00e1ulicos\",\"url\":\"https:\/\/actbr.com.br\/en\/\",\"logo\":{\"@type\":\"ImageObject\",\"inLanguage\":\"en-US\",\"@id\":\"https:\/\/actbr.com.br\/en\/#\/schema\/logo\/image\/\",\"url\":\"https:\/\/actbr.com.br\/wp-content\/uploads\/2025\/02\/cropped-ACT_NEGATIVO-marca-dagua.png\",\"contentUrl\":\"https:\/\/actbr.com.br\/wp-content\/uploads\/2025\/02\/cropped-ACT_NEGATIVO-marca-dagua.png\",\"width\":240,\"height\":146,\"caption\":\"ACT Sistemas Hidr\u00e1ulicos\"},\"image\":{\"@id\":\"https:\/\/actbr.com.br\/en\/#\/schema\/logo\/image\/\"}}]}<\/script>\n<!-- \/ Yoast SEO plugin. -->","yoast_head_json":{"title":"Filtro de Retorno FG - ACT Sistemas Hidr\u00e1ulicos","description":"O Filtro de Retorno FG (Mahle) oferece uma capacidade multifuncional num formato compacto, proporcionando redu\u00e7\u00e3o de custos e espa\u00e7o f\u00edsico.","robots":{"index":"index","follow":"follow","max-snippet":"max-snippet:-1","max-image-preview":"max-image-preview:large","max-video-preview":"max-video-preview:-1"},"canonical":"https:\/\/actbr.com.br\/en\/produto\/filtro-de-retorno-fg\/","og_locale":"en_US","og_type":"article","og_title":"Filtro de Retorno FG - ACT Sistemas Hidr\u00e1ulicos","og_description":"O Filtro de Retorno FG (Mahle) oferece uma capacidade multifuncional num formato compacto, proporcionando redu\u00e7\u00e3o de custos e espa\u00e7o f\u00edsico.","og_url":"https:\/\/actbr.com.br\/en\/produto\/filtro-de-retorno-fg\/","og_site_name":"ACT Sistemas Hidr\u00e1ulicos","article_modified_time":"2023-12-15T12:27:19+00:00","og_image":[{"width":300,"height":300,"url":"https:\/\/actbr.com.br\/wp-content\/uploads\/2020\/09\/Filtro-de-Retorno-FG.jpg","type":"image\/jpeg"}],"twitter_card":"summary_large_image","twitter_misc":{"Est. reading time":"7 minutes"},"schema":{"@context":"https:\/\/schema.org","@graph":[{"@type":"WebPage","@id":"https:\/\/actbr.com.br\/en\/produto\/filtro-de-retorno-fg\/","url":"https:\/\/actbr.com.br\/en\/produto\/filtro-de-retorno-fg\/","name":"Filtro de Retorno FG - ACT Sistemas Hidr\u00e1ulicos","isPartOf":{"@id":"https:\/\/actbr.com.br\/en\/#website"},"primaryImageOfPage":{"@id":"https:\/\/actbr.com.br\/en\/produto\/filtro-de-retorno-fg\/#primaryimage"},"image":{"@id":"https:\/\/actbr.com.br\/en\/produto\/filtro-de-retorno-fg\/#primaryimage"},"thumbnailUrl":"https:\/\/actbr.com.br\/wp-content\/uploads\/2020\/09\/Filtro-de-Retorno-FG.jpg","datePublished":"2020-09-29T15:44:44+00:00","dateModified":"2023-12-15T12:27:19+00:00","description":"O Filtro de Retorno FG (Mahle) oferece uma capacidade multifuncional num formato compacto, proporcionando redu\u00e7\u00e3o de custos e espa\u00e7o f\u00edsico.","breadcrumb":{"@id":"https:\/\/actbr.com.br\/en\/produto\/filtro-de-retorno-fg\/#breadcrumb"},"inLanguage":"en-US","potentialAction":[{"@type":"ReadAction","target":["https:\/\/actbr.com.br\/en\/produto\/filtro-de-retorno-fg\/"]}]},{"@type":"ImageObject","inLanguage":"en-US","@id":"https:\/\/actbr.com.br\/en\/produto\/filtro-de-retorno-fg\/#primaryimage","url":"https:\/\/actbr.com.br\/wp-content\/uploads\/2020\/09\/Filtro-de-Retorno-FG.jpg","contentUrl":"https:\/\/actbr.com.br\/wp-content\/uploads\/2020\/09\/Filtro-de-Retorno-FG.jpg","width":300,"height":300,"caption":"Filtro de Retorno FG"},{"@type":"BreadcrumbList","@id":"https:\/\/actbr.com.br\/en\/produto\/filtro-de-retorno-fg\/#breadcrumb","itemListElement":[{"@type":"ListItem","position":1,"name":"In\u00edcio","item":"https:\/\/actbr.com.br\/en\/"},{"@type":"ListItem","position":2,"name":"Produtos","item":"https:\/\/actbr.com.br\/produtos-act\/"},{"@type":"ListItem","position":3,"name":"Filtros e Elementos Filtrante","item":"https:\/\/actbr.com.br\/en\/categoria-produto\/filtros-e-elementos-filtrante\/"},{"@type":"ListItem","position":4,"name":"Filtro de Retorno","item":"https:\/\/actbr.com.br\/en\/categoria-produto\/filtros-e-elementos-filtrante\/filtro-de-retorno\/"},{"@type":"ListItem","position":5,"name":"Filtro de Retorno FG"}]},{"@type":"WebSite","@id":"https:\/\/actbr.com.br\/en\/#website","url":"https:\/\/actbr.com.br\/en\/","name":"ACT Sistemas Hidr\u00e1ulicos","description":"Fabrica\u00e7\u00e3o e manuten\u00e7\u00e3o de componentes \u00f3leo hidr\u00e1ulicos","publisher":{"@id":"https:\/\/actbr.com.br\/en\/#organization"},"potentialAction":[{"@type":"SearchAction","target":{"@type":"EntryPoint","urlTemplate":"https:\/\/actbr.com.br\/en\/?s={search_term_string}"},"query-input":{"@type":"PropertyValueSpecification","valueRequired":true,"valueName":"search_term_string"}}],"inLanguage":"en-US"},{"@type":"Organization","@id":"https:\/\/actbr.com.br\/en\/#organization","name":"ACT Sistemas Hidr\u00e1ulicos","url":"https:\/\/actbr.com.br\/en\/","logo":{"@type":"ImageObject","inLanguage":"en-US","@id":"https:\/\/actbr.com.br\/en\/#\/schema\/logo\/image\/","url":"https:\/\/actbr.com.br\/wp-content\/uploads\/2025\/02\/cropped-ACT_NEGATIVO-marca-dagua.png","contentUrl":"https:\/\/actbr.com.br\/wp-content\/uploads\/2025\/02\/cropped-ACT_NEGATIVO-marca-dagua.png","width":240,"height":146,"caption":"ACT Sistemas Hidr\u00e1ulicos"},"image":{"@id":"https:\/\/actbr.com.br\/en\/#\/schema\/logo\/image\/"}}]}},"_links":{"self":[{"href":"https:\/\/actbr.com.br\/en\/wp-json\/wp\/v2\/product\/3769","targetHints":{"allow":["GET"]}}],"collection":[{"href":"https:\/\/actbr.com.br\/en\/wp-json\/wp\/v2\/product"}],"about":[{"href":"https:\/\/actbr.com.br\/en\/wp-json\/wp\/v2\/types\/product"}],"wp:featuredmedia":[{"embeddable":true,"href":"https:\/\/actbr.com.br\/en\/wp-json\/wp\/v2\/media\/7594"}],"wp:attachment":[{"href":"https:\/\/actbr.com.br\/en\/wp-json\/wp\/v2\/media?parent=3769"}],"wp:term":[{"taxonomy":"product_brand","embeddable":true,"href":"https:\/\/actbr.com.br\/en\/wp-json\/wp\/v2\/product_brand?post=3769"},{"taxonomy":"product_cat","embeddable":true,"href":"https:\/\/actbr.com.br\/en\/wp-json\/wp\/v2\/product_cat?post=3769"},{"taxonomy":"product_tag","embeddable":true,"href":"https:\/\/actbr.com.br\/en\/wp-json\/wp\/v2\/product_tag?post=3769"}],"curies":[{"name":"wp","href":"https:\/\/api.w.org\/{rel}","templated":true}]}}