{"id":3773,"date":"2020-09-29T12:44:44","date_gmt":"2020-09-29T15:44:44","guid":{"rendered":"https:\/\/actbr.com.br\/produto\/filtro-de-ar-respiro-mahle\/"},"modified":"2023-06-15T08:46:15","modified_gmt":"2023-06-15T11:46:15","slug":"filtro-de-ar-respiro-mahle","status":"publish","type":"product","link":"https:\/\/actbr.com.br\/en\/produto\/filtro-de-ar-respiro-mahle\/","title":{"rendered":"Filtro de Ar (Respiro) Mahle"},"content":{"rendered":"<p>Filtro de Ar (Respiro) Mahle<\/p>\n<p>Uma das maiores fontes de contaminantes de um sistema \u00e9 o ambiente de trabalho. As part\u00edculas em suspens\u00e3o penetram no sistema atrav\u00e9s do respiro (e outras aberturas) do reservat\u00f3rio, e pelas hastes de cilindro, que arrastam as part\u00edculas para dentro, e se misturam com o flu\u00eddo. Estas part\u00edculas em contato com pe\u00e7as m\u00f3veis, provocam o desgaste das mesmas, gerando novas part\u00edculas, que aumentam o desgaste. E assim sucessivamente. Al\u00e9m disso, as part\u00edculas maiores se multiplicam por fragmenta\u00e7\u00e3o. Por esta raz\u00e3o os filtros de ar exercem um papel fundamental no controle da contamina\u00e7\u00e3o dos sistemas hidr\u00e1ulicos, de lubrifica\u00e7\u00e3o, alimenta\u00e7\u00e3o e combust\u00edveis.<\/p>\n<p>Elementos filtrantes e filtros:<\/p>\n<p><img decoding=\"async\" src=\"https:\/\/actbr.com.br\/wp-content\/uploads\/2020\/09\/ar-respiro-filtro-mahle.jpg\" alt=\"\" \/><\/p>\n<p><img decoding=\"async\" src=\"https:\/\/actbr.com.br\/wp-content\/uploads\/2020\/09\/ar-respiro-2-filtro-mahle.jpg\" alt=\"\" \/><\/p>\n<p>Filtros de ar Mahle:<\/p>\n<p>Filtro de Ar 77575830 PI 0101 MIC<br \/>\nFiltro de Ar 77575848 PI 0101 SM-L<br \/>\nFiltro de Ar 77575806 PI 0102 MIC<br \/>\nFiltro de Ar 77575814 PI 0102 SM-L<br \/>\nFiltro de Ar 77734700 PI 0110 MIC<br \/>\nFiltro de Ar 77749401 PI 0110 NL<br \/>\nFiltro de Ar 77734718 PI 0110 SM-L<br \/>\nFiltro de Ar 77734734 PI 0111 MIC<br \/>\nFiltro de Ar 77749419 PI 0111 NL<br \/>\nFiltro de Ar 77734742 PI 0111 SM-L<br \/>\nFiltro de Ar 77734767 PI 0112 MIC<br \/>\nFiltro de Ar 77749427 PI 0112 NL<br \/>\nFiltro de Ar 77734775 PI 0112 SM-L<br \/>\nFiltro de Ar 77734791 PI 0113 MIC<br \/>\nFiltro de Ar 77749435 PI 0113 NL<br \/>\nFiltro de Ar 77734809 PI 0113 SM-L<br \/>\nFiltro de Ar 77734825 PI 0114 MIC<br \/>\nFiltro de Ar 77749443 PI 0114 NL<br \/>\nFiltro de Ar 77734833 PI 0114 SM-L<br \/>\nFiltro de Ar 77575681 PI 0120 MIC<br \/>\nFiltro de Ar 77575699 PI 0120 SM-L<br \/>\nFiltro de Ar 77575657 PI 0121 MIC<br \/>\nFiltro de Ar 79335928 PI 0121 MIC\/UM<br \/>\nFiltro de Ar 77575665 PI 0121 SM-L<br \/>\nFiltro de Ar 79337494 PI 0121 SM-L\/UM<br \/>\nFiltro de Ar 77575624 PI 0122 MIC<br \/>\nFiltro de Ar 77575632 PI 0122 SM-L<br \/>\nFiltro de Ar 77575590 PI 0123 MIC<br \/>\nFiltro de Ar 79337486 PI 0123 MIC\/UM<br \/>\nFiltro de Ar 77575608 PI 0123 SM-L<br \/>\nFiltro de Ar 77728223 PI 0125 MIC<br \/>\nFiltro de Ar 79311853 PI 0125 MIC\/UM<br \/>\nFiltro de Ar 76356737 PI 0125 Mic-UM\/MD019\/KUPPL<br \/>\nFiltro de Ar 76101406 PI 0125 Mic-UM\/OS\/MD019<br \/>\nFiltro de Ar 77728231 PI 0125 SM-L<br \/>\nFiltro de Ar 79364241 PI 0125 SM-L\/UM<br \/>\nFiltro de Ar 76356745 PI 0125 SM-L-UM\/MD019\/KUPPL<br \/>\nFiltro de Ar 76101430 PI 0125 Sml-UM\/OS\/MD019<br \/>\nFiltro de Ar 77728165 PI 0126 MIC<br \/>\nFiltro de Ar 79343260 PI 0126 MIC\/UM<br \/>\nFiltro de Ar 77728173 PI 0126 SM-L<br \/>\nFiltro de Ar 79326695 PI 0126 SM-L\/UM<br \/>\nFiltro de Ar 79767955 PI 0130\/2 VP<br \/>\nFiltro de Ar 77749732 PI 0140 MIC<br \/>\nFiltro de Ar 77749765 PI 0140 MIC VA-Anschluss\/connection for maintenance<br \/>\nFiltro de Ar 77765498 PI 0140 MOL<br \/>\nFiltro de Ar 77765506 PI 0140 MOL VA-Anschluss\/connection for maintenance<br \/>\nFiltro de Ar 77749740 PI 0140 SM-L<br \/>\nFiltro de Ar 77749773 PI 0140 SM-L VA-Anschluss\/connection for maintenance<br \/>\nFiltro de Ar 77730724 PI 0142 MIC<br \/>\nFiltro de Ar 77728272 PI 0142 MIC VA-Anschluss\/connection for maintenance<br \/>\nFiltro de Ar 77765514 PI 0142 MOL<br \/>\nFiltro de Ar 77765522 PI 0142 MOL VA-Anschluss\/connection for maintenance<br \/>\nFiltro de Ar 77730732 PI 0142 SM-L<br \/>\nFiltro de Ar 77728280 PI 0142 SM-L VA-Anschluss\/connection for maintenance<br \/>\nFiltro de Ar 76102107 PI 0145 Mic<br \/>\nFiltro de Ar 76102115 PI 0145 Mic\/UM<br \/>\nFiltro de Ar 76101414 PI 0145 Mic-UM\/OS\/MD019<br \/>\nFiltro de Ar 76102123 PI 0145 Sm-L<br \/>\nFiltro de Ar 76102131 PI 0145 Sm-L\/UM<br \/>\nFiltro de Ar 76101448 PI 0145 SmL-UM\/OS\/MD019<br \/>\nFiltro de Ar 76356760 PI 0145 SM-L-UM\/OS\/MD019\/KUPPL<br \/>\nFiltro de Ar 76102149 PI 0146 Mic<br \/>\nFiltro de Ar 76102164 PI 0146 Sm-L<br \/>\nFiltro de Ar 76102172 PI 0146 Sm-L\/UM<br \/>\nFiltro de Ar 76102180 PI 0147 Mic<br \/>\nFiltro de Ar 76102198 PI 0147 Mic\/UM<br \/>\nFiltro de Ar 76102206 PI 0147 Sm-L<br \/>\nFiltro de Ar 76102214 PI 0147 Sm-L\/UM<br \/>\nFiltro de Ar 76102222 PI 0148 Mic R$<br \/>\nFiltro de Ar 76102230 PI 0148 Mic\/UM<br \/>\nFiltro de Ar 76102248 PI 0148 Sm-L<br \/>\nFiltro de Ar 76102255 PI 0148 Sm-L\/UM<br \/>\nFiltro de Ar 76102263 PI 0149 Mic<br \/>\nFiltro de Ar 76102271 PI 0149 MIC\/UM<br \/>\nFiltro de Ar 76102289 PI 0149 Sm-L<br \/>\nFiltro de Ar 76102297 PI 0149 Sm-L\/UM<br \/>\nFiltro de Ar 77749328 PI 0152 MIC<br \/>\nFiltro de Ar 77749351 PI 0152 MIC VA-Anschluss\/connection for maintenance<br \/>\nFiltro de Ar 77765530 PI 0152 MOL<br \/>\nFiltro de Ar 77765548 PI 0152 MOL VA-Anschluss\/connection for maintenance<br \/>\nFiltro de Ar 77749336 PI 0152 SM-L<br \/>\nFiltro de Ar 77749369 PI 0152 SM-L VA-Anschluss\/connection for maintenance<br \/>\nFiltro de Ar 77728306 PI 0153 MIC<br \/>\nFiltro de Ar 77728330 PI 0153 MIC VA-Anschluss\/connection for maintenance<br \/>\nFiltro de Ar 77765555 PI 0153 MOL<br \/>\nFiltro de Ar 77765563 PI 0153 MOL VA-Anschluss\/connection for maintenance<br \/>\nFiltro de Ar 77728314 PI 0153 SM-L<br \/>\nFiltro de Ar 77728348 PI 0153 SM-L VA-Anschluss\/connection for maintenance<br \/>\nFiltro de Ar 77749799 PI 0154 MIC<br \/>\nFiltro de Ar 77749823 PI 0154 MIC VA-Anschluss\/connection for maintenance<br \/>\nFiltro de Ar 77765571 PI 0154 MOL<br \/>\nFiltro de Ar 77765589 PI 0154 MOL VA-Anschluss\/connection for maintenance Filtro de Ar 77749807 PI 0154 SM-L<br \/>\nFiltro de Ar 77749831 PI 0154 SM-L VA-Anschluss\/connection for maintenance<br \/>\nFiltro de Ar 77950918 PI 0182 MIC<br \/>\nFiltro de Ar 77950934 PI 0182 MOL<br \/>\nFiltro de Ar 77950975 PI 0182 MOL VA-Anschluss\/connection for maintenance<br \/>\nFiltro de Ar 77950926 PI 0182 SM-L<br \/>\nFiltro de Ar 77950967 PI 0182 SM-L VA-Anschluss\/connection for maintenance<br \/>\nFiltro de Ar 77950538 PI 0183 MIC<br \/>\nFiltro de Ar 77950785 PI 0183 MIC VA-Anschluss\/connection for maintenance<br \/>\nFiltro de Ar 77873219 PI 0183 MOL<br \/>\nFiltro de Ar 77950843 PI 0183 MOL VA-Anschluss\/connection for maintenance<br \/>\nFiltro de Ar 77950546 PI 0183 SM-L<br \/>\nFiltro de Ar 77950835 PI 0183 SM-L VA-Anschluss\/connection for maintenance<br \/>\nFiltro de Ar 77950876 PI 0184 MIC VA-Anschluss\/connection for maintenance<br \/>\nFiltro de Ar 77950850 PI 0184 MOL<br \/>\nFiltro de Ar 77950892 PI 0184 MOL VA-Anschluss\/connection for maintenance<br \/>\nFiltro de Ar 77950223 PI 0184 SM-L<br \/>\nFiltro de Ar 77950884 PI 0184 SM-L VA-Anschluss\/connection for maintenance<br \/>\nFiltro de Ar 77954498 PI 0185 MIC<br \/>\nFiltro de Ar 78224123 PI 0185 MIC VA-Anschluss\/connection for maintenance<br \/>\nFiltro de Ar 77954514 PI 0185 MOL<br \/>\nFiltro de Ar 78224131 PI 0185 MOL VA-Anschluss\/connection for maintenance<br \/>\nFiltro de Ar 77954506 PI 0185 SM-L<br \/>\nFiltro de Ar 78224149 PI 0185 SM-L VA-Anschluss\/connection for maintenance<br \/>\nFiltro de Ar 77728199 EINFUELLSIEB PI 0125-0146<br \/>\nFiltro de Ar 79343013 Nachruestdeckel\/retrofit cover Pi 012.. \/UM<br \/>\nFiltro de Ar 79704776 Schwappschutz\/spillage protection Z PI 0126 0,15 BAR V2A<br \/>\nFiltro de Ar 79343377 Schwappschutz\/spillage protection Z PI 0126 0,15 BAR VZK<br \/>\nFiltro de Ar 79373457 GRUNDGEH\u00c4USE PUTZMEISTER .283 613 007<\/p>\n","protected":false},"excerpt":{"rendered":"<p>Filtros de ar exercem um papel fundamental no controle da contamina\u00e7\u00e3o dos sistemas hidr\u00e1ulicos, de lubrifica\u00e7\u00e3o, alimenta\u00e7\u00e3o e combust\u00edveis.<\/p>\n","protected":false},"featured_media":6485,"template":"","meta":[],"product_brand":[],"product_cat":[103,67],"product_tag":[],"class_list":{"0":"post-3773","1":"product","2":"type-product","3":"status-publish","4":"has-post-thumbnail","6":"product_cat-filtro-de-ar","7":"product_cat-filtros-e-elementos-filtrante","9":"first","10":"instock","11":"virtual","12":"product-type-simple"},"yoast_head":"<!-- This site is optimized with the Yoast SEO plugin v27.2 - https:\/\/yoast.com\/product\/yoast-seo-wordpress\/ -->\n<title>Filtro de Ar (Respiro) Mahle - ACT Sistemas Hidr\u00e1ulicos<\/title>\n<meta name=\"description\" content=\"Filtros de ar exercem um papel fundamental no controle da contamina\u00e7\u00e3o dos sistemas hidr\u00e1ulicos, de lubrifica\u00e7\u00e3o, alimenta\u00e7\u00e3o e combust\u00edveis.\" \/>\n<meta name=\"robots\" content=\"index, follow, max-snippet:-1, max-image-preview:large, max-video-preview:-1\" \/>\n<link rel=\"canonical\" href=\"https:\/\/actbr.com.br\/en\/produto\/filtro-de-ar-respiro-mahle\/\" \/>\n<meta property=\"og:locale\" content=\"en_US\" \/>\n<meta property=\"og:type\" content=\"article\" \/>\n<meta property=\"og:title\" content=\"Filtro de Ar (Respiro) Mahle - ACT Sistemas Hidr\u00e1ulicos\" \/>\n<meta property=\"og:description\" content=\"Filtros de ar exercem um papel fundamental no controle da contamina\u00e7\u00e3o dos sistemas hidr\u00e1ulicos, de lubrifica\u00e7\u00e3o, alimenta\u00e7\u00e3o e combust\u00edveis.\" \/>\n<meta property=\"og:url\" content=\"https:\/\/actbr.com.br\/en\/produto\/filtro-de-ar-respiro-mahle\/\" \/>\n<meta property=\"og:site_name\" content=\"ACT Sistemas Hidr\u00e1ulicos\" \/>\n<meta property=\"article:modified_time\" content=\"2023-06-15T11:46:15+00:00\" \/>\n<meta property=\"og:image\" content=\"https:\/\/actbr.com.br\/wp-content\/uploads\/2020\/09\/filtro-de-ar-mahle.jpg\" \/>\n\t<meta property=\"og:image:width\" content=\"586\" \/>\n\t<meta property=\"og:image:height\" content=\"480\" \/>\n\t<meta property=\"og:image:type\" content=\"image\/jpeg\" \/>\n<meta name=\"twitter:card\" content=\"summary_large_image\" \/>\n<meta name=\"twitter:label1\" content=\"Est. reading time\" \/>\n\t<meta name=\"twitter:data1\" content=\"7 minutes\" \/>\n<script type=\"application\/ld+json\" class=\"yoast-schema-graph\">{\"@context\":\"https:\/\/schema.org\",\"@graph\":[{\"@type\":\"WebPage\",\"@id\":\"https:\/\/actbr.com.br\/en\/produto\/filtro-de-ar-respiro-mahle\/\",\"url\":\"https:\/\/actbr.com.br\/en\/produto\/filtro-de-ar-respiro-mahle\/\",\"name\":\"Filtro de Ar (Respiro) Mahle - ACT Sistemas Hidr\u00e1ulicos\",\"isPartOf\":{\"@id\":\"https:\/\/actbr.com.br\/en\/#website\"},\"primaryImageOfPage\":{\"@id\":\"https:\/\/actbr.com.br\/en\/produto\/filtro-de-ar-respiro-mahle\/#primaryimage\"},\"image\":{\"@id\":\"https:\/\/actbr.com.br\/en\/produto\/filtro-de-ar-respiro-mahle\/#primaryimage\"},\"thumbnailUrl\":\"https:\/\/actbr.com.br\/wp-content\/uploads\/2020\/09\/filtro-de-ar-mahle.jpg\",\"datePublished\":\"2020-09-29T15:44:44+00:00\",\"dateModified\":\"2023-06-15T11:46:15+00:00\",\"description\":\"Filtros de ar exercem um papel fundamental no controle da contamina\u00e7\u00e3o dos sistemas hidr\u00e1ulicos, de lubrifica\u00e7\u00e3o, alimenta\u00e7\u00e3o e combust\u00edveis.\",\"breadcrumb\":{\"@id\":\"https:\/\/actbr.com.br\/en\/produto\/filtro-de-ar-respiro-mahle\/#breadcrumb\"},\"inLanguage\":\"en-US\",\"potentialAction\":[{\"@type\":\"ReadAction\",\"target\":[\"https:\/\/actbr.com.br\/en\/produto\/filtro-de-ar-respiro-mahle\/\"]}]},{\"@type\":\"ImageObject\",\"inLanguage\":\"en-US\",\"@id\":\"https:\/\/actbr.com.br\/en\/produto\/filtro-de-ar-respiro-mahle\/#primaryimage\",\"url\":\"https:\/\/actbr.com.br\/wp-content\/uploads\/2020\/09\/filtro-de-ar-mahle.jpg\",\"contentUrl\":\"https:\/\/actbr.com.br\/wp-content\/uploads\/2020\/09\/filtro-de-ar-mahle.jpg\",\"width\":586,\"height\":480},{\"@type\":\"BreadcrumbList\",\"@id\":\"https:\/\/actbr.com.br\/en\/produto\/filtro-de-ar-respiro-mahle\/#breadcrumb\",\"itemListElement\":[{\"@type\":\"ListItem\",\"position\":1,\"name\":\"In\u00edcio\",\"item\":\"https:\/\/actbr.com.br\/en\/\"},{\"@type\":\"ListItem\",\"position\":2,\"name\":\"Produtos\",\"item\":\"https:\/\/actbr.com.br\/produtos-act\/\"},{\"@type\":\"ListItem\",\"position\":3,\"name\":\"Filtros e Elementos Filtrante\",\"item\":\"https:\/\/actbr.com.br\/en\/categoria-produto\/filtros-e-elementos-filtrante\/\"},{\"@type\":\"ListItem\",\"position\":4,\"name\":\"Filtro de Ar (respiro) Mahle\",\"item\":\"https:\/\/actbr.com.br\/en\/categoria-produto\/filtros-e-elementos-filtrante\/filtro-de-ar\/\"},{\"@type\":\"ListItem\",\"position\":5,\"name\":\"Filtro de Ar (Respiro) Mahle\"}]},{\"@type\":\"WebSite\",\"@id\":\"https:\/\/actbr.com.br\/en\/#website\",\"url\":\"https:\/\/actbr.com.br\/en\/\",\"name\":\"ACT Sistemas Hidr\u00e1ulicos\",\"description\":\"Fabrica\u00e7\u00e3o e manuten\u00e7\u00e3o de componentes \u00f3leo hidr\u00e1ulicos\",\"publisher\":{\"@id\":\"https:\/\/actbr.com.br\/en\/#organization\"},\"potentialAction\":[{\"@type\":\"SearchAction\",\"target\":{\"@type\":\"EntryPoint\",\"urlTemplate\":\"https:\/\/actbr.com.br\/en\/?s={search_term_string}\"},\"query-input\":{\"@type\":\"PropertyValueSpecification\",\"valueRequired\":true,\"valueName\":\"search_term_string\"}}],\"inLanguage\":\"en-US\"},{\"@type\":\"Organization\",\"@id\":\"https:\/\/actbr.com.br\/en\/#organization\",\"name\":\"ACT Sistemas Hidr\u00e1ulicos\",\"url\":\"https:\/\/actbr.com.br\/en\/\",\"logo\":{\"@type\":\"ImageObject\",\"inLanguage\":\"en-US\",\"@id\":\"https:\/\/actbr.com.br\/en\/#\/schema\/logo\/image\/\",\"url\":\"https:\/\/actbr.com.br\/wp-content\/uploads\/2025\/02\/cropped-ACT_NEGATIVO-marca-dagua.png\",\"contentUrl\":\"https:\/\/actbr.com.br\/wp-content\/uploads\/2025\/02\/cropped-ACT_NEGATIVO-marca-dagua.png\",\"width\":240,\"height\":146,\"caption\":\"ACT Sistemas Hidr\u00e1ulicos\"},\"image\":{\"@id\":\"https:\/\/actbr.com.br\/en\/#\/schema\/logo\/image\/\"}}]}<\/script>\n<!-- \/ Yoast SEO plugin. -->","yoast_head_json":{"title":"Filtro de Ar (Respiro) Mahle - ACT Sistemas Hidr\u00e1ulicos","description":"Filtros de ar exercem um papel fundamental no controle da contamina\u00e7\u00e3o dos sistemas hidr\u00e1ulicos, de lubrifica\u00e7\u00e3o, alimenta\u00e7\u00e3o e combust\u00edveis.","robots":{"index":"index","follow":"follow","max-snippet":"max-snippet:-1","max-image-preview":"max-image-preview:large","max-video-preview":"max-video-preview:-1"},"canonical":"https:\/\/actbr.com.br\/en\/produto\/filtro-de-ar-respiro-mahle\/","og_locale":"en_US","og_type":"article","og_title":"Filtro de Ar (Respiro) Mahle - ACT Sistemas Hidr\u00e1ulicos","og_description":"Filtros de ar exercem um papel fundamental no controle da contamina\u00e7\u00e3o dos sistemas hidr\u00e1ulicos, de lubrifica\u00e7\u00e3o, alimenta\u00e7\u00e3o e combust\u00edveis.","og_url":"https:\/\/actbr.com.br\/en\/produto\/filtro-de-ar-respiro-mahle\/","og_site_name":"ACT Sistemas Hidr\u00e1ulicos","article_modified_time":"2023-06-15T11:46:15+00:00","og_image":[{"width":586,"height":480,"url":"https:\/\/actbr.com.br\/wp-content\/uploads\/2020\/09\/filtro-de-ar-mahle.jpg","type":"image\/jpeg"}],"twitter_card":"summary_large_image","twitter_misc":{"Est. reading time":"7 minutes"},"schema":{"@context":"https:\/\/schema.org","@graph":[{"@type":"WebPage","@id":"https:\/\/actbr.com.br\/en\/produto\/filtro-de-ar-respiro-mahle\/","url":"https:\/\/actbr.com.br\/en\/produto\/filtro-de-ar-respiro-mahle\/","name":"Filtro de Ar (Respiro) Mahle - ACT Sistemas Hidr\u00e1ulicos","isPartOf":{"@id":"https:\/\/actbr.com.br\/en\/#website"},"primaryImageOfPage":{"@id":"https:\/\/actbr.com.br\/en\/produto\/filtro-de-ar-respiro-mahle\/#primaryimage"},"image":{"@id":"https:\/\/actbr.com.br\/en\/produto\/filtro-de-ar-respiro-mahle\/#primaryimage"},"thumbnailUrl":"https:\/\/actbr.com.br\/wp-content\/uploads\/2020\/09\/filtro-de-ar-mahle.jpg","datePublished":"2020-09-29T15:44:44+00:00","dateModified":"2023-06-15T11:46:15+00:00","description":"Filtros de ar exercem um papel fundamental no controle da contamina\u00e7\u00e3o dos sistemas hidr\u00e1ulicos, de lubrifica\u00e7\u00e3o, alimenta\u00e7\u00e3o e combust\u00edveis.","breadcrumb":{"@id":"https:\/\/actbr.com.br\/en\/produto\/filtro-de-ar-respiro-mahle\/#breadcrumb"},"inLanguage":"en-US","potentialAction":[{"@type":"ReadAction","target":["https:\/\/actbr.com.br\/en\/produto\/filtro-de-ar-respiro-mahle\/"]}]},{"@type":"ImageObject","inLanguage":"en-US","@id":"https:\/\/actbr.com.br\/en\/produto\/filtro-de-ar-respiro-mahle\/#primaryimage","url":"https:\/\/actbr.com.br\/wp-content\/uploads\/2020\/09\/filtro-de-ar-mahle.jpg","contentUrl":"https:\/\/actbr.com.br\/wp-content\/uploads\/2020\/09\/filtro-de-ar-mahle.jpg","width":586,"height":480},{"@type":"BreadcrumbList","@id":"https:\/\/actbr.com.br\/en\/produto\/filtro-de-ar-respiro-mahle\/#breadcrumb","itemListElement":[{"@type":"ListItem","position":1,"name":"In\u00edcio","item":"https:\/\/actbr.com.br\/en\/"},{"@type":"ListItem","position":2,"name":"Produtos","item":"https:\/\/actbr.com.br\/produtos-act\/"},{"@type":"ListItem","position":3,"name":"Filtros e Elementos Filtrante","item":"https:\/\/actbr.com.br\/en\/categoria-produto\/filtros-e-elementos-filtrante\/"},{"@type":"ListItem","position":4,"name":"Filtro de Ar (respiro) Mahle","item":"https:\/\/actbr.com.br\/en\/categoria-produto\/filtros-e-elementos-filtrante\/filtro-de-ar\/"},{"@type":"ListItem","position":5,"name":"Filtro de Ar (Respiro) Mahle"}]},{"@type":"WebSite","@id":"https:\/\/actbr.com.br\/en\/#website","url":"https:\/\/actbr.com.br\/en\/","name":"ACT Sistemas Hidr\u00e1ulicos","description":"Fabrica\u00e7\u00e3o e manuten\u00e7\u00e3o de componentes \u00f3leo hidr\u00e1ulicos","publisher":{"@id":"https:\/\/actbr.com.br\/en\/#organization"},"potentialAction":[{"@type":"SearchAction","target":{"@type":"EntryPoint","urlTemplate":"https:\/\/actbr.com.br\/en\/?s={search_term_string}"},"query-input":{"@type":"PropertyValueSpecification","valueRequired":true,"valueName":"search_term_string"}}],"inLanguage":"en-US"},{"@type":"Organization","@id":"https:\/\/actbr.com.br\/en\/#organization","name":"ACT Sistemas Hidr\u00e1ulicos","url":"https:\/\/actbr.com.br\/en\/","logo":{"@type":"ImageObject","inLanguage":"en-US","@id":"https:\/\/actbr.com.br\/en\/#\/schema\/logo\/image\/","url":"https:\/\/actbr.com.br\/wp-content\/uploads\/2025\/02\/cropped-ACT_NEGATIVO-marca-dagua.png","contentUrl":"https:\/\/actbr.com.br\/wp-content\/uploads\/2025\/02\/cropped-ACT_NEGATIVO-marca-dagua.png","width":240,"height":146,"caption":"ACT Sistemas Hidr\u00e1ulicos"},"image":{"@id":"https:\/\/actbr.com.br\/en\/#\/schema\/logo\/image\/"}}]}},"_links":{"self":[{"href":"https:\/\/actbr.com.br\/en\/wp-json\/wp\/v2\/product\/3773","targetHints":{"allow":["GET"]}}],"collection":[{"href":"https:\/\/actbr.com.br\/en\/wp-json\/wp\/v2\/product"}],"about":[{"href":"https:\/\/actbr.com.br\/en\/wp-json\/wp\/v2\/types\/product"}],"wp:featuredmedia":[{"embeddable":true,"href":"https:\/\/actbr.com.br\/en\/wp-json\/wp\/v2\/media\/6485"}],"wp:attachment":[{"href":"https:\/\/actbr.com.br\/en\/wp-json\/wp\/v2\/media?parent=3773"}],"wp:term":[{"taxonomy":"product_brand","embeddable":true,"href":"https:\/\/actbr.com.br\/en\/wp-json\/wp\/v2\/product_brand?post=3773"},{"taxonomy":"product_cat","embeddable":true,"href":"https:\/\/actbr.com.br\/en\/wp-json\/wp\/v2\/product_cat?post=3773"},{"taxonomy":"product_tag","embeddable":true,"href":"https:\/\/actbr.com.br\/en\/wp-json\/wp\/v2\/product_tag?post=3773"}],"curies":[{"name":"wp","href":"https:\/\/api.w.org\/{rel}","templated":true}]}}