{"id":3779,"date":"2020-09-29T12:44:44","date_gmt":"2020-09-29T15:44:44","guid":{"rendered":"https:\/\/actbr.com.br\/produto\/filtros-de-pressao-baixa-pressao-fg\/"},"modified":"2023-06-15T08:29:53","modified_gmt":"2023-06-15T11:29:53","slug":"filtros-de-pressao-baixa-pressao-fg","status":"publish","type":"product","link":"https:\/\/actbr.com.br\/en\/produto\/filtros-de-pressao-baixa-pressao-fg\/","title":{"rendered":"Filtros de Press\u00e3o (Baixa press\u00e3o) FG"},"content":{"rendered":"<p>Filtros de Press\u00e3o (Baixa press\u00e3o) FG<\/p>\n<p>Os filtros de baixa press\u00e3o e suc\u00e7\u00e3o Filtration Group (Mahle) s\u00e3o utilizados para proteger componentes do sistema hidr\u00e1ulico de n\u00edveis de contamina\u00e7\u00e3o superiores aos n\u00edveis de limpeza recomendados. O tamanho dos filtros de press\u00e3o deve ser compat\u00edvel com as vaz\u00f5es eficazes presentes durante certas partes do ciclo do servi\u00e7o \/ filtragem.<\/p>\n<p>Aplica\u00e7\u00f5es: Fabrica\u00e7\u00e3o de unidades hidr\u00e1ulicas; circuitos off-line e equipamentos da linha M\u00f3bil<\/p>\n<p>Filtros de baixa press\u00e3o Mahle:<\/p>\n<p>.<img decoding=\"async\" src=\"https:\/\/actbr.com.br\/wp-content\/uploads\/2020\/09\/caracteristicas-media-pressao-mahle.jpg\" alt=\"\" \/><\/p>\n<p>Spin-on:<\/p>\n<p><img decoding=\"async\" src=\"https:\/\/actbr.com.br\/wp-content\/uploads\/2020\/09\/media-pressao-spin-on-mahle.jpg\" alt=\"\" \/><\/p>\n<p>Filtros de suc\u00e7\u00e3o:<\/p>\n<p><img decoding=\"async\" src=\"https:\/\/actbr.com.br\/wp-content\/uploads\/2020\/09\/filtro-succao-mahle-caracteristicas.jpg\" alt=\"\" \/><\/p>\n<p>S\u00e3o de fornecimento ACT:<\/p>\n<p>Filtro de Press\u00e3o 77665623 PI 2202-056 VERP\/packed;<br \/>\nFiltro de Press\u00e3o 77665631 PI 2202-057 VERP\/packed;<br \/>\nFiltro de Press\u00e3o 77665649 PI 2202-058 VERP\/packed;<br \/>\nFiltro de Press\u00e3o 77665656 PI 2202-060 VERP\/packed;<br \/>\nFiltro de Press\u00e3o 77736630 PI 2202-061 VERP\/packed;<br \/>\nFiltro de Press\u00e3o 77736622 PI 2202-062 VERP\/packed;<br \/>\nFiltro de Press\u00e3o 77736606 PI 2202-065 VERP\/packed;<br \/>\nFiltro de Press\u00e3o 77736598 PI 2202-066 VERP\/packed;<br \/>\nFiltro de Press\u00e3o 77665664 PI 2202-068 VERP\/packed;<br \/>\nFiltro de Press\u00e3o 77665672 PI 2202-069 VERP\/packed;<br \/>\nFiltro de Press\u00e3o 77665680 PI 2203-056 VERP\/packed;<br \/>\nFiltro de Press\u00e3o 77665698 PI 2203-057 VERP\/packed;<br \/>\nFiltro de Press\u00e3o 77665706 PI 2203-058 VERP\/packed;<br \/>\nFiltro de Press\u00e3o 77665714 PI 2203-060 VERP\/packed;<br \/>\nFiltro de Press\u00e3o 77736697 PI 2203-061 VERP\/packed;<br \/>\nFiltro de Press\u00e3o 77736689 PI 2203-062 VERP\/packed;<br \/>\nFiltro de Press\u00e3o 77736671 PI 2203-065 VERP\/packed;<br \/>\nFiltro de Press\u00e3o 77665722 PI 2203-066 VERP\/packed;<br \/>\nFiltro de Press\u00e3o 77665730 PI 2203-067 VERP\/packed;<br \/>\nFiltro de Press\u00e3o 77665748 PI 2203-068 VERP\/packed;<br \/>\nFiltro de Press\u00e3o 77665755 PI 2203-069 VERP\/packed;<br \/>\nFiltro de Press\u00e3o 77665789 PI 2205-056 VERP\/packed;<br \/>\nFiltro de Press\u00e3o 77665797 PI 2205-057 VERP\/packed;<br \/>\nFiltro de Press\u00e3o 77665805 PI 2205-058 VERP\/packed;<br \/>\nFiltro de Press\u00e3o 77665813 PI 2205-060 VERP\/packed;<br \/>\nFiltro de Press\u00e3o 77736754 PI 2205-061 VERP\/packed;<br \/>\nFiltro de Press\u00e3o 77665821 PI 2205-062 VERP\/packed;<br \/>\nFiltro de Press\u00e3o 77665839 PI 2205-065 VERP\/packed;<br \/>\nFiltro de Press\u00e3o 77736747 PI 2205-067 VERP\/packed;<br \/>\nFiltro de Press\u00e3o 77665847 PI 2205-068 VERP\/packed;<br \/>\nFiltro de Press\u00e3o 77665854 PI 2205-069 VERP\/packed;<br \/>\nFiltro de Press\u00e3o 77665979 PI 2210-056 VERP\/packed;<br \/>\nFiltro de Press\u00e3o 77665987 PI 2210-057 VERP\/packed;<br \/>\nFiltro de Press\u00e3o 77665995 PI 2210-058 VERP\/packed;<br \/>\nFiltro de Press\u00e3o 77666001 PI 2210-060 VERP\/packed;<br \/>\nFiltro de Press\u00e3o 77666019 PI 2210-061 VERP\/packed;<br \/>\nFiltro de Press\u00e3o 77666027 PI 2210-062 VERP\/packed;<br \/>\nFiltro de Press\u00e3o 77666035 PI 2210-065 VERP\/packed;<br \/>\nFiltro de Press\u00e3o 77666043 PI 2210-066 VERP\/packed;<br \/>\nFiltro de Press\u00e3o 77735947 PI 2210-067 VERP\/packed;<br \/>\nFiltro de Press\u00e3o 77666050 PI 2210-068 VERP\/packed;<br \/>\nFiltro de Press\u00e3o 77666068 PI 2210-069 VERP\/packed;<br \/>\nFiltro de Press\u00e3o 77666084 PI 2214-047 VERP\/packed;<br \/>\nFiltro de Press\u00e3o 77666092 PI 2214-056 VERP\/packed;<br \/>\nFiltro de Press\u00e3o 77666100 PI 2214-057 VERP\/packed;<br \/>\nFiltro de Press\u00e3o 77666118 PI 2214-058 VERP\/packed;<br \/>\nFiltro de Press\u00e3o 77666126 PI 2214-060 VERP\/packed;<br \/>\nFiltro de Press\u00e3o 77666134 PI 2214-061 VERP\/packed;<br \/>\nFiltro de Press\u00e3o 77666142 PI 2214-062 VERP\/packed;<br \/>\nFiltro de Press\u00e3o 77666159 PI 2214-065 VERP\/packed;<br \/>\nFiltro de Press\u00e3o 77666167 PI 2214-066 VERP\/packed;<br \/>\nFiltro de Press\u00e3o 77666175 PI 2214-067 VERP\/packed;<br \/>\nFiltro de Press\u00e3o 77666183 PI 2214-068 VERP\/packed;<br \/>\nFiltro de Press\u00e3o 77666191 PI 2214-069 VERP\/packed;<br \/>\nFiltro de Press\u00e3o 77694078 PI 2720-057 VERP\/packed;<br \/>\nFiltro de Press\u00e3o 77694060 PI 2720-058 VERP\/packed;<br \/>\nFiltro de Press\u00e3o 77694011 PI 2720-060 VERP\/packed;<br \/>\nFiltro de Press\u00e3o 77694110 PI 2720-061 VERP\/packed;<br \/>\nFiltro de Press\u00e3o 77694102 PI 2720-062 VERP\/packed;<br \/>\nFiltro de Press\u00e3o 77694086 PI 2720-065 VERP\/packed;<br \/>\nFiltro de Press\u00e3o 77694052 PI 2720-066 VERP\/packed;<br \/>\nFiltro de Press\u00e3o 77694094 PI 2720-067 VERP\/packed;<br \/>\nFiltro de Press\u00e3o 77694045 PI 2720-068 VERP\/packed;<br \/>\nFiltro de Press\u00e3o 77694037 PI 2720-069 VERP\/packed;<br \/>\nFiltro de Press\u00e3o 77694136 PI 2728-056 VERP\/packed;<br \/>\nFiltro de Press\u00e3o 77694185 PI 2728-057 VERP\/packed;<br \/>\nFiltro de Press\u00e3o 77694177 PI 2728-058 VERP\/packed;<br \/>\nFiltro de Press\u00e3o 77694128 PI 2728-060 VERP\/packed;<br \/>\nFiltro de Press\u00e3o 77694227 PI 2728-061 VERP\/packed;<br \/>\nFiltro de Press\u00e3o 77694219 PI 2728-062 VERP\/packed;<br \/>\nFiltro de Press\u00e3o 77694193 PI 2728-065 VERP\/packed;<br \/>\nFiltro de Press\u00e3o 77694144 PI 2728-069 VERP\/packed;<br \/>\nFiltro de Press\u00e3o 77807811 PI 1941\/10\/G3\/4\/DM VERP\/packed;<br \/>\nFiltro de Press\u00e3o 77664394 PI 1941\/10\/G1\/2 VERP\/packed;<br \/>\nFiltro de Press\u00e3o 77664402 PI 1941\/10\/G1\/2\/DM VERP\/packed<br \/>\nFiltro de Press\u00e3o 77894058 PI 1941\/10\/G1\/2\/UM VERP\/packed;<br \/>\nFiltro de Press\u00e3o 77664360 PI 1941\/10\/G1\/4 VERP\/packed;<br \/>\nFiltro de Press\u00e3o 77812225 PI 1941\/10\/G1\/4\/DM VERP\/packed<br \/>\nFiltro de Press\u00e3o 77894033 PI 1941\/10\/G1\/4\/UM VERP\/packed;<br \/>\nFiltro de Press\u00e3o 77664378 PI 1941\/10\/G3\/4 VERP\/packed;<br \/>\nFiltro de Press\u00e3o 77658966 PI 1941\/10\/G3\/4\/UM VERP\/packed<br \/>\nFiltro de Press\u00e3o 77664386 PI 1941\/10\/G3\/8 VERP\/packed;<br \/>\nFiltro de Press\u00e3o 77815509 PI 1941\/10\/G3\/8\/DM VERP\/packed;<br \/>\nFiltro de Press\u00e3o 77894041 PI 1941\/10\/G3\/8\/UM VERP\/packed;<br \/>\nFiltro de Press\u00e3o 77664956 PI 1975;<br \/>\nFiltro de Press\u00e3o 77942568 PI 1975-DM<br \/>\nFiltro de Press\u00e3o 77664980 PI 1975-E;<br \/>\nFiltro de Press\u00e3o 77664964 PI 1975-M<br \/>\nFiltro de Press\u00e3o 76334668 PI 23040\/12-057;<br \/>\nFiltro de Press\u00e3o 76320964 PI 23040\/12-058<br \/>\nFiltro de Press\u00e3o 76320931 PI 23040\/22-057;<br \/>\nFiltro de Press\u00e3o 76320972 PI 23040\/22-058<br \/>\nFiltro de Press\u00e3o 76321012 PI 23040\/22-068;<br \/>\nFiltro de Press\u00e3o 76321053 PI 23040\/22-069<br \/>\nFiltro de Press\u00e3o 76320949 PI 23080\/12-057;<br \/>\nFiltro de Press\u00e3o 76320980 PI 23080\/12-058<br \/>\nFiltro de Press\u00e3o 76321061 PI 23080\/12-069;<br \/>\nFiltro de Press\u00e3o 76320956 PI 23080\/22-057<br \/>\nFiltro de Press\u00e3o 76320998 PI 23080\/22-058;<br \/>\nFiltro de Press\u00e3o 76321038 PI 23080\/22-068<br \/>\nFiltro de Press\u00e3o 76321079 PI 23080\/22-069;<br \/>\nFiltro de Press\u00e3o 76321129 PI 230100\/11-058<br \/>\nFiltro de Press\u00e3o 76321137 PI 230100\/21-058;<br \/>\nFiltro de Press\u00e3o 70364092 PI 230100\/21-058 FPM;<br \/>\nFiltro de Press\u00e3o 76321178 PI 230100\/21-068;<br \/>\nFiltro de Press\u00e3o 76321210 PI 230100\/21-069;<br \/>\nFiltro de Press\u00e3o 76321145 PI 230200\/11-058;<br \/>\nFiltro de Press\u00e3o 76321186 PI 230200\/11-068;<br \/>\nFiltro de Press\u00e3o 76321152 PI 230200\/21-058;<br \/>\nFiltro de Press\u00e3o 76321194 PI 230200\/21-068;<br \/>\nFiltro de Press\u00e3o 76321236 PI 230200\/21-069;<br \/>\nFiltro de Press\u00e3o PIW1975\/E-NBR COALESCER *E76345300<\/p>\n<p>&nbsp;<\/p>\n","protected":false},"excerpt":{"rendered":"<p>Os filtros de baixa press\u00e3o e suc\u00e7\u00e3o Filtration Group (Mahle) s\u00e3o utilizados para proteger componentes do sistema hidr\u00e1ulico de n\u00edveis de contamina\u00e7\u00e3o superiores aos n\u00edveis de limpeza recomendados.<\/p>\n","protected":false},"featured_media":7549,"template":"","meta":[],"product_brand":[],"product_cat":[91,67],"product_tag":[],"class_list":{"0":"post-3779","1":"product","2":"type-product","3":"status-publish","4":"has-post-thumbnail","6":"product_cat-filtro-simples-baixa-pressao","7":"product_cat-filtros-e-elementos-filtrante","9":"first","10":"instock","11":"virtual","12":"product-type-simple"},"yoast_head":"<!-- This site is optimized with the Yoast SEO plugin v27.2 - https:\/\/yoast.com\/product\/yoast-seo-wordpress\/ -->\n<title>Filtros de Press\u00e3o (Baixa press\u00e3o) FG - ACT Sistemas Hidr\u00e1ulicos<\/title>\n<meta name=\"description\" content=\"Os filtros de baixa press\u00e3o e suc\u00e7\u00e3o Filtration Group (Mahle) s\u00e3o utilizados para proteger componentes do sistema hidr\u00e1ulico de contamina\u00e7\u00e3o.\" \/>\n<meta name=\"robots\" content=\"index, follow, max-snippet:-1, max-image-preview:large, max-video-preview:-1\" \/>\n<link rel=\"canonical\" href=\"https:\/\/actbr.com.br\/en\/produto\/filtros-de-pressao-baixa-pressao-fg\/\" \/>\n<meta property=\"og:locale\" content=\"en_US\" \/>\n<meta property=\"og:type\" content=\"article\" \/>\n<meta property=\"og:title\" content=\"Filtros de Press\u00e3o (Baixa press\u00e3o) FG - ACT Sistemas Hidr\u00e1ulicos\" \/>\n<meta property=\"og:description\" content=\"Os filtros de baixa press\u00e3o e suc\u00e7\u00e3o Filtration Group (Mahle) s\u00e3o utilizados para proteger componentes do sistema hidr\u00e1ulico de contamina\u00e7\u00e3o.\" \/>\n<meta property=\"og:url\" content=\"https:\/\/actbr.com.br\/en\/produto\/filtros-de-pressao-baixa-pressao-fg\/\" \/>\n<meta property=\"og:site_name\" content=\"ACT Sistemas Hidr\u00e1ulicos\" \/>\n<meta property=\"article:modified_time\" content=\"2023-06-15T11:29:53+00:00\" \/>\n<meta property=\"og:image\" content=\"https:\/\/actbr.com.br\/wp-content\/uploads\/2020\/09\/Filtros-de-Pressao-Baixa-pressao-FG.jpg\" \/>\n\t<meta property=\"og:image:width\" content=\"438\" \/>\n\t<meta property=\"og:image:height\" content=\"429\" \/>\n\t<meta property=\"og:image:type\" content=\"image\/jpeg\" \/>\n<meta name=\"twitter:card\" content=\"summary_large_image\" \/>\n<meta name=\"twitter:label1\" content=\"Est. reading time\" \/>\n\t<meta name=\"twitter:data1\" content=\"6 minutes\" \/>\n<script type=\"application\/ld+json\" class=\"yoast-schema-graph\">{\"@context\":\"https:\/\/schema.org\",\"@graph\":[{\"@type\":\"WebPage\",\"@id\":\"https:\/\/actbr.com.br\/en\/produto\/filtros-de-pressao-baixa-pressao-fg\/\",\"url\":\"https:\/\/actbr.com.br\/en\/produto\/filtros-de-pressao-baixa-pressao-fg\/\",\"name\":\"Filtros de Press\u00e3o (Baixa press\u00e3o) FG - ACT Sistemas Hidr\u00e1ulicos\",\"isPartOf\":{\"@id\":\"https:\/\/actbr.com.br\/en\/#website\"},\"primaryImageOfPage\":{\"@id\":\"https:\/\/actbr.com.br\/en\/produto\/filtros-de-pressao-baixa-pressao-fg\/#primaryimage\"},\"image\":{\"@id\":\"https:\/\/actbr.com.br\/en\/produto\/filtros-de-pressao-baixa-pressao-fg\/#primaryimage\"},\"thumbnailUrl\":\"https:\/\/actbr.com.br\/wp-content\/uploads\/2020\/09\/Filtros-de-Pressao-Baixa-pressao-FG.jpg\",\"datePublished\":\"2020-09-29T15:44:44+00:00\",\"dateModified\":\"2023-06-15T11:29:53+00:00\",\"description\":\"Os filtros de baixa press\u00e3o e suc\u00e7\u00e3o Filtration Group (Mahle) s\u00e3o utilizados para proteger componentes do sistema hidr\u00e1ulico de contamina\u00e7\u00e3o.\",\"breadcrumb\":{\"@id\":\"https:\/\/actbr.com.br\/en\/produto\/filtros-de-pressao-baixa-pressao-fg\/#breadcrumb\"},\"inLanguage\":\"en-US\",\"potentialAction\":[{\"@type\":\"ReadAction\",\"target\":[\"https:\/\/actbr.com.br\/en\/produto\/filtros-de-pressao-baixa-pressao-fg\/\"]}]},{\"@type\":\"ImageObject\",\"inLanguage\":\"en-US\",\"@id\":\"https:\/\/actbr.com.br\/en\/produto\/filtros-de-pressao-baixa-pressao-fg\/#primaryimage\",\"url\":\"https:\/\/actbr.com.br\/wp-content\/uploads\/2020\/09\/Filtros-de-Pressao-Baixa-pressao-FG.jpg\",\"contentUrl\":\"https:\/\/actbr.com.br\/wp-content\/uploads\/2020\/09\/Filtros-de-Pressao-Baixa-pressao-FG.jpg\",\"width\":438,\"height\":429,\"caption\":\"Filtros de Press\u00e3o (Baixa press\u00e3o) FG\"},{\"@type\":\"BreadcrumbList\",\"@id\":\"https:\/\/actbr.com.br\/en\/produto\/filtros-de-pressao-baixa-pressao-fg\/#breadcrumb\",\"itemListElement\":[{\"@type\":\"ListItem\",\"position\":1,\"name\":\"In\u00edcio\",\"item\":\"https:\/\/actbr.com.br\/en\/\"},{\"@type\":\"ListItem\",\"position\":2,\"name\":\"Produtos\",\"item\":\"https:\/\/actbr.com.br\/produtos-act\/\"},{\"@type\":\"ListItem\",\"position\":3,\"name\":\"Filtros e Elementos Filtrante\",\"item\":\"https:\/\/actbr.com.br\/en\/categoria-produto\/filtros-e-elementos-filtrante\/\"},{\"@type\":\"ListItem\",\"position\":4,\"name\":\"Filtro Simples (Baixa press\u00e3o)\",\"item\":\"https:\/\/actbr.com.br\/en\/categoria-produto\/filtros-e-elementos-filtrante\/filtro-simples-baixa-pressao\/\"},{\"@type\":\"ListItem\",\"position\":5,\"name\":\"Filtros de Press\u00e3o (Baixa press\u00e3o) FG\"}]},{\"@type\":\"WebSite\",\"@id\":\"https:\/\/actbr.com.br\/en\/#website\",\"url\":\"https:\/\/actbr.com.br\/en\/\",\"name\":\"ACT Sistemas Hidr\u00e1ulicos\",\"description\":\"Fabrica\u00e7\u00e3o e manuten\u00e7\u00e3o de componentes \u00f3leo hidr\u00e1ulicos\",\"publisher\":{\"@id\":\"https:\/\/actbr.com.br\/en\/#organization\"},\"potentialAction\":[{\"@type\":\"SearchAction\",\"target\":{\"@type\":\"EntryPoint\",\"urlTemplate\":\"https:\/\/actbr.com.br\/en\/?s={search_term_string}\"},\"query-input\":{\"@type\":\"PropertyValueSpecification\",\"valueRequired\":true,\"valueName\":\"search_term_string\"}}],\"inLanguage\":\"en-US\"},{\"@type\":\"Organization\",\"@id\":\"https:\/\/actbr.com.br\/en\/#organization\",\"name\":\"ACT Sistemas Hidr\u00e1ulicos\",\"url\":\"https:\/\/actbr.com.br\/en\/\",\"logo\":{\"@type\":\"ImageObject\",\"inLanguage\":\"en-US\",\"@id\":\"https:\/\/actbr.com.br\/en\/#\/schema\/logo\/image\/\",\"url\":\"https:\/\/actbr.com.br\/wp-content\/uploads\/2025\/02\/cropped-ACT_NEGATIVO-marca-dagua.png\",\"contentUrl\":\"https:\/\/actbr.com.br\/wp-content\/uploads\/2025\/02\/cropped-ACT_NEGATIVO-marca-dagua.png\",\"width\":240,\"height\":146,\"caption\":\"ACT Sistemas Hidr\u00e1ulicos\"},\"image\":{\"@id\":\"https:\/\/actbr.com.br\/en\/#\/schema\/logo\/image\/\"}}]}<\/script>\n<!-- \/ Yoast SEO plugin. -->","yoast_head_json":{"title":"Filtros de Press\u00e3o (Baixa press\u00e3o) FG - ACT Sistemas Hidr\u00e1ulicos","description":"Os filtros de baixa press\u00e3o e suc\u00e7\u00e3o Filtration Group (Mahle) s\u00e3o utilizados para proteger componentes do sistema hidr\u00e1ulico de contamina\u00e7\u00e3o.","robots":{"index":"index","follow":"follow","max-snippet":"max-snippet:-1","max-image-preview":"max-image-preview:large","max-video-preview":"max-video-preview:-1"},"canonical":"https:\/\/actbr.com.br\/en\/produto\/filtros-de-pressao-baixa-pressao-fg\/","og_locale":"en_US","og_type":"article","og_title":"Filtros de Press\u00e3o (Baixa press\u00e3o) FG - ACT Sistemas Hidr\u00e1ulicos","og_description":"Os filtros de baixa press\u00e3o e suc\u00e7\u00e3o Filtration Group (Mahle) s\u00e3o utilizados para proteger componentes do sistema hidr\u00e1ulico de contamina\u00e7\u00e3o.","og_url":"https:\/\/actbr.com.br\/en\/produto\/filtros-de-pressao-baixa-pressao-fg\/","og_site_name":"ACT Sistemas Hidr\u00e1ulicos","article_modified_time":"2023-06-15T11:29:53+00:00","og_image":[{"width":438,"height":429,"url":"https:\/\/actbr.com.br\/wp-content\/uploads\/2020\/09\/Filtros-de-Pressao-Baixa-pressao-FG.jpg","type":"image\/jpeg"}],"twitter_card":"summary_large_image","twitter_misc":{"Est. reading time":"6 minutes"},"schema":{"@context":"https:\/\/schema.org","@graph":[{"@type":"WebPage","@id":"https:\/\/actbr.com.br\/en\/produto\/filtros-de-pressao-baixa-pressao-fg\/","url":"https:\/\/actbr.com.br\/en\/produto\/filtros-de-pressao-baixa-pressao-fg\/","name":"Filtros de Press\u00e3o (Baixa press\u00e3o) FG - ACT Sistemas Hidr\u00e1ulicos","isPartOf":{"@id":"https:\/\/actbr.com.br\/en\/#website"},"primaryImageOfPage":{"@id":"https:\/\/actbr.com.br\/en\/produto\/filtros-de-pressao-baixa-pressao-fg\/#primaryimage"},"image":{"@id":"https:\/\/actbr.com.br\/en\/produto\/filtros-de-pressao-baixa-pressao-fg\/#primaryimage"},"thumbnailUrl":"https:\/\/actbr.com.br\/wp-content\/uploads\/2020\/09\/Filtros-de-Pressao-Baixa-pressao-FG.jpg","datePublished":"2020-09-29T15:44:44+00:00","dateModified":"2023-06-15T11:29:53+00:00","description":"Os filtros de baixa press\u00e3o e suc\u00e7\u00e3o Filtration Group (Mahle) s\u00e3o utilizados para proteger componentes do sistema hidr\u00e1ulico de contamina\u00e7\u00e3o.","breadcrumb":{"@id":"https:\/\/actbr.com.br\/en\/produto\/filtros-de-pressao-baixa-pressao-fg\/#breadcrumb"},"inLanguage":"en-US","potentialAction":[{"@type":"ReadAction","target":["https:\/\/actbr.com.br\/en\/produto\/filtros-de-pressao-baixa-pressao-fg\/"]}]},{"@type":"ImageObject","inLanguage":"en-US","@id":"https:\/\/actbr.com.br\/en\/produto\/filtros-de-pressao-baixa-pressao-fg\/#primaryimage","url":"https:\/\/actbr.com.br\/wp-content\/uploads\/2020\/09\/Filtros-de-Pressao-Baixa-pressao-FG.jpg","contentUrl":"https:\/\/actbr.com.br\/wp-content\/uploads\/2020\/09\/Filtros-de-Pressao-Baixa-pressao-FG.jpg","width":438,"height":429,"caption":"Filtros de Press\u00e3o (Baixa press\u00e3o) FG"},{"@type":"BreadcrumbList","@id":"https:\/\/actbr.com.br\/en\/produto\/filtros-de-pressao-baixa-pressao-fg\/#breadcrumb","itemListElement":[{"@type":"ListItem","position":1,"name":"In\u00edcio","item":"https:\/\/actbr.com.br\/en\/"},{"@type":"ListItem","position":2,"name":"Produtos","item":"https:\/\/actbr.com.br\/produtos-act\/"},{"@type":"ListItem","position":3,"name":"Filtros e Elementos Filtrante","item":"https:\/\/actbr.com.br\/en\/categoria-produto\/filtros-e-elementos-filtrante\/"},{"@type":"ListItem","position":4,"name":"Filtro Simples (Baixa press\u00e3o)","item":"https:\/\/actbr.com.br\/en\/categoria-produto\/filtros-e-elementos-filtrante\/filtro-simples-baixa-pressao\/"},{"@type":"ListItem","position":5,"name":"Filtros de Press\u00e3o (Baixa press\u00e3o) FG"}]},{"@type":"WebSite","@id":"https:\/\/actbr.com.br\/en\/#website","url":"https:\/\/actbr.com.br\/en\/","name":"ACT Sistemas Hidr\u00e1ulicos","description":"Fabrica\u00e7\u00e3o e manuten\u00e7\u00e3o de componentes \u00f3leo hidr\u00e1ulicos","publisher":{"@id":"https:\/\/actbr.com.br\/en\/#organization"},"potentialAction":[{"@type":"SearchAction","target":{"@type":"EntryPoint","urlTemplate":"https:\/\/actbr.com.br\/en\/?s={search_term_string}"},"query-input":{"@type":"PropertyValueSpecification","valueRequired":true,"valueName":"search_term_string"}}],"inLanguage":"en-US"},{"@type":"Organization","@id":"https:\/\/actbr.com.br\/en\/#organization","name":"ACT Sistemas Hidr\u00e1ulicos","url":"https:\/\/actbr.com.br\/en\/","logo":{"@type":"ImageObject","inLanguage":"en-US","@id":"https:\/\/actbr.com.br\/en\/#\/schema\/logo\/image\/","url":"https:\/\/actbr.com.br\/wp-content\/uploads\/2025\/02\/cropped-ACT_NEGATIVO-marca-dagua.png","contentUrl":"https:\/\/actbr.com.br\/wp-content\/uploads\/2025\/02\/cropped-ACT_NEGATIVO-marca-dagua.png","width":240,"height":146,"caption":"ACT Sistemas Hidr\u00e1ulicos"},"image":{"@id":"https:\/\/actbr.com.br\/en\/#\/schema\/logo\/image\/"}}]}},"_links":{"self":[{"href":"https:\/\/actbr.com.br\/en\/wp-json\/wp\/v2\/product\/3779","targetHints":{"allow":["GET"]}}],"collection":[{"href":"https:\/\/actbr.com.br\/en\/wp-json\/wp\/v2\/product"}],"about":[{"href":"https:\/\/actbr.com.br\/en\/wp-json\/wp\/v2\/types\/product"}],"wp:featuredmedia":[{"embeddable":true,"href":"https:\/\/actbr.com.br\/en\/wp-json\/wp\/v2\/media\/7549"}],"wp:attachment":[{"href":"https:\/\/actbr.com.br\/en\/wp-json\/wp\/v2\/media?parent=3779"}],"wp:term":[{"taxonomy":"product_brand","embeddable":true,"href":"https:\/\/actbr.com.br\/en\/wp-json\/wp\/v2\/product_brand?post=3779"},{"taxonomy":"product_cat","embeddable":true,"href":"https:\/\/actbr.com.br\/en\/wp-json\/wp\/v2\/product_cat?post=3779"},{"taxonomy":"product_tag","embeddable":true,"href":"https:\/\/actbr.com.br\/en\/wp-json\/wp\/v2\/product_tag?post=3779"}],"curies":[{"name":"wp","href":"https:\/\/api.w.org\/{rel}","templated":true}]}}