{"id":3786,"date":"2020-09-29T12:44:44","date_gmt":"2020-09-29T15:44:44","guid":{"rendered":"https:\/\/actbr.com.br\/produto\/mini-centrais-hidraulicas-act-mini-unidade-hidraulica\/"},"modified":"2023-07-12T13:19:45","modified_gmt":"2023-07-12T16:19:45","slug":"mini-central-hidraulica-act","status":"publish","type":"product","link":"https:\/\/actbr.com.br\/en\/produto\/mini-central-hidraulica-act\/","title":{"rendered":"Mini Central Hidr\u00e1ulica ACT"},"content":{"rendered":"<p><strong>Mini Central Hidr\u00e1ulica ACT (Mini Unidade Hidr\u00e1ulica)<\/strong><\/p>\n<p>A ACT, buscando oferecer um maior n\u00famero de solu\u00e7\u00f5es para seus clientes, em suas mais distintas aplica\u00e7\u00f5es, desenvolveu as unidades hidr\u00e1ulicas compactas (mini centrais).<\/p>\n<p>Contando com sua experi\u00eancia de mais de 30 anos de mercado nacional e internacional, a ACT disponibiliza um produto 100% nacional, com a confiabilidade e qualidade que se tornou uma marca registrada em seus produtos e servi\u00e7os.<\/p>\n<p>Desenvolvemos projetos personalizados, al\u00e9m das vers\u00f5es padr\u00e3o, que s\u00e3o as mais usuais nas diversas aplica\u00e7\u00f5es hidr\u00e1ulicas, tais como: Fun\u00e7\u00e3o elevador, plataforma de eleva\u00e7\u00e3o, mesa pantogr\u00e1fica, acionamento de cilindros, acionamento de motores hidr\u00e1ulicos, docas de abastecimento, direcional, multidirecional e etc.<\/p>\n<p><strong>Dados t\u00e9cnicos:<\/strong><br \/>\nVolume do reservat\u00f3rio: 4, 8 e 12 litros;<br \/>\nFlu\u00eddo de press\u00e3o: \u00f3leo hidr\u00e1ulico;<br \/>\nAlimenta\u00e7\u00e3o das bobinas: 12DC; 24DC; 28DC; 120AC e 220AC;<br \/>\nPeso aproximado: at\u00e9 30 Kg;<br \/>\nPot\u00eancia do motor el\u00e9trico:\u00a0AC (0,25 CV at\u00e9 5 CV) DC (150 W at\u00e9 3000 W);<br \/>\nFaixa de Viscosidade: 10 a 300mm2\/s;<br \/>\nPress\u00e3o de trabalho: at\u00e9 250 bar.<\/p>\n<p>Fun\u00e7\u00f5es comuns:<\/p>\n<p><img decoding=\"async\" src=\"https:\/\/actbr.com.br\/wp-content\/uploads\/2020\/09\/funcoes-mini-unidade-act1.jpg\" alt=\"\" \/><br \/>\nElevador Hidr\u00e1ulico;<br \/>\nFun\u00e7\u00e3o direcional;<br \/>\n<img decoding=\"async\" src=\"https:\/\/actbr.com.br\/wp-content\/uploads\/2020\/09\/mini-multi-direcionais-act.jpg\" alt=\"\" \/><br \/>\nFun\u00e7\u00e3o Multi-direcionais;<br \/>\n<img decoding=\"async\" src=\"https:\/\/actbr.com.br\/wp-content\/uploads\/2020\/09\/mini-acessibilidade-act.jpg\" alt=\"\" \/><br \/>\nFun\u00e7\u00e3o acessibilidade.<\/p>\n","protected":false},"excerpt":{"rendered":"<p>Contando com sua experi\u00eancia de mais de 30 anos de mercado nacional e internacional, a ACT disponibiliza um produto 100% nacional, com a confiabilidade e qualidade que se tornou uma marca registrada em seus produtos e servi\u00e7os.<\/p>\n","protected":false},"featured_media":7665,"template":"","meta":[],"product_brand":[],"product_cat":[104,44],"product_tag":[],"class_list":{"0":"post-3786","1":"product","2":"type-product","3":"status-publish","4":"has-post-thumbnail","6":"product_cat-mini-central","7":"product_cat-unidades-hidraulica","9":"first","10":"instock","11":"virtual","12":"product-type-simple"},"yoast_head":"<!-- This site is optimized with the Yoast SEO plugin v27.2 - https:\/\/yoast.com\/product\/yoast-seo-wordpress\/ -->\n<title>Mini Central Hidr\u00e1ulica ACT - ACT Sistemas Hidr\u00e1ulicos<\/title>\n<meta name=\"description\" content=\"Produto 100% nacional, desenvolvido pela ACT, com a confiabilidade e qualidade que se tornou uma marca registrada em seus produtos e servi\u00e7os.\" \/>\n<meta name=\"robots\" content=\"index, follow, max-snippet:-1, max-image-preview:large, max-video-preview:-1\" \/>\n<link rel=\"canonical\" href=\"https:\/\/actbr.com.br\/en\/produto\/mini-central-hidraulica-act\/\" \/>\n<meta property=\"og:locale\" content=\"en_US\" \/>\n<meta property=\"og:type\" content=\"article\" \/>\n<meta property=\"og:title\" content=\"Mini Central Hidr\u00e1ulica ACT - ACT Sistemas Hidr\u00e1ulicos\" \/>\n<meta property=\"og:description\" content=\"Produto 100% nacional, desenvolvido pela ACT, com a confiabilidade e qualidade que se tornou uma marca registrada em seus produtos e servi\u00e7os.\" \/>\n<meta property=\"og:url\" content=\"https:\/\/actbr.com.br\/en\/produto\/mini-central-hidraulica-act\/\" \/>\n<meta property=\"og:site_name\" content=\"ACT Sistemas Hidr\u00e1ulicos\" \/>\n<meta property=\"article:modified_time\" content=\"2023-07-12T16:19:45+00:00\" \/>\n<meta property=\"og:image\" content=\"https:\/\/actbr.com.br\/wp-content\/uploads\/2020\/09\/Mini-Centrais-Hidraulicas-ACT-Mini-unidade-Hidraulica.jpg\" \/>\n\t<meta property=\"og:image:width\" content=\"700\" \/>\n\t<meta property=\"og:image:height\" content=\"465\" \/>\n\t<meta property=\"og:image:type\" content=\"image\/jpeg\" \/>\n<meta name=\"twitter:card\" content=\"summary_large_image\" \/>\n<meta name=\"twitter:label1\" content=\"Est. reading time\" \/>\n\t<meta name=\"twitter:data1\" content=\"2 minutes\" \/>\n<script type=\"application\/ld+json\" class=\"yoast-schema-graph\">{\"@context\":\"https:\/\/schema.org\",\"@graph\":[{\"@type\":\"WebPage\",\"@id\":\"https:\/\/actbr.com.br\/en\/produto\/mini-central-hidraulica-act\/\",\"url\":\"https:\/\/actbr.com.br\/en\/produto\/mini-central-hidraulica-act\/\",\"name\":\"Mini Central Hidr\u00e1ulica ACT - ACT Sistemas Hidr\u00e1ulicos\",\"isPartOf\":{\"@id\":\"https:\/\/actbr.com.br\/en\/#website\"},\"primaryImageOfPage\":{\"@id\":\"https:\/\/actbr.com.br\/en\/produto\/mini-central-hidraulica-act\/#primaryimage\"},\"image\":{\"@id\":\"https:\/\/actbr.com.br\/en\/produto\/mini-central-hidraulica-act\/#primaryimage\"},\"thumbnailUrl\":\"https:\/\/actbr.com.br\/wp-content\/uploads\/2020\/09\/Mini-Centrais-Hidraulicas-ACT-Mini-unidade-Hidraulica.jpg\",\"datePublished\":\"2020-09-29T15:44:44+00:00\",\"dateModified\":\"2023-07-12T16:19:45+00:00\",\"description\":\"Produto 100% nacional, desenvolvido pela ACT, com a confiabilidade e qualidade que se tornou uma marca registrada em seus produtos e servi\u00e7os.\",\"breadcrumb\":{\"@id\":\"https:\/\/actbr.com.br\/en\/produto\/mini-central-hidraulica-act\/#breadcrumb\"},\"inLanguage\":\"en-US\",\"potentialAction\":[{\"@type\":\"ReadAction\",\"target\":[\"https:\/\/actbr.com.br\/en\/produto\/mini-central-hidraulica-act\/\"]}]},{\"@type\":\"ImageObject\",\"inLanguage\":\"en-US\",\"@id\":\"https:\/\/actbr.com.br\/en\/produto\/mini-central-hidraulica-act\/#primaryimage\",\"url\":\"https:\/\/actbr.com.br\/wp-content\/uploads\/2020\/09\/Mini-Centrais-Hidraulicas-ACT-Mini-unidade-Hidraulica.jpg\",\"contentUrl\":\"https:\/\/actbr.com.br\/wp-content\/uploads\/2020\/09\/Mini-Centrais-Hidraulicas-ACT-Mini-unidade-Hidraulica.jpg\",\"width\":700,\"height\":465,\"caption\":\"Mini Centrais Hidr\u00e1ulicas ACT (Mini unidade Hidr\u00e1ulica)\"},{\"@type\":\"BreadcrumbList\",\"@id\":\"https:\/\/actbr.com.br\/en\/produto\/mini-central-hidraulica-act\/#breadcrumb\",\"itemListElement\":[{\"@type\":\"ListItem\",\"position\":1,\"name\":\"In\u00edcio\",\"item\":\"https:\/\/actbr.com.br\/en\/\"},{\"@type\":\"ListItem\",\"position\":2,\"name\":\"Produtos\",\"item\":\"https:\/\/actbr.com.br\/produtos-act\/\"},{\"@type\":\"ListItem\",\"position\":3,\"name\":\"Unidades hidr\u00e1ulica\",\"item\":\"https:\/\/actbr.com.br\/en\/categoria-produto\/unidades-hidraulica\/\"},{\"@type\":\"ListItem\",\"position\":4,\"name\":\"Mini Central\",\"item\":\"https:\/\/actbr.com.br\/en\/categoria-produto\/unidades-hidraulica\/mini-central\/\"},{\"@type\":\"ListItem\",\"position\":5,\"name\":\"Mini Central Hidr\u00e1ulica ACT\"}]},{\"@type\":\"WebSite\",\"@id\":\"https:\/\/actbr.com.br\/en\/#website\",\"url\":\"https:\/\/actbr.com.br\/en\/\",\"name\":\"ACT Sistemas Hidr\u00e1ulicos\",\"description\":\"Fabrica\u00e7\u00e3o e manuten\u00e7\u00e3o de componentes \u00f3leo hidr\u00e1ulicos\",\"publisher\":{\"@id\":\"https:\/\/actbr.com.br\/en\/#organization\"},\"potentialAction\":[{\"@type\":\"SearchAction\",\"target\":{\"@type\":\"EntryPoint\",\"urlTemplate\":\"https:\/\/actbr.com.br\/en\/?s={search_term_string}\"},\"query-input\":{\"@type\":\"PropertyValueSpecification\",\"valueRequired\":true,\"valueName\":\"search_term_string\"}}],\"inLanguage\":\"en-US\"},{\"@type\":\"Organization\",\"@id\":\"https:\/\/actbr.com.br\/en\/#organization\",\"name\":\"ACT Sistemas Hidr\u00e1ulicos\",\"url\":\"https:\/\/actbr.com.br\/en\/\",\"logo\":{\"@type\":\"ImageObject\",\"inLanguage\":\"en-US\",\"@id\":\"https:\/\/actbr.com.br\/en\/#\/schema\/logo\/image\/\",\"url\":\"https:\/\/actbr.com.br\/wp-content\/uploads\/2025\/02\/cropped-ACT_NEGATIVO-marca-dagua.png\",\"contentUrl\":\"https:\/\/actbr.com.br\/wp-content\/uploads\/2025\/02\/cropped-ACT_NEGATIVO-marca-dagua.png\",\"width\":240,\"height\":146,\"caption\":\"ACT Sistemas Hidr\u00e1ulicos\"},\"image\":{\"@id\":\"https:\/\/actbr.com.br\/en\/#\/schema\/logo\/image\/\"}}]}<\/script>\n<!-- \/ Yoast SEO plugin. -->","yoast_head_json":{"title":"Mini Central Hidr\u00e1ulica ACT - ACT Sistemas Hidr\u00e1ulicos","description":"Produto 100% nacional, desenvolvido pela ACT, com a confiabilidade e qualidade que se tornou uma marca registrada em seus produtos e servi\u00e7os.","robots":{"index":"index","follow":"follow","max-snippet":"max-snippet:-1","max-image-preview":"max-image-preview:large","max-video-preview":"max-video-preview:-1"},"canonical":"https:\/\/actbr.com.br\/en\/produto\/mini-central-hidraulica-act\/","og_locale":"en_US","og_type":"article","og_title":"Mini Central Hidr\u00e1ulica ACT - ACT Sistemas Hidr\u00e1ulicos","og_description":"Produto 100% nacional, desenvolvido pela ACT, com a confiabilidade e qualidade que se tornou uma marca registrada em seus produtos e servi\u00e7os.","og_url":"https:\/\/actbr.com.br\/en\/produto\/mini-central-hidraulica-act\/","og_site_name":"ACT Sistemas Hidr\u00e1ulicos","article_modified_time":"2023-07-12T16:19:45+00:00","og_image":[{"width":700,"height":465,"url":"https:\/\/actbr.com.br\/wp-content\/uploads\/2020\/09\/Mini-Centrais-Hidraulicas-ACT-Mini-unidade-Hidraulica.jpg","type":"image\/jpeg"}],"twitter_card":"summary_large_image","twitter_misc":{"Est. reading time":"2 minutes"},"schema":{"@context":"https:\/\/schema.org","@graph":[{"@type":"WebPage","@id":"https:\/\/actbr.com.br\/en\/produto\/mini-central-hidraulica-act\/","url":"https:\/\/actbr.com.br\/en\/produto\/mini-central-hidraulica-act\/","name":"Mini Central Hidr\u00e1ulica ACT - ACT Sistemas Hidr\u00e1ulicos","isPartOf":{"@id":"https:\/\/actbr.com.br\/en\/#website"},"primaryImageOfPage":{"@id":"https:\/\/actbr.com.br\/en\/produto\/mini-central-hidraulica-act\/#primaryimage"},"image":{"@id":"https:\/\/actbr.com.br\/en\/produto\/mini-central-hidraulica-act\/#primaryimage"},"thumbnailUrl":"https:\/\/actbr.com.br\/wp-content\/uploads\/2020\/09\/Mini-Centrais-Hidraulicas-ACT-Mini-unidade-Hidraulica.jpg","datePublished":"2020-09-29T15:44:44+00:00","dateModified":"2023-07-12T16:19:45+00:00","description":"Produto 100% nacional, desenvolvido pela ACT, com a confiabilidade e qualidade que se tornou uma marca registrada em seus produtos e servi\u00e7os.","breadcrumb":{"@id":"https:\/\/actbr.com.br\/en\/produto\/mini-central-hidraulica-act\/#breadcrumb"},"inLanguage":"en-US","potentialAction":[{"@type":"ReadAction","target":["https:\/\/actbr.com.br\/en\/produto\/mini-central-hidraulica-act\/"]}]},{"@type":"ImageObject","inLanguage":"en-US","@id":"https:\/\/actbr.com.br\/en\/produto\/mini-central-hidraulica-act\/#primaryimage","url":"https:\/\/actbr.com.br\/wp-content\/uploads\/2020\/09\/Mini-Centrais-Hidraulicas-ACT-Mini-unidade-Hidraulica.jpg","contentUrl":"https:\/\/actbr.com.br\/wp-content\/uploads\/2020\/09\/Mini-Centrais-Hidraulicas-ACT-Mini-unidade-Hidraulica.jpg","width":700,"height":465,"caption":"Mini Centrais Hidr\u00e1ulicas ACT (Mini unidade Hidr\u00e1ulica)"},{"@type":"BreadcrumbList","@id":"https:\/\/actbr.com.br\/en\/produto\/mini-central-hidraulica-act\/#breadcrumb","itemListElement":[{"@type":"ListItem","position":1,"name":"In\u00edcio","item":"https:\/\/actbr.com.br\/en\/"},{"@type":"ListItem","position":2,"name":"Produtos","item":"https:\/\/actbr.com.br\/produtos-act\/"},{"@type":"ListItem","position":3,"name":"Unidades hidr\u00e1ulica","item":"https:\/\/actbr.com.br\/en\/categoria-produto\/unidades-hidraulica\/"},{"@type":"ListItem","position":4,"name":"Mini Central","item":"https:\/\/actbr.com.br\/en\/categoria-produto\/unidades-hidraulica\/mini-central\/"},{"@type":"ListItem","position":5,"name":"Mini Central Hidr\u00e1ulica ACT"}]},{"@type":"WebSite","@id":"https:\/\/actbr.com.br\/en\/#website","url":"https:\/\/actbr.com.br\/en\/","name":"ACT Sistemas Hidr\u00e1ulicos","description":"Fabrica\u00e7\u00e3o e manuten\u00e7\u00e3o de componentes \u00f3leo hidr\u00e1ulicos","publisher":{"@id":"https:\/\/actbr.com.br\/en\/#organization"},"potentialAction":[{"@type":"SearchAction","target":{"@type":"EntryPoint","urlTemplate":"https:\/\/actbr.com.br\/en\/?s={search_term_string}"},"query-input":{"@type":"PropertyValueSpecification","valueRequired":true,"valueName":"search_term_string"}}],"inLanguage":"en-US"},{"@type":"Organization","@id":"https:\/\/actbr.com.br\/en\/#organization","name":"ACT Sistemas Hidr\u00e1ulicos","url":"https:\/\/actbr.com.br\/en\/","logo":{"@type":"ImageObject","inLanguage":"en-US","@id":"https:\/\/actbr.com.br\/en\/#\/schema\/logo\/image\/","url":"https:\/\/actbr.com.br\/wp-content\/uploads\/2025\/02\/cropped-ACT_NEGATIVO-marca-dagua.png","contentUrl":"https:\/\/actbr.com.br\/wp-content\/uploads\/2025\/02\/cropped-ACT_NEGATIVO-marca-dagua.png","width":240,"height":146,"caption":"ACT Sistemas Hidr\u00e1ulicos"},"image":{"@id":"https:\/\/actbr.com.br\/en\/#\/schema\/logo\/image\/"}}]}},"_links":{"self":[{"href":"https:\/\/actbr.com.br\/en\/wp-json\/wp\/v2\/product\/3786","targetHints":{"allow":["GET"]}}],"collection":[{"href":"https:\/\/actbr.com.br\/en\/wp-json\/wp\/v2\/product"}],"about":[{"href":"https:\/\/actbr.com.br\/en\/wp-json\/wp\/v2\/types\/product"}],"wp:featuredmedia":[{"embeddable":true,"href":"https:\/\/actbr.com.br\/en\/wp-json\/wp\/v2\/media\/7665"}],"wp:attachment":[{"href":"https:\/\/actbr.com.br\/en\/wp-json\/wp\/v2\/media?parent=3786"}],"wp:term":[{"taxonomy":"product_brand","embeddable":true,"href":"https:\/\/actbr.com.br\/en\/wp-json\/wp\/v2\/product_brand?post=3786"},{"taxonomy":"product_cat","embeddable":true,"href":"https:\/\/actbr.com.br\/en\/wp-json\/wp\/v2\/product_cat?post=3786"},{"taxonomy":"product_tag","embeddable":true,"href":"https:\/\/actbr.com.br\/en\/wp-json\/wp\/v2\/product_tag?post=3786"}],"curies":[{"name":"wp","href":"https:\/\/api.w.org\/{rel}","templated":true}]}}