{"id":3793,"date":"2020-09-29T12:44:44","date_gmt":"2020-09-29T15:44:44","guid":{"rendered":"https:\/\/actbr.com.br\/produto\/mini-unidade-hidraulica-unidade-hidraulica-compacta\/"},"modified":"2023-07-04T09:28:55","modified_gmt":"2023-07-04T12:28:55","slug":"mini-unidade-hidraulica","status":"publish","type":"product","link":"https:\/\/actbr.com.br\/en\/produto\/mini-unidade-hidraulica\/","title":{"rendered":"Mini Unidade Hidr\u00e1ulica"},"content":{"rendered":"<p><strong>Mini Unidade Hidr\u00e1ulica (Unidade Hidr\u00e1ulica Compacta)<\/strong><\/p>\n<p>A Mini Central Hidr\u00e1ulica ACT opera com press\u00e3o m\u00e1xima de 210 Bar (padr\u00e3o) a 350 Bar (opcional), estando dispon\u00edveis com reservat\u00f3rios de polietileno com capacidade 4, 8\u00a0 e 12 litros (padr\u00e3o) e met\u00e1lico com capacidade de 4, 8, 12 e 20 litros.<\/p>\n<p>As Mini Centrais possuem vaz\u00f5es de 1,2 at\u00e9 14 L\/min e possuem sistema modular de comando ou cartucho, constru\u00e7\u00e3o compacta, al\u00e9m de m\u00faltiplas possibilidades de aplica\u00e7\u00f5es. Dentre suas vantagens est\u00e1 a grande variedade de m\u00f3dulos intercambi\u00e1veis, facilidade de manuten\u00e7\u00e3o, baixo custo, alto desempenho, qualidade, seguran\u00e7a e confiabilidade.<\/p>\n<p>Aplica\u00e7\u00f5es: mesa elevadora, filtro prensa, plataforma elevat\u00f3ria, desbobinadeira, serra, empilhadeira, mesa pantogr\u00e1fica, guilhotina, m\u00e1quina operatriz, al\u00e9m de dispositivos especiais.<\/p>\n<p><strong>Como solicitar:<\/strong><br \/>\n<img decoding=\"async\" src=\"https:\/\/actbr.com.br\/wp-content\/uploads\/2020\/09\/como-solicitar-unidade-hidraulica-compacta-mini-central1.jpg\" alt=\"\" \/><\/p>\n<p><strong>Dados t\u00e9cnicos:<\/strong><br \/>\nVolume do reservat\u00f3rio: 4, 8, 12 e 20 litros &#8211; Op\u00e7\u00e3o de Reservat\u00f3rio met\u00e1lico e pl\u00e1stico;<br \/>\nFluido: \u00d3leo mineral conforme norma DIN51524 (2\u00ba Parte);<br \/>\nFaixa de viscosidade: 10 at\u00e9 300mm2\/s;<br \/>\nFiltro de ar e preenchimento: 40micra (vaz\u00e3o de at\u00e9 14 litros por minuto);<br \/>\nFiltro de suc\u00e7\u00e3o: 150 micra;<\/p>\n<p><strong>Motor el\u00e9trico FC\/DIN:<\/strong><br \/>\n1. Motor corrente alternada: Trif\u00e1sico 220\/380\/440V &#8211; 60Hz (Motores de 1 a 5CV);<br \/>\n2. Motor corrente cont\u00ednua: 12VDC (1.600 Watts) ou 24VDC (2.200 Watts);<\/p>\n<p>Pot\u00eancia (CV): De 1 a 5 CV;<br \/>\nGrau de prote\u00e7\u00e3o: IP55 &#8211; Padr\u00e3o (consultar nossa Engenharia para requisitos superiores);<br \/>\nPress\u00e3o m\u00e1xima (bar): At\u00e9 250 bar;<br \/>\nFaixa de temperatura (\u00b0C): de -15 at\u00e9 80\u00baC (para temperaturas superiores, consultar nossa Engenharia);<br \/>\nConex\u00f5es: a ser configurada pelo cliente (projeto personalizado);<br \/>\nPeso aproximado: de 10 a 55kg (sem flu\u00eddo no reservat\u00f3rio).<\/p>\n<p>&nbsp;<\/p>\n<p><strong>Diagrama esquem\u00e1tico da Mini Central:<\/strong><br \/>\n<img decoding=\"async\" src=\"https:\/\/actbr.com.br\/wp-content\/uploads\/2020\/09\/mini-unidade-central-compacta.jpg\" alt=\"\" \/><\/p>\n<p>Esquemas hidr\u00e1ulicos &#8220;comuns&#8221;:<\/p>\n<p>Multi-direcionais:<br \/>\n<img decoding=\"async\" src=\"https:\/\/actbr.com.br\/wp-content\/uploads\/2020\/09\/mini-multi-direcionais-act.jpg\" alt=\"\" \/><\/p>\n<p>Acessibilidade:<br \/>\n<img decoding=\"async\" src=\"https:\/\/actbr.com.br\/wp-content\/uploads\/2020\/09\/mini-acessibilidade-act.jpg\" alt=\"\" \/><br \/>\nDupla a\u00e7\u00e3o:<br \/>\n<img decoding=\"async\" src=\"https:\/\/actbr.com.br\/wp-content\/uploads\/2020\/09\/esquema-mini-dupla-acao.jpg\" alt=\"\" \/><\/p>\n<p>Simples a\u00e7\u00e3o:<br \/>\n<img decoding=\"async\" src=\"https:\/\/actbr.com.br\/wp-content\/uploads\/2020\/09\/esquema-mini-simples-acao.jpg\" alt=\"\" \/><br \/>\nDisponibilizam energia hidr\u00e1ulica com dimens\u00f5es reduzidas.<\/p>\n","protected":false},"excerpt":{"rendered":"<div>A Mini Central Hidr\u00e1ulica ACT opera com press\u00e3o m\u00e1xima de 350 Bar, com reservat\u00f3rios de 4, 8, 12 ou 20 litros (polietileno ou met\u00e1lico).<\/div>\n<div class=\"product_meta\"><\/div>\n","protected":false},"featured_media":7667,"template":"","meta":[],"product_brand":[],"product_cat":[104,44],"product_tag":[],"class_list":{"0":"post-3793","1":"product","2":"type-product","3":"status-publish","4":"has-post-thumbnail","6":"product_cat-mini-central","7":"product_cat-unidades-hidraulica","9":"first","10":"instock","11":"virtual","12":"product-type-simple"},"yoast_head":"<!-- This site is optimized with the Yoast SEO plugin v27.5 - https:\/\/yoast.com\/product\/yoast-seo-wordpress\/ -->\n<title>Mini Unidade Hidr\u00e1ulica - ACT Sistemas Hidr\u00e1ulicos<\/title>\n<meta name=\"description\" content=\"A Mini Central Hidr\u00e1ulica ACT opera com press\u00e3o m\u00e1xima de 350 Bar, com reservat\u00f3rios de 4, 8, 12 ou 20 litros (polietileno ou met\u00e1lico).\" \/>\n<meta name=\"robots\" content=\"index, follow, max-snippet:-1, max-image-preview:large, max-video-preview:-1\" \/>\n<link rel=\"canonical\" href=\"https:\/\/actbr.com.br\/en\/produto\/mini-unidade-hidraulica\/\" \/>\n<meta property=\"og:locale\" content=\"en_US\" \/>\n<meta property=\"og:type\" content=\"article\" \/>\n<meta property=\"og:title\" content=\"Mini Unidade Hidr\u00e1ulica - ACT Sistemas Hidr\u00e1ulicos\" \/>\n<meta property=\"og:description\" content=\"A Mini Central Hidr\u00e1ulica ACT opera com press\u00e3o m\u00e1xima de 350 Bar, com reservat\u00f3rios de 4, 8, 12 ou 20 litros (polietileno ou met\u00e1lico).\" \/>\n<meta property=\"og:url\" content=\"https:\/\/actbr.com.br\/en\/produto\/mini-unidade-hidraulica\/\" \/>\n<meta property=\"og:site_name\" content=\"ACT Sistemas Hidr\u00e1ulicos\" \/>\n<meta property=\"article:modified_time\" content=\"2023-07-04T12:28:55+00:00\" \/>\n<meta property=\"og:image\" content=\"https:\/\/actbr.com.br\/wp-content\/uploads\/2020\/09\/Mini-Unidade-Hidraulica-Unidade-hidraulica-compacta.jpg\" \/>\n\t<meta property=\"og:image:width\" content=\"607\" \/>\n\t<meta property=\"og:image:height\" content=\"475\" \/>\n\t<meta property=\"og:image:type\" content=\"image\/jpeg\" \/>\n<meta name=\"twitter:card\" content=\"summary_large_image\" \/>\n<meta name=\"twitter:label1\" content=\"Est. reading time\" \/>\n\t<meta name=\"twitter:data1\" content=\"3 minutes\" \/>\n<script type=\"application\/ld+json\" class=\"yoast-schema-graph\">{\"@context\":\"https:\\\/\\\/schema.org\",\"@graph\":[{\"@type\":\"WebPage\",\"@id\":\"https:\\\/\\\/actbr.com.br\\\/en\\\/produto\\\/mini-unidade-hidraulica\\\/\",\"url\":\"https:\\\/\\\/actbr.com.br\\\/en\\\/produto\\\/mini-unidade-hidraulica\\\/\",\"name\":\"Mini Unidade Hidr\u00e1ulica - ACT Sistemas Hidr\u00e1ulicos\",\"isPartOf\":{\"@id\":\"https:\\\/\\\/actbr.com.br\\\/en\\\/#website\"},\"primaryImageOfPage\":{\"@id\":\"https:\\\/\\\/actbr.com.br\\\/en\\\/produto\\\/mini-unidade-hidraulica\\\/#primaryimage\"},\"image\":{\"@id\":\"https:\\\/\\\/actbr.com.br\\\/en\\\/produto\\\/mini-unidade-hidraulica\\\/#primaryimage\"},\"thumbnailUrl\":\"https:\\\/\\\/actbr.com.br\\\/wp-content\\\/uploads\\\/2020\\\/09\\\/Mini-Unidade-Hidraulica-Unidade-hidraulica-compacta.jpg\",\"datePublished\":\"2020-09-29T15:44:44+00:00\",\"dateModified\":\"2023-07-04T12:28:55+00:00\",\"description\":\"A Mini Central Hidr\u00e1ulica ACT opera com press\u00e3o m\u00e1xima de 350 Bar, com reservat\u00f3rios de 4, 8, 12 ou 20 litros (polietileno ou met\u00e1lico).\",\"breadcrumb\":{\"@id\":\"https:\\\/\\\/actbr.com.br\\\/en\\\/produto\\\/mini-unidade-hidraulica\\\/#breadcrumb\"},\"inLanguage\":\"en-US\",\"potentialAction\":[{\"@type\":\"ReadAction\",\"target\":[\"https:\\\/\\\/actbr.com.br\\\/en\\\/produto\\\/mini-unidade-hidraulica\\\/\"]}]},{\"@type\":\"ImageObject\",\"inLanguage\":\"en-US\",\"@id\":\"https:\\\/\\\/actbr.com.br\\\/en\\\/produto\\\/mini-unidade-hidraulica\\\/#primaryimage\",\"url\":\"https:\\\/\\\/actbr.com.br\\\/wp-content\\\/uploads\\\/2020\\\/09\\\/Mini-Unidade-Hidraulica-Unidade-hidraulica-compacta.jpg\",\"contentUrl\":\"https:\\\/\\\/actbr.com.br\\\/wp-content\\\/uploads\\\/2020\\\/09\\\/Mini-Unidade-Hidraulica-Unidade-hidraulica-compacta.jpg\",\"width\":607,\"height\":475,\"caption\":\"Mini Unidade Hidr\u00e1ulica (Unidade hidr\u00e1ulica compacta)\"},{\"@type\":\"BreadcrumbList\",\"@id\":\"https:\\\/\\\/actbr.com.br\\\/en\\\/produto\\\/mini-unidade-hidraulica\\\/#breadcrumb\",\"itemListElement\":[{\"@type\":\"ListItem\",\"position\":1,\"name\":\"In\u00edcio\",\"item\":\"https:\\\/\\\/actbr.com.br\\\/en\\\/\"},{\"@type\":\"ListItem\",\"position\":2,\"name\":\"Produtos\",\"item\":\"https:\\\/\\\/actbr.com.br\\\/produtos-act\\\/\"},{\"@type\":\"ListItem\",\"position\":3,\"name\":\"Unidades hidr\u00e1ulica\",\"item\":\"https:\\\/\\\/actbr.com.br\\\/en\\\/categoria-produto\\\/unidades-hidraulica\\\/\"},{\"@type\":\"ListItem\",\"position\":4,\"name\":\"Mini Central\",\"item\":\"https:\\\/\\\/actbr.com.br\\\/en\\\/categoria-produto\\\/unidades-hidraulica\\\/mini-central\\\/\"},{\"@type\":\"ListItem\",\"position\":5,\"name\":\"Mini Unidade Hidr\u00e1ulica\"}]},{\"@type\":\"WebSite\",\"@id\":\"https:\\\/\\\/actbr.com.br\\\/en\\\/#website\",\"url\":\"https:\\\/\\\/actbr.com.br\\\/en\\\/\",\"name\":\"ACT Sistemas Hidr\u00e1ulicos\",\"description\":\"Fabrica\u00e7\u00e3o e manuten\u00e7\u00e3o de componentes \u00f3leo hidr\u00e1ulicos\",\"publisher\":{\"@id\":\"https:\\\/\\\/actbr.com.br\\\/en\\\/#organization\"},\"potentialAction\":[{\"@type\":\"SearchAction\",\"target\":{\"@type\":\"EntryPoint\",\"urlTemplate\":\"https:\\\/\\\/actbr.com.br\\\/en\\\/?s={search_term_string}\"},\"query-input\":{\"@type\":\"PropertyValueSpecification\",\"valueRequired\":true,\"valueName\":\"search_term_string\"}}],\"inLanguage\":\"en-US\"},{\"@type\":\"Organization\",\"@id\":\"https:\\\/\\\/actbr.com.br\\\/en\\\/#organization\",\"name\":\"ACT Sistemas Hidr\u00e1ulicos\",\"url\":\"https:\\\/\\\/actbr.com.br\\\/en\\\/\",\"logo\":{\"@type\":\"ImageObject\",\"inLanguage\":\"en-US\",\"@id\":\"https:\\\/\\\/actbr.com.br\\\/en\\\/#\\\/schema\\\/logo\\\/image\\\/\",\"url\":\"https:\\\/\\\/actbr.com.br\\\/wp-content\\\/uploads\\\/2025\\\/02\\\/cropped-ACT_NEGATIVO-marca-dagua.png\",\"contentUrl\":\"https:\\\/\\\/actbr.com.br\\\/wp-content\\\/uploads\\\/2025\\\/02\\\/cropped-ACT_NEGATIVO-marca-dagua.png\",\"width\":240,\"height\":146,\"caption\":\"ACT Sistemas Hidr\u00e1ulicos\"},\"image\":{\"@id\":\"https:\\\/\\\/actbr.com.br\\\/en\\\/#\\\/schema\\\/logo\\\/image\\\/\"}}]}<\/script>\n<!-- \/ Yoast SEO plugin. -->","yoast_head_json":{"title":"Mini Unidade Hidr\u00e1ulica - ACT Sistemas Hidr\u00e1ulicos","description":"A Mini Central Hidr\u00e1ulica ACT opera com press\u00e3o m\u00e1xima de 350 Bar, com reservat\u00f3rios de 4, 8, 12 ou 20 litros (polietileno ou met\u00e1lico).","robots":{"index":"index","follow":"follow","max-snippet":"max-snippet:-1","max-image-preview":"max-image-preview:large","max-video-preview":"max-video-preview:-1"},"canonical":"https:\/\/actbr.com.br\/en\/produto\/mini-unidade-hidraulica\/","og_locale":"en_US","og_type":"article","og_title":"Mini Unidade Hidr\u00e1ulica - ACT Sistemas Hidr\u00e1ulicos","og_description":"A Mini Central Hidr\u00e1ulica ACT opera com press\u00e3o m\u00e1xima de 350 Bar, com reservat\u00f3rios de 4, 8, 12 ou 20 litros (polietileno ou met\u00e1lico).","og_url":"https:\/\/actbr.com.br\/en\/produto\/mini-unidade-hidraulica\/","og_site_name":"ACT Sistemas Hidr\u00e1ulicos","article_modified_time":"2023-07-04T12:28:55+00:00","og_image":[{"width":607,"height":475,"url":"https:\/\/actbr.com.br\/wp-content\/uploads\/2020\/09\/Mini-Unidade-Hidraulica-Unidade-hidraulica-compacta.jpg","type":"image\/jpeg"}],"twitter_card":"summary_large_image","twitter_misc":{"Est. reading time":"3 minutes"},"schema":{"@context":"https:\/\/schema.org","@graph":[{"@type":"WebPage","@id":"https:\/\/actbr.com.br\/en\/produto\/mini-unidade-hidraulica\/","url":"https:\/\/actbr.com.br\/en\/produto\/mini-unidade-hidraulica\/","name":"Mini Unidade Hidr\u00e1ulica - ACT Sistemas Hidr\u00e1ulicos","isPartOf":{"@id":"https:\/\/actbr.com.br\/en\/#website"},"primaryImageOfPage":{"@id":"https:\/\/actbr.com.br\/en\/produto\/mini-unidade-hidraulica\/#primaryimage"},"image":{"@id":"https:\/\/actbr.com.br\/en\/produto\/mini-unidade-hidraulica\/#primaryimage"},"thumbnailUrl":"https:\/\/actbr.com.br\/wp-content\/uploads\/2020\/09\/Mini-Unidade-Hidraulica-Unidade-hidraulica-compacta.jpg","datePublished":"2020-09-29T15:44:44+00:00","dateModified":"2023-07-04T12:28:55+00:00","description":"A Mini Central Hidr\u00e1ulica ACT opera com press\u00e3o m\u00e1xima de 350 Bar, com reservat\u00f3rios de 4, 8, 12 ou 20 litros (polietileno ou met\u00e1lico).","breadcrumb":{"@id":"https:\/\/actbr.com.br\/en\/produto\/mini-unidade-hidraulica\/#breadcrumb"},"inLanguage":"en-US","potentialAction":[{"@type":"ReadAction","target":["https:\/\/actbr.com.br\/en\/produto\/mini-unidade-hidraulica\/"]}]},{"@type":"ImageObject","inLanguage":"en-US","@id":"https:\/\/actbr.com.br\/en\/produto\/mini-unidade-hidraulica\/#primaryimage","url":"https:\/\/actbr.com.br\/wp-content\/uploads\/2020\/09\/Mini-Unidade-Hidraulica-Unidade-hidraulica-compacta.jpg","contentUrl":"https:\/\/actbr.com.br\/wp-content\/uploads\/2020\/09\/Mini-Unidade-Hidraulica-Unidade-hidraulica-compacta.jpg","width":607,"height":475,"caption":"Mini Unidade Hidr\u00e1ulica (Unidade hidr\u00e1ulica compacta)"},{"@type":"BreadcrumbList","@id":"https:\/\/actbr.com.br\/en\/produto\/mini-unidade-hidraulica\/#breadcrumb","itemListElement":[{"@type":"ListItem","position":1,"name":"In\u00edcio","item":"https:\/\/actbr.com.br\/en\/"},{"@type":"ListItem","position":2,"name":"Produtos","item":"https:\/\/actbr.com.br\/produtos-act\/"},{"@type":"ListItem","position":3,"name":"Unidades hidr\u00e1ulica","item":"https:\/\/actbr.com.br\/en\/categoria-produto\/unidades-hidraulica\/"},{"@type":"ListItem","position":4,"name":"Mini Central","item":"https:\/\/actbr.com.br\/en\/categoria-produto\/unidades-hidraulica\/mini-central\/"},{"@type":"ListItem","position":5,"name":"Mini Unidade Hidr\u00e1ulica"}]},{"@type":"WebSite","@id":"https:\/\/actbr.com.br\/en\/#website","url":"https:\/\/actbr.com.br\/en\/","name":"ACT Sistemas Hidr\u00e1ulicos","description":"Fabrica\u00e7\u00e3o e manuten\u00e7\u00e3o de componentes \u00f3leo hidr\u00e1ulicos","publisher":{"@id":"https:\/\/actbr.com.br\/en\/#organization"},"potentialAction":[{"@type":"SearchAction","target":{"@type":"EntryPoint","urlTemplate":"https:\/\/actbr.com.br\/en\/?s={search_term_string}"},"query-input":{"@type":"PropertyValueSpecification","valueRequired":true,"valueName":"search_term_string"}}],"inLanguage":"en-US"},{"@type":"Organization","@id":"https:\/\/actbr.com.br\/en\/#organization","name":"ACT Sistemas Hidr\u00e1ulicos","url":"https:\/\/actbr.com.br\/en\/","logo":{"@type":"ImageObject","inLanguage":"en-US","@id":"https:\/\/actbr.com.br\/en\/#\/schema\/logo\/image\/","url":"https:\/\/actbr.com.br\/wp-content\/uploads\/2025\/02\/cropped-ACT_NEGATIVO-marca-dagua.png","contentUrl":"https:\/\/actbr.com.br\/wp-content\/uploads\/2025\/02\/cropped-ACT_NEGATIVO-marca-dagua.png","width":240,"height":146,"caption":"ACT Sistemas Hidr\u00e1ulicos"},"image":{"@id":"https:\/\/actbr.com.br\/en\/#\/schema\/logo\/image\/"}}]}},"_links":{"self":[{"href":"https:\/\/actbr.com.br\/en\/wp-json\/wp\/v2\/product\/3793","targetHints":{"allow":["GET"]}}],"collection":[{"href":"https:\/\/actbr.com.br\/en\/wp-json\/wp\/v2\/product"}],"about":[{"href":"https:\/\/actbr.com.br\/en\/wp-json\/wp\/v2\/types\/product"}],"wp:featuredmedia":[{"embeddable":true,"href":"https:\/\/actbr.com.br\/en\/wp-json\/wp\/v2\/media\/7667"}],"wp:attachment":[{"href":"https:\/\/actbr.com.br\/en\/wp-json\/wp\/v2\/media?parent=3793"}],"wp:term":[{"taxonomy":"product_brand","embeddable":true,"href":"https:\/\/actbr.com.br\/en\/wp-json\/wp\/v2\/product_brand?post=3793"},{"taxonomy":"product_cat","embeddable":true,"href":"https:\/\/actbr.com.br\/en\/wp-json\/wp\/v2\/product_cat?post=3793"},{"taxonomy":"product_tag","embeddable":true,"href":"https:\/\/actbr.com.br\/en\/wp-json\/wp\/v2\/product_tag?post=3793"}],"curies":[{"name":"wp","href":"https:\/\/api.w.org\/{rel}","templated":true}]}}