{"id":3799,"date":"2020-09-29T12:44:44","date_gmt":"2020-09-29T15:44:44","guid":{"rendered":"https:\/\/actbr.com.br\/produto\/unidades-de-lubrificacao-forcada-sistema-off-line\/"},"modified":"2023-06-28T16:25:26","modified_gmt":"2023-06-28T19:25:26","slug":"unidade-de-lubrificacao-forcada","status":"publish","type":"product","link":"https:\/\/actbr.com.br\/en\/produto\/unidade-de-lubrificacao-forcada\/","title":{"rendered":"Unidade de Lubrifica\u00e7\u00e3o For\u00e7ada"},"content":{"rendered":"<p><strong>Unidade de Lubrifica\u00e7\u00e3o For\u00e7ada (Sistema off-line)<\/strong><\/p>\n<p>A Unidade de Lubrifica\u00e7\u00e3o For\u00e7ada (Sistema off-line), fabricada pela ACT, garante a temperatura e o grau de filtragem ideal para o funcionamento de seu sistema, independentemente dos tempos de ciclo do sistema ou da viscosidade de \u00f3leo.<\/p>\n<p>Em todos os sistemas sempre temos uma energia convertida em outro tipo de energia a fim de realizarmos trabalho. Nessas convers\u00f5es de energia, perdas ocorrem. Essas perdas adv\u00eam da transforma\u00e7\u00e3o entre as diversas energias (el\u00e9trica em mec\u00e2nica, mec\u00e2nica em hidr\u00e1ulica, hidr\u00e1ulica em \u00a0mec\u00e2nica novamente) e tamb\u00e9m do atrito entre as partes m\u00f3veis. Dissipar este calor \u00e9 a fun\u00e7\u00e3o de sistemas de refrigera\u00e7\u00e3o.<\/p>\n<p>Para executar esse tipo de trabalho, a ACT apresenta-se como parceiro e fornecedor qualificado de componentes e sistemas na tecnologia de refrigera\u00e7\u00e3o.<\/p>\n<p>Nosso sistema \u00e9 constitu\u00eddo por uma bomba de engrenagens de baixa emiss\u00e3o de ru\u00eddo e alta estabilidade funcional (bomba de engrenagens helicoidais KRACHT), filtro de press\u00e3o simples ou duplex (MAHLE) com malha met\u00e1lica (lav\u00e1vel) ou absoluta, trocador de calor (casco e tubos\/resfriadores de \u00f3leo a ar\/placas desmont\u00e1veis\/placas brasadas) e instrumenta\u00e7\u00e3o completa (man\u00f4metro, pressostato, sensor de fluxo, term\u00f4metro, etc).<\/p>\n<p>Temos solu\u00e7\u00f5es prontas de acordo com a necessidade do cliente com foco em:<br \/>\nM\u00e1quinas ferramentas;<br \/>\nUsinas Hidrel\u00e9tricas e termel\u00e9tricas;<br \/>\nAero geradores (geradores e transmiss\u00e3o);<br \/>\nInd\u00fastria Naval de constru\u00e7\u00e3o e manuten\u00e7\u00e3o;<br \/>\nSiderurgia;<br \/>\nPapel e Celulose;<br \/>\nUnidades Hidr\u00e1ulicas em geral;<br \/>\nAcionadores hidrost\u00e1ticos;<br \/>\nTransmiss\u00f5es, Turbinas e Redutores de Engrenagens;<br \/>\nInjetoras de pl\u00e1stico, borracha, alum\u00ednio e outras;<br \/>\nEquipamentos de constru\u00e7\u00e3o e manuten\u00e7\u00e3o ferrovi\u00e1ria.<\/p>\n","protected":false},"excerpt":{"rendered":"<p>A Unidade de Lubrifica\u00e7\u00e3o For\u00e7ada fabricada pela ACT garante a temperatura e o grau de filtragem ideal para o funcionamento do sistema hidr\u00e1ulico.<\/p>\n","protected":false},"featured_media":7668,"template":"","meta":[],"product_brand":[],"product_cat":[105,44],"product_tag":[],"class_list":{"0":"post-3799","1":"product","2":"type-product","3":"status-publish","4":"has-post-thumbnail","6":"product_cat-sistemas-de-lubrificacao","7":"product_cat-unidades-hidraulica","9":"first","10":"instock","11":"virtual","12":"product-type-simple"},"yoast_head":"<!-- This site is optimized with the Yoast SEO plugin v27.2 - https:\/\/yoast.com\/product\/yoast-seo-wordpress\/ -->\n<title>Unidade de Lubrifica\u00e7\u00e3o For\u00e7ada - ACT Sistemas Hidr\u00e1ulicos<\/title>\n<meta name=\"description\" content=\"A Unidade de Lubrifica\u00e7\u00e3o For\u00e7ada fabricada pela ACT garante a temperatura e o grau de filtragem ideal para o funcionamento do sistema hidr\u00e1ulico.\" \/>\n<meta name=\"robots\" content=\"index, follow, max-snippet:-1, max-image-preview:large, max-video-preview:-1\" \/>\n<link rel=\"canonical\" href=\"https:\/\/actbr.com.br\/en\/produto\/unidade-de-lubrificacao-forcada\/\" \/>\n<meta property=\"og:locale\" content=\"en_US\" \/>\n<meta property=\"og:type\" content=\"article\" \/>\n<meta property=\"og:title\" content=\"Unidade de Lubrifica\u00e7\u00e3o For\u00e7ada - ACT Sistemas Hidr\u00e1ulicos\" \/>\n<meta property=\"og:description\" content=\"A Unidade de Lubrifica\u00e7\u00e3o For\u00e7ada fabricada pela ACT garante a temperatura e o grau de filtragem ideal para o funcionamento do sistema hidr\u00e1ulico.\" \/>\n<meta property=\"og:url\" content=\"https:\/\/actbr.com.br\/en\/produto\/unidade-de-lubrificacao-forcada\/\" \/>\n<meta property=\"og:site_name\" content=\"ACT Sistemas Hidr\u00e1ulicos\" \/>\n<meta property=\"article:modified_time\" content=\"2023-06-28T19:25:26+00:00\" \/>\n<meta property=\"og:image\" content=\"https:\/\/actbr.com.br\/wp-content\/uploads\/2020\/09\/Unidades-de-lubrificacao-forcada-Sistema-OFF-LINE.jpg\" \/>\n\t<meta property=\"og:image:width\" content=\"531\" \/>\n\t<meta property=\"og:image:height\" content=\"398\" \/>\n\t<meta property=\"og:image:type\" content=\"image\/jpeg\" \/>\n<meta name=\"twitter:card\" content=\"summary_large_image\" \/>\n<meta name=\"twitter:label1\" content=\"Est. reading time\" \/>\n\t<meta name=\"twitter:data1\" content=\"2 minutes\" \/>\n<script type=\"application\/ld+json\" class=\"yoast-schema-graph\">{\"@context\":\"https:\/\/schema.org\",\"@graph\":[{\"@type\":\"WebPage\",\"@id\":\"https:\/\/actbr.com.br\/en\/produto\/unidade-de-lubrificacao-forcada\/\",\"url\":\"https:\/\/actbr.com.br\/en\/produto\/unidade-de-lubrificacao-forcada\/\",\"name\":\"Unidade de Lubrifica\u00e7\u00e3o For\u00e7ada - ACT Sistemas Hidr\u00e1ulicos\",\"isPartOf\":{\"@id\":\"https:\/\/actbr.com.br\/en\/#website\"},\"primaryImageOfPage\":{\"@id\":\"https:\/\/actbr.com.br\/en\/produto\/unidade-de-lubrificacao-forcada\/#primaryimage\"},\"image\":{\"@id\":\"https:\/\/actbr.com.br\/en\/produto\/unidade-de-lubrificacao-forcada\/#primaryimage\"},\"thumbnailUrl\":\"https:\/\/actbr.com.br\/wp-content\/uploads\/2020\/09\/Unidades-de-lubrificacao-forcada-Sistema-OFF-LINE.jpg\",\"datePublished\":\"2020-09-29T15:44:44+00:00\",\"dateModified\":\"2023-06-28T19:25:26+00:00\",\"description\":\"A Unidade de Lubrifica\u00e7\u00e3o For\u00e7ada fabricada pela ACT garante a temperatura e o grau de filtragem ideal para o funcionamento do sistema hidr\u00e1ulico.\",\"breadcrumb\":{\"@id\":\"https:\/\/actbr.com.br\/en\/produto\/unidade-de-lubrificacao-forcada\/#breadcrumb\"},\"inLanguage\":\"en-US\",\"potentialAction\":[{\"@type\":\"ReadAction\",\"target\":[\"https:\/\/actbr.com.br\/en\/produto\/unidade-de-lubrificacao-forcada\/\"]}]},{\"@type\":\"ImageObject\",\"inLanguage\":\"en-US\",\"@id\":\"https:\/\/actbr.com.br\/en\/produto\/unidade-de-lubrificacao-forcada\/#primaryimage\",\"url\":\"https:\/\/actbr.com.br\/wp-content\/uploads\/2020\/09\/Unidades-de-lubrificacao-forcada-Sistema-OFF-LINE.jpg\",\"contentUrl\":\"https:\/\/actbr.com.br\/wp-content\/uploads\/2020\/09\/Unidades-de-lubrificacao-forcada-Sistema-OFF-LINE.jpg\",\"width\":531,\"height\":398,\"caption\":\"Unidades de lubrifica\u00e7\u00e3o for\u00e7ada (Sistema OFF-LINE)\"},{\"@type\":\"BreadcrumbList\",\"@id\":\"https:\/\/actbr.com.br\/en\/produto\/unidade-de-lubrificacao-forcada\/#breadcrumb\",\"itemListElement\":[{\"@type\":\"ListItem\",\"position\":1,\"name\":\"In\u00edcio\",\"item\":\"https:\/\/actbr.com.br\/en\/\"},{\"@type\":\"ListItem\",\"position\":2,\"name\":\"Produtos\",\"item\":\"https:\/\/actbr.com.br\/produtos-act\/\"},{\"@type\":\"ListItem\",\"position\":3,\"name\":\"Unidades hidr\u00e1ulica\",\"item\":\"https:\/\/actbr.com.br\/en\/categoria-produto\/unidades-hidraulica\/\"},{\"@type\":\"ListItem\",\"position\":4,\"name\":\"Sistemas de Lubrifica\u00e7\u00e3o\",\"item\":\"https:\/\/actbr.com.br\/en\/categoria-produto\/unidades-hidraulica\/sistemas-de-lubrificacao\/\"},{\"@type\":\"ListItem\",\"position\":5,\"name\":\"Unidade de Lubrifica\u00e7\u00e3o For\u00e7ada\"}]},{\"@type\":\"WebSite\",\"@id\":\"https:\/\/actbr.com.br\/en\/#website\",\"url\":\"https:\/\/actbr.com.br\/en\/\",\"name\":\"ACT Sistemas Hidr\u00e1ulicos\",\"description\":\"Fabrica\u00e7\u00e3o e manuten\u00e7\u00e3o de componentes \u00f3leo hidr\u00e1ulicos\",\"publisher\":{\"@id\":\"https:\/\/actbr.com.br\/en\/#organization\"},\"potentialAction\":[{\"@type\":\"SearchAction\",\"target\":{\"@type\":\"EntryPoint\",\"urlTemplate\":\"https:\/\/actbr.com.br\/en\/?s={search_term_string}\"},\"query-input\":{\"@type\":\"PropertyValueSpecification\",\"valueRequired\":true,\"valueName\":\"search_term_string\"}}],\"inLanguage\":\"en-US\"},{\"@type\":\"Organization\",\"@id\":\"https:\/\/actbr.com.br\/en\/#organization\",\"name\":\"ACT Sistemas Hidr\u00e1ulicos\",\"url\":\"https:\/\/actbr.com.br\/en\/\",\"logo\":{\"@type\":\"ImageObject\",\"inLanguage\":\"en-US\",\"@id\":\"https:\/\/actbr.com.br\/en\/#\/schema\/logo\/image\/\",\"url\":\"https:\/\/actbr.com.br\/wp-content\/uploads\/2025\/02\/cropped-ACT_NEGATIVO-marca-dagua.png\",\"contentUrl\":\"https:\/\/actbr.com.br\/wp-content\/uploads\/2025\/02\/cropped-ACT_NEGATIVO-marca-dagua.png\",\"width\":240,\"height\":146,\"caption\":\"ACT Sistemas Hidr\u00e1ulicos\"},\"image\":{\"@id\":\"https:\/\/actbr.com.br\/en\/#\/schema\/logo\/image\/\"}}]}<\/script>\n<!-- \/ Yoast SEO plugin. -->","yoast_head_json":{"title":"Unidade de Lubrifica\u00e7\u00e3o For\u00e7ada - ACT Sistemas Hidr\u00e1ulicos","description":"A Unidade de Lubrifica\u00e7\u00e3o For\u00e7ada fabricada pela ACT garante a temperatura e o grau de filtragem ideal para o funcionamento do sistema hidr\u00e1ulico.","robots":{"index":"index","follow":"follow","max-snippet":"max-snippet:-1","max-image-preview":"max-image-preview:large","max-video-preview":"max-video-preview:-1"},"canonical":"https:\/\/actbr.com.br\/en\/produto\/unidade-de-lubrificacao-forcada\/","og_locale":"en_US","og_type":"article","og_title":"Unidade de Lubrifica\u00e7\u00e3o For\u00e7ada - ACT Sistemas Hidr\u00e1ulicos","og_description":"A Unidade de Lubrifica\u00e7\u00e3o For\u00e7ada fabricada pela ACT garante a temperatura e o grau de filtragem ideal para o funcionamento do sistema hidr\u00e1ulico.","og_url":"https:\/\/actbr.com.br\/en\/produto\/unidade-de-lubrificacao-forcada\/","og_site_name":"ACT Sistemas Hidr\u00e1ulicos","article_modified_time":"2023-06-28T19:25:26+00:00","og_image":[{"width":531,"height":398,"url":"https:\/\/actbr.com.br\/wp-content\/uploads\/2020\/09\/Unidades-de-lubrificacao-forcada-Sistema-OFF-LINE.jpg","type":"image\/jpeg"}],"twitter_card":"summary_large_image","twitter_misc":{"Est. reading time":"2 minutes"},"schema":{"@context":"https:\/\/schema.org","@graph":[{"@type":"WebPage","@id":"https:\/\/actbr.com.br\/en\/produto\/unidade-de-lubrificacao-forcada\/","url":"https:\/\/actbr.com.br\/en\/produto\/unidade-de-lubrificacao-forcada\/","name":"Unidade de Lubrifica\u00e7\u00e3o For\u00e7ada - ACT Sistemas Hidr\u00e1ulicos","isPartOf":{"@id":"https:\/\/actbr.com.br\/en\/#website"},"primaryImageOfPage":{"@id":"https:\/\/actbr.com.br\/en\/produto\/unidade-de-lubrificacao-forcada\/#primaryimage"},"image":{"@id":"https:\/\/actbr.com.br\/en\/produto\/unidade-de-lubrificacao-forcada\/#primaryimage"},"thumbnailUrl":"https:\/\/actbr.com.br\/wp-content\/uploads\/2020\/09\/Unidades-de-lubrificacao-forcada-Sistema-OFF-LINE.jpg","datePublished":"2020-09-29T15:44:44+00:00","dateModified":"2023-06-28T19:25:26+00:00","description":"A Unidade de Lubrifica\u00e7\u00e3o For\u00e7ada fabricada pela ACT garante a temperatura e o grau de filtragem ideal para o funcionamento do sistema hidr\u00e1ulico.","breadcrumb":{"@id":"https:\/\/actbr.com.br\/en\/produto\/unidade-de-lubrificacao-forcada\/#breadcrumb"},"inLanguage":"en-US","potentialAction":[{"@type":"ReadAction","target":["https:\/\/actbr.com.br\/en\/produto\/unidade-de-lubrificacao-forcada\/"]}]},{"@type":"ImageObject","inLanguage":"en-US","@id":"https:\/\/actbr.com.br\/en\/produto\/unidade-de-lubrificacao-forcada\/#primaryimage","url":"https:\/\/actbr.com.br\/wp-content\/uploads\/2020\/09\/Unidades-de-lubrificacao-forcada-Sistema-OFF-LINE.jpg","contentUrl":"https:\/\/actbr.com.br\/wp-content\/uploads\/2020\/09\/Unidades-de-lubrificacao-forcada-Sistema-OFF-LINE.jpg","width":531,"height":398,"caption":"Unidades de lubrifica\u00e7\u00e3o for\u00e7ada (Sistema OFF-LINE)"},{"@type":"BreadcrumbList","@id":"https:\/\/actbr.com.br\/en\/produto\/unidade-de-lubrificacao-forcada\/#breadcrumb","itemListElement":[{"@type":"ListItem","position":1,"name":"In\u00edcio","item":"https:\/\/actbr.com.br\/en\/"},{"@type":"ListItem","position":2,"name":"Produtos","item":"https:\/\/actbr.com.br\/produtos-act\/"},{"@type":"ListItem","position":3,"name":"Unidades hidr\u00e1ulica","item":"https:\/\/actbr.com.br\/en\/categoria-produto\/unidades-hidraulica\/"},{"@type":"ListItem","position":4,"name":"Sistemas de Lubrifica\u00e7\u00e3o","item":"https:\/\/actbr.com.br\/en\/categoria-produto\/unidades-hidraulica\/sistemas-de-lubrificacao\/"},{"@type":"ListItem","position":5,"name":"Unidade de Lubrifica\u00e7\u00e3o For\u00e7ada"}]},{"@type":"WebSite","@id":"https:\/\/actbr.com.br\/en\/#website","url":"https:\/\/actbr.com.br\/en\/","name":"ACT Sistemas Hidr\u00e1ulicos","description":"Fabrica\u00e7\u00e3o e manuten\u00e7\u00e3o de componentes \u00f3leo hidr\u00e1ulicos","publisher":{"@id":"https:\/\/actbr.com.br\/en\/#organization"},"potentialAction":[{"@type":"SearchAction","target":{"@type":"EntryPoint","urlTemplate":"https:\/\/actbr.com.br\/en\/?s={search_term_string}"},"query-input":{"@type":"PropertyValueSpecification","valueRequired":true,"valueName":"search_term_string"}}],"inLanguage":"en-US"},{"@type":"Organization","@id":"https:\/\/actbr.com.br\/en\/#organization","name":"ACT Sistemas Hidr\u00e1ulicos","url":"https:\/\/actbr.com.br\/en\/","logo":{"@type":"ImageObject","inLanguage":"en-US","@id":"https:\/\/actbr.com.br\/en\/#\/schema\/logo\/image\/","url":"https:\/\/actbr.com.br\/wp-content\/uploads\/2025\/02\/cropped-ACT_NEGATIVO-marca-dagua.png","contentUrl":"https:\/\/actbr.com.br\/wp-content\/uploads\/2025\/02\/cropped-ACT_NEGATIVO-marca-dagua.png","width":240,"height":146,"caption":"ACT Sistemas Hidr\u00e1ulicos"},"image":{"@id":"https:\/\/actbr.com.br\/en\/#\/schema\/logo\/image\/"}}]}},"_links":{"self":[{"href":"https:\/\/actbr.com.br\/en\/wp-json\/wp\/v2\/product\/3799","targetHints":{"allow":["GET"]}}],"collection":[{"href":"https:\/\/actbr.com.br\/en\/wp-json\/wp\/v2\/product"}],"about":[{"href":"https:\/\/actbr.com.br\/en\/wp-json\/wp\/v2\/types\/product"}],"wp:featuredmedia":[{"embeddable":true,"href":"https:\/\/actbr.com.br\/en\/wp-json\/wp\/v2\/media\/7668"}],"wp:attachment":[{"href":"https:\/\/actbr.com.br\/en\/wp-json\/wp\/v2\/media?parent=3799"}],"wp:term":[{"taxonomy":"product_brand","embeddable":true,"href":"https:\/\/actbr.com.br\/en\/wp-json\/wp\/v2\/product_brand?post=3799"},{"taxonomy":"product_cat","embeddable":true,"href":"https:\/\/actbr.com.br\/en\/wp-json\/wp\/v2\/product_cat?post=3799"},{"taxonomy":"product_tag","embeddable":true,"href":"https:\/\/actbr.com.br\/en\/wp-json\/wp\/v2\/product_tag?post=3799"}],"curies":[{"name":"wp","href":"https:\/\/api.w.org\/{rel}","templated":true}]}}