{"id":3839,"date":"2020-09-29T12:44:44","date_gmt":"2020-09-29T15:44:44","guid":{"rendered":"https:\/\/actbr.com.br\/produto\/acoplamento-elastico-spidex\/"},"modified":"2023-06-09T16:37:12","modified_gmt":"2023-06-09T19:37:12","slug":"acoplamento-elastico-spidex","status":"publish","type":"product","link":"https:\/\/actbr.com.br\/en\/produto\/acoplamento-elastico-spidex\/","title":{"rendered":"Acoplamento El\u00e1stico Spidex"},"content":{"rendered":"<div id=\"detalhes\">\n<p><strong>Acoplamento El\u00e1stico Spidex<\/strong><\/p>\n<p>O Acoplamento El\u00e1stico Spidex transmite o torque sem o risco de quebra e sem folgas, permitindo compensa\u00e7\u00e3o dos deslocamentos radiais e angulares.<\/p>\n<p>Acoplamentos el\u00e1sticos suprem a resson\u00e2ncia do corpo e, portanto, contribuem para a redu\u00e7\u00e3o do ru\u00eddo. Os acoplamentos el\u00e1sticos R + L reduzem os choques torcionais intermitentes de curto per\u00edodo e assim armazenam parte dessa energia de choque elasticamente.\u00a0 Deste modo, qualquer grau de movimento desigual \u00e0 transfer\u00eancia de torque \u00e9 consequentemente reduzido.<\/p>\n<p><strong>Caracter\u00edsticas:<\/strong><br \/>\nElasticidade torcional;<br \/>\nAmortecimento;<br \/>\nF\u00e1cil montagem;<br \/>\nSeguro contra quebra\/rompimento;<br \/>\nIsento de manuten\u00e7\u00e3o;<br \/>\nMaterial do cubo: Alum\u00ednio (Al), Ferro Fundido (GG \/ GGG), A\u00e7o Sinterizado (Si), A\u00e7o (St).<\/p>\n<p>A coroa consiste em um elast\u00f4mero de poliuretano termopl\u00e1stico, que \u00e9 projetado para alta resist\u00eancia \u00e0 abras\u00e3o e elasticidade. Possui boas caracter\u00edsticas de amortecimento e \u00e9 resistente a \u00f3leos, graxas, solventes, efeitos atmosf\u00e9ricos, al\u00e9m de uma boa resist\u00eancia a hidr\u00f3lise em condi\u00e7\u00f5es tropicais.<\/p>\n<p>A faixa de temperatura de opera\u00e7\u00e3o est\u00e1 entre -40 \u00b0 C e +100 \u00b0 C (Temperatura de picos at\u00e9 +120 \u00b0C s\u00e3o admiss\u00edveis).<\/p>\n<p>A dureza padr\u00e3o da aranha \u00e9 de 92\u00b0 Shore A. Para torques mais altos, utilizar uma aranha de 95\u00b0 a 98\u00b0 Shore A. Para torques muito altos deve-se utilizar uma aranha com 64 \u00b0 Shore D, que \u00e9 extremamente dura e tem um baixo efeito de amortecimento, logo, \u00e9 a mais recomendada.<\/p>\n<p>&nbsp;<\/p>\n<p>Acoplamentos para motores IEC-Standart, Spider 92\u00b0 shore A:<\/p>\n<p><img fetchpriority=\"high\" decoding=\"async\" title=\"Tabela do Acoplamento El\u00e1stico SPIDEX\" src=\"https:\/\/actbr.com.br\/wp-content\/uploads\/2020\/09\/acoplamento-elastico-lado-motor-iec.jpg\" alt=\"Acoplamentos para motores IEC-Standart, Spider 92\u00b0 shore A:\" width=\"885\" height=\"604\" \/><\/p>\n<p><img decoding=\"async\" src=\"https:\/\/actbr.com.br\/wp-content\/uploads\/2020\/09\/acoplamento-elastico-lado-motor-iec-r-l-ktr-2.jpg\" alt=\"\" \/><\/p>\n<p>Dimens\u00f5es do Acoplamento El\u00e1stico SPIDEX:<\/p>\n<p><img decoding=\"async\" src=\"https:\/\/actbr.com.br\/wp-content\/uploads\/2020\/09\/acoplamento-elastico-lado-motor-iec-r-l-ktr-2-dimensoes.jpg\" alt=\"\" \/><br \/>\n<img decoding=\"async\" src=\"https:\/\/actbr.com.br\/wp-content\/uploads\/2020\/09\/acoplamento-elastico-lado-motor-iec-r-l-ktr-2-dimensoes-2.jpg\" alt=\"\" \/><\/p>\n<p>Spiders:<\/p>\n<p><img decoding=\"async\" src=\"https:\/\/actbr.com.br\/wp-content\/uploads\/2020\/09\/spiders-acoplamento-elastico-ktr-r-l.jpg\" alt=\"\" \/><\/p>\n<\/div>\n<div id=\"relacionados\" style=\"margin: 0px; padding: 100px 0px 0px; float: left; width: 890px; color: #4f4f4f;\"><\/div>\n","protected":false},"excerpt":{"rendered":"<p>O Acoplamento El\u00e1stico Spidex transmite o torque sem o risco de quebra e sem folgas, permitindo compensa\u00e7\u00e3o dos deslocamentos radiais e angulares.<\/p>\n","protected":false},"featured_media":7192,"template":"","meta":[],"product_brand":[],"product_cat":[76,113],"product_tag":[],"class_list":{"0":"post-3839","1":"product","2":"type-product","3":"status-publish","4":"has-post-thumbnail","6":"product_cat-acessorios","7":"product_cat-acoplamento-spidex","9":"first","10":"instock","11":"virtual","12":"product-type-simple"},"yoast_head":"<!-- This site is optimized with the Yoast SEO plugin v27.2 - https:\/\/yoast.com\/product\/yoast-seo-wordpress\/ -->\n<title>Acoplamento El\u00e1stico Spidex - ACT Sistemas Hidr\u00e1ulicos<\/title>\n<meta name=\"description\" content=\"O Acoplamento El\u00e1stico Spidex transmite o torque sem o risco de quebra e sem folgas, permitindo compensa\u00e7\u00e3o dos deslocamentos radiais e angulares.\" \/>\n<meta name=\"robots\" content=\"index, follow, max-snippet:-1, max-image-preview:large, max-video-preview:-1\" \/>\n<link rel=\"canonical\" href=\"https:\/\/actbr.com.br\/en\/produto\/acoplamento-elastico-spidex\/\" \/>\n<meta property=\"og:locale\" content=\"en_US\" \/>\n<meta property=\"og:type\" content=\"article\" \/>\n<meta property=\"og:title\" content=\"Acoplamento El\u00e1stico Spidex - ACT Sistemas Hidr\u00e1ulicos\" \/>\n<meta property=\"og:description\" content=\"O Acoplamento El\u00e1stico Spidex transmite o torque sem o risco de quebra e sem folgas, permitindo compensa\u00e7\u00e3o dos deslocamentos radiais e angulares.\" \/>\n<meta property=\"og:url\" content=\"https:\/\/actbr.com.br\/en\/produto\/acoplamento-elastico-spidex\/\" \/>\n<meta property=\"og:site_name\" content=\"ACT Sistemas Hidr\u00e1ulicos\" \/>\n<meta property=\"article:modified_time\" content=\"2023-06-09T19:37:12+00:00\" \/>\n<meta property=\"og:image\" content=\"https:\/\/actbr.com.br\/wp-content\/uploads\/2020\/09\/Acoplamento-elastico-SPIDEX-1.jpg\" \/>\n\t<meta property=\"og:image:width\" content=\"573\" \/>\n\t<meta property=\"og:image:height\" content=\"437\" \/>\n\t<meta property=\"og:image:type\" content=\"image\/jpeg\" \/>\n<meta name=\"twitter:card\" content=\"summary_large_image\" \/>\n<meta name=\"twitter:label1\" content=\"Est. reading time\" \/>\n\t<meta name=\"twitter:data1\" content=\"3 minutes\" \/>\n<script type=\"application\/ld+json\" class=\"yoast-schema-graph\">{\"@context\":\"https:\/\/schema.org\",\"@graph\":[{\"@type\":\"WebPage\",\"@id\":\"https:\/\/actbr.com.br\/en\/produto\/acoplamento-elastico-spidex\/\",\"url\":\"https:\/\/actbr.com.br\/en\/produto\/acoplamento-elastico-spidex\/\",\"name\":\"Acoplamento El\u00e1stico Spidex - ACT Sistemas Hidr\u00e1ulicos\",\"isPartOf\":{\"@id\":\"https:\/\/actbr.com.br\/en\/#website\"},\"primaryImageOfPage\":{\"@id\":\"https:\/\/actbr.com.br\/en\/produto\/acoplamento-elastico-spidex\/#primaryimage\"},\"image\":{\"@id\":\"https:\/\/actbr.com.br\/en\/produto\/acoplamento-elastico-spidex\/#primaryimage\"},\"thumbnailUrl\":\"https:\/\/actbr.com.br\/wp-content\/uploads\/2020\/09\/Acoplamento-elastico-SPIDEX-1.jpg\",\"datePublished\":\"2020-09-29T15:44:44+00:00\",\"dateModified\":\"2023-06-09T19:37:12+00:00\",\"description\":\"O Acoplamento El\u00e1stico Spidex transmite o torque sem o risco de quebra e sem folgas, permitindo compensa\u00e7\u00e3o dos deslocamentos radiais e angulares.\",\"breadcrumb\":{\"@id\":\"https:\/\/actbr.com.br\/en\/produto\/acoplamento-elastico-spidex\/#breadcrumb\"},\"inLanguage\":\"en-US\",\"potentialAction\":[{\"@type\":\"ReadAction\",\"target\":[\"https:\/\/actbr.com.br\/en\/produto\/acoplamento-elastico-spidex\/\"]}]},{\"@type\":\"ImageObject\",\"inLanguage\":\"en-US\",\"@id\":\"https:\/\/actbr.com.br\/en\/produto\/acoplamento-elastico-spidex\/#primaryimage\",\"url\":\"https:\/\/actbr.com.br\/wp-content\/uploads\/2020\/09\/Acoplamento-elastico-SPIDEX-1.jpg\",\"contentUrl\":\"https:\/\/actbr.com.br\/wp-content\/uploads\/2020\/09\/Acoplamento-elastico-SPIDEX-1.jpg\",\"width\":573,\"height\":437,\"caption\":\"Acoplamento el\u00e1stico SPIDEX\"},{\"@type\":\"BreadcrumbList\",\"@id\":\"https:\/\/actbr.com.br\/en\/produto\/acoplamento-elastico-spidex\/#breadcrumb\",\"itemListElement\":[{\"@type\":\"ListItem\",\"position\":1,\"name\":\"In\u00edcio\",\"item\":\"https:\/\/actbr.com.br\/en\/\"},{\"@type\":\"ListItem\",\"position\":2,\"name\":\"Produtos\",\"item\":\"https:\/\/actbr.com.br\/produtos-act\/\"},{\"@type\":\"ListItem\",\"position\":3,\"name\":\"Acess\u00f3rios\",\"item\":\"https:\/\/actbr.com.br\/en\/categoria-produto\/acessorios\/\"},{\"@type\":\"ListItem\",\"position\":4,\"name\":\"Acoplamento - Spidex\",\"item\":\"https:\/\/actbr.com.br\/en\/categoria-produto\/acessorios\/acoplamento-spidex\/\"},{\"@type\":\"ListItem\",\"position\":5,\"name\":\"Acoplamento El\u00e1stico Spidex\"}]},{\"@type\":\"WebSite\",\"@id\":\"https:\/\/actbr.com.br\/en\/#website\",\"url\":\"https:\/\/actbr.com.br\/en\/\",\"name\":\"ACT Sistemas Hidr\u00e1ulicos\",\"description\":\"Fabrica\u00e7\u00e3o e manuten\u00e7\u00e3o de componentes \u00f3leo hidr\u00e1ulicos\",\"publisher\":{\"@id\":\"https:\/\/actbr.com.br\/en\/#organization\"},\"potentialAction\":[{\"@type\":\"SearchAction\",\"target\":{\"@type\":\"EntryPoint\",\"urlTemplate\":\"https:\/\/actbr.com.br\/en\/?s={search_term_string}\"},\"query-input\":{\"@type\":\"PropertyValueSpecification\",\"valueRequired\":true,\"valueName\":\"search_term_string\"}}],\"inLanguage\":\"en-US\"},{\"@type\":\"Organization\",\"@id\":\"https:\/\/actbr.com.br\/en\/#organization\",\"name\":\"ACT Sistemas Hidr\u00e1ulicos\",\"url\":\"https:\/\/actbr.com.br\/en\/\",\"logo\":{\"@type\":\"ImageObject\",\"inLanguage\":\"en-US\",\"@id\":\"https:\/\/actbr.com.br\/en\/#\/schema\/logo\/image\/\",\"url\":\"https:\/\/actbr.com.br\/wp-content\/uploads\/2025\/02\/cropped-ACT_NEGATIVO-marca-dagua.png\",\"contentUrl\":\"https:\/\/actbr.com.br\/wp-content\/uploads\/2025\/02\/cropped-ACT_NEGATIVO-marca-dagua.png\",\"width\":240,\"height\":146,\"caption\":\"ACT Sistemas Hidr\u00e1ulicos\"},\"image\":{\"@id\":\"https:\/\/actbr.com.br\/en\/#\/schema\/logo\/image\/\"}}]}<\/script>\n<!-- \/ Yoast SEO plugin. -->","yoast_head_json":{"title":"Acoplamento El\u00e1stico Spidex - ACT Sistemas Hidr\u00e1ulicos","description":"O Acoplamento El\u00e1stico Spidex transmite o torque sem o risco de quebra e sem folgas, permitindo compensa\u00e7\u00e3o dos deslocamentos radiais e angulares.","robots":{"index":"index","follow":"follow","max-snippet":"max-snippet:-1","max-image-preview":"max-image-preview:large","max-video-preview":"max-video-preview:-1"},"canonical":"https:\/\/actbr.com.br\/en\/produto\/acoplamento-elastico-spidex\/","og_locale":"en_US","og_type":"article","og_title":"Acoplamento El\u00e1stico Spidex - ACT Sistemas Hidr\u00e1ulicos","og_description":"O Acoplamento El\u00e1stico Spidex transmite o torque sem o risco de quebra e sem folgas, permitindo compensa\u00e7\u00e3o dos deslocamentos radiais e angulares.","og_url":"https:\/\/actbr.com.br\/en\/produto\/acoplamento-elastico-spidex\/","og_site_name":"ACT Sistemas Hidr\u00e1ulicos","article_modified_time":"2023-06-09T19:37:12+00:00","og_image":[{"width":573,"height":437,"url":"https:\/\/actbr.com.br\/wp-content\/uploads\/2020\/09\/Acoplamento-elastico-SPIDEX-1.jpg","type":"image\/jpeg"}],"twitter_card":"summary_large_image","twitter_misc":{"Est. reading time":"3 minutes"},"schema":{"@context":"https:\/\/schema.org","@graph":[{"@type":"WebPage","@id":"https:\/\/actbr.com.br\/en\/produto\/acoplamento-elastico-spidex\/","url":"https:\/\/actbr.com.br\/en\/produto\/acoplamento-elastico-spidex\/","name":"Acoplamento El\u00e1stico Spidex - ACT Sistemas Hidr\u00e1ulicos","isPartOf":{"@id":"https:\/\/actbr.com.br\/en\/#website"},"primaryImageOfPage":{"@id":"https:\/\/actbr.com.br\/en\/produto\/acoplamento-elastico-spidex\/#primaryimage"},"image":{"@id":"https:\/\/actbr.com.br\/en\/produto\/acoplamento-elastico-spidex\/#primaryimage"},"thumbnailUrl":"https:\/\/actbr.com.br\/wp-content\/uploads\/2020\/09\/Acoplamento-elastico-SPIDEX-1.jpg","datePublished":"2020-09-29T15:44:44+00:00","dateModified":"2023-06-09T19:37:12+00:00","description":"O Acoplamento El\u00e1stico Spidex transmite o torque sem o risco de quebra e sem folgas, permitindo compensa\u00e7\u00e3o dos deslocamentos radiais e angulares.","breadcrumb":{"@id":"https:\/\/actbr.com.br\/en\/produto\/acoplamento-elastico-spidex\/#breadcrumb"},"inLanguage":"en-US","potentialAction":[{"@type":"ReadAction","target":["https:\/\/actbr.com.br\/en\/produto\/acoplamento-elastico-spidex\/"]}]},{"@type":"ImageObject","inLanguage":"en-US","@id":"https:\/\/actbr.com.br\/en\/produto\/acoplamento-elastico-spidex\/#primaryimage","url":"https:\/\/actbr.com.br\/wp-content\/uploads\/2020\/09\/Acoplamento-elastico-SPIDEX-1.jpg","contentUrl":"https:\/\/actbr.com.br\/wp-content\/uploads\/2020\/09\/Acoplamento-elastico-SPIDEX-1.jpg","width":573,"height":437,"caption":"Acoplamento el\u00e1stico SPIDEX"},{"@type":"BreadcrumbList","@id":"https:\/\/actbr.com.br\/en\/produto\/acoplamento-elastico-spidex\/#breadcrumb","itemListElement":[{"@type":"ListItem","position":1,"name":"In\u00edcio","item":"https:\/\/actbr.com.br\/en\/"},{"@type":"ListItem","position":2,"name":"Produtos","item":"https:\/\/actbr.com.br\/produtos-act\/"},{"@type":"ListItem","position":3,"name":"Acess\u00f3rios","item":"https:\/\/actbr.com.br\/en\/categoria-produto\/acessorios\/"},{"@type":"ListItem","position":4,"name":"Acoplamento - Spidex","item":"https:\/\/actbr.com.br\/en\/categoria-produto\/acessorios\/acoplamento-spidex\/"},{"@type":"ListItem","position":5,"name":"Acoplamento El\u00e1stico Spidex"}]},{"@type":"WebSite","@id":"https:\/\/actbr.com.br\/en\/#website","url":"https:\/\/actbr.com.br\/en\/","name":"ACT Sistemas Hidr\u00e1ulicos","description":"Fabrica\u00e7\u00e3o e manuten\u00e7\u00e3o de componentes \u00f3leo hidr\u00e1ulicos","publisher":{"@id":"https:\/\/actbr.com.br\/en\/#organization"},"potentialAction":[{"@type":"SearchAction","target":{"@type":"EntryPoint","urlTemplate":"https:\/\/actbr.com.br\/en\/?s={search_term_string}"},"query-input":{"@type":"PropertyValueSpecification","valueRequired":true,"valueName":"search_term_string"}}],"inLanguage":"en-US"},{"@type":"Organization","@id":"https:\/\/actbr.com.br\/en\/#organization","name":"ACT Sistemas Hidr\u00e1ulicos","url":"https:\/\/actbr.com.br\/en\/","logo":{"@type":"ImageObject","inLanguage":"en-US","@id":"https:\/\/actbr.com.br\/en\/#\/schema\/logo\/image\/","url":"https:\/\/actbr.com.br\/wp-content\/uploads\/2025\/02\/cropped-ACT_NEGATIVO-marca-dagua.png","contentUrl":"https:\/\/actbr.com.br\/wp-content\/uploads\/2025\/02\/cropped-ACT_NEGATIVO-marca-dagua.png","width":240,"height":146,"caption":"ACT Sistemas Hidr\u00e1ulicos"},"image":{"@id":"https:\/\/actbr.com.br\/en\/#\/schema\/logo\/image\/"}}]}},"_links":{"self":[{"href":"https:\/\/actbr.com.br\/en\/wp-json\/wp\/v2\/product\/3839","targetHints":{"allow":["GET"]}}],"collection":[{"href":"https:\/\/actbr.com.br\/en\/wp-json\/wp\/v2\/product"}],"about":[{"href":"https:\/\/actbr.com.br\/en\/wp-json\/wp\/v2\/types\/product"}],"wp:featuredmedia":[{"embeddable":true,"href":"https:\/\/actbr.com.br\/en\/wp-json\/wp\/v2\/media\/7192"}],"wp:attachment":[{"href":"https:\/\/actbr.com.br\/en\/wp-json\/wp\/v2\/media?parent=3839"}],"wp:term":[{"taxonomy":"product_brand","embeddable":true,"href":"https:\/\/actbr.com.br\/en\/wp-json\/wp\/v2\/product_brand?post=3839"},{"taxonomy":"product_cat","embeddable":true,"href":"https:\/\/actbr.com.br\/en\/wp-json\/wp\/v2\/product_cat?post=3839"},{"taxonomy":"product_tag","embeddable":true,"href":"https:\/\/actbr.com.br\/en\/wp-json\/wp\/v2\/product_tag?post=3839"}],"curies":[{"name":"wp","href":"https:\/\/api.w.org\/{rel}","templated":true}]}}