{"id":3866,"date":"2020-09-29T12:46:01","date_gmt":"2020-09-29T15:46:01","guid":{"rendered":"https:\/\/actbr.com.br\/produto\/valvula-redutora-de-pressao-mbrv-02\/"},"modified":"2023-10-19T14:03:05","modified_gmt":"2023-10-19T17:03:05","slug":"valvula-modular-redutora-de-pressao-mbrv-02","status":"publish","type":"product","link":"https:\/\/actbr.com.br\/en\/produto\/valvula-modular-redutora-de-pressao-mbrv-02\/","title":{"rendered":"V\u00e1lvula Modular Redutora de Press\u00e3o MBRV-02"},"content":{"rendered":"<p><strong>V\u00e1lvula Redutora de Press\u00e3o MBRV-02<\/strong><\/p>\n<p>A V\u00e1lvula Redutora de Press\u00e3o MBRV-02 \u00e9 uma v\u00e1lvula diretamente operada, no modo construtivo tipo modular. Sua fun\u00e7\u00e3o \u00e9 reduzir a press\u00e3o do sistema.<\/p>\n<p>As v\u00e1lvulas redutoras de press\u00e3o s\u00e3o constitu\u00eddas basicamente de carca\u00e7a, \u00eambolo de comando, uma mola, elemento de ajuste e opcionalmente uma v\u00e1lvula de reten\u00e7\u00e3o.<\/p>\n<p><strong>Caracter\u00edsticas:<\/strong><br \/>\nMontagem tipo &#8220;sandu\u00edche&#8221;;<br \/>\nConforme DIN 24 340, formato A e ISO 4401;<br \/>\nParafuso ajust\u00e1vel com tampa protetora;<br \/>\nRedu\u00e7\u00e3o de press\u00e3o nos orif\u00edcios A, B ou P<br \/>\nV\u00e1lvula de reten\u00e7\u00e3o (opcional).<br \/>\nTamanho: TN6<br \/>\nPress\u00e3o m\u00e1xima: 315 bar;<br \/>\nPress\u00e3o de trabalho: 210 bar;<br \/>\nVaz\u00e3o M\u00e1xima: 35 litros por minuto;<br \/>\nRange de Viscosidade: 10 a 800 mm2\/s;<br \/>\nTemperatura de trabalho: -20\u00baC a 80\u00baC.<\/p>\n\n<table id=\"tablepress-11\" class=\"tablepress tablepress-id-11 tbody-has-connected-cells\">\n<thead>\n<tr class=\"row-1\">\n\t<th colspan=\"5\" class=\"column-1\"><strong>V\u00e1lvulas Modulares<\/strong><\/th>\n<\/tr>\n<\/thead>\n<tbody class=\"row-striping row-hover\">\n<tr class=\"row-2\">\n\t<td colspan=\"2\" class=\"column-1\"><strong>ATOS<\/strong><\/td><td rowspan=\"2\" class=\"column-3\"><strong>BOSCH<\/strong><\/td><td rowspan=\"2\" class=\"column-4\"><strong>ACT<\/strong><\/td><td rowspan=\"2\" class=\"column-5\"><strong>VICKERS<\/strong><\/td>\n<\/tr>\n<tr class=\"row-3\">\n\t<td colspan=\"2\" class=\"column-1\"><strong>C\u00f3digo do Modelo<\/strong><\/td>\n<\/tr>\n<tr class=\"row-4\">\n\t<td rowspan=\"3\" class=\"column-1\"><strong>HG<\/strong><\/td><td class=\"column-2\"><span style=\"color:#000000;\"><strong>031<\/strong><\/span><span style=\"color:#000000;\">\/32\/75\/210<\/span><\/td><td class=\"column-3\">0 811 150 232\/233\/234<\/td><td class=\"column-4\">ZDR6DP2-4X\/25\/75\/150\/210YM<\/td><td class=\"column-5\">DGMX2-3-PP-A\/B\/C\/F-W<\/td>\n<\/tr>\n<tr class=\"row-5\">\n\t<td class=\"column-2\"><span style=\"color:#000000;\"><strong>033<\/strong><\/span><span style=\"color:#000000;\">\/32\/75\/210<\/span><\/td><td class=\"column-3\">0 811 150 238\/239\/240<\/td><td class=\"column-4\">ZDR6DA2-4X\/25\/75\/150\/210YM<\/td><td class=\"column-5\">DGMX2-3-PA-A\/B\/C\/F-W<\/td>\n<\/tr>\n<tr class=\"row-6\">\n\t<td class=\"column-2\"><span style=\"color:#000000;\"><strong>034<\/strong><\/span><span style=\"color:#000000;\">\/32\/75\/210<\/span><\/td><td class=\"column-3\">0 811 150 244\/245\/246<\/td><td class=\"column-4\">ZDR6DB2-4X\/25\/75\/150\/210YM<\/td><td class=\"column-5\">DGMX2-3-PB-A\/B\/C\/F-W<\/td>\n<\/tr>\n<tr class=\"row-7\">\n\t<td rowspan=\"3\" class=\"column-1\"><strong>KG<\/strong><\/td><td class=\"column-2\"><span style=\"color:#000000;\"><strong>031<\/strong><\/span><span style=\"color:#000000;\">\/100\/210<\/span><\/td><td class=\"column-3\">0 811 145 115\/116\/117\/118<\/td><td class=\"column-4\">ZDR10VP5-5X\/75\/210YM<\/td><td class=\"column-5\">DGMX2-5-PP-A\/B\/F-W<\/td>\n<\/tr>\n<tr class=\"row-8\">\n\t<td class=\"column-2\"><span style=\"color:#000000;\"><strong>033<\/strong><\/span><span style=\"color:#000000;\">\/100\/210<\/span><\/td><td class=\"column-3\">0 811 145 123\/124\/125\/126<\/td><td class=\"column-4\">ZDR10VA5-5X\/75\/210YM<\/td><td class=\"column-5\">DGMX2-5-PA-A\/B\/F-W<\/td>\n<\/tr>\n<tr class=\"row-9\">\n\t<td class=\"column-2\"><span style=\"color:#000000;\"><strong>034<\/strong><\/span><span style=\"color:#000000;\">\/100\/210<\/span><\/td><td class=\"column-3\">0 811 145 131\/132\/133\/134<\/td><td class=\"column-4\">ZDR10VB5-5X\/75\/210YM<\/td><td class=\"column-5\">DGMX2-5-PB-A\/B\/F-W<\/td>\n<\/tr>\n<tr class=\"row-10\">\n\t<td class=\"column-1\"><strong>JPG<\/strong><\/td><td class=\"column-2\"><span style=\"color:#000000;\"><strong>211<\/strong><\/span><span style=\"color:#000000;\">\/100\/210<\/span><\/td><td class=\"column-3\">-<\/td><td class=\"column-4\">-<\/td><td class=\"column-5\">DGMX-7-PP-B\/G\/H-10<\/td>\n<\/tr>\n<tr class=\"row-11\">\n\t<td class=\"column-1\"><strong>JPG<\/strong><\/td><td class=\"column-2\"><span style=\"color:#000000;\"><strong>311<\/strong><\/span><span style=\"color:#000000;\">\/100\/210<\/span><\/td><td class=\"column-3\"><\/td><td class=\"column-4\"><\/td><td class=\"column-5\">DGX-H06-2\/3<\/td>\n<\/tr>\n<\/tbody>\n<\/table>\n<!-- #tablepress-11 from cache -->\n","protected":false},"excerpt":{"rendered":"<p>A V\u00e1lvula Redutora de Press\u00e3o MBRV-02 \u00e9 uma v\u00e1lvula diretamente operada, no modo construtivo tipo modular. Sua fun\u00e7\u00e3o \u00e9 reduzir a press\u00e3o do sistema.<\/p>\n<p>&nbsp;<\/p>\n","protected":false},"featured_media":6995,"template":"","meta":[],"product_brand":[],"product_cat":[73,58],"product_tag":[],"class_list":{"0":"post-3866","1":"product","2":"type-product","3":"status-publish","4":"has-post-thumbnail","6":"product_cat-modulares-reguladora-de-pressao-redutora","7":"product_cat-valvulas-modulares","9":"first","10":"instock","11":"virtual","12":"product-type-simple"},"yoast_head":"<!-- This site is optimized with the Yoast SEO plugin v27.2 - https:\/\/yoast.com\/product\/yoast-seo-wordpress\/ -->\n<title>V\u00e1lvula Modular Redutora de Press\u00e3o MBRV-02 - ACT Sistemas Hidr\u00e1ulicos<\/title>\n<meta name=\"description\" content=\"A V\u00e1lvula Redutora de Press\u00e3o MBRV-02 \u00e9 uma v\u00e1lvula diretamente operada, no modo construtivo tipo modular. Sua fun\u00e7\u00e3o \u00e9 reduzir a press\u00e3o do sistema.\" \/>\n<meta name=\"robots\" content=\"index, follow, max-snippet:-1, max-image-preview:large, max-video-preview:-1\" \/>\n<link rel=\"canonical\" href=\"https:\/\/actbr.com.br\/en\/produto\/valvula-modular-redutora-de-pressao-mbrv-02\/\" \/>\n<meta property=\"og:locale\" content=\"en_US\" \/>\n<meta property=\"og:type\" content=\"article\" \/>\n<meta property=\"og:title\" content=\"V\u00e1lvula Modular Redutora de Press\u00e3o MBRV-02 - ACT Sistemas Hidr\u00e1ulicos\" \/>\n<meta property=\"og:description\" content=\"A V\u00e1lvula Redutora de Press\u00e3o MBRV-02 \u00e9 uma v\u00e1lvula diretamente operada, no modo construtivo tipo modular. Sua fun\u00e7\u00e3o \u00e9 reduzir a press\u00e3o do sistema.\" \/>\n<meta property=\"og:url\" content=\"https:\/\/actbr.com.br\/en\/produto\/valvula-modular-redutora-de-pressao-mbrv-02\/\" \/>\n<meta property=\"og:site_name\" content=\"ACT Sistemas Hidr\u00e1ulicos\" \/>\n<meta property=\"article:modified_time\" content=\"2023-10-19T17:03:05+00:00\" \/>\n<meta property=\"og:image\" content=\"https:\/\/actbr.com.br\/wp-content\/uploads\/2020\/09\/Valvula-Redutora-de-pressao-MBRV-02.jpg\" \/>\n\t<meta property=\"og:image:width\" content=\"600\" \/>\n\t<meta property=\"og:image:height\" content=\"432\" \/>\n\t<meta property=\"og:image:type\" content=\"image\/jpeg\" \/>\n<meta name=\"twitter:card\" content=\"summary_large_image\" \/>\n<meta name=\"twitter:label1\" content=\"Est. reading time\" \/>\n\t<meta name=\"twitter:data1\" content=\"1 minute\" \/>\n<script type=\"application\/ld+json\" class=\"yoast-schema-graph\">{\"@context\":\"https:\/\/schema.org\",\"@graph\":[{\"@type\":\"WebPage\",\"@id\":\"https:\/\/actbr.com.br\/en\/produto\/valvula-modular-redutora-de-pressao-mbrv-02\/\",\"url\":\"https:\/\/actbr.com.br\/en\/produto\/valvula-modular-redutora-de-pressao-mbrv-02\/\",\"name\":\"V\u00e1lvula Modular Redutora de Press\u00e3o MBRV-02 - ACT Sistemas Hidr\u00e1ulicos\",\"isPartOf\":{\"@id\":\"https:\/\/actbr.com.br\/en\/#website\"},\"primaryImageOfPage\":{\"@id\":\"https:\/\/actbr.com.br\/en\/produto\/valvula-modular-redutora-de-pressao-mbrv-02\/#primaryimage\"},\"image\":{\"@id\":\"https:\/\/actbr.com.br\/en\/produto\/valvula-modular-redutora-de-pressao-mbrv-02\/#primaryimage\"},\"thumbnailUrl\":\"https:\/\/actbr.com.br\/wp-content\/uploads\/2020\/09\/Valvula-Redutora-de-pressao-MBRV-02.jpg\",\"datePublished\":\"2020-09-29T15:46:01+00:00\",\"dateModified\":\"2023-10-19T17:03:05+00:00\",\"description\":\"A V\u00e1lvula Redutora de Press\u00e3o MBRV-02 \u00e9 uma v\u00e1lvula diretamente operada, no modo construtivo tipo modular. Sua fun\u00e7\u00e3o \u00e9 reduzir a press\u00e3o do sistema.\",\"breadcrumb\":{\"@id\":\"https:\/\/actbr.com.br\/en\/produto\/valvula-modular-redutora-de-pressao-mbrv-02\/#breadcrumb\"},\"inLanguage\":\"en-US\",\"potentialAction\":[{\"@type\":\"ReadAction\",\"target\":[\"https:\/\/actbr.com.br\/en\/produto\/valvula-modular-redutora-de-pressao-mbrv-02\/\"]}]},{\"@type\":\"ImageObject\",\"inLanguage\":\"en-US\",\"@id\":\"https:\/\/actbr.com.br\/en\/produto\/valvula-modular-redutora-de-pressao-mbrv-02\/#primaryimage\",\"url\":\"https:\/\/actbr.com.br\/wp-content\/uploads\/2020\/09\/Valvula-Redutora-de-pressao-MBRV-02.jpg\",\"contentUrl\":\"https:\/\/actbr.com.br\/wp-content\/uploads\/2020\/09\/Valvula-Redutora-de-pressao-MBRV-02.jpg\",\"width\":600,\"height\":432,\"caption\":\"V\u00e1lvula Redutora de Press\u00e3o MBRV-02\"},{\"@type\":\"BreadcrumbList\",\"@id\":\"https:\/\/actbr.com.br\/en\/produto\/valvula-modular-redutora-de-pressao-mbrv-02\/#breadcrumb\",\"itemListElement\":[{\"@type\":\"ListItem\",\"position\":1,\"name\":\"In\u00edcio\",\"item\":\"https:\/\/actbr.com.br\/en\/\"},{\"@type\":\"ListItem\",\"position\":2,\"name\":\"Produtos\",\"item\":\"https:\/\/actbr.com.br\/produtos-act\/\"},{\"@type\":\"ListItem\",\"position\":3,\"name\":\"V\u00e1lvulas Modulares\",\"item\":\"https:\/\/actbr.com.br\/en\/categoria-produto\/valvulas-modulares\/\"},{\"@type\":\"ListItem\",\"position\":4,\"name\":\"Reguladora de Press\u00e3o - Redutora\",\"item\":\"https:\/\/actbr.com.br\/en\/categoria-produto\/valvulas-modulares\/modulares-reguladora-de-pressao-redutora\/\"},{\"@type\":\"ListItem\",\"position\":5,\"name\":\"V\u00e1lvula Modular Redutora de Press\u00e3o MBRV-02\"}]},{\"@type\":\"WebSite\",\"@id\":\"https:\/\/actbr.com.br\/en\/#website\",\"url\":\"https:\/\/actbr.com.br\/en\/\",\"name\":\"ACT Sistemas Hidr\u00e1ulicos\",\"description\":\"Fabrica\u00e7\u00e3o e manuten\u00e7\u00e3o de componentes \u00f3leo hidr\u00e1ulicos\",\"publisher\":{\"@id\":\"https:\/\/actbr.com.br\/en\/#organization\"},\"potentialAction\":[{\"@type\":\"SearchAction\",\"target\":{\"@type\":\"EntryPoint\",\"urlTemplate\":\"https:\/\/actbr.com.br\/en\/?s={search_term_string}\"},\"query-input\":{\"@type\":\"PropertyValueSpecification\",\"valueRequired\":true,\"valueName\":\"search_term_string\"}}],\"inLanguage\":\"en-US\"},{\"@type\":\"Organization\",\"@id\":\"https:\/\/actbr.com.br\/en\/#organization\",\"name\":\"ACT Sistemas Hidr\u00e1ulicos\",\"url\":\"https:\/\/actbr.com.br\/en\/\",\"logo\":{\"@type\":\"ImageObject\",\"inLanguage\":\"en-US\",\"@id\":\"https:\/\/actbr.com.br\/en\/#\/schema\/logo\/image\/\",\"url\":\"https:\/\/actbr.com.br\/wp-content\/uploads\/2025\/02\/cropped-ACT_NEGATIVO-marca-dagua.png\",\"contentUrl\":\"https:\/\/actbr.com.br\/wp-content\/uploads\/2025\/02\/cropped-ACT_NEGATIVO-marca-dagua.png\",\"width\":240,\"height\":146,\"caption\":\"ACT Sistemas Hidr\u00e1ulicos\"},\"image\":{\"@id\":\"https:\/\/actbr.com.br\/en\/#\/schema\/logo\/image\/\"}}]}<\/script>\n<!-- \/ Yoast SEO plugin. -->","yoast_head_json":{"title":"V\u00e1lvula Modular Redutora de Press\u00e3o MBRV-02 - ACT Sistemas Hidr\u00e1ulicos","description":"A V\u00e1lvula Redutora de Press\u00e3o MBRV-02 \u00e9 uma v\u00e1lvula diretamente operada, no modo construtivo tipo modular. Sua fun\u00e7\u00e3o \u00e9 reduzir a press\u00e3o do sistema.","robots":{"index":"index","follow":"follow","max-snippet":"max-snippet:-1","max-image-preview":"max-image-preview:large","max-video-preview":"max-video-preview:-1"},"canonical":"https:\/\/actbr.com.br\/en\/produto\/valvula-modular-redutora-de-pressao-mbrv-02\/","og_locale":"en_US","og_type":"article","og_title":"V\u00e1lvula Modular Redutora de Press\u00e3o MBRV-02 - ACT Sistemas Hidr\u00e1ulicos","og_description":"A V\u00e1lvula Redutora de Press\u00e3o MBRV-02 \u00e9 uma v\u00e1lvula diretamente operada, no modo construtivo tipo modular. Sua fun\u00e7\u00e3o \u00e9 reduzir a press\u00e3o do sistema.","og_url":"https:\/\/actbr.com.br\/en\/produto\/valvula-modular-redutora-de-pressao-mbrv-02\/","og_site_name":"ACT Sistemas Hidr\u00e1ulicos","article_modified_time":"2023-10-19T17:03:05+00:00","og_image":[{"width":600,"height":432,"url":"https:\/\/actbr.com.br\/wp-content\/uploads\/2020\/09\/Valvula-Redutora-de-pressao-MBRV-02.jpg","type":"image\/jpeg"}],"twitter_card":"summary_large_image","twitter_misc":{"Est. reading time":"1 minute"},"schema":{"@context":"https:\/\/schema.org","@graph":[{"@type":"WebPage","@id":"https:\/\/actbr.com.br\/en\/produto\/valvula-modular-redutora-de-pressao-mbrv-02\/","url":"https:\/\/actbr.com.br\/en\/produto\/valvula-modular-redutora-de-pressao-mbrv-02\/","name":"V\u00e1lvula Modular Redutora de Press\u00e3o MBRV-02 - ACT Sistemas Hidr\u00e1ulicos","isPartOf":{"@id":"https:\/\/actbr.com.br\/en\/#website"},"primaryImageOfPage":{"@id":"https:\/\/actbr.com.br\/en\/produto\/valvula-modular-redutora-de-pressao-mbrv-02\/#primaryimage"},"image":{"@id":"https:\/\/actbr.com.br\/en\/produto\/valvula-modular-redutora-de-pressao-mbrv-02\/#primaryimage"},"thumbnailUrl":"https:\/\/actbr.com.br\/wp-content\/uploads\/2020\/09\/Valvula-Redutora-de-pressao-MBRV-02.jpg","datePublished":"2020-09-29T15:46:01+00:00","dateModified":"2023-10-19T17:03:05+00:00","description":"A V\u00e1lvula Redutora de Press\u00e3o MBRV-02 \u00e9 uma v\u00e1lvula diretamente operada, no modo construtivo tipo modular. Sua fun\u00e7\u00e3o \u00e9 reduzir a press\u00e3o do sistema.","breadcrumb":{"@id":"https:\/\/actbr.com.br\/en\/produto\/valvula-modular-redutora-de-pressao-mbrv-02\/#breadcrumb"},"inLanguage":"en-US","potentialAction":[{"@type":"ReadAction","target":["https:\/\/actbr.com.br\/en\/produto\/valvula-modular-redutora-de-pressao-mbrv-02\/"]}]},{"@type":"ImageObject","inLanguage":"en-US","@id":"https:\/\/actbr.com.br\/en\/produto\/valvula-modular-redutora-de-pressao-mbrv-02\/#primaryimage","url":"https:\/\/actbr.com.br\/wp-content\/uploads\/2020\/09\/Valvula-Redutora-de-pressao-MBRV-02.jpg","contentUrl":"https:\/\/actbr.com.br\/wp-content\/uploads\/2020\/09\/Valvula-Redutora-de-pressao-MBRV-02.jpg","width":600,"height":432,"caption":"V\u00e1lvula Redutora de Press\u00e3o MBRV-02"},{"@type":"BreadcrumbList","@id":"https:\/\/actbr.com.br\/en\/produto\/valvula-modular-redutora-de-pressao-mbrv-02\/#breadcrumb","itemListElement":[{"@type":"ListItem","position":1,"name":"In\u00edcio","item":"https:\/\/actbr.com.br\/en\/"},{"@type":"ListItem","position":2,"name":"Produtos","item":"https:\/\/actbr.com.br\/produtos-act\/"},{"@type":"ListItem","position":3,"name":"V\u00e1lvulas Modulares","item":"https:\/\/actbr.com.br\/en\/categoria-produto\/valvulas-modulares\/"},{"@type":"ListItem","position":4,"name":"Reguladora de Press\u00e3o - Redutora","item":"https:\/\/actbr.com.br\/en\/categoria-produto\/valvulas-modulares\/modulares-reguladora-de-pressao-redutora\/"},{"@type":"ListItem","position":5,"name":"V\u00e1lvula Modular Redutora de Press\u00e3o MBRV-02"}]},{"@type":"WebSite","@id":"https:\/\/actbr.com.br\/en\/#website","url":"https:\/\/actbr.com.br\/en\/","name":"ACT Sistemas Hidr\u00e1ulicos","description":"Fabrica\u00e7\u00e3o e manuten\u00e7\u00e3o de componentes \u00f3leo hidr\u00e1ulicos","publisher":{"@id":"https:\/\/actbr.com.br\/en\/#organization"},"potentialAction":[{"@type":"SearchAction","target":{"@type":"EntryPoint","urlTemplate":"https:\/\/actbr.com.br\/en\/?s={search_term_string}"},"query-input":{"@type":"PropertyValueSpecification","valueRequired":true,"valueName":"search_term_string"}}],"inLanguage":"en-US"},{"@type":"Organization","@id":"https:\/\/actbr.com.br\/en\/#organization","name":"ACT Sistemas Hidr\u00e1ulicos","url":"https:\/\/actbr.com.br\/en\/","logo":{"@type":"ImageObject","inLanguage":"en-US","@id":"https:\/\/actbr.com.br\/en\/#\/schema\/logo\/image\/","url":"https:\/\/actbr.com.br\/wp-content\/uploads\/2025\/02\/cropped-ACT_NEGATIVO-marca-dagua.png","contentUrl":"https:\/\/actbr.com.br\/wp-content\/uploads\/2025\/02\/cropped-ACT_NEGATIVO-marca-dagua.png","width":240,"height":146,"caption":"ACT Sistemas Hidr\u00e1ulicos"},"image":{"@id":"https:\/\/actbr.com.br\/en\/#\/schema\/logo\/image\/"}}]}},"_links":{"self":[{"href":"https:\/\/actbr.com.br\/en\/wp-json\/wp\/v2\/product\/3866","targetHints":{"allow":["GET"]}}],"collection":[{"href":"https:\/\/actbr.com.br\/en\/wp-json\/wp\/v2\/product"}],"about":[{"href":"https:\/\/actbr.com.br\/en\/wp-json\/wp\/v2\/types\/product"}],"wp:featuredmedia":[{"embeddable":true,"href":"https:\/\/actbr.com.br\/en\/wp-json\/wp\/v2\/media\/6995"}],"wp:attachment":[{"href":"https:\/\/actbr.com.br\/en\/wp-json\/wp\/v2\/media?parent=3866"}],"wp:term":[{"taxonomy":"product_brand","embeddable":true,"href":"https:\/\/actbr.com.br\/en\/wp-json\/wp\/v2\/product_brand?post=3866"},{"taxonomy":"product_cat","embeddable":true,"href":"https:\/\/actbr.com.br\/en\/wp-json\/wp\/v2\/product_cat?post=3866"},{"taxonomy":"product_tag","embeddable":true,"href":"https:\/\/actbr.com.br\/en\/wp-json\/wp\/v2\/product_tag?post=3866"}],"curies":[{"name":"wp","href":"https:\/\/api.w.org\/{rel}","templated":true}]}}