{"id":3876,"date":"2020-09-29T12:46:01","date_gmt":"2020-09-29T15:46:01","guid":{"rendered":"https:\/\/actbr.com.br\/produto\/transdutor-de-temperatura-fox-modelo-tt4\/"},"modified":"2023-10-31T16:25:38","modified_gmt":"2023-10-31T19:25:38","slug":"transdutor-de-temperatura-fox-tt4","status":"publish","type":"product","link":"https:\/\/actbr.com.br\/en\/produto\/transdutor-de-temperatura-fox-tt4\/","title":{"rendered":"Transdutor de Temperatura Fox TT4"},"content":{"rendered":"<p><strong>Transdutor de Temperatura Fox TT4<\/strong><\/p>\n<p>Os transdutores de temperatura da s\u00e9rie TT4 emitem um sinal de corrente de 4-20mA ou de tens\u00e3o de 0-10vcc proporcional \u00e0 temperatura dentro do sistema ao qual est\u00e1 conectado. O intervalo de medi\u00e7\u00e3o \u00e9 entre 0 \u00b0 a 100 \u00b0 C. Dispon\u00edvel em duas vers\u00f5es diferentes de conex\u00e3o el\u00e9trica DIN43650 30&#215;30 IP65 (padr\u00e3o de fornecimento ACT) e o conector IP67 IEC60947-5-2 M12 IP67 (somente sob encomenda).<\/p>\n<p><strong>Caracter\u00edsticas t\u00e9cnicas:<\/strong><br \/>\nMaterial do Corpo: em lat\u00e3o niquelado;<br \/>\nMontagem: em todas as posi\u00e7\u00f5es.<\/p>\n<p><strong>Conex\u00e3o hidr\u00e1ulica:<\/strong><br \/>\n1\/2 &#8220;BSP macho (padr\u00e3o de fornecimento ACT);<br \/>\n3\/8 &#8220;BSP macho\u00a0 (somente sob encomenda);<br \/>\nM22 x 1,5 macho (somente sob encomenda).<\/p>\n<p>Faixa de medi\u00e7\u00e3o de temperatura: de 0 \u00b0 C a 100 \u00b0 C;<br \/>\nTemperatura ambiente: de -20 \u00b0 C a +120 \u00b0 C;<br \/>\nErro de lineridade: %FS: &lt;5% ;<br \/>\nDeriva\u00e7\u00e3o t\u00e9rmica do zero: \u00b1 %FS : &lt;3% 0 \u00b0 C a + 70 \u00b0 C;<br \/>\nPeso: 0,07 Kg.<\/p>\n<p><strong>Caracter\u00edsticas el\u00e9tricas<\/strong><\/p>\n<p>Conex\u00e3o el\u00e9trica:<br \/>\nExecu\u00e7\u00e3o M3 de acordo com DIN 43650 (padr\u00e3o de fornecimento ACT);<br \/>\nExecu\u00e7\u00e3o M12 de acordo com IEC60947-5-2 (somente sob encomenda);<\/p>\n<p>Prote\u00e7\u00e3o el\u00e9ctrica: de acordo com DIN 40050:<br \/>\nIP65 para execu\u00e7\u00e3o M3;<br \/>\nIP67 para execu\u00e7\u00e3o M12;<\/p>\n<p>Tens\u00e3o de alimenta\u00e7\u00e3o:<br \/>\nSa\u00edda de 4-20 mA 2 fios: de 12 a 28V DC;<br \/>\nSa\u00edda de 0-10 Volts 3 fios: de 15 a 28V DC;<br \/>\nExecu\u00e7\u00e3o padr\u00e3o: 2 fios com sa\u00edda de 4-20 mA;<\/p>\n<p>Pinagem el\u00e9trica:<br \/>\nExecu\u00e7\u00e3o 4-20mA: 1 = positivo 2 = sinal;<br \/>\nExecu\u00e7\u00e3o de 0-10 Volt: 1 = positivo 2 = sinal 3 = GND.<\/p>\n<p>&nbsp;<\/p>\n<p><strong>Dimens\u00f5es:<\/strong><\/p>\n<p><img fetchpriority=\"high\" decoding=\"async\" class=\"\" src=\"https:\/\/actbr.com.br\/wp-content\/uploads\/2020\/09\/dimensoes-transdutor-fox-de-temperatura-tt4.jpg\" alt=\"\" width=\"523\" height=\"496\" \/><br \/>\n<strong>Como solicitar:<\/strong><\/p>\n<p><img decoding=\"async\" src=\"https:\/\/actbr.com.br\/wp-content\/uploads\/2020\/09\/como-solicitar-transdutor-de-pressao-fox.jpg\" alt=\"\" \/><\/p>\n<p>Execu\u00e7\u00f5es Especiais:<br \/>\nTT4X com corpo em a\u00e7o inoxid\u00e1vel AISI 316L;<br \/>\nM12F conector f\u00eamea opcional M12.<\/p>\n","protected":false},"excerpt":{"rendered":"<p>O Transdutor de Temperatura Fox TT4 emite um sinal de corrente ou de tens\u00e3o proporcional \u00e0 temperatura dentro do sistema ao qual est\u00e1 conectado.<\/p>\n","protected":false},"featured_media":7655,"template":"","meta":[],"product_brand":[],"product_cat":[63,117],"product_tag":[],"class_list":{"0":"post-3876","1":"product","2":"type-product","3":"status-publish","4":"has-post-thumbnail","6":"product_cat-instrumentacao","7":"product_cat-temperatura","9":"first","10":"instock","11":"virtual","12":"product-type-simple"},"yoast_head":"<!-- This site is optimized with the Yoast SEO plugin v27.2 - https:\/\/yoast.com\/product\/yoast-seo-wordpress\/ -->\n<title>Transdutor de Temperatura Fox TT4 - ACT Sistemas Hidr\u00e1ulicos<\/title>\n<meta name=\"description\" content=\"O Transdutor de Temperatura Fox TT4 emite um sinal de corrente ou de tens\u00e3o proporcional \u00e0 temperatura dentro do sistema ao qual est\u00e1 conectado.\" \/>\n<meta name=\"robots\" content=\"index, follow, max-snippet:-1, max-image-preview:large, max-video-preview:-1\" \/>\n<link rel=\"canonical\" href=\"https:\/\/actbr.com.br\/en\/produto\/transdutor-de-temperatura-fox-tt4\/\" \/>\n<meta property=\"og:locale\" content=\"en_US\" \/>\n<meta property=\"og:type\" content=\"article\" \/>\n<meta property=\"og:title\" content=\"Transdutor de Temperatura Fox TT4 - ACT Sistemas Hidr\u00e1ulicos\" \/>\n<meta property=\"og:description\" content=\"O Transdutor de Temperatura Fox TT4 emite um sinal de corrente ou de tens\u00e3o proporcional \u00e0 temperatura dentro do sistema ao qual est\u00e1 conectado.\" \/>\n<meta property=\"og:url\" content=\"https:\/\/actbr.com.br\/en\/produto\/transdutor-de-temperatura-fox-tt4\/\" \/>\n<meta property=\"og:site_name\" content=\"ACT Sistemas Hidr\u00e1ulicos\" \/>\n<meta property=\"article:modified_time\" content=\"2023-10-31T19:25:38+00:00\" \/>\n<meta property=\"og:image\" content=\"https:\/\/actbr.com.br\/wp-content\/uploads\/2020\/09\/Transdutor-de-temperatura-Fox-\u2013-Modelo-TT4.jpg\" \/>\n\t<meta property=\"og:image:width\" content=\"600\" \/>\n\t<meta property=\"og:image:height\" content=\"424\" \/>\n\t<meta property=\"og:image:type\" content=\"image\/jpeg\" \/>\n<meta name=\"twitter:card\" content=\"summary_large_image\" \/>\n<meta name=\"twitter:label1\" content=\"Est. reading time\" \/>\n\t<meta name=\"twitter:data1\" content=\"2 minutes\" \/>\n<script type=\"application\/ld+json\" class=\"yoast-schema-graph\">{\"@context\":\"https:\/\/schema.org\",\"@graph\":[{\"@type\":\"WebPage\",\"@id\":\"https:\/\/actbr.com.br\/en\/produto\/transdutor-de-temperatura-fox-tt4\/\",\"url\":\"https:\/\/actbr.com.br\/en\/produto\/transdutor-de-temperatura-fox-tt4\/\",\"name\":\"Transdutor de Temperatura Fox TT4 - ACT Sistemas Hidr\u00e1ulicos\",\"isPartOf\":{\"@id\":\"https:\/\/actbr.com.br\/en\/#website\"},\"primaryImageOfPage\":{\"@id\":\"https:\/\/actbr.com.br\/en\/produto\/transdutor-de-temperatura-fox-tt4\/#primaryimage\"},\"image\":{\"@id\":\"https:\/\/actbr.com.br\/en\/produto\/transdutor-de-temperatura-fox-tt4\/#primaryimage\"},\"thumbnailUrl\":\"https:\/\/actbr.com.br\/wp-content\/uploads\/2020\/09\/Transdutor-de-temperatura-Fox-\u2013-Modelo-TT4.jpg\",\"datePublished\":\"2020-09-29T15:46:01+00:00\",\"dateModified\":\"2023-10-31T19:25:38+00:00\",\"description\":\"O Transdutor de Temperatura Fox TT4 emite um sinal de corrente ou de tens\u00e3o proporcional \u00e0 temperatura dentro do sistema ao qual est\u00e1 conectado.\",\"breadcrumb\":{\"@id\":\"https:\/\/actbr.com.br\/en\/produto\/transdutor-de-temperatura-fox-tt4\/#breadcrumb\"},\"inLanguage\":\"en-US\",\"potentialAction\":[{\"@type\":\"ReadAction\",\"target\":[\"https:\/\/actbr.com.br\/en\/produto\/transdutor-de-temperatura-fox-tt4\/\"]}]},{\"@type\":\"ImageObject\",\"inLanguage\":\"en-US\",\"@id\":\"https:\/\/actbr.com.br\/en\/produto\/transdutor-de-temperatura-fox-tt4\/#primaryimage\",\"url\":\"https:\/\/actbr.com.br\/wp-content\/uploads\/2020\/09\/Transdutor-de-temperatura-Fox-\u2013-Modelo-TT4.jpg\",\"contentUrl\":\"https:\/\/actbr.com.br\/wp-content\/uploads\/2020\/09\/Transdutor-de-temperatura-Fox-\u2013-Modelo-TT4.jpg\",\"width\":600,\"height\":424,\"caption\":\"Transdutor de temperatura Fox \u2013 Modelo TT4\"},{\"@type\":\"BreadcrumbList\",\"@id\":\"https:\/\/actbr.com.br\/en\/produto\/transdutor-de-temperatura-fox-tt4\/#breadcrumb\",\"itemListElement\":[{\"@type\":\"ListItem\",\"position\":1,\"name\":\"In\u00edcio\",\"item\":\"https:\/\/actbr.com.br\/en\/\"},{\"@type\":\"ListItem\",\"position\":2,\"name\":\"Produtos\",\"item\":\"https:\/\/actbr.com.br\/produtos-act\/\"},{\"@type\":\"ListItem\",\"position\":3,\"name\":\"Instrumenta\u00e7\u00e3o\",\"item\":\"https:\/\/actbr.com.br\/en\/categoria-produto\/instrumentacao\/\"},{\"@type\":\"ListItem\",\"position\":4,\"name\":\"Temperatura\",\"item\":\"https:\/\/actbr.com.br\/en\/categoria-produto\/instrumentacao\/temperatura\/\"},{\"@type\":\"ListItem\",\"position\":5,\"name\":\"Transdutor de Temperatura Fox TT4\"}]},{\"@type\":\"WebSite\",\"@id\":\"https:\/\/actbr.com.br\/en\/#website\",\"url\":\"https:\/\/actbr.com.br\/en\/\",\"name\":\"ACT Sistemas Hidr\u00e1ulicos\",\"description\":\"Fabrica\u00e7\u00e3o e manuten\u00e7\u00e3o de componentes \u00f3leo hidr\u00e1ulicos\",\"publisher\":{\"@id\":\"https:\/\/actbr.com.br\/en\/#organization\"},\"potentialAction\":[{\"@type\":\"SearchAction\",\"target\":{\"@type\":\"EntryPoint\",\"urlTemplate\":\"https:\/\/actbr.com.br\/en\/?s={search_term_string}\"},\"query-input\":{\"@type\":\"PropertyValueSpecification\",\"valueRequired\":true,\"valueName\":\"search_term_string\"}}],\"inLanguage\":\"en-US\"},{\"@type\":\"Organization\",\"@id\":\"https:\/\/actbr.com.br\/en\/#organization\",\"name\":\"ACT Sistemas Hidr\u00e1ulicos\",\"url\":\"https:\/\/actbr.com.br\/en\/\",\"logo\":{\"@type\":\"ImageObject\",\"inLanguage\":\"en-US\",\"@id\":\"https:\/\/actbr.com.br\/en\/#\/schema\/logo\/image\/\",\"url\":\"https:\/\/actbr.com.br\/wp-content\/uploads\/2025\/02\/cropped-ACT_NEGATIVO-marca-dagua.png\",\"contentUrl\":\"https:\/\/actbr.com.br\/wp-content\/uploads\/2025\/02\/cropped-ACT_NEGATIVO-marca-dagua.png\",\"width\":240,\"height\":146,\"caption\":\"ACT Sistemas Hidr\u00e1ulicos\"},\"image\":{\"@id\":\"https:\/\/actbr.com.br\/en\/#\/schema\/logo\/image\/\"}}]}<\/script>\n<!-- \/ Yoast SEO plugin. -->","yoast_head_json":{"title":"Transdutor de Temperatura Fox TT4 - ACT Sistemas Hidr\u00e1ulicos","description":"O Transdutor de Temperatura Fox TT4 emite um sinal de corrente ou de tens\u00e3o proporcional \u00e0 temperatura dentro do sistema ao qual est\u00e1 conectado.","robots":{"index":"index","follow":"follow","max-snippet":"max-snippet:-1","max-image-preview":"max-image-preview:large","max-video-preview":"max-video-preview:-1"},"canonical":"https:\/\/actbr.com.br\/en\/produto\/transdutor-de-temperatura-fox-tt4\/","og_locale":"en_US","og_type":"article","og_title":"Transdutor de Temperatura Fox TT4 - ACT Sistemas Hidr\u00e1ulicos","og_description":"O Transdutor de Temperatura Fox TT4 emite um sinal de corrente ou de tens\u00e3o proporcional \u00e0 temperatura dentro do sistema ao qual est\u00e1 conectado.","og_url":"https:\/\/actbr.com.br\/en\/produto\/transdutor-de-temperatura-fox-tt4\/","og_site_name":"ACT Sistemas Hidr\u00e1ulicos","article_modified_time":"2023-10-31T19:25:38+00:00","og_image":[{"width":600,"height":424,"url":"https:\/\/actbr.com.br\/wp-content\/uploads\/2020\/09\/Transdutor-de-temperatura-Fox-\u2013-Modelo-TT4.jpg","type":"image\/jpeg"}],"twitter_card":"summary_large_image","twitter_misc":{"Est. reading time":"2 minutes"},"schema":{"@context":"https:\/\/schema.org","@graph":[{"@type":"WebPage","@id":"https:\/\/actbr.com.br\/en\/produto\/transdutor-de-temperatura-fox-tt4\/","url":"https:\/\/actbr.com.br\/en\/produto\/transdutor-de-temperatura-fox-tt4\/","name":"Transdutor de Temperatura Fox TT4 - ACT Sistemas Hidr\u00e1ulicos","isPartOf":{"@id":"https:\/\/actbr.com.br\/en\/#website"},"primaryImageOfPage":{"@id":"https:\/\/actbr.com.br\/en\/produto\/transdutor-de-temperatura-fox-tt4\/#primaryimage"},"image":{"@id":"https:\/\/actbr.com.br\/en\/produto\/transdutor-de-temperatura-fox-tt4\/#primaryimage"},"thumbnailUrl":"https:\/\/actbr.com.br\/wp-content\/uploads\/2020\/09\/Transdutor-de-temperatura-Fox-\u2013-Modelo-TT4.jpg","datePublished":"2020-09-29T15:46:01+00:00","dateModified":"2023-10-31T19:25:38+00:00","description":"O Transdutor de Temperatura Fox TT4 emite um sinal de corrente ou de tens\u00e3o proporcional \u00e0 temperatura dentro do sistema ao qual est\u00e1 conectado.","breadcrumb":{"@id":"https:\/\/actbr.com.br\/en\/produto\/transdutor-de-temperatura-fox-tt4\/#breadcrumb"},"inLanguage":"en-US","potentialAction":[{"@type":"ReadAction","target":["https:\/\/actbr.com.br\/en\/produto\/transdutor-de-temperatura-fox-tt4\/"]}]},{"@type":"ImageObject","inLanguage":"en-US","@id":"https:\/\/actbr.com.br\/en\/produto\/transdutor-de-temperatura-fox-tt4\/#primaryimage","url":"https:\/\/actbr.com.br\/wp-content\/uploads\/2020\/09\/Transdutor-de-temperatura-Fox-\u2013-Modelo-TT4.jpg","contentUrl":"https:\/\/actbr.com.br\/wp-content\/uploads\/2020\/09\/Transdutor-de-temperatura-Fox-\u2013-Modelo-TT4.jpg","width":600,"height":424,"caption":"Transdutor de temperatura Fox \u2013 Modelo TT4"},{"@type":"BreadcrumbList","@id":"https:\/\/actbr.com.br\/en\/produto\/transdutor-de-temperatura-fox-tt4\/#breadcrumb","itemListElement":[{"@type":"ListItem","position":1,"name":"In\u00edcio","item":"https:\/\/actbr.com.br\/en\/"},{"@type":"ListItem","position":2,"name":"Produtos","item":"https:\/\/actbr.com.br\/produtos-act\/"},{"@type":"ListItem","position":3,"name":"Instrumenta\u00e7\u00e3o","item":"https:\/\/actbr.com.br\/en\/categoria-produto\/instrumentacao\/"},{"@type":"ListItem","position":4,"name":"Temperatura","item":"https:\/\/actbr.com.br\/en\/categoria-produto\/instrumentacao\/temperatura\/"},{"@type":"ListItem","position":5,"name":"Transdutor de Temperatura Fox TT4"}]},{"@type":"WebSite","@id":"https:\/\/actbr.com.br\/en\/#website","url":"https:\/\/actbr.com.br\/en\/","name":"ACT Sistemas Hidr\u00e1ulicos","description":"Fabrica\u00e7\u00e3o e manuten\u00e7\u00e3o de componentes \u00f3leo hidr\u00e1ulicos","publisher":{"@id":"https:\/\/actbr.com.br\/en\/#organization"},"potentialAction":[{"@type":"SearchAction","target":{"@type":"EntryPoint","urlTemplate":"https:\/\/actbr.com.br\/en\/?s={search_term_string}"},"query-input":{"@type":"PropertyValueSpecification","valueRequired":true,"valueName":"search_term_string"}}],"inLanguage":"en-US"},{"@type":"Organization","@id":"https:\/\/actbr.com.br\/en\/#organization","name":"ACT Sistemas Hidr\u00e1ulicos","url":"https:\/\/actbr.com.br\/en\/","logo":{"@type":"ImageObject","inLanguage":"en-US","@id":"https:\/\/actbr.com.br\/en\/#\/schema\/logo\/image\/","url":"https:\/\/actbr.com.br\/wp-content\/uploads\/2025\/02\/cropped-ACT_NEGATIVO-marca-dagua.png","contentUrl":"https:\/\/actbr.com.br\/wp-content\/uploads\/2025\/02\/cropped-ACT_NEGATIVO-marca-dagua.png","width":240,"height":146,"caption":"ACT Sistemas Hidr\u00e1ulicos"},"image":{"@id":"https:\/\/actbr.com.br\/en\/#\/schema\/logo\/image\/"}}]}},"_links":{"self":[{"href":"https:\/\/actbr.com.br\/en\/wp-json\/wp\/v2\/product\/3876","targetHints":{"allow":["GET"]}}],"collection":[{"href":"https:\/\/actbr.com.br\/en\/wp-json\/wp\/v2\/product"}],"about":[{"href":"https:\/\/actbr.com.br\/en\/wp-json\/wp\/v2\/types\/product"}],"wp:featuredmedia":[{"embeddable":true,"href":"https:\/\/actbr.com.br\/en\/wp-json\/wp\/v2\/media\/7655"}],"wp:attachment":[{"href":"https:\/\/actbr.com.br\/en\/wp-json\/wp\/v2\/media?parent=3876"}],"wp:term":[{"taxonomy":"product_brand","embeddable":true,"href":"https:\/\/actbr.com.br\/en\/wp-json\/wp\/v2\/product_brand?post=3876"},{"taxonomy":"product_cat","embeddable":true,"href":"https:\/\/actbr.com.br\/en\/wp-json\/wp\/v2\/product_cat?post=3876"},{"taxonomy":"product_tag","embeddable":true,"href":"https:\/\/actbr.com.br\/en\/wp-json\/wp\/v2\/product_tag?post=3876"}],"curies":[{"name":"wp","href":"https:\/\/api.w.org\/{rel}","templated":true}]}}