{"id":3918,"date":"2020-09-29T12:46:40","date_gmt":"2020-09-29T15:46:40","guid":{"rendered":"https:\/\/actbr.com.br\/produto\/flow-meter-medidores-de-fluxo-serie-svc\/"},"modified":"2023-07-04T09:26:34","modified_gmt":"2023-07-04T12:26:34","slug":"flow-meter-medidores-de-fluxo-serie-svc","status":"publish","type":"product","link":"https:\/\/actbr.com.br\/en\/produto\/flow-meter-medidores-de-fluxo-serie-svc\/","title":{"rendered":"Medidor de Fluxo &#8211; S\u00e9rie SVC"},"content":{"rendered":"<p><strong>Flow Meter (Medidores de fluxo) &#8211; S\u00e9rie SVC<\/strong><\/p>\n<p>O Medidor de Fluxo &#8211; S\u00e9rie SVC \u00e9 um medidor de vaz\u00e3o tipo parafuso para deslocamentos positivos. Este dispositivo funciona da seguinte forma: dois fusos com perfil &#8220;parafuso&#8221; se movem devido a passagem do fluido pelo interior do medidor; em seguida, as c\u00e2maras internas s\u00e3o preenchidas e esvaziadas continuamente e detectadas pelos sensores acoplados. A s\u00e9rie de medidores SVC tem como principal caracter\u00edstica a baixa perda de carga do sistema ao passar pelo medidor.<\/p>\n<p><strong>Caracter\u00edsticas da s\u00e9rie SVC KRACHT:<\/strong><br \/>\nMedi\u00e7\u00e3o de alta resposta;<br \/>\nMedi\u00e7\u00e3o com a mudan\u00e7a de sentido de fluxo;<br \/>\nPrinc\u00edpio de medi\u00e7\u00e3o de pulsa\u00e7\u00e3o livre;<br \/>\nAlta press\u00e3o de trabalho;<br \/>\nEmiss\u00e3o baixa de ru\u00eddo;<br \/>\nAmpla janela de viscosidade;<br \/>\nMedi\u00e7\u00e3o de alta precis\u00e3o;<br \/>\nSinais de sa\u00edda independentes de temperatura ao longo do uma vasta gama de temperaturas;<br \/>\nAlto grau de precis\u00e3o, mesmo com baixas vaz\u00f5es;<br \/>\nConfiabilidade operacional eletr\u00f4nica;<br \/>\nIndica\u00e7\u00e3o de opera\u00e7\u00e3o eletr\u00f4nica;<br \/>\n\u00c0 prova de explos\u00e3o vers\u00e3o dispon\u00edvel (ATEX).<\/p>\n<p><strong>Como solicitar:<\/strong><\/p>\n<p><img decoding=\"async\" src=\"https:\/\/actbr.com.br\/wp-content\/uploads\/2020\/09\/como-solicitar-svc-kracht.jpg\" alt=\"\" \/><\/p>\n<p>Modelos standard:<br \/>\nSVC 10 A1 G1<br \/>\nSVC 10 A1 F1<br \/>\nSVC 40 A1 G1<br \/>\nSVC 40 A1 F1<br \/>\nSVC 100 A1 G1<br \/>\nSVC 100 A1 F1<br \/>\nSVC 250 A1 G1<br \/>\nSVC 250 A1 F1<\/p>\n","protected":false},"excerpt":{"rendered":"<div>\n<p>Encontre aqui as configura\u00e7\u00f5es dispon\u00edveis para solicitar o Medidor de Fluxo KRACHT \u2013 S\u00e9rie SVC (medidor de vaz\u00e3o tipo parafuso).<\/p>\n<\/div>\n<div class=\"product_meta\"><\/div>\n","protected":false},"featured_media":7607,"template":"","meta":[],"product_brand":[],"product_cat":[63,118],"product_tag":[],"class_list":{"0":"post-3918","1":"product","2":"type-product","3":"status-publish","4":"has-post-thumbnail","6":"product_cat-instrumentacao","7":"product_cat-medidor-de-vazao","9":"first","10":"instock","11":"virtual","12":"product-type-simple"},"yoast_head":"<!-- This site is optimized with the Yoast SEO plugin v27.2 - https:\/\/yoast.com\/product\/yoast-seo-wordpress\/ -->\n<title>Medidor de Fluxo - S\u00e9rie SVC - ACT Sistemas Hidr\u00e1ulicos<\/title>\n<meta name=\"description\" content=\"Encontre aqui as configura\u00e7\u00f5es dispon\u00edveis para solicitar o Medidor de Fluxo KRACHT \u2013 S\u00e9rie SVC (medidor de vaz\u00e3o tipo parafuso).\" \/>\n<meta name=\"robots\" content=\"index, follow, max-snippet:-1, max-image-preview:large, max-video-preview:-1\" \/>\n<link rel=\"canonical\" href=\"https:\/\/actbr.com.br\/en\/produto\/flow-meter-medidores-de-fluxo-serie-svc\/\" \/>\n<meta property=\"og:locale\" content=\"en_US\" \/>\n<meta property=\"og:type\" content=\"article\" \/>\n<meta property=\"og:title\" content=\"Medidor de Fluxo - S\u00e9rie SVC - ACT Sistemas Hidr\u00e1ulicos\" \/>\n<meta property=\"og:description\" content=\"Encontre aqui as configura\u00e7\u00f5es dispon\u00edveis para solicitar o Medidor de Fluxo KRACHT \u2013 S\u00e9rie SVC (medidor de vaz\u00e3o tipo parafuso).\" \/>\n<meta property=\"og:url\" content=\"https:\/\/actbr.com.br\/en\/produto\/flow-meter-medidores-de-fluxo-serie-svc\/\" \/>\n<meta property=\"og:site_name\" content=\"ACT Sistemas Hidr\u00e1ulicos\" \/>\n<meta property=\"article:modified_time\" content=\"2023-07-04T12:26:34+00:00\" \/>\n<meta property=\"og:image\" content=\"https:\/\/actbr.com.br\/wp-content\/uploads\/2020\/09\/Flow-Meter-Medidores-de-fluxo-serie-SVC.jpg\" \/>\n\t<meta property=\"og:image:width\" content=\"600\" \/>\n\t<meta property=\"og:image:height\" content=\"376\" \/>\n\t<meta property=\"og:image:type\" content=\"image\/jpeg\" \/>\n<meta name=\"twitter:card\" content=\"summary_large_image\" \/>\n<meta name=\"twitter:label1\" content=\"Est. reading time\" \/>\n\t<meta name=\"twitter:data1\" content=\"2 minutes\" \/>\n<script type=\"application\/ld+json\" class=\"yoast-schema-graph\">{\"@context\":\"https:\/\/schema.org\",\"@graph\":[{\"@type\":\"WebPage\",\"@id\":\"https:\/\/actbr.com.br\/en\/produto\/flow-meter-medidores-de-fluxo-serie-svc\/\",\"url\":\"https:\/\/actbr.com.br\/en\/produto\/flow-meter-medidores-de-fluxo-serie-svc\/\",\"name\":\"Medidor de Fluxo - S\u00e9rie SVC - ACT Sistemas Hidr\u00e1ulicos\",\"isPartOf\":{\"@id\":\"https:\/\/actbr.com.br\/en\/#website\"},\"primaryImageOfPage\":{\"@id\":\"https:\/\/actbr.com.br\/en\/produto\/flow-meter-medidores-de-fluxo-serie-svc\/#primaryimage\"},\"image\":{\"@id\":\"https:\/\/actbr.com.br\/en\/produto\/flow-meter-medidores-de-fluxo-serie-svc\/#primaryimage\"},\"thumbnailUrl\":\"https:\/\/actbr.com.br\/wp-content\/uploads\/2020\/09\/Flow-Meter-Medidores-de-fluxo-serie-SVC.jpg\",\"datePublished\":\"2020-09-29T15:46:40+00:00\",\"dateModified\":\"2023-07-04T12:26:34+00:00\",\"description\":\"Encontre aqui as configura\u00e7\u00f5es dispon\u00edveis para solicitar o Medidor de Fluxo KRACHT \u2013 S\u00e9rie SVC (medidor de vaz\u00e3o tipo parafuso).\",\"breadcrumb\":{\"@id\":\"https:\/\/actbr.com.br\/en\/produto\/flow-meter-medidores-de-fluxo-serie-svc\/#breadcrumb\"},\"inLanguage\":\"en-US\",\"potentialAction\":[{\"@type\":\"ReadAction\",\"target\":[\"https:\/\/actbr.com.br\/en\/produto\/flow-meter-medidores-de-fluxo-serie-svc\/\"]}]},{\"@type\":\"ImageObject\",\"inLanguage\":\"en-US\",\"@id\":\"https:\/\/actbr.com.br\/en\/produto\/flow-meter-medidores-de-fluxo-serie-svc\/#primaryimage\",\"url\":\"https:\/\/actbr.com.br\/wp-content\/uploads\/2020\/09\/Flow-Meter-Medidores-de-fluxo-serie-SVC.jpg\",\"contentUrl\":\"https:\/\/actbr.com.br\/wp-content\/uploads\/2020\/09\/Flow-Meter-Medidores-de-fluxo-serie-SVC.jpg\",\"width\":600,\"height\":376,\"caption\":\"Flow Meter (Medidores de fluxo) s\u00e9rie SVC\"},{\"@type\":\"BreadcrumbList\",\"@id\":\"https:\/\/actbr.com.br\/en\/produto\/flow-meter-medidores-de-fluxo-serie-svc\/#breadcrumb\",\"itemListElement\":[{\"@type\":\"ListItem\",\"position\":1,\"name\":\"In\u00edcio\",\"item\":\"https:\/\/actbr.com.br\/en\/\"},{\"@type\":\"ListItem\",\"position\":2,\"name\":\"Produtos\",\"item\":\"https:\/\/actbr.com.br\/produtos-act\/\"},{\"@type\":\"ListItem\",\"position\":3,\"name\":\"Instrumenta\u00e7\u00e3o\",\"item\":\"https:\/\/actbr.com.br\/en\/categoria-produto\/instrumentacao\/\"},{\"@type\":\"ListItem\",\"position\":4,\"name\":\"Medidor de vaz\u00e3o\",\"item\":\"https:\/\/actbr.com.br\/en\/categoria-produto\/instrumentacao\/medidor-de-vazao\/\"},{\"@type\":\"ListItem\",\"position\":5,\"name\":\"Medidor de Fluxo &#8211; S\u00e9rie SVC\"}]},{\"@type\":\"WebSite\",\"@id\":\"https:\/\/actbr.com.br\/en\/#website\",\"url\":\"https:\/\/actbr.com.br\/en\/\",\"name\":\"ACT Sistemas Hidr\u00e1ulicos\",\"description\":\"Fabrica\u00e7\u00e3o e manuten\u00e7\u00e3o de componentes \u00f3leo hidr\u00e1ulicos\",\"publisher\":{\"@id\":\"https:\/\/actbr.com.br\/en\/#organization\"},\"potentialAction\":[{\"@type\":\"SearchAction\",\"target\":{\"@type\":\"EntryPoint\",\"urlTemplate\":\"https:\/\/actbr.com.br\/en\/?s={search_term_string}\"},\"query-input\":{\"@type\":\"PropertyValueSpecification\",\"valueRequired\":true,\"valueName\":\"search_term_string\"}}],\"inLanguage\":\"en-US\"},{\"@type\":\"Organization\",\"@id\":\"https:\/\/actbr.com.br\/en\/#organization\",\"name\":\"ACT Sistemas Hidr\u00e1ulicos\",\"url\":\"https:\/\/actbr.com.br\/en\/\",\"logo\":{\"@type\":\"ImageObject\",\"inLanguage\":\"en-US\",\"@id\":\"https:\/\/actbr.com.br\/en\/#\/schema\/logo\/image\/\",\"url\":\"https:\/\/actbr.com.br\/wp-content\/uploads\/2025\/02\/cropped-ACT_NEGATIVO-marca-dagua.png\",\"contentUrl\":\"https:\/\/actbr.com.br\/wp-content\/uploads\/2025\/02\/cropped-ACT_NEGATIVO-marca-dagua.png\",\"width\":240,\"height\":146,\"caption\":\"ACT Sistemas Hidr\u00e1ulicos\"},\"image\":{\"@id\":\"https:\/\/actbr.com.br\/en\/#\/schema\/logo\/image\/\"}}]}<\/script>\n<!-- \/ Yoast SEO plugin. -->","yoast_head_json":{"title":"Medidor de Fluxo - S\u00e9rie SVC - ACT Sistemas Hidr\u00e1ulicos","description":"Encontre aqui as configura\u00e7\u00f5es dispon\u00edveis para solicitar o Medidor de Fluxo KRACHT \u2013 S\u00e9rie SVC (medidor de vaz\u00e3o tipo parafuso).","robots":{"index":"index","follow":"follow","max-snippet":"max-snippet:-1","max-image-preview":"max-image-preview:large","max-video-preview":"max-video-preview:-1"},"canonical":"https:\/\/actbr.com.br\/en\/produto\/flow-meter-medidores-de-fluxo-serie-svc\/","og_locale":"en_US","og_type":"article","og_title":"Medidor de Fluxo - S\u00e9rie SVC - ACT Sistemas Hidr\u00e1ulicos","og_description":"Encontre aqui as configura\u00e7\u00f5es dispon\u00edveis para solicitar o Medidor de Fluxo KRACHT \u2013 S\u00e9rie SVC (medidor de vaz\u00e3o tipo parafuso).","og_url":"https:\/\/actbr.com.br\/en\/produto\/flow-meter-medidores-de-fluxo-serie-svc\/","og_site_name":"ACT Sistemas Hidr\u00e1ulicos","article_modified_time":"2023-07-04T12:26:34+00:00","og_image":[{"width":600,"height":376,"url":"https:\/\/actbr.com.br\/wp-content\/uploads\/2020\/09\/Flow-Meter-Medidores-de-fluxo-serie-SVC.jpg","type":"image\/jpeg"}],"twitter_card":"summary_large_image","twitter_misc":{"Est. reading time":"2 minutes"},"schema":{"@context":"https:\/\/schema.org","@graph":[{"@type":"WebPage","@id":"https:\/\/actbr.com.br\/en\/produto\/flow-meter-medidores-de-fluxo-serie-svc\/","url":"https:\/\/actbr.com.br\/en\/produto\/flow-meter-medidores-de-fluxo-serie-svc\/","name":"Medidor de Fluxo - S\u00e9rie SVC - ACT Sistemas Hidr\u00e1ulicos","isPartOf":{"@id":"https:\/\/actbr.com.br\/en\/#website"},"primaryImageOfPage":{"@id":"https:\/\/actbr.com.br\/en\/produto\/flow-meter-medidores-de-fluxo-serie-svc\/#primaryimage"},"image":{"@id":"https:\/\/actbr.com.br\/en\/produto\/flow-meter-medidores-de-fluxo-serie-svc\/#primaryimage"},"thumbnailUrl":"https:\/\/actbr.com.br\/wp-content\/uploads\/2020\/09\/Flow-Meter-Medidores-de-fluxo-serie-SVC.jpg","datePublished":"2020-09-29T15:46:40+00:00","dateModified":"2023-07-04T12:26:34+00:00","description":"Encontre aqui as configura\u00e7\u00f5es dispon\u00edveis para solicitar o Medidor de Fluxo KRACHT \u2013 S\u00e9rie SVC (medidor de vaz\u00e3o tipo parafuso).","breadcrumb":{"@id":"https:\/\/actbr.com.br\/en\/produto\/flow-meter-medidores-de-fluxo-serie-svc\/#breadcrumb"},"inLanguage":"en-US","potentialAction":[{"@type":"ReadAction","target":["https:\/\/actbr.com.br\/en\/produto\/flow-meter-medidores-de-fluxo-serie-svc\/"]}]},{"@type":"ImageObject","inLanguage":"en-US","@id":"https:\/\/actbr.com.br\/en\/produto\/flow-meter-medidores-de-fluxo-serie-svc\/#primaryimage","url":"https:\/\/actbr.com.br\/wp-content\/uploads\/2020\/09\/Flow-Meter-Medidores-de-fluxo-serie-SVC.jpg","contentUrl":"https:\/\/actbr.com.br\/wp-content\/uploads\/2020\/09\/Flow-Meter-Medidores-de-fluxo-serie-SVC.jpg","width":600,"height":376,"caption":"Flow Meter (Medidores de fluxo) s\u00e9rie SVC"},{"@type":"BreadcrumbList","@id":"https:\/\/actbr.com.br\/en\/produto\/flow-meter-medidores-de-fluxo-serie-svc\/#breadcrumb","itemListElement":[{"@type":"ListItem","position":1,"name":"In\u00edcio","item":"https:\/\/actbr.com.br\/en\/"},{"@type":"ListItem","position":2,"name":"Produtos","item":"https:\/\/actbr.com.br\/produtos-act\/"},{"@type":"ListItem","position":3,"name":"Instrumenta\u00e7\u00e3o","item":"https:\/\/actbr.com.br\/en\/categoria-produto\/instrumentacao\/"},{"@type":"ListItem","position":4,"name":"Medidor de vaz\u00e3o","item":"https:\/\/actbr.com.br\/en\/categoria-produto\/instrumentacao\/medidor-de-vazao\/"},{"@type":"ListItem","position":5,"name":"Medidor de Fluxo &#8211; S\u00e9rie SVC"}]},{"@type":"WebSite","@id":"https:\/\/actbr.com.br\/en\/#website","url":"https:\/\/actbr.com.br\/en\/","name":"ACT Sistemas Hidr\u00e1ulicos","description":"Fabrica\u00e7\u00e3o e manuten\u00e7\u00e3o de componentes \u00f3leo hidr\u00e1ulicos","publisher":{"@id":"https:\/\/actbr.com.br\/en\/#organization"},"potentialAction":[{"@type":"SearchAction","target":{"@type":"EntryPoint","urlTemplate":"https:\/\/actbr.com.br\/en\/?s={search_term_string}"},"query-input":{"@type":"PropertyValueSpecification","valueRequired":true,"valueName":"search_term_string"}}],"inLanguage":"en-US"},{"@type":"Organization","@id":"https:\/\/actbr.com.br\/en\/#organization","name":"ACT Sistemas Hidr\u00e1ulicos","url":"https:\/\/actbr.com.br\/en\/","logo":{"@type":"ImageObject","inLanguage":"en-US","@id":"https:\/\/actbr.com.br\/en\/#\/schema\/logo\/image\/","url":"https:\/\/actbr.com.br\/wp-content\/uploads\/2025\/02\/cropped-ACT_NEGATIVO-marca-dagua.png","contentUrl":"https:\/\/actbr.com.br\/wp-content\/uploads\/2025\/02\/cropped-ACT_NEGATIVO-marca-dagua.png","width":240,"height":146,"caption":"ACT Sistemas Hidr\u00e1ulicos"},"image":{"@id":"https:\/\/actbr.com.br\/en\/#\/schema\/logo\/image\/"}}]}},"_links":{"self":[{"href":"https:\/\/actbr.com.br\/en\/wp-json\/wp\/v2\/product\/3918","targetHints":{"allow":["GET"]}}],"collection":[{"href":"https:\/\/actbr.com.br\/en\/wp-json\/wp\/v2\/product"}],"about":[{"href":"https:\/\/actbr.com.br\/en\/wp-json\/wp\/v2\/types\/product"}],"wp:featuredmedia":[{"embeddable":true,"href":"https:\/\/actbr.com.br\/en\/wp-json\/wp\/v2\/media\/7607"}],"wp:attachment":[{"href":"https:\/\/actbr.com.br\/en\/wp-json\/wp\/v2\/media?parent=3918"}],"wp:term":[{"taxonomy":"product_brand","embeddable":true,"href":"https:\/\/actbr.com.br\/en\/wp-json\/wp\/v2\/product_brand?post=3918"},{"taxonomy":"product_cat","embeddable":true,"href":"https:\/\/actbr.com.br\/en\/wp-json\/wp\/v2\/product_cat?post=3918"},{"taxonomy":"product_tag","embeddable":true,"href":"https:\/\/actbr.com.br\/en\/wp-json\/wp\/v2\/product_tag?post=3918"}],"curies":[{"name":"wp","href":"https:\/\/api.w.org\/{rel}","templated":true}]}}