{"id":3922,"date":"2020-09-29T12:46:40","date_gmt":"2020-09-29T15:46:40","guid":{"rendered":"https:\/\/actbr.com.br\/produto\/medidor-de-vazao-tipo-engrenagens-%c2%96-vca-vcn-vcg-vcl\/"},"modified":"2023-10-31T16:20:29","modified_gmt":"2023-10-31T19:20:29","slug":"medidor-de-vazao-de-engrenagem-vca-vcn-vcg-vcl","status":"publish","type":"product","link":"https:\/\/actbr.com.br\/en\/produto\/medidor-de-vazao-de-engrenagem-vca-vcn-vcg-vcl\/","title":{"rendered":"Medidor de Vaz\u00e3o de Engrenagem VCA \/ VCN \/ VCG \/ VCL"},"content":{"rendered":"<p><strong>Medidor de Vaz\u00e3o Tipo Engrenagem VCA \/ VCN \/ VCG \/ VCL<\/strong><\/p>\n<p>O Medidor de Vaz\u00e3o Tipo Engrenagem, S\u00e9ries VCA \/ VCN \/ VCG \/ VCL, \u00e9 um contador de volume, constitu\u00eddo por duas engrenagens acionadas pelo fluxo de um l\u00edquido, sobre o princ\u00edpio de motor de engrenagens. O sistema de rolamentos proporciona apoio axial e radial para as engrenagens, e seu movimento \u00e9 captado atrav\u00e9s dos sensores localizados na tampa do contador.<\/p>\n<p><strong>Como solicitar:<\/strong><br \/>\n<img decoding=\"async\" src=\"https:\/\/actbr.com.br\/wp-content\/uploads\/2020\/09\/vca-vcn-vcg-kracht.jpg\" alt=\"\" \/><br \/>\nCaracter\u00edsticas dos modelos:<br \/>\n<img decoding=\"async\" src=\"https:\/\/actbr.com.br\/wp-content\/uploads\/2020\/09\/caracteristicas-vca-vcn-vcg-flow-meter-kracht.jpg\" alt=\"\" \/><\/p>\n<p>Configura\u00e7\u00f5es dispon\u00edveis:<\/p>\n<p>VCA 0,04 FF R1 P.0160550001 0,02 &#8211; 4 l\/min \/ 200 bar<br \/>\nVCN 0,04 FF R1 P.0160230001 0,02 &#8211; 4 l\/min \/ 160 bar<br \/>\nVCA 0,1 FE R1 P.0173340001 0,08 &#8211; 10 l\/min \/ 200 bar<br \/>\nVCA 2 FC R1 P.0139110001 1 &#8211; 65 l\/min \/ 160 bar<br \/>\nVCA 2 FC R1\/40 P.0140730001 1 &#8211; 65 l\/min \/ 160 bar<br \/>\nVCA 2 FC R2 P.0182630001 1 &#8211; 65 l\/min \/ 160 bar<br \/>\nVCA 2 FC R2\/40 P.0177540001 1 &#8211; 65 l\/min \/ 160 bar<br \/>\nVCA 2 FB R1 P.0159220001 1 &#8211; 65 l\/min \/ 160 bar<br \/>\nVCA 2 EB R1 P.0159220002 1 &#8211; 65 l\/min \/ 160 bar<br \/>\nVCA 2 FC P1 P.0165330001 1 &#8211; 65 l\/min \/ 160 bar<br \/>\nVCA 2 FB P1 P.0162110001 1 &#8211; 65 l\/min \/ 160 bar<br \/>\nVCG 2 FC P2 P.0185520001 1 &#8211; 65 l\/min \/ 315 bar<br \/>\nVCA 5 FE R1\/176 P.0198810001 1 &#8211; 200 l\/min \/ 80 bar<br \/>\nVCL 0,1 PB RS P.0138570003 0,05 &#8211; 2 l\/min \/ 70 bar<br \/>\nVCL 0,1 PB RS\/125 P.0158800003 0,05 &#8211; 4 l\/min \/ 400 bar<br \/>\nVCA 0,2 FB R1 P.0165080001 0,25 &#8211; 10 l\/min \/ 160 bar<br \/>\nVCA 0,2 EB R1 P.0165080002 0,25 &#8211; 10 l\/min \/ 160 bar<br \/>\nVCN 0,2 FB R1 P.0140630001 0,25 &#8211; 10 l\/min \/ 160 bar<\/p>\n","protected":false},"excerpt":{"rendered":"<p>Encontre aqui as configura\u00e7\u00f5es dispon\u00edveis para solicitar o Medidor de Vaz\u00e3o Tipo Engrenagem, S\u00e9ries VCA \/ VCN \/ VCG \/ VCL.<\/p>\n<div class=\"product_meta\"><\/div>\n","protected":false},"featured_media":7609,"template":"","meta":[],"product_brand":[],"product_cat":[63,118],"product_tag":[],"class_list":{"0":"post-3922","1":"product","2":"type-product","3":"status-publish","4":"has-post-thumbnail","6":"product_cat-instrumentacao","7":"product_cat-medidor-de-vazao","9":"first","10":"instock","11":"virtual","12":"product-type-simple"},"yoast_head":"<!-- This site is optimized with the Yoast SEO plugin v27.2 - https:\/\/yoast.com\/product\/yoast-seo-wordpress\/ -->\n<title>Medidor de Vaz\u00e3o de Engrenagem VCA \/ VCN \/ VCG \/ VCL - ACT Sistemas Hidr\u00e1ulicos<\/title>\n<meta name=\"description\" content=\"Encontre aqui as configura\u00e7\u00f5es dispon\u00edveis para solicitar o Medidor de Vaz\u00e3o Tipo Engrenagem, S\u00e9ries VCA \/ VCN \/ VCG \/ VCL.\" \/>\n<meta name=\"robots\" content=\"index, follow, max-snippet:-1, max-image-preview:large, max-video-preview:-1\" \/>\n<link rel=\"canonical\" href=\"https:\/\/actbr.com.br\/en\/produto\/medidor-de-vazao-de-engrenagem-vca-vcn-vcg-vcl\/\" \/>\n<meta property=\"og:locale\" content=\"en_US\" \/>\n<meta property=\"og:type\" content=\"article\" \/>\n<meta property=\"og:title\" content=\"Medidor de Vaz\u00e3o de Engrenagem VCA \/ VCN \/ VCG \/ VCL - ACT Sistemas Hidr\u00e1ulicos\" \/>\n<meta property=\"og:description\" content=\"Encontre aqui as configura\u00e7\u00f5es dispon\u00edveis para solicitar o Medidor de Vaz\u00e3o Tipo Engrenagem, S\u00e9ries VCA \/ VCN \/ VCG \/ VCL.\" \/>\n<meta property=\"og:url\" content=\"https:\/\/actbr.com.br\/en\/produto\/medidor-de-vazao-de-engrenagem-vca-vcn-vcg-vcl\/\" \/>\n<meta property=\"og:site_name\" content=\"ACT Sistemas Hidr\u00e1ulicos\" \/>\n<meta property=\"article:modified_time\" content=\"2023-10-31T19:20:29+00:00\" \/>\n<meta property=\"og:image\" content=\"https:\/\/actbr.com.br\/wp-content\/uploads\/2020\/09\/Medidor-de-vazao-tipo-engrenagem-VCA-VCN-VCG-VCL.jpg\" \/>\n\t<meta property=\"og:image:width\" content=\"600\" \/>\n\t<meta property=\"og:image:height\" content=\"613\" \/>\n\t<meta property=\"og:image:type\" content=\"image\/jpeg\" \/>\n<meta name=\"twitter:card\" content=\"summary_large_image\" \/>\n<meta name=\"twitter:label1\" content=\"Est. reading time\" \/>\n\t<meta name=\"twitter:data1\" content=\"2 minutes\" \/>\n<script type=\"application\/ld+json\" class=\"yoast-schema-graph\">{\"@context\":\"https:\/\/schema.org\",\"@graph\":[{\"@type\":\"WebPage\",\"@id\":\"https:\/\/actbr.com.br\/en\/produto\/medidor-de-vazao-de-engrenagem-vca-vcn-vcg-vcl\/\",\"url\":\"https:\/\/actbr.com.br\/en\/produto\/medidor-de-vazao-de-engrenagem-vca-vcn-vcg-vcl\/\",\"name\":\"Medidor de Vaz\u00e3o de Engrenagem VCA \/ VCN \/ VCG \/ VCL - ACT Sistemas Hidr\u00e1ulicos\",\"isPartOf\":{\"@id\":\"https:\/\/actbr.com.br\/en\/#website\"},\"primaryImageOfPage\":{\"@id\":\"https:\/\/actbr.com.br\/en\/produto\/medidor-de-vazao-de-engrenagem-vca-vcn-vcg-vcl\/#primaryimage\"},\"image\":{\"@id\":\"https:\/\/actbr.com.br\/en\/produto\/medidor-de-vazao-de-engrenagem-vca-vcn-vcg-vcl\/#primaryimage\"},\"thumbnailUrl\":\"https:\/\/actbr.com.br\/wp-content\/uploads\/2020\/09\/Medidor-de-vazao-tipo-engrenagem-VCA-VCN-VCG-VCL.jpg\",\"datePublished\":\"2020-09-29T15:46:40+00:00\",\"dateModified\":\"2023-10-31T19:20:29+00:00\",\"description\":\"Encontre aqui as configura\u00e7\u00f5es dispon\u00edveis para solicitar o Medidor de Vaz\u00e3o Tipo Engrenagem, S\u00e9ries VCA \/ VCN \/ VCG \/ VCL.\",\"breadcrumb\":{\"@id\":\"https:\/\/actbr.com.br\/en\/produto\/medidor-de-vazao-de-engrenagem-vca-vcn-vcg-vcl\/#breadcrumb\"},\"inLanguage\":\"en-US\",\"potentialAction\":[{\"@type\":\"ReadAction\",\"target\":[\"https:\/\/actbr.com.br\/en\/produto\/medidor-de-vazao-de-engrenagem-vca-vcn-vcg-vcl\/\"]}]},{\"@type\":\"ImageObject\",\"inLanguage\":\"en-US\",\"@id\":\"https:\/\/actbr.com.br\/en\/produto\/medidor-de-vazao-de-engrenagem-vca-vcn-vcg-vcl\/#primaryimage\",\"url\":\"https:\/\/actbr.com.br\/wp-content\/uploads\/2020\/09\/Medidor-de-vazao-tipo-engrenagem-VCA-VCN-VCG-VCL.jpg\",\"contentUrl\":\"https:\/\/actbr.com.br\/wp-content\/uploads\/2020\/09\/Medidor-de-vazao-tipo-engrenagem-VCA-VCN-VCG-VCL.jpg\",\"width\":600,\"height\":613,\"caption\":\"Medidor de Vaz\u00e3o Tipo Engrenagem VCA \/ VCN \/ VCG \/ VCL\"},{\"@type\":\"BreadcrumbList\",\"@id\":\"https:\/\/actbr.com.br\/en\/produto\/medidor-de-vazao-de-engrenagem-vca-vcn-vcg-vcl\/#breadcrumb\",\"itemListElement\":[{\"@type\":\"ListItem\",\"position\":1,\"name\":\"In\u00edcio\",\"item\":\"https:\/\/actbr.com.br\/en\/\"},{\"@type\":\"ListItem\",\"position\":2,\"name\":\"Produtos\",\"item\":\"https:\/\/actbr.com.br\/produtos-act\/\"},{\"@type\":\"ListItem\",\"position\":3,\"name\":\"Instrumenta\u00e7\u00e3o\",\"item\":\"https:\/\/actbr.com.br\/en\/categoria-produto\/instrumentacao\/\"},{\"@type\":\"ListItem\",\"position\":4,\"name\":\"Medidor de vaz\u00e3o\",\"item\":\"https:\/\/actbr.com.br\/en\/categoria-produto\/instrumentacao\/medidor-de-vazao\/\"},{\"@type\":\"ListItem\",\"position\":5,\"name\":\"Medidor de Vaz\u00e3o de Engrenagem VCA \/ VCN \/ VCG \/ VCL\"}]},{\"@type\":\"WebSite\",\"@id\":\"https:\/\/actbr.com.br\/en\/#website\",\"url\":\"https:\/\/actbr.com.br\/en\/\",\"name\":\"ACT Sistemas Hidr\u00e1ulicos\",\"description\":\"Fabrica\u00e7\u00e3o e manuten\u00e7\u00e3o de componentes \u00f3leo hidr\u00e1ulicos\",\"publisher\":{\"@id\":\"https:\/\/actbr.com.br\/en\/#organization\"},\"potentialAction\":[{\"@type\":\"SearchAction\",\"target\":{\"@type\":\"EntryPoint\",\"urlTemplate\":\"https:\/\/actbr.com.br\/en\/?s={search_term_string}\"},\"query-input\":{\"@type\":\"PropertyValueSpecification\",\"valueRequired\":true,\"valueName\":\"search_term_string\"}}],\"inLanguage\":\"en-US\"},{\"@type\":\"Organization\",\"@id\":\"https:\/\/actbr.com.br\/en\/#organization\",\"name\":\"ACT Sistemas Hidr\u00e1ulicos\",\"url\":\"https:\/\/actbr.com.br\/en\/\",\"logo\":{\"@type\":\"ImageObject\",\"inLanguage\":\"en-US\",\"@id\":\"https:\/\/actbr.com.br\/en\/#\/schema\/logo\/image\/\",\"url\":\"https:\/\/actbr.com.br\/wp-content\/uploads\/2025\/02\/cropped-ACT_NEGATIVO-marca-dagua.png\",\"contentUrl\":\"https:\/\/actbr.com.br\/wp-content\/uploads\/2025\/02\/cropped-ACT_NEGATIVO-marca-dagua.png\",\"width\":240,\"height\":146,\"caption\":\"ACT Sistemas Hidr\u00e1ulicos\"},\"image\":{\"@id\":\"https:\/\/actbr.com.br\/en\/#\/schema\/logo\/image\/\"}}]}<\/script>\n<!-- \/ Yoast SEO plugin. -->","yoast_head_json":{"title":"Medidor de Vaz\u00e3o de Engrenagem VCA \/ VCN \/ VCG \/ VCL - ACT Sistemas Hidr\u00e1ulicos","description":"Encontre aqui as configura\u00e7\u00f5es dispon\u00edveis para solicitar o Medidor de Vaz\u00e3o Tipo Engrenagem, S\u00e9ries VCA \/ VCN \/ VCG \/ VCL.","robots":{"index":"index","follow":"follow","max-snippet":"max-snippet:-1","max-image-preview":"max-image-preview:large","max-video-preview":"max-video-preview:-1"},"canonical":"https:\/\/actbr.com.br\/en\/produto\/medidor-de-vazao-de-engrenagem-vca-vcn-vcg-vcl\/","og_locale":"en_US","og_type":"article","og_title":"Medidor de Vaz\u00e3o de Engrenagem VCA \/ VCN \/ VCG \/ VCL - ACT Sistemas Hidr\u00e1ulicos","og_description":"Encontre aqui as configura\u00e7\u00f5es dispon\u00edveis para solicitar o Medidor de Vaz\u00e3o Tipo Engrenagem, S\u00e9ries VCA \/ VCN \/ VCG \/ VCL.","og_url":"https:\/\/actbr.com.br\/en\/produto\/medidor-de-vazao-de-engrenagem-vca-vcn-vcg-vcl\/","og_site_name":"ACT Sistemas Hidr\u00e1ulicos","article_modified_time":"2023-10-31T19:20:29+00:00","og_image":[{"width":600,"height":613,"url":"https:\/\/actbr.com.br\/wp-content\/uploads\/2020\/09\/Medidor-de-vazao-tipo-engrenagem-VCA-VCN-VCG-VCL.jpg","type":"image\/jpeg"}],"twitter_card":"summary_large_image","twitter_misc":{"Est. reading time":"2 minutes"},"schema":{"@context":"https:\/\/schema.org","@graph":[{"@type":"WebPage","@id":"https:\/\/actbr.com.br\/en\/produto\/medidor-de-vazao-de-engrenagem-vca-vcn-vcg-vcl\/","url":"https:\/\/actbr.com.br\/en\/produto\/medidor-de-vazao-de-engrenagem-vca-vcn-vcg-vcl\/","name":"Medidor de Vaz\u00e3o de Engrenagem VCA \/ VCN \/ VCG \/ VCL - ACT Sistemas Hidr\u00e1ulicos","isPartOf":{"@id":"https:\/\/actbr.com.br\/en\/#website"},"primaryImageOfPage":{"@id":"https:\/\/actbr.com.br\/en\/produto\/medidor-de-vazao-de-engrenagem-vca-vcn-vcg-vcl\/#primaryimage"},"image":{"@id":"https:\/\/actbr.com.br\/en\/produto\/medidor-de-vazao-de-engrenagem-vca-vcn-vcg-vcl\/#primaryimage"},"thumbnailUrl":"https:\/\/actbr.com.br\/wp-content\/uploads\/2020\/09\/Medidor-de-vazao-tipo-engrenagem-VCA-VCN-VCG-VCL.jpg","datePublished":"2020-09-29T15:46:40+00:00","dateModified":"2023-10-31T19:20:29+00:00","description":"Encontre aqui as configura\u00e7\u00f5es dispon\u00edveis para solicitar o Medidor de Vaz\u00e3o Tipo Engrenagem, S\u00e9ries VCA \/ VCN \/ VCG \/ VCL.","breadcrumb":{"@id":"https:\/\/actbr.com.br\/en\/produto\/medidor-de-vazao-de-engrenagem-vca-vcn-vcg-vcl\/#breadcrumb"},"inLanguage":"en-US","potentialAction":[{"@type":"ReadAction","target":["https:\/\/actbr.com.br\/en\/produto\/medidor-de-vazao-de-engrenagem-vca-vcn-vcg-vcl\/"]}]},{"@type":"ImageObject","inLanguage":"en-US","@id":"https:\/\/actbr.com.br\/en\/produto\/medidor-de-vazao-de-engrenagem-vca-vcn-vcg-vcl\/#primaryimage","url":"https:\/\/actbr.com.br\/wp-content\/uploads\/2020\/09\/Medidor-de-vazao-tipo-engrenagem-VCA-VCN-VCG-VCL.jpg","contentUrl":"https:\/\/actbr.com.br\/wp-content\/uploads\/2020\/09\/Medidor-de-vazao-tipo-engrenagem-VCA-VCN-VCG-VCL.jpg","width":600,"height":613,"caption":"Medidor de Vaz\u00e3o Tipo Engrenagem VCA \/ VCN \/ VCG \/ VCL"},{"@type":"BreadcrumbList","@id":"https:\/\/actbr.com.br\/en\/produto\/medidor-de-vazao-de-engrenagem-vca-vcn-vcg-vcl\/#breadcrumb","itemListElement":[{"@type":"ListItem","position":1,"name":"In\u00edcio","item":"https:\/\/actbr.com.br\/en\/"},{"@type":"ListItem","position":2,"name":"Produtos","item":"https:\/\/actbr.com.br\/produtos-act\/"},{"@type":"ListItem","position":3,"name":"Instrumenta\u00e7\u00e3o","item":"https:\/\/actbr.com.br\/en\/categoria-produto\/instrumentacao\/"},{"@type":"ListItem","position":4,"name":"Medidor de vaz\u00e3o","item":"https:\/\/actbr.com.br\/en\/categoria-produto\/instrumentacao\/medidor-de-vazao\/"},{"@type":"ListItem","position":5,"name":"Medidor de Vaz\u00e3o de Engrenagem VCA \/ VCN \/ VCG \/ VCL"}]},{"@type":"WebSite","@id":"https:\/\/actbr.com.br\/en\/#website","url":"https:\/\/actbr.com.br\/en\/","name":"ACT Sistemas Hidr\u00e1ulicos","description":"Fabrica\u00e7\u00e3o e manuten\u00e7\u00e3o de componentes \u00f3leo hidr\u00e1ulicos","publisher":{"@id":"https:\/\/actbr.com.br\/en\/#organization"},"potentialAction":[{"@type":"SearchAction","target":{"@type":"EntryPoint","urlTemplate":"https:\/\/actbr.com.br\/en\/?s={search_term_string}"},"query-input":{"@type":"PropertyValueSpecification","valueRequired":true,"valueName":"search_term_string"}}],"inLanguage":"en-US"},{"@type":"Organization","@id":"https:\/\/actbr.com.br\/en\/#organization","name":"ACT Sistemas Hidr\u00e1ulicos","url":"https:\/\/actbr.com.br\/en\/","logo":{"@type":"ImageObject","inLanguage":"en-US","@id":"https:\/\/actbr.com.br\/en\/#\/schema\/logo\/image\/","url":"https:\/\/actbr.com.br\/wp-content\/uploads\/2025\/02\/cropped-ACT_NEGATIVO-marca-dagua.png","contentUrl":"https:\/\/actbr.com.br\/wp-content\/uploads\/2025\/02\/cropped-ACT_NEGATIVO-marca-dagua.png","width":240,"height":146,"caption":"ACT Sistemas Hidr\u00e1ulicos"},"image":{"@id":"https:\/\/actbr.com.br\/en\/#\/schema\/logo\/image\/"}}]}},"_links":{"self":[{"href":"https:\/\/actbr.com.br\/en\/wp-json\/wp\/v2\/product\/3922","targetHints":{"allow":["GET"]}}],"collection":[{"href":"https:\/\/actbr.com.br\/en\/wp-json\/wp\/v2\/product"}],"about":[{"href":"https:\/\/actbr.com.br\/en\/wp-json\/wp\/v2\/types\/product"}],"wp:featuredmedia":[{"embeddable":true,"href":"https:\/\/actbr.com.br\/en\/wp-json\/wp\/v2\/media\/7609"}],"wp:attachment":[{"href":"https:\/\/actbr.com.br\/en\/wp-json\/wp\/v2\/media?parent=3922"}],"wp:term":[{"taxonomy":"product_brand","embeddable":true,"href":"https:\/\/actbr.com.br\/en\/wp-json\/wp\/v2\/product_brand?post=3922"},{"taxonomy":"product_cat","embeddable":true,"href":"https:\/\/actbr.com.br\/en\/wp-json\/wp\/v2\/product_cat?post=3922"},{"taxonomy":"product_tag","embeddable":true,"href":"https:\/\/actbr.com.br\/en\/wp-json\/wp\/v2\/product_tag?post=3922"}],"curies":[{"name":"wp","href":"https:\/\/api.w.org\/{rel}","templated":true}]}}